{"id":13034,"date":"2020-07-23T16:08:42","date_gmt":"2020-07-23T16:08:42","guid":{"rendered":"http:\/\/www.criteo.com\/br\/?page_id=13034"},"modified":"2022-12-01T19:01:06","modified_gmt":"2022-12-01T19:01:06","slug":"disable-criteo-services-on-mobile-applications","status":"publish","type":"page","link":"https:\/\/www.criteo.com\/br\/privacy\/disable-criteo-services-on-mobile-applications\/","title":{"rendered":"Desativar servi\u00e7os da Criteo em apps mobile"},"content":{"rendered":"<p>As informa\u00e7\u00f5es a seguir explicam como desativar os servi\u00e7os da Criteo em apps mobile. Clique <a href=\"https:\/\/www.criteo.com\/privacy\/disable-criteo-services-on-internet-browsers\/\" target=\"_blank\" rel=\"noopener noreferrer\">aqui<\/a> para saber como desativar os servi\u00e7os da Criteo em navegadores da internet.<\/p>\n<p>Para retirar seu consentimento para os servi\u00e7os da Criteo, basta configurar seu dispositivo da seguinte forma:<\/p>\n<ul>\n<li>Para Android (vers\u00e3o 2.3 e superior)<\/li>\n<\/ul>\n<p style=\"padding-left: 40px;\">Redefina o C\u00f3digo de Publicidade do seu dispositivo: para fazer isso, v\u00e1 para a se\u00e7\u00e3o \u201cConfigurar\u201d &gt; \u201cGoogle\u201d &gt; \u201cAn\u00fancios\u201d, clique em \u201cRedefinir c\u00f3digo de publicidade\u201d e confirme sua escolha.<br \/>\nAtive a op\u00e7\u00e3o \u201cDesativar personaliza\u00e7\u00e3o de an\u00fancios\u201d: para fazer isso, v\u00e1 para a se\u00e7\u00e3o \u201cConfigurar\u201d &gt; \u201cGoogle\u201d &gt; \u201cAn\u00fancios\u201d e ative a op\u00e7\u00e3o \u201cDesativar personaliza\u00e7\u00e3o de an\u00fancios\u201d.<\/p>\n<p style=\"padding-left: 80px;\"><div class=\"lightbulb\">\n        <div class=\"content p-3 \">Se necess\u00e1rio, consulte as instru\u00e7\u00f5es fornecidas pelo Google aqui:\u00a0<a href=\"https:\/\/support.google.com\/googleplay\/answer\/3405269?hl=pt-br\" target=\"_blank\" rel=\"noopener noreferrer\">Ajuda do Google Play<\/a>.<\/div>\n    <\/div><\/p>\n<ul>\n<li>Para iOS (vers\u00e3o 6 e superior)<\/li>\n<\/ul>\n<p style=\"padding-left: 40px;\">Ative a op\u00e7\u00e3o \u201cLimitar publicidade rastreada\u201d: para fazer isso, v\u00e1 para \u201cAjustes\u201d e depois para a se\u00e7\u00e3o \u201cPrivacidade\u201d &gt; \u201cPublicidade\u201d e ative a op\u00e7\u00e3o \u201cLimitar publicidade rastreada\u201d.<\/p>\n<p style=\"padding-left: 80px;\"><div class=\"lightbulb\">\n        <div class=\"content p-3 \">Se necess\u00e1rio, consulte as instru\u00e7\u00f5es fornecidas pela Apple aqui:\u00a0<a href=\"https:\/\/support.apple.com\/pt-br\/HT202074\" target=\"_blank\" rel=\"noopener noreferrer\">Suporte da Apple<\/a>.<\/div>\n    <\/div><\/p>\n<p>&nbsp;<\/p>\n<h4>O que mudar\u00e1?<\/h4>\n<p>Essa configura\u00e7\u00e3o do seu dispositivo resultar\u00e1:<\/p>\n<ul>\n<li>Na exclus\u00e3o do identificador que nos permite:\n<ul>\n<li>reconhecer seu navegador ou dispositivo;<\/li>\n<li>e vincular a voc\u00ea os dados que temos \u00e0 nossa disposi\u00e7\u00e3o.<\/li>\n<\/ul>\n<\/li>\n<li>O t\u00e9rmino da coleta de seus dados pessoais para atividades de processamento com base no seu consentimento.<\/li>\n<li>O t\u00e9rmino da exibi\u00e7\u00e3o de an\u00fancios da Criteo, com base em seu consentimento, quando voc\u00ea estiver usando aplicativos instalados no dispositivo que estiver usando.<\/li>\n<\/ul>\n<p>Observe que a Criteo pode continuar processando seus dados pessoais coletados antes de voc\u00ea desativar os servi\u00e7os da Criteo com base no leg\u00edtimo interesse da Criteo.<\/p>\n<p>Para saber mais sobre os dados pessoais processados pela Criteo, acesse \u201c<a href=\"https:\/\/www.criteo.com\/br\/privacy\/how-we-use-your-data\/\">Como usamos seus dados<\/a>\u201d. Para exercer seus outros direitos, acesse \u201c<a href=\"https:\/\/www.criteo.com\/br\/privacy\/your-rights\/\">Quero entender meus direitos<\/a>\u201d.<\/p>\n<p>Para estender sua escolha a navegadores instalados neste ou em outros dispositivos, \u00e9 s\u00f3 repetir a opera\u00e7\u00e3o em cada um deles. Para facilitar essa opera\u00e7\u00e3o, voc\u00ea pode:<\/p>\n<ul>\n<li>Copiar a seguinte URL e col\u00e1-la em um navegador para estender sua escolha a ele: <a href=\"https:\/\/www.criteo.com\/br\/privacy\/disable-criteo-services-on-internet-browsers\/\">https:\/\/www.criteo.com\/br\/privacy\/disable-criteo-services-on-internet-browsers\/<\/a><\/li>\n<li>Ou escanear o c\u00f3digo QR a seguir com seu dispositivo e abrir o link ao qual ele se refere com um navegador para estender sua escolha a ele:<br \/>\n<img decoding=\"async\" style=\"max-width:90%;\" src=\"https:\/\/quickchart.io\/chart?cht=qr&chs=300x300&chl=https:\/\/www.criteo.com\/br\/privacy\/disable-criteo-services-on-internet-browsers\/\"><\/li>\n<\/ul>\n<p>&nbsp;<\/p>\n<h4>Quando essa altera\u00e7\u00e3o entrar\u00e1 em vigor?<\/h4>\n<p>A Criteo deixar\u00e1 de exibir an\u00fancios o mais r\u00e1pido poss\u00edvel, no mais tardar, ap\u00f3s um per\u00edodo m\u00e1ximo de 24 horas.<\/p>\n<p>Observe que sua solicita\u00e7\u00e3o pode levar at\u00e9 cinco semanas para ser processada no Facebook, pois trata-se de um ambiente separado sobre o qual n\u00e3o temos controle. Se voc\u00ea quiser que a Criteo pare de exibir imediatamente nossos an\u00fancios na sua conta do Facebook, modifique as configura\u00e7\u00f5es clicando aqui:\u00a0<a href=\"https:\/\/www.facebook.com\/settings\/?tab=ads\" target=\"_blank\" rel=\"noopener noreferrer\">Configura\u00e7\u00f5es do Facebook<\/a>.<\/p>\n<p>&nbsp;<\/p>\n<h4>A altera\u00e7\u00e3o \u00e9 permanente?<\/h4>\n<p>Se voc\u00ea modificar as configura\u00e7\u00f5es ou atualizar o sistema operacional do seu dispositivo, talvez voc\u00ea n\u00e3o consiga mais lembrar da sua escolha.\u00a0Nesse caso, basta repetir a opera\u00e7\u00e3o.<\/p>\n<p>Observe que alguns apps mobile podem usar ou depender de um recurso t\u00e9cnico chamado \u201cwebview\u201d, que permite aos desenvolvedores de aplicativos exibir aplicativos web ou p\u00e1ginas da web diretamente no app deles, sem sair do app, para abrir o seu navegador habitual. Um webview pode ser independente tanto do seu navegador habitual quanto do ambiente do app mobile. Portanto, recomendamos retirar o consentimento tamb\u00e9m para este ambiente espec\u00edfico se voc\u00ea n\u00e3o quiser receber an\u00fancios da Criteo.<\/p>\n","protected":false},"excerpt":{"rendered":"<p>As informa\u00e7\u00f5es a seguir explicam como desativar os servi\u00e7os da Criteo em apps mobile. Clique aqui para saber como desativar os servi\u00e7os da Criteo em navegadores da internet. Para retirar seu consentimento para os servi\u00e7os da Criteo, basta configurar seu dispositivo da seguinte forma: Para Android (vers\u00e3o 2.3 e superior) Redefina o C\u00f3digo de Publicidade [&hellip;]<\/p>\n","protected":false},"author":9,"featured_media":0,"parent":13020,"menu_order":0,"comment_status":"closed","ping_status":"closed","template":"page-templates\/basic.php","meta":{"_acf_changed":false,"footnotes":""},"coauthors":[],"class_list":["post-13034","page","type-page","status-publish"],"acf":{"layout_mode":"privacy-2019","has_more_content":false,"storetail_optout":false,"stae_popup_enable":false,"track_page_in_segment":false,"segment_page_name":"","additional_code":"","toc_order":"2","bevel":"peach-grapes","bevel_reversed":false,"side_text":""},"yoast_head":"<!-- This site is optimized with the Yoast SEO plugin v26.4 - https:\/\/yoast.com\/wordpress\/plugins\/seo\/ -->\n<title>Desativar servi\u00e7os da Criteo em apps mobile | BR - Criteo.com<\/title>\n<meta name=\"description\" content=\"As informa\u00e7\u00f5es a seguir explicam como desativar os servi\u00e7os da Criteo em apps mobile.\" \/>\n<meta name=\"robots\" content=\"index, follow, max-snippet:-1, max-image-preview:large, max-video-preview:-1\" \/>\n<link rel=\"canonical\" href=\"https:\/\/www.criteo.com\/br\/privacy\/disable-criteo-services-on-mobile-applications\/\" \/>\n<meta property=\"og:locale\" content=\"pt_PT\" \/>\n<meta property=\"og:type\" content=\"article\" \/>\n<meta property=\"og:title\" content=\"Desativar servi\u00e7os da Criteo em apps mobile | BR - Criteo.com\" \/>\n<meta property=\"og:description\" content=\"As informa\u00e7\u00f5es a seguir explicam como desativar os servi\u00e7os da Criteo em apps mobile.\" \/>\n<meta property=\"og:url\" content=\"https:\/\/www.criteo.com\/br\/privacy\/disable-criteo-services-on-mobile-applications\/\" \/>\n<meta property=\"og:site_name\" content=\"BR - Criteo.com\" \/>\n<meta property=\"article:modified_time\" content=\"2022-12-01T19:01:06+00:00\" \/>\n<meta name=\"twitter:card\" content=\"summary_large_image\" \/>\n<meta name=\"twitter:label1\" content=\"Est. reading time\" \/>\n\t<meta name=\"twitter:data1\" content=\"3 minutes\" \/>\n<script type=\"application\/ld+json\" class=\"yoast-schema-graph\">{\n\t    \"@context\": \"https:\/\/schema.org\",\n\t    \"@graph\": [\n\t        {\n\t            \"@type\": \"WebPage\",\n\t            \"@id\": \"https:\/\/www.criteo.com\/br\/privacy\/disable-criteo-services-on-mobile-applications\/\",\n\t            \"url\": \"https:\/\/www.criteo.com\/br\/privacy\/disable-criteo-services-on-mobile-applications\/\",\n\t            \"name\": \"Desativar servi\u00e7os da Criteo em apps mobile | BR - Criteo.com\",\n\t            \"isPartOf\": {\n\t                \"@id\": \"https:\/\/www.criteo.com\/br\/#website\"\n\t            },\n\t            \"datePublished\": \"2020-07-23T16:08:42+00:00\",\n\t            \"dateModified\": \"2022-12-01T19:01:06+00:00\",\n\t            \"description\": \"As informa\u00e7\u00f5es a seguir explicam como desativar os servi\u00e7os da Criteo em apps mobile.\",\n\t            \"breadcrumb\": {\n\t                \"@id\": \"https:\/\/www.criteo.com\/br\/privacy\/disable-criteo-services-on-mobile-applications\/#breadcrumb\"\n\t            },\n\t            \"inLanguage\": \"pt-PT\",\n\t            \"potentialAction\": [\n\t                {\n\t                    \"@type\": \"ReadAction\",\n\t                    \"target\": [\n\t                        \"https:\/\/www.criteo.com\/br\/privacy\/disable-criteo-services-on-mobile-applications\/\"\n\t                    ]\n\t                }\n\t            ]\n\t        },\n\t        {\n\t            \"@type\": \"BreadcrumbList\",\n\t            \"@id\": \"https:\/\/www.criteo.com\/br\/privacy\/disable-criteo-services-on-mobile-applications\/#breadcrumb\",\n\t            \"itemListElement\": [\n\t                {\n\t                    \"@type\": \"ListItem\",\n\t                    \"position\": 1,\n\t                    \"name\": \"Home\",\n\t                    \"item\": \"https:\/\/www.criteo.com\/br\/\"\n\t                },\n\t                {\n\t                    \"@type\": \"ListItem\",\n\t                    \"position\": 2,\n\t                    \"name\": \"Pol\u00edtica de Privacidade\",\n\t                    \"item\": \"https:\/\/www.criteo.com\/br\/privacy\/\"\n\t                },\n\t                {\n\t                    \"@type\": \"ListItem\",\n\t                    \"position\": 3,\n\t                    \"name\": \"Desativar servi\u00e7os da Criteo em apps mobile\"\n\t                }\n\t            ]\n\t        },\n\t        {\n\t            \"@type\": \"WebSite\",\n\t            \"@id\": \"https:\/\/www.criteo.com\/br\/#website\",\n\t            \"url\": \"https:\/\/www.criteo.com\/br\/\",\n\t            \"name\": \"BR - Criteo.com\",\n\t            \"description\": \"\",\n\t            \"publisher\": {\n\t                \"@id\": \"https:\/\/www.criteo.com\/br\/#organization\"\n\t            },\n\t            \"potentialAction\": [\n\t                {\n\t                    \"@type\": \"SearchAction\",\n\t                    \"target\": {\n\t                        \"@type\": \"EntryPoint\",\n\t                        \"urlTemplate\": \"https:\/\/www.criteo.com\/br\/?s={search_term_string}\"\n\t                    },\n\t                    \"query-input\": {\n\t                        \"@type\": \"PropertyValueSpecification\",\n\t                        \"valueRequired\": true,\n\t                        \"valueName\": \"search_term_string\"\n\t                    }\n\t                }\n\t            ],\n\t            \"inLanguage\": \"pt-PT\"\n\t        },\n\t        {\n\t            \"@type\": \"Organization\",\n\t            \"@id\": \"https:\/\/www.criteo.com\/br\/#organization\",\n\t            \"name\": \"Criteo\",\n\t            \"alternateName\": \"Criteo corp\",\n\t            \"url\": \"https:\/\/www.criteo.com\/br\/\",\n\t            \"logo\": {\n\t                \"@type\": \"ImageObject\",\n\t                \"inLanguage\": \"pt-PT\",\n\t                \"@id\": \"https:\/\/www.criteo.com\/br\/#\/schema\/logo\/image\/\",\n\t                \"url\": \"https:\/\/www.criteo.com\/br\/wp-content\/uploads\/sites\/5\/2024\/02\/Criteo-Logo.svg\",\n\t                \"contentUrl\": \"https:\/\/www.criteo.com\/br\/wp-content\/uploads\/sites\/5\/2024\/02\/Criteo-Logo.svg\",\n\t                \"width\": 118,\n\t                \"height\": 24,\n\t                \"caption\": \"Criteo\"\n\t            },\n\t            \"image\": {\n\t                \"@id\": \"https:\/\/www.criteo.com\/br\/#\/schema\/logo\/image\/\"\n\t            }\n\t        }\n\t    ]\n\t}<\/script>\n<!-- \/ Yoast SEO plugin. -->","yoast_head_json":{"title":"Desativar servi\u00e7os da Criteo em apps mobile | BR - Criteo.com","description":"As informa\u00e7\u00f5es a seguir explicam como desativar os servi\u00e7os da Criteo em apps mobile.","robots":{"index":"index","follow":"follow","max-snippet":"max-snippet:-1","max-image-preview":"max-image-preview:large","max-video-preview":"max-video-preview:-1"},"canonical":"https:\/\/www.criteo.com\/br\/privacy\/disable-criteo-services-on-mobile-applications\/","og_locale":"pt_PT","og_type":"article","og_title":"Desativar servi\u00e7os da Criteo em apps mobile | BR - Criteo.com","og_description":"As informa\u00e7\u00f5es a seguir explicam como desativar os servi\u00e7os da Criteo em apps mobile.","og_url":"https:\/\/www.criteo.com\/br\/privacy\/disable-criteo-services-on-mobile-applications\/","og_site_name":"BR - Criteo.com","article_modified_time":"2022-12-01T19:01:06+00:00","twitter_card":"summary_large_image","twitter_misc":{"Est. reading time":"3 minutes"},"schema":{"@context":"https:\/\/schema.org","@graph":[{"@type":"WebPage","@id":"https:\/\/www.criteo.com\/br\/privacy\/disable-criteo-services-on-mobile-applications\/","url":"https:\/\/www.criteo.com\/br\/privacy\/disable-criteo-services-on-mobile-applications\/","name":"Desativar servi\u00e7os da Criteo em apps mobile | BR - Criteo.com","isPartOf":{"@id":"https:\/\/www.criteo.com\/br\/#website"},"datePublished":"2020-07-23T16:08:42+00:00","dateModified":"2022-12-01T19:01:06+00:00","description":"As informa\u00e7\u00f5es a seguir explicam como desativar os servi\u00e7os da Criteo em apps mobile.","breadcrumb":{"@id":"https:\/\/www.criteo.com\/br\/privacy\/disable-criteo-services-on-mobile-applications\/#breadcrumb"},"inLanguage":"pt-PT","potentialAction":[{"@type":"ReadAction","target":["https:\/\/www.criteo.com\/br\/privacy\/disable-criteo-services-on-mobile-applications\/"]}]},{"@type":"BreadcrumbList","@id":"https:\/\/www.criteo.com\/br\/privacy\/disable-criteo-services-on-mobile-applications\/#breadcrumb","itemListElement":[{"@type":"ListItem","position":1,"name":"Home","item":"https:\/\/www.criteo.com\/br\/"},{"@type":"ListItem","position":2,"name":"Pol\u00edtica de Privacidade","item":"https:\/\/www.criteo.com\/br\/privacy\/"},{"@type":"ListItem","position":3,"name":"Desativar servi\u00e7os da Criteo em apps mobile"}]},{"@type":"WebSite","@id":"https:\/\/www.criteo.com\/br\/#website","url":"https:\/\/www.criteo.com\/br\/","name":"BR - Criteo.com","description":"","publisher":{"@id":"https:\/\/www.criteo.com\/br\/#organization"},"potentialAction":[{"@type":"SearchAction","target":{"@type":"EntryPoint","urlTemplate":"https:\/\/www.criteo.com\/br\/?s={search_term_string}"},"query-input":{"@type":"PropertyValueSpecification","valueRequired":true,"valueName":"search_term_string"}}],"inLanguage":"pt-PT"},{"@type":"Organization","@id":"https:\/\/www.criteo.com\/br\/#organization","name":"Criteo","alternateName":"Criteo corp","url":"https:\/\/www.criteo.com\/br\/","logo":{"@type":"ImageObject","inLanguage":"pt-PT","@id":"https:\/\/www.criteo.com\/br\/#\/schema\/logo\/image\/","url":"https:\/\/www.criteo.com\/br\/wp-content\/uploads\/sites\/5\/2024\/02\/Criteo-Logo.svg","contentUrl":"https:\/\/www.criteo.com\/br\/wp-content\/uploads\/sites\/5\/2024\/02\/Criteo-Logo.svg","width":118,"height":24,"caption":"Criteo"},"image":{"@id":"https:\/\/www.criteo.com\/br\/#\/schema\/logo\/image\/"}}]}},"_links":{"self":[{"href":"https:\/\/www.criteo.com\/br\/wp-json\/wp\/v2\/pages\/13034","targetHints":{"allow":["GET"]}}],"collection":[{"href":"https:\/\/www.criteo.com\/br\/wp-json\/wp\/v2\/pages"}],"about":[{"href":"https:\/\/www.criteo.com\/br\/wp-json\/wp\/v2\/types\/page"}],"author":[{"embeddable":true,"href":"https:\/\/www.criteo.com\/br\/wp-json\/wp\/v2\/users\/9"}],"replies":[{"embeddable":true,"href":"https:\/\/www.criteo.com\/br\/wp-json\/wp\/v2\/comments?post=13034"}],"version-history":[{"count":6,"href":"https:\/\/www.criteo.com\/br\/wp-json\/wp\/v2\/pages\/13034\/revisions"}],"predecessor-version":[{"id":17037,"href":"https:\/\/www.criteo.com\/br\/wp-json\/wp\/v2\/pages\/13034\/revisions\/17037"}],"up":[{"embeddable":true,"href":"https:\/\/www.criteo.com\/br\/wp-json\/wp\/v2\/pages\/13020"}],"wp:attachment":[{"href":"https:\/\/www.criteo.com\/br\/wp-json\/wp\/v2\/media?parent=13034"}],"wp:term":[{"taxonomy":"author","embeddable":true,"href":"https:\/\/www.criteo.com\/br\/wp-json\/wp\/v2\/coauthors?post=13034"}],"curies":[{"name":"wp","href":"https:\/\/api.w.org\/{rel}","templated":true}]}}