{"id":13036,"date":"2020-07-24T02:41:02","date_gmt":"2020-07-24T02:41:02","guid":{"rendered":"http:\/\/www.criteo.com\/br\/?page_id=13036"},"modified":"2020-07-24T03:16:01","modified_gmt":"2020-07-24T03:16:01","slug":"how-criteo-services-work-across-environments","status":"publish","type":"page","link":"https:\/\/www.criteo.com\/br\/privacy\/how-criteo-services-work-across-environments\/","title":{"rendered":"Como os servi\u00e7os da Criteo funcionam em diferentes ambientes"},"content":{"rendered":"<h4>Por que a Criteo associa identificadores?<\/h4>\n<p>Quando voc\u00ea navega em v\u00e1rios ambientes (isto \u00e9, quando voc\u00ea navega usando o Safari, quando voc\u00ea navega usando outros navegadores e quando voc\u00ea usa um app), os dados de navega\u00e7\u00e3o que podemos coletar nas propriedades de nossos parceiros s\u00e3o vinculados a identificadores separados.<\/p>\n<div class=\"accordion-wysiwyg \">\n    <div class=\"title p-3 pl-5\"><i class=\"arrow p-3 fas fa-chevron-right\"><\/i>Exemplo pr\u00e1tico<\/div>\n    <div class=\"inner p-3\">\n    <div class=\"content pl-3\"><\/p>\n<ul>\n<li><strong>Usando um navegador, uma pessoa visitou o site de um Anunciante que utiliza nossas tecnologias. Os dados relacionados a esses eventos de navega\u00e7\u00e3o foram vinculados ao identificador do cookie da Criteo que foi atribu\u00eddo ao navegador do usu\u00e1rio.<\/strong><\/li>\n<\/ul>\n<p style=\"padding-left: 40px;\"><em>Exemplos de dados coletados pela Criteo: O usu\u00e1rio com o identificador de cookie 123f94d8-a745-4f8b-a1d0-bf6fbbd60058 (vamos cham\u00e1-lo de \u201cCriteo ID 123\u201d, por conveni\u00eancia) viu o produto A em 01\/01\/2018 \u00e0s 13:37, enquanto navegava em www.exemplo-anunciante.com.br.<\/em><\/p>\n<ul>\n<li><strong>Usando um smartphone, o mesmo usu\u00e1rio visitou o app mobile (que tamb\u00e9m usa nossas tecnologias) do mesmo Anunciante. Os dados relacionados a esses eventos de navega\u00e7\u00e3o foram vinculados ao ID de publicidade mobile do smartphone do usu\u00e1rio.<\/strong><\/li>\n<\/ul>\n<p style=\"padding-left: 40px;\"><em>Exemplos de dados coletados pela Criteo: O usu\u00e1rio com o identificador de publicidade mobile 456gf158-62jg-4bj9-5jv1-j25864789h0b (vamos cham\u00e1-lo de \u201cMobile ID 456\u201d, por conveni\u00eancia) comprou o produto A em 01\/02\/2018 \u00e0s 12:00 no app chamado Exemplo-Anunciante<\/em><\/p>\n<ul>\n<li><strong>Neste exemplo, a Criteo n\u00e3o sabe que os eventos de navega\u00e7\u00e3o relacionados ao Criteo ID 123 e ao Mobile ID 456 s\u00e3o do mesmo usu\u00e1rio porque os identificadores s\u00e3o diferentes.<\/strong><\/li>\n<\/ul>\n<ul>\n<li><strong>Como resultado, a Criteo exibir\u00e1 an\u00fancios do produto A ao usu\u00e1rio com o Criteo ID 123, embora ele j\u00e1 tenha comprado o produto A.<\/strong><\/li>\n<\/ul>\n<p><\/div>\n    <\/div>\n    <\/div>\n<p>Como a Criteo, nossos clientes t\u00eam o compromisso de oferecer a voc\u00ea uma experi\u00eancia consistente entre os diferentes ambientes. Por isso, precisamos associar esses identificadores. Dessa forma, podemos:<\/p>\n<ul>\n<li>melhorar a personaliza\u00e7\u00e3o dos an\u00fancios que mostramos a voc\u00ea adaptando-os ao seu comportamento de navega\u00e7\u00e3o;<\/li>\n<li>limitar o n\u00famero de vezes que o mesmo an\u00fancio ser\u00e1 mostrado a voc\u00ea, independentemente do ambiente em que voc\u00ea esteja navegando; e<\/li>\n<li>permitir que voc\u00ea desative facilmente nossos servi\u00e7os em todos os seus terminais.<\/li>\n<\/ul>\n<p>&nbsp;<\/p>\n<h4>Quais s\u00e3o os m\u00e9todos usados pela Criteo para associar identificadores?<\/h4>\n<p>Podemos associar identificadores da Criteo como a seguir:<\/p>\n<ul>\n<li>Usando nossos pr\u00f3prios m\u00e9todos de associa\u00e7\u00e3o, com base nos dados que j\u00e1 coletamos atrav\u00e9s de nossas tecnologias;<\/li>\n<li>Usando dados que um Anunciante ou Publisher pode nos enviar (opcionalmente ou de modo anonimizado), como seus identificadores de CRM e\/ou endere\u00e7os de email criptografados ou com hash;<\/li>\n<li>Usando associa\u00e7\u00f5es que os parceiros podem nos enviar, obtidas por meio de v\u00e1rios m\u00e9todos que oferecem o mesmo n\u00edvel de garantia que os nossos no que se refere \u00e0 sua privacidade.<\/li>\n<\/ul>\n","protected":false},"excerpt":{"rendered":"<p>Por que a Criteo associa identificadores? Quando voc\u00ea navega em v\u00e1rios ambientes (isto \u00e9, quando voc\u00ea navega usando o Safari, quando voc\u00ea navega usando outros navegadores e quando voc\u00ea usa um app), os dados de navega\u00e7\u00e3o que podemos coletar nas propriedades de nossos parceiros s\u00e3o vinculados a identificadores separados. Como a Criteo, nossos clientes t\u00eam [&hellip;]<\/p>\n","protected":false},"author":9,"featured_media":0,"parent":13020,"menu_order":0,"comment_status":"closed","ping_status":"closed","template":"page-templates\/basic.php","meta":{"_acf_changed":false,"footnotes":""},"coauthors":[],"class_list":["post-13036","page","type-page","status-publish"],"acf":{"layout_mode":"privacy-2019","has_more_content":false,"storetail_optout":false,"stae_popup_enable":false,"track_page_in_segment":false,"segment_page_name":"","additional_code":"","toc_order":"4","bevel":"peach-grapes","bevel_reversed":false,"side_text":""},"yoast_head":"<!-- This site is optimized with the Yoast SEO plugin v26.4 - https:\/\/yoast.com\/wordpress\/plugins\/seo\/ -->\n<title>Como os servi\u00e7os da Criteo funcionam em diferentes ambientes | BR - Criteo.com<\/title>\n<meta name=\"description\" content=\"Aprenda como os servi\u00e7os Criteo funcionam em ambientes para fornecer uma experi\u00eancia consistente.\" \/>\n<meta name=\"robots\" content=\"index, follow, max-snippet:-1, max-image-preview:large, max-video-preview:-1\" \/>\n<link rel=\"canonical\" href=\"https:\/\/www.criteo.com\/br\/privacy\/how-criteo-services-work-across-environments\/\" \/>\n<meta property=\"og:locale\" content=\"pt_PT\" \/>\n<meta property=\"og:type\" content=\"article\" \/>\n<meta property=\"og:title\" content=\"Como os servi\u00e7os da Criteo funcionam em diferentes ambientes | BR - Criteo.com\" \/>\n<meta property=\"og:description\" content=\"Aprenda como os servi\u00e7os Criteo funcionam em ambientes para fornecer uma experi\u00eancia consistente.\" \/>\n<meta property=\"og:url\" content=\"https:\/\/www.criteo.com\/br\/privacy\/how-criteo-services-work-across-environments\/\" \/>\n<meta property=\"og:site_name\" content=\"BR - Criteo.com\" \/>\n<meta property=\"article:modified_time\" content=\"2020-07-24T03:16:01+00:00\" \/>\n<meta name=\"twitter:card\" content=\"summary_large_image\" \/>\n<meta name=\"twitter:label1\" content=\"Est. reading time\" \/>\n\t<meta name=\"twitter:data1\" content=\"2 minutes\" \/>\n<script type=\"application\/ld+json\" class=\"yoast-schema-graph\">{\n\t    \"@context\": \"https:\/\/schema.org\",\n\t    \"@graph\": [\n\t        {\n\t            \"@type\": \"WebPage\",\n\t            \"@id\": \"https:\/\/www.criteo.com\/br\/privacy\/how-criteo-services-work-across-environments\/\",\n\t            \"url\": \"https:\/\/www.criteo.com\/br\/privacy\/how-criteo-services-work-across-environments\/\",\n\t            \"name\": \"Como os servi\u00e7os da Criteo funcionam em diferentes ambientes | BR - Criteo.com\",\n\t            \"isPartOf\": {\n\t                \"@id\": \"https:\/\/www.criteo.com\/br\/#website\"\n\t            },\n\t            \"datePublished\": \"2020-07-24T02:41:02+00:00\",\n\t            \"dateModified\": \"2020-07-24T03:16:01+00:00\",\n\t            \"description\": \"Aprenda como os servi\u00e7os Criteo funcionam em ambientes para fornecer uma experi\u00eancia consistente.\",\n\t            \"breadcrumb\": {\n\t                \"@id\": \"https:\/\/www.criteo.com\/br\/privacy\/how-criteo-services-work-across-environments\/#breadcrumb\"\n\t            },\n\t            \"inLanguage\": \"pt-PT\",\n\t            \"potentialAction\": [\n\t                {\n\t                    \"@type\": \"ReadAction\",\n\t                    \"target\": [\n\t                        \"https:\/\/www.criteo.com\/br\/privacy\/how-criteo-services-work-across-environments\/\"\n\t                    ]\n\t                }\n\t            ]\n\t        },\n\t        {\n\t            \"@type\": \"BreadcrumbList\",\n\t            \"@id\": \"https:\/\/www.criteo.com\/br\/privacy\/how-criteo-services-work-across-environments\/#breadcrumb\",\n\t            \"itemListElement\": [\n\t                {\n\t                    \"@type\": \"ListItem\",\n\t                    \"position\": 1,\n\t                    \"name\": \"Home\",\n\t                    \"item\": \"https:\/\/www.criteo.com\/br\/\"\n\t                },\n\t                {\n\t                    \"@type\": \"ListItem\",\n\t                    \"position\": 2,\n\t                    \"name\": \"Pol\u00edtica de Privacidade\",\n\t                    \"item\": \"https:\/\/www.criteo.com\/br\/privacy\/\"\n\t                },\n\t                {\n\t                    \"@type\": \"ListItem\",\n\t                    \"position\": 3,\n\t                    \"name\": \"Como os servi\u00e7os da Criteo funcionam em diferentes ambientes\"\n\t                }\n\t            ]\n\t        },\n\t        {\n\t            \"@type\": \"WebSite\",\n\t            \"@id\": \"https:\/\/www.criteo.com\/br\/#website\",\n\t            \"url\": \"https:\/\/www.criteo.com\/br\/\",\n\t            \"name\": \"BR - Criteo.com\",\n\t            \"description\": \"\",\n\t            \"publisher\": {\n\t                \"@id\": \"https:\/\/www.criteo.com\/br\/#organization\"\n\t            },\n\t            \"potentialAction\": [\n\t                {\n\t                    \"@type\": \"SearchAction\",\n\t                    \"target\": {\n\t                        \"@type\": \"EntryPoint\",\n\t                        \"urlTemplate\": \"https:\/\/www.criteo.com\/br\/?s={search_term_string}\"\n\t                    },\n\t                    \"query-input\": {\n\t                        \"@type\": \"PropertyValueSpecification\",\n\t                        \"valueRequired\": true,\n\t                        \"valueName\": \"search_term_string\"\n\t                    }\n\t                }\n\t            ],\n\t            \"inLanguage\": \"pt-PT\"\n\t        },\n\t        {\n\t            \"@type\": \"Organization\",\n\t            \"@id\": \"https:\/\/www.criteo.com\/br\/#organization\",\n\t            \"name\": \"Criteo\",\n\t            \"alternateName\": \"Criteo corp\",\n\t            \"url\": \"https:\/\/www.criteo.com\/br\/\",\n\t            \"logo\": {\n\t                \"@type\": \"ImageObject\",\n\t                \"inLanguage\": \"pt-PT\",\n\t                \"@id\": \"https:\/\/www.criteo.com\/br\/#\/schema\/logo\/image\/\",\n\t                \"url\": \"https:\/\/www.criteo.com\/br\/wp-content\/uploads\/sites\/5\/2024\/02\/Criteo-Logo.svg\",\n\t                \"contentUrl\": \"https:\/\/www.criteo.com\/br\/wp-content\/uploads\/sites\/5\/2024\/02\/Criteo-Logo.svg\",\n\t                \"width\": 118,\n\t                \"height\": 24,\n\t                \"caption\": \"Criteo\"\n\t            },\n\t            \"image\": {\n\t                \"@id\": \"https:\/\/www.criteo.com\/br\/#\/schema\/logo\/image\/\"\n\t            }\n\t        }\n\t    ]\n\t}<\/script>\n<!-- \/ Yoast SEO plugin. -->","yoast_head_json":{"title":"Como os servi\u00e7os da Criteo funcionam em diferentes ambientes | BR - Criteo.com","description":"Aprenda como os servi\u00e7os Criteo funcionam em ambientes para fornecer uma experi\u00eancia consistente.","robots":{"index":"index","follow":"follow","max-snippet":"max-snippet:-1","max-image-preview":"max-image-preview:large","max-video-preview":"max-video-preview:-1"},"canonical":"https:\/\/www.criteo.com\/br\/privacy\/how-criteo-services-work-across-environments\/","og_locale":"pt_PT","og_type":"article","og_title":"Como os servi\u00e7os da Criteo funcionam em diferentes ambientes | BR - Criteo.com","og_description":"Aprenda como os servi\u00e7os Criteo funcionam em ambientes para fornecer uma experi\u00eancia consistente.","og_url":"https:\/\/www.criteo.com\/br\/privacy\/how-criteo-services-work-across-environments\/","og_site_name":"BR - Criteo.com","article_modified_time":"2020-07-24T03:16:01+00:00","twitter_card":"summary_large_image","twitter_misc":{"Est. reading time":"2 minutes"},"schema":{"@context":"https:\/\/schema.org","@graph":[{"@type":"WebPage","@id":"https:\/\/www.criteo.com\/br\/privacy\/how-criteo-services-work-across-environments\/","url":"https:\/\/www.criteo.com\/br\/privacy\/how-criteo-services-work-across-environments\/","name":"Como os servi\u00e7os da Criteo funcionam em diferentes ambientes | BR - Criteo.com","isPartOf":{"@id":"https:\/\/www.criteo.com\/br\/#website"},"datePublished":"2020-07-24T02:41:02+00:00","dateModified":"2020-07-24T03:16:01+00:00","description":"Aprenda como os servi\u00e7os Criteo funcionam em ambientes para fornecer uma experi\u00eancia consistente.","breadcrumb":{"@id":"https:\/\/www.criteo.com\/br\/privacy\/how-criteo-services-work-across-environments\/#breadcrumb"},"inLanguage":"pt-PT","potentialAction":[{"@type":"ReadAction","target":["https:\/\/www.criteo.com\/br\/privacy\/how-criteo-services-work-across-environments\/"]}]},{"@type":"BreadcrumbList","@id":"https:\/\/www.criteo.com\/br\/privacy\/how-criteo-services-work-across-environments\/#breadcrumb","itemListElement":[{"@type":"ListItem","position":1,"name":"Home","item":"https:\/\/www.criteo.com\/br\/"},{"@type":"ListItem","position":2,"name":"Pol\u00edtica de Privacidade","item":"https:\/\/www.criteo.com\/br\/privacy\/"},{"@type":"ListItem","position":3,"name":"Como os servi\u00e7os da Criteo funcionam em diferentes ambientes"}]},{"@type":"WebSite","@id":"https:\/\/www.criteo.com\/br\/#website","url":"https:\/\/www.criteo.com\/br\/","name":"BR - Criteo.com","description":"","publisher":{"@id":"https:\/\/www.criteo.com\/br\/#organization"},"potentialAction":[{"@type":"SearchAction","target":{"@type":"EntryPoint","urlTemplate":"https:\/\/www.criteo.com\/br\/?s={search_term_string}"},"query-input":{"@type":"PropertyValueSpecification","valueRequired":true,"valueName":"search_term_string"}}],"inLanguage":"pt-PT"},{"@type":"Organization","@id":"https:\/\/www.criteo.com\/br\/#organization","name":"Criteo","alternateName":"Criteo corp","url":"https:\/\/www.criteo.com\/br\/","logo":{"@type":"ImageObject","inLanguage":"pt-PT","@id":"https:\/\/www.criteo.com\/br\/#\/schema\/logo\/image\/","url":"https:\/\/www.criteo.com\/br\/wp-content\/uploads\/sites\/5\/2024\/02\/Criteo-Logo.svg","contentUrl":"https:\/\/www.criteo.com\/br\/wp-content\/uploads\/sites\/5\/2024\/02\/Criteo-Logo.svg","width":118,"height":24,"caption":"Criteo"},"image":{"@id":"https:\/\/www.criteo.com\/br\/#\/schema\/logo\/image\/"}}]}},"_links":{"self":[{"href":"https:\/\/www.criteo.com\/br\/wp-json\/wp\/v2\/pages\/13036","targetHints":{"allow":["GET"]}}],"collection":[{"href":"https:\/\/www.criteo.com\/br\/wp-json\/wp\/v2\/pages"}],"about":[{"href":"https:\/\/www.criteo.com\/br\/wp-json\/wp\/v2\/types\/page"}],"author":[{"embeddable":true,"href":"https:\/\/www.criteo.com\/br\/wp-json\/wp\/v2\/users\/9"}],"replies":[{"embeddable":true,"href":"https:\/\/www.criteo.com\/br\/wp-json\/wp\/v2\/comments?post=13036"}],"version-history":[{"count":3,"href":"https:\/\/www.criteo.com\/br\/wp-json\/wp\/v2\/pages\/13036\/revisions"}],"predecessor-version":[{"id":13199,"href":"https:\/\/www.criteo.com\/br\/wp-json\/wp\/v2\/pages\/13036\/revisions\/13199"}],"up":[{"embeddable":true,"href":"https:\/\/www.criteo.com\/br\/wp-json\/wp\/v2\/pages\/13020"}],"wp:attachment":[{"href":"https:\/\/www.criteo.com\/br\/wp-json\/wp\/v2\/media?parent=13036"}],"wp:term":[{"taxonomy":"author","embeddable":true,"href":"https:\/\/www.criteo.com\/br\/wp-json\/wp\/v2\/coauthors?post=13036"}],"curies":[{"name":"wp","href":"https:\/\/api.w.org\/{rel}","templated":true}]}}