{"id":13037,"date":"2020-07-24T02:45:38","date_gmt":"2020-07-24T02:45:38","guid":{"rendered":"http:\/\/www.criteo.com\/br\/?page_id=13037"},"modified":"2022-12-01T22:05:16","modified_gmt":"2022-12-01T22:05:16","slug":"your-rights","status":"publish","type":"page","link":"https:\/\/www.criteo.com\/br\/privacy\/your-rights\/","title":{"rendered":"Seus direitos"},"content":{"rendered":"<p>O GDPR confere a voc\u00ea diferentes direitos em rela\u00e7\u00e3o aos seus dados pessoais. Portanto, especifique na sua solicita\u00e7\u00e3o quais direitos (ou qual direito) deseja exercer. Assim, poderemos responder da maneira mais precisa poss\u00edvel \u00e0 sua solicita\u00e7\u00e3o.<\/p>\n<h3>Revoga\u00e7\u00e3o do seu consentimento aos servi\u00e7os da Criteo<\/h3>\n<p>A revoga\u00e7\u00e3o do seu consentimento aos servi\u00e7os da Criteo (Artigo 7 do GDPR) resultar\u00e1 na desativa\u00e7\u00e3o de nossos servi\u00e7os.<br \/>\n<a href=\"https:\/\/www.criteo.com\/br\/privacy\/disable-criteo-services-on-internet-browsers\/\">Exer\u00e7a este direito<\/a><\/p>\n<h3>Direito de ser esquecido<\/h3>\n<p>Voc\u00ea pode exercer seu direito de ser esquecido (Artigo 17 do GDPR).<br \/>\nPara exercer esse direito, envie-nos um email para <a href=\"mailto:dpo@criteo.com\">dpo@criteo.com<\/a>.<\/p>\n<h3>Direito de opor-se<\/h3>\n<p>Voc\u00ea pode exercer seu direito de obje\u00e7\u00e3o (artigo 21 do GDPR) por motivos relacionados \u00e0s suas circunst\u00e2ncias particulares para atividades de processamento com base em nosso leg\u00edtimo interesse.<br \/>\nPara exercer esse direito, envie-nos um email para <a href=\"mailto:dpo@criteo.com\">dpo@criteo.com<\/a>.<\/p>\n<h3>Direito de acesso aos seus dados pessoais<\/h3>\n<p>Voc\u00ea tem o direito de acessar seus dados pessoais. Em conformidade com seu direito de acesso (Artigo 15 do GDPR), enviaremos a voc\u00ea uma planilha do Excel com todos os seus dados pessoais.<br \/>\nPara exercer esse direito, envie-nos um email para <a href=\"mailto:dpo@criteo.com\">dpo@criteo.com<\/a>.<\/p>\n<h3>Direito \u00e0 portabilidade de dados<\/h3>\n<p>Voc\u00ea pode exercer seu direito \u00e0 portabilidade (artigo 20 do GDPR) para atividades de processamento com base no seu consentimento.<br \/>\nPara exercer esse direito, envie-nos um email para <a href=\"mailto:dpo@criteo.com\">dpo@criteo.com<\/a>.<\/p>\n<h3>Direito de retifica\u00e7\u00e3o<\/h3>\n<p>Voc\u00ea pode exercer seu direito de retifica\u00e7\u00e3o (Artigo 16 do GDPR) para que a Criteo retifique dados imprecisos ou preencha dados incompletos.<br \/>\nPara exercer esse direito, envie-nos um email para <a href=\"mailto:dpo@criteo.com\">dpo@criteo.com<\/a>.<\/p>\n<h3>Direito de restri\u00e7\u00e3o de processamento<\/h3>\n<p>Em determinadas circunst\u00e2ncias, pode exercer o seu direito \u00e0 restri\u00e7\u00e3o do processamento (artigo 18 do GDPR).<br \/>\nPara exercer esse direito, envie-nos um email para <a href=\"mailto:dpo@criteo.com\">dpo@criteo.com<\/a>.<\/p>\n<h3>Direito de registrar uma reclama\u00e7\u00e3o com uma autoridade supervisora<\/h3>\n<p>Voc\u00ea deve exercer o seu direito diretamente com a autoridade supervisora de sua escolha. Por exemplo, na Fran\u00e7a, o \u00f3rg\u00e3o encarregado \u00e9 a Commission Nationale de l\u2019Informatique et des Libert\u00e9s (CNIL), cujos detalhes de contato podem ser encontrados <a href=\"https:\/\/www.cnil.fr\/en\/home\" target=\"_blank\" rel=\"noopener noreferrer\">aqui<\/a>.<br \/>\nAs consequ\u00eancias de registrar uma reclama\u00e7\u00e3o junto a uma autoridade supervisora ficam a crit\u00e9rio dessa autoridade.<\/p>\n","protected":false},"excerpt":{"rendered":"<p>O GDPR confere a voc\u00ea diferentes direitos em rela\u00e7\u00e3o aos seus dados pessoais. Portanto, especifique na sua solicita\u00e7\u00e3o quais direitos (ou qual direito) deseja exercer. Assim, poderemos responder da maneira mais precisa poss\u00edvel \u00e0 sua solicita\u00e7\u00e3o. Revoga\u00e7\u00e3o do seu consentimento aos servi\u00e7os da Criteo A revoga\u00e7\u00e3o do seu consentimento aos servi\u00e7os da Criteo (Artigo 7 [&hellip;]<\/p>\n","protected":false},"author":9,"featured_media":0,"parent":13020,"menu_order":0,"comment_status":"closed","ping_status":"closed","template":"page-templates\/basic.php","meta":{"_acf_changed":false,"footnotes":""},"coauthors":[],"class_list":["post-13037","page","type-page","status-publish"],"acf":{"layout_mode":"privacy-2019","has_more_content":false,"storetail_optout":false,"stae_popup_enable":false,"track_page_in_segment":false,"segment_page_name":"","additional_code":"","toc_order":"5","bevel":"peach-grapes","bevel_reversed":false,"side_text":""},"yoast_head":"<!-- This site is optimized with the Yoast SEO plugin v26.4 - https:\/\/yoast.com\/wordpress\/plugins\/seo\/ -->\n<title>Seus direitos | BR - Criteo.com<\/title>\n<meta name=\"description\" content=\"Revoga\u00e7\u00e3o do seu consentimento aos servi\u00e7os da Criteo.\" \/>\n<meta name=\"robots\" content=\"index, follow, max-snippet:-1, max-image-preview:large, max-video-preview:-1\" \/>\n<link rel=\"canonical\" href=\"https:\/\/www.criteo.com\/br\/privacy\/your-rights\/\" \/>\n<meta property=\"og:locale\" content=\"pt_PT\" \/>\n<meta property=\"og:type\" content=\"article\" \/>\n<meta property=\"og:title\" content=\"Seus direitos | BR - Criteo.com\" \/>\n<meta property=\"og:description\" content=\"Revoga\u00e7\u00e3o do seu consentimento aos servi\u00e7os da Criteo.\" \/>\n<meta property=\"og:url\" content=\"https:\/\/www.criteo.com\/br\/privacy\/your-rights\/\" \/>\n<meta property=\"og:site_name\" content=\"BR - Criteo.com\" \/>\n<meta property=\"article:modified_time\" content=\"2022-12-01T22:05:16+00:00\" \/>\n<meta name=\"twitter:card\" content=\"summary_large_image\" \/>\n<meta name=\"twitter:label1\" content=\"Est. reading time\" \/>\n\t<meta name=\"twitter:data1\" content=\"2 minutes\" \/>\n<script type=\"application\/ld+json\" class=\"yoast-schema-graph\">{\n\t    \"@context\": \"https:\/\/schema.org\",\n\t    \"@graph\": [\n\t        {\n\t            \"@type\": \"WebPage\",\n\t            \"@id\": \"https:\/\/www.criteo.com\/br\/privacy\/your-rights\/\",\n\t            \"url\": \"https:\/\/www.criteo.com\/br\/privacy\/your-rights\/\",\n\t            \"name\": \"Seus direitos | BR - Criteo.com\",\n\t            \"isPartOf\": {\n\t                \"@id\": \"https:\/\/www.criteo.com\/br\/#website\"\n\t            },\n\t            \"datePublished\": \"2020-07-24T02:45:38+00:00\",\n\t            \"dateModified\": \"2022-12-01T22:05:16+00:00\",\n\t            \"description\": \"Revoga\u00e7\u00e3o do seu consentimento aos servi\u00e7os da Criteo.\",\n\t            \"breadcrumb\": {\n\t                \"@id\": \"https:\/\/www.criteo.com\/br\/privacy\/your-rights\/#breadcrumb\"\n\t            },\n\t            \"inLanguage\": \"pt-PT\",\n\t            \"potentialAction\": [\n\t                {\n\t                    \"@type\": \"ReadAction\",\n\t                    \"target\": [\n\t                        \"https:\/\/www.criteo.com\/br\/privacy\/your-rights\/\"\n\t                    ]\n\t                }\n\t            ]\n\t        },\n\t        {\n\t            \"@type\": \"BreadcrumbList\",\n\t            \"@id\": \"https:\/\/www.criteo.com\/br\/privacy\/your-rights\/#breadcrumb\",\n\t            \"itemListElement\": [\n\t                {\n\t                    \"@type\": \"ListItem\",\n\t                    \"position\": 1,\n\t                    \"name\": \"Home\",\n\t                    \"item\": \"https:\/\/www.criteo.com\/br\/\"\n\t                },\n\t                {\n\t                    \"@type\": \"ListItem\",\n\t                    \"position\": 2,\n\t                    \"name\": \"Pol\u00edtica de Privacidade\",\n\t                    \"item\": \"https:\/\/www.criteo.com\/br\/privacy\/\"\n\t                },\n\t                {\n\t                    \"@type\": \"ListItem\",\n\t                    \"position\": 3,\n\t                    \"name\": \"Seus direitos\"\n\t                }\n\t            ]\n\t        },\n\t        {\n\t            \"@type\": \"WebSite\",\n\t            \"@id\": \"https:\/\/www.criteo.com\/br\/#website\",\n\t            \"url\": \"https:\/\/www.criteo.com\/br\/\",\n\t            \"name\": \"BR - Criteo.com\",\n\t            \"description\": \"\",\n\t            \"publisher\": {\n\t                \"@id\": \"https:\/\/www.criteo.com\/br\/#organization\"\n\t            },\n\t            \"potentialAction\": [\n\t                {\n\t                    \"@type\": \"SearchAction\",\n\t                    \"target\": {\n\t                        \"@type\": \"EntryPoint\",\n\t                        \"urlTemplate\": \"https:\/\/www.criteo.com\/br\/?s={search_term_string}\"\n\t                    },\n\t                    \"query-input\": {\n\t                        \"@type\": \"PropertyValueSpecification\",\n\t                        \"valueRequired\": true,\n\t                        \"valueName\": \"search_term_string\"\n\t                    }\n\t                }\n\t            ],\n\t            \"inLanguage\": \"pt-PT\"\n\t        },\n\t        {\n\t            \"@type\": \"Organization\",\n\t            \"@id\": \"https:\/\/www.criteo.com\/br\/#organization\",\n\t            \"name\": \"Criteo\",\n\t            \"alternateName\": \"Criteo corp\",\n\t            \"url\": \"https:\/\/www.criteo.com\/br\/\",\n\t            \"logo\": {\n\t                \"@type\": \"ImageObject\",\n\t                \"inLanguage\": \"pt-PT\",\n\t                \"@id\": \"https:\/\/www.criteo.com\/br\/#\/schema\/logo\/image\/\",\n\t                \"url\": \"https:\/\/www.criteo.com\/br\/wp-content\/uploads\/sites\/5\/2024\/02\/Criteo-Logo.svg\",\n\t                \"contentUrl\": \"https:\/\/www.criteo.com\/br\/wp-content\/uploads\/sites\/5\/2024\/02\/Criteo-Logo.svg\",\n\t                \"width\": 118,\n\t                \"height\": 24,\n\t                \"caption\": \"Criteo\"\n\t            },\n\t            \"image\": {\n\t                \"@id\": \"https:\/\/www.criteo.com\/br\/#\/schema\/logo\/image\/\"\n\t            }\n\t        }\n\t    ]\n\t}<\/script>\n<!-- \/ Yoast SEO plugin. -->","yoast_head_json":{"title":"Seus direitos | BR - Criteo.com","description":"Revoga\u00e7\u00e3o do seu consentimento aos servi\u00e7os da Criteo.","robots":{"index":"index","follow":"follow","max-snippet":"max-snippet:-1","max-image-preview":"max-image-preview:large","max-video-preview":"max-video-preview:-1"},"canonical":"https:\/\/www.criteo.com\/br\/privacy\/your-rights\/","og_locale":"pt_PT","og_type":"article","og_title":"Seus direitos | BR - Criteo.com","og_description":"Revoga\u00e7\u00e3o do seu consentimento aos servi\u00e7os da Criteo.","og_url":"https:\/\/www.criteo.com\/br\/privacy\/your-rights\/","og_site_name":"BR - Criteo.com","article_modified_time":"2022-12-01T22:05:16+00:00","twitter_card":"summary_large_image","twitter_misc":{"Est. reading time":"2 minutes"},"schema":{"@context":"https:\/\/schema.org","@graph":[{"@type":"WebPage","@id":"https:\/\/www.criteo.com\/br\/privacy\/your-rights\/","url":"https:\/\/www.criteo.com\/br\/privacy\/your-rights\/","name":"Seus direitos | BR - Criteo.com","isPartOf":{"@id":"https:\/\/www.criteo.com\/br\/#website"},"datePublished":"2020-07-24T02:45:38+00:00","dateModified":"2022-12-01T22:05:16+00:00","description":"Revoga\u00e7\u00e3o do seu consentimento aos servi\u00e7os da Criteo.","breadcrumb":{"@id":"https:\/\/www.criteo.com\/br\/privacy\/your-rights\/#breadcrumb"},"inLanguage":"pt-PT","potentialAction":[{"@type":"ReadAction","target":["https:\/\/www.criteo.com\/br\/privacy\/your-rights\/"]}]},{"@type":"BreadcrumbList","@id":"https:\/\/www.criteo.com\/br\/privacy\/your-rights\/#breadcrumb","itemListElement":[{"@type":"ListItem","position":1,"name":"Home","item":"https:\/\/www.criteo.com\/br\/"},{"@type":"ListItem","position":2,"name":"Pol\u00edtica de Privacidade","item":"https:\/\/www.criteo.com\/br\/privacy\/"},{"@type":"ListItem","position":3,"name":"Seus direitos"}]},{"@type":"WebSite","@id":"https:\/\/www.criteo.com\/br\/#website","url":"https:\/\/www.criteo.com\/br\/","name":"BR - Criteo.com","description":"","publisher":{"@id":"https:\/\/www.criteo.com\/br\/#organization"},"potentialAction":[{"@type":"SearchAction","target":{"@type":"EntryPoint","urlTemplate":"https:\/\/www.criteo.com\/br\/?s={search_term_string}"},"query-input":{"@type":"PropertyValueSpecification","valueRequired":true,"valueName":"search_term_string"}}],"inLanguage":"pt-PT"},{"@type":"Organization","@id":"https:\/\/www.criteo.com\/br\/#organization","name":"Criteo","alternateName":"Criteo corp","url":"https:\/\/www.criteo.com\/br\/","logo":{"@type":"ImageObject","inLanguage":"pt-PT","@id":"https:\/\/www.criteo.com\/br\/#\/schema\/logo\/image\/","url":"https:\/\/www.criteo.com\/br\/wp-content\/uploads\/sites\/5\/2024\/02\/Criteo-Logo.svg","contentUrl":"https:\/\/www.criteo.com\/br\/wp-content\/uploads\/sites\/5\/2024\/02\/Criteo-Logo.svg","width":118,"height":24,"caption":"Criteo"},"image":{"@id":"https:\/\/www.criteo.com\/br\/#\/schema\/logo\/image\/"}}]}},"_links":{"self":[{"href":"https:\/\/www.criteo.com\/br\/wp-json\/wp\/v2\/pages\/13037","targetHints":{"allow":["GET"]}}],"collection":[{"href":"https:\/\/www.criteo.com\/br\/wp-json\/wp\/v2\/pages"}],"about":[{"href":"https:\/\/www.criteo.com\/br\/wp-json\/wp\/v2\/types\/page"}],"author":[{"embeddable":true,"href":"https:\/\/www.criteo.com\/br\/wp-json\/wp\/v2\/users\/9"}],"replies":[{"embeddable":true,"href":"https:\/\/www.criteo.com\/br\/wp-json\/wp\/v2\/comments?post=13037"}],"version-history":[{"count":6,"href":"https:\/\/www.criteo.com\/br\/wp-json\/wp\/v2\/pages\/13037\/revisions"}],"predecessor-version":[{"id":17049,"href":"https:\/\/www.criteo.com\/br\/wp-json\/wp\/v2\/pages\/13037\/revisions\/17049"}],"up":[{"embeddable":true,"href":"https:\/\/www.criteo.com\/br\/wp-json\/wp\/v2\/pages\/13020"}],"wp:attachment":[{"href":"https:\/\/www.criteo.com\/br\/wp-json\/wp\/v2\/media?parent=13037"}],"wp:term":[{"taxonomy":"author","embeddable":true,"href":"https:\/\/www.criteo.com\/br\/wp-json\/wp\/v2\/coauthors?post=13037"}],"curies":[{"name":"wp","href":"https:\/\/api.w.org\/{rel}","templated":true}]}}