{"id":13038,"date":"2020-07-08T18:25:58","date_gmt":"2020-07-08T18:25:58","guid":{"rendered":"http:\/\/www.criteo.com\/br\/?page_id=13038"},"modified":"2025-10-29T13:58:14","modified_gmt":"2025-10-29T13:58:14","slug":"our-partners","status":"publish","type":"page","link":"https:\/\/www.criteo.com\/br\/privacy\/our-partners\/","title":{"rendered":"Nossos parceiros"},"content":{"rendered":"<p>Encorajamos voc\u00ea a ler as pol\u00edticas dos parceiros da Criteo para entender as respectivas pr\u00e1ticas de privacidade e as op\u00e7\u00f5es que apresentam para que voc\u00ea exer\u00e7a seus direitos em rela\u00e7\u00e3o aos seus dados pessoais.<\/p>\n<h3>Plataformas SSP (Supply-Side Platforms)<\/h3>\n<div class=\"row align-items-start \">\n<div class=\"col-lg-4 col-sm-12 \">\n<ul>\n<li><a href=\"https:\/\/site.adform.com\/privacy-policy-opt-out\/\">AdForm<\/a><u><\/u><\/li>\n<li><a href=\"https:\/\/supership.jp\/privacy\/\">AdGeneration<\/a><u><\/u><\/li>\n<li><a href=\"https:\/\/en.ad-stir.com\/privacy.html\">AdStir<\/a><u><\/u><\/li>\n<li><a href=\"https:\/\/www.adyoulike.com\/privacy_policy.php\">AdYouLike<\/a><u><\/u><\/li>\n<li><a href=\"https:\/\/www.verizonmedia.com\/policies\/us\/en\/verizonmedia\/privacy\/index.html\">Affiliation<\/a><u><\/u><\/li>\n<li><a href=\"https:\/\/aja-kk.co.jp\/\">AJA<\/a><\/li>\n<li><a href=\"https:\/\/policies.oath.com\/xw\/en\/oath\/privacy\/intl\/index.html\">AOL<\/a><u><\/u><\/li>\n<li><a href=\"https:\/\/www.applovin.com\/privacy\/\">AppLovin<\/a><br \/>\n<u><\/u><\/li>\n<li><a href=\"https:\/\/axonix.com\/privacy-cookie-policy\/\">Axonix<\/a><u><\/u><\/li>\n<li><a href=\"https:\/\/www.iponweb.com\/policies-legal\/iponweb-privacy-policy\/\">BidCore<\/a><u><\/u><\/li>\n<li><a href=\"http:\/\/www.bidswitch.com\/privacy-policy\/\">BidSwitch<\/a><u><\/u><\/li>\n<li><a href=\"https:\/\/www.bigo.tv\/privacyPolicy.html\">Bigo<\/a><u><\/u><\/li>\n<li><a href=\"https:\/\/job.bytedance.com\/en\/legal\/privacy\">Bytedance<\/a><u><\/u><br \/>\n<u><\/u><\/li>\n<li><a href=\"https:\/\/www.condigolabs.com\/privacy\">CondigoLabs<\/a><\/li>\n<li><a href=\"http:\/\/dable.io\/en\/privacy-policy-en\/\">Dable<\/a><\/li>\n<li><a href=\"https:\/\/faq.dailymotion.com\/hc\/en-us\/articles\/360012597659-Our-Privacy-Policy\">Dailymotion<\/a><\/li>\n<li><a href=\"https:\/\/www.d2c.co.jp\/policy\/\">D2C<\/a><\/li>\n<li><a href=\"https:\/\/www.ebay.com\/help\/policies\/member-behaviour-policies\/user-privacy-notice-privacy-policy?id=4260\">eBay<\/a><\/li>\n<li><a href=\"https:\/\/big-village.com\/privacy-policy-emx\/\">EMX<\/a><\/li>\n<li><a href=\"https:\/\/www.e-planning.net\/en\/privacy.html\">E-Planning<\/a><\/li>\n<li><a href=\"https:\/\/equativ.com\/privacy-policy\">Equativ<\/a><\/li>\n<li><a href=\"https:\/\/corp.fluct.jp\/privacy\/\">Fluct<\/a><\/li>\n<li><a href=\"https:\/\/www.freewheel.com\/privacy-policy\">FreeWheel<\/a><\/li>\n<li><a href=\"https:\/\/www.digitalturbine.com\/privacy-policy\/\">Digital Turbine<\/a><\/li>\n<\/ul>\n<\/div>\n<div class=\"col-lg-4 col-sm-12 \">\n<ul>\n<li><a href=\"https:\/\/policies.google.com\/privacy\">Google<\/a><u><\/u><\/li>\n<li><a href=\"https:\/\/improvedigital.com\/platform-privacy-policy\/\">Improve Digital<\/a><\/li>\n<li><a href=\"http:\/\/www.indexexchange.com\/privacy\/\">Index Exchange<\/a><u><\/u><\/li>\n<li><a href=\"https:\/\/www.inmobi.com\/privacy-policy\/\">Inmobi<\/a><u><\/u><\/li>\n<li><a href=\"https:\/\/www.iponweb.com\/policies-legal\/iponweb-privacy-policy\/\" target=\"_blank\" rel=\"nofollow noreferrer noopener\">Iponweb<\/a><\/li>\n<li><a href=\"https:\/\/developers.ironsrc.com\/ironsource-mobile\/air\/ironsource-mobile-privacy-policy\/\">IronSource<\/a><u><\/u><\/li>\n<li><a href=\"http:\/\/info.ividence.com\/privacy-policy\/?lang=en\">Ividence<\/a>\u00a0<u><\/u><\/li>\n<li><a href=\"http:\/\/www.kakao.com\/policy\/privacy?lang=en\">kakao<\/a><u><\/u><br \/>\n<u><\/u><\/li>\n<li><a href=\"https:\/\/line.me\/en\/terms\/policy\/\">Line<\/a><u><\/u><\/li>\n<li><a href=\"https:\/\/liveintent.com\/privacy-policy\/\">LiveIntent<\/a><u><\/u><\/li>\n<li><a href=\"https:\/\/rubiconproject.com\/privacy-policy\/\">Magnite DV+<\/a><\/li>\n<li><a href=\"https:\/\/telaria.com\/privacy-policy\/\">Magnite Streaming<\/a><\/li>\n<li><a href=\"https:\/\/www.media.net\/en\/privacy-policy\">MediaNet<\/a><u><\/u><\/li>\n<li><a href=\"https:\/\/www.mediavine.com\/privacy-policy\/#:~:text=Non%2DIdentifiable%20Data%3A%20When%20you,used%20to%20specifically%20identify%20you.\">Mediavine<\/a><\/li>\n<li><a href=\"https:\/\/www.facebook.com\/privacy\/policy\/\">Meta<\/a><\/li>\n<li><a href=\"https:\/\/publisher.man-plus.com\/Service\/servicecenter\/personal_info?lang=en\">MezzoMedia<\/a><u><\/u><\/li>\n<li><a href=\"https:\/\/www.microad.co.jp\/privacy\/\">MicroAd<\/a><u><\/u><\/li>\n<li><a href=\"https:\/\/privacy.microsoft.com\/en-us\/privacystatement\">Microsoft<\/a>\u00a0<u><\/u><\/li>\n<li>Millennial<br \/>\n<u><\/u><\/li>\n<li><a href=\"https:\/\/partner.admixer.co.kr\/info\/info\/agreePrivacyPolicy\">NasMedia<\/a><u><\/u><\/li>\n<li><a href=\"https:\/\/www.nate.com\/policy\/privacy.html\">Nate<\/a><u><\/u><\/li>\n<li><a href=\"https:\/\/admin.nativo.net\/privacy\">Nativo<\/a><u><\/u><\/li>\n<li><a href=\"https:\/\/policy.naver.com\/policy\/privacy_en.html\">Naver<\/a><u><\/u><\/li>\n<li><a href=\"https:\/\/nexxen.com\/privacy-policy\/\">Nexxen<\/a><\/li>\n<\/ul>\n<\/div>\n<div class=\"col-lg-4 col-sm-12 \">\n<ul>\n<li><a href=\"https:\/\/www.acetrader.co.kr\/company\/policy\">NHNAc<\/a><\/li>\n<li><a href=\"https:\/\/www.outbrain.com\/legal\/\">Outbrain<\/a><\/li>\n<li><a href=\"https:\/\/pubmatic.com\/legal\/privacy-policy\/\">Pubmatic<\/a><\/li>\n<li><a href=\"https:\/\/pubnative.net\/privacy-policy\/\">PubNative<\/a><u><\/u><\/li>\n<li><a href=\"https:\/\/intercom.help\/revcontent2\/en\/articles\/2290675-revcontent-privacy-policy\">RevContent<\/a><\/li>\n<li><a href=\"https:\/\/support.sharethrough.com\/hc\/en-us\/articles\/205107115-Creative-Acceptance-Policy\">Sharethrough<\/a><\/li>\n<li><a href=\"https:\/\/www.smaato.com\/privacy\/\">Smaato<\/a><\/li>\n<li><a href=\"https:\/\/www.start.io\/policy\/privacy-policy-site\/\">Start.io<\/a><\/li>\n<li><a href=\"https:\/\/www.stroeer.de\/werben-mit-stroeer\/onlinewerbung\/crossmedia\/stroeer-ssp\/stroeer-ssp-datenschutz\/\">Str\u00f6er<\/a><\/li>\n<li><a href=\"https:\/\/www.synacor.com\/privacy-policy\/\">Synacor<\/a><\/li>\n<li><a href=\"https:\/\/www.taboola.com\/privacy-policy\">Taboola<\/a><\/li>\n<li><a href=\"https:\/\/teads.tv\/privacy-policy\/\">Teads<\/a><\/li>\n<li><a href=\"https:\/\/www.iponweb.com\/policies-legal\/themediagrid-privacy-policy\/\" target=\"_blank\" rel=\"nofollow noreferrer noopener\">The MediaGrid\u00a0<\/a><\/li>\n<li><a href=\"http:\/\/timesinternet.in\/policy\">TimesInternet<\/a><\/li>\n<li><a href=\"http:\/\/tpmn.io\/en\/privacy.html\">TPMN<\/a><\/li>\n<li><a href=\"https:\/\/triplelift.com\/privacy\/\">Triplelift<\/a><\/li>\n<li><a href=\"https:\/\/www.twiago.com\/publisher-agb\/\">Twiago<\/a><\/li>\n<li><a href=\"https:\/\/www.ucfunnel.com\/privacy-policy\">UCFunnel<\/a><\/li>\n<li><a href=\"https:\/\/unity3d.com\/legal\/privacy-policy\/unity-insider-privacy-policy\">Unity<\/a><u><\/u><\/li>\n<li><a href=\"https:\/\/policies.oath.com\/us\/en\/oath\/privacy\/index.html\">Verizon Media Group<\/a><\/li>\n<li><a href=\"https:\/\/monetize.xandr.com\/privacy-center\/\">Xandr<\/a><\/li>\n<li><a href=\"https:\/\/legal.yahoo.com\/us\/en\/yahoo\/privacy\/index.html\">Yahoo<\/a><\/li>\n<li><a href=\"http:\/\/www.yieldlab.com\/meta-navigation\/data-protection\/\">Yieldlab<\/a><\/li>\n<li><a href=\"https:\/\/www.yieldmo.com\/privacy\/\">Yieldmo<\/a><\/li>\n<\/ul>\n<\/div>\n<\/div>\n<h3>Plataformas de dados<\/h3>\n<ul>\n<li><a href=\"https:\/\/www.adobe.com\/privacy.html\">Adobe<\/a><\/li>\n<li><a href=\"https:\/\/www.advalo.com\/en\/personal-data-privacy-policy\">Advalo<\/a><\/li>\n<li><a href=\"https:\/\/www.commandersact.com\/en\/privacy\/\">Commanders Act<\/a><\/li>\n<li><a href=\"https:\/\/www.ensighten.com\/privacy-policy\/\">Ensighten<\/a><\/li>\n<li><a href=\"https:\/\/www.eulerian.com\/en\/privacy\/\">Eulerian<\/a><\/li>\n<li><a href=\"https:\/\/www.home.neustar\/privacy\">Neustar<\/a><\/li>\n<li><a href=\"https:\/\/www.mediarithmics.com\/en-us\/content\/privacy-policy\">Mediarithmics<\/a><\/li>\n<li><a href=\"https:\/\/www.mparticle.com\/privacypolicy\">mParticle<\/a><\/li>\n<li><a href=\"https:\/\/www.narrative.io\/privacy-policy\">Narrative<\/a><\/li>\n<li><a href=\"https:\/\/www.home.neustar\/privacy\">Neustar<\/a><\/li>\n<li><a href=\"https:\/\/www.nielsen.com\/us\/en\/legal\/privacy-statement\/\">Nielsen<\/a><\/li>\n<li><a href=\"https:\/\/www.oracle.com\/legal\/privacy\/marketing-cloud-data-cloud-privacy-policy.html\">Oracle<\/a><\/li>\n<li><a href=\"https:\/\/www.salesforce.com\/company\/privacy\/\">Salesforce<\/a><\/li>\n<li><a href=\"https:\/\/www.segment.com\/docs\/legal\/privacy\/\">Segment<\/a><\/li>\n<li><a href=\"https:\/\/www.signal.org\/legal\/#privacy-policy\">Signal<\/a><\/li>\n<li><a href=\"https:\/\/www.tealium.com\/privacy\/\">Tealium<\/a><\/li>\n<li><a href=\"https:\/\/www.treasuredata.com\/privacy\/\">Treasure Data<\/a><\/li>\n<li><a href=\"https:\/\/www.weborama.com\/en\/weborama-privacy-commitment\/\">Weborama<\/a><\/li>\n<li><a href=\"https:\/\/www.ysance.com\/data-services\/fr\/mentions-legales\/\">Ysance<\/a><\/li>\n<\/ul>\n<h3>Parceiros que nos permitem combinar v\u00e1rios identificadores<\/h3>\n<ul>\n<li><a href=\"https:\/\/www.thebridgecorp.com\/privacy-policy\/\">Bridge Corp<\/a><\/li>\n<li><a href=\"https:\/\/www.drawbridge.com\/privacy\/\">Drawbridge<\/a><\/li>\n<li><a href=\"https:\/\/id5.io\/platform-privacy-policy\/\">ID5<\/a><\/li>\n<li><a href=\"https:\/\/www.liveramp.com\/privacy\/\">Liveramp<\/a><\/li>\n<li><a href=\"https:\/\/www.mediawallah.com\/privacy-policy\">Mediawallah<\/a><\/li>\n<li><a href=\"https:\/\/www.oracle.com\/legal\/privacy\/marketing-cloud-data-cloud-privacy-policy.html\">Oracle<\/a><\/li>\n<li><a href=\"https:\/\/www.tapad.com\/privacy-policy\">Tapad<\/a><\/li>\n<li><a href=\"https:\/\/www.transunion.com\/privacy\/signal\">The Bright Tag<\/a><\/li>\n<li><a href=\"https:\/\/www.towerdata.com\/privacy-policy\">Tower Data<\/a><\/li>\n<li><a href=\"https:\/\/www.truedata.co\/privacy-policy\/\">TrueData<\/a><\/li>\n<\/ul>\n<h3>Parceiros que nos permitem combater fraudes<\/h3>\n<ul>\n<li><a href=\"https:\/\/integralads.com\/privacy-policy\/\">Integral Ad Science<\/a><\/li>\n<li><a href=\"https:\/\/pixalate.com\/privacypolicy\/\">Pixalate<\/a><\/li>\n<\/ul>\n<h3>Parceiros que nos permitem aproximar sua localiza\u00e7\u00e3o geral<\/h3>\n<ul>\n<li><a href=\"https:\/\/www.adsquare.com\/privacy\/\">Adsquare<\/a><\/li>\n<li><a href=\"https:\/\/www.maxmind.com\/en\/privacy-policy\">Maxmind<\/a><\/li>\n<li><a href=\"https:\/\/www.placeiq.com\/privacy\/\">PlaceIQ<\/a><\/li>\n<\/ul>\n<h3>Parceiros de audi\u00eancia<\/h3>\n<ul>\n<li><a href=\"https:\/\/www.adjust.com\/terms\/privacy-policy\/\">Adjust<\/a><\/li>\n<li><a href=\"https:\/\/www.appsflyer.com\/services-privacy-policy\">AppsFlyer<\/a><\/li>\n<li><a href=\"https:\/\/www.branch.io\/policies\/#privacy\">Branch<\/a><\/li>\n<li><a href=\"https:\/\/www.clar.io\/privacy\">Clario<\/a><\/li>\n<li><a href=\"https:\/\/www.kairos.com\/privacy\">Kairos<\/a><\/li>\n<li><a href=\"https:\/\/www.kochava.com\/support-privacy\/\">Kochava<\/a><\/li>\n<li><a href=\"https:\/\/www.facebook.com\/privacy\/policy\/\">Meta<\/a><\/li>\n<li><a href=\"https:\/\/www.singular.net\/privacy-policy\/\">Singular<\/a><\/li>\n<\/ul>\n<div class=\"lightbulb\">\n        <div class=\"content p-3 \">Essas listas s\u00e3o atualizadas regularmente.<\/div>\n    <\/div>\n","protected":false},"excerpt":{"rendered":"<p>Encorajamos voc\u00ea a ler as pol\u00edticas dos parceiros da Criteo para entender as respectivas pr\u00e1ticas de privacidade e as op\u00e7\u00f5es que apresentam para que voc\u00ea exer\u00e7a seus direitos em rela\u00e7\u00e3o aos seus dados pessoais. Plataformas SSP (Supply-Side Platforms) AdForm AdGeneration AdStir AdYouLike Affiliation AJA AOL AppLovin Axonix BidCore BidSwitch Bigo Bytedance CondigoLabs Dable Dailymotion D2C [&hellip;]<\/p>\n","protected":false},"author":9,"featured_media":0,"parent":13020,"menu_order":0,"comment_status":"closed","ping_status":"closed","template":"page-templates\/basic.php","meta":{"_acf_changed":false,"footnotes":""},"coauthors":[622],"class_list":["post-13038","page","type-page","status-publish"],"acf":{"layout_mode":"privacy-2019","has_more_content":false,"storetail_optout":false,"stae_popup_enable":false,"track_page_in_segment":false,"segment_page_name":"","additional_code":"","toc_order":"6","bevel":"peach-grapes","bevel_reversed":false,"side_text":""},"yoast_head":"<!-- This site is optimized with the Yoast SEO plugin v26.4 - https:\/\/yoast.com\/wordpress\/plugins\/seo\/ -->\n<title>Nossos parceiros | BR - Criteo.com<\/title>\n<meta name=\"description\" content=\"Access a list of Criteo&#039;s partners, with links to their privacy policies so you can understand their privacy practices and any options that they provide you for exercising your rights on data related to you.\" \/>\n<meta name=\"robots\" content=\"index, follow, max-snippet:-1, max-image-preview:large, max-video-preview:-1\" \/>\n<link rel=\"canonical\" href=\"https:\/\/www.criteo.com\/br\/privacy\/our-partners\/\" \/>\n<meta property=\"og:locale\" content=\"pt_PT\" \/>\n<meta property=\"og:type\" content=\"article\" \/>\n<meta property=\"og:title\" content=\"Nossos parceiros | BR - Criteo.com\" \/>\n<meta property=\"og:description\" content=\"Access a list of Criteo&#039;s partners, with links to their privacy policies so you can understand their privacy practices and any options that they provide you for exercising your rights on data related to you.\" \/>\n<meta property=\"og:url\" content=\"https:\/\/www.criteo.com\/br\/privacy\/our-partners\/\" \/>\n<meta property=\"og:site_name\" content=\"BR - Criteo.com\" \/>\n<meta property=\"article:modified_time\" content=\"2025-10-29T13:58:14+00:00\" \/>\n<meta name=\"twitter:card\" content=\"summary_large_image\" \/>\n<meta name=\"twitter:label1\" content=\"Est. reading time\" \/>\n\t<meta name=\"twitter:data1\" content=\"2 minutes\" \/>\n<script type=\"application\/ld+json\" class=\"yoast-schema-graph\">{\n\t    \"@context\": \"https:\/\/schema.org\",\n\t    \"@graph\": [\n\t        {\n\t            \"@type\": \"WebPage\",\n\t            \"@id\": \"https:\/\/www.criteo.com\/br\/privacy\/our-partners\/\",\n\t            \"url\": \"https:\/\/www.criteo.com\/br\/privacy\/our-partners\/\",\n\t            \"name\": \"Nossos parceiros | BR - Criteo.com\",\n\t            \"isPartOf\": {\n\t                \"@id\": \"https:\/\/www.criteo.com\/br\/#website\"\n\t            },\n\t            \"datePublished\": \"2020-07-08T18:25:58+00:00\",\n\t            \"dateModified\": \"2025-10-29T13:58:14+00:00\",\n\t            \"description\": \"Access a list of Criteo's partners, with links to their privacy policies so you can understand their privacy practices and any options that they provide you for exercising your rights on data related to you.\",\n\t            \"breadcrumb\": {\n\t                \"@id\": \"https:\/\/www.criteo.com\/br\/privacy\/our-partners\/#breadcrumb\"\n\t            },\n\t            \"inLanguage\": \"pt-PT\",\n\t            \"potentialAction\": [\n\t                {\n\t                    \"@type\": \"ReadAction\",\n\t                    \"target\": [\n\t                        \"https:\/\/www.criteo.com\/br\/privacy\/our-partners\/\"\n\t                    ]\n\t                }\n\t            ]\n\t        },\n\t        {\n\t            \"@type\": \"BreadcrumbList\",\n\t            \"@id\": \"https:\/\/www.criteo.com\/br\/privacy\/our-partners\/#breadcrumb\",\n\t            \"itemListElement\": [\n\t                {\n\t                    \"@type\": \"ListItem\",\n\t                    \"position\": 1,\n\t                    \"name\": \"Home\",\n\t                    \"item\": \"https:\/\/www.criteo.com\/br\/\"\n\t                },\n\t                {\n\t                    \"@type\": \"ListItem\",\n\t                    \"position\": 2,\n\t                    \"name\": \"Pol\u00edtica de Privacidade\",\n\t                    \"item\": \"https:\/\/www.criteo.com\/br\/privacy\/\"\n\t                },\n\t                {\n\t                    \"@type\": \"ListItem\",\n\t                    \"position\": 3,\n\t                    \"name\": \"Nossos parceiros\"\n\t                }\n\t            ]\n\t        },\n\t        {\n\t            \"@type\": \"WebSite\",\n\t            \"@id\": \"https:\/\/www.criteo.com\/br\/#website\",\n\t            \"url\": \"https:\/\/www.criteo.com\/br\/\",\n\t            \"name\": \"BR - Criteo.com\",\n\t            \"description\": \"\",\n\t            \"publisher\": {\n\t                \"@id\": \"https:\/\/www.criteo.com\/br\/#organization\"\n\t            },\n\t            \"potentialAction\": [\n\t                {\n\t                    \"@type\": \"SearchAction\",\n\t                    \"target\": {\n\t                        \"@type\": \"EntryPoint\",\n\t                        \"urlTemplate\": \"https:\/\/www.criteo.com\/br\/?s={search_term_string}\"\n\t                    },\n\t                    \"query-input\": {\n\t                        \"@type\": \"PropertyValueSpecification\",\n\t                        \"valueRequired\": true,\n\t                        \"valueName\": \"search_term_string\"\n\t                    }\n\t                }\n\t            ],\n\t            \"inLanguage\": \"pt-PT\"\n\t        },\n\t        {\n\t            \"@type\": \"Organization\",\n\t            \"@id\": \"https:\/\/www.criteo.com\/br\/#organization\",\n\t            \"name\": \"Criteo\",\n\t            \"alternateName\": \"Criteo corp\",\n\t            \"url\": \"https:\/\/www.criteo.com\/br\/\",\n\t            \"logo\": {\n\t                \"@type\": \"ImageObject\",\n\t                \"inLanguage\": \"pt-PT\",\n\t                \"@id\": \"https:\/\/www.criteo.com\/br\/#\/schema\/logo\/image\/\",\n\t                \"url\": \"https:\/\/www.criteo.com\/br\/wp-content\/uploads\/sites\/5\/2024\/02\/Criteo-Logo.svg\",\n\t                \"contentUrl\": \"https:\/\/www.criteo.com\/br\/wp-content\/uploads\/sites\/5\/2024\/02\/Criteo-Logo.svg\",\n\t                \"width\": 118,\n\t                \"height\": 24,\n\t                \"caption\": \"Criteo\"\n\t            },\n\t            \"image\": {\n\t                \"@id\": \"https:\/\/www.criteo.com\/br\/#\/schema\/logo\/image\/\"\n\t            }\n\t        }\n\t    ]\n\t}<\/script>\n<!-- \/ Yoast SEO plugin. -->","yoast_head_json":{"title":"Nossos parceiros | BR - Criteo.com","description":"Access a list of Criteo's partners, with links to their privacy policies so you can understand their privacy practices and any options that they provide you for exercising your rights on data related to you.","robots":{"index":"index","follow":"follow","max-snippet":"max-snippet:-1","max-image-preview":"max-image-preview:large","max-video-preview":"max-video-preview:-1"},"canonical":"https:\/\/www.criteo.com\/br\/privacy\/our-partners\/","og_locale":"pt_PT","og_type":"article","og_title":"Nossos parceiros | BR - Criteo.com","og_description":"Access a list of Criteo's partners, with links to their privacy policies so you can understand their privacy practices and any options that they provide you for exercising your rights on data related to you.","og_url":"https:\/\/www.criteo.com\/br\/privacy\/our-partners\/","og_site_name":"BR - Criteo.com","article_modified_time":"2025-10-29T13:58:14+00:00","twitter_card":"summary_large_image","twitter_misc":{"Est. reading time":"2 minutes"},"schema":{"@context":"https:\/\/schema.org","@graph":[{"@type":"WebPage","@id":"https:\/\/www.criteo.com\/br\/privacy\/our-partners\/","url":"https:\/\/www.criteo.com\/br\/privacy\/our-partners\/","name":"Nossos parceiros | BR - Criteo.com","isPartOf":{"@id":"https:\/\/www.criteo.com\/br\/#website"},"datePublished":"2020-07-08T18:25:58+00:00","dateModified":"2025-10-29T13:58:14+00:00","description":"Access a list of Criteo's partners, with links to their privacy policies so you can understand their privacy practices and any options that they provide you for exercising your rights on data related to you.","breadcrumb":{"@id":"https:\/\/www.criteo.com\/br\/privacy\/our-partners\/#breadcrumb"},"inLanguage":"pt-PT","potentialAction":[{"@type":"ReadAction","target":["https:\/\/www.criteo.com\/br\/privacy\/our-partners\/"]}]},{"@type":"BreadcrumbList","@id":"https:\/\/www.criteo.com\/br\/privacy\/our-partners\/#breadcrumb","itemListElement":[{"@type":"ListItem","position":1,"name":"Home","item":"https:\/\/www.criteo.com\/br\/"},{"@type":"ListItem","position":2,"name":"Pol\u00edtica de Privacidade","item":"https:\/\/www.criteo.com\/br\/privacy\/"},{"@type":"ListItem","position":3,"name":"Nossos parceiros"}]},{"@type":"WebSite","@id":"https:\/\/www.criteo.com\/br\/#website","url":"https:\/\/www.criteo.com\/br\/","name":"BR - Criteo.com","description":"","publisher":{"@id":"https:\/\/www.criteo.com\/br\/#organization"},"potentialAction":[{"@type":"SearchAction","target":{"@type":"EntryPoint","urlTemplate":"https:\/\/www.criteo.com\/br\/?s={search_term_string}"},"query-input":{"@type":"PropertyValueSpecification","valueRequired":true,"valueName":"search_term_string"}}],"inLanguage":"pt-PT"},{"@type":"Organization","@id":"https:\/\/www.criteo.com\/br\/#organization","name":"Criteo","alternateName":"Criteo corp","url":"https:\/\/www.criteo.com\/br\/","logo":{"@type":"ImageObject","inLanguage":"pt-PT","@id":"https:\/\/www.criteo.com\/br\/#\/schema\/logo\/image\/","url":"https:\/\/www.criteo.com\/br\/wp-content\/uploads\/sites\/5\/2024\/02\/Criteo-Logo.svg","contentUrl":"https:\/\/www.criteo.com\/br\/wp-content\/uploads\/sites\/5\/2024\/02\/Criteo-Logo.svg","width":118,"height":24,"caption":"Criteo"},"image":{"@id":"https:\/\/www.criteo.com\/br\/#\/schema\/logo\/image\/"}}]}},"_links":{"self":[{"href":"https:\/\/www.criteo.com\/br\/wp-json\/wp\/v2\/pages\/13038","targetHints":{"allow":["GET"]}}],"collection":[{"href":"https:\/\/www.criteo.com\/br\/wp-json\/wp\/v2\/pages"}],"about":[{"href":"https:\/\/www.criteo.com\/br\/wp-json\/wp\/v2\/types\/page"}],"author":[{"embeddable":true,"href":"https:\/\/www.criteo.com\/br\/wp-json\/wp\/v2\/users\/9"}],"replies":[{"embeddable":true,"href":"https:\/\/www.criteo.com\/br\/wp-json\/wp\/v2\/comments?post=13038"}],"version-history":[{"count":20,"href":"https:\/\/www.criteo.com\/br\/wp-json\/wp\/v2\/pages\/13038\/revisions"}],"predecessor-version":[{"id":19709,"href":"https:\/\/www.criteo.com\/br\/wp-json\/wp\/v2\/pages\/13038\/revisions\/19709"}],"up":[{"embeddable":true,"href":"https:\/\/www.criteo.com\/br\/wp-json\/wp\/v2\/pages\/13020"}],"wp:attachment":[{"href":"https:\/\/www.criteo.com\/br\/wp-json\/wp\/v2\/media?parent=13038"}],"wp:term":[{"taxonomy":"author","embeddable":true,"href":"https:\/\/www.criteo.com\/br\/wp-json\/wp\/v2\/coauthors?post=13038"}],"curies":[{"name":"wp","href":"https:\/\/api.w.org\/{rel}","templated":true}]}}