{"id":13039,"date":"2020-07-24T02:55:55","date_gmt":"2020-07-24T02:55:55","guid":{"rendered":"http:\/\/www.criteo.com\/br\/?page_id=13039"},"modified":"2025-04-15T18:54:37","modified_gmt":"2025-04-15T18:54:37","slug":"ccpa-privacy-policy","status":"publish","type":"page","link":"https:\/\/www.criteo.com\/br\/privacy\/ccpa-privacy-policy\/","title":{"rendered":"Pol\u00edtica de Privacidade CCPA"},"content":{"rendered":"<p>Observe que o conte\u00fado desta pol\u00edtica de privacidade, destinado unicamente a fornecer aos residentes da Calif\u00f3rnia informa\u00e7\u00f5es relevantes de acordo com a Lei de Privacidade do Consumidor da Calif\u00f3rnia (CCPA, California Consumer Privacy Act), deve ser interpretado como complemento, e n\u00e3o no lugar da Pol\u00edtica de Privacidade completa da Criteo, dispon\u00edvel <a href=\"https:\/\/www.criteo.com\/br\/privacy\/\">aqui<\/a>.<\/p>\n<p>Se voc\u00ea for residente da Calif\u00f3rnia, a CCPA concede-lhe v\u00e1rios direitos. Para exerc\u00ea-los, assegure-os por meio de uma procura\u00e7\u00e3o.<\/p>\n<p>&nbsp;<\/p>\n<h4>O direito de saber<\/h4>\n<p>Voc\u00ea tem o direito de solicitar que a Criteo divulgue quais informa\u00e7\u00f5es pessoais coletamos, usamos, divulgamos, compartilhamos ou vendemos.<\/p>\n<p>Para obter uma c\u00f3pia das informa\u00e7\u00f5es pessoais que podemos ter sobre voc\u00ea no momento, envie-nos um email para <a href=\"mailto:dpo@criteo.com\">dpo@criteo.com<\/a>.<\/p>\n<p>&nbsp;<\/p>\n<h4>O direito de exclus\u00e3o<\/h4>\n<p>Voc\u00ea tem o direito de solicitar que a Criteo exclua as informa\u00e7\u00f5es pessoais que temos sobre voc\u00ea no momento.<\/p>\n<p>Para exercer esse direito, sigas as instru\u00e7\u00f5es dispon\u00edveis clicando no bot\u00e3o &#8220;Desativar servi\u00e7os da Criteo&#8221; abaixo.<\/p>\n<p>&nbsp;<\/p>\n<h4>Direito de corrigir<\/h4>\n<p>Voc\u00ea tem o direito de solicitar que a Criteo corrija informa\u00e7\u00f5es pessoais incorretas.<\/p>\n<p>Para exercer esse direito, envie-nos um email para <a href=\"mailto:dpo@criteo.com\">dpo@criteo.com<\/a>.<\/p>\n<p>&nbsp;<\/p>\n<h4>Direito de desativar a \u201cVenda\u201d ou o &#8220;Compartilhamento&#8221; de Informa\u00e7\u00f5es Pessoais<\/h4>\n<p>Se voc\u00ea for residente da Calif\u00f3rnia, a CCPA permite que voc\u00ea solicite que a Criteo n\u00e3o \u201cvenda\u201d ou &#8220;compartilhe&#8221; mais suas informa\u00e7\u00f5es pessoais.<\/p>\n<p>Para desativar essas \u201cvendas\u201d ou &#8220;compartilhamento&#8221; e desativar os Servi\u00e7os da Criteo de modo mais geral, siga as instru\u00e7\u00f5es dispon\u00edveis clicando no bot\u00e3o abaixo:<\/p>\n<div class=\"\"><a id=\"\" href=\"https:\/\/www.criteo.com\/br\/privacy\/disable-criteo-services-on-internet-browsers\/\">\n<button class=\"button button__orange-bg shortcode-btn\">\n<span>Desativar servi\u00e7os da Criteo<\/span>\n<\/button>\n<\/a><\/div>\n<p>&nbsp;<\/p>\n<p>&nbsp;<\/p>\n<h4>Direito \u00e0 n\u00e3o discrimina\u00e7\u00e3o pelo exerc\u00edcio dos direitos de privacidade do consumidor<\/h4>\n<p>Voc\u00ea tem o direito de n\u00e3o receber tratamento discriminat\u00f3rio pelo exerc\u00edcio dos direitos de privacidade conferidos pela CCPA.<\/p>\n<p><strong>Informa\u00e7\u00f5es pessoais que coletamos sobre voc\u00ea e por que as coletamos<\/strong><\/p>\n<p>A Criteo coleta as seguintes categorias de informa\u00e7\u00f5es pessoais com a finalidade de exibir an\u00fancios personalizados:<\/p>\n<ul>\n<li>Identificadores (por exemplo, IDs de Cookies, IDs de Publicidade Mobile, endere\u00e7os de email com hash, endere\u00e7os IP, agente do usu\u00e1rio (User Agent) etc.)<\/li>\n<li>Informa\u00e7\u00f5es de atividades na internet ou em outra rede eletr\u00f4nica:\n<ul>\n<li>Hist\u00f3rico de navega\u00e7\u00e3o (por exemplo, URL dos sites navegados, nome dos apps abertos)<\/li>\n<li>Intera\u00e7\u00f5es com site, app mobile ou an\u00fancio (por exemplo, an\u00fancios vistos, clicados, etc.)<\/li>\n<\/ul>\n<\/li>\n<li>Informa\u00e7\u00f5es comerciais, incluindo registros de produtos ou servi\u00e7os comprados, obtidos ou considerados (por exemplo, produtos vistos, colocados no carrinho, comprados)<\/li>\n<\/ul>\n<p>Nos doze (12) meses anteriores, compartilhamos e\/ou vendemos as categorias de informa\u00e7\u00f5es pessoais acima mencionadas para fornecer publicidade comportamental de contexto cruzado com as categorias de terceiros descritas em &#8220;As categorias de destinat\u00e1rios dos seus dados&#8221; \u2014 como plataformas de tecnologia publicit\u00e1ria, parceiros de mensura\u00e7\u00e3o e anunciantes, na se\u00e7\u00e3o <a href=\"https:\/\/www.criteo.com\/br\/privacy\/how-we-use-your-data\/\">&#8220;Como usamos seus dados&#8221;<\/a>.<\/p>\n<p>Coletamos dados principalmente para marketing, publicidade (publicidade personalizada com base na sua navega\u00e7\u00e3o em diferentes sites e aplicativos) e servi\u00e7os anal\u00edticos. Al\u00e9m disso, usamos os dados coletados para:<\/p>\n<ul>\n<li>Auditoria: Contagem de impress\u00f5es de an\u00fancios e verifica\u00e7\u00e3o de qualidade com IDs exclusivos.<\/li>\n<li>Depura\u00e7\u00e3o: Corre\u00e7\u00e3o de erros para manter os servi\u00e7os funcionais.<\/li>\n<li>Seguran\u00e7a: Detectar e proteger contra amea\u00e7as.<\/li>\n<li>Pesquisa e Desenvolvimento: Pesquisa para desenvolvimento de tecnologia e performance de servi\u00e7os.<\/li>\n<li>Qualidade e Seguran\u00e7a: Melhorar a qualidade e a seguran\u00e7a dos nossos servi\u00e7os.<\/li>\n<\/ul>\n<p>Divulgamos dados pessoais para fins comerciais, conforme descrito acima. As categorias de informa\u00e7\u00f5es pessoais s\u00e3o divulgadas ou compartilhadas com as categorias de terceiros descritas em &#8220;As categorias de destinat\u00e1rios dos seus dados&#8221; na se\u00e7\u00e3o <a href=\"https:\/\/www.criteo.com\/br\/privacy\/how-we-use-your-data\/\">&#8220;Como usamos seus dados&#8221;<\/a>.<\/p>\n<p>Para saber mais sobre as categorias de informa\u00e7\u00f5es pessoais que coletamos, as categorias de fontes das quais as informa\u00e7\u00f5es pessoais s\u00e3o coletadas e as categorias de terceiros com os quais podemos compartilhar informa\u00e7\u00f5es pessoais, consulte <a href=\"https:\/\/www.criteo.com\/br\/privacy\/how-we-use-your-data\/\">&#8220;Como usamos seus dados&#8221;<\/a>. A tabela explica nossas pr\u00e1ticas atuais e dos \u00faltimos 12 meses.<\/p>\n<p>De acordo com nossas <a href=\"https:\/\/www.criteo.com\/br\/advertising-guidelines\/\">Diretrizes para Publicidade<\/a> e <a href=\"https:\/\/www.criteo.com\/br\/supply-partner-guidelines\/\">Diretrizes para Publishers Parceiros<\/a>, n\u00e3o coletamos intencionalmente informa\u00e7\u00f5es pessoais de menores de 16 anos.<\/p>\n<p><strong>Informa\u00e7\u00f5es de contato<\/strong><\/p>\n<p>Voc\u00ea pode entrar em contato com nosso Encarregado de Prote\u00e7\u00e3o de Dados (Data Protection Officer):<\/p>\n<ul>\n<li>Por e-mail:\u00a0<a href=\"mailto:dpo@criteo.com\">dpo@criteo.com<\/a><\/li>\n<li>Por correio: DPO-CRITEO \u2014 32 Rue Blanche \u2014 75009, Paris \u2014 France<\/li>\n<\/ul>\n<p>&nbsp;<\/p>\n<p>\u00daltima atualiza\u00e7\u00e3o: 18\/03\/25<\/p>\n","protected":false},"excerpt":{"rendered":"<p>Observe que o conte\u00fado desta pol\u00edtica de privacidade, destinado unicamente a fornecer aos residentes da Calif\u00f3rnia informa\u00e7\u00f5es relevantes de acordo com a Lei de Privacidade do Consumidor da Calif\u00f3rnia (CCPA, California Consumer Privacy Act), deve ser interpretado como complemento, e n\u00e3o no lugar da Pol\u00edtica de Privacidade completa da Criteo, dispon\u00edvel aqui. Se voc\u00ea for [&hellip;]<\/p>\n","protected":false},"author":9,"featured_media":0,"parent":13020,"menu_order":0,"comment_status":"closed","ping_status":"closed","template":"page-templates\/basic.php","meta":{"_acf_changed":false,"footnotes":""},"coauthors":[622],"class_list":["post-13039","page","type-page","status-publish"],"acf":{"layout_mode":"privacy-2019","has_more_content":false,"storetail_optout":false,"stae_popup_enable":false,"track_page_in_segment":false,"segment_page_name":"","additional_code":"","toc_order":"8","bevel":"peach-grapes","bevel_reversed":false,"side_text":""},"yoast_head":"<!-- This site is optimized with the Yoast SEO plugin v26.4 - https:\/\/yoast.com\/wordpress\/plugins\/seo\/ -->\n<title>Pol\u00edtica de Privacidade CCPA | BR - Criteo.com<\/title>\n<meta name=\"description\" content=\"O conte\u00fado desta pol\u00edtica de privacidade \u00e9 destinada a fornecer aos residentes da Calif\u00f3rnia informa\u00e7\u00f5es relevantes de acordo com a Lei de Privacidade do Consumidor da Calif\u00f3rnia (CCPA, California Consumer Protection Act).\" \/>\n<meta name=\"robots\" content=\"index, follow, max-snippet:-1, max-image-preview:large, max-video-preview:-1\" \/>\n<link rel=\"canonical\" href=\"https:\/\/www.criteo.com\/br\/privacy\/ccpa-privacy-policy\/\" \/>\n<meta property=\"og:locale\" content=\"pt_PT\" \/>\n<meta property=\"og:type\" content=\"article\" \/>\n<meta property=\"og:title\" content=\"Pol\u00edtica de Privacidade CCPA | BR - Criteo.com\" \/>\n<meta property=\"og:description\" content=\"O conte\u00fado desta pol\u00edtica de privacidade \u00e9 destinada a fornecer aos residentes da Calif\u00f3rnia informa\u00e7\u00f5es relevantes de acordo com a Lei de Privacidade do Consumidor da Calif\u00f3rnia (CCPA, California Consumer Protection Act).\" \/>\n<meta property=\"og:url\" content=\"https:\/\/www.criteo.com\/br\/privacy\/ccpa-privacy-policy\/\" \/>\n<meta property=\"og:site_name\" content=\"BR - Criteo.com\" \/>\n<meta property=\"article:modified_time\" content=\"2025-04-15T18:54:37+00:00\" \/>\n<meta name=\"twitter:card\" content=\"summary_large_image\" \/>\n<meta name=\"twitter:label1\" content=\"Est. reading time\" \/>\n\t<meta name=\"twitter:data1\" content=\"4 minutes\" \/>\n<script type=\"application\/ld+json\" class=\"yoast-schema-graph\">{\n\t    \"@context\": \"https:\/\/schema.org\",\n\t    \"@graph\": [\n\t        {\n\t            \"@type\": \"WebPage\",\n\t            \"@id\": \"https:\/\/www.criteo.com\/br\/privacy\/ccpa-privacy-policy\/\",\n\t            \"url\": \"https:\/\/www.criteo.com\/br\/privacy\/ccpa-privacy-policy\/\",\n\t            \"name\": \"Pol\u00edtica de Privacidade CCPA | BR - Criteo.com\",\n\t            \"isPartOf\": {\n\t                \"@id\": \"https:\/\/www.criteo.com\/br\/#website\"\n\t            },\n\t            \"datePublished\": \"2020-07-24T02:55:55+00:00\",\n\t            \"dateModified\": \"2025-04-15T18:54:37+00:00\",\n\t            \"description\": \"O conte\u00fado desta pol\u00edtica de privacidade \u00e9 destinada a fornecer aos residentes da Calif\u00f3rnia informa\u00e7\u00f5es relevantes de acordo com a Lei de Privacidade do Consumidor da Calif\u00f3rnia (CCPA, California Consumer Protection Act).\",\n\t            \"breadcrumb\": {\n\t                \"@id\": \"https:\/\/www.criteo.com\/br\/privacy\/ccpa-privacy-policy\/#breadcrumb\"\n\t            },\n\t            \"inLanguage\": \"pt-PT\",\n\t            \"potentialAction\": [\n\t                {\n\t                    \"@type\": \"ReadAction\",\n\t                    \"target\": [\n\t                        \"https:\/\/www.criteo.com\/br\/privacy\/ccpa-privacy-policy\/\"\n\t                    ]\n\t                }\n\t            ]\n\t        },\n\t        {\n\t            \"@type\": \"BreadcrumbList\",\n\t            \"@id\": \"https:\/\/www.criteo.com\/br\/privacy\/ccpa-privacy-policy\/#breadcrumb\",\n\t            \"itemListElement\": [\n\t                {\n\t                    \"@type\": \"ListItem\",\n\t                    \"position\": 1,\n\t                    \"name\": \"Home\",\n\t                    \"item\": \"https:\/\/www.criteo.com\/br\/\"\n\t                },\n\t                {\n\t                    \"@type\": \"ListItem\",\n\t                    \"position\": 2,\n\t                    \"name\": \"Pol\u00edtica de Privacidade\",\n\t                    \"item\": \"https:\/\/www.criteo.com\/br\/privacy\/\"\n\t                },\n\t                {\n\t                    \"@type\": \"ListItem\",\n\t                    \"position\": 3,\n\t                    \"name\": \"Pol\u00edtica de Privacidade CCPA\"\n\t                }\n\t            ]\n\t        },\n\t        {\n\t            \"@type\": \"WebSite\",\n\t            \"@id\": \"https:\/\/www.criteo.com\/br\/#website\",\n\t            \"url\": \"https:\/\/www.criteo.com\/br\/\",\n\t            \"name\": \"BR - Criteo.com\",\n\t            \"description\": \"\",\n\t            \"publisher\": {\n\t                \"@id\": \"https:\/\/www.criteo.com\/br\/#organization\"\n\t            },\n\t            \"potentialAction\": [\n\t                {\n\t                    \"@type\": \"SearchAction\",\n\t                    \"target\": {\n\t                        \"@type\": \"EntryPoint\",\n\t                        \"urlTemplate\": \"https:\/\/www.criteo.com\/br\/?s={search_term_string}\"\n\t                    },\n\t                    \"query-input\": {\n\t                        \"@type\": \"PropertyValueSpecification\",\n\t                        \"valueRequired\": true,\n\t                        \"valueName\": \"search_term_string\"\n\t                    }\n\t                }\n\t            ],\n\t            \"inLanguage\": \"pt-PT\"\n\t        },\n\t        {\n\t            \"@type\": \"Organization\",\n\t            \"@id\": \"https:\/\/www.criteo.com\/br\/#organization\",\n\t            \"name\": \"Criteo\",\n\t            \"alternateName\": \"Criteo corp\",\n\t            \"url\": \"https:\/\/www.criteo.com\/br\/\",\n\t            \"logo\": {\n\t                \"@type\": \"ImageObject\",\n\t                \"inLanguage\": \"pt-PT\",\n\t                \"@id\": \"https:\/\/www.criteo.com\/br\/#\/schema\/logo\/image\/\",\n\t                \"url\": \"https:\/\/www.criteo.com\/br\/wp-content\/uploads\/sites\/5\/2024\/02\/Criteo-Logo.svg\",\n\t                \"contentUrl\": \"https:\/\/www.criteo.com\/br\/wp-content\/uploads\/sites\/5\/2024\/02\/Criteo-Logo.svg\",\n\t                \"width\": 118,\n\t                \"height\": 24,\n\t                \"caption\": \"Criteo\"\n\t            },\n\t            \"image\": {\n\t                \"@id\": \"https:\/\/www.criteo.com\/br\/#\/schema\/logo\/image\/\"\n\t            }\n\t        }\n\t    ]\n\t}<\/script>\n<!-- \/ Yoast SEO plugin. -->","yoast_head_json":{"title":"Pol\u00edtica de Privacidade CCPA | BR - Criteo.com","description":"O conte\u00fado desta pol\u00edtica de privacidade \u00e9 destinada a fornecer aos residentes da Calif\u00f3rnia informa\u00e7\u00f5es relevantes de acordo com a Lei de Privacidade do Consumidor da Calif\u00f3rnia (CCPA, California Consumer Protection Act).","robots":{"index":"index","follow":"follow","max-snippet":"max-snippet:-1","max-image-preview":"max-image-preview:large","max-video-preview":"max-video-preview:-1"},"canonical":"https:\/\/www.criteo.com\/br\/privacy\/ccpa-privacy-policy\/","og_locale":"pt_PT","og_type":"article","og_title":"Pol\u00edtica de Privacidade CCPA | BR - Criteo.com","og_description":"O conte\u00fado desta pol\u00edtica de privacidade \u00e9 destinada a fornecer aos residentes da Calif\u00f3rnia informa\u00e7\u00f5es relevantes de acordo com a Lei de Privacidade do Consumidor da Calif\u00f3rnia (CCPA, California Consumer Protection Act).","og_url":"https:\/\/www.criteo.com\/br\/privacy\/ccpa-privacy-policy\/","og_site_name":"BR - Criteo.com","article_modified_time":"2025-04-15T18:54:37+00:00","twitter_card":"summary_large_image","twitter_misc":{"Est. reading time":"4 minutes"},"schema":{"@context":"https:\/\/schema.org","@graph":[{"@type":"WebPage","@id":"https:\/\/www.criteo.com\/br\/privacy\/ccpa-privacy-policy\/","url":"https:\/\/www.criteo.com\/br\/privacy\/ccpa-privacy-policy\/","name":"Pol\u00edtica de Privacidade CCPA | BR - Criteo.com","isPartOf":{"@id":"https:\/\/www.criteo.com\/br\/#website"},"datePublished":"2020-07-24T02:55:55+00:00","dateModified":"2025-04-15T18:54:37+00:00","description":"O conte\u00fado desta pol\u00edtica de privacidade \u00e9 destinada a fornecer aos residentes da Calif\u00f3rnia informa\u00e7\u00f5es relevantes de acordo com a Lei de Privacidade do Consumidor da Calif\u00f3rnia (CCPA, California Consumer Protection Act).","breadcrumb":{"@id":"https:\/\/www.criteo.com\/br\/privacy\/ccpa-privacy-policy\/#breadcrumb"},"inLanguage":"pt-PT","potentialAction":[{"@type":"ReadAction","target":["https:\/\/www.criteo.com\/br\/privacy\/ccpa-privacy-policy\/"]}]},{"@type":"BreadcrumbList","@id":"https:\/\/www.criteo.com\/br\/privacy\/ccpa-privacy-policy\/#breadcrumb","itemListElement":[{"@type":"ListItem","position":1,"name":"Home","item":"https:\/\/www.criteo.com\/br\/"},{"@type":"ListItem","position":2,"name":"Pol\u00edtica de Privacidade","item":"https:\/\/www.criteo.com\/br\/privacy\/"},{"@type":"ListItem","position":3,"name":"Pol\u00edtica de Privacidade CCPA"}]},{"@type":"WebSite","@id":"https:\/\/www.criteo.com\/br\/#website","url":"https:\/\/www.criteo.com\/br\/","name":"BR - Criteo.com","description":"","publisher":{"@id":"https:\/\/www.criteo.com\/br\/#organization"},"potentialAction":[{"@type":"SearchAction","target":{"@type":"EntryPoint","urlTemplate":"https:\/\/www.criteo.com\/br\/?s={search_term_string}"},"query-input":{"@type":"PropertyValueSpecification","valueRequired":true,"valueName":"search_term_string"}}],"inLanguage":"pt-PT"},{"@type":"Organization","@id":"https:\/\/www.criteo.com\/br\/#organization","name":"Criteo","alternateName":"Criteo corp","url":"https:\/\/www.criteo.com\/br\/","logo":{"@type":"ImageObject","inLanguage":"pt-PT","@id":"https:\/\/www.criteo.com\/br\/#\/schema\/logo\/image\/","url":"https:\/\/www.criteo.com\/br\/wp-content\/uploads\/sites\/5\/2024\/02\/Criteo-Logo.svg","contentUrl":"https:\/\/www.criteo.com\/br\/wp-content\/uploads\/sites\/5\/2024\/02\/Criteo-Logo.svg","width":118,"height":24,"caption":"Criteo"},"image":{"@id":"https:\/\/www.criteo.com\/br\/#\/schema\/logo\/image\/"}}]}},"_links":{"self":[{"href":"https:\/\/www.criteo.com\/br\/wp-json\/wp\/v2\/pages\/13039","targetHints":{"allow":["GET"]}}],"collection":[{"href":"https:\/\/www.criteo.com\/br\/wp-json\/wp\/v2\/pages"}],"about":[{"href":"https:\/\/www.criteo.com\/br\/wp-json\/wp\/v2\/types\/page"}],"author":[{"embeddable":true,"href":"https:\/\/www.criteo.com\/br\/wp-json\/wp\/v2\/users\/9"}],"replies":[{"embeddable":true,"href":"https:\/\/www.criteo.com\/br\/wp-json\/wp\/v2\/comments?post=13039"}],"version-history":[{"count":8,"href":"https:\/\/www.criteo.com\/br\/wp-json\/wp\/v2\/pages\/13039\/revisions"}],"predecessor-version":[{"id":18854,"href":"https:\/\/www.criteo.com\/br\/wp-json\/wp\/v2\/pages\/13039\/revisions\/18854"}],"up":[{"embeddable":true,"href":"https:\/\/www.criteo.com\/br\/wp-json\/wp\/v2\/pages\/13020"}],"wp:attachment":[{"href":"https:\/\/www.criteo.com\/br\/wp-json\/wp\/v2\/media?parent=13039"}],"wp:term":[{"taxonomy":"author","embeddable":true,"href":"https:\/\/www.criteo.com\/br\/wp-json\/wp\/v2\/coauthors?post=13039"}],"curies":[{"name":"wp","href":"https:\/\/api.w.org\/{rel}","templated":true}]}}