{"id":16853,"date":"2022-10-06T16:13:15","date_gmt":"2022-10-06T16:13:15","guid":{"rendered":"https:\/\/www.criteo.com\/br\/?page_id=16853"},"modified":"2022-10-25T13:59:33","modified_gmt":"2022-10-25T13:59:33","slug":"product-ethics","status":"publish","type":"page","link":"https:\/\/www.criteo.com\/br\/product-ethics\/","title":{"rendered":"Product Ethics"},"content":{"rendered":"","protected":false},"excerpt":{"rendered":"","protected":false},"author":9,"featured_media":0,"parent":0,"menu_order":0,"comment_status":"closed","ping_status":"closed","template":"page-templates\/pageModular2020.php","meta":{"_acf_changed":false,"footnotes":""},"coauthors":[],"class_list":["post-16853","page","type-page","status-publish"],"acf":{"track_page_in_segment":false,"segment_page_name":"","remove_header":false,"add_password_protected_layout":false,"layouts":[{"acf_fc_layout":"anchor_menu","anchor_menu":{"section_customization":{"anchor_id":"","background_type":"image","background_color":{"color":"Sunrise"},"background_gradient":"","background_image":"https:\/\/www.criteo.com\/br\/wp-content\/uploads\/sites\/5\/2022\/06\/Connected-TV-Header-BG.svg","background_image_position":"center-bottom","background_overlay":"none","use_custom_paddings":false,"custom_padding":{"desktop_top":"","desktop_bottom":"","mobile_top":"","mobile_bottom":""},"use_custom_margins":false,"custom_margins":{"desktop_top_margin":"","desktop_bottom_margin":"","mobile_top_margin":"","mobile_bottom_margin":""}},"intro":{"intro":{"show_intro_block":true,"image_as_caption":false,"image":false,"caption":"\u00c9tica do Produto","caption_is_page_title":true,"title":"Orientando nossas pr\u00e1ticas de publicidade","title_size":"h2","description":"<p>O Comit\u00ea de \u00c9tica do Produto da Criteo atua como \u00f3rg\u00e3o central e multifuncional para promover uma cultura de publicidade orientada por IA \u00e9tica, respons\u00e1vel e confi\u00e1vel em todas as atividades da Criteo.<\/p>\n","description_font_size":"larger"}},"wider_intro":true,"mobile_left_align":false,"menu":false}},{"acf_fc_layout":"product_details","product_details":{"section_customization":{"anchor_id":"","background_type":"none","background_color":{"color":"Sunrise"},"background_gradient":"","background_image":false,"background_image_position":"center-center","background_overlay":"none","use_custom_paddings":false,"custom_padding":{"desktop_top":"","desktop_bottom":"","mobile_top":"","mobile_bottom":""},"use_custom_margins":false,"custom_margins":{"desktop_top_margin":"","desktop_bottom_margin":"","mobile_top_margin":"","mobile_bottom_margin":""}},"intro":{"intro":{"show_intro_block":false,"image_as_caption":false,"image":false,"caption":"","caption_is_page_title":false,"title":"Our approach to Product Ethics","title_size":"h4","description":"<p>As a global commerce media company that enables marketers and media owners to drive better commerce outcomes, Criteo aims to embed an ethical approach at each stage of its product development and supply chain.<\/p>\n","description_font_size":"default"}},"row_nums":"multiple","intro_inside_a_column":false,"switch_columns":false,"use_wider_layout":false,"use_wider_intro":false,"add_additional_boxes_below":false,"add_three_stats_above":false,"top_align_columns":true,"uo_list_style_discs":false,"":null,"stats":false,"media_type":"image","image":false,"background_wave":false,"video_iframe_url":"","icon":false,"subtitle":"","description":"","link_list":false,"stack_links":false,"block_links":false,"cta_button":{"type":"internal","text":"","link_internal":null,"link_media":false,"link_external":"","link_embed":"","link_email":"","email_subject":"","page_element_id":"","variant":"default","ai_variant":"gradient-border","icon":"none","ai_icon":"none","new_window":[],"track_button":false,"button_location":false,"event_type":false,"button_classes":"","button_message":""},"product_detail_rows":[{"media_type":"image","image":{"ID":16854,"id":16854,"title":"Ethics-Webpage-Image-01","filename":"Ethics-Webpage-Image-01.svg","filesize":554675,"url":"https:\/\/www.criteo.com\/br\/wp-content\/uploads\/sites\/5\/2022\/10\/Ethics-Webpage-Image-01.svg","link":"https:\/\/www.criteo.com\/br\/product-ethics\/ethics-webpage-image-01\/","alt":"","author":"9","description":"","caption":"","name":"ethics-webpage-image-01","status":"inherit","uploaded_to":16853,"date":"2022-10-06 14:58:11","modified":"2022-10-06 14:58:11","menu_order":0,"mime_type":"image\/svg+xml","type":"image","subtype":"svg+xml","icon":"https:\/\/www.criteo.com\/br\/wp-includes\/images\/media\/default.png","width":432,"height":397,"sizes":{"thumbnail":"https:\/\/www.criteo.com\/br\/wp-content\/uploads\/sites\/5\/2022\/10\/Ethics-Webpage-Image-01.svg","thumbnail-width":432,"thumbnail-height":397,"medium":"https:\/\/www.criteo.com\/br\/wp-content\/uploads\/sites\/5\/2022\/10\/Ethics-Webpage-Image-01.svg","medium-width":432,"medium-height":397,"medium_large":"https:\/\/www.criteo.com\/br\/wp-content\/uploads\/sites\/5\/2022\/10\/Ethics-Webpage-Image-01.svg","medium_large-width":432,"medium_large-height":397,"large":"https:\/\/www.criteo.com\/br\/wp-content\/uploads\/sites\/5\/2022\/10\/Ethics-Webpage-Image-01.svg","large-width":432,"large-height":397,"1536x1536":"https:\/\/www.criteo.com\/br\/wp-content\/uploads\/sites\/5\/2022\/10\/Ethics-Webpage-Image-01.svg","1536x1536-width":432,"1536x1536-height":397,"2048x2048":"https:\/\/www.criteo.com\/br\/wp-content\/uploads\/sites\/5\/2022\/10\/Ethics-Webpage-Image-01.svg","2048x2048-width":432,"2048x2048-height":397,"success-story":"https:\/\/www.criteo.com\/br\/wp-content\/uploads\/sites\/5\/2022\/10\/Ethics-Webpage-Image-01.svg","success-story-width":432,"success-story-height":397,"profile_24":"https:\/\/www.criteo.com\/br\/wp-content\/uploads\/sites\/5\/2022\/10\/Ethics-Webpage-Image-01.svg","profile_24-width":432,"profile_24-height":397,"profile_48":"https:\/\/www.criteo.com\/br\/wp-content\/uploads\/sites\/5\/2022\/10\/Ethics-Webpage-Image-01.svg","profile_48-width":432,"profile_48-height":397,"profile_96":"https:\/\/www.criteo.com\/br\/wp-content\/uploads\/sites\/5\/2022\/10\/Ethics-Webpage-Image-01.svg","profile_96-width":432,"profile_96-height":397,"profile_150":"https:\/\/www.criteo.com\/br\/wp-content\/uploads\/sites\/5\/2022\/10\/Ethics-Webpage-Image-01.svg","profile_150-width":432,"profile_150-height":397,"profile_300":"https:\/\/www.criteo.com\/br\/wp-content\/uploads\/sites\/5\/2022\/10\/Ethics-Webpage-Image-01.svg","profile_300-width":432,"profile_300-height":397}},"background_wave":false,"video_iframe_url":"","icon":false,"subtitle":"","description":"<h4>Nossa abordagem \u00e0 \u00c9tica do Produto<\/h4>\n<p>Como empresa de commerce media global que permite que profissionais de marketing e m\u00eddia gerem melhores resultados comerciais, a Criteo visa incorporar uma abordagem \u00e9tica em cada fase de desenvolvimento de seus produtos e da cadeia de supply.<\/p>\n<p>&nbsp;<\/p>\n<h4>Nosso Comit\u00ea de \u00c9tica do Produto<\/h4>\n<p>O Comit\u00ea de \u00c9tica do Produto da Criteo atua como \u00f3rg\u00e3o central e multifuncional para promover uma cultura de publicidade orientada por IA \u00e9tica, respons\u00e1vel e confi\u00e1vel em todas as atividades da Criteo. Por meio do trabalho do Comit\u00ea de \u00c9tica do Produto, nos esfor\u00e7amos para combater a desinforma\u00e7\u00e3o, al\u00e9m de entender cuidadosamente os potenciais impactos de vieses em nossos algoritmos e incorporar nossos valores em nossas campanhas publicit\u00e1rias. Ao orientar nossos padr\u00f5es \u00e9ticos, o Comit\u00ea de \u00c9tica do Produto tamb\u00e9m garante que fornecemos aos nossos clientes e parceiros publicidade confi\u00e1vel. Os membros do Comit\u00ea incluem representantes seniores de todos os departamentos da Criteo, que se re\u00fanem trimestralmente.<\/p>\n","link_list":false,"stack_links":false,"block_links":false,"cta_button":{"type":"internal","text":"","link_internal":"","link_media":false,"link_external":"","link_embed":"","link_email":"","email_subject":"","page_element_id":"","variant":"default","ai_variant":"gradient-border","icon":"none","ai_icon":"none","new_window":[],"track_button":false,"button_location":false,"event_type":false,"button_classes":"","button_message":""}}],"additional_boxes_subtitle":"","left_align_subtitle":false,"use_learn_more_button":false,"boxes":false}},{"acf_fc_layout":"product_details_2","product_details_2":{"section_customization":{"anchor_id":"","background_type":"solid-color","background_color":{"color":"Light_Smoke"},"background_gradient":"","background_image":false,"background_image_position":"center-center","background_overlay":"none","use_custom_paddings":true,"custom_padding":{"desktop_top":"68","desktop_bottom":"120","mobile_top":"","mobile_bottom":"300"},"use_custom_margins":false,"custom_margins":{"desktop_top_margin":"","desktop_bottom_margin":"","mobile_top_margin":"","mobile_bottom_margin":""}},"intro":{"intro":{"show_intro_block":true,"image_as_caption":false,"image":false,"caption":"","caption_is_page_title":false,"title":"Nossos quatro princ\u00edpios norteadores","title_size":"h3","description":"<p>O Comit\u00ea de \u00c9tica do Produto da Criteo segue quatro princ\u00edpios-chave que sustentam nossa abordagem de \u00e9tica em publicidade, de acordo com as recomenda\u00e7\u00f5es estabelecidas pela <a href=\"https:\/\/wfanet.org\/leadership\/data-ethics#:~:text=Data%20Ethics%20%2D%20The%20Rise%20of%20Morality%20in%20Tech&amp;text=This%20comes%20at%20a%20time,in%20light%20of%20COVID%2D19.\" target=\"_blank\" rel=\"noopener\">Federa\u00e7\u00e3o Mundial de Anunciantes (WFA, na sigla em ingl\u00eas)<\/a>:<\/p>\n","description_font_size":"default"}},"description_boxes_layout":"sidebar-two-columns","":null,"boxes":[{"icon":"https:\/\/www.criteo.com\/br\/wp-content\/uploads\/sites\/5\/2022\/10\/Transparency-Icon.svg","title":"Transpar\u00eancia","description":"<p>Assegurar que nosso uso de dados seja transparente, f\u00e1cil de entender e acess\u00edvel a todos. Isso abrange os potenciais impactos sociais, \u00e9ticos e sociais de tal uso.<\/p>\n"},{"icon":"https:\/\/www.criteo.com\/br\/wp-content\/uploads\/sites\/5\/2022\/10\/Respect-Icon.svg","title":"Respeito","description":"<p>Compreender e respeitar os interesses de todas as partes e proteger os direitos humanos amplamente aceitos (privacidade, dignidade, diversidade, justi\u00e7a, igualdade, autonomia e liberdade).<\/p>\n"},{"icon":"https:\/\/www.criteo.com\/br\/wp-content\/uploads\/sites\/5\/2022\/10\/Fairness-Icon.svg","title":"Justi\u00e7a ","description":"<p>Monitorar continuamente a imparcialidade nas pr\u00e1ticas de publicidade para evitar a replica\u00e7\u00e3o de preconceitos, discrimina\u00e7\u00e3o ou exclus\u00e3o.<\/p>\n"},{"icon":"https:\/\/www.criteo.com\/br\/wp-content\/uploads\/sites\/5\/2022\/10\/Accountability-Icon.svg","title":"Responsabilidade","description":"<p>Manter a Criteo, bem como nossos parceiros e clientes, respons\u00e1veis pelo uso dos dados.<\/p>\n"}]}},{"acf_fc_layout":"cta_block","cta_block":{"section_customization":{"anchor_id":"","background_type":"solid-color","background_color":{"color":"Sunrise"},"background_gradient":"","background_image":false,"background_image_position":"center-center","background_overlay":"none","use_custom_paddings":true,"custom_padding":{"desktop_top":"54","desktop_bottom":"54","mobile_top":"54","mobile_bottom":"54"},"use_custom_margins":true,"custom_margins":{"desktop_top_margin":"-120","desktop_bottom_margin":"120","mobile_top_margin":"-200","mobile_bottom_margin":""}},"full_wide_block":false,"title":"<h4>Nosso compromisso com o impacto positivo al\u00e9m do nosso setor.<\/h4>\n<p>Nossa agenda de Responsabilidade Social Corporativa \u00e9 mais do que palavras no papel. S\u00e3o a\u00e7\u00f5es reais que apoiam a prote\u00e7\u00e3o de nossos funcion\u00e1rios, o avan\u00e7o de nossa sociedade, a a\u00e7\u00e3o ambiental e a viv\u00eancia de nossos valores.<\/p>\n","content_on_the_right":"button","cta_button":{"type":"external","text":"Leia mais aqui","link_internal":"https:\/\/www.criteo.com\/br\/success-stories\/casas-bahia\/","link_media":false,"link_external":"https:\/\/criteo.investorroom.com\/Corporate-Social-Responsibility?item=287","link_embed":"","link_email":"","email_subject":"","page_element_id":"","variant":"default","ai_variant":"gradient-border","icon":"thin-arrow-right","ai_icon":"none","new_window":[],"track_button":false,"button_location":false,"event_type":false,"button_classes":"","button_message":""},"form":""}}],"additional_code":"","bevel":"peach-grapes","bevel_reversed":false,"side_text":""},"yoast_head":"<!-- This site is optimized with the Yoast SEO plugin v26.4 - https:\/\/yoast.com\/wordpress\/plugins\/seo\/ -->\n<title>\u00c9tica do Produto | BR - Criteo.com<\/title>\n<meta name=\"description\" content=\"O Comit\u00ea de \u00c9tica do Produto da Criteo atua como \u00f3rg\u00e3o central e multifuncional para promover uma cultura de publicidade orientada por IA \u00e9tica, respons\u00e1vel e confi\u00e1vel em todas as atividades da Criteo.\" \/>\n<meta name=\"robots\" content=\"index, follow, max-snippet:-1, max-image-preview:large, max-video-preview:-1\" \/>\n<link rel=\"canonical\" href=\"https:\/\/www.criteo.com\/br\/product-ethics\/\" \/>\n<meta property=\"og:locale\" content=\"pt_PT\" \/>\n<meta property=\"og:type\" content=\"article\" \/>\n<meta property=\"og:title\" content=\"\u00c9tica do Produto | BR - Criteo.com\" \/>\n<meta property=\"og:description\" content=\"O Comit\u00ea de \u00c9tica do Produto da Criteo atua como \u00f3rg\u00e3o central e multifuncional para promover uma cultura de publicidade orientada por IA \u00e9tica, respons\u00e1vel e confi\u00e1vel em todas as atividades da Criteo.\" \/>\n<meta property=\"og:url\" content=\"https:\/\/www.criteo.com\/br\/product-ethics\/\" \/>\n<meta property=\"og:site_name\" content=\"BR - Criteo.com\" \/>\n<meta property=\"article:modified_time\" content=\"2022-10-25T13:59:33+00:00\" \/>\n<meta name=\"twitter:card\" content=\"summary_large_image\" \/>\n<script type=\"application\/ld+json\" class=\"yoast-schema-graph\">{\n\t    \"@context\": \"https:\/\/schema.org\",\n\t    \"@graph\": [\n\t        {\n\t            \"@type\": \"WebPage\",\n\t            \"@id\": \"https:\/\/www.criteo.com\/br\/product-ethics\/\",\n\t            \"url\": \"https:\/\/www.criteo.com\/br\/product-ethics\/\",\n\t            \"name\": \"\u00c9tica do Produto | BR - Criteo.com\",\n\t            \"isPartOf\": {\n\t                \"@id\": \"https:\/\/www.criteo.com\/br\/#website\"\n\t            },\n\t            \"datePublished\": \"2022-10-06T16:13:15+00:00\",\n\t            \"dateModified\": \"2022-10-25T13:59:33+00:00\",\n\t            \"description\": \"O Comit\u00ea de \u00c9tica do Produto da Criteo atua como \u00f3rg\u00e3o central e multifuncional para promover uma cultura de publicidade orientada por IA \u00e9tica, respons\u00e1vel e confi\u00e1vel em todas as atividades da Criteo.\",\n\t            \"breadcrumb\": {\n\t                \"@id\": \"https:\/\/www.criteo.com\/br\/product-ethics\/#breadcrumb\"\n\t            },\n\t            \"inLanguage\": \"pt-PT\",\n\t            \"potentialAction\": [\n\t                {\n\t                    \"@type\": \"ReadAction\",\n\t                    \"target\": [\n\t                        \"https:\/\/www.criteo.com\/br\/product-ethics\/\"\n\t                    ]\n\t                }\n\t            ]\n\t        },\n\t        {\n\t            \"@type\": \"BreadcrumbList\",\n\t            \"@id\": \"https:\/\/www.criteo.com\/br\/product-ethics\/#breadcrumb\",\n\t            \"itemListElement\": [\n\t                {\n\t                    \"@type\": \"ListItem\",\n\t                    \"position\": 1,\n\t                    \"name\": \"Home\",\n\t                    \"item\": \"https:\/\/www.criteo.com\/br\/\"\n\t                },\n\t                {\n\t                    \"@type\": \"ListItem\",\n\t                    \"position\": 2,\n\t                    \"name\": \"Product Ethics\"\n\t                }\n\t            ]\n\t        },\n\t        {\n\t            \"@type\": \"WebSite\",\n\t            \"@id\": \"https:\/\/www.criteo.com\/br\/#website\",\n\t            \"url\": \"https:\/\/www.criteo.com\/br\/\",\n\t            \"name\": \"BR - Criteo.com\",\n\t            \"description\": \"\",\n\t            \"publisher\": {\n\t                \"@id\": \"https:\/\/www.criteo.com\/br\/#organization\"\n\t            },\n\t            \"potentialAction\": [\n\t                {\n\t                    \"@type\": \"SearchAction\",\n\t                    \"target\": {\n\t                        \"@type\": \"EntryPoint\",\n\t                        \"urlTemplate\": \"https:\/\/www.criteo.com\/br\/?s={search_term_string}\"\n\t                    },\n\t                    \"query-input\": {\n\t                        \"@type\": \"PropertyValueSpecification\",\n\t                        \"valueRequired\": true,\n\t                        \"valueName\": \"search_term_string\"\n\t                    }\n\t                }\n\t            ],\n\t            \"inLanguage\": \"pt-PT\"\n\t        },\n\t        {\n\t            \"@type\": \"Organization\",\n\t            \"@id\": \"https:\/\/www.criteo.com\/br\/#organization\",\n\t            \"name\": \"Criteo\",\n\t            \"alternateName\": \"Criteo corp\",\n\t            \"url\": \"https:\/\/www.criteo.com\/br\/\",\n\t            \"logo\": {\n\t                \"@type\": \"ImageObject\",\n\t                \"inLanguage\": \"pt-PT\",\n\t                \"@id\": \"https:\/\/www.criteo.com\/br\/#\/schema\/logo\/image\/\",\n\t                \"url\": \"https:\/\/www.criteo.com\/br\/wp-content\/uploads\/sites\/5\/2024\/02\/Criteo-Logo.svg\",\n\t                \"contentUrl\": \"https:\/\/www.criteo.com\/br\/wp-content\/uploads\/sites\/5\/2024\/02\/Criteo-Logo.svg\",\n\t                \"width\": 118,\n\t                \"height\": 24,\n\t                \"caption\": \"Criteo\"\n\t            },\n\t            \"image\": {\n\t                \"@id\": \"https:\/\/www.criteo.com\/br\/#\/schema\/logo\/image\/\"\n\t            }\n\t        }\n\t    ]\n\t}<\/script>\n<!-- \/ Yoast SEO plugin. -->","yoast_head_json":{"title":"\u00c9tica do Produto | BR - Criteo.com","description":"O Comit\u00ea de \u00c9tica do Produto da Criteo atua como \u00f3rg\u00e3o central e multifuncional para promover uma cultura de publicidade orientada por IA \u00e9tica, respons\u00e1vel e confi\u00e1vel em todas as atividades da Criteo.","robots":{"index":"index","follow":"follow","max-snippet":"max-snippet:-1","max-image-preview":"max-image-preview:large","max-video-preview":"max-video-preview:-1"},"canonical":"https:\/\/www.criteo.com\/br\/product-ethics\/","og_locale":"pt_PT","og_type":"article","og_title":"\u00c9tica do Produto | BR - Criteo.com","og_description":"O Comit\u00ea de \u00c9tica do Produto da Criteo atua como \u00f3rg\u00e3o central e multifuncional para promover uma cultura de publicidade orientada por IA \u00e9tica, respons\u00e1vel e confi\u00e1vel em todas as atividades da Criteo.","og_url":"https:\/\/www.criteo.com\/br\/product-ethics\/","og_site_name":"BR - Criteo.com","article_modified_time":"2022-10-25T13:59:33+00:00","twitter_card":"summary_large_image","schema":{"@context":"https:\/\/schema.org","@graph":[{"@type":"WebPage","@id":"https:\/\/www.criteo.com\/br\/product-ethics\/","url":"https:\/\/www.criteo.com\/br\/product-ethics\/","name":"\u00c9tica do Produto | BR - Criteo.com","isPartOf":{"@id":"https:\/\/www.criteo.com\/br\/#website"},"datePublished":"2022-10-06T16:13:15+00:00","dateModified":"2022-10-25T13:59:33+00:00","description":"O Comit\u00ea de \u00c9tica do Produto da Criteo atua como \u00f3rg\u00e3o central e multifuncional para promover uma cultura de publicidade orientada por IA \u00e9tica, respons\u00e1vel e confi\u00e1vel em todas as atividades da Criteo.","breadcrumb":{"@id":"https:\/\/www.criteo.com\/br\/product-ethics\/#breadcrumb"},"inLanguage":"pt-PT","potentialAction":[{"@type":"ReadAction","target":["https:\/\/www.criteo.com\/br\/product-ethics\/"]}]},{"@type":"BreadcrumbList","@id":"https:\/\/www.criteo.com\/br\/product-ethics\/#breadcrumb","itemListElement":[{"@type":"ListItem","position":1,"name":"Home","item":"https:\/\/www.criteo.com\/br\/"},{"@type":"ListItem","position":2,"name":"Product Ethics"}]},{"@type":"WebSite","@id":"https:\/\/www.criteo.com\/br\/#website","url":"https:\/\/www.criteo.com\/br\/","name":"BR - Criteo.com","description":"","publisher":{"@id":"https:\/\/www.criteo.com\/br\/#organization"},"potentialAction":[{"@type":"SearchAction","target":{"@type":"EntryPoint","urlTemplate":"https:\/\/www.criteo.com\/br\/?s={search_term_string}"},"query-input":{"@type":"PropertyValueSpecification","valueRequired":true,"valueName":"search_term_string"}}],"inLanguage":"pt-PT"},{"@type":"Organization","@id":"https:\/\/www.criteo.com\/br\/#organization","name":"Criteo","alternateName":"Criteo corp","url":"https:\/\/www.criteo.com\/br\/","logo":{"@type":"ImageObject","inLanguage":"pt-PT","@id":"https:\/\/www.criteo.com\/br\/#\/schema\/logo\/image\/","url":"https:\/\/www.criteo.com\/br\/wp-content\/uploads\/sites\/5\/2024\/02\/Criteo-Logo.svg","contentUrl":"https:\/\/www.criteo.com\/br\/wp-content\/uploads\/sites\/5\/2024\/02\/Criteo-Logo.svg","width":118,"height":24,"caption":"Criteo"},"image":{"@id":"https:\/\/www.criteo.com\/br\/#\/schema\/logo\/image\/"}}]}},"_links":{"self":[{"href":"https:\/\/www.criteo.com\/br\/wp-json\/wp\/v2\/pages\/16853","targetHints":{"allow":["GET"]}}],"collection":[{"href":"https:\/\/www.criteo.com\/br\/wp-json\/wp\/v2\/pages"}],"about":[{"href":"https:\/\/www.criteo.com\/br\/wp-json\/wp\/v2\/types\/page"}],"author":[{"embeddable":true,"href":"https:\/\/www.criteo.com\/br\/wp-json\/wp\/v2\/users\/9"}],"replies":[{"embeddable":true,"href":"https:\/\/www.criteo.com\/br\/wp-json\/wp\/v2\/comments?post=16853"}],"version-history":[{"count":3,"href":"https:\/\/www.criteo.com\/br\/wp-json\/wp\/v2\/pages\/16853\/revisions"}],"predecessor-version":[{"id":16940,"href":"https:\/\/www.criteo.com\/br\/wp-json\/wp\/v2\/pages\/16853\/revisions\/16940"}],"wp:attachment":[{"href":"https:\/\/www.criteo.com\/br\/wp-json\/wp\/v2\/media?parent=16853"}],"wp:term":[{"taxonomy":"author","embeddable":true,"href":"https:\/\/www.criteo.com\/br\/wp-json\/wp\/v2\/coauthors?post=16853"}],"curies":[{"name":"wp","href":"https:\/\/api.w.org\/{rel}","templated":true}]}}