{"id":18321,"date":"2024-06-11T14:42:44","date_gmt":"2024-06-11T14:42:44","guid":{"rendered":"https:\/\/www.criteo.com\/br\/?page_id=18321"},"modified":"2025-11-05T09:14:37","modified_gmt":"2025-11-05T09:14:37","slug":"help-center","status":"publish","type":"page","link":"https:\/\/www.criteo.com\/br\/help-center\/","title":{"rendered":"Help Center"},"content":{"rendered":"","protected":false},"excerpt":{"rendered":"","protected":false},"author":159,"featured_media":0,"parent":0,"menu_order":0,"comment_status":"closed","ping_status":"closed","template":"page-templates\/pageModular2020.php","meta":{"_acf_changed":false,"footnotes":""},"coauthors":[627],"class_list":["post-18321","page","type-page","status-publish"],"acf":{"track_page_in_segment":false,"segment_page_name":"","remove_header":false,"remove_footer":false,"add_password_protected_layout":false,"use_transparent_header":false,"use_transparent_header_dark_menus":false,"use_transparent_header_normal":true,"layouts":[{"acf_fc_layout":"hero_2023","hero_2023":{"section_customization":{"anchor_id":"","background_type":"none","background_color":{"color":"Sunrise"},"background_gradient":"","background_image":false,"background_image_position":"center-center","background_overlay":"none","use_custom_paddings":true,"custom_padding":{"desktop_top":"-74","desktop_bottom":"74","mobile_top":"-74","mobile_bottom":"74"},"use_custom_margins":true,"custom_margins":{"desktop_top_margin":"-74","desktop_bottom_margin":"","mobile_top_margin":"-74","mobile_bottom_margin":""}},"intro":{"intro":{"show_intro_block":true,"image_as_caption":false,"image":false,"caption":"Centro de Ajuda","caption_is_page_title":false,"title":"Desbloqueie o potencial, <br \/>\r\native a expertise","title_size":"h4","description":"<p>A Criteo est\u00e1 aqui para ajudar voc\u00ea. Descubra as atualiza\u00e7\u00f5es mais recentes de nossas solu\u00e7\u00f5es, explore guias e encontre dicas para maximizar seu sucesso conosco.<\/p>\n","description_font_size":"default"}},"button":{"type":"internal","text":"","link_internal":"","link_media":false,"link_external":"","link_embed":"","link_email":"","email_subject":"","page_element_id":"","variant":"default","ai_variant":"gradient-border","icon":"none","ai_icon":"none","new_window":[],"track_button":false,"button_location":false,"event_type":false,"button_classes":"","button_message":""},"add_image":false,"image":false}},{"acf_fc_layout":"product_details","product_details":{"section_customization":{"anchor_id":"","background_type":"solid-color","background_color":{"color":"Charcoal"},"background_gradient":"","background_image":false,"background_image_position":"center-center","background_overlay":"none","use_custom_paddings":true,"custom_padding":{"desktop_top":"0","desktop_bottom":"0","mobile_top":"0","mobile_bottom":"0"},"use_custom_margins":true,"custom_margins":{"desktop_top_margin":"-40","desktop_bottom_margin":"","mobile_top_margin":"-40","mobile_bottom_margin":"40"}},"intro":{"intro":{"show_intro_block":false,"image_as_caption":false,"image":false,"caption":"","caption_is_page_title":false,"title":"","title_size":"h4","description":"","description_font_size":"default"}},"row_nums":"single","intro_inside_a_column":false,"switch_columns":true,"use_wider_layout":false,"use_wider_intro":false,"add_additional_boxes_below":true,"add_three_stats_above":false,"top_align_columns":false,"uo_list_style_discs":false,"":null,"stats":false,"media_type":"none","image":false,"background_wave":false,"video_iframe_url":"","icon":false,"subtitle":"","description":"","link_list":false,"stack_links":false,"block_links":false,"cta_button":{"type":"internal","text":"","link_internal":"","link_media":false,"link_external":"","link_embed":"","link_email":"","email_subject":"","page_element_id":"","variant":"default","ai_variant":"gradient-border","icon":"none","ai_icon":"none","new_window":[],"track_button":false,"button_location":false,"event_type":false,"button_classes":"","button_message":""},"product_detail_rows":false,"additional_boxes_subtitle":"Visit our help centers","left_align_subtitle":true,"use_learn_more_button":true,"boxes":[{"icon":false,"title":"Commerce Growth","description":"Alcance suas metas de aquisi\u00e7\u00e3o e reten\u00e7\u00e3o de clientes com o poder da publicidade automatizada.","url":"https:\/\/help.criteo.com\/kb\/pt\/","custom_link_text":"Visitar centro de ajuda","open_in_new_tab":true},{"icon":false,"title":"Commerce Max","description":"Descubra o poder da retail media com uma plataforma intuitiva que conecta varejistas, marcas e ag\u00eancias.","url":"https:\/\/help.retailmedia.criteo.com\/kb\/en","custom_link_text":"Visitar centro de ajuda [ingl\u00eas]","open_in_new_tab":true},{"icon":false,"title":"Commerce Grid","description":"Aproveite o com\u00e9rcio para maximizar a receita dos publishers, ampliar os resultados dos anunciantes e ajudar os varejistas a descobrir o verdadeiro valor dos dados dos consumidores.","url":"https:\/\/docs.commercegrid.criteo.com\/kb\/en","custom_link_text":"Visitar centro de ajuda [ingl\u00eas]","open_in_new_tab":true},{"icon":false,"title":"Commerce Yield","description":"Libere o verdadeiro potencial da publicidade paga com uma solu\u00e7\u00e3o de gerenciamento de m\u00eddia de 360 graus.","url":"https:\/\/help.cyield.criteo.com\/kb\/en\/","custom_link_text":"Visitar centro de ajuda [ingl\u00eas]","open_in_new_tab":true}]}},{"acf_fc_layout":"solutions_slider_2023","solutions_slider_2023":{"intro":{"intro":{"show_intro_block":true,"image_as_caption":false,"image":false,"caption":"Guias em destaque","caption_is_page_title":false,"title":"Outros recursos \u00fateis","title_size":"h4","description":"<p>Informa\u00e7\u00f5es gerais que \u00e9 bom saber, independentemente da solu\u00e7\u00e3o da Criteo que voc\u00ea usa.<\/p>\n","description_font_size":"default"}},"white_intro_text":true,"solutions":[{"icon":false,"label":"GUIA","title":"Criteo em poucas palavras","description":"Guia para a Criteo: a empresa expert em comportamento do consumidor e em publicidade digital com o que h\u00e1 de mais avan\u00e7ado em IA.","link":{"title":"Iniciar","url":"https:\/\/help.criteo.com\/kb\/pt\/criteo-em-poucas-palavras-327088","target":"_blank"}},{"icon":false,"label":"GUIA","title":"Gloss\u00e1rio de publicidade","description":"Decifre a linguagem da publicidade com nosso gloss\u00e1rio abrangente, desenvolvido para desmistificar os termos do setor e capacitar voc\u00ea com o conhecimento certo.","link":{"title":"Saiba mais","url":"https:\/\/help.criteo.com\/kb\/guide\/pt\/glossario-de-publicidade-yuS31DBK7l\/Steps\/2331986","target":"_blank"}},{"icon":false,"label":"GUIA","title":"Addressability","description":"O mundo da publicidade online est\u00e1 mudando. A Criteo est\u00e1 \u00e0 frente dessa mudan\u00e7a. Saiba mais sobre nossos testes do Google Privacy Sandbox.","link":{"title":"Saiba mais","url":"https:\/\/help.criteo.com\/kb\/guide\/pt\/teste-do-google-privacy-sandbox-BLy9M6OqK8\/Steps\/2934160","target":"_blank"}},{"icon":false,"label":"GUIA","title":"O que \u00e9 KPI?","description":"Navegar pelo mundo do marketing pode ser desafiador, especialmente quando se trata de medir o sucesso das campanhas. Veja como tomar decis\u00f5es baseadas em dados que enriquecem estrat\u00e9gias de campanhas.","link":{"title":"Saiba mais","url":"https:\/\/help.criteo.com\/kb\/guide\/pt\/o-que-e-um-kpi-como-determinar-o-objetivo-certo-para-o-seu-negocio-QTwbp9DhX0\/Steps\/775720","target":"_blank"}},{"icon":false,"label":"GUIA","title":"Onde seus an\u00fancios ser\u00e3o exibidos","description":"Veja como ter acesso a 2 bilh\u00f5es de consumidores atrav\u00e9s da Criteo e explore nossa extensa rede de mais de 19.000 publishers. Saiba mais sobre como se conectar aos consumidores.","link":{"title":"Saiba mais","url":"https:\/\/help.criteo.com\/kb\/pt\/privacidade-e-seguranca-105042","target":"_blank"}}],"customer_story":{"logo":false,"stat_number":"","stat_description":"","button":{"type":"internal","text":"","link_internal":"","link_media":false,"link_external":"","link_embed":"","link_email":"","email_subject":"","page_element_id":"","variant":"default","ai_variant":"gradient-border","icon":"none","ai_icon":"none","new_window":[],"track_button":false,"button_location":false,"event_type":false,"button_classes":"","button_message":""},"quote":"","quote_author":"","quote_author_title":""}}}],"additional_code":"","bevel":"peach-grapes","bevel_reversed":false,"side_text":"","remove_from_internal_search":false,"strip_the_header":false,"override_buttons":false,"background_color_modular":"white"},"yoast_head":"<!-- This site is optimized with the Yoast SEO plugin v26.4 - https:\/\/yoast.com\/wordpress\/plugins\/seo\/ -->\n<title>Centro de Ajuda | BR - Criteo.com<\/title>\n<meta name=\"description\" content=\"A Criteo est\u00e1 aqui para ajudar voc\u00ea. Descubra as atualiza\u00e7\u00f5es mais recentes de nossas solu\u00e7\u00f5es, explore guias e encontre dicas para maximizar seu sucesso conosco.\" \/>\n<meta name=\"robots\" content=\"index, follow, max-snippet:-1, max-image-preview:large, max-video-preview:-1\" \/>\n<link rel=\"canonical\" href=\"https:\/\/www.criteo.com\/br\/help-center\/\" \/>\n<meta property=\"og:locale\" content=\"pt_PT\" \/>\n<meta property=\"og:type\" content=\"article\" \/>\n<meta property=\"og:title\" content=\"Centro de Ajuda | BR - Criteo.com\" \/>\n<meta property=\"og:description\" content=\"A Criteo est\u00e1 aqui para ajudar voc\u00ea. Descubra as atualiza\u00e7\u00f5es mais recentes de nossas solu\u00e7\u00f5es, explore guias e encontre dicas para maximizar seu sucesso conosco.\" \/>\n<meta property=\"og:url\" content=\"https:\/\/www.criteo.com\/br\/help-center\/\" \/>\n<meta property=\"og:site_name\" content=\"BR - Criteo.com\" \/>\n<meta property=\"article:modified_time\" content=\"2025-11-05T09:14:37+00:00\" \/>\n<meta name=\"twitter:card\" content=\"summary_large_image\" \/>\n<script type=\"application\/ld+json\" class=\"yoast-schema-graph\">{\n\t    \"@context\": \"https:\/\/schema.org\",\n\t    \"@graph\": [\n\t        {\n\t            \"@type\": \"WebPage\",\n\t            \"@id\": \"https:\/\/www.criteo.com\/br\/help-center\/\",\n\t            \"url\": \"https:\/\/www.criteo.com\/br\/help-center\/\",\n\t            \"name\": \"Centro de Ajuda | BR - Criteo.com\",\n\t            \"isPartOf\": {\n\t                \"@id\": \"https:\/\/www.criteo.com\/br\/#website\"\n\t            },\n\t            \"datePublished\": \"2024-06-11T14:42:44+00:00\",\n\t            \"dateModified\": \"2025-11-05T09:14:37+00:00\",\n\t            \"description\": \"A Criteo est\u00e1 aqui para ajudar voc\u00ea. Descubra as atualiza\u00e7\u00f5es mais recentes de nossas solu\u00e7\u00f5es, explore guias e encontre dicas para maximizar seu sucesso conosco.\",\n\t            \"breadcrumb\": {\n\t                \"@id\": \"https:\/\/www.criteo.com\/br\/help-center\/#breadcrumb\"\n\t            },\n\t            \"inLanguage\": \"pt-PT\",\n\t            \"potentialAction\": [\n\t                {\n\t                    \"@type\": \"ReadAction\",\n\t                    \"target\": [\n\t                        \"https:\/\/www.criteo.com\/br\/help-center\/\"\n\t                    ]\n\t                }\n\t            ]\n\t        },\n\t        {\n\t            \"@type\": \"BreadcrumbList\",\n\t            \"@id\": \"https:\/\/www.criteo.com\/br\/help-center\/#breadcrumb\",\n\t            \"itemListElement\": [\n\t                {\n\t                    \"@type\": \"ListItem\",\n\t                    \"position\": 1,\n\t                    \"name\": \"Home\",\n\t                    \"item\": \"https:\/\/www.criteo.com\/br\/\"\n\t                },\n\t                {\n\t                    \"@type\": \"ListItem\",\n\t                    \"position\": 2,\n\t                    \"name\": \"Help Center\"\n\t                }\n\t            ]\n\t        },\n\t        {\n\t            \"@type\": \"WebSite\",\n\t            \"@id\": \"https:\/\/www.criteo.com\/br\/#website\",\n\t            \"url\": \"https:\/\/www.criteo.com\/br\/\",\n\t            \"name\": \"BR - Criteo.com\",\n\t            \"description\": \"\",\n\t            \"publisher\": {\n\t                \"@id\": \"https:\/\/www.criteo.com\/br\/#organization\"\n\t            },\n\t            \"potentialAction\": [\n\t                {\n\t                    \"@type\": \"SearchAction\",\n\t                    \"target\": {\n\t                        \"@type\": \"EntryPoint\",\n\t                        \"urlTemplate\": \"https:\/\/www.criteo.com\/br\/?s={search_term_string}\"\n\t                    },\n\t                    \"query-input\": {\n\t                        \"@type\": \"PropertyValueSpecification\",\n\t                        \"valueRequired\": true,\n\t                        \"valueName\": \"search_term_string\"\n\t                    }\n\t                }\n\t            ],\n\t            \"inLanguage\": \"pt-PT\"\n\t        },\n\t        {\n\t            \"@type\": \"Organization\",\n\t            \"@id\": \"https:\/\/www.criteo.com\/br\/#organization\",\n\t            \"name\": \"Criteo\",\n\t            \"alternateName\": \"Criteo corp\",\n\t            \"url\": \"https:\/\/www.criteo.com\/br\/\",\n\t            \"logo\": {\n\t                \"@type\": \"ImageObject\",\n\t                \"inLanguage\": \"pt-PT\",\n\t                \"@id\": \"https:\/\/www.criteo.com\/br\/#\/schema\/logo\/image\/\",\n\t                \"url\": \"https:\/\/www.criteo.com\/br\/wp-content\/uploads\/sites\/5\/2024\/02\/Criteo-Logo.svg\",\n\t                \"contentUrl\": \"https:\/\/www.criteo.com\/br\/wp-content\/uploads\/sites\/5\/2024\/02\/Criteo-Logo.svg\",\n\t                \"width\": 118,\n\t                \"height\": 24,\n\t                \"caption\": \"Criteo\"\n\t            },\n\t            \"image\": {\n\t                \"@id\": \"https:\/\/www.criteo.com\/br\/#\/schema\/logo\/image\/\"\n\t            }\n\t        }\n\t    ]\n\t}<\/script>\n<!-- \/ Yoast SEO plugin. -->","yoast_head_json":{"title":"Centro de Ajuda | BR - Criteo.com","description":"A Criteo est\u00e1 aqui para ajudar voc\u00ea. Descubra as atualiza\u00e7\u00f5es mais recentes de nossas solu\u00e7\u00f5es, explore guias e encontre dicas para maximizar seu sucesso conosco.","robots":{"index":"index","follow":"follow","max-snippet":"max-snippet:-1","max-image-preview":"max-image-preview:large","max-video-preview":"max-video-preview:-1"},"canonical":"https:\/\/www.criteo.com\/br\/help-center\/","og_locale":"pt_PT","og_type":"article","og_title":"Centro de Ajuda | BR - Criteo.com","og_description":"A Criteo est\u00e1 aqui para ajudar voc\u00ea. Descubra as atualiza\u00e7\u00f5es mais recentes de nossas solu\u00e7\u00f5es, explore guias e encontre dicas para maximizar seu sucesso conosco.","og_url":"https:\/\/www.criteo.com\/br\/help-center\/","og_site_name":"BR - Criteo.com","article_modified_time":"2025-11-05T09:14:37+00:00","twitter_card":"summary_large_image","schema":{"@context":"https:\/\/schema.org","@graph":[{"@type":"WebPage","@id":"https:\/\/www.criteo.com\/br\/help-center\/","url":"https:\/\/www.criteo.com\/br\/help-center\/","name":"Centro de Ajuda | BR - Criteo.com","isPartOf":{"@id":"https:\/\/www.criteo.com\/br\/#website"},"datePublished":"2024-06-11T14:42:44+00:00","dateModified":"2025-11-05T09:14:37+00:00","description":"A Criteo est\u00e1 aqui para ajudar voc\u00ea. Descubra as atualiza\u00e7\u00f5es mais recentes de nossas solu\u00e7\u00f5es, explore guias e encontre dicas para maximizar seu sucesso conosco.","breadcrumb":{"@id":"https:\/\/www.criteo.com\/br\/help-center\/#breadcrumb"},"inLanguage":"pt-PT","potentialAction":[{"@type":"ReadAction","target":["https:\/\/www.criteo.com\/br\/help-center\/"]}]},{"@type":"BreadcrumbList","@id":"https:\/\/www.criteo.com\/br\/help-center\/#breadcrumb","itemListElement":[{"@type":"ListItem","position":1,"name":"Home","item":"https:\/\/www.criteo.com\/br\/"},{"@type":"ListItem","position":2,"name":"Help Center"}]},{"@type":"WebSite","@id":"https:\/\/www.criteo.com\/br\/#website","url":"https:\/\/www.criteo.com\/br\/","name":"BR - Criteo.com","description":"","publisher":{"@id":"https:\/\/www.criteo.com\/br\/#organization"},"potentialAction":[{"@type":"SearchAction","target":{"@type":"EntryPoint","urlTemplate":"https:\/\/www.criteo.com\/br\/?s={search_term_string}"},"query-input":{"@type":"PropertyValueSpecification","valueRequired":true,"valueName":"search_term_string"}}],"inLanguage":"pt-PT"},{"@type":"Organization","@id":"https:\/\/www.criteo.com\/br\/#organization","name":"Criteo","alternateName":"Criteo corp","url":"https:\/\/www.criteo.com\/br\/","logo":{"@type":"ImageObject","inLanguage":"pt-PT","@id":"https:\/\/www.criteo.com\/br\/#\/schema\/logo\/image\/","url":"https:\/\/www.criteo.com\/br\/wp-content\/uploads\/sites\/5\/2024\/02\/Criteo-Logo.svg","contentUrl":"https:\/\/www.criteo.com\/br\/wp-content\/uploads\/sites\/5\/2024\/02\/Criteo-Logo.svg","width":118,"height":24,"caption":"Criteo"},"image":{"@id":"https:\/\/www.criteo.com\/br\/#\/schema\/logo\/image\/"}}]}},"_links":{"self":[{"href":"https:\/\/www.criteo.com\/br\/wp-json\/wp\/v2\/pages\/18321","targetHints":{"allow":["GET"]}}],"collection":[{"href":"https:\/\/www.criteo.com\/br\/wp-json\/wp\/v2\/pages"}],"about":[{"href":"https:\/\/www.criteo.com\/br\/wp-json\/wp\/v2\/types\/page"}],"author":[{"embeddable":true,"href":"https:\/\/www.criteo.com\/br\/wp-json\/wp\/v2\/users\/159"}],"replies":[{"embeddable":true,"href":"https:\/\/www.criteo.com\/br\/wp-json\/wp\/v2\/comments?post=18321"}],"version-history":[{"count":7,"href":"https:\/\/www.criteo.com\/br\/wp-json\/wp\/v2\/pages\/18321\/revisions"}],"predecessor-version":[{"id":19710,"href":"https:\/\/www.criteo.com\/br\/wp-json\/wp\/v2\/pages\/18321\/revisions\/19710"}],"wp:attachment":[{"href":"https:\/\/www.criteo.com\/br\/wp-json\/wp\/v2\/media?parent=18321"}],"wp:term":[{"taxonomy":"author","embeddable":true,"href":"https:\/\/www.criteo.com\/br\/wp-json\/wp\/v2\/coauthors?post=18321"}],"curies":[{"name":"wp","href":"https:\/\/api.w.org\/{rel}","templated":true}]}}