{"id":20353,"date":"2022-02-14T12:05:54","date_gmt":"2022-02-14T17:05:54","guid":{"rendered":"https:\/\/www.criteo.com\/?page_id=332276"},"modified":"2026-05-14T16:35:02","modified_gmt":"2026-05-14T16:35:02","slug":"security","status":"publish","type":"page","link":"https:\/\/www.criteo.com\/br\/trust-center\/security\/","title":{"rendered":"Seguran\u00e7a"},"content":{"rendered":"<p>Na Criteo, estamos comprometidos em oferecer os melhores padr\u00f5es de seguran\u00e7a em todas as \u00e1reas de nossos neg\u00f3cios e produtos. Protegemos nossos sistemas contra amea\u00e7as e mantemos uma cultura robusta de gerenciamento de vulnerabilidades e incidentes.<\/p>\n<p>Mantemos um programa privado de recompensas por bugs que amplia nossa capacidade de detec\u00e7\u00e3o e garante um alto n\u00edvel de seguran\u00e7a. Pagamos recompensas por vulnerabilidades confirmadas que estejam dentro do escopo do programa. Se desejar participar do programa, envie um email para\u00a0<a href=\"mailto:security@criteo.com\">security@criteo.com<\/a>.<\/p>\n<p>Al\u00e9m disso, realizamos testes de penetra\u00e7\u00e3o regularmente para identificar e corrigir potenciais vulnerabilidades em nossos sistemas.<\/p>\n<p>Al\u00e9m da tecnologia, cultivamos uma cultura de seguran\u00e7a em toda a organiza\u00e7\u00e3o, onde cada funcion\u00e1rio sabe que a seguran\u00e7a \u00e9 responsabilidade de todos. Na Criteo, todos recebem treinamento em seguran\u00e7a da informa\u00e7\u00e3o e realizamos campanhas de conscientiza\u00e7\u00e3o sobre as amea\u00e7as mais recentes e as melhores pr\u00e1ticas.<\/p>\n<p>Consulte nossas se\u00e7\u00f5es dedicadas para saber mais sobre seguran\u00e7a cibern\u00e9tica na Criteo e como proteger seus dados.<\/p>\n","protected":false},"excerpt":{"rendered":"<p>Na Criteo, estamos comprometidos em oferecer os melhores padr\u00f5es de seguran\u00e7a em todas as \u00e1reas de nossos neg\u00f3cios e produtos. Protegemos nossos sistemas contra amea\u00e7as e mantemos uma cultura robusta de gerenciamento de vulnerabilidades e incidentes. Mantemos um programa privado de recompensas por bugs que amplia nossa capacidade de detec\u00e7\u00e3o e garante um alto n\u00edvel [&hellip;]<\/p>\n","protected":false},"author":18,"featured_media":0,"parent":20324,"menu_order":0,"comment_status":"closed","ping_status":"closed","template":"page-templates\/basic.php","meta":{"_acf_changed":false,"footnotes":""},"coauthors":[626],"class_list":["post-20353","page","type-page","status-publish"],"acf":{"layout_mode":"security-2023","has_more_content":false,"storetail_optout":false,"stae_popup_enable":false,"track_page_in_segment":false,"segment_page_name":"","additional_code":"","toc_order":"0","enable_slide-in":false},"yoast_head":"<!-- This site is optimized with the Yoast SEO plugin v26.4 - https:\/\/yoast.com\/wordpress\/plugins\/seo\/ -->\n<title>How to spot fake, fraudulent, spoof, or phishing emails and messages<\/title>\n<meta name=\"description\" content=\"Hackers use emails and messages to deceive people into handing over sensitive personal information. Get advice on how to stay safe.\" \/>\n<meta name=\"robots\" content=\"index, follow, max-snippet:-1, max-image-preview:large, max-video-preview:-1\" \/>\n<link rel=\"canonical\" href=\"https:\/\/www.criteo.com\/br\/trust-center\/security\/\" \/>\n<meta property=\"og:locale\" content=\"pt_PT\" \/>\n<meta property=\"og:type\" content=\"article\" \/>\n<meta property=\"og:title\" content=\"How to spot fake, fraudulent, spoof, or phishing emails and messages\" \/>\n<meta property=\"og:description\" content=\"Hackers use emails and messages to deceive people into handing over sensitive personal information. Get advice on how to stay safe.\" \/>\n<meta property=\"og:url\" content=\"https:\/\/www.criteo.com\/br\/trust-center\/security\/\" \/>\n<meta property=\"og:site_name\" content=\"BR - Criteo.com\" \/>\n<meta property=\"article:modified_time\" content=\"2026-05-14T16:35:02+00:00\" \/>\n<meta name=\"twitter:card\" content=\"summary_large_image\" \/>\n<meta name=\"twitter:label1\" content=\"Est. reading time\" \/>\n\t<meta name=\"twitter:data1\" content=\"1 minute\" \/>\n<script type=\"application\/ld+json\" class=\"yoast-schema-graph\">{\n\t    \"@context\": \"https:\/\/schema.org\",\n\t    \"@graph\": [\n\t        {\n\t            \"@type\": \"WebPage\",\n\t            \"@id\": \"https:\/\/www.criteo.com\/br\/trust-center\/security\/\",\n\t            \"url\": \"https:\/\/www.criteo.com\/br\/trust-center\/security\/\",\n\t            \"name\": \"How to spot fake, fraudulent, spoof, or phishing emails and messages\",\n\t            \"isPartOf\": {\n\t                \"@id\": \"https:\/\/www.criteo.com\/br\/#website\"\n\t            },\n\t            \"datePublished\": \"2022-02-14T17:05:54+00:00\",\n\t            \"dateModified\": \"2026-05-14T16:35:02+00:00\",\n\t            \"description\": \"Hackers use emails and messages to deceive people into handing over sensitive personal information. Get advice on how to stay safe.\",\n\t            \"breadcrumb\": {\n\t                \"@id\": \"https:\/\/www.criteo.com\/br\/trust-center\/security\/#breadcrumb\"\n\t            },\n\t            \"inLanguage\": \"pt-PT\",\n\t            \"potentialAction\": [\n\t                {\n\t                    \"@type\": \"ReadAction\",\n\t                    \"target\": [\n\t                        \"https:\/\/www.criteo.com\/br\/trust-center\/security\/\"\n\t                    ]\n\t                }\n\t            ]\n\t        },\n\t        {\n\t            \"@type\": \"BreadcrumbList\",\n\t            \"@id\": \"https:\/\/www.criteo.com\/br\/trust-center\/security\/#breadcrumb\",\n\t            \"itemListElement\": [\n\t                {\n\t                    \"@type\": \"ListItem\",\n\t                    \"position\": 1,\n\t                    \"name\": \"Home\",\n\t                    \"item\": \"https:\/\/www.criteo.com\/br\/\"\n\t                },\n\t                {\n\t                    \"@type\": \"ListItem\",\n\t                    \"position\": 2,\n\t                    \"name\": \"Trust Center\",\n\t                    \"item\": \"https:\/\/www.criteo.com\/br\/trust-center\/\"\n\t                },\n\t                {\n\t                    \"@type\": \"ListItem\",\n\t                    \"position\": 3,\n\t                    \"name\": \"Seguran\u00e7a\"\n\t                }\n\t            ]\n\t        },\n\t        {\n\t            \"@type\": \"WebSite\",\n\t            \"@id\": \"https:\/\/www.criteo.com\/br\/#website\",\n\t            \"url\": \"https:\/\/www.criteo.com\/br\/\",\n\t            \"name\": \"BR - Criteo.com\",\n\t            \"description\": \"\",\n\t            \"publisher\": {\n\t                \"@id\": \"https:\/\/www.criteo.com\/br\/#organization\"\n\t            },\n\t            \"potentialAction\": [\n\t                {\n\t                    \"@type\": \"SearchAction\",\n\t                    \"target\": {\n\t                        \"@type\": \"EntryPoint\",\n\t                        \"urlTemplate\": \"https:\/\/www.criteo.com\/br\/?s={search_term_string}\"\n\t                    },\n\t                    \"query-input\": {\n\t                        \"@type\": \"PropertyValueSpecification\",\n\t                        \"valueRequired\": true,\n\t                        \"valueName\": \"search_term_string\"\n\t                    }\n\t                }\n\t            ],\n\t            \"inLanguage\": \"pt-PT\"\n\t        },\n\t        {\n\t            \"@type\": \"Organization\",\n\t            \"@id\": \"https:\/\/www.criteo.com\/br\/#organization\",\n\t            \"name\": \"Criteo\",\n\t            \"alternateName\": \"Criteo corp\",\n\t            \"url\": \"https:\/\/www.criteo.com\/br\/\",\n\t            \"logo\": {\n\t                \"@type\": \"ImageObject\",\n\t                \"inLanguage\": \"pt-PT\",\n\t                \"@id\": \"https:\/\/www.criteo.com\/br\/#\/schema\/logo\/image\/\",\n\t                \"url\": \"https:\/\/www.criteo.com\/br\/wp-content\/uploads\/sites\/5\/2024\/02\/Criteo-Logo.svg\",\n\t                \"contentUrl\": \"https:\/\/www.criteo.com\/br\/wp-content\/uploads\/sites\/5\/2024\/02\/Criteo-Logo.svg\",\n\t                \"width\": 118,\n\t                \"height\": 24,\n\t                \"caption\": \"Criteo\"\n\t            },\n\t            \"image\": {\n\t                \"@id\": \"https:\/\/www.criteo.com\/br\/#\/schema\/logo\/image\/\"\n\t            }\n\t        }\n\t    ]\n\t}<\/script>\n<!-- \/ Yoast SEO plugin. -->","yoast_head_json":{"title":"How to spot fake, fraudulent, spoof, or phishing emails and messages","description":"Hackers use emails and messages to deceive people into handing over sensitive personal information. Get advice on how to stay safe.","robots":{"index":"index","follow":"follow","max-snippet":"max-snippet:-1","max-image-preview":"max-image-preview:large","max-video-preview":"max-video-preview:-1"},"canonical":"https:\/\/www.criteo.com\/br\/trust-center\/security\/","og_locale":"pt_PT","og_type":"article","og_title":"How to spot fake, fraudulent, spoof, or phishing emails and messages","og_description":"Hackers use emails and messages to deceive people into handing over sensitive personal information. Get advice on how to stay safe.","og_url":"https:\/\/www.criteo.com\/br\/trust-center\/security\/","og_site_name":"BR - Criteo.com","article_modified_time":"2026-05-14T16:35:02+00:00","twitter_card":"summary_large_image","twitter_misc":{"Est. reading time":"1 minute"},"schema":{"@context":"https:\/\/schema.org","@graph":[{"@type":"WebPage","@id":"https:\/\/www.criteo.com\/br\/trust-center\/security\/","url":"https:\/\/www.criteo.com\/br\/trust-center\/security\/","name":"How to spot fake, fraudulent, spoof, or phishing emails and messages","isPartOf":{"@id":"https:\/\/www.criteo.com\/br\/#website"},"datePublished":"2022-02-14T17:05:54+00:00","dateModified":"2026-05-14T16:35:02+00:00","description":"Hackers use emails and messages to deceive people into handing over sensitive personal information. Get advice on how to stay safe.","breadcrumb":{"@id":"https:\/\/www.criteo.com\/br\/trust-center\/security\/#breadcrumb"},"inLanguage":"pt-PT","potentialAction":[{"@type":"ReadAction","target":["https:\/\/www.criteo.com\/br\/trust-center\/security\/"]}]},{"@type":"BreadcrumbList","@id":"https:\/\/www.criteo.com\/br\/trust-center\/security\/#breadcrumb","itemListElement":[{"@type":"ListItem","position":1,"name":"Home","item":"https:\/\/www.criteo.com\/br\/"},{"@type":"ListItem","position":2,"name":"Trust Center","item":"https:\/\/www.criteo.com\/br\/trust-center\/"},{"@type":"ListItem","position":3,"name":"Seguran\u00e7a"}]},{"@type":"WebSite","@id":"https:\/\/www.criteo.com\/br\/#website","url":"https:\/\/www.criteo.com\/br\/","name":"BR - Criteo.com","description":"","publisher":{"@id":"https:\/\/www.criteo.com\/br\/#organization"},"potentialAction":[{"@type":"SearchAction","target":{"@type":"EntryPoint","urlTemplate":"https:\/\/www.criteo.com\/br\/?s={search_term_string}"},"query-input":{"@type":"PropertyValueSpecification","valueRequired":true,"valueName":"search_term_string"}}],"inLanguage":"pt-PT"},{"@type":"Organization","@id":"https:\/\/www.criteo.com\/br\/#organization","name":"Criteo","alternateName":"Criteo corp","url":"https:\/\/www.criteo.com\/br\/","logo":{"@type":"ImageObject","inLanguage":"pt-PT","@id":"https:\/\/www.criteo.com\/br\/#\/schema\/logo\/image\/","url":"https:\/\/www.criteo.com\/br\/wp-content\/uploads\/sites\/5\/2024\/02\/Criteo-Logo.svg","contentUrl":"https:\/\/www.criteo.com\/br\/wp-content\/uploads\/sites\/5\/2024\/02\/Criteo-Logo.svg","width":118,"height":24,"caption":"Criteo"},"image":{"@id":"https:\/\/www.criteo.com\/br\/#\/schema\/logo\/image\/"}}]}},"_links":{"self":[{"href":"https:\/\/www.criteo.com\/br\/wp-json\/wp\/v2\/pages\/20353","targetHints":{"allow":["GET"]}}],"collection":[{"href":"https:\/\/www.criteo.com\/br\/wp-json\/wp\/v2\/pages"}],"about":[{"href":"https:\/\/www.criteo.com\/br\/wp-json\/wp\/v2\/types\/page"}],"author":[{"embeddable":true,"href":"https:\/\/www.criteo.com\/br\/wp-json\/wp\/v2\/users\/18"}],"replies":[{"embeddable":true,"href":"https:\/\/www.criteo.com\/br\/wp-json\/wp\/v2\/comments?post=20353"}],"version-history":[{"count":2,"href":"https:\/\/www.criteo.com\/br\/wp-json\/wp\/v2\/pages\/20353\/revisions"}],"predecessor-version":[{"id":20371,"href":"https:\/\/www.criteo.com\/br\/wp-json\/wp\/v2\/pages\/20353\/revisions\/20371"}],"up":[{"embeddable":true,"href":"https:\/\/www.criteo.com\/br\/wp-json\/wp\/v2\/pages\/20324"}],"wp:attachment":[{"href":"https:\/\/www.criteo.com\/br\/wp-json\/wp\/v2\/media?parent=20353"}],"wp:term":[{"taxonomy":"author","embeddable":true,"href":"https:\/\/www.criteo.com\/br\/wp-json\/wp\/v2\/coauthors?post=20353"}],"curies":[{"name":"wp","href":"https:\/\/api.w.org\/{rel}","templated":true}]}}