{"id":20357,"date":"2026-01-16T12:39:13","date_gmt":"2026-01-16T17:39:13","guid":{"rendered":"https:\/\/www.criteo.com\/?page_id=416620"},"modified":"2026-05-14T18:13:57","modified_gmt":"2026-05-14T18:13:57","slug":"business-integrity","status":"publish","type":"page","link":"https:\/\/www.criteo.com\/br\/trust-center\/business-integrity\/","title":{"rendered":"Business Integrity"},"content":{"rendered":"","protected":false},"excerpt":{"rendered":"","protected":false},"author":167,"featured_media":0,"parent":20324,"menu_order":0,"comment_status":"closed","ping_status":"closed","template":"page-templates\/pageModular2020.php","meta":{"_acf_changed":false,"footnotes":""},"coauthors":[642],"class_list":["post-20357","page","type-page","status-publish"],"acf":{"track_page_in_segment":false,"segment_page_name":"","remove_header":false,"add_password_protected_layout":false,"layouts":[{"acf_fc_layout":"customer_segments_hero_2025","customer_segments_hero_2025":{"caption":"INTEGRIDADE NOS NEG\u00d3CIOS","title_subtitle":"<h1>Nosso compromisso com a integridade nos neg\u00f3cios<\/h1>\n<p>Conquistamos a confian\u00e7a de clientes, parceiros e usu\u00e1rios em todo o mundo. Essa confian\u00e7a se baseia n\u00e3o apenas na excel\u00eancia t\u00e9cnica, mas tamb\u00e9m na maneira como conduzimos nossos neg\u00f3cios \u2014 com integridade, transpar\u00eancia e responsabilidade.<\/p>\n","logos_title":"","logos":false,"hero_right_image":{"ID":20358,"id":20358,"title":"business-integrity-hero","filename":"business-integrity-hero.png","filesize":201347,"url":"https:\/\/www.criteo.com\/br\/wp-content\/uploads\/sites\/5\/2026\/05\/business-integrity-hero.png","link":"https:\/\/www.criteo.com\/br\/trust-center\/business-integrity\/business-integrity-hero\/","alt":"","author":"198","description":"","caption":"","name":"business-integrity-hero","status":"inherit","uploaded_to":20357,"date":"2026-05-14 15:45:12","modified":"2026-05-14 18:13:57","menu_order":0,"mime_type":"image\/png","type":"image","subtype":"png","icon":"https:\/\/www.criteo.com\/br\/wp-includes\/images\/media\/default.png","width":1378,"height":937,"sizes":{"thumbnail":"https:\/\/www.criteo.com\/br\/wp-content\/uploads\/sites\/5\/2026\/05\/business-integrity-hero-150x150.png","thumbnail-width":150,"thumbnail-height":150,"medium":"https:\/\/www.criteo.com\/br\/wp-content\/uploads\/sites\/5\/2026\/05\/business-integrity-hero-300x204.png","medium-width":300,"medium-height":204,"medium_large":"https:\/\/www.criteo.com\/br\/wp-content\/uploads\/sites\/5\/2026\/05\/business-integrity-hero-768x522.png","medium_large-width":640,"medium_large-height":435,"large":"https:\/\/www.criteo.com\/br\/wp-content\/uploads\/sites\/5\/2026\/05\/business-integrity-hero-1024x696.png","large-width":640,"large-height":435,"1536x1536":"https:\/\/www.criteo.com\/br\/wp-content\/uploads\/sites\/5\/2026\/05\/business-integrity-hero.png","1536x1536-width":1378,"1536x1536-height":937,"2048x2048":"https:\/\/www.criteo.com\/br\/wp-content\/uploads\/sites\/5\/2026\/05\/business-integrity-hero.png","2048x2048-width":1378,"2048x2048-height":937,"success-story":"https:\/\/www.criteo.com\/br\/wp-content\/uploads\/sites\/5\/2026\/05\/business-integrity-hero-630x428.png","success-story-width":630,"success-story-height":428,"profile_24":"https:\/\/www.criteo.com\/br\/wp-content\/uploads\/sites\/5\/2026\/05\/business-integrity-hero-24x24.png","profile_24-width":24,"profile_24-height":24,"profile_48":"https:\/\/www.criteo.com\/br\/wp-content\/uploads\/sites\/5\/2026\/05\/business-integrity-hero-48x48.png","profile_48-width":48,"profile_48-height":48,"profile_96":"https:\/\/www.criteo.com\/br\/wp-content\/uploads\/sites\/5\/2026\/05\/business-integrity-hero-96x96.png","profile_96-width":96,"profile_96-height":96,"profile_150":"https:\/\/www.criteo.com\/br\/wp-content\/uploads\/sites\/5\/2026\/05\/business-integrity-hero-150x150.png","profile_150-width":150,"profile_150-height":150,"profile_300":"https:\/\/www.criteo.com\/br\/wp-content\/uploads\/sites\/5\/2026\/05\/business-integrity-hero-300x300.png","profile_300-width":300,"profile_300-height":300}},"background_gradient":"C-growth","cta_button":{"type":"external","text":"","link_internal":null,"link_media":false,"link_external":"","link_embed":"","link_email":"","email_subject":"","page_element_id":"","variant":"light","ai_variant":"gradient-border","icon":"thin-arrow-right","ai_icon":"none","new_window":[],"track_button":false,"button_location":false,"event_type":false,"button_classes":"","button_message":""},"additional_buttons":false}},{"acf_fc_layout":"info_boxes_2025","info_boxes_2025":{"title":"Os valores que nos guiam","subtitle":"Na Criteo, a integridade nos neg\u00f3cios \u00e9 uma responsabilidade compartilhada, ancorada em valores, apoiada pela lideran\u00e7a e incorporada em a\u00e7\u00f5es di\u00e1rias.","add_labels":false,"info_boxes":[{"label":"","title":"Conduta e padr\u00f5es \u00e9ticos","description":"Do combate \u00e0 corrup\u00e7\u00e3o ao tratamento respons\u00e1vel dos dados, nosso <a href=\"https:\/\/www.criteo.com\/wp-content\/uploads\/2025\/12\/Criteo-Code-of-Business-Conduct-and-Ethics_Branding-version-29-July-2022-3.pdf\" target=\"_blank\" rel=\"noopener noreferrer\">C\u00f3digo de Conduta e \u00c9tica nos Neg\u00f3cios<\/a> oferece diretrizes claras para a tomada de decis\u00f5es \u00e9ticas.","optional_link":""},{"label":"","title":"Integridade nas a\u00e7\u00f5es cotidianas","description":"Apoiamos o comportamento \u00e9tico por meio de pol\u00edticas, controles e treinamentos elaborados para ajudar os funcion\u00e1rios a identificar e gerenciar riscos relacionados \u00e0 integridade em seu trabalho di\u00e1rio.","optional_link":""},{"label":"","title":"Responsabilidade compartilhada","description":"A integridade nos neg\u00f3cios vai al\u00e9m das nossas pr\u00f3prias opera\u00e7\u00f5es. Esperamos que nossos fornecedores, parceiros e outros terceiros sigam uma conduta \u00e9tica condizente com <a href=\"https:\/\/criteo.investorroom.com\/download\/CRITEO_Third+Party+Code+of+Conduct_FINAL_23+FEB+2022.pdf\" target=\"_blank\" rel=\"noopener noreferrer\">nossos valores e requisitos<\/a>.","optional_link":""},{"label":"","title":"Fale sem medo","description":"Incentivamos e protegemos os funcion\u00e1rios e as partes interessadas externas a expressarem suas opini\u00f5es. <a href=\"https:\/\/www.whistleblowerservices.com\/crto\" target=\"_blank\" rel=\"noopener noreferrer\">Canais seguros e confidenciais est\u00e3o dispon\u00edveis<\/a> para isso, com o compromisso de que ningu\u00e9m sofrer\u00e1 retalia\u00e7\u00e3o por expressar uma preocupa\u00e7\u00e3o de boa-f\u00e9.","optional_link":""}]}},{"acf_fc_layout":"text_only_2025","text_only_2025":{"caption":"","title":"","description":"","text":"<h3 style=\"text-align: center;\"><em>&#8220;Confian\u00e7a e integridade norteiam tudo o que fazemos.&#8221;<\/em><\/h3>\n<p style=\"text-align: center;\">\u2013Michael Komasinski, Chief Executive Officer<\/p>\n<h3 style=\"text-align: center;\">\u00a0<img loading=\"lazy\" decoding=\"async\" class=\"alignnone wp-image-413951\" src=\"https:\/\/www.criteo.com\/wp-content\/uploads\/2025\/06\/michael-komasinski-square-1.png\" alt=\"\" width=\"106\" height=\"106\" \/><\/h3>\n"}},{"acf_fc_layout":"cta_block_2025","cta_block_2025":{"style":"v1","color_scheme":"dark_blue","color_scheme_2":"dark_blue","subtitle":"<h3>Saiba mais sobre nosso compromisso com os neg\u00f3cios respons\u00e1veis<\/h3>\n<p>Conhe\u00e7a a governan\u00e7a, as pol\u00edticas e os compromissos p\u00fablicos da Criteo.<\/p>\n","link":{"title":"Visite nossa Sala de Investidores [em ingl\u00eas]","url":"https:\/\/criteo.investorroom.com\/","target":"_blank"}}},{"acf_fc_layout":"text_only_2025","text_only_2025":{"caption":"","title":"","description":"","text":"<p><img loading=\"lazy\" decoding=\"async\" class=\"wp-image-417828 aligncenter\" src=\"https:\/\/www.criteo.com\/wp-content\/uploads\/2026\/03\/UNGC_Logo-removebg-preview.png\" alt=\"\" width=\"177\" height=\"176\" \/><\/p>\n<h3 style=\"text-align: center;\">Promovendo a responsabilidade global<\/h3>\n<p style=\"text-align: center;\">Estamos comprometidos com a iniciativa de responsabilidade corporativa do Pacto Global da ONU e seus princ\u00edpios nas \u00e1reas de direitos humanos, trabalho, meio ambiente e combate \u00e0 corrup\u00e7\u00e3o.<\/p>\n"}}],"additional_code":"","use_transparent_header":true,"remove_footer":false,"use_transparent_header_dark_menus":false,"use_transparent_header_normal":false,"background_color_modular":"neutral gray","remove_from_internal_search":false,"strip_the_header":false,"header_buttons_override":[{"button":{"type":"internal","text":"","link_internal":"0","link_media":false,"link_external":"","link_embed":"","link_email":"","email_subject":"","page_element_id":"","variant":"default","ai_variant":"gradient-border","icon":"none","ai_icon":"none","new_window":[],"track_button":false,"button_location":false,"event_type":false,"button_classes":"","button_message":""}},{"button":{"type":"internal","text":"","link_internal":"0","link_media":false,"link_external":"","link_embed":"","link_email":"","email_subject":"","page_element_id":"","variant":"default","ai_variant":"gradient-border","icon":"none","ai_icon":"none","new_window":[],"track_button":false,"button_location":false,"event_type":false,"button_classes":"","button_message":""}},{"button":{"type":"internal","text":"","link_internal":"0","link_media":false,"link_external":"","link_embed":"","link_email":"","email_subject":"","page_element_id":"","variant":"default","ai_variant":"gradient-border","icon":"none","ai_icon":"none","new_window":[],"track_button":false,"button_location":false,"event_type":false,"button_classes":"","button_message":""}}],"override_buttons":false,"enable_slide-in":false},"yoast_head":"<!-- This site is optimized with the Yoast SEO plugin v26.4 - https:\/\/yoast.com\/wordpress\/plugins\/seo\/ -->\n<title>Business Integrity | BR - Criteo.com<\/title>\n<meta name=\"description\" content=\"Descubra nosso compromisso com a integridade nos neg\u00f3cios, as pr\u00e1ticas respons\u00e1veis e a governan\u00e7a \u00e9tica.\" \/>\n<meta name=\"robots\" content=\"index, follow, max-snippet:-1, max-image-preview:large, max-video-preview:-1\" \/>\n<link rel=\"canonical\" href=\"https:\/\/www.criteo.com\/br\/trust-center\/business-integrity\/\" \/>\n<meta property=\"og:locale\" content=\"pt_PT\" \/>\n<meta property=\"og:type\" content=\"article\" \/>\n<meta property=\"og:title\" content=\"Business Integrity | BR - Criteo.com\" \/>\n<meta property=\"og:description\" content=\"Descubra nosso compromisso com a integridade nos neg\u00f3cios, as pr\u00e1ticas respons\u00e1veis e a governan\u00e7a \u00e9tica.\" \/>\n<meta property=\"og:url\" content=\"https:\/\/www.criteo.com\/br\/trust-center\/business-integrity\/\" \/>\n<meta property=\"og:site_name\" content=\"BR - Criteo.com\" \/>\n<meta property=\"article:modified_time\" content=\"2026-05-14T18:13:57+00:00\" \/>\n<meta name=\"twitter:card\" content=\"summary_large_image\" \/>\n<script type=\"application\/ld+json\" class=\"yoast-schema-graph\">{\n\t    \"@context\": \"https:\/\/schema.org\",\n\t    \"@graph\": [\n\t        {\n\t            \"@type\": \"WebPage\",\n\t            \"@id\": \"https:\/\/www.criteo.com\/br\/trust-center\/business-integrity\/\",\n\t            \"url\": \"https:\/\/www.criteo.com\/br\/trust-center\/business-integrity\/\",\n\t            \"name\": \"Business Integrity | BR - Criteo.com\",\n\t            \"isPartOf\": {\n\t                \"@id\": \"https:\/\/www.criteo.com\/br\/#website\"\n\t            },\n\t            \"datePublished\": \"2026-01-16T17:39:13+00:00\",\n\t            \"dateModified\": \"2026-05-14T18:13:57+00:00\",\n\t            \"description\": \"Descubra nosso compromisso com a integridade nos neg\u00f3cios, as pr\u00e1ticas respons\u00e1veis e a governan\u00e7a \u00e9tica.\",\n\t            \"breadcrumb\": {\n\t                \"@id\": \"https:\/\/www.criteo.com\/br\/trust-center\/business-integrity\/#breadcrumb\"\n\t            },\n\t            \"inLanguage\": \"pt-PT\",\n\t            \"potentialAction\": [\n\t                {\n\t                    \"@type\": \"ReadAction\",\n\t                    \"target\": [\n\t                        \"https:\/\/www.criteo.com\/br\/trust-center\/business-integrity\/\"\n\t                    ]\n\t                }\n\t            ]\n\t        },\n\t        {\n\t            \"@type\": \"BreadcrumbList\",\n\t            \"@id\": \"https:\/\/www.criteo.com\/br\/trust-center\/business-integrity\/#breadcrumb\",\n\t            \"itemListElement\": [\n\t                {\n\t                    \"@type\": \"ListItem\",\n\t                    \"position\": 1,\n\t                    \"name\": \"Home\",\n\t                    \"item\": \"https:\/\/www.criteo.com\/br\/\"\n\t                },\n\t                {\n\t                    \"@type\": \"ListItem\",\n\t                    \"position\": 2,\n\t                    \"name\": \"Trust Center\",\n\t                    \"item\": \"https:\/\/www.criteo.com\/br\/trust-center\/\"\n\t                },\n\t                {\n\t                    \"@type\": \"ListItem\",\n\t                    \"position\": 3,\n\t                    \"name\": \"Business Integrity\"\n\t                }\n\t            ]\n\t        },\n\t        {\n\t            \"@type\": \"WebSite\",\n\t            \"@id\": \"https:\/\/www.criteo.com\/br\/#website\",\n\t            \"url\": \"https:\/\/www.criteo.com\/br\/\",\n\t            \"name\": \"BR - Criteo.com\",\n\t            \"description\": \"\",\n\t            \"publisher\": {\n\t                \"@id\": \"https:\/\/www.criteo.com\/br\/#organization\"\n\t            },\n\t            \"potentialAction\": [\n\t                {\n\t                    \"@type\": \"SearchAction\",\n\t                    \"target\": {\n\t                        \"@type\": \"EntryPoint\",\n\t                        \"urlTemplate\": \"https:\/\/www.criteo.com\/br\/?s={search_term_string}\"\n\t                    },\n\t                    \"query-input\": {\n\t                        \"@type\": \"PropertyValueSpecification\",\n\t                        \"valueRequired\": true,\n\t                        \"valueName\": \"search_term_string\"\n\t                    }\n\t                }\n\t            ],\n\t            \"inLanguage\": \"pt-PT\"\n\t        },\n\t        {\n\t            \"@type\": \"Organization\",\n\t            \"@id\": \"https:\/\/www.criteo.com\/br\/#organization\",\n\t            \"name\": \"Criteo\",\n\t            \"alternateName\": \"Criteo corp\",\n\t            \"url\": \"https:\/\/www.criteo.com\/br\/\",\n\t            \"logo\": {\n\t                \"@type\": \"ImageObject\",\n\t                \"inLanguage\": \"pt-PT\",\n\t                \"@id\": \"https:\/\/www.criteo.com\/br\/#\/schema\/logo\/image\/\",\n\t                \"url\": \"https:\/\/www.criteo.com\/br\/wp-content\/uploads\/sites\/5\/2024\/02\/Criteo-Logo.svg\",\n\t                \"contentUrl\": \"https:\/\/www.criteo.com\/br\/wp-content\/uploads\/sites\/5\/2024\/02\/Criteo-Logo.svg\",\n\t                \"width\": 118,\n\t                \"height\": 24,\n\t                \"caption\": \"Criteo\"\n\t            },\n\t            \"image\": {\n\t                \"@id\": \"https:\/\/www.criteo.com\/br\/#\/schema\/logo\/image\/\"\n\t            }\n\t        }\n\t    ]\n\t}<\/script>\n<!-- \/ Yoast SEO plugin. -->","yoast_head_json":{"title":"Business Integrity | BR - Criteo.com","description":"Descubra nosso compromisso com a integridade nos neg\u00f3cios, as pr\u00e1ticas respons\u00e1veis e a governan\u00e7a \u00e9tica.","robots":{"index":"index","follow":"follow","max-snippet":"max-snippet:-1","max-image-preview":"max-image-preview:large","max-video-preview":"max-video-preview:-1"},"canonical":"https:\/\/www.criteo.com\/br\/trust-center\/business-integrity\/","og_locale":"pt_PT","og_type":"article","og_title":"Business Integrity | BR - Criteo.com","og_description":"Descubra nosso compromisso com a integridade nos neg\u00f3cios, as pr\u00e1ticas respons\u00e1veis e a governan\u00e7a \u00e9tica.","og_url":"https:\/\/www.criteo.com\/br\/trust-center\/business-integrity\/","og_site_name":"BR - Criteo.com","article_modified_time":"2026-05-14T18:13:57+00:00","twitter_card":"summary_large_image","schema":{"@context":"https:\/\/schema.org","@graph":[{"@type":"WebPage","@id":"https:\/\/www.criteo.com\/br\/trust-center\/business-integrity\/","url":"https:\/\/www.criteo.com\/br\/trust-center\/business-integrity\/","name":"Business Integrity | BR - Criteo.com","isPartOf":{"@id":"https:\/\/www.criteo.com\/br\/#website"},"datePublished":"2026-01-16T17:39:13+00:00","dateModified":"2026-05-14T18:13:57+00:00","description":"Descubra nosso compromisso com a integridade nos neg\u00f3cios, as pr\u00e1ticas respons\u00e1veis e a governan\u00e7a \u00e9tica.","breadcrumb":{"@id":"https:\/\/www.criteo.com\/br\/trust-center\/business-integrity\/#breadcrumb"},"inLanguage":"pt-PT","potentialAction":[{"@type":"ReadAction","target":["https:\/\/www.criteo.com\/br\/trust-center\/business-integrity\/"]}]},{"@type":"BreadcrumbList","@id":"https:\/\/www.criteo.com\/br\/trust-center\/business-integrity\/#breadcrumb","itemListElement":[{"@type":"ListItem","position":1,"name":"Home","item":"https:\/\/www.criteo.com\/br\/"},{"@type":"ListItem","position":2,"name":"Trust Center","item":"https:\/\/www.criteo.com\/br\/trust-center\/"},{"@type":"ListItem","position":3,"name":"Business Integrity"}]},{"@type":"WebSite","@id":"https:\/\/www.criteo.com\/br\/#website","url":"https:\/\/www.criteo.com\/br\/","name":"BR - Criteo.com","description":"","publisher":{"@id":"https:\/\/www.criteo.com\/br\/#organization"},"potentialAction":[{"@type":"SearchAction","target":{"@type":"EntryPoint","urlTemplate":"https:\/\/www.criteo.com\/br\/?s={search_term_string}"},"query-input":{"@type":"PropertyValueSpecification","valueRequired":true,"valueName":"search_term_string"}}],"inLanguage":"pt-PT"},{"@type":"Organization","@id":"https:\/\/www.criteo.com\/br\/#organization","name":"Criteo","alternateName":"Criteo corp","url":"https:\/\/www.criteo.com\/br\/","logo":{"@type":"ImageObject","inLanguage":"pt-PT","@id":"https:\/\/www.criteo.com\/br\/#\/schema\/logo\/image\/","url":"https:\/\/www.criteo.com\/br\/wp-content\/uploads\/sites\/5\/2024\/02\/Criteo-Logo.svg","contentUrl":"https:\/\/www.criteo.com\/br\/wp-content\/uploads\/sites\/5\/2024\/02\/Criteo-Logo.svg","width":118,"height":24,"caption":"Criteo"},"image":{"@id":"https:\/\/www.criteo.com\/br\/#\/schema\/logo\/image\/"}}]}},"_links":{"self":[{"href":"https:\/\/www.criteo.com\/br\/wp-json\/wp\/v2\/pages\/20357","targetHints":{"allow":["GET"]}}],"collection":[{"href":"https:\/\/www.criteo.com\/br\/wp-json\/wp\/v2\/pages"}],"about":[{"href":"https:\/\/www.criteo.com\/br\/wp-json\/wp\/v2\/types\/page"}],"author":[{"embeddable":true,"href":"https:\/\/www.criteo.com\/br\/wp-json\/wp\/v2\/users\/167"}],"replies":[{"embeddable":true,"href":"https:\/\/www.criteo.com\/br\/wp-json\/wp\/v2\/comments?post=20357"}],"version-history":[{"count":1,"href":"https:\/\/www.criteo.com\/br\/wp-json\/wp\/v2\/pages\/20357\/revisions"}],"predecessor-version":[{"id":20381,"href":"https:\/\/www.criteo.com\/br\/wp-json\/wp\/v2\/pages\/20357\/revisions\/20381"}],"up":[{"embeddable":true,"href":"https:\/\/www.criteo.com\/br\/wp-json\/wp\/v2\/pages\/20324"}],"wp:attachment":[{"href":"https:\/\/www.criteo.com\/br\/wp-json\/wp\/v2\/media?parent=20357"}],"wp:term":[{"taxonomy":"author","embeddable":true,"href":"https:\/\/www.criteo.com\/br\/wp-json\/wp\/v2\/coauthors?post=20357"}],"curies":[{"name":"wp","href":"https:\/\/api.w.org\/{rel}","templated":true}]}}