{"id":20359,"date":"2022-09-28T14:49:34","date_gmt":"2022-09-28T18:49:34","guid":{"rendered":"https:\/\/www.criteo.com\/?page_id=417019"},"modified":"2026-05-14T18:33:59","modified_gmt":"2026-05-14T18:33:59","slug":"product-ethics","status":"publish","type":"page","link":"https:\/\/www.criteo.com\/br\/trust-center\/product-ethics\/","title":{"rendered":"Product Ethics"},"content":{"rendered":"","protected":false},"excerpt":{"rendered":"","protected":false},"author":9,"featured_media":0,"parent":20324,"menu_order":0,"comment_status":"closed","ping_status":"closed","template":"page-templates\/pageModular2020.php","meta":{"_acf_changed":false,"footnotes":""},"coauthors":[622],"class_list":["post-20359","page","type-page","status-publish"],"acf":{"track_page_in_segment":false,"segment_page_name":"","remove_header":false,"add_password_protected_layout":false,"layouts":[{"acf_fc_layout":"customer_segments_hero_2025","customer_segments_hero_2025":{"caption":"\u00c9tica do Produto","title_subtitle":"<h1 class=\"title\">Orientando nossas pr\u00e1ticas de publicidade<\/h1>\n<div class=\"description larger-regular\">\n<p>O Comit\u00ea de \u00c9tica do Produto da Criteo atua como \u00f3rg\u00e3o central e multifuncional para promover uma cultura de publicidade orientada por IA \u00e9tica, respons\u00e1vel e confi\u00e1vel em todas as atividades da Criteo.<\/p>\n<\/div>\n","logos_title":"","logos":false,"hero_right_image":{"ID":20361,"id":20361,"title":"Ethics - Hero","filename":"Ethics-Hero.png","filesize":209351,"url":"https:\/\/www.criteo.com\/br\/wp-content\/uploads\/sites\/5\/2026\/05\/Ethics-Hero.png","link":"https:\/\/www.criteo.com\/br\/trust-center\/product-ethics\/ethics-hero\/","alt":"","author":"198","description":"","caption":"","name":"ethics-hero","status":"inherit","uploaded_to":20359,"date":"2026-05-14 15:46:02","modified":"2026-05-14 18:21:41","menu_order":0,"mime_type":"image\/png","type":"image","subtype":"png","icon":"https:\/\/www.criteo.com\/br\/wp-includes\/images\/media\/default.png","width":1378,"height":1080,"sizes":{"thumbnail":"https:\/\/www.criteo.com\/br\/wp-content\/uploads\/sites\/5\/2026\/05\/Ethics-Hero-150x150.png","thumbnail-width":150,"thumbnail-height":150,"medium":"https:\/\/www.criteo.com\/br\/wp-content\/uploads\/sites\/5\/2026\/05\/Ethics-Hero-300x235.png","medium-width":300,"medium-height":235,"medium_large":"https:\/\/www.criteo.com\/br\/wp-content\/uploads\/sites\/5\/2026\/05\/Ethics-Hero-768x602.png","medium_large-width":640,"medium_large-height":502,"large":"https:\/\/www.criteo.com\/br\/wp-content\/uploads\/sites\/5\/2026\/05\/Ethics-Hero-1024x803.png","large-width":640,"large-height":502,"1536x1536":"https:\/\/www.criteo.com\/br\/wp-content\/uploads\/sites\/5\/2026\/05\/Ethics-Hero.png","1536x1536-width":1378,"1536x1536-height":1080,"2048x2048":"https:\/\/www.criteo.com\/br\/wp-content\/uploads\/sites\/5\/2026\/05\/Ethics-Hero.png","2048x2048-width":1378,"2048x2048-height":1080,"success-story":"https:\/\/www.criteo.com\/br\/wp-content\/uploads\/sites\/5\/2026\/05\/Ethics-Hero-630x494.png","success-story-width":630,"success-story-height":494,"profile_24":"https:\/\/www.criteo.com\/br\/wp-content\/uploads\/sites\/5\/2026\/05\/Ethics-Hero-24x24.png","profile_24-width":24,"profile_24-height":24,"profile_48":"https:\/\/www.criteo.com\/br\/wp-content\/uploads\/sites\/5\/2026\/05\/Ethics-Hero-48x48.png","profile_48-width":48,"profile_48-height":48,"profile_96":"https:\/\/www.criteo.com\/br\/wp-content\/uploads\/sites\/5\/2026\/05\/Ethics-Hero-96x96.png","profile_96-width":96,"profile_96-height":96,"profile_150":"https:\/\/www.criteo.com\/br\/wp-content\/uploads\/sites\/5\/2026\/05\/Ethics-Hero-150x150.png","profile_150-width":150,"profile_150-height":150,"profile_300":"https:\/\/www.criteo.com\/br\/wp-content\/uploads\/sites\/5\/2026\/05\/Ethics-Hero-300x300.png","profile_300-width":300,"profile_300-height":300}},"background_gradient":"Publishers","cta_button":{"type":"internal","text":"Fale conosco","link_internal":"https:\/\/www.criteo.com\/br\/talk-to-an-expert\/","link_media":false,"link_external":"","link_embed":"","link_email":"","email_subject":"","page_element_id":"","variant":"light","ai_variant":"gradient-border","icon":"thin-arrow-right","ai_icon":"none","new_window":[],"track_button":false,"button_location":false,"event_type":false,"button_classes":"","button_message":""},"additional_buttons":false}},{"acf_fc_layout":"text_and_image_block_2025","text_and_image_block_2025":{"title":"<h2 class=\"h3 title\">Nossos quatro princ\u00edpios norteadores<\/h2>\n<div class=\"description body-five-regular\">\n<p>O Comit\u00ea de \u00c9tica do Produto da Criteo segue quatro princ\u00edpios-chave que sustentam nossa abordagem de \u00e9tica em publicidade, de acordo com as recomenda\u00e7\u00f5es estabelecidas pela\u00a0<a href=\"https:\/\/wfanet.org\/leadership\/data-ethics#:~:text=Data%20Ethics%20%2D%20The%20Rise%20of%20Morality%20in%20Tech&amp;text=This%20comes%20at%20a%20time,in%20light%20of%20COVID%2D19.\" target=\"_blank\" rel=\"noopener\">Federa\u00e7\u00e3o Mundial de Anunciantes (WFA, na sigla em ingl\u00eas)<\/a>:<\/p>\n<\/div>\n","image":false,"image_mobile":false,"bottom_logos":false,"remove_background_and_borders":true,"attach_to_previous_section":false}},{"acf_fc_layout":"top_tips_2025","top_tips_2025":{"title":"","image":{"ID":20362,"id":20362,"title":"Ethics-Webpage-Image-01 (1)","filename":"Ethics-Webpage-Image-01-1-1.svg","filesize":2186435,"url":"https:\/\/www.criteo.com\/br\/wp-content\/uploads\/sites\/5\/2026\/05\/Ethics-Webpage-Image-01-1-1.svg","link":"https:\/\/www.criteo.com\/br\/trust-center\/product-ethics\/ethics-webpage-image-01-1\/","alt":"","author":"198","description":"","caption":"","name":"ethics-webpage-image-01-1","status":"inherit","uploaded_to":20359,"date":"2026-05-14 15:46:06","modified":"2026-05-14 18:21:41","menu_order":0,"mime_type":"image\/svg+xml","type":"image","subtype":"svg+xml","icon":"https:\/\/www.criteo.com\/br\/wp-includes\/images\/media\/default.png","width":297,"height":204,"sizes":{"thumbnail":"https:\/\/www.criteo.com\/br\/wp-content\/uploads\/sites\/5\/2026\/05\/Ethics-Webpage-Image-01-1-1.svg","thumbnail-width":297,"thumbnail-height":204,"medium":"https:\/\/www.criteo.com\/br\/wp-content\/uploads\/sites\/5\/2026\/05\/Ethics-Webpage-Image-01-1-1.svg","medium-width":297,"medium-height":204,"medium_large":"https:\/\/www.criteo.com\/br\/wp-content\/uploads\/sites\/5\/2026\/05\/Ethics-Webpage-Image-01-1-1.svg","medium_large-width":297,"medium_large-height":204,"large":"https:\/\/www.criteo.com\/br\/wp-content\/uploads\/sites\/5\/2026\/05\/Ethics-Webpage-Image-01-1-1.svg","large-width":297,"large-height":204,"1536x1536":"https:\/\/www.criteo.com\/br\/wp-content\/uploads\/sites\/5\/2026\/05\/Ethics-Webpage-Image-01-1-1.svg","1536x1536-width":297,"1536x1536-height":204,"2048x2048":"https:\/\/www.criteo.com\/br\/wp-content\/uploads\/sites\/5\/2026\/05\/Ethics-Webpage-Image-01-1-1.svg","2048x2048-width":297,"2048x2048-height":204,"success-story":"https:\/\/www.criteo.com\/br\/wp-content\/uploads\/sites\/5\/2026\/05\/Ethics-Webpage-Image-01-1-1.svg","success-story-width":297,"success-story-height":204,"profile_24":"https:\/\/www.criteo.com\/br\/wp-content\/uploads\/sites\/5\/2026\/05\/Ethics-Webpage-Image-01-1-1.svg","profile_24-width":297,"profile_24-height":204,"profile_48":"https:\/\/www.criteo.com\/br\/wp-content\/uploads\/sites\/5\/2026\/05\/Ethics-Webpage-Image-01-1-1.svg","profile_48-width":297,"profile_48-height":204,"profile_96":"https:\/\/www.criteo.com\/br\/wp-content\/uploads\/sites\/5\/2026\/05\/Ethics-Webpage-Image-01-1-1.svg","profile_96-width":297,"profile_96-height":204,"profile_150":"https:\/\/www.criteo.com\/br\/wp-content\/uploads\/sites\/5\/2026\/05\/Ethics-Webpage-Image-01-1-1.svg","profile_150-width":297,"profile_150-height":204,"profile_300":"https:\/\/www.criteo.com\/br\/wp-content\/uploads\/sites\/5\/2026\/05\/Ethics-Webpage-Image-01-1-1.svg","profile_300-width":297,"profile_300-height":204}},"tips":[{"title":"Transpar\u00eancia","description":"Assegurar que nosso uso de dados seja transparente, f\u00e1cil de entender e acess\u00edvel a todos. Isso abrange os potenciais impactos sociais, \u00e9ticos e sociais de tal uso."},{"title":"Respeito","description":"Compreender e respeitar os interesses de todas as partes e proteger os direitos humanos amplamente aceitos (privacidade, dignidade, diversidade, justi\u00e7a, igualdade, autonomia e liberdade).\r\n\r\n"},{"title":"Justi\u00e7a","description":"Monitorar continuamente a imparcialidade nas pr\u00e1ticas de publicidade para evitar a replica\u00e7\u00e3o de preconceitos, discrimina\u00e7\u00e3o ou exclus\u00e3o.\r\n\r\n"},{"title":"Responsabilidade","description":"Manter a Criteo, bem como nossos parceiros e clientes, respons\u00e1veis pelo uso dos dados.\r\n\r\n"}]}},{"acf_fc_layout":"cta_block_2025","cta_block_2025":{"style":"v5","color_scheme":"dark_blue","color_scheme_2":"light_blue","subtitle":"<h4>CENTRO DE CONFIAN\u00c7A<\/h4>\n<p>Descubra como constru\u00edmos confian\u00e7a por meio da integridade e dos mais altos padr\u00f5es de \u00e9tica, privacidade, seguran\u00e7a e prote\u00e7\u00e3o.<\/p>\n","link":{"title":"Saiba mais","url":"https:\/\/www.criteo.com\/br\/trust-center\/ad-trust-and-safety\/","target":""}}},{"acf_fc_layout":"top_tips_2025","top_tips_2025":{"title":"","image":{"ID":20363,"id":20363,"title":"direct bidder - image 01","filename":"direct-bidder-image-01.svg","filesize":173496,"url":"https:\/\/www.criteo.com\/br\/wp-content\/uploads\/sites\/5\/2026\/05\/direct-bidder-image-01.svg","link":"https:\/\/www.criteo.com\/br\/trust-center\/product-ethics\/direct-bidder-image-01-2\/","alt":"","author":"198","description":"","caption":"","name":"direct-bidder-image-01-2","status":"inherit","uploaded_to":20359,"date":"2026-05-14 15:46:07","modified":"2026-05-14 18:21:41","menu_order":0,"mime_type":"image\/svg+xml","type":"image","subtype":"svg+xml","icon":"https:\/\/www.criteo.com\/br\/wp-includes\/images\/media\/default.png","width":806,"height":658,"sizes":{"thumbnail":"https:\/\/www.criteo.com\/br\/wp-content\/uploads\/sites\/5\/2026\/05\/direct-bidder-image-01.svg","thumbnail-width":806,"thumbnail-height":658,"medium":"https:\/\/www.criteo.com\/br\/wp-content\/uploads\/sites\/5\/2026\/05\/direct-bidder-image-01.svg","medium-width":806,"medium-height":658,"medium_large":"https:\/\/www.criteo.com\/br\/wp-content\/uploads\/sites\/5\/2026\/05\/direct-bidder-image-01.svg","medium_large-width":806,"medium_large-height":658,"large":"https:\/\/www.criteo.com\/br\/wp-content\/uploads\/sites\/5\/2026\/05\/direct-bidder-image-01.svg","large-width":806,"large-height":658,"1536x1536":"https:\/\/www.criteo.com\/br\/wp-content\/uploads\/sites\/5\/2026\/05\/direct-bidder-image-01.svg","1536x1536-width":806,"1536x1536-height":658,"2048x2048":"https:\/\/www.criteo.com\/br\/wp-content\/uploads\/sites\/5\/2026\/05\/direct-bidder-image-01.svg","2048x2048-width":806,"2048x2048-height":658,"success-story":"https:\/\/www.criteo.com\/br\/wp-content\/uploads\/sites\/5\/2026\/05\/direct-bidder-image-01.svg","success-story-width":806,"success-story-height":658,"profile_24":"https:\/\/www.criteo.com\/br\/wp-content\/uploads\/sites\/5\/2026\/05\/direct-bidder-image-01.svg","profile_24-width":806,"profile_24-height":658,"profile_48":"https:\/\/www.criteo.com\/br\/wp-content\/uploads\/sites\/5\/2026\/05\/direct-bidder-image-01.svg","profile_48-width":806,"profile_48-height":658,"profile_96":"https:\/\/www.criteo.com\/br\/wp-content\/uploads\/sites\/5\/2026\/05\/direct-bidder-image-01.svg","profile_96-width":806,"profile_96-height":658,"profile_150":"https:\/\/www.criteo.com\/br\/wp-content\/uploads\/sites\/5\/2026\/05\/direct-bidder-image-01.svg","profile_150-width":806,"profile_150-height":658,"profile_300":"https:\/\/www.criteo.com\/br\/wp-content\/uploads\/sites\/5\/2026\/05\/direct-bidder-image-01.svg","profile_300-width":806,"profile_300-height":658}},"tips":[{"title":"Nossa abordagem \u00e0 \u00c9tica do Produto","description":"Como empresa de commerce media global que permite que profissionais de marketing e m\u00eddia gerem melhores resultados comerciais, a Criteo visa incorporar uma abordagem \u00e9tica em cada fase de desenvolvimento de seus produtos e da cadeia de supply."},{"title":"Nosso Comit\u00ea de \u00c9tica do Produto","description":"O Comit\u00ea de \u00c9tica do Produto da Criteo atua como \u00f3rg\u00e3o central e multifuncional para promover uma cultura de publicidade orientada por IA \u00e9tica, respons\u00e1vel e confi\u00e1vel em todas as atividades da Criteo. Por meio do trabalho do Comit\u00ea de \u00c9tica do Produto, nos esfor\u00e7amos para combater a desinforma\u00e7\u00e3o, al\u00e9m de entender cuidadosamente os potenciais impactos de vieses em nossos algoritmos e incorporar nossos valores em nossas campanhas publicit\u00e1rias. Ao orientar nossos padr\u00f5es \u00e9ticos, o Comit\u00ea de \u00c9tica do Produto tamb\u00e9m garante que fornecemos aos nossos clientes e parceiros publicidade confi\u00e1vel. Os membros do Comit\u00ea incluem representantes seniores de todos os departamentos da Criteo, que se re\u00fanem trimestralmente."}]}},{"acf_fc_layout":"cta_block_2025","cta_block_2025":{"style":"v1","color_scheme":"dark_blue","color_scheme_2":"dark_blue","subtitle":"<h2>Nosso compromisso com o impacto positivo al\u00e9m do nosso setor.<\/h2>\n<p>Nossa agenda de Responsabilidade Social Corporativa \u00e9 mais do que palavras no papel. S\u00e3o a\u00e7\u00f5es reais que apoiam a prote\u00e7\u00e3o de nossos funcion\u00e1rios, o avan\u00e7o de nossa sociedade, a a\u00e7\u00e3o ambiental e a viv\u00eancia de nossos valores.<\/p>\n","link":{"title":"Leia mais aqui","url":"https:\/\/criteo.investorroom.com\/csr-reports","target":"_blank"}}}],"additional_code":"","remove_footer":false,"use_transparent_header":true,"use_transparent_header_dark_menus":false,"use_transparent_header_normal":false,"background_color_modular":"neutral gray","remove_from_internal_search":false,"strip_the_header":false,"override_buttons":false,"enable_slide-in":false},"yoast_head":"<!-- This site is optimized with the Yoast SEO plugin v26.4 - https:\/\/yoast.com\/wordpress\/plugins\/seo\/ -->\n<title>Product Ethics<\/title>\n<meta name=\"description\" content=\"O Comit\u00ea de \u00c9tica do Produto da Criteo atua como \u00f3rg\u00e3o central e multifuncional para promover uma cultura de publicidade orientada por IA \u00e9tica, respons\u00e1vel e confi\u00e1vel em todas as atividades da Criteo.\" \/>\n<meta name=\"robots\" content=\"index, follow, max-snippet:-1, max-image-preview:large, max-video-preview:-1\" \/>\n<link rel=\"canonical\" href=\"https:\/\/www.criteo.com\/br\/trust-center\/product-ethics\/\" \/>\n<meta property=\"og:locale\" content=\"pt_PT\" \/>\n<meta property=\"og:type\" content=\"article\" \/>\n<meta property=\"og:title\" content=\"Product Ethics\" \/>\n<meta property=\"og:description\" content=\"O Comit\u00ea de \u00c9tica do Produto da Criteo atua como \u00f3rg\u00e3o central e multifuncional para promover uma cultura de publicidade orientada por IA \u00e9tica, respons\u00e1vel e confi\u00e1vel em todas as atividades da Criteo.\" \/>\n<meta property=\"og:url\" content=\"https:\/\/www.criteo.com\/br\/trust-center\/product-ethics\/\" \/>\n<meta property=\"og:site_name\" content=\"BR - Criteo.com\" \/>\n<meta property=\"article:modified_time\" content=\"2026-05-14T18:33:59+00:00\" \/>\n<meta name=\"twitter:card\" content=\"summary_large_image\" \/>\n<script type=\"application\/ld+json\" class=\"yoast-schema-graph\">{\n\t    \"@context\": \"https:\/\/schema.org\",\n\t    \"@graph\": [\n\t        {\n\t            \"@type\": \"WebPage\",\n\t            \"@id\": \"https:\/\/www.criteo.com\/br\/trust-center\/product-ethics\/\",\n\t            \"url\": \"https:\/\/www.criteo.com\/br\/trust-center\/product-ethics\/\",\n\t            \"name\": \"Product Ethics\",\n\t            \"isPartOf\": {\n\t                \"@id\": \"https:\/\/www.criteo.com\/br\/#website\"\n\t            },\n\t            \"datePublished\": \"2022-09-28T18:49:34+00:00\",\n\t            \"dateModified\": \"2026-05-14T18:33:59+00:00\",\n\t            \"description\": \"O Comit\u00ea de \u00c9tica do Produto da Criteo atua como \u00f3rg\u00e3o central e multifuncional para promover uma cultura de publicidade orientada por IA \u00e9tica, respons\u00e1vel e confi\u00e1vel em todas as atividades da Criteo.\",\n\t            \"breadcrumb\": {\n\t                \"@id\": \"https:\/\/www.criteo.com\/br\/trust-center\/product-ethics\/#breadcrumb\"\n\t            },\n\t            \"inLanguage\": \"pt-PT\",\n\t            \"potentialAction\": [\n\t                {\n\t                    \"@type\": \"ReadAction\",\n\t                    \"target\": [\n\t                        \"https:\/\/www.criteo.com\/br\/trust-center\/product-ethics\/\"\n\t                    ]\n\t                }\n\t            ]\n\t        },\n\t        {\n\t            \"@type\": \"BreadcrumbList\",\n\t            \"@id\": \"https:\/\/www.criteo.com\/br\/trust-center\/product-ethics\/#breadcrumb\",\n\t            \"itemListElement\": [\n\t                {\n\t                    \"@type\": \"ListItem\",\n\t                    \"position\": 1,\n\t                    \"name\": \"Home\",\n\t                    \"item\": \"https:\/\/www.criteo.com\/br\/\"\n\t                },\n\t                {\n\t                    \"@type\": \"ListItem\",\n\t                    \"position\": 2,\n\t                    \"name\": \"Trust Center\",\n\t                    \"item\": \"https:\/\/www.criteo.com\/br\/trust-center\/\"\n\t                },\n\t                {\n\t                    \"@type\": \"ListItem\",\n\t                    \"position\": 3,\n\t                    \"name\": \"Product Ethics\"\n\t                }\n\t            ]\n\t        },\n\t        {\n\t            \"@type\": \"WebSite\",\n\t            \"@id\": \"https:\/\/www.criteo.com\/br\/#website\",\n\t            \"url\": \"https:\/\/www.criteo.com\/br\/\",\n\t            \"name\": \"BR - Criteo.com\",\n\t            \"description\": \"\",\n\t            \"publisher\": {\n\t                \"@id\": \"https:\/\/www.criteo.com\/br\/#organization\"\n\t            },\n\t            \"potentialAction\": [\n\t                {\n\t                    \"@type\": \"SearchAction\",\n\t                    \"target\": {\n\t                        \"@type\": \"EntryPoint\",\n\t                        \"urlTemplate\": \"https:\/\/www.criteo.com\/br\/?s={search_term_string}\"\n\t                    },\n\t                    \"query-input\": {\n\t                        \"@type\": \"PropertyValueSpecification\",\n\t                        \"valueRequired\": true,\n\t                        \"valueName\": \"search_term_string\"\n\t                    }\n\t                }\n\t            ],\n\t            \"inLanguage\": \"pt-PT\"\n\t        },\n\t        {\n\t            \"@type\": \"Organization\",\n\t            \"@id\": \"https:\/\/www.criteo.com\/br\/#organization\",\n\t            \"name\": \"Criteo\",\n\t            \"alternateName\": \"Criteo corp\",\n\t            \"url\": \"https:\/\/www.criteo.com\/br\/\",\n\t            \"logo\": {\n\t                \"@type\": \"ImageObject\",\n\t                \"inLanguage\": \"pt-PT\",\n\t                \"@id\": \"https:\/\/www.criteo.com\/br\/#\/schema\/logo\/image\/\",\n\t                \"url\": \"https:\/\/www.criteo.com\/br\/wp-content\/uploads\/sites\/5\/2024\/02\/Criteo-Logo.svg\",\n\t                \"contentUrl\": \"https:\/\/www.criteo.com\/br\/wp-content\/uploads\/sites\/5\/2024\/02\/Criteo-Logo.svg\",\n\t                \"width\": 118,\n\t                \"height\": 24,\n\t                \"caption\": \"Criteo\"\n\t            },\n\t            \"image\": {\n\t                \"@id\": \"https:\/\/www.criteo.com\/br\/#\/schema\/logo\/image\/\"\n\t            }\n\t        }\n\t    ]\n\t}<\/script>\n<!-- \/ Yoast SEO plugin. -->","yoast_head_json":{"title":"Product Ethics","description":"O Comit\u00ea de \u00c9tica do Produto da Criteo atua como \u00f3rg\u00e3o central e multifuncional para promover uma cultura de publicidade orientada por IA \u00e9tica, respons\u00e1vel e confi\u00e1vel em todas as atividades da Criteo.","robots":{"index":"index","follow":"follow","max-snippet":"max-snippet:-1","max-image-preview":"max-image-preview:large","max-video-preview":"max-video-preview:-1"},"canonical":"https:\/\/www.criteo.com\/br\/trust-center\/product-ethics\/","og_locale":"pt_PT","og_type":"article","og_title":"Product Ethics","og_description":"O Comit\u00ea de \u00c9tica do Produto da Criteo atua como \u00f3rg\u00e3o central e multifuncional para promover uma cultura de publicidade orientada por IA \u00e9tica, respons\u00e1vel e confi\u00e1vel em todas as atividades da Criteo.","og_url":"https:\/\/www.criteo.com\/br\/trust-center\/product-ethics\/","og_site_name":"BR - Criteo.com","article_modified_time":"2026-05-14T18:33:59+00:00","twitter_card":"summary_large_image","schema":{"@context":"https:\/\/schema.org","@graph":[{"@type":"WebPage","@id":"https:\/\/www.criteo.com\/br\/trust-center\/product-ethics\/","url":"https:\/\/www.criteo.com\/br\/trust-center\/product-ethics\/","name":"Product Ethics","isPartOf":{"@id":"https:\/\/www.criteo.com\/br\/#website"},"datePublished":"2022-09-28T18:49:34+00:00","dateModified":"2026-05-14T18:33:59+00:00","description":"O Comit\u00ea de \u00c9tica do Produto da Criteo atua como \u00f3rg\u00e3o central e multifuncional para promover uma cultura de publicidade orientada por IA \u00e9tica, respons\u00e1vel e confi\u00e1vel em todas as atividades da Criteo.","breadcrumb":{"@id":"https:\/\/www.criteo.com\/br\/trust-center\/product-ethics\/#breadcrumb"},"inLanguage":"pt-PT","potentialAction":[{"@type":"ReadAction","target":["https:\/\/www.criteo.com\/br\/trust-center\/product-ethics\/"]}]},{"@type":"BreadcrumbList","@id":"https:\/\/www.criteo.com\/br\/trust-center\/product-ethics\/#breadcrumb","itemListElement":[{"@type":"ListItem","position":1,"name":"Home","item":"https:\/\/www.criteo.com\/br\/"},{"@type":"ListItem","position":2,"name":"Trust Center","item":"https:\/\/www.criteo.com\/br\/trust-center\/"},{"@type":"ListItem","position":3,"name":"Product Ethics"}]},{"@type":"WebSite","@id":"https:\/\/www.criteo.com\/br\/#website","url":"https:\/\/www.criteo.com\/br\/","name":"BR - Criteo.com","description":"","publisher":{"@id":"https:\/\/www.criteo.com\/br\/#organization"},"potentialAction":[{"@type":"SearchAction","target":{"@type":"EntryPoint","urlTemplate":"https:\/\/www.criteo.com\/br\/?s={search_term_string}"},"query-input":{"@type":"PropertyValueSpecification","valueRequired":true,"valueName":"search_term_string"}}],"inLanguage":"pt-PT"},{"@type":"Organization","@id":"https:\/\/www.criteo.com\/br\/#organization","name":"Criteo","alternateName":"Criteo corp","url":"https:\/\/www.criteo.com\/br\/","logo":{"@type":"ImageObject","inLanguage":"pt-PT","@id":"https:\/\/www.criteo.com\/br\/#\/schema\/logo\/image\/","url":"https:\/\/www.criteo.com\/br\/wp-content\/uploads\/sites\/5\/2024\/02\/Criteo-Logo.svg","contentUrl":"https:\/\/www.criteo.com\/br\/wp-content\/uploads\/sites\/5\/2024\/02\/Criteo-Logo.svg","width":118,"height":24,"caption":"Criteo"},"image":{"@id":"https:\/\/www.criteo.com\/br\/#\/schema\/logo\/image\/"}}]}},"_links":{"self":[{"href":"https:\/\/www.criteo.com\/br\/wp-json\/wp\/v2\/pages\/20359","targetHints":{"allow":["GET"]}}],"collection":[{"href":"https:\/\/www.criteo.com\/br\/wp-json\/wp\/v2\/pages"}],"about":[{"href":"https:\/\/www.criteo.com\/br\/wp-json\/wp\/v2\/types\/page"}],"author":[{"embeddable":true,"href":"https:\/\/www.criteo.com\/br\/wp-json\/wp\/v2\/users\/9"}],"replies":[{"embeddable":true,"href":"https:\/\/www.criteo.com\/br\/wp-json\/wp\/v2\/comments?post=20359"}],"version-history":[{"count":3,"href":"https:\/\/www.criteo.com\/br\/wp-json\/wp\/v2\/pages\/20359\/revisions"}],"predecessor-version":[{"id":20387,"href":"https:\/\/www.criteo.com\/br\/wp-json\/wp\/v2\/pages\/20359\/revisions\/20387"}],"up":[{"embeddable":true,"href":"https:\/\/www.criteo.com\/br\/wp-json\/wp\/v2\/pages\/20324"}],"wp:attachment":[{"href":"https:\/\/www.criteo.com\/br\/wp-json\/wp\/v2\/media?parent=20359"}],"wp:term":[{"taxonomy":"author","embeddable":true,"href":"https:\/\/www.criteo.com\/br\/wp-json\/wp\/v2\/coauthors?post=20359"}],"curies":[{"name":"wp","href":"https:\/\/api.w.org\/{rel}","templated":true}]}}