{"id":579,"date":"2017-07-10T16:50:31","date_gmt":"2017-07-10T16:50:31","guid":{"rendered":"http:\/\/www.criteo.com\/?page_id=579"},"modified":"2024-02-15T08:38:35","modified_gmt":"2024-02-15T08:38:35","slug":"contact-us","status":"publish","type":"page","link":"https:\/\/www.criteo.com\/br\/contact-us\/","title":{"rendered":"Fale conosco"},"content":{"rendered":"","protected":false},"excerpt":{"rendered":"","protected":false},"author":1,"featured_media":0,"parent":0,"menu_order":6,"comment_status":"closed","ping_status":"closed","template":"page-templates\/pageModular2020.php","meta":{"_acf_changed":false,"footnotes":""},"coauthors":[624],"class_list":["post-579","page","type-page","status-publish"],"acf":{"bevel":"peach-grapes","bevel_reversed":false,"title_top_left":"Conte pra gente um pouco sobre voc\u00ea e entraremos em contato","opt-out_button_text":"Opt-out de an\u00fancios Criteo","cta_bottom":{"questions_text_left":"Procurando um escrit\u00f3rio da Criteo perto de voc\u00ea?","questions_text_right":""},"form_url":"https:\/\/www2.criteo.com\/l\/126241\/2019-06-11\/6rny5d","side_text":"","cta_bottom_link":"http:\/\/www.criteo.com\/br\/contact-us\/find-us\/","opt_out_link":"http:\/\/www.criteo.com\/br\/privacy\/","follow_criteo_text":"Follow Criteo on these Social Networks","gtm_conversion_name":"Contact Us","stae_popup_enable":false,"track_page_in_segment":false,"segment_page_name":"","additional_code":"","remove_header":false,"add_password_protected_layout":false,"layouts":[{"acf_fc_layout":"form","form":{"section_customization":{"anchor_id":"","background_type":"image","background_color":{"color":"Sunrise"},"background_gradient":"","background_image":"https:\/\/www.criteo.com\/br\/wp-content\/uploads\/sites\/5\/2021\/07\/Dynamic-Retargeting-Header-BG.svg","background_image_position":"center-top","background_overlay":"none","use_custom_paddings":false,"custom_padding":{"desktop_top":"","desktop_bottom":"","mobile_top":"","mobile_bottom":""},"use_custom_margins":false,"custom_margins":{"desktop_top_margin":"","desktop_bottom_margin":"","mobile_top_margin":"","mobile_bottom_margin":""}},"intro":{"intro":{"show_intro_block":true,"image_as_caption":false,"image":false,"caption":"","caption_is_page_title":false,"title":"Fale conosco","title_size":"h1","description":"<p>Conte pra gente um pouco sobre voc\u00ea e entraremos em contato<\/p>\n","description_font_size":"larger"}},"image":false,"pardot_form_URL":"https:\/\/www2.criteo.com\/l\/126241\/2024-01-17\/85hysb","display_content_in_one_column":true}}],"remove_footer":false,"use_transparent_header":false,"use_transparent_header_dark_menus":false},"yoast_head":"<!-- This site is optimized with the Yoast SEO plugin v26.4 - https:\/\/yoast.com\/wordpress\/plugins\/seo\/ -->\n<title>Fale conosco | BR - Criteo.com<\/title>\n<meta name=\"description\" content=\"Se voc\u00ea quer conhecer um pouco mais a Criteo, l\u00edder de marketing de performance, entre em contato conosco e fale um pouco sobre voc\u00ea. Se voc\u00ea quiser, podemos enviar email marketing relacionado a produtos, servi\u00e7os e eventos, sempre preservando seus dados pessoais em conformidade com nossa pol\u00edtica de privacidade.\" \/>\n<meta name=\"robots\" content=\"index, follow, max-snippet:-1, max-image-preview:large, max-video-preview:-1\" \/>\n<link rel=\"canonical\" href=\"https:\/\/www.criteo.com\/br\/contact-us\/\" \/>\n<meta property=\"og:locale\" content=\"pt_PT\" \/>\n<meta property=\"og:type\" content=\"article\" \/>\n<meta property=\"og:title\" content=\"Fale conosco | BR - Criteo.com\" \/>\n<meta property=\"og:description\" content=\"Se voc\u00ea quer conhecer um pouco mais a Criteo, l\u00edder de marketing de performance, entre em contato conosco e fale um pouco sobre voc\u00ea. Se voc\u00ea quiser, podemos enviar email marketing relacionado a produtos, servi\u00e7os e eventos, sempre preservando seus dados pessoais em conformidade com nossa pol\u00edtica de privacidade.\" \/>\n<meta property=\"og:url\" content=\"https:\/\/www.criteo.com\/br\/contact-us\/\" \/>\n<meta property=\"og:site_name\" content=\"BR - Criteo.com\" \/>\n<meta property=\"article:modified_time\" content=\"2024-02-15T08:38:35+00:00\" \/>\n<meta name=\"twitter:card\" content=\"summary_large_image\" \/>\n<script type=\"application\/ld+json\" class=\"yoast-schema-graph\">{\n\t    \"@context\": \"https:\/\/schema.org\",\n\t    \"@graph\": [\n\t        {\n\t            \"@type\": \"WebPage\",\n\t            \"@id\": \"https:\/\/www.criteo.com\/br\/contact-us\/\",\n\t            \"url\": \"https:\/\/www.criteo.com\/br\/contact-us\/\",\n\t            \"name\": \"Fale conosco | BR - Criteo.com\",\n\t            \"isPartOf\": {\n\t                \"@id\": \"https:\/\/www.criteo.com\/br\/#website\"\n\t            },\n\t            \"datePublished\": \"2017-07-10T16:50:31+00:00\",\n\t            \"dateModified\": \"2024-02-15T08:38:35+00:00\",\n\t            \"description\": \"Se voc\u00ea quer conhecer um pouco mais a Criteo, l\u00edder de marketing de performance, entre em contato conosco e fale um pouco sobre voc\u00ea. Se voc\u00ea quiser, podemos enviar email marketing relacionado a produtos, servi\u00e7os e eventos, sempre preservando seus dados pessoais em conformidade com nossa pol\u00edtica de privacidade.\",\n\t            \"breadcrumb\": {\n\t                \"@id\": \"https:\/\/www.criteo.com\/br\/contact-us\/#breadcrumb\"\n\t            },\n\t            \"inLanguage\": \"pt-PT\",\n\t            \"potentialAction\": [\n\t                {\n\t                    \"@type\": \"ReadAction\",\n\t                    \"target\": [\n\t                        \"https:\/\/www.criteo.com\/br\/contact-us\/\"\n\t                    ]\n\t                }\n\t            ]\n\t        },\n\t        {\n\t            \"@type\": \"BreadcrumbList\",\n\t            \"@id\": \"https:\/\/www.criteo.com\/br\/contact-us\/#breadcrumb\",\n\t            \"itemListElement\": [\n\t                {\n\t                    \"@type\": \"ListItem\",\n\t                    \"position\": 1,\n\t                    \"name\": \"Home\",\n\t                    \"item\": \"https:\/\/www.criteo.com\/br\/\"\n\t                },\n\t                {\n\t                    \"@type\": \"ListItem\",\n\t                    \"position\": 2,\n\t                    \"name\": \"Fale conosco\"\n\t                }\n\t            ]\n\t        },\n\t        {\n\t            \"@type\": \"WebSite\",\n\t            \"@id\": \"https:\/\/www.criteo.com\/br\/#website\",\n\t            \"url\": \"https:\/\/www.criteo.com\/br\/\",\n\t            \"name\": \"BR - Criteo.com\",\n\t            \"description\": \"\",\n\t            \"publisher\": {\n\t                \"@id\": \"https:\/\/www.criteo.com\/br\/#organization\"\n\t            },\n\t            \"potentialAction\": [\n\t                {\n\t                    \"@type\": \"SearchAction\",\n\t                    \"target\": {\n\t                        \"@type\": \"EntryPoint\",\n\t                        \"urlTemplate\": \"https:\/\/www.criteo.com\/br\/?s={search_term_string}\"\n\t                    },\n\t                    \"query-input\": {\n\t                        \"@type\": \"PropertyValueSpecification\",\n\t                        \"valueRequired\": true,\n\t                        \"valueName\": \"search_term_string\"\n\t                    }\n\t                }\n\t            ],\n\t            \"inLanguage\": \"pt-PT\"\n\t        },\n\t        {\n\t            \"@type\": \"Organization\",\n\t            \"@id\": \"https:\/\/www.criteo.com\/br\/#organization\",\n\t            \"name\": \"Criteo\",\n\t            \"alternateName\": \"Criteo corp\",\n\t            \"url\": \"https:\/\/www.criteo.com\/br\/\",\n\t            \"logo\": {\n\t                \"@type\": \"ImageObject\",\n\t                \"inLanguage\": \"pt-PT\",\n\t                \"@id\": \"https:\/\/www.criteo.com\/br\/#\/schema\/logo\/image\/\",\n\t                \"url\": \"https:\/\/www.criteo.com\/br\/wp-content\/uploads\/sites\/5\/2024\/02\/Criteo-Logo.svg\",\n\t                \"contentUrl\": \"https:\/\/www.criteo.com\/br\/wp-content\/uploads\/sites\/5\/2024\/02\/Criteo-Logo.svg\",\n\t                \"width\": 118,\n\t                \"height\": 24,\n\t                \"caption\": \"Criteo\"\n\t            },\n\t            \"image\": {\n\t                \"@id\": \"https:\/\/www.criteo.com\/br\/#\/schema\/logo\/image\/\"\n\t            }\n\t        }\n\t    ]\n\t}<\/script>\n<!-- \/ Yoast SEO plugin. -->","yoast_head_json":{"title":"Fale conosco | BR - Criteo.com","description":"Se voc\u00ea quer conhecer um pouco mais a Criteo, l\u00edder de marketing de performance, entre em contato conosco e fale um pouco sobre voc\u00ea. Se voc\u00ea quiser, podemos enviar email marketing relacionado a produtos, servi\u00e7os e eventos, sempre preservando seus dados pessoais em conformidade com nossa pol\u00edtica de privacidade.","robots":{"index":"index","follow":"follow","max-snippet":"max-snippet:-1","max-image-preview":"max-image-preview:large","max-video-preview":"max-video-preview:-1"},"canonical":"https:\/\/www.criteo.com\/br\/contact-us\/","og_locale":"pt_PT","og_type":"article","og_title":"Fale conosco | BR - Criteo.com","og_description":"Se voc\u00ea quer conhecer um pouco mais a Criteo, l\u00edder de marketing de performance, entre em contato conosco e fale um pouco sobre voc\u00ea. Se voc\u00ea quiser, podemos enviar email marketing relacionado a produtos, servi\u00e7os e eventos, sempre preservando seus dados pessoais em conformidade com nossa pol\u00edtica de privacidade.","og_url":"https:\/\/www.criteo.com\/br\/contact-us\/","og_site_name":"BR - Criteo.com","article_modified_time":"2024-02-15T08:38:35+00:00","twitter_card":"summary_large_image","schema":{"@context":"https:\/\/schema.org","@graph":[{"@type":"WebPage","@id":"https:\/\/www.criteo.com\/br\/contact-us\/","url":"https:\/\/www.criteo.com\/br\/contact-us\/","name":"Fale conosco | BR - Criteo.com","isPartOf":{"@id":"https:\/\/www.criteo.com\/br\/#website"},"datePublished":"2017-07-10T16:50:31+00:00","dateModified":"2024-02-15T08:38:35+00:00","description":"Se voc\u00ea quer conhecer um pouco mais a Criteo, l\u00edder de marketing de performance, entre em contato conosco e fale um pouco sobre voc\u00ea. Se voc\u00ea quiser, podemos enviar email marketing relacionado a produtos, servi\u00e7os e eventos, sempre preservando seus dados pessoais em conformidade com nossa pol\u00edtica de privacidade.","breadcrumb":{"@id":"https:\/\/www.criteo.com\/br\/contact-us\/#breadcrumb"},"inLanguage":"pt-PT","potentialAction":[{"@type":"ReadAction","target":["https:\/\/www.criteo.com\/br\/contact-us\/"]}]},{"@type":"BreadcrumbList","@id":"https:\/\/www.criteo.com\/br\/contact-us\/#breadcrumb","itemListElement":[{"@type":"ListItem","position":1,"name":"Home","item":"https:\/\/www.criteo.com\/br\/"},{"@type":"ListItem","position":2,"name":"Fale conosco"}]},{"@type":"WebSite","@id":"https:\/\/www.criteo.com\/br\/#website","url":"https:\/\/www.criteo.com\/br\/","name":"BR - Criteo.com","description":"","publisher":{"@id":"https:\/\/www.criteo.com\/br\/#organization"},"potentialAction":[{"@type":"SearchAction","target":{"@type":"EntryPoint","urlTemplate":"https:\/\/www.criteo.com\/br\/?s={search_term_string}"},"query-input":{"@type":"PropertyValueSpecification","valueRequired":true,"valueName":"search_term_string"}}],"inLanguage":"pt-PT"},{"@type":"Organization","@id":"https:\/\/www.criteo.com\/br\/#organization","name":"Criteo","alternateName":"Criteo corp","url":"https:\/\/www.criteo.com\/br\/","logo":{"@type":"ImageObject","inLanguage":"pt-PT","@id":"https:\/\/www.criteo.com\/br\/#\/schema\/logo\/image\/","url":"https:\/\/www.criteo.com\/br\/wp-content\/uploads\/sites\/5\/2024\/02\/Criteo-Logo.svg","contentUrl":"https:\/\/www.criteo.com\/br\/wp-content\/uploads\/sites\/5\/2024\/02\/Criteo-Logo.svg","width":118,"height":24,"caption":"Criteo"},"image":{"@id":"https:\/\/www.criteo.com\/br\/#\/schema\/logo\/image\/"}}]}},"_links":{"self":[{"href":"https:\/\/www.criteo.com\/br\/wp-json\/wp\/v2\/pages\/579","targetHints":{"allow":["GET"]}}],"collection":[{"href":"https:\/\/www.criteo.com\/br\/wp-json\/wp\/v2\/pages"}],"about":[{"href":"https:\/\/www.criteo.com\/br\/wp-json\/wp\/v2\/types\/page"}],"author":[{"embeddable":true,"href":"https:\/\/www.criteo.com\/br\/wp-json\/wp\/v2\/users\/1"}],"replies":[{"embeddable":true,"href":"https:\/\/www.criteo.com\/br\/wp-json\/wp\/v2\/comments?post=579"}],"version-history":[{"count":15,"href":"https:\/\/www.criteo.com\/br\/wp-json\/wp\/v2\/pages\/579\/revisions"}],"predecessor-version":[{"id":18060,"href":"https:\/\/www.criteo.com\/br\/wp-json\/wp\/v2\/pages\/579\/revisions\/18060"}],"wp:attachment":[{"href":"https:\/\/www.criteo.com\/br\/wp-json\/wp\/v2\/media?parent=579"}],"wp:term":[{"taxonomy":"author","embeddable":true,"href":"https:\/\/www.criteo.com\/br\/wp-json\/wp\/v2\/coauthors?post=579"}],"curies":[{"name":"wp","href":"https:\/\/api.w.org\/{rel}","templated":true}]}}