{"id":7203,"date":"2017-12-05T16:46:26","date_gmt":"2017-12-05T16:46:26","guid":{"rendered":"http:\/\/www.criteo.com\/br\/legal\/"},"modified":"2026-03-17T16:14:38","modified_gmt":"2026-03-17T16:14:38","slug":"legal","status":"publish","type":"page","link":"https:\/\/www.criteo.com\/br\/legal\/","title":{"rendered":"Men\u00e7\u00f5es Legais"},"content":{"rendered":"<div class=\"row first\">\n<div class=\"col-sm-12 col-lg-6 col-left\">\n<h2>Editor do site<\/h2>\n<table class=\"legal-table\" border=\"0\">\n<tbody>\n<tr>\n<td><strong>Empresa:<\/strong><\/td>\n<td class=\"vertical-align-bottom\">Criteo SA<\/td>\n<\/tr>\n<tr>\n<td><strong>Capital:<\/strong><\/td>\n<td class=\"vertical-align-bottom\">\u20ac1,443,593.525<\/td>\n<\/tr>\n<tr>\n<td><strong>N\u00ba de Registro:<\/strong><\/td>\n<td class=\"vertical-align-bottom\">484 786 249 RCS Paris<\/td>\n<\/tr>\n<tr>\n<td><strong>Endere\u00e7o:<\/strong><\/td>\n<td class=\"vertical-align-bottom\">32 Rue Blanche, 75009 Paris, France<\/td>\n<\/tr>\n<tr>\n<td><strong>Telefone:<\/strong><\/td>\n<td class=\"vertical-align-bottom\">+33 (0) 1 75 85 09 39<\/td>\n<\/tr>\n<tr>\n<td><strong>Endere\u00e7o de email:<\/strong><\/td>\n<td class=\"vertical-align-bottom\"><a href=\"mailto:contact@criteo.com\">contact@criteo.com<\/a><\/td>\n<\/tr>\n<tr>\n<td><strong>Diretor de Publica\u00e7\u00e3o:<\/strong><\/td>\n<td class=\"vertical-align-bottom\">Michael Komasinski<\/td>\n<\/tr>\n<\/tbody>\n<\/table>\n<p>&nbsp;<\/p>\n<h2>Host (servidor) do site<\/h2>\n<table class=\"legal-table\" border=\"0\">\n<tbody>\n<tr>\n<td><strong>Servidor host:<\/strong><\/td>\n<td class=\"vertical-align-bottom\">server: OVH<\/td>\n<\/tr>\n<tr>\n<td><strong>Endere\u00e7o do servidor:<\/strong><\/td>\n<td class=\"vertical-align-bottom\">2 rue Kellermann, 59100 Roubaix France<\/td>\n<\/tr>\n<tr>\n<td><strong>Telefone:<\/strong><\/td>\n<td class=\"vertical-align-bottom\">+33 (0) 8 203 203 63<\/td>\n<\/tr>\n<\/tbody>\n<\/table>\n<\/div>\n<div class=\"col-sm-12 col-lg-6 col-right\">\n<h2>Propriedade intelectual<\/h2>\n<p>O layout e cada elemento do website criteo.com, incluindo marcas, logotipos, fotografias, dom\u00ednios e quaisquer elementos gr\u00e1ficos, pertencem exclusivamente \u00e0 Criteo ou aos seus licenciantes e s\u00e3o protegidos por leis de propriedade intelectual.<\/p>\n<\/div>\n<\/div>\n<div class=\"row last\">\n<div class=\"col-sm-12\">\n<p>&nbsp;<\/p>\n<\/div>\n<\/div>\n","protected":false},"excerpt":{"rendered":"<p>Editor do site Empresa: Criteo SA Capital: \u20ac1,443,593.525 N\u00ba de Registro: 484 786 249 RCS Paris Endere\u00e7o: 32 Rue Blanche, 75009 Paris, France Telefone: +33 (0) 1 75 85 09 39 Endere\u00e7o de email: contact@criteo.com Diretor de Publica\u00e7\u00e3o: Michael Komasinski &nbsp; Host (servidor) do site Servidor host: server: OVH Endere\u00e7o do servidor: 2 rue Kellermann, [&hellip;]<\/p>\n","protected":false},"author":1,"featured_media":0,"parent":0,"menu_order":0,"comment_status":"closed","ping_status":"closed","template":"page-templates\/basic.php","meta":{"_acf_changed":false,"footnotes":""},"coauthors":[624],"class_list":["post-7203","page","type-page","status-publish"],"acf":{"bevel":"peach-grapes","bevel_reversed":false,"layout_mode":"right-indented","has_more_content":false,"additional_code":"","side_text":"","stae_popup_enable":false,"storetail_optout":false,"track_page_in_segment":false,"segment_page_name":""},"yoast_head":"<!-- This site is optimized with the Yoast SEO plugin v26.4 - https:\/\/yoast.com\/wordpress\/plugins\/seo\/ -->\n<title>Men\u00e7\u00f5es Legais | BR - Criteo.com<\/title>\n<meta name=\"description\" content=\"Como empresa global de marketing de performance e atenta \u00e0s melhores pr\u00e1ticas do setor, a Criteo segue r\u00edgidos termos legais para conformidade com as leis de privacidade e seguran\u00e7a de dados pessoais e com as leis de propriedade intelectual.\" \/>\n<meta name=\"robots\" content=\"index, follow, max-snippet:-1, max-image-preview:large, max-video-preview:-1\" \/>\n<link rel=\"canonical\" href=\"https:\/\/www.criteo.com\/br\/legal\/\" \/>\n<meta property=\"og:locale\" content=\"pt_PT\" \/>\n<meta property=\"og:type\" content=\"article\" \/>\n<meta property=\"og:title\" content=\"Men\u00e7\u00f5es Legais | BR - Criteo.com\" \/>\n<meta property=\"og:description\" content=\"Como empresa global de marketing de performance e atenta \u00e0s melhores pr\u00e1ticas do setor, a Criteo segue r\u00edgidos termos legais para conformidade com as leis de privacidade e seguran\u00e7a de dados pessoais e com as leis de propriedade intelectual.\" \/>\n<meta property=\"og:url\" content=\"https:\/\/www.criteo.com\/br\/legal\/\" \/>\n<meta property=\"og:site_name\" content=\"BR - Criteo.com\" \/>\n<meta property=\"article:modified_time\" content=\"2026-03-17T16:14:38+00:00\" \/>\n<meta name=\"twitter:card\" content=\"summary_large_image\" \/>\n<meta name=\"twitter:label1\" content=\"Est. reading time\" \/>\n\t<meta name=\"twitter:data1\" content=\"1 minute\" \/>\n<script type=\"application\/ld+json\" class=\"yoast-schema-graph\">{\n\t    \"@context\": \"https:\/\/schema.org\",\n\t    \"@graph\": [\n\t        {\n\t            \"@type\": \"WebPage\",\n\t            \"@id\": \"https:\/\/www.criteo.com\/br\/legal\/\",\n\t            \"url\": \"https:\/\/www.criteo.com\/br\/legal\/\",\n\t            \"name\": \"Men\u00e7\u00f5es Legais | BR - Criteo.com\",\n\t            \"isPartOf\": {\n\t                \"@id\": \"https:\/\/www.criteo.com\/br\/#website\"\n\t            },\n\t            \"datePublished\": \"2017-12-05T16:46:26+00:00\",\n\t            \"dateModified\": \"2026-03-17T16:14:38+00:00\",\n\t            \"description\": \"Como empresa global de marketing de performance e atenta \u00e0s melhores pr\u00e1ticas do setor, a Criteo segue r\u00edgidos termos legais para conformidade com as leis de privacidade e seguran\u00e7a de dados pessoais e com as leis de propriedade intelectual.\",\n\t            \"breadcrumb\": {\n\t                \"@id\": \"https:\/\/www.criteo.com\/br\/legal\/#breadcrumb\"\n\t            },\n\t            \"inLanguage\": \"pt-PT\",\n\t            \"potentialAction\": [\n\t                {\n\t                    \"@type\": \"ReadAction\",\n\t                    \"target\": [\n\t                        \"https:\/\/www.criteo.com\/br\/legal\/\"\n\t                    ]\n\t                }\n\t            ]\n\t        },\n\t        {\n\t            \"@type\": \"BreadcrumbList\",\n\t            \"@id\": \"https:\/\/www.criteo.com\/br\/legal\/#breadcrumb\",\n\t            \"itemListElement\": [\n\t                {\n\t                    \"@type\": \"ListItem\",\n\t                    \"position\": 1,\n\t                    \"name\": \"Home\",\n\t                    \"item\": \"https:\/\/www.criteo.com\/br\/\"\n\t                },\n\t                {\n\t                    \"@type\": \"ListItem\",\n\t                    \"position\": 2,\n\t                    \"name\": \"Men\u00e7\u00f5es Legais\"\n\t                }\n\t            ]\n\t        },\n\t        {\n\t            \"@type\": \"WebSite\",\n\t            \"@id\": \"https:\/\/www.criteo.com\/br\/#website\",\n\t            \"url\": \"https:\/\/www.criteo.com\/br\/\",\n\t            \"name\": \"BR - Criteo.com\",\n\t            \"description\": \"\",\n\t            \"publisher\": {\n\t                \"@id\": \"https:\/\/www.criteo.com\/br\/#organization\"\n\t            },\n\t            \"potentialAction\": [\n\t                {\n\t                    \"@type\": \"SearchAction\",\n\t                    \"target\": {\n\t                        \"@type\": \"EntryPoint\",\n\t                        \"urlTemplate\": \"https:\/\/www.criteo.com\/br\/?s={search_term_string}\"\n\t                    },\n\t                    \"query-input\": {\n\t                        \"@type\": \"PropertyValueSpecification\",\n\t                        \"valueRequired\": true,\n\t                        \"valueName\": \"search_term_string\"\n\t                    }\n\t                }\n\t            ],\n\t            \"inLanguage\": \"pt-PT\"\n\t        },\n\t        {\n\t            \"@type\": \"Organization\",\n\t            \"@id\": \"https:\/\/www.criteo.com\/br\/#organization\",\n\t            \"name\": \"Criteo\",\n\t            \"alternateName\": \"Criteo corp\",\n\t            \"url\": \"https:\/\/www.criteo.com\/br\/\",\n\t            \"logo\": {\n\t                \"@type\": \"ImageObject\",\n\t                \"inLanguage\": \"pt-PT\",\n\t                \"@id\": \"https:\/\/www.criteo.com\/br\/#\/schema\/logo\/image\/\",\n\t                \"url\": \"https:\/\/www.criteo.com\/br\/wp-content\/uploads\/sites\/5\/2024\/02\/Criteo-Logo.svg\",\n\t                \"contentUrl\": \"https:\/\/www.criteo.com\/br\/wp-content\/uploads\/sites\/5\/2024\/02\/Criteo-Logo.svg\",\n\t                \"width\": 118,\n\t                \"height\": 24,\n\t                \"caption\": \"Criteo\"\n\t            },\n\t            \"image\": {\n\t                \"@id\": \"https:\/\/www.criteo.com\/br\/#\/schema\/logo\/image\/\"\n\t            }\n\t        }\n\t    ]\n\t}<\/script>\n<!-- \/ Yoast SEO plugin. -->","yoast_head_json":{"title":"Men\u00e7\u00f5es Legais | BR - Criteo.com","description":"Como empresa global de marketing de performance e atenta \u00e0s melhores pr\u00e1ticas do setor, a Criteo segue r\u00edgidos termos legais para conformidade com as leis de privacidade e seguran\u00e7a de dados pessoais e com as leis de propriedade intelectual.","robots":{"index":"index","follow":"follow","max-snippet":"max-snippet:-1","max-image-preview":"max-image-preview:large","max-video-preview":"max-video-preview:-1"},"canonical":"https:\/\/www.criteo.com\/br\/legal\/","og_locale":"pt_PT","og_type":"article","og_title":"Men\u00e7\u00f5es Legais | BR - Criteo.com","og_description":"Como empresa global de marketing de performance e atenta \u00e0s melhores pr\u00e1ticas do setor, a Criteo segue r\u00edgidos termos legais para conformidade com as leis de privacidade e seguran\u00e7a de dados pessoais e com as leis de propriedade intelectual.","og_url":"https:\/\/www.criteo.com\/br\/legal\/","og_site_name":"BR - Criteo.com","article_modified_time":"2026-03-17T16:14:38+00:00","twitter_card":"summary_large_image","twitter_misc":{"Est. reading time":"1 minute"},"schema":{"@context":"https:\/\/schema.org","@graph":[{"@type":"WebPage","@id":"https:\/\/www.criteo.com\/br\/legal\/","url":"https:\/\/www.criteo.com\/br\/legal\/","name":"Men\u00e7\u00f5es Legais | BR - Criteo.com","isPartOf":{"@id":"https:\/\/www.criteo.com\/br\/#website"},"datePublished":"2017-12-05T16:46:26+00:00","dateModified":"2026-03-17T16:14:38+00:00","description":"Como empresa global de marketing de performance e atenta \u00e0s melhores pr\u00e1ticas do setor, a Criteo segue r\u00edgidos termos legais para conformidade com as leis de privacidade e seguran\u00e7a de dados pessoais e com as leis de propriedade intelectual.","breadcrumb":{"@id":"https:\/\/www.criteo.com\/br\/legal\/#breadcrumb"},"inLanguage":"pt-PT","potentialAction":[{"@type":"ReadAction","target":["https:\/\/www.criteo.com\/br\/legal\/"]}]},{"@type":"BreadcrumbList","@id":"https:\/\/www.criteo.com\/br\/legal\/#breadcrumb","itemListElement":[{"@type":"ListItem","position":1,"name":"Home","item":"https:\/\/www.criteo.com\/br\/"},{"@type":"ListItem","position":2,"name":"Men\u00e7\u00f5es Legais"}]},{"@type":"WebSite","@id":"https:\/\/www.criteo.com\/br\/#website","url":"https:\/\/www.criteo.com\/br\/","name":"BR - Criteo.com","description":"","publisher":{"@id":"https:\/\/www.criteo.com\/br\/#organization"},"potentialAction":[{"@type":"SearchAction","target":{"@type":"EntryPoint","urlTemplate":"https:\/\/www.criteo.com\/br\/?s={search_term_string}"},"query-input":{"@type":"PropertyValueSpecification","valueRequired":true,"valueName":"search_term_string"}}],"inLanguage":"pt-PT"},{"@type":"Organization","@id":"https:\/\/www.criteo.com\/br\/#organization","name":"Criteo","alternateName":"Criteo corp","url":"https:\/\/www.criteo.com\/br\/","logo":{"@type":"ImageObject","inLanguage":"pt-PT","@id":"https:\/\/www.criteo.com\/br\/#\/schema\/logo\/image\/","url":"https:\/\/www.criteo.com\/br\/wp-content\/uploads\/sites\/5\/2024\/02\/Criteo-Logo.svg","contentUrl":"https:\/\/www.criteo.com\/br\/wp-content\/uploads\/sites\/5\/2024\/02\/Criteo-Logo.svg","width":118,"height":24,"caption":"Criteo"},"image":{"@id":"https:\/\/www.criteo.com\/br\/#\/schema\/logo\/image\/"}}]}},"_links":{"self":[{"href":"https:\/\/www.criteo.com\/br\/wp-json\/wp\/v2\/pages\/7203","targetHints":{"allow":["GET"]}}],"collection":[{"href":"https:\/\/www.criteo.com\/br\/wp-json\/wp\/v2\/pages"}],"about":[{"href":"https:\/\/www.criteo.com\/br\/wp-json\/wp\/v2\/types\/page"}],"author":[{"embeddable":true,"href":"https:\/\/www.criteo.com\/br\/wp-json\/wp\/v2\/users\/1"}],"replies":[{"embeddable":true,"href":"https:\/\/www.criteo.com\/br\/wp-json\/wp\/v2\/comments?post=7203"}],"version-history":[{"count":19,"href":"https:\/\/www.criteo.com\/br\/wp-json\/wp\/v2\/pages\/7203\/revisions"}],"predecessor-version":[{"id":20082,"href":"https:\/\/www.criteo.com\/br\/wp-json\/wp\/v2\/pages\/7203\/revisions\/20082"}],"wp:attachment":[{"href":"https:\/\/www.criteo.com\/br\/wp-json\/wp\/v2\/media?parent=7203"}],"wp:term":[{"taxonomy":"author","embeddable":true,"href":"https:\/\/www.criteo.com\/br\/wp-json\/wp\/v2\/coauthors?post=7203"}],"curies":[{"name":"wp","href":"https:\/\/api.w.org\/{rel}","templated":true}]}}