{"id":9536,"date":"2019-03-27T16:22:28","date_gmt":"2019-03-27T16:22:28","guid":{"rendered":"http:\/\/www.criteo.com\/br\/criteo-privacy-guidelines-for-clients-and-publisher-partners\/"},"modified":"2022-01-12T21:54:06","modified_gmt":"2022-01-12T21:54:06","slug":"criteo-privacy-guidelines-for-clients-and-publisher-partners","status":"publish","type":"page","link":"https:\/\/www.criteo.com\/br\/criteo-privacy-guidelines-for-clients-and-publisher-partners\/","title":{"rendered":"Diretrizes de privacidade para clientes e publishers parceiros da Criteo"},"content":{"rendered":"<p>Como empresa global com sede na Europa, a Criteo segue os padr\u00f5es, os regulamentos e as melhores pr\u00e1ticas do setor. Na Criteo, nossa vis\u00e3o \u00e9 de que consist\u00eancia e conformidade em rela\u00e7\u00e3o \u00e0 privacidade e \u00e0 prote\u00e7\u00e3o de dados orientam as boas pr\u00e1ticas empresariais e o bom relacionamento com o cliente. \u00c9 por esse motivo que a Criteo segue as leis e os regulamentos aplic\u00e1veis em todos os pa\u00edses onde atua, o que inclui o Regulamento Geral de Prote\u00e7\u00e3o de Dados (GDPR), que harmoniza as diferentes leis de privacidade de dados nos estados membros da Uni\u00e3o Europeia, a Lei de Privacidade do Consumidor da Calif\u00f3rnia (CCPA) e a Lei Geral de Prote\u00e7\u00e3o de Dados Pessoais (LGPD) do Brasil.<\/p>\n<p>A Criteo apoia os respectivos clientes (\u201cAnunciantes\u201d) e publishers parceiros, incluindo varejistas de Retail Media (\u201cPublishers\u201d), durante toda a jornada de conformidade compartilhando diretrizes e melhores pr\u00e1ticas para atender as obriga\u00e7\u00f5es legais aplic\u00e1veis:<\/p>\n<h3><\/h3>\n<h3>1. Obrigatoriedade de informa\u00e7\u00f5es: Voc\u00ea deve ser transparente com os usu\u00e1rios que visitam as suas propriedades (sites\/apps)<\/h3>\n<p>Informa\u00e7\u00f5es claras, abrangentes e facilmente acess\u00edveis sobre a coleta e o uso de dados relacionados aos usu\u00e1rios devem ser especificadas nas suas propriedades.<\/p>\n<h4>Quais informa\u00e7\u00f5es devem ser fornecidas aos usu\u00e1rios?<\/h4>\n<p>Dependendo do regulamento de prote\u00e7\u00e3o de dados aplic\u00e1vel, as informa\u00e7\u00f5es necess\u00e1rias podem variar. Por exemplo, para sites e apps destinados ao mercado europeu, as informa\u00e7\u00f5es necess\u00e1rias incluem:<\/p>\n<div class=\"accordion-wysiwyg \">\n    <div class=\"title p-3 pl-5\"><i class=\"arrow p-3 fas fa-chevron-right\"><\/i>Sua identidade<\/div>\n    <div class=\"inner p-3\">\n    <div class=\"content pl-3\"><\/p>\n<p>Isso inclui nome corporativo e endere\u00e7o comercial.<\/p>\n<p><\/div>\n    <\/div>\n    <\/div>\n<div class=\"accordion-wysiwyg \">\n    <div class=\"title p-3 pl-5\"><i class=\"arrow p-3 fas fa-chevron-right\"><\/i>A identidade dos controladores e co-controladores com quem voc\u00ea compartilha dados pessoais<\/div>\n    <div class=\"inner p-3\">\n    <div class=\"content pl-3\"><\/p>\n<p>Isso inclui a Criteo, que atua como co-controlador.<\/p>\n<blockquote class=\"wp-embedded-content\" data-secret=\"OyccC0mo4P\"><p><a href=\"https:\/\/www.criteo.com\/br\/privacy\/\">Pol\u00edtica de Privacidade<\/a><\/p><\/blockquote>\n<p><iframe loading=\"lazy\" class=\"wp-embedded-content\" sandbox=\"allow-scripts\" security=\"restricted\" style=\"position: absolute; visibility: hidden;\" title=\"&#8220;Pol\u00edtica de Privacidade&#8221; &#8212; BR - Criteo.com\" src=\"https:\/\/www.criteo.com\/br\/privacy\/embed\/#?secret=kdSdMHA0Zw#?secret=OyccC0mo4P\" data-secret=\"OyccC0mo4P\" width=\"600\" height=\"338\" frameborder=\"0\" marginwidth=\"0\" marginheight=\"0\" scrolling=\"no\"><\/iframe><\/p>\n<p><\/div>\n    <\/div>\n    <\/div>\n<div class=\"accordion-wysiwyg \">\n    <div class=\"title p-3 pl-5\"><i class=\"arrow p-3 fas fa-chevron-right\"><\/i>Finalidades do processamento da coleta de dados nas suas propriedades<\/div>\n    <div class=\"inner p-3\">\n    <div class=\"content pl-3\"><\/p>\n<p>Os dados coletados pela Criteo, por meio de tecnologias de cookies e n\u00e3o cookies, servem para veicular publicidade segmentada baseada no reconhecimento do dispositivo e na coleta de informa\u00e7\u00f5es sobre a atividade de navega\u00e7\u00e3o do usu\u00e1rio, a fim de mostrar an\u00fancios de produtos e servi\u00e7os com alta probabilidade de interessar esse usu\u00e1rio.<\/p>\n<ul>\n<li style=\"list-style-type: none;\">\n<ul>\n<li>Se voc\u00ea \u00e9 Anunciante: o processamentos permite que voc\u00ea mostre an\u00fancios dos seus produtos e\/ou servi\u00e7os aos usu\u00e1rios em sites e apps de terceiros.<\/li>\n<li>Se voc\u00ea \u00e9 Publisher: o processamento permite que marcas, varejistas de e-commerce e fornecedores de servi\u00e7os mostrem an\u00fancios dos respectivos produtos e\/ou servi\u00e7os aos usu\u00e1rios no seu site.<\/li>\n<li>Para Anunciantes e Publishers que compartilham dados com a Criteo para fins de vincula\u00e7\u00e3o cross-device, como os anunciantes ativos no Criteo Shopper Graph: voc\u00ea poder\u00e1 compartilhar dados com seus parceiros de publicidade, como identificadores t\u00e9cnicos derivados das informa\u00e7\u00f5es de registro dos usu\u00e1rios no seu site ou sistema CRM. Isso permitir\u00e1 aos parceiros vincular dispositivos ou navegadores e fornecer aos usu\u00e1rios uma experi\u00eancia integrada nos diferentes e poss\u00edveis ambientes de navega\u00e7\u00e3o dos usu\u00e1rios.<\/li>\n<\/ul>\n<\/li>\n<\/ul>\n<p><\/div>\n    <\/div>\n    <\/div>\n<div class=\"accordion-wysiwyg \">\n    <div class=\"title p-3 pl-5\"><i class=\"arrow p-3 fas fa-chevron-right\"><\/i>Como oferecer op\u00e7\u00f5es de consentimento ou recusa de tags<\/div>\n    <div class=\"inner p-3\">\n    <div class=\"content pl-3\"><\/p>\n<p>Voc\u00ea pode incluir essas op\u00e7\u00f5es na sua ferramenta de consentimento de cookies.<\/p>\n<p><\/div>\n    <\/div>\n    <\/div>\n<div class=\"accordion-wysiwyg \">\n    <div class=\"title p-3 pl-5\"><i class=\"arrow p-3 fas fa-chevron-right\"><\/i>Consequ\u00eancias se um usu\u00e1rio consente ou recusa tags<\/div>\n    <div class=\"inner p-3\">\n    <div class=\"content pl-3\"><\/p>\n<p>Se um usu\u00e1rio der consentimento \u00e0s tags da Criteo, ele receber\u00e1 publicidade personalizada. Al\u00e9m disso, os identificadores t\u00e9cnicos do usu\u00e1rio poder\u00e3o ser utilizados para vincular dispositivos ou navegadores para fornecer uma experi\u00eancia integrada nos diferentes e poss\u00edveis ambientes de navega\u00e7\u00e3o do usu\u00e1rio.<\/p>\n<p>Se o usu\u00e1rio recusar as tags da Criteo, ele n\u00e3o receber\u00e1 publicidade personalizada online.<\/p>\n<p><\/div>\n    <\/div>\n    <\/div>\n<div class=\"accordion-wysiwyg \">\n    <div class=\"title p-3 pl-5\"><i class=\"arrow p-3 fas fa-chevron-right\"><\/i>O direito do usu\u00e1rio de retirar o consentimento e como retir\u00e1-lo<\/div>\n    <div class=\"inner p-3\">\n    <div class=\"content pl-3\"><\/p>\n<p>O usu\u00e1rio deve ser informado sobre como retirar o consentimento previamente dado a voc\u00ea.<\/p>\n<p>Para os servi\u00e7os da Criteo, o consentimento tamb\u00e9m pode ser retirado por meio da nossa <a href=\"https:\/\/www.criteo.com\/br\/privacy\/\">Pol\u00edtica de privacidade<\/a>.<\/p>\n<p><\/div>\n    <\/div>\n    <\/div>\n<p>&nbsp;<\/p>\n<p>Uma abordagem em camadas pode ser usada para fornecer essas informa\u00e7\u00f5es ao usu\u00e1rio. Uma abordagem em camadas envolve fornecer as principais informa\u00e7\u00f5es aos usu\u00e1rios com links para mais detalhes.<\/p>\n<h4>Quando e onde essas informa\u00e7\u00f5es devem ser fornecidas?<\/h4>\n<p>As informa\u00e7\u00f5es devem:<\/p>\n<ul>\n<li>Ser fornecidas aos usu\u00e1rios de maneira vis\u00edvel e clara antes que eles possam dar ou recusar o consentimento; e<\/li>\n<li>Estar sempre dispon\u00edveis em local permanente, por exemplo, em uma \u201cPol\u00edtica de cookies\u201d, facilmente acess\u00edvel na propriedade.<\/li>\n<\/ul>\n<h4>Que tipo de linguagem deve ser usada?<\/h4>\n<p>Deve ser usada uma linguagem simples. Linguagem complexa, t\u00e9cnica e puramente jur\u00eddica deve ser evitada.<\/p>\n<h4>E se o GDPR n\u00e3o se aplicar a mim e \u00e0s minhas propriedades?<\/h4>\n<p>Quaisquer que sejam as leis aplic\u00e1veis a voc\u00ea, a Criteo requer transpar\u00eancia com os usu\u00e1rios para gerarmos confian\u00e7a em nossos servi\u00e7os e na economia digital. Ser transparente envolve descrever de maneira clara e simples como e por quem os dados dos usu\u00e1rios ser\u00e3o utilizados. \u00c9 por isso que a Criteo recomenda expressamente aos parceiros incluir nas respectivas pol\u00edticas de privacidade uma observa\u00e7\u00e3o sobre a coleta de dados com a finalidade de mostrar publicidade com base em interesses.<\/p>\n<h3><\/h3>\n<h3>2. Obrigatoriedade de consentimento: Voc\u00ea deve obter o consentimento dentro das suas propriedades para uso dos servi\u00e7os da Criteo quando obrigat\u00f3rio por lei.<\/h3>\n<p>Sob os Termos e Condi\u00e7\u00f5es da Criteo, em todos os pa\u00edses onde \u00e9 obrigat\u00f3rio obter o consentimento para uso dos nossos servi\u00e7os, cabe aos nossos clientes e publishers parceiros coletar o consentimento v\u00e1lido dos usu\u00e1rios antes que qualquer tag da Criteo seja disparada. Isso se justifica pelo fato de voc\u00ea ter acesso direto aos usu\u00e1rios e controlar os mecanismos de escolha usados nas suas propriedades para obter o consentimento dos usu\u00e1rios para a implementa\u00e7\u00e3o das diferentes tags de terceiros.<\/p>\n<h4>Sob que condi\u00e7\u00f5es o consentimento \u00e9 v\u00e1lido?<\/h4>\n<p>Sob as leis da Uni\u00e3o Europeia, o consentimento \u00e9 considerado v\u00e1lido contanto que seja livremente concedido, seja espec\u00edfico, consciente e inequ\u00edvoco.<\/p>\n<h4>O que significa \u201clivremente concedido\u201d e \u201cespec\u00edfico\u201d?<\/h4>\n<p>Os usu\u00e1rios devem poder dar ou recusar o consentimento para cada finalidade de processamento. Al\u00e9m disso, \u00e9 poss\u00edvel fornecer op\u00e7\u00f5es de aceita\u00e7\u00e3o \u201cglobal\u201d e recusa \u201cglobal\u201d que ser\u00e3o aplic\u00e1veis a mais de uma finalidade.<\/p>\n<h4>O que significa \u201cconsciente\u201d?<\/h4>\n<p>Significa que os usu\u00e1rios devem ter todas as informa\u00e7\u00f5es sobre o uso de tecnologias de cookies e n\u00e3o cookies pela Criteo para fins de publicidade antes de darem o consentimento (veja a se\u00e7\u00e3o 1 acima).<\/p>\n<h4>O que significa \u201cinequ\u00edvoco\u201d?<\/h4>\n<p>O consentimento deve ser dado por um ato positivo. Navega\u00e7\u00e3o continuada, rolagem ou o uso de um site ou app n\u00e3o \u00e9 considerado consentimento v\u00e1lido. O uso de caixas pr\u00e9-selecionadas tamb\u00e9m n\u00e3o qualifica consentimento v\u00e1lido.<\/p>\n<p>A falta de aten\u00e7\u00e3o do usu\u00e1rio n\u00e3o pode ser interpretada como consentimento v\u00e1lido.<\/p>\n<h4>Eu preciso dar aos usu\u00e1rios a op\u00e7\u00e3o de recusar o consentimento?<\/h4>\n<p>Sim. Os usu\u00e1rios devem ter a op\u00e7\u00e3o de recusar o uso das tags da Criteo da mesma forma que podem aceit\u00e1-lo.<\/p>\n<p>Por exemplo, se os usu\u00e1rios t\u00eam a op\u00e7\u00e3o de dar consentimento a mais de uma finalidade por vez, eles t\u00eam a op\u00e7\u00e3o de recusar o consentimento a essas finalidades da mesma forma que podem conced\u00ea-lo.<\/p>\n<h4>Eu preciso dar aos usu\u00e1rios a op\u00e7\u00e3o de retirada de consentimento previamente dado?<\/h4>\n<p>Sim. Os usu\u00e1rios devem ter a op\u00e7\u00e3o de retirar o consentimento por qualquer motivo, a qualquer momento. A maneira de retirar o consentimento deve estar facilmente acess\u00edvel aos usu\u00e1rios. A retirada de consentimento deve ser t\u00e3o f\u00e1cil quanto d\u00e1-lo.<\/p>\n<h4>Eu posso basear-me nas configura\u00e7\u00f5es do navegador para obter consentimento?<\/h4>\n<p>N\u00e3o. As autoridades de prote\u00e7\u00e3o de dados consideram que as configura\u00e7\u00f5es dos navegadores n\u00e3o permitem coletar consentimento v\u00e1lido.<\/p>\n<h4>Por quanto tempo eu devo manter as escolhas dos usu\u00e1rios?<\/h4>\n<p>A escolha do usu\u00e1rio deve ser mantida, pelo menos, enquanto ele estiver navegando ou usando a propriedade. O per\u00edodo m\u00e1ximo de reten\u00e7\u00e3o deve ser compat\u00edvel com a natureza da propriedade e da audi\u00eancia.<\/p>\n<h4>Precisamos monitorar o consentimento dado pelos usu\u00e1rios?<\/h4>\n<p>Sim.\u00a0Voc\u00ea deve ser capaz de demonstrar, a qualquer momento, que obteve consentimento v\u00e1lido. Quando a Criteo solicitar, voc\u00ea deve ser capaz de fornecer \u00e0 Criteo a prova de consentimento que obteve de cada usu\u00e1rio.<\/p>\n<p>Para mais informa\u00e7\u00f5es sobre o GDPR e o que ele significa para anunciantes e publishers, confira os seguintes documentos (em ingl\u00eas):<\/p>\n<p><a href=\"https:\/\/edpb.europa.eu\/sites\/edpb\/files\/files\/file1\/edpb_guidelines_202005_consent_en.pdf\" target=\"_blank\" rel=\"noopener\">Diretrizes do EDPB para consentimento sob o GDPR (2020)<\/a><\/p>\n<p><a href=\"https:\/\/ec.europa.eu\/newsroom\/article29\/item-detail.cfm?item_id=622227\" target=\"_blank\" rel=\"noopener\">Diretrizes do Grupo de Trabalho do Artigo 29\u00ba para transpar\u00eancia sob o GDPR (2018)<\/a><\/p>\n<p>Observe que as informa\u00e7\u00f5es especificadas aqui n\u00e3o constituem orienta\u00e7\u00e3o jur\u00eddica e tamb\u00e9m n\u00e3o devem ser interpretadas como relacionamento em n\u00edvel cliente-advogado. Se apropriado, voc\u00ea dever\u00e1 buscar orienta\u00e7\u00e3o jur\u00eddica profissional.<\/p>\n<p>&nbsp;<\/p>\n<p>\u00daltima atualiza\u00e7\u00e3o: 01\/05\/2021<\/p>\n","protected":false},"excerpt":{"rendered":"<p>Como empresa global com sede na Europa, a Criteo segue os padr\u00f5es, os regulamentos e as melhores pr\u00e1ticas do setor. Na Criteo, nossa vis\u00e3o \u00e9 de que consist\u00eancia e conformidade em rela\u00e7\u00e3o \u00e0 privacidade e \u00e0 prote\u00e7\u00e3o de dados orientam as boas pr\u00e1ticas empresariais e o bom relacionamento com o cliente. \u00c9 por esse motivo [&hellip;]<\/p>\n","protected":false},"author":8,"featured_media":0,"parent":0,"menu_order":0,"comment_status":"closed","ping_status":"closed","template":"page-templates\/basic.php","meta":{"_acf_changed":false,"footnotes":""},"coauthors":[],"class_list":["post-9536","page","type-page","status-publish"],"acf":{"layout_mode":"right-indented","bevel":"peach-grapes","bevel_reversed":false,"has_more_content":false,"additional_code":"","stae_popup_enable":false,"storetail_optout":false,"side_text":"","track_page_in_segment":false,"segment_page_name":""},"yoast_head":"<!-- This site is optimized with the Yoast SEO plugin v26.4 - https:\/\/yoast.com\/wordpress\/plugins\/seo\/ -->\n<title>Diretrizes de privacidade para clientes e publishers parceiros da Criteo | BR - Criteo.com<\/title>\n<meta name=\"description\" content=\"Como uma empresa global de ad tech, a Criteo \u00e9 expert em lidar com as diferentes normas e regulamentos do setor. Privacidade e prote\u00e7\u00e3o de dados orientam as boas pr\u00e1ticas no mercado. Nossas diretrizes para clientes e publishers parceiros s\u00e3o r\u00edgidas e seguem as mais modernas legisla\u00e7\u00f5es, como GDPR, CCPA ou LGPD.\" \/>\n<meta name=\"robots\" content=\"index, follow, max-snippet:-1, max-image-preview:large, max-video-preview:-1\" \/>\n<link rel=\"canonical\" href=\"https:\/\/www.criteo.com\/br\/criteo-privacy-guidelines-for-clients-and-publisher-partners\/\" \/>\n<meta property=\"og:locale\" content=\"pt_PT\" \/>\n<meta property=\"og:type\" content=\"article\" \/>\n<meta property=\"og:title\" content=\"Diretrizes de privacidade para clientes e publishers parceiros da Criteo | BR - Criteo.com\" \/>\n<meta property=\"og:description\" content=\"Como uma empresa global de ad tech, a Criteo \u00e9 expert em lidar com as diferentes normas e regulamentos do setor. Privacidade e prote\u00e7\u00e3o de dados orientam as boas pr\u00e1ticas no mercado. Nossas diretrizes para clientes e publishers parceiros s\u00e3o r\u00edgidas e seguem as mais modernas legisla\u00e7\u00f5es, como GDPR, CCPA ou LGPD.\" \/>\n<meta property=\"og:url\" content=\"https:\/\/www.criteo.com\/br\/criteo-privacy-guidelines-for-clients-and-publisher-partners\/\" \/>\n<meta property=\"og:site_name\" content=\"BR - Criteo.com\" \/>\n<meta property=\"article:modified_time\" content=\"2022-01-12T21:54:06+00:00\" \/>\n<meta name=\"twitter:card\" content=\"summary_large_image\" \/>\n<meta name=\"twitter:label1\" content=\"Est. reading time\" \/>\n\t<meta name=\"twitter:data1\" content=\"6 minutes\" \/>\n<script type=\"application\/ld+json\" class=\"yoast-schema-graph\">{\n\t    \"@context\": \"https:\/\/schema.org\",\n\t    \"@graph\": [\n\t        {\n\t            \"@type\": \"WebPage\",\n\t            \"@id\": \"https:\/\/www.criteo.com\/br\/criteo-privacy-guidelines-for-clients-and-publisher-partners\/\",\n\t            \"url\": \"https:\/\/www.criteo.com\/br\/criteo-privacy-guidelines-for-clients-and-publisher-partners\/\",\n\t            \"name\": \"Diretrizes de privacidade para clientes e publishers parceiros da Criteo | BR - Criteo.com\",\n\t            \"isPartOf\": {\n\t                \"@id\": \"https:\/\/www.criteo.com\/br\/#website\"\n\t            },\n\t            \"datePublished\": \"2019-03-27T16:22:28+00:00\",\n\t            \"dateModified\": \"2022-01-12T21:54:06+00:00\",\n\t            \"description\": \"Como uma empresa global de ad tech, a Criteo \u00e9 expert em lidar com as diferentes normas e regulamentos do setor. Privacidade e prote\u00e7\u00e3o de dados orientam as boas pr\u00e1ticas no mercado. Nossas diretrizes para clientes e publishers parceiros s\u00e3o r\u00edgidas e seguem as mais modernas legisla\u00e7\u00f5es, como GDPR, CCPA ou LGPD.\",\n\t            \"breadcrumb\": {\n\t                \"@id\": \"https:\/\/www.criteo.com\/br\/criteo-privacy-guidelines-for-clients-and-publisher-partners\/#breadcrumb\"\n\t            },\n\t            \"inLanguage\": \"pt-PT\",\n\t            \"potentialAction\": [\n\t                {\n\t                    \"@type\": \"ReadAction\",\n\t                    \"target\": [\n\t                        \"https:\/\/www.criteo.com\/br\/criteo-privacy-guidelines-for-clients-and-publisher-partners\/\"\n\t                    ]\n\t                }\n\t            ]\n\t        },\n\t        {\n\t            \"@type\": \"BreadcrumbList\",\n\t            \"@id\": \"https:\/\/www.criteo.com\/br\/criteo-privacy-guidelines-for-clients-and-publisher-partners\/#breadcrumb\",\n\t            \"itemListElement\": [\n\t                {\n\t                    \"@type\": \"ListItem\",\n\t                    \"position\": 1,\n\t                    \"name\": \"Home\",\n\t                    \"item\": \"https:\/\/www.criteo.com\/br\/\"\n\t                },\n\t                {\n\t                    \"@type\": \"ListItem\",\n\t                    \"position\": 2,\n\t                    \"name\": \"Diretrizes de privacidade para clientes e publishers parceiros da Criteo\"\n\t                }\n\t            ]\n\t        },\n\t        {\n\t            \"@type\": \"WebSite\",\n\t            \"@id\": \"https:\/\/www.criteo.com\/br\/#website\",\n\t            \"url\": \"https:\/\/www.criteo.com\/br\/\",\n\t            \"name\": \"BR - Criteo.com\",\n\t            \"description\": \"\",\n\t            \"publisher\": {\n\t                \"@id\": \"https:\/\/www.criteo.com\/br\/#organization\"\n\t            },\n\t            \"potentialAction\": [\n\t                {\n\t                    \"@type\": \"SearchAction\",\n\t                    \"target\": {\n\t                        \"@type\": \"EntryPoint\",\n\t                        \"urlTemplate\": \"https:\/\/www.criteo.com\/br\/?s={search_term_string}\"\n\t                    },\n\t                    \"query-input\": {\n\t                        \"@type\": \"PropertyValueSpecification\",\n\t                        \"valueRequired\": true,\n\t                        \"valueName\": \"search_term_string\"\n\t                    }\n\t                }\n\t            ],\n\t            \"inLanguage\": \"pt-PT\"\n\t        },\n\t        {\n\t            \"@type\": \"Organization\",\n\t            \"@id\": \"https:\/\/www.criteo.com\/br\/#organization\",\n\t            \"name\": \"Criteo\",\n\t            \"alternateName\": \"Criteo corp\",\n\t            \"url\": \"https:\/\/www.criteo.com\/br\/\",\n\t            \"logo\": {\n\t                \"@type\": \"ImageObject\",\n\t                \"inLanguage\": \"pt-PT\",\n\t                \"@id\": \"https:\/\/www.criteo.com\/br\/#\/schema\/logo\/image\/\",\n\t                \"url\": \"https:\/\/www.criteo.com\/br\/wp-content\/uploads\/sites\/5\/2024\/02\/Criteo-Logo.svg\",\n\t                \"contentUrl\": \"https:\/\/www.criteo.com\/br\/wp-content\/uploads\/sites\/5\/2024\/02\/Criteo-Logo.svg\",\n\t                \"width\": 118,\n\t                \"height\": 24,\n\t                \"caption\": \"Criteo\"\n\t            },\n\t            \"image\": {\n\t                \"@id\": \"https:\/\/www.criteo.com\/br\/#\/schema\/logo\/image\/\"\n\t            }\n\t        }\n\t    ]\n\t}<\/script>\n<!-- \/ Yoast SEO plugin. -->","yoast_head_json":{"title":"Diretrizes de privacidade para clientes e publishers parceiros da Criteo | BR - Criteo.com","description":"Como uma empresa global de ad tech, a Criteo \u00e9 expert em lidar com as diferentes normas e regulamentos do setor. Privacidade e prote\u00e7\u00e3o de dados orientam as boas pr\u00e1ticas no mercado. Nossas diretrizes para clientes e publishers parceiros s\u00e3o r\u00edgidas e seguem as mais modernas legisla\u00e7\u00f5es, como GDPR, CCPA ou LGPD.","robots":{"index":"index","follow":"follow","max-snippet":"max-snippet:-1","max-image-preview":"max-image-preview:large","max-video-preview":"max-video-preview:-1"},"canonical":"https:\/\/www.criteo.com\/br\/criteo-privacy-guidelines-for-clients-and-publisher-partners\/","og_locale":"pt_PT","og_type":"article","og_title":"Diretrizes de privacidade para clientes e publishers parceiros da Criteo | BR - Criteo.com","og_description":"Como uma empresa global de ad tech, a Criteo \u00e9 expert em lidar com as diferentes normas e regulamentos do setor. Privacidade e prote\u00e7\u00e3o de dados orientam as boas pr\u00e1ticas no mercado. Nossas diretrizes para clientes e publishers parceiros s\u00e3o r\u00edgidas e seguem as mais modernas legisla\u00e7\u00f5es, como GDPR, CCPA ou LGPD.","og_url":"https:\/\/www.criteo.com\/br\/criteo-privacy-guidelines-for-clients-and-publisher-partners\/","og_site_name":"BR - Criteo.com","article_modified_time":"2022-01-12T21:54:06+00:00","twitter_card":"summary_large_image","twitter_misc":{"Est. reading time":"6 minutes"},"schema":{"@context":"https:\/\/schema.org","@graph":[{"@type":"WebPage","@id":"https:\/\/www.criteo.com\/br\/criteo-privacy-guidelines-for-clients-and-publisher-partners\/","url":"https:\/\/www.criteo.com\/br\/criteo-privacy-guidelines-for-clients-and-publisher-partners\/","name":"Diretrizes de privacidade para clientes e publishers parceiros da Criteo | BR - Criteo.com","isPartOf":{"@id":"https:\/\/www.criteo.com\/br\/#website"},"datePublished":"2019-03-27T16:22:28+00:00","dateModified":"2022-01-12T21:54:06+00:00","description":"Como uma empresa global de ad tech, a Criteo \u00e9 expert em lidar com as diferentes normas e regulamentos do setor. Privacidade e prote\u00e7\u00e3o de dados orientam as boas pr\u00e1ticas no mercado. Nossas diretrizes para clientes e publishers parceiros s\u00e3o r\u00edgidas e seguem as mais modernas legisla\u00e7\u00f5es, como GDPR, CCPA ou LGPD.","breadcrumb":{"@id":"https:\/\/www.criteo.com\/br\/criteo-privacy-guidelines-for-clients-and-publisher-partners\/#breadcrumb"},"inLanguage":"pt-PT","potentialAction":[{"@type":"ReadAction","target":["https:\/\/www.criteo.com\/br\/criteo-privacy-guidelines-for-clients-and-publisher-partners\/"]}]},{"@type":"BreadcrumbList","@id":"https:\/\/www.criteo.com\/br\/criteo-privacy-guidelines-for-clients-and-publisher-partners\/#breadcrumb","itemListElement":[{"@type":"ListItem","position":1,"name":"Home","item":"https:\/\/www.criteo.com\/br\/"},{"@type":"ListItem","position":2,"name":"Diretrizes de privacidade para clientes e publishers parceiros da Criteo"}]},{"@type":"WebSite","@id":"https:\/\/www.criteo.com\/br\/#website","url":"https:\/\/www.criteo.com\/br\/","name":"BR - Criteo.com","description":"","publisher":{"@id":"https:\/\/www.criteo.com\/br\/#organization"},"potentialAction":[{"@type":"SearchAction","target":{"@type":"EntryPoint","urlTemplate":"https:\/\/www.criteo.com\/br\/?s={search_term_string}"},"query-input":{"@type":"PropertyValueSpecification","valueRequired":true,"valueName":"search_term_string"}}],"inLanguage":"pt-PT"},{"@type":"Organization","@id":"https:\/\/www.criteo.com\/br\/#organization","name":"Criteo","alternateName":"Criteo corp","url":"https:\/\/www.criteo.com\/br\/","logo":{"@type":"ImageObject","inLanguage":"pt-PT","@id":"https:\/\/www.criteo.com\/br\/#\/schema\/logo\/image\/","url":"https:\/\/www.criteo.com\/br\/wp-content\/uploads\/sites\/5\/2024\/02\/Criteo-Logo.svg","contentUrl":"https:\/\/www.criteo.com\/br\/wp-content\/uploads\/sites\/5\/2024\/02\/Criteo-Logo.svg","width":118,"height":24,"caption":"Criteo"},"image":{"@id":"https:\/\/www.criteo.com\/br\/#\/schema\/logo\/image\/"}}]}},"_links":{"self":[{"href":"https:\/\/www.criteo.com\/br\/wp-json\/wp\/v2\/pages\/9536","targetHints":{"allow":["GET"]}}],"collection":[{"href":"https:\/\/www.criteo.com\/br\/wp-json\/wp\/v2\/pages"}],"about":[{"href":"https:\/\/www.criteo.com\/br\/wp-json\/wp\/v2\/types\/page"}],"author":[{"embeddable":true,"href":"https:\/\/www.criteo.com\/br\/wp-json\/wp\/v2\/users\/8"}],"replies":[{"embeddable":true,"href":"https:\/\/www.criteo.com\/br\/wp-json\/wp\/v2\/comments?post=9536"}],"version-history":[{"count":8,"href":"https:\/\/www.criteo.com\/br\/wp-json\/wp\/v2\/pages\/9536\/revisions"}],"predecessor-version":[{"id":15312,"href":"https:\/\/www.criteo.com\/br\/wp-json\/wp\/v2\/pages\/9536\/revisions\/15312"}],"wp:attachment":[{"href":"https:\/\/www.criteo.com\/br\/wp-json\/wp\/v2\/media?parent=9536"}],"wp:term":[{"taxonomy":"author","embeddable":true,"href":"https:\/\/www.criteo.com\/br\/wp-json\/wp\/v2\/coauthors?post=9536"}],"curies":[{"name":"wp","href":"https:\/\/api.w.org\/{rel}","templated":true}]}}