{"id":3377,"date":"2022-09-28T14:49:34","date_gmt":"2022-09-28T18:49:34","guid":{"rendered":"https:\/\/www.criteo.com\/?page_id=417019"},"modified":"2026-05-10T02:09:58","modified_gmt":"2026-05-09T18:09:58","slug":"product-ethics","status":"publish","type":"page","link":"https:\/\/www.criteo.com\/cn\/trust-center\/product-ethics\/","title":{"rendered":"Product Ethics"},"content":{"rendered":"","protected":false},"excerpt":{"rendered":"","protected":false},"author":9,"featured_media":0,"parent":3297,"menu_order":0,"comment_status":"closed","ping_status":"closed","template":"page-templates\/pageModular2020.php","meta":{"_acf_changed":false,"footnotes":""},"coauthors":[102],"class_list":["post-3377","page","type-page","status-publish"],"acf":{"track_page_in_segment":false,"segment_page_name":"","remove_header":false,"add_password_protected_layout":false,"layouts":[{"acf_fc_layout":"customer_segments_hero_2025","customer_segments_hero_2025":{"caption":"L\u2019etica del prodotto","title_subtitle":"<h1 class=\"title\" style=\"text-align: left;\">Alla guida delle nostre pratiche pubblicitarie<\/h1>\n<p>Il Comitato di Criteo per l\u2019etica del prodotto funge da organo centrale e interfunzionale per promuovere una cultura della pubblicit\u00e0 AI-driven etica, responsabile e affidabile in tutte le attivit\u00e0 di Criteo.<\/p>\n","logos_title":"","logos":false,"hero_right_image":{"ID":3379,"id":3379,"title":"Ethics - Hero","filename":"Ethics-Hero.png","filesize":209351,"url":"https:\/\/www.criteo.com\/cn\/wp-content\/uploads\/sites\/12\/2026\/05\/Ethics-Hero.png","link":"https:\/\/www.criteo.com\/cn\/trust-center\/product-ethics\/ethics-hero\/","alt":"","author":"195","description":"","caption":"","name":"ethics-hero","status":"inherit","uploaded_to":3377,"date":"2026-05-09 18:08:00","modified":"2026-05-09 18:09:59","menu_order":0,"mime_type":"image\/png","type":"image","subtype":"png","icon":"https:\/\/www.criteo.com\/cn\/wp-includes\/images\/media\/default.png","width":1378,"height":1080,"sizes":{"thumbnail":"https:\/\/www.criteo.com\/cn\/wp-content\/uploads\/sites\/12\/2026\/05\/Ethics-Hero-150x150.png","thumbnail-width":150,"thumbnail-height":150,"medium":"https:\/\/www.criteo.com\/cn\/wp-content\/uploads\/sites\/12\/2026\/05\/Ethics-Hero-300x235.png","medium-width":300,"medium-height":235,"medium_large":"https:\/\/www.criteo.com\/cn\/wp-content\/uploads\/sites\/12\/2026\/05\/Ethics-Hero-768x602.png","medium_large-width":640,"medium_large-height":502,"large":"https:\/\/www.criteo.com\/cn\/wp-content\/uploads\/sites\/12\/2026\/05\/Ethics-Hero-1024x803.png","large-width":640,"large-height":502,"1536x1536":"https:\/\/www.criteo.com\/cn\/wp-content\/uploads\/sites\/12\/2026\/05\/Ethics-Hero.png","1536x1536-width":1378,"1536x1536-height":1080,"2048x2048":"https:\/\/www.criteo.com\/cn\/wp-content\/uploads\/sites\/12\/2026\/05\/Ethics-Hero.png","2048x2048-width":1378,"2048x2048-height":1080,"success-story":"https:\/\/www.criteo.com\/cn\/wp-content\/uploads\/sites\/12\/2026\/05\/Ethics-Hero-630x494.png","success-story-width":630,"success-story-height":494,"profile_24":"https:\/\/www.criteo.com\/cn\/wp-content\/uploads\/sites\/12\/2026\/05\/Ethics-Hero-24x24.png","profile_24-width":24,"profile_24-height":24,"profile_48":"https:\/\/www.criteo.com\/cn\/wp-content\/uploads\/sites\/12\/2026\/05\/Ethics-Hero-48x48.png","profile_48-width":48,"profile_48-height":48,"profile_96":"https:\/\/www.criteo.com\/cn\/wp-content\/uploads\/sites\/12\/2026\/05\/Ethics-Hero-96x96.png","profile_96-width":96,"profile_96-height":96,"profile_150":"https:\/\/www.criteo.com\/cn\/wp-content\/uploads\/sites\/12\/2026\/05\/Ethics-Hero-150x150.png","profile_150-width":150,"profile_150-height":150,"profile_300":"https:\/\/www.criteo.com\/cn\/wp-content\/uploads\/sites\/12\/2026\/05\/Ethics-Hero-300x300.png","profile_300-width":300,"profile_300-height":300}},"background_gradient":"Publishers","cta_button":{"type":"internal","text":"Contattaci","link_internal":"","link_media":false,"link_external":"","link_embed":"","link_email":"","email_subject":"","page_element_id":"","variant":"light","ai_variant":"gradient-border","icon":"thin-arrow-right","ai_icon":"none","new_window":[],"track_button":false,"button_location":false,"event_type":false,"button_classes":"","button_message":""},"additional_buttons":false}},{"acf_fc_layout":"text_and_image_block_2025","text_and_image_block_2025":{"title":"<h2 class=\"h3 title\">I nostri quattro principi guida<\/h2>\n<div class=\"description body-five-regular\">\n<p>Il Comitato per l\u2019etica del prodotto segue i quattro principi chiave che sono alla base del nostro approccio etico sulla pubblicit\u00e0, in linea con le raccomandazioni espresse dalla <a href=\"https:\/\/wfanet.org\/leadership\/data-ethics\">World Federation of Advertisers<\/a>:<\/p>\n<\/div>\n","image":false,"image_mobile":false,"bottom_logos":false,"remove_background_and_borders":true,"attach_to_previous_section":false}},{"acf_fc_layout":"top_tips_2025","top_tips_2025":{"title":"","image":{"ID":3380,"id":3380,"title":"Ethics-Webpage-Image-01 (1)","filename":"Ethics-Webpage-Image-01-1-1.svg","filesize":2186435,"url":"https:\/\/www.criteo.com\/cn\/wp-content\/uploads\/sites\/12\/2026\/05\/Ethics-Webpage-Image-01-1-1.svg","link":"https:\/\/www.criteo.com\/cn\/trust-center\/product-ethics\/ethics-webpage-image-01-1\/","alt":"","author":"195","description":"","caption":"","name":"ethics-webpage-image-01-1","status":"inherit","uploaded_to":3377,"date":"2026-05-09 18:08:04","modified":"2026-05-09 18:09:59","menu_order":0,"mime_type":"image\/svg+xml","type":"image","subtype":"svg+xml","icon":"https:\/\/www.criteo.com\/cn\/wp-includes\/images\/media\/default.png","width":297,"height":204,"sizes":{"thumbnail":"https:\/\/www.criteo.com\/cn\/wp-content\/uploads\/sites\/12\/2026\/05\/Ethics-Webpage-Image-01-1-1.svg","thumbnail-width":297,"thumbnail-height":204,"medium":"https:\/\/www.criteo.com\/cn\/wp-content\/uploads\/sites\/12\/2026\/05\/Ethics-Webpage-Image-01-1-1.svg","medium-width":297,"medium-height":204,"medium_large":"https:\/\/www.criteo.com\/cn\/wp-content\/uploads\/sites\/12\/2026\/05\/Ethics-Webpage-Image-01-1-1.svg","medium_large-width":297,"medium_large-height":204,"large":"https:\/\/www.criteo.com\/cn\/wp-content\/uploads\/sites\/12\/2026\/05\/Ethics-Webpage-Image-01-1-1.svg","large-width":297,"large-height":204,"1536x1536":"https:\/\/www.criteo.com\/cn\/wp-content\/uploads\/sites\/12\/2026\/05\/Ethics-Webpage-Image-01-1-1.svg","1536x1536-width":297,"1536x1536-height":204,"2048x2048":"https:\/\/www.criteo.com\/cn\/wp-content\/uploads\/sites\/12\/2026\/05\/Ethics-Webpage-Image-01-1-1.svg","2048x2048-width":297,"2048x2048-height":204,"success-story":"https:\/\/www.criteo.com\/cn\/wp-content\/uploads\/sites\/12\/2026\/05\/Ethics-Webpage-Image-01-1-1.svg","success-story-width":297,"success-story-height":204,"profile_24":"https:\/\/www.criteo.com\/cn\/wp-content\/uploads\/sites\/12\/2026\/05\/Ethics-Webpage-Image-01-1-1.svg","profile_24-width":297,"profile_24-height":204,"profile_48":"https:\/\/www.criteo.com\/cn\/wp-content\/uploads\/sites\/12\/2026\/05\/Ethics-Webpage-Image-01-1-1.svg","profile_48-width":297,"profile_48-height":204,"profile_96":"https:\/\/www.criteo.com\/cn\/wp-content\/uploads\/sites\/12\/2026\/05\/Ethics-Webpage-Image-01-1-1.svg","profile_96-width":297,"profile_96-height":204,"profile_150":"https:\/\/www.criteo.com\/cn\/wp-content\/uploads\/sites\/12\/2026\/05\/Ethics-Webpage-Image-01-1-1.svg","profile_150-width":297,"profile_150-height":204,"profile_300":"https:\/\/www.criteo.com\/cn\/wp-content\/uploads\/sites\/12\/2026\/05\/Ethics-Webpage-Image-01-1-1.svg","profile_300-width":297,"profile_300-height":204}},"tips":[{"title":"Trasparenza","description":"Garantiamo di utilizzare i dati in modo trasparente, facile da comprendere e accessibile a tutti. Questo include i potenziali impatti sociali, etici e societari di tale uso."},{"title":"Rispetto","description":"Comprendiamo e rispettiamo gli interessi di tutte le parti e proteggiamo i diritti umani ampiamente condivisi (privacy, dignit\u00e0, diversit\u00e0, equit\u00e0, uguaglianza, autonomia e libert\u00e0)."},{"title":"Equit\u00e0","description":"Monitoriamo continuamente l\u2019equit\u00e0 nelle pratiche pubblicitarie evitando di diffondere bias, discriminazione o esclusione.\r\n\r\n"},{"title":"Responsabilit\u00e0","description":"Riteniamo Criteo e i nostri partner e clienti responsabili dell\u2019uso dei dati."}]}},{"acf_fc_layout":"cta_block_2025","cta_block_2025":{"style":"v5","color_scheme":"dark_blue","color_scheme_2":"light_blue","subtitle":"<h4>CENTRO DE CONFIANZA<\/h4>\n<p>Scopri come creiamo affidabilit\u00e0 attraverso l\u2019onest\u00e0 e i pi\u00f9 alti standard etici, di privacy e sicurezza.<\/p>\n","link":{"title":"Learn more","url":"https:\/\/www.criteo.com\/it\/trust-center\/ad-trust-and-safety\/","target":""}}},{"acf_fc_layout":"top_tips_2025","top_tips_2025":{"title":"","image":{"ID":3381,"id":3381,"title":"direct bidder - image 01","filename":"direct-bidder-image-01.svg","filesize":173496,"url":"https:\/\/www.criteo.com\/cn\/wp-content\/uploads\/sites\/12\/2026\/05\/direct-bidder-image-01.svg","link":"https:\/\/www.criteo.com\/cn\/trust-center\/product-ethics\/direct-bidder-image-01\/","alt":"","author":"195","description":"","caption":"","name":"direct-bidder-image-01","status":"inherit","uploaded_to":3377,"date":"2026-05-09 18:08:04","modified":"2026-05-09 18:09:59","menu_order":0,"mime_type":"image\/svg+xml","type":"image","subtype":"svg+xml","icon":"https:\/\/www.criteo.com\/cn\/wp-includes\/images\/media\/default.png","width":806,"height":658,"sizes":{"thumbnail":"https:\/\/www.criteo.com\/cn\/wp-content\/uploads\/sites\/12\/2026\/05\/direct-bidder-image-01.svg","thumbnail-width":806,"thumbnail-height":658,"medium":"https:\/\/www.criteo.com\/cn\/wp-content\/uploads\/sites\/12\/2026\/05\/direct-bidder-image-01.svg","medium-width":806,"medium-height":658,"medium_large":"https:\/\/www.criteo.com\/cn\/wp-content\/uploads\/sites\/12\/2026\/05\/direct-bidder-image-01.svg","medium_large-width":806,"medium_large-height":658,"large":"https:\/\/www.criteo.com\/cn\/wp-content\/uploads\/sites\/12\/2026\/05\/direct-bidder-image-01.svg","large-width":806,"large-height":658,"1536x1536":"https:\/\/www.criteo.com\/cn\/wp-content\/uploads\/sites\/12\/2026\/05\/direct-bidder-image-01.svg","1536x1536-width":806,"1536x1536-height":658,"2048x2048":"https:\/\/www.criteo.com\/cn\/wp-content\/uploads\/sites\/12\/2026\/05\/direct-bidder-image-01.svg","2048x2048-width":806,"2048x2048-height":658,"success-story":"https:\/\/www.criteo.com\/cn\/wp-content\/uploads\/sites\/12\/2026\/05\/direct-bidder-image-01.svg","success-story-width":806,"success-story-height":658,"profile_24":"https:\/\/www.criteo.com\/cn\/wp-content\/uploads\/sites\/12\/2026\/05\/direct-bidder-image-01.svg","profile_24-width":806,"profile_24-height":658,"profile_48":"https:\/\/www.criteo.com\/cn\/wp-content\/uploads\/sites\/12\/2026\/05\/direct-bidder-image-01.svg","profile_48-width":806,"profile_48-height":658,"profile_96":"https:\/\/www.criteo.com\/cn\/wp-content\/uploads\/sites\/12\/2026\/05\/direct-bidder-image-01.svg","profile_96-width":806,"profile_96-height":658,"profile_150":"https:\/\/www.criteo.com\/cn\/wp-content\/uploads\/sites\/12\/2026\/05\/direct-bidder-image-01.svg","profile_150-width":806,"profile_150-height":658,"profile_300":"https:\/\/www.criteo.com\/cn\/wp-content\/uploads\/sites\/12\/2026\/05\/direct-bidder-image-01.svg","profile_300-width":806,"profile_300-height":658}},"tips":[{"title":"Il nostro approccio all\u2019etica dei prodotti","description":"In qualit\u00e0 di azienda di commerce media che consente a marketer e media owner di generare risultati migliori per il commerce, Criteo punta a integrare un approccio etico in ciascuna fase dello sviluppo del prodotto e della supply chain."},{"title":"Il nostro Comitato per l\u2019etica del prodotto","description":"Il Comitato di Criteo per l\u2019etica del prodotto funge da organo centrale e interfunzionale per promuovere una cultura della pubblicit\u00e0 AI-driven etica, responsabile e affidabile in tutte le attivit\u00e0 di Criteo. Attraverso il lavoro del Comitato per l\u2019etica del prodotto ci impegniamo ad affrontare la disinformazione, oltre che a comprendere attentamente il potenziale impatto dei bias dei nostri algoritmi e a integrare i nostri valori in tutte le campagne pubblicitarie. Il Comitato per l\u2019etica del prodotto guida i nostri standard etici e garantisce che la pubblcit\u00e0 che forniamo ai nostri clienti e partner sia affidabile. Il Comitato, che comprende i rappresentanti senior di tutti i dipartimenti di Criteo, si riunisce con cadenza trimestrale."}]}},{"acf_fc_layout":"cta_block_2025","cta_block_2025":{"style":"v1","color_scheme":"dark_blue","color_scheme_2":"dark_blue","subtitle":"<h2>Il nostro impegno per un impatto positivo che vada oltre il nostro settore.<\/h2>\n<div class=\"cta-content\">\n<p>Il nostro programma di Responsabilit\u00e0 sociale aziendale \u00e8 molto di pi\u00f9 che semplici parole sulla carta. \u00c8 un insieme di azioni reali che supportano la protezione dei nostri dipendenti, il progresso della nostra societ\u00e0, iniziative per l\u2019ambiente e il rispetto dei nostri valori.<\/p>\n<\/div>\n","link":{"title":"Continua a leggere","url":"https:\/\/criteo.investorroom.com\/csr-reports","target":"_blank"}}}],"additional_code":"","remove_footer":false,"use_transparent_header":true,"use_transparent_header_dark_menus":false,"use_transparent_header_normal":false,"background_color_modular":"neutral gray","remove_from_internal_search":false,"strip_the_header":false,"override_buttons":false,"enable_slide-in":false},"yoast_head":"<!-- This site is optimized with the Yoast SEO plugin v26.4 - https:\/\/yoast.com\/wordpress\/plugins\/seo\/ -->\n<title>Product Ethics<\/title>\n<meta name=\"description\" content=\"The Criteo Product Ethics Committee acts as a central, cross-functional body to advance a culture of ethical, responsible, and trustworthy AI-driven advertising throughout Criteo activities.\" \/>\n<meta name=\"robots\" content=\"index, follow, max-snippet:-1, max-image-preview:large, max-video-preview:-1\" \/>\n<link rel=\"canonical\" href=\"https:\/\/www.criteo.com\/cn\/trust-center\/product-ethics\/\" \/>\n<meta property=\"og:locale\" content=\"zh_CN\" \/>\n<meta property=\"og:type\" content=\"article\" \/>\n<meta property=\"og:title\" content=\"Product Ethics\" \/>\n<meta property=\"og:description\" content=\"The Criteo Product Ethics Committee acts as a central, cross-functional body to advance a culture of ethical, responsible, and trustworthy AI-driven advertising throughout Criteo activities.\" \/>\n<meta property=\"og:url\" content=\"https:\/\/www.criteo.com\/cn\/trust-center\/product-ethics\/\" \/>\n<meta property=\"og:site_name\" content=\"CN - Criteo\" \/>\n<meta property=\"article:modified_time\" content=\"2026-05-09T18:09:58+00:00\" \/>\n<meta name=\"twitter:card\" content=\"summary_large_image\" \/>\n<script type=\"application\/ld+json\" class=\"yoast-schema-graph\">{\n\t    \"@context\": \"https:\/\/schema.org\",\n\t    \"@graph\": [\n\t        {\n\t            \"@type\": \"WebPage\",\n\t            \"@id\": \"https:\/\/www.criteo.com\/cn\/trust-center\/product-ethics\/\",\n\t            \"url\": \"https:\/\/www.criteo.com\/cn\/trust-center\/product-ethics\/\",\n\t            \"name\": \"Product Ethics\",\n\t            \"isPartOf\": {\n\t                \"@id\": \"https:\/\/www.criteo.com\/cn\/#website\"\n\t            },\n\t            \"datePublished\": \"2022-09-28T18:49:34+00:00\",\n\t            \"dateModified\": \"2026-05-09T18:09:58+00:00\",\n\t            \"description\": \"The Criteo Product Ethics Committee acts as a central, cross-functional body to advance a culture of ethical, responsible, and trustworthy AI-driven advertising throughout Criteo activities.\",\n\t            \"breadcrumb\": {\n\t                \"@id\": \"https:\/\/www.criteo.com\/cn\/trust-center\/product-ethics\/#breadcrumb\"\n\t            },\n\t            \"inLanguage\": \"zh-CN\",\n\t            \"potentialAction\": [\n\t                {\n\t                    \"@type\": \"ReadAction\",\n\t                    \"target\": [\n\t                        \"https:\/\/www.criteo.com\/cn\/trust-center\/product-ethics\/\"\n\t                    ]\n\t                }\n\t            ]\n\t        },\n\t        {\n\t            \"@type\": \"BreadcrumbList\",\n\t            \"@id\": \"https:\/\/www.criteo.com\/cn\/trust-center\/product-ethics\/#breadcrumb\",\n\t            \"itemListElement\": [\n\t                {\n\t                    \"@type\": \"ListItem\",\n\t                    \"position\": 1,\n\t                    \"name\": \"Home\",\n\t                    \"item\": \"https:\/\/www.criteo.com\/cn\/\"\n\t                },\n\t                {\n\t                    \"@type\": \"ListItem\",\n\t                    \"position\": 2,\n\t                    \"name\": \"Trust Center\",\n\t                    \"item\": \"https:\/\/www.criteo.com\/cn\/trust-center\/\"\n\t                },\n\t                {\n\t                    \"@type\": \"ListItem\",\n\t                    \"position\": 3,\n\t                    \"name\": \"Product Ethics\"\n\t                }\n\t            ]\n\t        },\n\t        {\n\t            \"@type\": \"WebSite\",\n\t            \"@id\": \"https:\/\/www.criteo.com\/cn\/#website\",\n\t            \"url\": \"https:\/\/www.criteo.com\/cn\/\",\n\t            \"name\": \"CN - Criteo\",\n\t            \"description\": \"Just another Criteo Sites site\",\n\t            \"publisher\": {\n\t                \"@id\": \"https:\/\/www.criteo.com\/cn\/#organization\"\n\t            },\n\t            \"potentialAction\": [\n\t                {\n\t                    \"@type\": \"SearchAction\",\n\t                    \"target\": {\n\t                        \"@type\": \"EntryPoint\",\n\t                        \"urlTemplate\": \"https:\/\/www.criteo.com\/cn\/?s={search_term_string}\"\n\t                    },\n\t                    \"query-input\": {\n\t                        \"@type\": \"PropertyValueSpecification\",\n\t                        \"valueRequired\": true,\n\t                        \"valueName\": \"search_term_string\"\n\t                    }\n\t                }\n\t            ],\n\t            \"inLanguage\": \"zh-CN\"\n\t        },\n\t        {\n\t            \"@type\": \"Organization\",\n\t            \"@id\": \"https:\/\/www.criteo.com\/cn\/#organization\",\n\t            \"name\": \"Criteo\",\n\t            \"alternateName\": \"Criteo corp\",\n\t            \"url\": \"https:\/\/www.criteo.com\/cn\/\",\n\t            \"logo\": {\n\t                \"@type\": \"ImageObject\",\n\t                \"inLanguage\": \"zh-CN\",\n\t                \"@id\": \"https:\/\/www.criteo.com\/cn\/#\/schema\/logo\/image\/\",\n\t                \"url\": \"https:\/\/www.criteo.com\/cn\/wp-content\/uploads\/sites\/12\/2024\/02\/Criteo-Logo.svg\",\n\t                \"contentUrl\": \"https:\/\/www.criteo.com\/cn\/wp-content\/uploads\/sites\/12\/2024\/02\/Criteo-Logo.svg\",\n\t                \"width\": 118,\n\t                \"height\": 24,\n\t                \"caption\": \"Criteo\"\n\t            },\n\t            \"image\": {\n\t                \"@id\": \"https:\/\/www.criteo.com\/cn\/#\/schema\/logo\/image\/\"\n\t            }\n\t        }\n\t    ]\n\t}<\/script>\n<!-- \/ Yoast SEO plugin. -->","yoast_head_json":{"title":"Product Ethics","description":"The Criteo Product Ethics Committee acts as a central, cross-functional body to advance a culture of ethical, responsible, and trustworthy AI-driven advertising throughout Criteo activities.","robots":{"index":"index","follow":"follow","max-snippet":"max-snippet:-1","max-image-preview":"max-image-preview:large","max-video-preview":"max-video-preview:-1"},"canonical":"https:\/\/www.criteo.com\/cn\/trust-center\/product-ethics\/","og_locale":"zh_CN","og_type":"article","og_title":"Product Ethics","og_description":"The Criteo Product Ethics Committee acts as a central, cross-functional body to advance a culture of ethical, responsible, and trustworthy AI-driven advertising throughout Criteo activities.","og_url":"https:\/\/www.criteo.com\/cn\/trust-center\/product-ethics\/","og_site_name":"CN - Criteo","article_modified_time":"2026-05-09T18:09:58+00:00","twitter_card":"summary_large_image","schema":{"@context":"https:\/\/schema.org","@graph":[{"@type":"WebPage","@id":"https:\/\/www.criteo.com\/cn\/trust-center\/product-ethics\/","url":"https:\/\/www.criteo.com\/cn\/trust-center\/product-ethics\/","name":"Product Ethics","isPartOf":{"@id":"https:\/\/www.criteo.com\/cn\/#website"},"datePublished":"2022-09-28T18:49:34+00:00","dateModified":"2026-05-09T18:09:58+00:00","description":"The Criteo Product Ethics Committee acts as a central, cross-functional body to advance a culture of ethical, responsible, and trustworthy AI-driven advertising throughout Criteo activities.","breadcrumb":{"@id":"https:\/\/www.criteo.com\/cn\/trust-center\/product-ethics\/#breadcrumb"},"inLanguage":"zh-CN","potentialAction":[{"@type":"ReadAction","target":["https:\/\/www.criteo.com\/cn\/trust-center\/product-ethics\/"]}]},{"@type":"BreadcrumbList","@id":"https:\/\/www.criteo.com\/cn\/trust-center\/product-ethics\/#breadcrumb","itemListElement":[{"@type":"ListItem","position":1,"name":"Home","item":"https:\/\/www.criteo.com\/cn\/"},{"@type":"ListItem","position":2,"name":"Trust Center","item":"https:\/\/www.criteo.com\/cn\/trust-center\/"},{"@type":"ListItem","position":3,"name":"Product Ethics"}]},{"@type":"WebSite","@id":"https:\/\/www.criteo.com\/cn\/#website","url":"https:\/\/www.criteo.com\/cn\/","name":"CN - Criteo","description":"Just another Criteo Sites site","publisher":{"@id":"https:\/\/www.criteo.com\/cn\/#organization"},"potentialAction":[{"@type":"SearchAction","target":{"@type":"EntryPoint","urlTemplate":"https:\/\/www.criteo.com\/cn\/?s={search_term_string}"},"query-input":{"@type":"PropertyValueSpecification","valueRequired":true,"valueName":"search_term_string"}}],"inLanguage":"zh-CN"},{"@type":"Organization","@id":"https:\/\/www.criteo.com\/cn\/#organization","name":"Criteo","alternateName":"Criteo corp","url":"https:\/\/www.criteo.com\/cn\/","logo":{"@type":"ImageObject","inLanguage":"zh-CN","@id":"https:\/\/www.criteo.com\/cn\/#\/schema\/logo\/image\/","url":"https:\/\/www.criteo.com\/cn\/wp-content\/uploads\/sites\/12\/2024\/02\/Criteo-Logo.svg","contentUrl":"https:\/\/www.criteo.com\/cn\/wp-content\/uploads\/sites\/12\/2024\/02\/Criteo-Logo.svg","width":118,"height":24,"caption":"Criteo"},"image":{"@id":"https:\/\/www.criteo.com\/cn\/#\/schema\/logo\/image\/"}}]}},"_links":{"self":[{"href":"https:\/\/www.criteo.com\/cn\/wp-json\/wp\/v2\/pages\/3377","targetHints":{"allow":["GET"]}}],"collection":[{"href":"https:\/\/www.criteo.com\/cn\/wp-json\/wp\/v2\/pages"}],"about":[{"href":"https:\/\/www.criteo.com\/cn\/wp-json\/wp\/v2\/types\/page"}],"author":[{"embeddable":true,"href":"https:\/\/www.criteo.com\/cn\/wp-json\/wp\/v2\/users\/9"}],"replies":[{"embeddable":true,"href":"https:\/\/www.criteo.com\/cn\/wp-json\/wp\/v2\/comments?post=3377"}],"version-history":[{"count":1,"href":"https:\/\/www.criteo.com\/cn\/wp-json\/wp\/v2\/pages\/3377\/revisions"}],"predecessor-version":[{"id":3382,"href":"https:\/\/www.criteo.com\/cn\/wp-json\/wp\/v2\/pages\/3377\/revisions\/3382"}],"up":[{"embeddable":true,"href":"https:\/\/www.criteo.com\/cn\/wp-json\/wp\/v2\/pages\/3297"}],"wp:attachment":[{"href":"https:\/\/www.criteo.com\/cn\/wp-json\/wp\/v2\/media?parent=3377"}],"wp:term":[{"taxonomy":"author","embeddable":true,"href":"https:\/\/www.criteo.com\/cn\/wp-json\/wp\/v2\/coauthors?post=3377"}],"curies":[{"name":"wp","href":"https:\/\/api.w.org\/{rel}","templated":true}]}}