{"id":11604,"date":"2019-10-17T15:08:30","date_gmt":"2019-10-17T15:08:30","guid":{"rendered":"http:\/\/www.criteo.com\/de\/?page_id=11604"},"modified":"2022-11-17T17:43:43","modified_gmt":"2022-11-17T17:43:43","slug":"disable-criteo-services-on-mobile-applications","status":"publish","type":"page","link":"https:\/\/www.criteo.com\/de\/privacy\/disable-criteo-services-on-mobile-applications\/","title":{"rendered":"Criteo-Services in mobilen Apps deaktivieren"},"content":{"rendered":"<p>Im Folgenden erfahren Sie, wie Sie die Criteo-Services in mobilen Apps deaktivieren k\u00f6nnen. Wenn Sie wissen m\u00f6chten, wie Sie Criteo-Services in Internet-Browsern deaktivieren k\u00f6nnen,\u00a0<a href=\"https:\/\/www.criteo.com\/de\/privacy\/disable-criteo-services-on-internet-browsers\/\">klicken Sie bitte hier<\/a>.<\/p>\n<p>Um Ihre Einwilligung f\u00fcr Criteo-Dienste zu widerrufen, richten Sie Ihr Ger\u00e4t einfach wie folgt ein:<\/p>\n<ul>\n<li>F\u00fcr Android (Version 2.3 und h\u00f6her)<\/li>\n<\/ul>\n<p style=\"padding-left: 40px;\">Setzen Sie die Werbe-ID Ihres Ger\u00e4ts zur\u00fcck: Gehen Sie dazu in den Einstellungen Ihres Ger\u00e4ts in den Abschnitt \u201eEinstellungen\u201c &gt; \u201eGoogle\u201c &gt; \u201eWerbung\u201c, klicken Sie auf \u201eWerbe-ID zur\u00fccksetzen\u201c und best\u00e4tigen Sie Ihre Wahl.<br \/>\nAktivieren Sie anschlie\u00dfend die Option \u201ePersonalisierte Werbung deaktivieren\u201c: Gehen Sie dazu in den Einstellungen Ihres Ger\u00e4ts in den Abschnitt \u201eEinstellungen\u201c &gt; \u201eGoogle\u201c &gt; \u201eWerbung\u201c und aktivieren Sie die Option \u201ePersonalisierte Werbung deaktivieren\u201c.<\/p>\n<p style=\"padding-left: 80px;\"><div class=\"lightbulb\">\n        <div class=\"content p-3 \">Detailliertere Anweisungen erhalten Sie auf den Hilfeseiten von Google:\u00a0<a href=\"https:\/\/support.google.com\/googleplay\/answer\/3405269?hl=de\" target=\"_blank\" rel=\"noopener noreferrer\">Google Play Hilfe<\/a><\/div>\n    <\/div><\/p>\n<ul>\n<li>F\u00fcr iOS (Version 6 und h\u00f6her)<\/li>\n<\/ul>\n<p style=\"padding-left: 40px;\">Aktivieren Sie die Option \u201eKein Ad-Tracking\u201c: Wechseln Sie dazu in die Ger\u00e4teeinstellungen, gehen Sie dann zum Abschnitt \u201eDatenschutz\u201c, \u00f6ffnen Sie \u201eWerbung\u201c und aktivieren Sie die Option \u201eKein Ad-Tracking\u201c.<\/p>\n<p style=\"padding-left: 80px;\"><div class=\"lightbulb\">\n        <div class=\"content p-3 \">Detailliertere Anweisungen erhalten Sie auf den Hilfeseiten von Apple:\u00a0<a href=\"https:\/\/support.apple.com\/kb\/HT4228\" target=\"_blank\" rel=\"noopener noreferrer\">Apple-Support<\/a>.<\/div>\n    <\/div><\/p>\n<p>&nbsp;<\/p>\n<h4>Welche \u00c4nderungen hat dies zur Folge?<\/h4>\n<p>Eine solche Konfiguration Ihres Ger\u00e4tes hat die folgenden Konsequenzen:<\/p>\n<ul>\n<li>Durch die L\u00f6schung der entsprechenden ID sind wir nicht mehr in der Lage,\n<ul>\n<li>Ihren Browser oder Ihr Ger\u00e4t zu erkennen;<\/li>\n<li>Die uns zur Verf\u00fcgung stehenden Daten mit Ihnen zu verkn\u00fcpfen.<\/li>\n<\/ul>\n<\/li>\n<li>Das Beenden der Erfassung Ihrer personenbezogenen Daten f\u00fcr Verarbeitungst\u00e4tigkeiten, f\u00fcr die Sie Ihre Einwilligung erteilt haben.<\/li>\n<li>Die auf Ihrem Ger\u00e4t installierten Apps zeigen keine Ads von Criteo mehr, die Ihre Einwilligung erfordern.<\/li>\n<\/ul>\n<div>\n<p style=\"padding-left: 40px;\"><div class=\"lightbulb\">\n        <div class=\"content p-3 \">Bitte beachten Sie, dass Criteo Ihre personenbezogenen Daten, die vor der Deaktivierung der Criteo-Dienste erhoben wurden, auf der Grundlage eines berechtigten Interesses weiter verarbeiten kann.<\/p>\n<p>Weitere Informationen dazu, wie Criteo personenbezogene Daten verarbeitet, finden Sie im Abschnitt\u00a0<a href=\"https:\/\/www.criteo.com\/de\/privacy\/how-we-use-your-data\/\">\u201eWie wir Ihre Daten verwenden\u201c<\/a>. Um weitere Rechte geltend zu machen, wechseln Sie bitte zu\u00a0<a href=\"https:\/\/www.criteo.com\/de\/privacy\/your-rights\/\">\u201eMeine Rechte verstehen\u201c<\/a>.<\/p>\n<p style=\"padding-left: 40px;\"><\/div>\n    <\/div><\/p>\n<\/div>\n<p>Wenn Sie Ihre Wahl auf weitere in diesem Ger\u00e4t installierte Browser oder Apps ausweiten m\u00f6chten, bitten wir Sie, den Vorgang in den jeweiligen Browsern und Apps zu wiederholen. Um diesen Vorgang zu erleichtern, k\u00f6nnen Sie:<\/p>\n<ul>\n<li>Die folgende URL kopieren und sie in einen Browser einf\u00fcgen, um Ihre Wahl auf diesen zu \u00fcbertragen:\u00a0<a href=\"https:\/\/www.criteo.com\/de\/privacy\/disable-criteo-services-on-internet-browsers\/\">https:\/\/www.criteo.com\/de\/privacy\/disable-criteo-services-on-internet-browsers\/<\/a><\/li>\n<li>Sie k\u00f6nnen auch den folgenden QR-Code mit einem Ger\u00e4t scannen und den Link, auf den er verweist, mit einem Browser \u00f6ffnen, um Ihre Wahl zu \u00fcbertragen:<br \/>\n<img decoding=\"async\" style=\"max-width:90%;\" src=\"https:\/\/quickchart.io\/chart?cht=qr&chs=300x300&chl=https:\/\/www.criteo.com\/de\/privacy\/disable-criteo-services-on-internet-browsers\/\"><\/li>\n<\/ul>\n<h4>Wann werden diese \u00c4nderungen wirksam?<\/h4>\n<p>Criteo beendet die Einblendung von Werbung so rasch wie m\u00f6glich, jedoch sp\u00e4testens nach 24 Stunden.<\/p>\n<p>Bitte beachten Sie, dass es bis zu f\u00fcnf Wochen dauern kann, um Ihre Anfrage auf Facebook zu verarbeiten. Facebook bildet eine separate Umgebung, \u00fcber die wir keine Kontrolle haben. Wenn Sie die Anzeige unserer Werbung in Ihrem Facebook-Account sofort unterbinden m\u00f6chten, bitten wir Sie, die Einstellungen auf Facebook selbst zu \u00e4ndern. Klicken Sie dazu hier:\u00a0<a href=\"https:\/\/www.facebook.com\/settings\/?tab=ads\" target=\"_blank\" rel=\"noopener noreferrer\">Facebook Werbepr\u00e4ferenzen<\/a>.<\/p>\n<p>&nbsp;<\/p>\n<h4>Ist diese \u00c4nderung dauerhaft?<\/h4>\n<p>Wenn Sie die Einstellungen auf Ihrem Ger\u00e4t \u00e4ndern oder das Betriebssystem Ihres Ger\u00e4ts aktualisieren, k\u00f6nnen wir Ihre Wahl nicht mehr erkennen.\u00a0In diesem Fall bitten wir Sie, den Vorgang zu wiederholen.<\/p>\n<p>Bitte beachten Sie auch, dass einige mobile Apps ein technisches Feature namens \u201eWebview\u201c verwenden oder darauf angewiesen sind. Dieses Feature erlaubt es App-Entwicklern, Web-Apps oder Webseiten direkt in der App anzuzeigen, ohne diese zu verlassen und den normalen Browser zu \u00f6ffnen. Eine solche Webansicht operiert m\u00f6glicherweise unabh\u00e4ngig von Ihrer Standard-Browser- bzw. App-Umgebung. Daher empfehlen wir Ihnen, Ihre Einwilligung auch in dieser spezifischen Umgebung zu widerrufen, wenn Sie keine Werbung von Criteo sehen m\u00f6chten.<\/p>\n","protected":false},"excerpt":{"rendered":"<p>Im Folgenden erfahren Sie, wie Sie die Criteo-Services in mobilen Apps deaktivieren k\u00f6nnen. Wenn Sie wissen m\u00f6chten, wie Sie Criteo-Services in Internet-Browsern deaktivieren k\u00f6nnen,\u00a0klicken Sie bitte hier. Um Ihre Einwilligung f\u00fcr Criteo-Dienste zu widerrufen, richten Sie Ihr Ger\u00e4t einfach wie folgt ein: F\u00fcr Android (Version 2.3 und h\u00f6her) Setzen Sie die Werbe-ID Ihres Ger\u00e4ts zur\u00fcck: [&hellip;]<\/p>\n","protected":false},"author":9,"featured_media":0,"parent":11536,"menu_order":0,"comment_status":"closed","ping_status":"closed","template":"page-templates\/basic.php","meta":{"_acf_changed":false,"footnotes":""},"coauthors":[],"class_list":["post-11604","page","type-page","status-publish"],"acf":{"layout_mode":"privacy-2019","has_more_content":false,"storetail_optout":false,"stae_popup_enable":false,"track_page_in_segment":false,"segment_page_name":"","additional_code":"","toc_order":"2","bevel":"peach-grapes","bevel_reversed":false,"side_text":""},"yoast_head":"<!-- This site is optimized with the Yoast SEO plugin v26.4 - https:\/\/yoast.com\/wordpress\/plugins\/seo\/ -->\n<title>Criteo-Services in mobilen Apps deaktivieren | DE - Criteo.com<\/title>\n<meta name=\"description\" content=\"Informationen zur Deaktivierung von Criteo-Diensten Bei Mobilen Anwendungen Deaktivieren\" \/>\n<meta name=\"robots\" content=\"index, follow, max-snippet:-1, max-image-preview:large, max-video-preview:-1\" \/>\n<link rel=\"canonical\" href=\"https:\/\/www.criteo.com\/de\/privacy\/disable-criteo-services-on-mobile-applications\/\" \/>\n<meta property=\"og:locale\" content=\"de_DE\" \/>\n<meta property=\"og:type\" content=\"article\" \/>\n<meta property=\"og:title\" content=\"Criteo-Services in mobilen Apps deaktivieren | DE - Criteo.com\" \/>\n<meta property=\"og:description\" content=\"Informationen zur Deaktivierung von Criteo-Diensten Bei Mobilen Anwendungen Deaktivieren\" \/>\n<meta property=\"og:url\" content=\"https:\/\/www.criteo.com\/de\/privacy\/disable-criteo-services-on-mobile-applications\/\" \/>\n<meta property=\"og:site_name\" content=\"DE - Criteo.com\" \/>\n<meta property=\"article:modified_time\" content=\"2022-11-17T17:43:43+00:00\" \/>\n<meta name=\"twitter:card\" content=\"summary_large_image\" \/>\n<meta name=\"twitter:label1\" content=\"Est. reading time\" \/>\n\t<meta name=\"twitter:data1\" content=\"3 minutes\" \/>\n<script type=\"application\/ld+json\" class=\"yoast-schema-graph\">{\n\t    \"@context\": \"https:\/\/schema.org\",\n\t    \"@graph\": [\n\t        {\n\t            \"@type\": \"WebPage\",\n\t            \"@id\": \"https:\/\/www.criteo.com\/de\/privacy\/disable-criteo-services-on-mobile-applications\/\",\n\t            \"url\": \"https:\/\/www.criteo.com\/de\/privacy\/disable-criteo-services-on-mobile-applications\/\",\n\t            \"name\": \"Criteo-Services in mobilen Apps deaktivieren | DE - Criteo.com\",\n\t            \"isPartOf\": {\n\t                \"@id\": \"https:\/\/www.criteo.com\/de\/#website\"\n\t            },\n\t            \"datePublished\": \"2019-10-17T15:08:30+00:00\",\n\t            \"dateModified\": \"2022-11-17T17:43:43+00:00\",\n\t            \"description\": \"Informationen zur Deaktivierung von Criteo-Diensten Bei Mobilen Anwendungen Deaktivieren\",\n\t            \"breadcrumb\": {\n\t                \"@id\": \"https:\/\/www.criteo.com\/de\/privacy\/disable-criteo-services-on-mobile-applications\/#breadcrumb\"\n\t            },\n\t            \"inLanguage\": \"de-DE\",\n\t            \"potentialAction\": [\n\t                {\n\t                    \"@type\": \"ReadAction\",\n\t                    \"target\": [\n\t                        \"https:\/\/www.criteo.com\/de\/privacy\/disable-criteo-services-on-mobile-applications\/\"\n\t                    ]\n\t                }\n\t            ]\n\t        },\n\t        {\n\t            \"@type\": \"BreadcrumbList\",\n\t            \"@id\": \"https:\/\/www.criteo.com\/de\/privacy\/disable-criteo-services-on-mobile-applications\/#breadcrumb\",\n\t            \"itemListElement\": [\n\t                {\n\t                    \"@type\": \"ListItem\",\n\t                    \"position\": 1,\n\t                    \"name\": \"Home\",\n\t                    \"item\": \"https:\/\/www.criteo.com\/de\/\"\n\t                },\n\t                {\n\t                    \"@type\": \"ListItem\",\n\t                    \"position\": 2,\n\t                    \"name\": \"Datenschutzrichtlinie\",\n\t                    \"item\": \"https:\/\/www.criteo.com\/de\/privacy\/\"\n\t                },\n\t                {\n\t                    \"@type\": \"ListItem\",\n\t                    \"position\": 3,\n\t                    \"name\": \"Criteo-Services in mobilen Apps deaktivieren\"\n\t                }\n\t            ]\n\t        },\n\t        {\n\t            \"@type\": \"WebSite\",\n\t            \"@id\": \"https:\/\/www.criteo.com\/de\/#website\",\n\t            \"url\": \"https:\/\/www.criteo.com\/de\/\",\n\t            \"name\": \"DE - Criteo.com\",\n\t            \"description\": \"\",\n\t            \"publisher\": {\n\t                \"@id\": \"https:\/\/www.criteo.com\/de\/#organization\"\n\t            },\n\t            \"potentialAction\": [\n\t                {\n\t                    \"@type\": \"SearchAction\",\n\t                    \"target\": {\n\t                        \"@type\": \"EntryPoint\",\n\t                        \"urlTemplate\": \"https:\/\/www.criteo.com\/de\/?s={search_term_string}\"\n\t                    },\n\t                    \"query-input\": {\n\t                        \"@type\": \"PropertyValueSpecification\",\n\t                        \"valueRequired\": true,\n\t                        \"valueName\": \"search_term_string\"\n\t                    }\n\t                }\n\t            ],\n\t            \"inLanguage\": \"de-DE\"\n\t        },\n\t        {\n\t            \"@type\": \"Organization\",\n\t            \"@id\": \"https:\/\/www.criteo.com\/de\/#organization\",\n\t            \"name\": \"Criteo\",\n\t            \"alternateName\": \"Criteo corp\",\n\t            \"url\": \"https:\/\/www.criteo.com\/de\/\",\n\t            \"logo\": {\n\t                \"@type\": \"ImageObject\",\n\t                \"inLanguage\": \"de-DE\",\n\t                \"@id\": \"https:\/\/www.criteo.com\/de\/#\/schema\/logo\/image\/\",\n\t                \"url\": \"https:\/\/www.criteo.com\/de\/wp-content\/uploads\/sites\/3\/2024\/02\/Criteo-Logo.svg\",\n\t                \"contentUrl\": \"https:\/\/www.criteo.com\/de\/wp-content\/uploads\/sites\/3\/2024\/02\/Criteo-Logo.svg\",\n\t                \"width\": 118,\n\t                \"height\": 24,\n\t                \"caption\": \"Criteo\"\n\t            },\n\t            \"image\": {\n\t                \"@id\": \"https:\/\/www.criteo.com\/de\/#\/schema\/logo\/image\/\"\n\t            }\n\t        }\n\t    ]\n\t}<\/script>\n<!-- \/ Yoast SEO plugin. -->","yoast_head_json":{"title":"Criteo-Services in mobilen Apps deaktivieren | DE - Criteo.com","description":"Informationen zur Deaktivierung von Criteo-Diensten Bei Mobilen Anwendungen Deaktivieren","robots":{"index":"index","follow":"follow","max-snippet":"max-snippet:-1","max-image-preview":"max-image-preview:large","max-video-preview":"max-video-preview:-1"},"canonical":"https:\/\/www.criteo.com\/de\/privacy\/disable-criteo-services-on-mobile-applications\/","og_locale":"de_DE","og_type":"article","og_title":"Criteo-Services in mobilen Apps deaktivieren | DE - Criteo.com","og_description":"Informationen zur Deaktivierung von Criteo-Diensten Bei Mobilen Anwendungen Deaktivieren","og_url":"https:\/\/www.criteo.com\/de\/privacy\/disable-criteo-services-on-mobile-applications\/","og_site_name":"DE - Criteo.com","article_modified_time":"2022-11-17T17:43:43+00:00","twitter_card":"summary_large_image","twitter_misc":{"Est. reading time":"3 minutes"},"schema":{"@context":"https:\/\/schema.org","@graph":[{"@type":"WebPage","@id":"https:\/\/www.criteo.com\/de\/privacy\/disable-criteo-services-on-mobile-applications\/","url":"https:\/\/www.criteo.com\/de\/privacy\/disable-criteo-services-on-mobile-applications\/","name":"Criteo-Services in mobilen Apps deaktivieren | DE - Criteo.com","isPartOf":{"@id":"https:\/\/www.criteo.com\/de\/#website"},"datePublished":"2019-10-17T15:08:30+00:00","dateModified":"2022-11-17T17:43:43+00:00","description":"Informationen zur Deaktivierung von Criteo-Diensten Bei Mobilen Anwendungen Deaktivieren","breadcrumb":{"@id":"https:\/\/www.criteo.com\/de\/privacy\/disable-criteo-services-on-mobile-applications\/#breadcrumb"},"inLanguage":"de-DE","potentialAction":[{"@type":"ReadAction","target":["https:\/\/www.criteo.com\/de\/privacy\/disable-criteo-services-on-mobile-applications\/"]}]},{"@type":"BreadcrumbList","@id":"https:\/\/www.criteo.com\/de\/privacy\/disable-criteo-services-on-mobile-applications\/#breadcrumb","itemListElement":[{"@type":"ListItem","position":1,"name":"Home","item":"https:\/\/www.criteo.com\/de\/"},{"@type":"ListItem","position":2,"name":"Datenschutzrichtlinie","item":"https:\/\/www.criteo.com\/de\/privacy\/"},{"@type":"ListItem","position":3,"name":"Criteo-Services in mobilen Apps deaktivieren"}]},{"@type":"WebSite","@id":"https:\/\/www.criteo.com\/de\/#website","url":"https:\/\/www.criteo.com\/de\/","name":"DE - Criteo.com","description":"","publisher":{"@id":"https:\/\/www.criteo.com\/de\/#organization"},"potentialAction":[{"@type":"SearchAction","target":{"@type":"EntryPoint","urlTemplate":"https:\/\/www.criteo.com\/de\/?s={search_term_string}"},"query-input":{"@type":"PropertyValueSpecification","valueRequired":true,"valueName":"search_term_string"}}],"inLanguage":"de-DE"},{"@type":"Organization","@id":"https:\/\/www.criteo.com\/de\/#organization","name":"Criteo","alternateName":"Criteo corp","url":"https:\/\/www.criteo.com\/de\/","logo":{"@type":"ImageObject","inLanguage":"de-DE","@id":"https:\/\/www.criteo.com\/de\/#\/schema\/logo\/image\/","url":"https:\/\/www.criteo.com\/de\/wp-content\/uploads\/sites\/3\/2024\/02\/Criteo-Logo.svg","contentUrl":"https:\/\/www.criteo.com\/de\/wp-content\/uploads\/sites\/3\/2024\/02\/Criteo-Logo.svg","width":118,"height":24,"caption":"Criteo"},"image":{"@id":"https:\/\/www.criteo.com\/de\/#\/schema\/logo\/image\/"}}]}},"_links":{"self":[{"href":"https:\/\/www.criteo.com\/de\/wp-json\/wp\/v2\/pages\/11604","targetHints":{"allow":["GET"]}}],"collection":[{"href":"https:\/\/www.criteo.com\/de\/wp-json\/wp\/v2\/pages"}],"about":[{"href":"https:\/\/www.criteo.com\/de\/wp-json\/wp\/v2\/types\/page"}],"author":[{"embeddable":true,"href":"https:\/\/www.criteo.com\/de\/wp-json\/wp\/v2\/users\/9"}],"replies":[{"embeddable":true,"href":"https:\/\/www.criteo.com\/de\/wp-json\/wp\/v2\/comments?post=11604"}],"version-history":[{"count":6,"href":"https:\/\/www.criteo.com\/de\/wp-json\/wp\/v2\/pages\/11604\/revisions"}],"predecessor-version":[{"id":19756,"href":"https:\/\/www.criteo.com\/de\/wp-json\/wp\/v2\/pages\/11604\/revisions\/19756"}],"up":[{"embeddable":true,"href":"https:\/\/www.criteo.com\/de\/wp-json\/wp\/v2\/pages\/11536"}],"wp:attachment":[{"href":"https:\/\/www.criteo.com\/de\/wp-json\/wp\/v2\/media?parent=11604"}],"wp:term":[{"taxonomy":"author","embeddable":true,"href":"https:\/\/www.criteo.com\/de\/wp-json\/wp\/v2\/coauthors?post=11604"}],"curies":[{"name":"wp","href":"https:\/\/api.w.org\/{rel}","templated":true}]}}