{"id":11679,"date":"2019-10-23T14:56:08","date_gmt":"2019-10-23T14:56:08","guid":{"rendered":"http:\/\/www.criteo.com\/de\/your-rights\/"},"modified":"2022-11-17T18:59:07","modified_gmt":"2022-11-17T18:59:07","slug":"your-rights","status":"publish","type":"page","link":"https:\/\/www.criteo.com\/de\/privacy\/your-rights\/","title":{"rendered":"Ihre Rechte"},"content":{"rendered":"<p>Die DSGVO gew\u00e4hrt Ihnen verschiedene Rechte bez\u00fcglich Ihrer personenbezogenen Daten. Geben Sie in Ihrer Anfrage also nach M\u00f6glichkeit an, welche dieser Rechte sie aus\u00fcben m\u00f6chten. Dies erm\u00f6glicht es uns, so pr\u00e4zise wie m\u00f6glich auf Ihre Anfrage zu antworten.<\/p>\n<h4><\/h4>\n<h4>Widerruf Ihrer Einwilligung zu den Services von Criteo<\/h4>\n<p>Der Widerruf Ihrer Einwilligung zu den Diensten von Criteo (Artikel 7 der DSGVO) f\u00fchrt zur Deaktivierung unserer Dienste.<br \/>\n<a href=\"https:\/\/www.criteo.com\/de\/privacy\/disable-criteo-services-on-internet-browsers\/\">Dieses Recht wahrnehmen.<\/a><\/p>\n<p>&nbsp;<\/p>\n<h4>Recht auf Vergessenwerden<\/h4>\n<p>Sie k\u00f6nnen von Ihrem Recht auf L\u00f6schung Gebrauch machen (Artikel 17 der DSGVO).<br \/>\nUm von diesem Recht Gebrauch zu machen, senden Sie uns bitte eine E-Mail an <a href=\"mailto:dpo@criteo.com\">dpo@criteo.com<\/a>.<\/p>\n<p>&nbsp;<\/p>\n<h4>Widerspruchsrecht<\/h4>\n<p>Sie k\u00f6nnen Ihr Widerspruchsrecht (Artikel 21 der DSGVO) aus Gr\u00fcnden, die sich aus Ihrer besonderen Situation ergeben, f\u00fcr die Datenverarbeitung geltend machen, die aufgrund unseres berechtigten Interesses erfolgt.<br \/>\nUm von diesem Recht Gebrauch zu machen, senden Sie uns bitte eine E-Mail an <a href=\"mailto:dpo@criteo.com\">dpo@criteo.com<\/a>.<\/p>\n<p>&nbsp;<\/p>\n<h4>Recht auf Zugang zu Ihren personenbezogenen Daten<\/h4>\n<p>Sie haben das Recht auf Zugriff auf Ihre personenbezogenen Daten. Bei Aus\u00fcbung Ihres Auskunftsrechts (Artikel 15 der DSGVO) stellen wir Ihnen eine Excel-Tabelle zur Verf\u00fcgung, die alle Ihre personenbezogenen Daten enth\u00e4lt.<br \/>\nUm von diesem Recht Gebrauch zu machen, senden Sie uns bitte eine E-Mail an <a href=\"mailto:dpo@criteo.com\">dpo@criteo.com<\/a>.<\/p>\n<p>&nbsp;<\/p>\n<h4>Recht auf Datenportabilit\u00e4t<\/h4>\n<p>Sie k\u00f6nnen Ihr Recht auf Daten\u00fcbertragbarkeit (Artikel 20 der DSGVO) f\u00fcr die Verarbeitung von Daten, die auf Ihrer Einwilligung beruhen, aus\u00fcben.<br \/>\nUm von diesem Recht Gebrauch zu machen, senden Sie uns bitte eine E-Mail an <a href=\"mailto:dpo@criteo.com\">dpo@criteo.com<\/a>.<\/p>\n<p>&nbsp;<\/p>\n<h4>Recht auf Berichtigung<\/h4>\n<p>Sie k\u00f6nnen von Ihrem Recht auf Berichtigung Gebrauch machen (Artikel 16 der DSGVO), damit Criteo falsche Daten berichtigen oder unvollst\u00e4ndige Daten vervollst\u00e4ndigen kann.<br \/>\nUm von diesem Recht Gebrauch zu machen, senden Sie uns bitte eine E-Mail an <a href=\"mailto:dpo@criteo.com\">dpo@criteo.com<\/a>.<\/p>\n<p>&nbsp;<\/p>\n<h4>Recht auf Einschr\u00e4nkung der Verarbeitung<\/h4>\n<p>Unter bestimmten Umst\u00e4nden k\u00f6nnen Sie Ihr Recht auf Einschr\u00e4nkung der Verarbeitung geltend machen (Artikel 18 der DSGVO).<br \/>\nUm von diesem Recht Gebrauch zu machen, senden Sie uns bitte eine E-Mail an <a href=\"mailto:dpo@criteo.com\">dpo@criteo.com<\/a>.<\/p>\n<p>&nbsp;<\/p>\n<h4>Recht auf Beschwerde bei einer Aufsichtsbeh\u00f6rde<\/h4>\n<p>Sie m\u00fcssen dieses Recht direkt bei der f\u00fcr Sie zust\u00e4ndigen Aufsichtsbeh\u00f6rde wahrnehmen. In Deutschland sind dies beispielsweise die Datenschutzaufsichtsbeh\u00f6rden des Bundes und der L\u00e4nder. <a href=\"https:\/\/www.bfdi.bund.de\/DE\/Home\/home_node.html\" target=\"_blank\" rel=\"noopener noreferrer\">Die Website des Bundesbeauftragten f\u00fcr Datenschutz und Informationsfreiheit finden Sie hier<\/a>.<br \/>\nDie f\u00fcr Sie zust\u00e4ndige Aufsichtsbeh\u00f6rde ist f\u00fcr die weitere Bearbeitung dieser Angelegenheit zust\u00e4ndig.<\/p>\n","protected":false},"excerpt":{"rendered":"<p>Die DSGVO gew\u00e4hrt Ihnen verschiedene Rechte bez\u00fcglich Ihrer personenbezogenen Daten. Geben Sie in Ihrer Anfrage also nach M\u00f6glichkeit an, welche dieser Rechte sie aus\u00fcben m\u00f6chten. Dies erm\u00f6glicht es uns, so pr\u00e4zise wie m\u00f6glich auf Ihre Anfrage zu antworten. Widerruf Ihrer Einwilligung zu den Services von Criteo Der Widerruf Ihrer Einwilligung zu den Diensten von Criteo [&hellip;]<\/p>\n","protected":false},"author":9,"featured_media":0,"parent":11536,"menu_order":0,"comment_status":"closed","ping_status":"closed","template":"page-templates\/basic.php","meta":{"_acf_changed":false,"footnotes":""},"coauthors":[],"class_list":["post-11679","page","type-page","status-publish"],"acf":{"layout_mode":"privacy-2019","has_more_content":false,"storetail_optout":false,"stae_popup_enable":false,"track_page_in_segment":false,"segment_page_name":"","additional_code":"","toc_order":"5","bevel":"peach-grapes","bevel_reversed":false,"side_text":""},"yoast_head":"<!-- This site is optimized with the Yoast SEO plugin v26.4 - https:\/\/yoast.com\/wordpress\/plugins\/seo\/ -->\n<title>Ihre Rechte | DE - Criteo.com<\/title>\n<meta name=\"description\" content=\"Widerruf Ihrer Einwilligung zu den Diensten von Criteo\" \/>\n<meta name=\"robots\" content=\"index, follow, max-snippet:-1, max-image-preview:large, max-video-preview:-1\" \/>\n<link rel=\"canonical\" href=\"https:\/\/www.criteo.com\/de\/privacy\/your-rights\/\" \/>\n<meta property=\"og:locale\" content=\"de_DE\" \/>\n<meta property=\"og:type\" content=\"article\" \/>\n<meta property=\"og:title\" content=\"Ihre Rechte | DE - Criteo.com\" \/>\n<meta property=\"og:description\" content=\"Widerruf Ihrer Einwilligung zu den Diensten von Criteo\" \/>\n<meta property=\"og:url\" content=\"https:\/\/www.criteo.com\/de\/privacy\/your-rights\/\" \/>\n<meta property=\"og:site_name\" content=\"DE - Criteo.com\" \/>\n<meta property=\"article:modified_time\" content=\"2022-11-17T18:59:07+00:00\" \/>\n<meta name=\"twitter:card\" content=\"summary_large_image\" \/>\n<meta name=\"twitter:label1\" content=\"Est. reading time\" \/>\n\t<meta name=\"twitter:data1\" content=\"2 minutes\" \/>\n<script type=\"application\/ld+json\" class=\"yoast-schema-graph\">{\n\t    \"@context\": \"https:\/\/schema.org\",\n\t    \"@graph\": [\n\t        {\n\t            \"@type\": \"WebPage\",\n\t            \"@id\": \"https:\/\/www.criteo.com\/de\/privacy\/your-rights\/\",\n\t            \"url\": \"https:\/\/www.criteo.com\/de\/privacy\/your-rights\/\",\n\t            \"name\": \"Ihre Rechte | DE - Criteo.com\",\n\t            \"isPartOf\": {\n\t                \"@id\": \"https:\/\/www.criteo.com\/de\/#website\"\n\t            },\n\t            \"datePublished\": \"2019-10-23T14:56:08+00:00\",\n\t            \"dateModified\": \"2022-11-17T18:59:07+00:00\",\n\t            \"description\": \"Widerruf Ihrer Einwilligung zu den Diensten von Criteo\",\n\t            \"breadcrumb\": {\n\t                \"@id\": \"https:\/\/www.criteo.com\/de\/privacy\/your-rights\/#breadcrumb\"\n\t            },\n\t            \"inLanguage\": \"de-DE\",\n\t            \"potentialAction\": [\n\t                {\n\t                    \"@type\": \"ReadAction\",\n\t                    \"target\": [\n\t                        \"https:\/\/www.criteo.com\/de\/privacy\/your-rights\/\"\n\t                    ]\n\t                }\n\t            ]\n\t        },\n\t        {\n\t            \"@type\": \"BreadcrumbList\",\n\t            \"@id\": \"https:\/\/www.criteo.com\/de\/privacy\/your-rights\/#breadcrumb\",\n\t            \"itemListElement\": [\n\t                {\n\t                    \"@type\": \"ListItem\",\n\t                    \"position\": 1,\n\t                    \"name\": \"Home\",\n\t                    \"item\": \"https:\/\/www.criteo.com\/de\/\"\n\t                },\n\t                {\n\t                    \"@type\": \"ListItem\",\n\t                    \"position\": 2,\n\t                    \"name\": \"Datenschutzrichtlinie\",\n\t                    \"item\": \"https:\/\/www.criteo.com\/de\/privacy\/\"\n\t                },\n\t                {\n\t                    \"@type\": \"ListItem\",\n\t                    \"position\": 3,\n\t                    \"name\": \"Ihre Rechte\"\n\t                }\n\t            ]\n\t        },\n\t        {\n\t            \"@type\": \"WebSite\",\n\t            \"@id\": \"https:\/\/www.criteo.com\/de\/#website\",\n\t            \"url\": \"https:\/\/www.criteo.com\/de\/\",\n\t            \"name\": \"DE - Criteo.com\",\n\t            \"description\": \"\",\n\t            \"publisher\": {\n\t                \"@id\": \"https:\/\/www.criteo.com\/de\/#organization\"\n\t            },\n\t            \"potentialAction\": [\n\t                {\n\t                    \"@type\": \"SearchAction\",\n\t                    \"target\": {\n\t                        \"@type\": \"EntryPoint\",\n\t                        \"urlTemplate\": \"https:\/\/www.criteo.com\/de\/?s={search_term_string}\"\n\t                    },\n\t                    \"query-input\": {\n\t                        \"@type\": \"PropertyValueSpecification\",\n\t                        \"valueRequired\": true,\n\t                        \"valueName\": \"search_term_string\"\n\t                    }\n\t                }\n\t            ],\n\t            \"inLanguage\": \"de-DE\"\n\t        },\n\t        {\n\t            \"@type\": \"Organization\",\n\t            \"@id\": \"https:\/\/www.criteo.com\/de\/#organization\",\n\t            \"name\": \"Criteo\",\n\t            \"alternateName\": \"Criteo corp\",\n\t            \"url\": \"https:\/\/www.criteo.com\/de\/\",\n\t            \"logo\": {\n\t                \"@type\": \"ImageObject\",\n\t                \"inLanguage\": \"de-DE\",\n\t                \"@id\": \"https:\/\/www.criteo.com\/de\/#\/schema\/logo\/image\/\",\n\t                \"url\": \"https:\/\/www.criteo.com\/de\/wp-content\/uploads\/sites\/3\/2024\/02\/Criteo-Logo.svg\",\n\t                \"contentUrl\": \"https:\/\/www.criteo.com\/de\/wp-content\/uploads\/sites\/3\/2024\/02\/Criteo-Logo.svg\",\n\t                \"width\": 118,\n\t                \"height\": 24,\n\t                \"caption\": \"Criteo\"\n\t            },\n\t            \"image\": {\n\t                \"@id\": \"https:\/\/www.criteo.com\/de\/#\/schema\/logo\/image\/\"\n\t            }\n\t        }\n\t    ]\n\t}<\/script>\n<!-- \/ Yoast SEO plugin. -->","yoast_head_json":{"title":"Ihre Rechte | DE - Criteo.com","description":"Widerruf Ihrer Einwilligung zu den Diensten von Criteo","robots":{"index":"index","follow":"follow","max-snippet":"max-snippet:-1","max-image-preview":"max-image-preview:large","max-video-preview":"max-video-preview:-1"},"canonical":"https:\/\/www.criteo.com\/de\/privacy\/your-rights\/","og_locale":"de_DE","og_type":"article","og_title":"Ihre Rechte | DE - Criteo.com","og_description":"Widerruf Ihrer Einwilligung zu den Diensten von Criteo","og_url":"https:\/\/www.criteo.com\/de\/privacy\/your-rights\/","og_site_name":"DE - Criteo.com","article_modified_time":"2022-11-17T18:59:07+00:00","twitter_card":"summary_large_image","twitter_misc":{"Est. reading time":"2 minutes"},"schema":{"@context":"https:\/\/schema.org","@graph":[{"@type":"WebPage","@id":"https:\/\/www.criteo.com\/de\/privacy\/your-rights\/","url":"https:\/\/www.criteo.com\/de\/privacy\/your-rights\/","name":"Ihre Rechte | DE - Criteo.com","isPartOf":{"@id":"https:\/\/www.criteo.com\/de\/#website"},"datePublished":"2019-10-23T14:56:08+00:00","dateModified":"2022-11-17T18:59:07+00:00","description":"Widerruf Ihrer Einwilligung zu den Diensten von Criteo","breadcrumb":{"@id":"https:\/\/www.criteo.com\/de\/privacy\/your-rights\/#breadcrumb"},"inLanguage":"de-DE","potentialAction":[{"@type":"ReadAction","target":["https:\/\/www.criteo.com\/de\/privacy\/your-rights\/"]}]},{"@type":"BreadcrumbList","@id":"https:\/\/www.criteo.com\/de\/privacy\/your-rights\/#breadcrumb","itemListElement":[{"@type":"ListItem","position":1,"name":"Home","item":"https:\/\/www.criteo.com\/de\/"},{"@type":"ListItem","position":2,"name":"Datenschutzrichtlinie","item":"https:\/\/www.criteo.com\/de\/privacy\/"},{"@type":"ListItem","position":3,"name":"Ihre Rechte"}]},{"@type":"WebSite","@id":"https:\/\/www.criteo.com\/de\/#website","url":"https:\/\/www.criteo.com\/de\/","name":"DE - Criteo.com","description":"","publisher":{"@id":"https:\/\/www.criteo.com\/de\/#organization"},"potentialAction":[{"@type":"SearchAction","target":{"@type":"EntryPoint","urlTemplate":"https:\/\/www.criteo.com\/de\/?s={search_term_string}"},"query-input":{"@type":"PropertyValueSpecification","valueRequired":true,"valueName":"search_term_string"}}],"inLanguage":"de-DE"},{"@type":"Organization","@id":"https:\/\/www.criteo.com\/de\/#organization","name":"Criteo","alternateName":"Criteo corp","url":"https:\/\/www.criteo.com\/de\/","logo":{"@type":"ImageObject","inLanguage":"de-DE","@id":"https:\/\/www.criteo.com\/de\/#\/schema\/logo\/image\/","url":"https:\/\/www.criteo.com\/de\/wp-content\/uploads\/sites\/3\/2024\/02\/Criteo-Logo.svg","contentUrl":"https:\/\/www.criteo.com\/de\/wp-content\/uploads\/sites\/3\/2024\/02\/Criteo-Logo.svg","width":118,"height":24,"caption":"Criteo"},"image":{"@id":"https:\/\/www.criteo.com\/de\/#\/schema\/logo\/image\/"}}]}},"_links":{"self":[{"href":"https:\/\/www.criteo.com\/de\/wp-json\/wp\/v2\/pages\/11679","targetHints":{"allow":["GET"]}}],"collection":[{"href":"https:\/\/www.criteo.com\/de\/wp-json\/wp\/v2\/pages"}],"about":[{"href":"https:\/\/www.criteo.com\/de\/wp-json\/wp\/v2\/types\/page"}],"author":[{"embeddable":true,"href":"https:\/\/www.criteo.com\/de\/wp-json\/wp\/v2\/users\/9"}],"replies":[{"embeddable":true,"href":"https:\/\/www.criteo.com\/de\/wp-json\/wp\/v2\/comments?post=11679"}],"version-history":[{"count":8,"href":"https:\/\/www.criteo.com\/de\/wp-json\/wp\/v2\/pages\/11679\/revisions"}],"predecessor-version":[{"id":19763,"href":"https:\/\/www.criteo.com\/de\/wp-json\/wp\/v2\/pages\/11679\/revisions\/19763"}],"up":[{"embeddable":true,"href":"https:\/\/www.criteo.com\/de\/wp-json\/wp\/v2\/pages\/11536"}],"wp:attachment":[{"href":"https:\/\/www.criteo.com\/de\/wp-json\/wp\/v2\/media?parent=11679"}],"wp:term":[{"taxonomy":"author","embeddable":true,"href":"https:\/\/www.criteo.com\/de\/wp-json\/wp\/v2\/coauthors?post=11679"}],"curies":[{"name":"wp","href":"https:\/\/api.w.org\/{rel}","templated":true}]}}