{"id":14046,"date":"2020-06-24T18:36:15","date_gmt":"2020-06-24T18:36:15","guid":{"rendered":"http:\/\/www.criteo.com\/de\/?page_id=14046"},"modified":"2025-12-22T18:19:00","modified_gmt":"2025-12-22T18:19:00","slug":"ccpa-privacy-policy","status":"publish","type":"page","link":"https:\/\/www.criteo.com\/de\/privacy\/ccpa-privacy-policy\/","title":{"rendered":"CCPA Datenschutzrichtlinie"},"content":{"rendered":"<p>Bitte beachten Sie, dass der Inhalt dieser Datenschutzrichtlinie, deren ausschlie\u00dflicher Zweck es ist, den Einwohnern Kaliforniens relevante Informationen gem\u00e4\u00df dem California Consumer Protection Act (CCPA) zur Verf\u00fcgung zu stellen, zus\u00e4tzlich und nicht als Ersatz der <a href=\"https:\/\/www.criteo.com\/de\/privacy\/\"><span style=\"color: blue;\">vollst\u00e4ndigen\u00a0Datenschutzrichtlinie von Criteo<\/span><\/a>\u00a0verstanden werden muss.<\/p>\n<p>Wenn Sie in Kalifornien ans\u00e4ssig sind, gew\u00e4hrt Ihnen das CCPA mehrere Rechte. Um diese Rechte auszu\u00fcben, ben\u00f6tigen Sie eine entsprechende Vollmacht.<\/p>\n<p>&nbsp;<\/p>\n<h4>Recht auf Information<\/h4>\n<p>Sie haben das Recht, von uns zu verlangen, dass wir offenlegen, welche personenbezogenen Daten wir sammeln, verwenden, weitergeben, verkaufen oder anderweitig zug\u00e4nglich machen.<\/p>\n<p>Um eine Kopie der pers\u00f6nlichen Daten zu erhalten, die wir m\u00f6glicherweise derzeit \u00fcber Sie gespeichert haben, senden Sie uns bitte eine E-Mail an\u00a0<a href=\"mailto:dpo@criteo.com\"><span style=\"color: blue;\">dpo@criteo.com<\/span><\/a>.<\/p>\n<p>&nbsp;<\/p>\n<h4>Recht auf L\u00f6schung<\/h4>\n<p>Sie haben das Recht zu verlangen, dass Criteo die personenbezogenen Daten, die wir aktuell \u00fcber Sie speichern, l\u00f6scht.<\/p>\n<p>Um dieses Recht auszu\u00fcben, folgen Sie den entsprechenden Anweisungen, indem Sie unten auf die Schaltfl\u00e4che \u201eCriteo-Services deaktivieren\u201c klicken.<\/p>\n<p>&nbsp;<\/p>\n<h4>Recht auf Korrektur<\/h4>\n<p>Sie haben das Recht zu verlangen, dass Criteo inkorrekte personenbezogene Daten korrigiert.<\/p>\n<p>Um von diesem Recht Gebrauch zu machen, senden Sie uns bitte eine E-Mail an <a href=\"mailto:dpo@criteo.com\"><span style=\"color: blue;\">dpo@criteo.com<\/span><\/a>.<\/p>\n<p>&nbsp;<\/p>\n<h4>Recht auf Widerspruch gegen den \u201eVerkauf\u201c oder die \u201eWeitergabe\u201c personenbezogener Daten<\/h4>\n<p>Wenn Sie in Kalifornien ans\u00e4ssig sind, k\u00f6nnen Sie aufgrund des CCPA einfordern, dass Criteo Ihre personenbezogenen Daten nicht mehr \u201everkauft\u201c oder \u201eweitergibt\u201c.<\/p>\n<p>Um sich vom \u201eVerkauf\u201c oder von der \u201eWeitergabe\u201c abzumelden und generell alle Criteo-Services zu deaktivieren, klicken Sie einfach auf die Schaltfl\u00e4che unten. Dort finden Sie die entsprechenden Anweisungen.<\/p>\n<div class=\"\"><a id=\"\" href=\"https:\/\/www.criteo.com\/de\/privacy\/disable-criteo-services-on-internet-browsers\/\">\n<button class=\"button button__orange-bg shortcode-btn\">\n<span>Criteo-Services deaktivieren<\/span>\n<\/button>\n<\/a><\/div>\n<p>&nbsp;<\/p>\n<p>&nbsp;<\/p>\n<h4>Recht auf Nicht-Diskriminierung bei Aus\u00fcbung der Pers\u00f6nlichkeitsrechte eines Konsumenten<\/h4>\n<p>Sie haben das Recht, bei der Aus\u00fcbung der vom CCPA gew\u00e4hrten Datenschutzrechte keiner diskriminierenden Behandlung ausgesetzt zu werden.<\/p>\n<p><strong>Personenbezogene Informationen, die wir \u00fcber Sie sammeln und Zwecke, f\u00fcr die wir sie sammeln<\/strong><\/p>\n<p>Criteo erfasst die folgenden Kategorien personenbezogener Daten zum Zweck der Ausspielung personalisierter Werbung:<\/p>\n<ul>\n<li>Identifikatoren (z.B. Cookie-IDs, Mobile Werbe-IDs, gehashte E-Mail-Adressen, IP-Adressen, User Agent usw.)<\/li>\n<li>Informationen zu Internet- oder anderen elektronischen Netzwerkaktivit\u00e4ten:\n<ul>\n<li>Browserverlauf (z.B. URL der besuchten Websites, Name der ge\u00f6ffneten Apps)<\/li>\n<li>Interaktionen mit einer Internet-Website, einer mobilen App oder mit Werbung (z.B. gesehene und angeklickte Ads usw.)<\/li>\n<\/ul>\n<\/li>\n<li>Handelsinformationen, einschlie\u00dflich Aufzeichnungen zu gekauften, erhaltenen oder in Betracht gezogenen Produkten bzw. Dienstleistungen (z.B. angesehene, in den Warenkorb gelegte und\/oder gekaufte Produkte)<\/li>\n<\/ul>\n<p>In den vorangegangenen zw\u00f6lf (12) Monaten haben wir die oben genannten Kategorien personenbezogener Daten f\u00fcr den kommerziellen Zweck der Bereitstellung kontext\u00fcbergreifender verhaltensbezogener Werbung an die Kategorien von externen Partnern weitergegeben und\/oder verkauft, die unter \u201eDie Kategorien der Empf\u00e4nger Ihrer Daten\u201c im Abschnitt <a href=\"https:\/\/www.criteo.com\/de\/privacy\/how-we-use-your-data\/\">\u201eWie wir Ihre Daten verwenden\u201c<\/a> beschrieben sind.<\/p>\n<p>Wir sammeln Daten in erster Linie f\u00fcr Marketing, Werbung (z.B. kontext\u00fcbergreifende verhaltensbezogene Werbung) und Analytics-Services. Au\u00dferdem verwenden wir gesammelte Daten f\u00fcr:<\/p>\n<ul>\n<li>Pr\u00fcfung: Z\u00e4hlen von Ad Impressions und \u00dcberpr\u00fcfen der Qualit\u00e4t mit eindeutigen IDs.<\/li>\n<li>Debugging: Behebung von Fehlern, um Dienstleistungen funktionsf\u00e4hig zu halten.<\/li>\n<li>Sicherheit: Erkennung von und Schutz vor Bedrohungen.<\/li>\n<li>Forschung &amp; Entwicklung: Forschen f\u00fcr die technische Entwicklung und die Performance von Dienstleistungen.<\/li>\n<li>Qualit\u00e4t &amp; Sicherheit: Verbesserung der Qualit\u00e4t und Sicherheit unserer Dienstleistungen.<\/li>\n<\/ul>\n<p>Wir geben personenbezogene Daten zu den oben genannten Gesch\u00e4ftszwecken weiter. Die Kategorien personenbezogener Daten werden an die Kategorien von Dritten weitergegeben, die unter \u201eDie Kategorien von Empf\u00e4ngern Ihrer Daten\u201c im Abschnitt <a href=\"https:\/\/www.criteo.com\/de\/privacy\/how-we-use-your-data\/\">\u201eWie wir Ihre Daten verwenden\u201c<\/a> beschrieben sind.<\/p>\n<p>Weitere Informationen \u00fcber die Kategorien der von uns erfassten personenbezogenen Daten, die Kategorien der Quellen, aus denen die personenbezogenen Daten stammen, und die Kategorien der Dritten, an die wir personenbezogene Daten weitergeben k\u00f6nnen, finden Sie unter\u00a0<a href=\"https:\/\/www.criteo.com\/de\/privacy\/how-we-use-your-data\/\">\u201eWie wir Ihre Daten verwenden\u201c<\/a>. Die Tabelle gibt Aufschluss \u00fcber unsere derzeitigen Praktiken und die der letzten 12 Monate.<\/p>\n<p>In \u00dcbereinstimmung mit unseren\u00a0<a href=\"https:\/\/www.criteo.com\/de\/advertising-guidelines\/\">Werberichtlinien<\/a>\u00a0sowie unseren\u00a0<a href=\"https:\/\/www.criteo.com\/de\/supply-partner-guidelines\/\">Richtlinien f\u00fcr Publisher und Partner<\/a> erfassen wir wissentlich keine personenbezogenen Daten von Minderj\u00e4hrigen unter 16 Jahren.<\/p>\n<p><strong>Kontaktdaten<\/strong><\/p>\n<p>Sie k\u00f6nnen sich an unseren Datenschutzbeauftragten wenden:<\/p>\n<ul>\n<li>Entweder via E-Mail an <a href=\"mailto:mailto:dpo@criteo.com\">dpo@criteo.com<\/a>, oder<\/li>\n<li>per Post: DPO-CRITEO \u2013 32 Rue Blanche \u2013 75009 Paris \u2013 Frankreich<\/li>\n<\/ul>\n<p>&nbsp;<\/p>\n<p>Zuletzt aktualisiert: 18\/03\/25<\/p>\n","protected":false},"excerpt":{"rendered":"<p>Bitte beachten Sie, dass der Inhalt dieser Datenschutzrichtlinie, deren ausschlie\u00dflicher Zweck es ist, den Einwohnern Kaliforniens relevante Informationen gem\u00e4\u00df dem California Consumer Protection Act (CCPA) zur Verf\u00fcgung zu stellen, zus\u00e4tzlich und nicht als Ersatz der vollst\u00e4ndigen\u00a0Datenschutzrichtlinie von Criteo\u00a0verstanden werden muss. Wenn Sie in Kalifornien ans\u00e4ssig sind, gew\u00e4hrt Ihnen das CCPA mehrere Rechte. Um diese Rechte [&hellip;]<\/p>\n","protected":false},"author":9,"featured_media":0,"parent":11536,"menu_order":0,"comment_status":"closed","ping_status":"closed","template":"page-templates\/basic.php","meta":{"_acf_changed":false,"footnotes":""},"coauthors":[619],"class_list":["post-14046","page","type-page","status-publish"],"acf":{"layout_mode":"privacy-2019","has_more_content":false,"storetail_optout":false,"stae_popup_enable":false,"track_page_in_segment":false,"segment_page_name":"","additional_code":"","toc_order":"8","bevel":"peach-grapes","bevel_reversed":false,"side_text":""},"yoast_head":"<!-- This site is optimized with the Yoast SEO plugin v26.4 - https:\/\/yoast.com\/wordpress\/plugins\/seo\/ -->\n<title>CCPA Datenschutzrichtlinie | DE - Criteo.com<\/title>\n<meta name=\"description\" content=\"Bitte beachten Sie, dass der Inhalt dieser Datenschutzrichtlinie, deren ausschlie\u00dflicher Zweck es ist, den Einwohnern Kaliforniens relevante Informationen gem\u00e4\u00df dem California Consumer Protection Act (CCPA) zur Verf\u00fcgung zu stellen, zus\u00e4tzlich und nicht als Ersatz der vollst\u00e4ndigen Datenschutzrichtlinie von Criteo verstanden werden muss.\" \/>\n<meta name=\"robots\" content=\"index, follow, max-snippet:-1, max-image-preview:large, max-video-preview:-1\" \/>\n<link rel=\"canonical\" href=\"https:\/\/www.criteo.com\/de\/privacy\/ccpa-privacy-policy\/\" \/>\n<meta property=\"og:locale\" content=\"de_DE\" \/>\n<meta property=\"og:type\" content=\"article\" \/>\n<meta property=\"og:title\" content=\"CCPA Datenschutzrichtlinie | DE - Criteo.com\" \/>\n<meta property=\"og:description\" content=\"Bitte beachten Sie, dass der Inhalt dieser Datenschutzrichtlinie, deren ausschlie\u00dflicher Zweck es ist, den Einwohnern Kaliforniens relevante Informationen gem\u00e4\u00df dem California Consumer Protection Act (CCPA) zur Verf\u00fcgung zu stellen, zus\u00e4tzlich und nicht als Ersatz der vollst\u00e4ndigen Datenschutzrichtlinie von Criteo verstanden werden muss.\" \/>\n<meta property=\"og:url\" content=\"https:\/\/www.criteo.com\/de\/privacy\/ccpa-privacy-policy\/\" \/>\n<meta property=\"og:site_name\" content=\"DE - Criteo.com\" \/>\n<meta property=\"article:modified_time\" content=\"2025-12-22T18:19:00+00:00\" \/>\n<meta name=\"twitter:card\" content=\"summary_large_image\" \/>\n<meta name=\"twitter:label1\" content=\"Est. reading time\" \/>\n\t<meta name=\"twitter:data1\" content=\"4 minutes\" \/>\n<script type=\"application\/ld+json\" class=\"yoast-schema-graph\">{\n\t    \"@context\": \"https:\/\/schema.org\",\n\t    \"@graph\": [\n\t        {\n\t            \"@type\": \"WebPage\",\n\t            \"@id\": \"https:\/\/www.criteo.com\/de\/privacy\/ccpa-privacy-policy\/\",\n\t            \"url\": \"https:\/\/www.criteo.com\/de\/privacy\/ccpa-privacy-policy\/\",\n\t            \"name\": \"CCPA Datenschutzrichtlinie | DE - Criteo.com\",\n\t            \"isPartOf\": {\n\t                \"@id\": \"https:\/\/www.criteo.com\/de\/#website\"\n\t            },\n\t            \"datePublished\": \"2020-06-24T18:36:15+00:00\",\n\t            \"dateModified\": \"2025-12-22T18:19:00+00:00\",\n\t            \"description\": \"Bitte beachten Sie, dass der Inhalt dieser Datenschutzrichtlinie, deren ausschlie\u00dflicher Zweck es ist, den Einwohnern Kaliforniens relevante Informationen gem\u00e4\u00df dem California Consumer Protection Act (CCPA) zur Verf\u00fcgung zu stellen, zus\u00e4tzlich und nicht als Ersatz der vollst\u00e4ndigen Datenschutzrichtlinie von Criteo verstanden werden muss.\",\n\t            \"breadcrumb\": {\n\t                \"@id\": \"https:\/\/www.criteo.com\/de\/privacy\/ccpa-privacy-policy\/#breadcrumb\"\n\t            },\n\t            \"inLanguage\": \"de-DE\",\n\t            \"potentialAction\": [\n\t                {\n\t                    \"@type\": \"ReadAction\",\n\t                    \"target\": [\n\t                        \"https:\/\/www.criteo.com\/de\/privacy\/ccpa-privacy-policy\/\"\n\t                    ]\n\t                }\n\t            ]\n\t        },\n\t        {\n\t            \"@type\": \"BreadcrumbList\",\n\t            \"@id\": \"https:\/\/www.criteo.com\/de\/privacy\/ccpa-privacy-policy\/#breadcrumb\",\n\t            \"itemListElement\": [\n\t                {\n\t                    \"@type\": \"ListItem\",\n\t                    \"position\": 1,\n\t                    \"name\": \"Home\",\n\t                    \"item\": \"https:\/\/www.criteo.com\/de\/\"\n\t                },\n\t                {\n\t                    \"@type\": \"ListItem\",\n\t                    \"position\": 2,\n\t                    \"name\": \"Datenschutzrichtlinie\",\n\t                    \"item\": \"https:\/\/www.criteo.com\/de\/privacy\/\"\n\t                },\n\t                {\n\t                    \"@type\": \"ListItem\",\n\t                    \"position\": 3,\n\t                    \"name\": \"CCPA Datenschutzrichtlinie\"\n\t                }\n\t            ]\n\t        },\n\t        {\n\t            \"@type\": \"WebSite\",\n\t            \"@id\": \"https:\/\/www.criteo.com\/de\/#website\",\n\t            \"url\": \"https:\/\/www.criteo.com\/de\/\",\n\t            \"name\": \"DE - Criteo.com\",\n\t            \"description\": \"\",\n\t            \"publisher\": {\n\t                \"@id\": \"https:\/\/www.criteo.com\/de\/#organization\"\n\t            },\n\t            \"potentialAction\": [\n\t                {\n\t                    \"@type\": \"SearchAction\",\n\t                    \"target\": {\n\t                        \"@type\": \"EntryPoint\",\n\t                        \"urlTemplate\": \"https:\/\/www.criteo.com\/de\/?s={search_term_string}\"\n\t                    },\n\t                    \"query-input\": {\n\t                        \"@type\": \"PropertyValueSpecification\",\n\t                        \"valueRequired\": true,\n\t                        \"valueName\": \"search_term_string\"\n\t                    }\n\t                }\n\t            ],\n\t            \"inLanguage\": \"de-DE\"\n\t        },\n\t        {\n\t            \"@type\": \"Organization\",\n\t            \"@id\": \"https:\/\/www.criteo.com\/de\/#organization\",\n\t            \"name\": \"Criteo\",\n\t            \"alternateName\": \"Criteo corp\",\n\t            \"url\": \"https:\/\/www.criteo.com\/de\/\",\n\t            \"logo\": {\n\t                \"@type\": \"ImageObject\",\n\t                \"inLanguage\": \"de-DE\",\n\t                \"@id\": \"https:\/\/www.criteo.com\/de\/#\/schema\/logo\/image\/\",\n\t                \"url\": \"https:\/\/www.criteo.com\/de\/wp-content\/uploads\/sites\/3\/2024\/02\/Criteo-Logo.svg\",\n\t                \"contentUrl\": \"https:\/\/www.criteo.com\/de\/wp-content\/uploads\/sites\/3\/2024\/02\/Criteo-Logo.svg\",\n\t                \"width\": 118,\n\t                \"height\": 24,\n\t                \"caption\": \"Criteo\"\n\t            },\n\t            \"image\": {\n\t                \"@id\": \"https:\/\/www.criteo.com\/de\/#\/schema\/logo\/image\/\"\n\t            }\n\t        }\n\t    ]\n\t}<\/script>\n<!-- \/ Yoast SEO plugin. -->","yoast_head_json":{"title":"CCPA Datenschutzrichtlinie | DE - Criteo.com","description":"Bitte beachten Sie, dass der Inhalt dieser Datenschutzrichtlinie, deren ausschlie\u00dflicher Zweck es ist, den Einwohnern Kaliforniens relevante Informationen gem\u00e4\u00df dem California Consumer Protection Act (CCPA) zur Verf\u00fcgung zu stellen, zus\u00e4tzlich und nicht als Ersatz der vollst\u00e4ndigen Datenschutzrichtlinie von Criteo verstanden werden muss.","robots":{"index":"index","follow":"follow","max-snippet":"max-snippet:-1","max-image-preview":"max-image-preview:large","max-video-preview":"max-video-preview:-1"},"canonical":"https:\/\/www.criteo.com\/de\/privacy\/ccpa-privacy-policy\/","og_locale":"de_DE","og_type":"article","og_title":"CCPA Datenschutzrichtlinie | DE - Criteo.com","og_description":"Bitte beachten Sie, dass der Inhalt dieser Datenschutzrichtlinie, deren ausschlie\u00dflicher Zweck es ist, den Einwohnern Kaliforniens relevante Informationen gem\u00e4\u00df dem California Consumer Protection Act (CCPA) zur Verf\u00fcgung zu stellen, zus\u00e4tzlich und nicht als Ersatz der vollst\u00e4ndigen Datenschutzrichtlinie von Criteo verstanden werden muss.","og_url":"https:\/\/www.criteo.com\/de\/privacy\/ccpa-privacy-policy\/","og_site_name":"DE - Criteo.com","article_modified_time":"2025-12-22T18:19:00+00:00","twitter_card":"summary_large_image","twitter_misc":{"Est. reading time":"4 minutes"},"schema":{"@context":"https:\/\/schema.org","@graph":[{"@type":"WebPage","@id":"https:\/\/www.criteo.com\/de\/privacy\/ccpa-privacy-policy\/","url":"https:\/\/www.criteo.com\/de\/privacy\/ccpa-privacy-policy\/","name":"CCPA Datenschutzrichtlinie | DE - Criteo.com","isPartOf":{"@id":"https:\/\/www.criteo.com\/de\/#website"},"datePublished":"2020-06-24T18:36:15+00:00","dateModified":"2025-12-22T18:19:00+00:00","description":"Bitte beachten Sie, dass der Inhalt dieser Datenschutzrichtlinie, deren ausschlie\u00dflicher Zweck es ist, den Einwohnern Kaliforniens relevante Informationen gem\u00e4\u00df dem California Consumer Protection Act (CCPA) zur Verf\u00fcgung zu stellen, zus\u00e4tzlich und nicht als Ersatz der vollst\u00e4ndigen Datenschutzrichtlinie von Criteo verstanden werden muss.","breadcrumb":{"@id":"https:\/\/www.criteo.com\/de\/privacy\/ccpa-privacy-policy\/#breadcrumb"},"inLanguage":"de-DE","potentialAction":[{"@type":"ReadAction","target":["https:\/\/www.criteo.com\/de\/privacy\/ccpa-privacy-policy\/"]}]},{"@type":"BreadcrumbList","@id":"https:\/\/www.criteo.com\/de\/privacy\/ccpa-privacy-policy\/#breadcrumb","itemListElement":[{"@type":"ListItem","position":1,"name":"Home","item":"https:\/\/www.criteo.com\/de\/"},{"@type":"ListItem","position":2,"name":"Datenschutzrichtlinie","item":"https:\/\/www.criteo.com\/de\/privacy\/"},{"@type":"ListItem","position":3,"name":"CCPA Datenschutzrichtlinie"}]},{"@type":"WebSite","@id":"https:\/\/www.criteo.com\/de\/#website","url":"https:\/\/www.criteo.com\/de\/","name":"DE - Criteo.com","description":"","publisher":{"@id":"https:\/\/www.criteo.com\/de\/#organization"},"potentialAction":[{"@type":"SearchAction","target":{"@type":"EntryPoint","urlTemplate":"https:\/\/www.criteo.com\/de\/?s={search_term_string}"},"query-input":{"@type":"PropertyValueSpecification","valueRequired":true,"valueName":"search_term_string"}}],"inLanguage":"de-DE"},{"@type":"Organization","@id":"https:\/\/www.criteo.com\/de\/#organization","name":"Criteo","alternateName":"Criteo corp","url":"https:\/\/www.criteo.com\/de\/","logo":{"@type":"ImageObject","inLanguage":"de-DE","@id":"https:\/\/www.criteo.com\/de\/#\/schema\/logo\/image\/","url":"https:\/\/www.criteo.com\/de\/wp-content\/uploads\/sites\/3\/2024\/02\/Criteo-Logo.svg","contentUrl":"https:\/\/www.criteo.com\/de\/wp-content\/uploads\/sites\/3\/2024\/02\/Criteo-Logo.svg","width":118,"height":24,"caption":"Criteo"},"image":{"@id":"https:\/\/www.criteo.com\/de\/#\/schema\/logo\/image\/"}}]}},"_links":{"self":[{"href":"https:\/\/www.criteo.com\/de\/wp-json\/wp\/v2\/pages\/14046","targetHints":{"allow":["GET"]}}],"collection":[{"href":"https:\/\/www.criteo.com\/de\/wp-json\/wp\/v2\/pages"}],"about":[{"href":"https:\/\/www.criteo.com\/de\/wp-json\/wp\/v2\/types\/page"}],"author":[{"embeddable":true,"href":"https:\/\/www.criteo.com\/de\/wp-json\/wp\/v2\/users\/9"}],"replies":[{"embeddable":true,"href":"https:\/\/www.criteo.com\/de\/wp-json\/wp\/v2\/comments?post=14046"}],"version-history":[{"count":3,"href":"https:\/\/www.criteo.com\/de\/wp-json\/wp\/v2\/pages\/14046\/revisions"}],"predecessor-version":[{"id":22621,"href":"https:\/\/www.criteo.com\/de\/wp-json\/wp\/v2\/pages\/14046\/revisions\/22621"}],"up":[{"embeddable":true,"href":"https:\/\/www.criteo.com\/de\/wp-json\/wp\/v2\/pages\/11536"}],"wp:attachment":[{"href":"https:\/\/www.criteo.com\/de\/wp-json\/wp\/v2\/media?parent=14046"}],"wp:term":[{"taxonomy":"author","embeddable":true,"href":"https:\/\/www.criteo.com\/de\/wp-json\/wp\/v2\/coauthors?post=14046"}],"curies":[{"name":"wp","href":"https:\/\/api.w.org\/{rel}","templated":true}]}}