{"id":19609,"date":"2022-10-06T15:53:01","date_gmt":"2022-10-06T15:53:01","guid":{"rendered":"https:\/\/www.criteo.com\/de\/?page_id=19609"},"modified":"2022-10-25T13:58:45","modified_gmt":"2022-10-25T13:58:45","slug":"product-ethics","status":"publish","type":"page","link":"https:\/\/www.criteo.com\/de\/product-ethics\/","title":{"rendered":"Product Ethics"},"content":{"rendered":"","protected":false},"excerpt":{"rendered":"","protected":false},"author":9,"featured_media":0,"parent":0,"menu_order":0,"comment_status":"closed","ping_status":"closed","template":"page-templates\/pageModular2020.php","meta":{"_acf_changed":false,"footnotes":""},"coauthors":[],"class_list":["post-19609","page","type-page","status-publish"],"acf":{"track_page_in_segment":false,"segment_page_name":"","remove_header":false,"add_password_protected_layout":false,"layouts":[{"acf_fc_layout":"anchor_menu","anchor_menu":{"section_customization":{"anchor_id":"","background_type":"image","background_color":{"color":"Sunrise"},"background_gradient":"","background_image":"https:\/\/www.criteo.com\/de\/wp-content\/uploads\/sites\/3\/2022\/06\/Connected-TV-Header-BG.svg","background_image_position":"center-bottom","background_overlay":"none","use_custom_paddings":false,"custom_padding":{"desktop_top":"","desktop_bottom":"","mobile_top":"","mobile_bottom":""},"use_custom_margins":false,"custom_margins":{"desktop_top_margin":"","desktop_bottom_margin":"","mobile_top_margin":"","mobile_bottom_margin":""}},"intro":{"intro":{"show_intro_block":true,"image_as_caption":false,"image":false,"caption":"Product Ethics","caption_is_page_title":true,"title":"Leitlinien f\u00fcr unsere Werbepraktiken","title_size":"h2","description":"<p>Das Criteo Product Ethics Committee fungiert als zentrales, funktions\u00fcbergreifendes Gremium, um in allen Aktivit\u00e4ten von Criteo eine Kultur der ethischen, verantwortungsvollen und vertrauensw\u00fcrdigen KI-getriebenen Werbung zu f\u00f6rdern.<\/p>\n","description_font_size":"larger"}},"wider_intro":true,"mobile_left_align":false,"menu":false}},{"acf_fc_layout":"product_details","product_details":{"section_customization":{"anchor_id":"","background_type":"none","background_color":{"color":"Sunrise"},"background_gradient":"","background_image":false,"background_image_position":"center-center","background_overlay":"none","use_custom_paddings":false,"custom_padding":{"desktop_top":"","desktop_bottom":"","mobile_top":"","mobile_bottom":""},"use_custom_margins":false,"custom_margins":{"desktop_top_margin":"","desktop_bottom_margin":"","mobile_top_margin":"","mobile_bottom_margin":""}},"intro":{"intro":{"show_intro_block":false,"image_as_caption":false,"image":false,"caption":"","caption_is_page_title":false,"title":"Our approach to Product Ethics","title_size":"h4","description":"<p>As a global commerce media company that enables marketers and media owners to drive better commerce outcomes, Criteo aims to embed an ethical approach at each stage of its product development and supply chain.<\/p>\n","description_font_size":"default"}},"row_nums":"multiple","intro_inside_a_column":false,"switch_columns":false,"use_wider_layout":false,"use_wider_intro":false,"add_additional_boxes_below":false,"add_three_stats_above":false,"top_align_columns":true,"uo_list_style_discs":false,"":null,"stats":false,"media_type":"image","image":false,"background_wave":false,"video_iframe_url":"","icon":false,"subtitle":"","description":"","link_list":false,"stack_links":false,"block_links":false,"cta_button":{"type":"internal","text":"","link_internal":null,"link_media":false,"link_external":"","link_embed":"","link_email":"","email_subject":"","page_element_id":"","variant":"default","ai_variant":"gradient-border","icon":"none","ai_icon":"none","new_window":[],"track_button":false,"button_location":false,"event_type":false,"button_classes":"","button_message":""},"product_detail_rows":[{"media_type":"image","image":{"ID":19610,"id":19610,"title":"Ethics-Webpage-Image-01","filename":"Ethics-Webpage-Image-01.svg","filesize":554675,"url":"https:\/\/www.criteo.com\/de\/wp-content\/uploads\/sites\/3\/2022\/10\/Ethics-Webpage-Image-01.svg","link":"https:\/\/www.criteo.com\/de\/product-ethics\/ethics-webpage-image-01\/","alt":"","author":"9","description":"","caption":"","name":"ethics-webpage-image-01","status":"inherit","uploaded_to":19609,"date":"2022-10-06 14:57:50","modified":"2022-10-06 14:57:50","menu_order":0,"mime_type":"image\/svg+xml","type":"image","subtype":"svg+xml","icon":"https:\/\/www.criteo.com\/de\/wp-includes\/images\/media\/default.png","width":432,"height":397,"sizes":{"thumbnail":"https:\/\/www.criteo.com\/de\/wp-content\/uploads\/sites\/3\/2022\/10\/Ethics-Webpage-Image-01.svg","thumbnail-width":432,"thumbnail-height":397,"medium":"https:\/\/www.criteo.com\/de\/wp-content\/uploads\/sites\/3\/2022\/10\/Ethics-Webpage-Image-01.svg","medium-width":432,"medium-height":397,"medium_large":"https:\/\/www.criteo.com\/de\/wp-content\/uploads\/sites\/3\/2022\/10\/Ethics-Webpage-Image-01.svg","medium_large-width":432,"medium_large-height":397,"large":"https:\/\/www.criteo.com\/de\/wp-content\/uploads\/sites\/3\/2022\/10\/Ethics-Webpage-Image-01.svg","large-width":432,"large-height":397,"1536x1536":"https:\/\/www.criteo.com\/de\/wp-content\/uploads\/sites\/3\/2022\/10\/Ethics-Webpage-Image-01.svg","1536x1536-width":432,"1536x1536-height":397,"2048x2048":"https:\/\/www.criteo.com\/de\/wp-content\/uploads\/sites\/3\/2022\/10\/Ethics-Webpage-Image-01.svg","2048x2048-width":432,"2048x2048-height":397,"success-story":"https:\/\/www.criteo.com\/de\/wp-content\/uploads\/sites\/3\/2022\/10\/Ethics-Webpage-Image-01.svg","success-story-width":432,"success-story-height":397,"profile_24":"https:\/\/www.criteo.com\/de\/wp-content\/uploads\/sites\/3\/2022\/10\/Ethics-Webpage-Image-01.svg","profile_24-width":432,"profile_24-height":397,"profile_48":"https:\/\/www.criteo.com\/de\/wp-content\/uploads\/sites\/3\/2022\/10\/Ethics-Webpage-Image-01.svg","profile_48-width":432,"profile_48-height":397,"profile_96":"https:\/\/www.criteo.com\/de\/wp-content\/uploads\/sites\/3\/2022\/10\/Ethics-Webpage-Image-01.svg","profile_96-width":432,"profile_96-height":397,"profile_150":"https:\/\/www.criteo.com\/de\/wp-content\/uploads\/sites\/3\/2022\/10\/Ethics-Webpage-Image-01.svg","profile_150-width":432,"profile_150-height":397,"profile_300":"https:\/\/www.criteo.com\/de\/wp-content\/uploads\/sites\/3\/2022\/10\/Ethics-Webpage-Image-01.svg","profile_300-width":432,"profile_300-height":397}},"background_wave":false,"video_iframe_url":"","icon":false,"subtitle":"","description":"<h4>Unser Ansatz zur Produktethik<\/h4>\n<p>Als globales Commerce Media-Unternehmen \u2013 das Marketer und Media-Owner dabei unterst\u00fctzt, bessere Commerce-Ergebnisse zu erzielen \u2013 ist Criteo bestrebt, in jeder Phase seiner Produktentwicklung und \u00fcber die gesamte Lieferkette hinweg auf Basis eines ethischen Ansatzes zu agieren.<\/p>\n<p>&nbsp;<\/p>\n<h4>Unser Product Ethics Committee<\/h4>\n<p>Das Criteo Product Ethics Committee fungiert als zentrales, funktions\u00fcbergreifendes Gremium, um in allen Aktivit\u00e4ten von Criteo eine Kultur der ethischen, verantwortungsvollen und vertrauensw\u00fcrdigen KI-getriebenen Werbung zu f\u00f6rdern. In der Arbeit des Product Ethics Committee adressieren wir gezielt das Thema Desinformation, \u00fcberwachen m\u00f6gliche Verzerrungen in unseren Algorithmen und machen unsere Werte auch in den von uns betreuten Werbekampagnen zur Leitlinie. Durch die Kontrolle unserer ethischen Standards stellt das Product Ethics Committee zudem sicher, dass wir unseren Kunden und Partnern vertrauensw\u00fcrdige Werbung bereitstellen. Zu den Mitgliedern des Product Ethics Committee geh\u00f6ren F\u00fchrungskr\u00e4fte aus allen Abteilungen von Criteo. Das Gremium tagt einmal im Quartal.<\/p>\n","link_list":false,"stack_links":false,"block_links":false,"cta_button":{"type":"internal","text":"","link_internal":"","link_media":false,"link_external":"","link_embed":"","link_email":"","email_subject":"","page_element_id":"","variant":"default","ai_variant":"gradient-border","icon":"none","ai_icon":"none","new_window":[],"track_button":false,"button_location":false,"event_type":false,"button_classes":"","button_message":""}}],"additional_boxes_subtitle":"","left_align_subtitle":false,"use_learn_more_button":false,"boxes":false}},{"acf_fc_layout":"product_details_2","product_details_2":{"section_customization":{"anchor_id":"","background_type":"solid-color","background_color":{"color":"Light_Smoke"},"background_gradient":"","background_image":false,"background_image_position":"center-center","background_overlay":"none","use_custom_paddings":true,"custom_padding":{"desktop_top":"68","desktop_bottom":"120","mobile_top":"","mobile_bottom":"300"},"use_custom_margins":false,"custom_margins":{"desktop_top_margin":"","desktop_bottom_margin":"","mobile_top_margin":"","mobile_bottom_margin":""}},"intro":{"intro":{"show_intro_block":true,"image_as_caption":false,"image":false,"caption":"","caption_is_page_title":false,"title":"Unsere vier Leitprinzipien","title_size":"h3","description":"<p>Das Criteo Product Ethics Committee folgt vier Grundprinzipien, die unseren werbeethischen Ansatz untermauern. Sie entsprechen den Empfehlungen der <a href=\"https:\/\/wfanet.org\/leadership\/data-ethics#:~:text=Data%20Ethics%20%2D%20The%20Rise%20of%20Morality%20in%20Tech&amp;text=This%20comes%20at%20a%20time,in%20light%20of%20COVID%2D19.\" target=\"_blank\" rel=\"noopener\">World Federation of Advertisers<\/a>:<\/p>\n","description_font_size":"default"}},"description_boxes_layout":"sidebar-two-columns","":null,"boxes":[{"icon":"https:\/\/www.criteo.com\/de\/wp-content\/uploads\/sites\/3\/2022\/10\/Transparency-Icon.svg","title":"Transparenz ","description":"<p>Wir stellen sicher, dass unsere Nutzung von Daten transparent, leicht verst\u00e4ndlich und f\u00fcr jeden zug\u00e4nglich ist. Das umfasst auch die m\u00f6glichen sozialen, ethischen und gesellschaftlichen Auswirkungen einer solchen Nutzung.<\/p>\n"},{"icon":"https:\/\/www.criteo.com\/de\/wp-content\/uploads\/sites\/3\/2022\/10\/Respect-Icon.svg","title":"Respekt","description":"<p>Wir stehen f\u00fcr Verst\u00e4ndnis und Respekt f\u00fcr die Interessen aller Beteiligten und Schutz der allgemein anerkannten Menschenrechte (Privatsph\u00e4re, W\u00fcrde, Vielfalt, Fairness, Gleichheit, Autonomie und Freiheit).<\/p>\n"},{"icon":"https:\/\/www.criteo.com\/de\/wp-content\/uploads\/sites\/3\/2022\/10\/Fairness-Icon.svg","title":"Fairness ","description":"<p>Wir \u00fcberwachen die Fairness in den Werbepraktiken kontinuierlich, um die Reproduktion oder das Weitergeben von Vorurteilen, Diskriminierung oder Ausgrenzung zu vermeiden.<\/p>\n"},{"icon":"https:\/\/www.criteo.com\/de\/wp-content\/uploads\/sites\/3\/2022\/10\/Accountability-Icon.svg","title":"Verantwortung","description":"<p>Wir bei Criteo sehen uns sowie unsere Partner und Kunden in der st\u00e4ndigen Verantwortung f\u00fcr die korrekte und ethische Nutzung von Daten.<\/p>\n"}]}},{"acf_fc_layout":"cta_block","cta_block":{"section_customization":{"anchor_id":"","background_type":"solid-color","background_color":{"color":"Sunrise"},"background_gradient":"","background_image":false,"background_image_position":"center-center","background_overlay":"none","use_custom_paddings":true,"custom_padding":{"desktop_top":"54","desktop_bottom":"54","mobile_top":"54","mobile_bottom":"54"},"use_custom_margins":true,"custom_margins":{"desktop_top_margin":"-120","desktop_bottom_margin":"120","mobile_top_margin":"-200","mobile_bottom_margin":""}},"full_wide_block":false,"title":"<h4>Wir engagieren uns mit dem Ziel, auch \u00fcber die Grenzen unserer Branche hinaus positive Wirkung zu entfalten.<\/h4>\n<p>Unsere Agenda zur Corporate Social Responsibility ist mehr als nur Worte auf dem Papier. Sie umfasst konkrete Ma\u00dfnahmen zum Schutz unserer Mitarbeiter, zur F\u00f6rderung gesellschaftlicher Entwicklungen, zum Umweltschutz sowie dazu, wie wir unsere Werte noch besser leben k\u00f6nnen.<\/p>\n","content_on_the_right":"button","cta_button":{"type":"external","text":"Mehr erfahren","link_internal":"https:\/\/www.criteo.com\/de\/news\/press-releases\/2023\/03\/asos-staerkt-mit-criteo-sein-globales-retail-media-geschaeft\/de-asos-sta%cc%88rkt-mit-criteo-sein-globales-retail-media-gescha%cc%88ft\/","link_media":false,"link_external":"https:\/\/criteo.investorroom.com\/Corporate-Social-Responsibility?item=287","link_embed":"","link_email":"","email_subject":"","page_element_id":"","variant":"default","ai_variant":"gradient-border","icon":"thin-arrow-right","ai_icon":"none","new_window":[],"track_button":false,"button_location":false,"event_type":false,"button_classes":"","button_message":""},"form":""}}],"additional_code":"","bevel":"peach-grapes","bevel_reversed":false,"side_text":""},"yoast_head":"<!-- This site is optimized with the Yoast SEO plugin v26.4 - https:\/\/yoast.com\/wordpress\/plugins\/seo\/ -->\n<title>Product Ethics | DE - Criteo.com<\/title>\n<meta name=\"description\" content=\"Das Criteo Product Ethics Committee fungiert als zentrales, funktions\u00fcbergreifendes Gremium, um in allen Aktivit\u00e4ten von Criteo eine Kultur der ethischen, verantwortungsvollen und vertrauensw\u00fcrdigen KI-getriebenen Werbung zu f\u00f6rdern.\" \/>\n<meta name=\"robots\" content=\"index, follow, max-snippet:-1, max-image-preview:large, max-video-preview:-1\" \/>\n<link rel=\"canonical\" href=\"https:\/\/www.criteo.com\/de\/product-ethics\/\" \/>\n<meta property=\"og:locale\" content=\"de_DE\" \/>\n<meta property=\"og:type\" content=\"article\" \/>\n<meta property=\"og:title\" content=\"Product Ethics | DE - Criteo.com\" \/>\n<meta property=\"og:description\" content=\"Das Criteo Product Ethics Committee fungiert als zentrales, funktions\u00fcbergreifendes Gremium, um in allen Aktivit\u00e4ten von Criteo eine Kultur der ethischen, verantwortungsvollen und vertrauensw\u00fcrdigen KI-getriebenen Werbung zu f\u00f6rdern.\" \/>\n<meta property=\"og:url\" content=\"https:\/\/www.criteo.com\/de\/product-ethics\/\" \/>\n<meta property=\"og:site_name\" content=\"DE - Criteo.com\" \/>\n<meta property=\"article:modified_time\" content=\"2022-10-25T13:58:45+00:00\" \/>\n<meta name=\"twitter:card\" content=\"summary_large_image\" \/>\n<script type=\"application\/ld+json\" class=\"yoast-schema-graph\">{\n\t    \"@context\": \"https:\/\/schema.org\",\n\t    \"@graph\": [\n\t        {\n\t            \"@type\": \"WebPage\",\n\t            \"@id\": \"https:\/\/www.criteo.com\/de\/product-ethics\/\",\n\t            \"url\": \"https:\/\/www.criteo.com\/de\/product-ethics\/\",\n\t            \"name\": \"Product Ethics | DE - Criteo.com\",\n\t            \"isPartOf\": {\n\t                \"@id\": \"https:\/\/www.criteo.com\/de\/#website\"\n\t            },\n\t            \"datePublished\": \"2022-10-06T15:53:01+00:00\",\n\t            \"dateModified\": \"2022-10-25T13:58:45+00:00\",\n\t            \"description\": \"Das Criteo Product Ethics Committee fungiert als zentrales, funktions\u00fcbergreifendes Gremium, um in allen Aktivit\u00e4ten von Criteo eine Kultur der ethischen, verantwortungsvollen und vertrauensw\u00fcrdigen KI-getriebenen Werbung zu f\u00f6rdern.\",\n\t            \"breadcrumb\": {\n\t                \"@id\": \"https:\/\/www.criteo.com\/de\/product-ethics\/#breadcrumb\"\n\t            },\n\t            \"inLanguage\": \"de-DE\",\n\t            \"potentialAction\": [\n\t                {\n\t                    \"@type\": \"ReadAction\",\n\t                    \"target\": [\n\t                        \"https:\/\/www.criteo.com\/de\/product-ethics\/\"\n\t                    ]\n\t                }\n\t            ]\n\t        },\n\t        {\n\t            \"@type\": \"BreadcrumbList\",\n\t            \"@id\": \"https:\/\/www.criteo.com\/de\/product-ethics\/#breadcrumb\",\n\t            \"itemListElement\": [\n\t                {\n\t                    \"@type\": \"ListItem\",\n\t                    \"position\": 1,\n\t                    \"name\": \"Home\",\n\t                    \"item\": \"https:\/\/www.criteo.com\/de\/\"\n\t                },\n\t                {\n\t                    \"@type\": \"ListItem\",\n\t                    \"position\": 2,\n\t                    \"name\": \"Product Ethics\"\n\t                }\n\t            ]\n\t        },\n\t        {\n\t            \"@type\": \"WebSite\",\n\t            \"@id\": \"https:\/\/www.criteo.com\/de\/#website\",\n\t            \"url\": \"https:\/\/www.criteo.com\/de\/\",\n\t            \"name\": \"DE - Criteo.com\",\n\t            \"description\": \"\",\n\t            \"publisher\": {\n\t                \"@id\": \"https:\/\/www.criteo.com\/de\/#organization\"\n\t            },\n\t            \"potentialAction\": [\n\t                {\n\t                    \"@type\": \"SearchAction\",\n\t                    \"target\": {\n\t                        \"@type\": \"EntryPoint\",\n\t                        \"urlTemplate\": \"https:\/\/www.criteo.com\/de\/?s={search_term_string}\"\n\t                    },\n\t                    \"query-input\": {\n\t                        \"@type\": \"PropertyValueSpecification\",\n\t                        \"valueRequired\": true,\n\t                        \"valueName\": \"search_term_string\"\n\t                    }\n\t                }\n\t            ],\n\t            \"inLanguage\": \"de-DE\"\n\t        },\n\t        {\n\t            \"@type\": \"Organization\",\n\t            \"@id\": \"https:\/\/www.criteo.com\/de\/#organization\",\n\t            \"name\": \"Criteo\",\n\t            \"alternateName\": \"Criteo corp\",\n\t            \"url\": \"https:\/\/www.criteo.com\/de\/\",\n\t            \"logo\": {\n\t                \"@type\": \"ImageObject\",\n\t                \"inLanguage\": \"de-DE\",\n\t                \"@id\": \"https:\/\/www.criteo.com\/de\/#\/schema\/logo\/image\/\",\n\t                \"url\": \"https:\/\/www.criteo.com\/de\/wp-content\/uploads\/sites\/3\/2024\/02\/Criteo-Logo.svg\",\n\t                \"contentUrl\": \"https:\/\/www.criteo.com\/de\/wp-content\/uploads\/sites\/3\/2024\/02\/Criteo-Logo.svg\",\n\t                \"width\": 118,\n\t                \"height\": 24,\n\t                \"caption\": \"Criteo\"\n\t            },\n\t            \"image\": {\n\t                \"@id\": \"https:\/\/www.criteo.com\/de\/#\/schema\/logo\/image\/\"\n\t            }\n\t        }\n\t    ]\n\t}<\/script>\n<!-- \/ Yoast SEO plugin. -->","yoast_head_json":{"title":"Product Ethics | DE - Criteo.com","description":"Das Criteo Product Ethics Committee fungiert als zentrales, funktions\u00fcbergreifendes Gremium, um in allen Aktivit\u00e4ten von Criteo eine Kultur der ethischen, verantwortungsvollen und vertrauensw\u00fcrdigen KI-getriebenen Werbung zu f\u00f6rdern.","robots":{"index":"index","follow":"follow","max-snippet":"max-snippet:-1","max-image-preview":"max-image-preview:large","max-video-preview":"max-video-preview:-1"},"canonical":"https:\/\/www.criteo.com\/de\/product-ethics\/","og_locale":"de_DE","og_type":"article","og_title":"Product Ethics | DE - Criteo.com","og_description":"Das Criteo Product Ethics Committee fungiert als zentrales, funktions\u00fcbergreifendes Gremium, um in allen Aktivit\u00e4ten von Criteo eine Kultur der ethischen, verantwortungsvollen und vertrauensw\u00fcrdigen KI-getriebenen Werbung zu f\u00f6rdern.","og_url":"https:\/\/www.criteo.com\/de\/product-ethics\/","og_site_name":"DE - Criteo.com","article_modified_time":"2022-10-25T13:58:45+00:00","twitter_card":"summary_large_image","schema":{"@context":"https:\/\/schema.org","@graph":[{"@type":"WebPage","@id":"https:\/\/www.criteo.com\/de\/product-ethics\/","url":"https:\/\/www.criteo.com\/de\/product-ethics\/","name":"Product Ethics | DE - Criteo.com","isPartOf":{"@id":"https:\/\/www.criteo.com\/de\/#website"},"datePublished":"2022-10-06T15:53:01+00:00","dateModified":"2022-10-25T13:58:45+00:00","description":"Das Criteo Product Ethics Committee fungiert als zentrales, funktions\u00fcbergreifendes Gremium, um in allen Aktivit\u00e4ten von Criteo eine Kultur der ethischen, verantwortungsvollen und vertrauensw\u00fcrdigen KI-getriebenen Werbung zu f\u00f6rdern.","breadcrumb":{"@id":"https:\/\/www.criteo.com\/de\/product-ethics\/#breadcrumb"},"inLanguage":"de-DE","potentialAction":[{"@type":"ReadAction","target":["https:\/\/www.criteo.com\/de\/product-ethics\/"]}]},{"@type":"BreadcrumbList","@id":"https:\/\/www.criteo.com\/de\/product-ethics\/#breadcrumb","itemListElement":[{"@type":"ListItem","position":1,"name":"Home","item":"https:\/\/www.criteo.com\/de\/"},{"@type":"ListItem","position":2,"name":"Product Ethics"}]},{"@type":"WebSite","@id":"https:\/\/www.criteo.com\/de\/#website","url":"https:\/\/www.criteo.com\/de\/","name":"DE - Criteo.com","description":"","publisher":{"@id":"https:\/\/www.criteo.com\/de\/#organization"},"potentialAction":[{"@type":"SearchAction","target":{"@type":"EntryPoint","urlTemplate":"https:\/\/www.criteo.com\/de\/?s={search_term_string}"},"query-input":{"@type":"PropertyValueSpecification","valueRequired":true,"valueName":"search_term_string"}}],"inLanguage":"de-DE"},{"@type":"Organization","@id":"https:\/\/www.criteo.com\/de\/#organization","name":"Criteo","alternateName":"Criteo corp","url":"https:\/\/www.criteo.com\/de\/","logo":{"@type":"ImageObject","inLanguage":"de-DE","@id":"https:\/\/www.criteo.com\/de\/#\/schema\/logo\/image\/","url":"https:\/\/www.criteo.com\/de\/wp-content\/uploads\/sites\/3\/2024\/02\/Criteo-Logo.svg","contentUrl":"https:\/\/www.criteo.com\/de\/wp-content\/uploads\/sites\/3\/2024\/02\/Criteo-Logo.svg","width":118,"height":24,"caption":"Criteo"},"image":{"@id":"https:\/\/www.criteo.com\/de\/#\/schema\/logo\/image\/"}}]}},"_links":{"self":[{"href":"https:\/\/www.criteo.com\/de\/wp-json\/wp\/v2\/pages\/19609","targetHints":{"allow":["GET"]}}],"collection":[{"href":"https:\/\/www.criteo.com\/de\/wp-json\/wp\/v2\/pages"}],"about":[{"href":"https:\/\/www.criteo.com\/de\/wp-json\/wp\/v2\/types\/page"}],"author":[{"embeddable":true,"href":"https:\/\/www.criteo.com\/de\/wp-json\/wp\/v2\/users\/9"}],"replies":[{"embeddable":true,"href":"https:\/\/www.criteo.com\/de\/wp-json\/wp\/v2\/comments?post=19609"}],"version-history":[{"count":4,"href":"https:\/\/www.criteo.com\/de\/wp-json\/wp\/v2\/pages\/19609\/revisions"}],"predecessor-version":[{"id":19635,"href":"https:\/\/www.criteo.com\/de\/wp-json\/wp\/v2\/pages\/19609\/revisions\/19635"}],"wp:attachment":[{"href":"https:\/\/www.criteo.com\/de\/wp-json\/wp\/v2\/media?parent=19609"}],"wp:term":[{"taxonomy":"author","embeddable":true,"href":"https:\/\/www.criteo.com\/de\/wp-json\/wp\/v2\/coauthors?post=19609"}],"curies":[{"name":"wp","href":"https:\/\/api.w.org\/{rel}","templated":true}]}}