{"id":23072,"date":"2022-02-14T12:05:54","date_gmt":"2022-02-14T17:05:54","guid":{"rendered":"https:\/\/www.criteo.com\/?page_id=332276"},"modified":"2026-05-08T18:39:58","modified_gmt":"2026-05-08T18:39:58","slug":"security","status":"publish","type":"page","link":"https:\/\/www.criteo.com\/de\/trust-center\/security\/","title":{"rendered":"Sicherheit"},"content":{"rendered":"<p>Bei Criteo geh\u00f6rt es zu unseren Grunds\u00e4tzen, in allen Gesch\u00e4ftsbereichen und Produkten h\u00f6chste Sicherheitsstandards zu gew\u00e4hrleisten. Wir sch\u00fctzen unsere Systeme vor Bedrohungen und pflegen eine belastbare Kultur im Umgang mit Schwachstellen und sowie im Vorfallmanagement.<\/p>\n<p>Unser internes Bug-Bounty-Programm verbessert unsere F\u00e4higkeit zur Fehlererkennung und sorgt so ebenfalls f\u00fcr ein hohes Sicherheitsniveau. F\u00fcr im Rahmen des Programms gemeldete und best\u00e4tigte Schwachstellen zahlen wir Pr\u00e4mien. Bitte kontaktiert uns\u00a0unter\u00a0<a href=\"mailto:security@criteo.com\">security@criteo.com<\/a>\u00a0wenn ihr am Programm teilnehmen m\u00f6chtet.<\/p>\n<p>Zudem f\u00fchren wir regelm\u00e4\u00dfig Penetrationstests durch, um potenzielle Schwachstellen in unseren Systemen zu identifizieren und zu adressieren.<\/p>\n<p>Wir setzen nicht nur auf Technologie: In unserer gesamten Organisation verankern wir eine Kultur des Sicherheitsbewusstseins, in der jeder Mitarbeiter wei\u00df, dass Sicherheit in der Verantwortung aller liegt. Alle Criteo-Mitarbeiter werden im Bereich IT-Security geschult, und wir f\u00fchren Awareness-Kampagnen zu den neuesten Bedrohungen und Best Practices durch.<\/p>\n<p>In den entsprechenden Abschnitten erhaltet ihr weitere Informationen dazu, wie Cybersecurity bei Criteo umgesetzt wird und wie ihr eure Daten sch\u00fctzen k\u00f6nnt.<\/p>\n","protected":false},"excerpt":{"rendered":"<p>Bei Criteo geh\u00f6rt es zu unseren Grunds\u00e4tzen, in allen Gesch\u00e4ftsbereichen und Produkten h\u00f6chste Sicherheitsstandards zu gew\u00e4hrleisten. Wir sch\u00fctzen unsere Systeme vor Bedrohungen und pflegen eine belastbare Kultur im Umgang mit Schwachstellen und sowie im Vorfallmanagement. Unser internes Bug-Bounty-Programm verbessert unsere F\u00e4higkeit zur Fehlererkennung und sorgt so ebenfalls f\u00fcr ein hohes Sicherheitsniveau. F\u00fcr im Rahmen des [&hellip;]<\/p>\n","protected":false},"author":18,"featured_media":0,"parent":23033,"menu_order":0,"comment_status":"closed","ping_status":"closed","template":"page-templates\/basic.php","meta":{"_acf_changed":false,"footnotes":""},"coauthors":[625],"class_list":["post-23072","page","type-page","status-publish"],"acf":{"layout_mode":"security-2023","has_more_content":false,"storetail_optout":false,"stae_popup_enable":false,"track_page_in_segment":false,"segment_page_name":"","additional_code":"","toc_order":"0","enable_slide-in":false},"yoast_head":"<!-- This site is optimized with the Yoast SEO plugin v26.4 - https:\/\/yoast.com\/wordpress\/plugins\/seo\/ -->\n<title>How to spot fake, fraudulent, spoof, or phishing emails and messages<\/title>\n<meta name=\"description\" content=\"Hackers use emails and messages to deceive people into handing over sensitive personal information. Get advice on how to stay safe.\" \/>\n<meta name=\"robots\" content=\"index, follow, max-snippet:-1, max-image-preview:large, max-video-preview:-1\" \/>\n<link rel=\"canonical\" href=\"https:\/\/www.criteo.com\/de\/trust-center\/security\/\" \/>\n<meta property=\"og:locale\" content=\"de_DE\" \/>\n<meta property=\"og:type\" content=\"article\" \/>\n<meta property=\"og:title\" content=\"How to spot fake, fraudulent, spoof, or phishing emails and messages\" \/>\n<meta property=\"og:description\" content=\"Hackers use emails and messages to deceive people into handing over sensitive personal information. Get advice on how to stay safe.\" \/>\n<meta property=\"og:url\" content=\"https:\/\/www.criteo.com\/de\/trust-center\/security\/\" \/>\n<meta property=\"og:site_name\" content=\"DE - Criteo.com\" \/>\n<meta property=\"article:modified_time\" content=\"2026-05-08T18:39:58+00:00\" \/>\n<meta name=\"twitter:card\" content=\"summary_large_image\" \/>\n<meta name=\"twitter:label1\" content=\"Est. reading time\" \/>\n\t<meta name=\"twitter:data1\" content=\"1 minute\" \/>\n<script type=\"application\/ld+json\" class=\"yoast-schema-graph\">{\n\t    \"@context\": \"https:\/\/schema.org\",\n\t    \"@graph\": [\n\t        {\n\t            \"@type\": \"WebPage\",\n\t            \"@id\": \"https:\/\/www.criteo.com\/de\/trust-center\/security\/\",\n\t            \"url\": \"https:\/\/www.criteo.com\/de\/trust-center\/security\/\",\n\t            \"name\": \"How to spot fake, fraudulent, spoof, or phishing emails and messages\",\n\t            \"isPartOf\": {\n\t                \"@id\": \"https:\/\/www.criteo.com\/de\/#website\"\n\t            },\n\t            \"datePublished\": \"2022-02-14T17:05:54+00:00\",\n\t            \"dateModified\": \"2026-05-08T18:39:58+00:00\",\n\t            \"description\": \"Hackers use emails and messages to deceive people into handing over sensitive personal information. Get advice on how to stay safe.\",\n\t            \"breadcrumb\": {\n\t                \"@id\": \"https:\/\/www.criteo.com\/de\/trust-center\/security\/#breadcrumb\"\n\t            },\n\t            \"inLanguage\": \"de-DE\",\n\t            \"potentialAction\": [\n\t                {\n\t                    \"@type\": \"ReadAction\",\n\t                    \"target\": [\n\t                        \"https:\/\/www.criteo.com\/de\/trust-center\/security\/\"\n\t                    ]\n\t                }\n\t            ]\n\t        },\n\t        {\n\t            \"@type\": \"BreadcrumbList\",\n\t            \"@id\": \"https:\/\/www.criteo.com\/de\/trust-center\/security\/#breadcrumb\",\n\t            \"itemListElement\": [\n\t                {\n\t                    \"@type\": \"ListItem\",\n\t                    \"position\": 1,\n\t                    \"name\": \"Home\",\n\t                    \"item\": \"https:\/\/www.criteo.com\/de\/\"\n\t                },\n\t                {\n\t                    \"@type\": \"ListItem\",\n\t                    \"position\": 2,\n\t                    \"name\": \"Trust Center\",\n\t                    \"item\": \"https:\/\/www.criteo.com\/de\/trust-center\/\"\n\t                },\n\t                {\n\t                    \"@type\": \"ListItem\",\n\t                    \"position\": 3,\n\t                    \"name\": \"Sicherheit\"\n\t                }\n\t            ]\n\t        },\n\t        {\n\t            \"@type\": \"WebSite\",\n\t            \"@id\": \"https:\/\/www.criteo.com\/de\/#website\",\n\t            \"url\": \"https:\/\/www.criteo.com\/de\/\",\n\t            \"name\": \"DE - Criteo.com\",\n\t            \"description\": \"\",\n\t            \"publisher\": {\n\t                \"@id\": \"https:\/\/www.criteo.com\/de\/#organization\"\n\t            },\n\t            \"potentialAction\": [\n\t                {\n\t                    \"@type\": \"SearchAction\",\n\t                    \"target\": {\n\t                        \"@type\": \"EntryPoint\",\n\t                        \"urlTemplate\": \"https:\/\/www.criteo.com\/de\/?s={search_term_string}\"\n\t                    },\n\t                    \"query-input\": {\n\t                        \"@type\": \"PropertyValueSpecification\",\n\t                        \"valueRequired\": true,\n\t                        \"valueName\": \"search_term_string\"\n\t                    }\n\t                }\n\t            ],\n\t            \"inLanguage\": \"de-DE\"\n\t        },\n\t        {\n\t            \"@type\": \"Organization\",\n\t            \"@id\": \"https:\/\/www.criteo.com\/de\/#organization\",\n\t            \"name\": \"Criteo\",\n\t            \"alternateName\": \"Criteo corp\",\n\t            \"url\": \"https:\/\/www.criteo.com\/de\/\",\n\t            \"logo\": {\n\t                \"@type\": \"ImageObject\",\n\t                \"inLanguage\": \"de-DE\",\n\t                \"@id\": \"https:\/\/www.criteo.com\/de\/#\/schema\/logo\/image\/\",\n\t                \"url\": \"https:\/\/www.criteo.com\/de\/wp-content\/uploads\/sites\/3\/2024\/02\/Criteo-Logo.svg\",\n\t                \"contentUrl\": \"https:\/\/www.criteo.com\/de\/wp-content\/uploads\/sites\/3\/2024\/02\/Criteo-Logo.svg\",\n\t                \"width\": 118,\n\t                \"height\": 24,\n\t                \"caption\": \"Criteo\"\n\t            },\n\t            \"image\": {\n\t                \"@id\": \"https:\/\/www.criteo.com\/de\/#\/schema\/logo\/image\/\"\n\t            }\n\t        }\n\t    ]\n\t}<\/script>\n<!-- \/ Yoast SEO plugin. -->","yoast_head_json":{"title":"How to spot fake, fraudulent, spoof, or phishing emails and messages","description":"Hackers use emails and messages to deceive people into handing over sensitive personal information. Get advice on how to stay safe.","robots":{"index":"index","follow":"follow","max-snippet":"max-snippet:-1","max-image-preview":"max-image-preview:large","max-video-preview":"max-video-preview:-1"},"canonical":"https:\/\/www.criteo.com\/de\/trust-center\/security\/","og_locale":"de_DE","og_type":"article","og_title":"How to spot fake, fraudulent, spoof, or phishing emails and messages","og_description":"Hackers use emails and messages to deceive people into handing over sensitive personal information. Get advice on how to stay safe.","og_url":"https:\/\/www.criteo.com\/de\/trust-center\/security\/","og_site_name":"DE - Criteo.com","article_modified_time":"2026-05-08T18:39:58+00:00","twitter_card":"summary_large_image","twitter_misc":{"Est. reading time":"1 minute"},"schema":{"@context":"https:\/\/schema.org","@graph":[{"@type":"WebPage","@id":"https:\/\/www.criteo.com\/de\/trust-center\/security\/","url":"https:\/\/www.criteo.com\/de\/trust-center\/security\/","name":"How to spot fake, fraudulent, spoof, or phishing emails and messages","isPartOf":{"@id":"https:\/\/www.criteo.com\/de\/#website"},"datePublished":"2022-02-14T17:05:54+00:00","dateModified":"2026-05-08T18:39:58+00:00","description":"Hackers use emails and messages to deceive people into handing over sensitive personal information. Get advice on how to stay safe.","breadcrumb":{"@id":"https:\/\/www.criteo.com\/de\/trust-center\/security\/#breadcrumb"},"inLanguage":"de-DE","potentialAction":[{"@type":"ReadAction","target":["https:\/\/www.criteo.com\/de\/trust-center\/security\/"]}]},{"@type":"BreadcrumbList","@id":"https:\/\/www.criteo.com\/de\/trust-center\/security\/#breadcrumb","itemListElement":[{"@type":"ListItem","position":1,"name":"Home","item":"https:\/\/www.criteo.com\/de\/"},{"@type":"ListItem","position":2,"name":"Trust Center","item":"https:\/\/www.criteo.com\/de\/trust-center\/"},{"@type":"ListItem","position":3,"name":"Sicherheit"}]},{"@type":"WebSite","@id":"https:\/\/www.criteo.com\/de\/#website","url":"https:\/\/www.criteo.com\/de\/","name":"DE - Criteo.com","description":"","publisher":{"@id":"https:\/\/www.criteo.com\/de\/#organization"},"potentialAction":[{"@type":"SearchAction","target":{"@type":"EntryPoint","urlTemplate":"https:\/\/www.criteo.com\/de\/?s={search_term_string}"},"query-input":{"@type":"PropertyValueSpecification","valueRequired":true,"valueName":"search_term_string"}}],"inLanguage":"de-DE"},{"@type":"Organization","@id":"https:\/\/www.criteo.com\/de\/#organization","name":"Criteo","alternateName":"Criteo corp","url":"https:\/\/www.criteo.com\/de\/","logo":{"@type":"ImageObject","inLanguage":"de-DE","@id":"https:\/\/www.criteo.com\/de\/#\/schema\/logo\/image\/","url":"https:\/\/www.criteo.com\/de\/wp-content\/uploads\/sites\/3\/2024\/02\/Criteo-Logo.svg","contentUrl":"https:\/\/www.criteo.com\/de\/wp-content\/uploads\/sites\/3\/2024\/02\/Criteo-Logo.svg","width":118,"height":24,"caption":"Criteo"},"image":{"@id":"https:\/\/www.criteo.com\/de\/#\/schema\/logo\/image\/"}}]}},"_links":{"self":[{"href":"https:\/\/www.criteo.com\/de\/wp-json\/wp\/v2\/pages\/23072","targetHints":{"allow":["GET"]}}],"collection":[{"href":"https:\/\/www.criteo.com\/de\/wp-json\/wp\/v2\/pages"}],"about":[{"href":"https:\/\/www.criteo.com\/de\/wp-json\/wp\/v2\/types\/page"}],"author":[{"embeddable":true,"href":"https:\/\/www.criteo.com\/de\/wp-json\/wp\/v2\/users\/18"}],"replies":[{"embeddable":true,"href":"https:\/\/www.criteo.com\/de\/wp-json\/wp\/v2\/comments?post=23072"}],"version-history":[{"count":3,"href":"https:\/\/www.criteo.com\/de\/wp-json\/wp\/v2\/pages\/23072\/revisions"}],"predecessor-version":[{"id":23114,"href":"https:\/\/www.criteo.com\/de\/wp-json\/wp\/v2\/pages\/23072\/revisions\/23114"}],"up":[{"embeddable":true,"href":"https:\/\/www.criteo.com\/de\/wp-json\/wp\/v2\/pages\/23033"}],"wp:attachment":[{"href":"https:\/\/www.criteo.com\/de\/wp-json\/wp\/v2\/media?parent=23072"}],"wp:term":[{"taxonomy":"author","embeddable":true,"href":"https:\/\/www.criteo.com\/de\/wp-json\/wp\/v2\/coauthors?post=23072"}],"curies":[{"name":"wp","href":"https:\/\/api.w.org\/{rel}","templated":true}]}}