{"id":23079,"date":"2023-07-03T15:33:38","date_gmt":"2023-07-03T19:33:38","guid":{"rendered":"https:\/\/www.criteo.com\/?page_id=383913"},"modified":"2026-05-08T14:00:06","modified_gmt":"2026-05-08T14:00:06","slug":"how-to-spot-scams","status":"publish","type":"page","link":"https:\/\/www.criteo.com\/de\/trust-center\/security\/how-to-spot-scams\/","title":{"rendered":"So erkennt ihr F\u00e4lschungen, Betrug oder Phishing E-Mails und -Nachrichten"},"content":{"rendered":"<h2>So erkennt ihr F\u00e4lschungen, Betrug oder Phishing E-Mails und -Nachrichten<\/h2>\n<h3>Aufgepasst! Betr\u00fcger haben es auf eure Criteo-Zugangsdaten abgesehen!<\/h3>\n<p>Hacker nutzen E-Mails und Textnachrichten, um Menschen dazu zu bringen, sensible pers\u00f6nliche Informationen preiszugeben. Wenn sie die Informationen haben, k\u00f6nnen sie diese nutzen, um verschiedene Arten von Betrug zu begehen, z. B. indem sie die Identit\u00e4t ihre Opfer annehmen. Wir zeigen euch, wie ihr einen Betrug erkennt und was ihr tun solltet, wenn ihr unerwartet kontaktiert werdet. Au\u00dferdem geben wir euch einige Ratschl\u00e4ge, wie ihr euch sch\u00fctzen k\u00f6nnt.<\/p>\n<p>Wenn eure Criteo-Anmeldedaten in die falschen H\u00e4nde geraten, kann das euch und eurem Unternehmen sehr schaden. Criteo versendet niemals Textnachrichten oder E-Mails mit zeitlichen Hinweisen, in denen ihr aufgefordert werdet, euch in euren Account einzuloggen und dabei vertrauliche Benutzerdaten preiszugeben. Wir stellen euch niemals ein Ultimatum; und wir fordern euch auch nicht auf, euch zu authentifizieren oder eure Daten au\u00dferhalb unserer sicheren Kommunikationskan\u00e4le zu verifizieren.<\/p>\n<h3>Darauf solltet ihr besonders achten:<\/h3>\n<ul>\n<li><strong>Unerwartete Absender<\/strong>: Wenn ihr nicht wisst, von wem eine Text- oder E-Mail-Nachricht stammt, k\u00f6nnte es sich um einen Betrugsversuch handeln.<\/li>\n<li><strong>Textnachrichten<\/strong>: Criteo kontaktiert euch nicht via Textnachrichten.<\/li>\n<li><strong>Alarmierende oder eindringliche Sprache<\/strong>, z. B. \u201eSie m\u00fcssen sofort handeln\u201c. Eine echte Text- oder E-Mail-Nachricht wird in einer sachlichen und angemessenen Art und Weise geschrieben. Betr\u00fcger k\u00f6nnten Warnmeldungen, Betrugsdrohungen oder Probleme mit eurem Account vorgeben.<\/li>\n<li><strong>Die Begr\u00fc\u00dfung in der E-Mail<\/strong>: In automatisierten Criteo-E-Mails werdet ihr immer mit Anrede und Nachnamen, wie z. B. \u201eGuten Tag [x]\u201c angesprochen. Pers\u00f6nliche Criteo-E-Mails kommen immer von jemandem, der euer Unternehmen kennt. Inhalt der E-Mail ist stets ein Thema bez\u00fcglich eures Accounts, das euch vertraut ist.<\/li>\n<li><strong>Rechtschreibfehler<\/strong>: Betr\u00fcgerische Texte und E-Mails sehen oft merkw\u00fcrdig aus \u2013 das Layout ist meist ungeordnet und es wimmelt oft von Rechtschreibfehlern.<\/li>\n<li><strong>Fragen nach pers\u00f6nlichen Informationen:<\/strong> Criteo fordert euch niemals auf, euer Passwort, eure Kreditkarten- oder Bankkontonummer, eure F\u00fchrerschein- oder Sozialversicherungsnummer, eure E-Mail-Adresse oder euren vollst\u00e4ndigen Namen per SMS oder E-Mail zu schicken.<\/li>\n<li><strong>Fehlerhafte Criteo-E-Mail-Adressen:<\/strong> Alle unsere E-Mail-Adressen enden auf criteo.com. Es sollte nie ein anderes Wort vor oder zwischen \u201eCriteo\u201c und \u201e.com\u201c stehen. So sieht eine echte, regul\u00e4re E-Mail-Adresse von Criteo aus: n.nachname@criteo.com.<\/li>\n<li><strong>Aufforderungen, auf Links zu klicken, die zu einer gef\u00e4lschten Website f\u00fchren<\/strong>: Wenn eine E-Mail einen Link enth\u00e4lt, \u00fcberpr\u00fcft ihn immer, bevor ihr darauf klickt. Ein Link kann auf den ersten Blick v\u00f6llig sicher aussehen, z. B.\u00a0https:\/\/www.criteo.com\/login\/. Fahrt daher mit der Maus \u00fcber den Link, damit die echte URL angezeigt wird. Klickt nur auf den Link, wenn ihr euch wirklich sicher seid, dass er echt ist. Schon der Besuch einer betr\u00fcgerischen Website kann euren Computer mit einem Virus sch\u00e4digen.<\/li>\n<li><strong>E-Mails mit unbekannten Anh\u00e4ngen<\/strong>: \u00d6ffnet niemals einen Anhang, wenn ihr nicht sicher seid, dass er seri\u00f6s und sicher ist. Besonders vorsichtig solltet ihr bei Rechnungen von Unternehmen und Auftragnehmern sein, die euch nicht bekannt sind. Einige Anh\u00e4nge enthalten Viren, die sich beim \u00d6ffnen selbst installieren.<\/li>\n<li><strong>Andere Dinge, auf die du achten solltest<\/strong>: gef\u00e4lschte Rechnungen, vorgebliche \u00c4nderungen von Bankkonten\u2026<\/li>\n<\/ul>\n<p>Was k\u00f6nnt ihr tun, um euch zu sch\u00fctzen?<\/p>\n<p>Wenn ihr eine Meldung erhaltet oder eine Website aufruft, die euch seltsam vorkommt, befolgt diese Schritte:<\/p>\n<ul>\n<li><strong>\u00dcberpr\u00fcft die URL<\/strong>: Wenn ihr den Verdacht habt, dass ihr euch auf einer betr\u00fcgerischen Website befindet, nehmt euch die Zeit und \u00fcberpr\u00fcft die Adressleiste eures Browsers. Stellt dabei sicher, dass die URL \u201ehttps:\/\/www.criteo.com\/\u201c lautet oder zu einer unserer Subdomains geh\u00f6rt, etwa \u201emarketing.criteo.com\u201c.<\/li>\n<li><strong>Antwortet nicht<\/strong>: Auch wenn ihr glaubt, den Absender zu kennen, antwortet auf keine Text- oder E-Mail-Nachricht, die euch verd\u00e4chtig vorkommt.<\/li>\n<li><strong>\u00d6ffnet keine Anh\u00e4nge<\/strong>: Betr\u00fcgerische Textnachrichten und E-Mails k\u00f6nnen einen Virus auf euer Smartphone oder euren Computer \u00fcbertragen.<\/li>\n<li><strong>Klickt auf keine Links<\/strong>: Nur ein einfacher Klick auf einen b\u00f6sartigen Link kann euren Computer kompromittieren.<\/li>\n<li><strong>Hier findest du unsere Seite mit den<\/strong> <a href=\"https:\/\/www.criteo.com\/de\/trust-center\/security\/phishing-campaigns-examples\/\">aktuellen Phishing-Kampagnen<\/a>.<\/li>\n<li><strong>Kontaktiert euren Ansprechpartner bei Criteo<\/strong>: Schickt eurem Ansprechpartner bei Criteo eine formlose E-Mail. Wir helfen euch, die Text- oder E-Mail-Nachricht zu \u00fcberpr\u00fcfen.<\/li>\n<li><strong>Hier kannst du einen<\/strong> <a href=\"https:\/\/www.criteo.com\/de\/trust-center\/security\/phishing-campaigns-examples\/\">Phishing-Versuch melden<\/a>.<\/li>\n<\/ul>\n<p>F\u00fcr weitere Informationen steht euch euer Criteo Account Strategist gerne zur Verf\u00fcgung.<\/p>\n","protected":false},"excerpt":{"rendered":"<p>So erkennt ihr F\u00e4lschungen, Betrug oder Phishing E-Mails und -Nachrichten Aufgepasst! Betr\u00fcger haben es auf eure Criteo-Zugangsdaten abgesehen! Hacker nutzen E-Mails und Textnachrichten, um Menschen dazu zu bringen, sensible pers\u00f6nliche Informationen preiszugeben. Wenn sie die Informationen haben, k\u00f6nnen sie diese nutzen, um verschiedene Arten von Betrug zu begehen, z. B. indem sie die Identit\u00e4t ihre [&hellip;]<\/p>\n","protected":false},"author":159,"featured_media":0,"parent":23072,"menu_order":0,"comment_status":"closed","ping_status":"closed","template":"page-templates\/basic.php","meta":{"_acf_changed":false,"footnotes":""},"coauthors":[626],"class_list":["post-23079","page","type-page","status-publish"],"acf":{"layout_mode":"security-2023","toc_order":"3","has_more_content":false,"storetail_optout":false,"track_page_in_segment":false,"segment_page_name":"","additional_code":"","enable_slide-in":false},"yoast_head":"<!-- This site is optimized with the Yoast SEO plugin v26.4 - https:\/\/yoast.com\/wordpress\/plugins\/seo\/ -->\n<title>So erkennt ihr F\u00e4lschungen, Betrug oder Phishing E-Mails und -Nachrichten | DE - Criteo.com<\/title>\n<meta name=\"robots\" content=\"index, follow, max-snippet:-1, max-image-preview:large, max-video-preview:-1\" \/>\n<link rel=\"canonical\" href=\"https:\/\/www.criteo.com\/de\/trust-center\/security\/how-to-spot-scams\/\" \/>\n<meta property=\"og:locale\" content=\"de_DE\" \/>\n<meta property=\"og:type\" content=\"article\" \/>\n<meta property=\"og:title\" content=\"So erkennt ihr F\u00e4lschungen, Betrug oder Phishing E-Mails und -Nachrichten | DE - Criteo.com\" \/>\n<meta property=\"og:description\" content=\"So erkennt ihr F\u00e4lschungen, Betrug oder Phishing E-Mails und -Nachrichten Aufgepasst! Betr\u00fcger haben es auf eure Criteo-Zugangsdaten abgesehen! Hacker nutzen E-Mails und Textnachrichten, um Menschen dazu zu bringen, sensible pers\u00f6nliche Informationen preiszugeben. Wenn sie die Informationen haben, k\u00f6nnen sie diese nutzen, um verschiedene Arten von Betrug zu begehen, z. B. indem sie die Identit\u00e4t ihre [&hellip;]\" \/>\n<meta property=\"og:url\" content=\"https:\/\/www.criteo.com\/de\/trust-center\/security\/how-to-spot-scams\/\" \/>\n<meta property=\"og:site_name\" content=\"DE - Criteo.com\" \/>\n<meta property=\"article:modified_time\" content=\"2026-05-08T14:00:06+00:00\" \/>\n<meta name=\"twitter:card\" content=\"summary_large_image\" \/>\n<meta name=\"twitter:label1\" content=\"Est. reading time\" \/>\n\t<meta name=\"twitter:data1\" content=\"4 minutes\" \/>\n<script type=\"application\/ld+json\" class=\"yoast-schema-graph\">{\n\t    \"@context\": \"https:\/\/schema.org\",\n\t    \"@graph\": [\n\t        {\n\t            \"@type\": \"WebPage\",\n\t            \"@id\": \"https:\/\/www.criteo.com\/de\/trust-center\/security\/how-to-spot-scams\/\",\n\t            \"url\": \"https:\/\/www.criteo.com\/de\/trust-center\/security\/how-to-spot-scams\/\",\n\t            \"name\": \"So erkennt ihr F\u00e4lschungen, Betrug oder Phishing E-Mails und -Nachrichten | DE - Criteo.com\",\n\t            \"isPartOf\": {\n\t                \"@id\": \"https:\/\/www.criteo.com\/de\/#website\"\n\t            },\n\t            \"datePublished\": \"2023-07-03T19:33:38+00:00\",\n\t            \"dateModified\": \"2026-05-08T14:00:06+00:00\",\n\t            \"breadcrumb\": {\n\t                \"@id\": \"https:\/\/www.criteo.com\/de\/trust-center\/security\/how-to-spot-scams\/#breadcrumb\"\n\t            },\n\t            \"inLanguage\": \"de-DE\",\n\t            \"potentialAction\": [\n\t                {\n\t                    \"@type\": \"ReadAction\",\n\t                    \"target\": [\n\t                        \"https:\/\/www.criteo.com\/de\/trust-center\/security\/how-to-spot-scams\/\"\n\t                    ]\n\t                }\n\t            ]\n\t        },\n\t        {\n\t            \"@type\": \"BreadcrumbList\",\n\t            \"@id\": \"https:\/\/www.criteo.com\/de\/trust-center\/security\/how-to-spot-scams\/#breadcrumb\",\n\t            \"itemListElement\": [\n\t                {\n\t                    \"@type\": \"ListItem\",\n\t                    \"position\": 1,\n\t                    \"name\": \"Home\",\n\t                    \"item\": \"https:\/\/www.criteo.com\/de\/\"\n\t                },\n\t                {\n\t                    \"@type\": \"ListItem\",\n\t                    \"position\": 2,\n\t                    \"name\": \"Trust Center\",\n\t                    \"item\": \"https:\/\/www.criteo.com\/de\/trust-center\/\"\n\t                },\n\t                {\n\t                    \"@type\": \"ListItem\",\n\t                    \"position\": 3,\n\t                    \"name\": \"Sicherheit\",\n\t                    \"item\": \"https:\/\/www.criteo.com\/de\/trust-center\/security\/\"\n\t                },\n\t                {\n\t                    \"@type\": \"ListItem\",\n\t                    \"position\": 4,\n\t                    \"name\": \"So erkennt ihr F\u00e4lschungen, Betrug oder Phishing E-Mails und -Nachrichten\"\n\t                }\n\t            ]\n\t        },\n\t        {\n\t            \"@type\": \"WebSite\",\n\t            \"@id\": \"https:\/\/www.criteo.com\/de\/#website\",\n\t            \"url\": \"https:\/\/www.criteo.com\/de\/\",\n\t            \"name\": \"DE - Criteo.com\",\n\t            \"description\": \"\",\n\t            \"publisher\": {\n\t                \"@id\": \"https:\/\/www.criteo.com\/de\/#organization\"\n\t            },\n\t            \"potentialAction\": [\n\t                {\n\t                    \"@type\": \"SearchAction\",\n\t                    \"target\": {\n\t                        \"@type\": \"EntryPoint\",\n\t                        \"urlTemplate\": \"https:\/\/www.criteo.com\/de\/?s={search_term_string}\"\n\t                    },\n\t                    \"query-input\": {\n\t                        \"@type\": \"PropertyValueSpecification\",\n\t                        \"valueRequired\": true,\n\t                        \"valueName\": \"search_term_string\"\n\t                    }\n\t                }\n\t            ],\n\t            \"inLanguage\": \"de-DE\"\n\t        },\n\t        {\n\t            \"@type\": \"Organization\",\n\t            \"@id\": \"https:\/\/www.criteo.com\/de\/#organization\",\n\t            \"name\": \"Criteo\",\n\t            \"alternateName\": \"Criteo corp\",\n\t            \"url\": \"https:\/\/www.criteo.com\/de\/\",\n\t            \"logo\": {\n\t                \"@type\": \"ImageObject\",\n\t                \"inLanguage\": \"de-DE\",\n\t                \"@id\": \"https:\/\/www.criteo.com\/de\/#\/schema\/logo\/image\/\",\n\t                \"url\": \"https:\/\/www.criteo.com\/de\/wp-content\/uploads\/sites\/3\/2024\/02\/Criteo-Logo.svg\",\n\t                \"contentUrl\": \"https:\/\/www.criteo.com\/de\/wp-content\/uploads\/sites\/3\/2024\/02\/Criteo-Logo.svg\",\n\t                \"width\": 118,\n\t                \"height\": 24,\n\t                \"caption\": \"Criteo\"\n\t            },\n\t            \"image\": {\n\t                \"@id\": \"https:\/\/www.criteo.com\/de\/#\/schema\/logo\/image\/\"\n\t            }\n\t        }\n\t    ]\n\t}<\/script>\n<!-- \/ Yoast SEO plugin. -->","yoast_head_json":{"title":"So erkennt ihr F\u00e4lschungen, Betrug oder Phishing E-Mails und -Nachrichten | DE - Criteo.com","robots":{"index":"index","follow":"follow","max-snippet":"max-snippet:-1","max-image-preview":"max-image-preview:large","max-video-preview":"max-video-preview:-1"},"canonical":"https:\/\/www.criteo.com\/de\/trust-center\/security\/how-to-spot-scams\/","og_locale":"de_DE","og_type":"article","og_title":"So erkennt ihr F\u00e4lschungen, Betrug oder Phishing E-Mails und -Nachrichten | DE - Criteo.com","og_description":"So erkennt ihr F\u00e4lschungen, Betrug oder Phishing E-Mails und -Nachrichten Aufgepasst! Betr\u00fcger haben es auf eure Criteo-Zugangsdaten abgesehen! Hacker nutzen E-Mails und Textnachrichten, um Menschen dazu zu bringen, sensible pers\u00f6nliche Informationen preiszugeben. Wenn sie die Informationen haben, k\u00f6nnen sie diese nutzen, um verschiedene Arten von Betrug zu begehen, z. B. indem sie die Identit\u00e4t ihre [&hellip;]","og_url":"https:\/\/www.criteo.com\/de\/trust-center\/security\/how-to-spot-scams\/","og_site_name":"DE - Criteo.com","article_modified_time":"2026-05-08T14:00:06+00:00","twitter_card":"summary_large_image","twitter_misc":{"Est. reading time":"4 minutes"},"schema":{"@context":"https:\/\/schema.org","@graph":[{"@type":"WebPage","@id":"https:\/\/www.criteo.com\/de\/trust-center\/security\/how-to-spot-scams\/","url":"https:\/\/www.criteo.com\/de\/trust-center\/security\/how-to-spot-scams\/","name":"So erkennt ihr F\u00e4lschungen, Betrug oder Phishing E-Mails und -Nachrichten | DE - Criteo.com","isPartOf":{"@id":"https:\/\/www.criteo.com\/de\/#website"},"datePublished":"2023-07-03T19:33:38+00:00","dateModified":"2026-05-08T14:00:06+00:00","breadcrumb":{"@id":"https:\/\/www.criteo.com\/de\/trust-center\/security\/how-to-spot-scams\/#breadcrumb"},"inLanguage":"de-DE","potentialAction":[{"@type":"ReadAction","target":["https:\/\/www.criteo.com\/de\/trust-center\/security\/how-to-spot-scams\/"]}]},{"@type":"BreadcrumbList","@id":"https:\/\/www.criteo.com\/de\/trust-center\/security\/how-to-spot-scams\/#breadcrumb","itemListElement":[{"@type":"ListItem","position":1,"name":"Home","item":"https:\/\/www.criteo.com\/de\/"},{"@type":"ListItem","position":2,"name":"Trust Center","item":"https:\/\/www.criteo.com\/de\/trust-center\/"},{"@type":"ListItem","position":3,"name":"Sicherheit","item":"https:\/\/www.criteo.com\/de\/trust-center\/security\/"},{"@type":"ListItem","position":4,"name":"So erkennt ihr F\u00e4lschungen, Betrug oder Phishing E-Mails und -Nachrichten"}]},{"@type":"WebSite","@id":"https:\/\/www.criteo.com\/de\/#website","url":"https:\/\/www.criteo.com\/de\/","name":"DE - Criteo.com","description":"","publisher":{"@id":"https:\/\/www.criteo.com\/de\/#organization"},"potentialAction":[{"@type":"SearchAction","target":{"@type":"EntryPoint","urlTemplate":"https:\/\/www.criteo.com\/de\/?s={search_term_string}"},"query-input":{"@type":"PropertyValueSpecification","valueRequired":true,"valueName":"search_term_string"}}],"inLanguage":"de-DE"},{"@type":"Organization","@id":"https:\/\/www.criteo.com\/de\/#organization","name":"Criteo","alternateName":"Criteo corp","url":"https:\/\/www.criteo.com\/de\/","logo":{"@type":"ImageObject","inLanguage":"de-DE","@id":"https:\/\/www.criteo.com\/de\/#\/schema\/logo\/image\/","url":"https:\/\/www.criteo.com\/de\/wp-content\/uploads\/sites\/3\/2024\/02\/Criteo-Logo.svg","contentUrl":"https:\/\/www.criteo.com\/de\/wp-content\/uploads\/sites\/3\/2024\/02\/Criteo-Logo.svg","width":118,"height":24,"caption":"Criteo"},"image":{"@id":"https:\/\/www.criteo.com\/de\/#\/schema\/logo\/image\/"}}]}},"_links":{"self":[{"href":"https:\/\/www.criteo.com\/de\/wp-json\/wp\/v2\/pages\/23079","targetHints":{"allow":["GET"]}}],"collection":[{"href":"https:\/\/www.criteo.com\/de\/wp-json\/wp\/v2\/pages"}],"about":[{"href":"https:\/\/www.criteo.com\/de\/wp-json\/wp\/v2\/types\/page"}],"author":[{"embeddable":true,"href":"https:\/\/www.criteo.com\/de\/wp-json\/wp\/v2\/users\/159"}],"replies":[{"embeddable":true,"href":"https:\/\/www.criteo.com\/de\/wp-json\/wp\/v2\/comments?post=23079"}],"version-history":[{"count":4,"href":"https:\/\/www.criteo.com\/de\/wp-json\/wp\/v2\/pages\/23079\/revisions"}],"predecessor-version":[{"id":23085,"href":"https:\/\/www.criteo.com\/de\/wp-json\/wp\/v2\/pages\/23079\/revisions\/23085"}],"up":[{"embeddable":true,"href":"https:\/\/www.criteo.com\/de\/wp-json\/wp\/v2\/pages\/23072"}],"wp:attachment":[{"href":"https:\/\/www.criteo.com\/de\/wp-json\/wp\/v2\/media?parent=23079"}],"wp:term":[{"taxonomy":"author","embeddable":true,"href":"https:\/\/www.criteo.com\/de\/wp-json\/wp\/v2\/coauthors?post=23079"}],"curies":[{"name":"wp","href":"https:\/\/api.w.org\/{rel}","templated":true}]}}