{"id":23086,"date":"2024-12-23T16:40:56","date_gmt":"2024-12-23T21:40:56","guid":{"rendered":"https:\/\/www.criteo.com\/?page_id=410772"},"modified":"2026-05-08T17:13:52","modified_gmt":"2026-05-08T17:13:52","slug":"privacy-commitment","status":"publish","type":"page","link":"https:\/\/www.criteo.com\/de\/trust-center\/privacy-commitment\/","title":{"rendered":"Criteo&#8217;s Privacy Commitment"},"content":{"rendered":"","protected":false},"excerpt":{"rendered":"","protected":false},"author":55,"featured_media":0,"parent":23033,"menu_order":0,"comment_status":"closed","ping_status":"closed","template":"page-templates\/pageModular2020.php","meta":{"_acf_changed":false,"footnotes":""},"coauthors":[632],"class_list":["post-23086","page","type-page","status-publish"],"acf":{"stae_popup_enable":false,"track_page_in_segment":false,"segment_page_name":"","layouts":[{"acf_fc_layout":"hero_2023","hero_2023":{"section_customization":{"anchor_id":"","background_type":"solid-color","background_color":{"color":"snowy-mint"},"background_gradient":"","background_image":false,"background_image_position":"center-center","background_overlay":"none","use_custom_paddings":false,"custom_padding":{"desktop_top":"","desktop_bottom":"","mobile_top":"","mobile_bottom":""},"use_custom_margins":false,"custom_margins":{"desktop_top_margin":"","desktop_bottom_margin":"","mobile_top_margin":"","mobile_bottom_margin":""}},"intro":{"intro":{"show_intro_block":true,"image_as_caption":false,"image":false,"caption":"DATENSCHUTZ","caption_is_page_title":false,"title":"Werbedienstleistungen, die Datenschutz & Privatsph\u00e4re in den Vordergrund stellen","title_size":"h4","description":"<p>Alles, was wir entwerfen und entwickeln, folgt unserem \u201ePrivacy by Design\u201c-Ethos, der die h\u00f6chsten Standards f\u00fcr Vertraulichkeit, Verf\u00fcgbarkeit und Sicherheit f\u00fcr alle Nutzer gew\u00e4hrleistet.<\/p>\n","description_font_size":"default"}},"button":{"type":"internal","text":"","link_internal":"","link_media":false,"link_external":"https:\/\/www.criteo.com\/talk-to-an-expert\/","link_embed":"","link_email":"","email_subject":"","page_element_id":"","variant":"default","ai_variant":"gradient-border","icon":"none","ai_icon":"none","new_window":[],"track_button":false,"button_location":false,"event_type":false,"button_classes":"","button_message":""},"add_image":false,"image":false}},{"acf_fc_layout":"product_details","product_details":{"section_customization":{"anchor_id":"","background_type":"solid-color","background_color":{"color":"natural-smoke"},"background_gradient":"","background_image":false,"background_image_position":"center-center","background_overlay":"none","use_custom_paddings":false,"custom_padding":{"desktop_top":"100","desktop_bottom":"75","mobile_top":"25","mobile_bottom":"25"},"use_custom_margins":false,"custom_margins":{"desktop_top_margin":"","desktop_bottom_margin":"","mobile_top_margin":"","mobile_bottom_margin":""}},"intro":{"intro":{"show_intro_block":true,"image_as_caption":false,"image":false,"caption":"","caption_is_page_title":false,"title":"Unsere Selbstverpflichtung zum Datenschutz","title_size":"h4","description":"<p>Criteo mit Sitz in Paris, Frankreich, ist ein globales Unternehmen mit einem starken Fundament an Datenschutzbestimmungen, Branchenstandards und Best Practices.<\/p>\n<p>Bei der Entwicklung unserer Dienste achten wir auf Datenschutz &amp; Privatsph\u00e4re f\u00fcr User. Dazu geh\u00f6ren auch der Einsatz von Technologien wie Pseudonymisierung oder Praktiken wie Datenminimierung.<\/p>\n<p>Um unseren Fokus auf den Datenschutz aufrechtzuerhalten, haben wir ein Datenschutzb\u00fcro eingerichtet und einen Datenschutzbeauftragten (DSB) ernannt, der eng mit unseren Forschungs-, Entwicklungs- und Produktteams zusammenarbeitet.<\/p>\n","description_font_size":"default"}},"row_nums":"single","intro_inside_a_column":true,"switch_columns":false,"use_wider_layout":true,"use_wider_intro":true,"add_additional_boxes_below":false,"add_three_stats_above":false,"top_align_columns":false,"uo_list_style_discs":false,"":null,"stats":false,"media_type":"image","image":{"ID":23092,"id":23092,"title":"Cyber security, personal data protection, and business privacy concept. Shield and lock icon in the air while woman scanned by her finger for access identification while using laptop computer.","filename":"Privacy-scaled-1.jpeg","filesize":84656,"url":"https:\/\/www.criteo.com\/de\/wp-content\/uploads\/sites\/3\/2026\/05\/Privacy-scaled-1.jpeg","link":"https:\/\/www.criteo.com\/de\/trust-center\/privacy-commitment\/cyber-security-personal-data-protection-and-business-privacy-concept-shield-and-lock-icon-in-the-air-while-woman-scanned-by-her-finger-for-access-identification-while-using-laptop-computer\/","alt":"","author":"198","description":"","caption":"Cyber security, personal data protection, and business privacy concept. Shield and lock icon in the air while woman scanned by her finger for access identification while using laptop computer.","name":"cyber-security-personal-data-protection-and-business-privacy-concept-shield-and-lock-icon-in-the-air-while-woman-scanned-by-her-finger-for-access-identification-while-using-laptop-computer","status":"inherit","uploaded_to":23086,"date":"2026-05-08 15:56:19","modified":"2026-05-08 16:35:09","menu_order":0,"mime_type":"image\/jpeg","type":"image","subtype":"jpeg","icon":"https:\/\/www.criteo.com\/de\/wp-includes\/images\/media\/default.png","width":2048,"height":1536,"sizes":{"thumbnail":"https:\/\/www.criteo.com\/de\/wp-content\/uploads\/sites\/3\/2026\/05\/Privacy-scaled-1-150x150.jpeg","thumbnail-width":150,"thumbnail-height":150,"medium":"https:\/\/www.criteo.com\/de\/wp-content\/uploads\/sites\/3\/2026\/05\/Privacy-scaled-1-300x225.jpeg","medium-width":300,"medium-height":225,"medium_large":"https:\/\/www.criteo.com\/de\/wp-content\/uploads\/sites\/3\/2026\/05\/Privacy-scaled-1-768x576.jpeg","medium_large-width":640,"medium_large-height":480,"large":"https:\/\/www.criteo.com\/de\/wp-content\/uploads\/sites\/3\/2026\/05\/Privacy-scaled-1-1024x768.jpeg","large-width":640,"large-height":480,"1536x1536":"https:\/\/www.criteo.com\/de\/wp-content\/uploads\/sites\/3\/2026\/05\/Privacy-scaled-1-1536x1152.jpeg","1536x1536-width":1536,"1536x1536-height":1152,"2048x2048":"https:\/\/www.criteo.com\/de\/wp-content\/uploads\/sites\/3\/2026\/05\/Privacy-scaled-1.jpeg","2048x2048-width":2048,"2048x2048-height":1536,"success-story":"https:\/\/www.criteo.com\/de\/wp-content\/uploads\/sites\/3\/2026\/05\/Privacy-scaled-1-630x473.jpeg","success-story-width":630,"success-story-height":473,"profile_24":"https:\/\/www.criteo.com\/de\/wp-content\/uploads\/sites\/3\/2026\/05\/Privacy-scaled-1-24x24.jpeg","profile_24-width":24,"profile_24-height":24,"profile_48":"https:\/\/www.criteo.com\/de\/wp-content\/uploads\/sites\/3\/2026\/05\/Privacy-scaled-1-48x48.jpeg","profile_48-width":48,"profile_48-height":48,"profile_96":"https:\/\/www.criteo.com\/de\/wp-content\/uploads\/sites\/3\/2026\/05\/Privacy-scaled-1-96x96.jpeg","profile_96-width":96,"profile_96-height":96,"profile_150":"https:\/\/www.criteo.com\/de\/wp-content\/uploads\/sites\/3\/2026\/05\/Privacy-scaled-1-150x150.jpeg","profile_150-width":150,"profile_150-height":150,"profile_300":"https:\/\/www.criteo.com\/de\/wp-content\/uploads\/sites\/3\/2026\/05\/Privacy-scaled-1-300x300.jpeg","profile_300-width":300,"profile_300-height":300}},"background_wave":false,"video_iframe_url":"","icon":false,"subtitle":"","description":"","link_list":false,"stack_links":false,"block_links":false,"cta_button":{"type":"internal","text":"","link_internal":"","link_media":false,"link_external":"","link_embed":"","link_email":"","email_subject":"","page_element_id":"","variant":"default","ai_variant":"gradient-border","icon":"none","ai_icon":"none","new_window":[],"track_button":false,"button_location":false,"event_type":false,"button_classes":"","button_message":""},"product_detail_rows":false,"additional_boxes_subtitle":"","left_align_subtitle":false,"use_learn_more_button":false,"boxes":false}},{"acf_fc_layout":"text_only","text_only":{"section_customization":{"anchor_id":"","background_type":"none","background_color":{"color":"Sunrise"},"background_gradient":"","background_image":false,"background_image_position":"center-center","background_overlay":"none","use_custom_paddings":false,"custom_padding":{"desktop_top":"180","desktop_bottom":"170","mobile_top":"25","mobile_bottom":"25"},"use_custom_margins":false,"custom_margins":{"desktop_top_margin":"","desktop_bottom_margin":"","mobile_top_margin":"","mobile_bottom_margin":""}},"intro":{"intro":{"show_intro_block":true,"image_as_caption":false,"image":false,"caption":"","caption_is_page_title":false,"title":"Unsere Grundprinzipien f\u00fcr den Datenschutz","title_size":"h4","description":"<p>Dies sind die Regeln, die wir befolgen, um Nutzer, Kunden und Partner zu sch\u00fctzen.<\/p>\n<p>&nbsp;<\/p>\n","description_font_size":"default"}},"text_in_two_columns":false,"text":"\n<table id=\"tablepress-4\" class=\"tablepress tablepress-id-4 tablepress-responsive\">\n<tbody class=\"row-striping row-hover\">\n<tr class=\"row-1\">\n\t<td class=\"column-1\"><h5>1. Wir gew\u00e4hrleisten Datenschutz &amp; Privatsph\u00e4re durch Pseudonymisierung und Datenminimierung.<\/h5><br \/>\nWir verwenden keine personenbezogenen Daten wie Namen, E-Mail-Adressen oder Telefonnummern, um unsere Dienste anzubieten. Unsere Technologien st\u00fctzen sich auf pseudonymisierte Identifikatoren, die es uns nicht erm\u00f6glichen, User direkt zu identifizieren (z. B. eine Criteo UID, die Werbe-ID eines Ger\u00e4ts oder eine gehashte E-Mail), sowie auf begrenzte Daten, wie die technischen Spezifikationen des Ger\u00e4ts eines Users oder Browsing-Events wie angesehene und gekaufte Produkte. Wir sammeln oder verwenden niemals sensible Daten wie Ethnie oder ethnische Herkunft, politische Meinungen, religi\u00f6se \u00dcberzeugungen, genetische oder biometrische Daten, gesundheitsbezogene Informationen oder Daten \u00fcber das Sexualleben oder die sexuelle Orientierung einer Person. Weitere Informationen findet ihr in unserer <a href=\"https:\/\/www.criteo.com\/de\/privacy\/how-we-use-your-data\/\" target=\"_blank\">Datenschutzrichtlinie<\/a>.<\/td>\n<\/tr>\n<tr class=\"row-2\">\n\t<td class=\"column-1\"><h5>2. Wir beschr\u00e4nken die Datenspeicherung auf das absolut Notwendige.<\/h5><br \/>\nWir speichern die Nutzerdaten ab dem Zeitpunkt der Erhebung f\u00fcr maximal 13 Monate. Diese Zeitspanne entspricht nicht nur den Datenschutzbestimmungen, sondern erh\u00f6ht auch den Wert f\u00fcr unsere Kunden und Partner, indem sie einige wichtige Funktionen erm\u00f6glicht, z. B. die Frequenzbegrenzung, Erfolgsmessung oder die Analyse der Kaufabsichten. Nach dieser 13-monatigen Frist werden nur die aggregierten Daten (z. B. die Gesamtzahl der Sales eines Partners) aufbewahrt.<\/td>\n<\/tr>\n<tr class=\"row-3\">\n\t<td class=\"column-1\"><h5>3. Wir stellen sicher, dass personenbezogene Daten so nah wie m\u00f6glich bei unseren Kunden und Partnern verbleiben.<\/h5><br \/>\nWir bem\u00fchen uns, die uns von unseren Kunden und Partnern anvertrauten Daten im dem jeweiligen Standort des Nutzers und unseres Kunden oder Partners n\u00e4chstgelegenen Rechenzentrum zu verarbeiten. Die von unseren europ\u00e4ischen Kunden und Partnern erhobenen Nutzerdaten werden in den Rechenzentren von Criteo in Frankreich sowie in den Niederlanden verarbeitet und gespeichert. F\u00fcr Kunden und Partner in Nord-, Mittel- und S\u00fcdamerika sowie in der APAC-Region werden die Nutzerdaten in den jeweiligen geografischen Regionen erfasst und verarbeitet.<\/td>\n<\/tr>\n<tr class=\"row-4\">\n\t<td class=\"column-1\"><h5>4. Wir machen es den Nutzern so einfach wie m\u00f6glich, ihre Rechte wahrzunehmen<\/h5><br \/>\nWir legen gro\u00dfen Wert auf Transparenz und erm\u00f6glichen es den Nutzern, ihre Rechte nach den geltenden Gesetzen und Vorschriften auszu\u00fcben, insbesondere nach der europ\u00e4ischen Datenschutzgrundverordnung (DSGVO\/GDPR) sowie dem California Consumer Privacy Act (CCPA). Wir haben klare und benutzerfreundliche Prozesse implementiert, um sicherzustellen, dass die Nutzer ihre Rechte, wie z. B. Zugriff, L\u00f6schung und Opt-out, leicht wahrnehmen k\u00f6nnen. Unser engagiertes Datenschutzteam steht jederzeit f\u00fcr alle datenbezogenen Anfragen zur Verf\u00fcgung. Wir verpflichten uns zudem, alle Anfragen umgehend und effektiv zu beantworten. Weitere Informationen findet ihr in unserer <a href=\"https:\/\/www.criteo.com\/de\/privacy\/your-rights\/\" target=\"_blank\">Datenschutzrichtlinie<\/a>.<\/td>\n<\/tr>\n<tr class=\"row-5\">\n\t<td class=\"column-1\"><h5>5. Wir stellen hohe Anforderungen an unsere Werbe- und Publisher-Partner<\/h5><br \/>\nUm ein vertrauensw\u00fcrdiges Werbe-\u00d6kosystem aufrechtzuerhalten, erwarten wir von unseren Kunden und Partnern, dass sie sich an strenge ethische Standards halten und die geltenden Datenschutzgesetze und -vorschriften strikt einhalten. Wir verpflichten sie vertraglich dazu, angemessene Datenschutzhinweise und -informationen auf ihren Websites und in ihren mobilen Apps anzuzeigen, die Zustimmung der Nutzer einzuholen, bevor sie Cookies oder Tags von Criteo auf ihrem Ger\u00e4t oder Browser platzieren, und den Nutzern eine einfache M\u00f6glichkeit zu bieten, die Dienste von Criteo zu deaktivieren. Weitere Informationen findet ihr in den <a href=\"https:\/\/www.criteo.com\/de\/criteo-privacy-guidelines-for-clients-and-publisher-partners\/\" target=\"_blank\">Datenschutzrichtlinien von Criteo f\u00fcr Kunden und Publisher-Partner<\/a>.<\/td>\n<\/tr>\n<\/tbody>\n<\/table>\n<!-- #tablepress-4 from cache -->\n","text_second_column":""}},{"acf_fc_layout":"info_boxes_2025","info_boxes_2025":{"title":"Wir stehen f\u00fcr mehr Transparenz bei personalisierter Werbung","subtitle":"Wir beteiligen uns an den wichtigsten Brancheninitiativen zur F\u00f6rderung von mehr Transparenz und Nutzerkontrolle \u00fcber personalisierte Werbung.","add_labels":false,"info_boxes":[{"label":"","title":"Digital Advertising Alliance","description":"Criteo befolgt die <a href=\"https:\/\/digitaladvertisingalliance.org\/principles\" target=\"_blank\" rel=\"noopener noreferrer\">Selbstregulierungsgrunds\u00e4tze der Digital Advertising Alliance (DAA) f\u00fcr verhaltensorientierte Internetwerbung<\/a> und ist auch in die <a href=\"http:\/\/optout.aboutads.info\/?c=2&amp;lang=EN\" target=\"_blank\" rel=\"noopener noreferrer\">Abmelde-Plattform \u201eYourAdChoices\u201c der DAA<\/a>integriert. Diese Plattform bietet euch die M\u00f6glichkeit, eure Entscheidungen hinsichtlich Online-Werbung an alle teilnehmenden Unternehmen zu kommunizieren. Dazu geh\u00f6rt auch das Deaktivieren der entsprechenden Services. <br> <br> <div><a href=\"https:\/\/digitaladvertisingalliance.org\/principles\" target=\"_blank\"><img style=\"border: none\" src=\"https:\/\/www.criteo.com\/wp-content\/uploads\/2025\/01\/daa.png\" alt=\"Digital Advertising Alliance\"\/><\/a><\/div>","optional_link":""},{"label":"","title":"Europ\u00e4ische Allianz f\u00fcr digitale Werbung","description":"Criteo erf\u00fcllt die <a href=\"https:\/\/www.edaa.eu\/european-principles\/\" target=\"_blank\" rel=\"noopener noreferrer\">Selbstregulierungsprinzipien der Europ\u00e4ischen Allianz f\u00fcr digitale Werbung (EDAA)<\/a>. Criteo Dynamic Retargeting wurde von der EDAA unabh\u00e4ngig f\u00fcr den Datenschutz zertifiziert. <br> <br>   <div><a href=\"\/\/privacy.trustarc.com\/privacy-seal\/validation?rid=3056b801-7e42-43ba-b4db-565816acda64\" target=\"_blank\"><img style=\"border: none\" src=\"\/\/hostedseal.trustarc.com\/privacy-seal\/seal?rid=3056b801-7e42-43ba-b4db-565816acda64\" alt=\"TRUSTe\"\/><\/a><\/div>","optional_link":""},{"label":"","title":"IAB Europe","description":"Criteo ist Mitglied des <a href=\"https:\/\/iabeurope.eu\/transparency-consent-framework\/\" target=\"_blank\" rel=\"noopener noreferrer\">IAB Europe Transparency & Consent Framework<\/a> und befolgt dessen Spezifikationen und Richtlinien. Criteos ID-Nummer in diesem Framework ist 91.<br> <br> <div><a href=\"https:\/\/iabeurope.eu\/\" target=\"_blank\"><img style=\"border: none\" src=\"https:\/\/www.criteo.com\/wp-content\/uploads\/2026\/02\/IAB-logo-1.png\" alt=\"IAB Europe\"\/><\/a><\/div>","optional_link":""},{"label":"","title":"Network Advertising Initiative","description":"Criteo befolgt den <a href=\"https:\/\/thenai.org\/self-regulatory-framework\/\" target=\"_blank\" rel=\"noopener noreferrer\">NAI-Selbstregulierungsrahmen<\/a>, der euch die M\u00f6glichkeit bietet, allen beteiligten Akteuren eure Entscheidungen in Bezug auf Online-Werbung mitzuteilen \u2013 insbesondere euren Wunsch, die entsprechenden Dienste zu deaktivieren.<br> <br>  <a href=\"https:\/\/thenai.org\/verify\/nai_q5zni5u7oe5u\" target=\"_blank\" rel=\"noopener\">  <img src=\"https:\/\/thenai.org\/wp-json\/nai-badge\/v1\/badge\/nai_q5zni5u7oe5u\/png?theme=d ark\"  alt=\"NAI Member Badge - Criteo\"  width=\"200\"  style=\"border: 0; height: auto;\"> <\/a>","optional_link":""}]}}],"additional_code":"","remove_header":false,"add_password_protected_layout":false,"use_transparent_header":false,"remove_footer":false,"use_transparent_header_dark_menus":true,"use_transparent_header_normal":false,"remove_from_internal_search":false,"background_color_modular":"white","strip_the_header":false,"override_buttons":false,"enable_slide-in":false},"yoast_head":"<!-- This site is optimized with the Yoast SEO plugin v26.4 - https:\/\/yoast.com\/wordpress\/plugins\/seo\/ -->\n<title>Privacy Commitment | DE - Criteo.com<\/title>\n<meta name=\"description\" content=\"Die Dienste von Criteo werden unter maximaler Beachtung von Datenschutz &amp; Privatsph\u00e4re konzipiert und entwickelt.\" \/>\n<meta name=\"robots\" content=\"index, follow, max-snippet:-1, max-image-preview:large, max-video-preview:-1\" \/>\n<link rel=\"canonical\" href=\"https:\/\/www.criteo.com\/de\/trust-center\/privacy-commitment\/\" \/>\n<meta property=\"og:locale\" content=\"de_DE\" \/>\n<meta property=\"og:type\" content=\"article\" \/>\n<meta property=\"og:title\" content=\"Privacy Commitment | DE - Criteo.com\" \/>\n<meta property=\"og:description\" content=\"Die Dienste von Criteo werden unter maximaler Beachtung von Datenschutz &amp; Privatsph\u00e4re konzipiert und entwickelt.\" \/>\n<meta property=\"og:url\" content=\"https:\/\/www.criteo.com\/de\/trust-center\/privacy-commitment\/\" \/>\n<meta property=\"og:site_name\" content=\"DE - Criteo.com\" \/>\n<meta property=\"article:modified_time\" content=\"2026-05-08T17:13:52+00:00\" \/>\n<meta name=\"twitter:card\" content=\"summary_large_image\" \/>\n<script type=\"application\/ld+json\" class=\"yoast-schema-graph\">{\n\t    \"@context\": \"https:\/\/schema.org\",\n\t    \"@graph\": [\n\t        {\n\t            \"@type\": \"WebPage\",\n\t            \"@id\": \"https:\/\/www.criteo.com\/de\/trust-center\/privacy-commitment\/\",\n\t            \"url\": \"https:\/\/www.criteo.com\/de\/trust-center\/privacy-commitment\/\",\n\t            \"name\": \"Privacy Commitment | DE - Criteo.com\",\n\t            \"isPartOf\": {\n\t                \"@id\": \"https:\/\/www.criteo.com\/de\/#website\"\n\t            },\n\t            \"datePublished\": \"2024-12-23T21:40:56+00:00\",\n\t            \"dateModified\": \"2026-05-08T17:13:52+00:00\",\n\t            \"description\": \"Die Dienste von Criteo werden unter maximaler Beachtung von Datenschutz & Privatsph\u00e4re konzipiert und entwickelt.\",\n\t            \"breadcrumb\": {\n\t                \"@id\": \"https:\/\/www.criteo.com\/de\/trust-center\/privacy-commitment\/#breadcrumb\"\n\t            },\n\t            \"inLanguage\": \"de-DE\",\n\t            \"potentialAction\": [\n\t                {\n\t                    \"@type\": \"ReadAction\",\n\t                    \"target\": [\n\t                        \"https:\/\/www.criteo.com\/de\/trust-center\/privacy-commitment\/\"\n\t                    ]\n\t                }\n\t            ]\n\t        },\n\t        {\n\t            \"@type\": \"BreadcrumbList\",\n\t            \"@id\": \"https:\/\/www.criteo.com\/de\/trust-center\/privacy-commitment\/#breadcrumb\",\n\t            \"itemListElement\": [\n\t                {\n\t                    \"@type\": \"ListItem\",\n\t                    \"position\": 1,\n\t                    \"name\": \"Home\",\n\t                    \"item\": \"https:\/\/www.criteo.com\/de\/\"\n\t                },\n\t                {\n\t                    \"@type\": \"ListItem\",\n\t                    \"position\": 2,\n\t                    \"name\": \"Trust Center\",\n\t                    \"item\": \"https:\/\/www.criteo.com\/de\/trust-center\/\"\n\t                },\n\t                {\n\t                    \"@type\": \"ListItem\",\n\t                    \"position\": 3,\n\t                    \"name\": \"Criteo&#8217;s Privacy Commitment\"\n\t                }\n\t            ]\n\t        },\n\t        {\n\t            \"@type\": \"WebSite\",\n\t            \"@id\": \"https:\/\/www.criteo.com\/de\/#website\",\n\t            \"url\": \"https:\/\/www.criteo.com\/de\/\",\n\t            \"name\": \"DE - Criteo.com\",\n\t            \"description\": \"\",\n\t            \"publisher\": {\n\t                \"@id\": \"https:\/\/www.criteo.com\/de\/#organization\"\n\t            },\n\t            \"potentialAction\": [\n\t                {\n\t                    \"@type\": \"SearchAction\",\n\t                    \"target\": {\n\t                        \"@type\": \"EntryPoint\",\n\t                        \"urlTemplate\": \"https:\/\/www.criteo.com\/de\/?s={search_term_string}\"\n\t                    },\n\t                    \"query-input\": {\n\t                        \"@type\": \"PropertyValueSpecification\",\n\t                        \"valueRequired\": true,\n\t                        \"valueName\": \"search_term_string\"\n\t                    }\n\t                }\n\t            ],\n\t            \"inLanguage\": \"de-DE\"\n\t        },\n\t        {\n\t            \"@type\": \"Organization\",\n\t            \"@id\": \"https:\/\/www.criteo.com\/de\/#organization\",\n\t            \"name\": \"Criteo\",\n\t            \"alternateName\": \"Criteo corp\",\n\t            \"url\": \"https:\/\/www.criteo.com\/de\/\",\n\t            \"logo\": {\n\t                \"@type\": \"ImageObject\",\n\t                \"inLanguage\": \"de-DE\",\n\t                \"@id\": \"https:\/\/www.criteo.com\/de\/#\/schema\/logo\/image\/\",\n\t                \"url\": \"https:\/\/www.criteo.com\/de\/wp-content\/uploads\/sites\/3\/2024\/02\/Criteo-Logo.svg\",\n\t                \"contentUrl\": \"https:\/\/www.criteo.com\/de\/wp-content\/uploads\/sites\/3\/2024\/02\/Criteo-Logo.svg\",\n\t                \"width\": 118,\n\t                \"height\": 24,\n\t                \"caption\": \"Criteo\"\n\t            },\n\t            \"image\": {\n\t                \"@id\": \"https:\/\/www.criteo.com\/de\/#\/schema\/logo\/image\/\"\n\t            }\n\t        }\n\t    ]\n\t}<\/script>\n<!-- \/ Yoast SEO plugin. -->","yoast_head_json":{"title":"Privacy Commitment | DE - Criteo.com","description":"Die Dienste von Criteo werden unter maximaler Beachtung von Datenschutz & Privatsph\u00e4re konzipiert und entwickelt.","robots":{"index":"index","follow":"follow","max-snippet":"max-snippet:-1","max-image-preview":"max-image-preview:large","max-video-preview":"max-video-preview:-1"},"canonical":"https:\/\/www.criteo.com\/de\/trust-center\/privacy-commitment\/","og_locale":"de_DE","og_type":"article","og_title":"Privacy Commitment | DE - Criteo.com","og_description":"Die Dienste von Criteo werden unter maximaler Beachtung von Datenschutz & Privatsph\u00e4re konzipiert und entwickelt.","og_url":"https:\/\/www.criteo.com\/de\/trust-center\/privacy-commitment\/","og_site_name":"DE - Criteo.com","article_modified_time":"2026-05-08T17:13:52+00:00","twitter_card":"summary_large_image","schema":{"@context":"https:\/\/schema.org","@graph":[{"@type":"WebPage","@id":"https:\/\/www.criteo.com\/de\/trust-center\/privacy-commitment\/","url":"https:\/\/www.criteo.com\/de\/trust-center\/privacy-commitment\/","name":"Privacy Commitment | DE - Criteo.com","isPartOf":{"@id":"https:\/\/www.criteo.com\/de\/#website"},"datePublished":"2024-12-23T21:40:56+00:00","dateModified":"2026-05-08T17:13:52+00:00","description":"Die Dienste von Criteo werden unter maximaler Beachtung von Datenschutz & Privatsph\u00e4re konzipiert und entwickelt.","breadcrumb":{"@id":"https:\/\/www.criteo.com\/de\/trust-center\/privacy-commitment\/#breadcrumb"},"inLanguage":"de-DE","potentialAction":[{"@type":"ReadAction","target":["https:\/\/www.criteo.com\/de\/trust-center\/privacy-commitment\/"]}]},{"@type":"BreadcrumbList","@id":"https:\/\/www.criteo.com\/de\/trust-center\/privacy-commitment\/#breadcrumb","itemListElement":[{"@type":"ListItem","position":1,"name":"Home","item":"https:\/\/www.criteo.com\/de\/"},{"@type":"ListItem","position":2,"name":"Trust Center","item":"https:\/\/www.criteo.com\/de\/trust-center\/"},{"@type":"ListItem","position":3,"name":"Criteo&#8217;s Privacy Commitment"}]},{"@type":"WebSite","@id":"https:\/\/www.criteo.com\/de\/#website","url":"https:\/\/www.criteo.com\/de\/","name":"DE - Criteo.com","description":"","publisher":{"@id":"https:\/\/www.criteo.com\/de\/#organization"},"potentialAction":[{"@type":"SearchAction","target":{"@type":"EntryPoint","urlTemplate":"https:\/\/www.criteo.com\/de\/?s={search_term_string}"},"query-input":{"@type":"PropertyValueSpecification","valueRequired":true,"valueName":"search_term_string"}}],"inLanguage":"de-DE"},{"@type":"Organization","@id":"https:\/\/www.criteo.com\/de\/#organization","name":"Criteo","alternateName":"Criteo corp","url":"https:\/\/www.criteo.com\/de\/","logo":{"@type":"ImageObject","inLanguage":"de-DE","@id":"https:\/\/www.criteo.com\/de\/#\/schema\/logo\/image\/","url":"https:\/\/www.criteo.com\/de\/wp-content\/uploads\/sites\/3\/2024\/02\/Criteo-Logo.svg","contentUrl":"https:\/\/www.criteo.com\/de\/wp-content\/uploads\/sites\/3\/2024\/02\/Criteo-Logo.svg","width":118,"height":24,"caption":"Criteo"},"image":{"@id":"https:\/\/www.criteo.com\/de\/#\/schema\/logo\/image\/"}}]}},"_links":{"self":[{"href":"https:\/\/www.criteo.com\/de\/wp-json\/wp\/v2\/pages\/23086","targetHints":{"allow":["GET"]}}],"collection":[{"href":"https:\/\/www.criteo.com\/de\/wp-json\/wp\/v2\/pages"}],"about":[{"href":"https:\/\/www.criteo.com\/de\/wp-json\/wp\/v2\/types\/page"}],"author":[{"embeddable":true,"href":"https:\/\/www.criteo.com\/de\/wp-json\/wp\/v2\/users\/55"}],"replies":[{"embeddable":true,"href":"https:\/\/www.criteo.com\/de\/wp-json\/wp\/v2\/comments?post=23086"}],"version-history":[{"count":3,"href":"https:\/\/www.criteo.com\/de\/wp-json\/wp\/v2\/pages\/23086\/revisions"}],"predecessor-version":[{"id":23097,"href":"https:\/\/www.criteo.com\/de\/wp-json\/wp\/v2\/pages\/23086\/revisions\/23097"}],"up":[{"embeddable":true,"href":"https:\/\/www.criteo.com\/de\/wp-json\/wp\/v2\/pages\/23033"}],"wp:attachment":[{"href":"https:\/\/www.criteo.com\/de\/wp-json\/wp\/v2\/media?parent=23086"}],"wp:term":[{"taxonomy":"author","embeddable":true,"href":"https:\/\/www.criteo.com\/de\/wp-json\/wp\/v2\/coauthors?post=23086"}],"curies":[{"name":"wp","href":"https:\/\/api.w.org\/{rel}","templated":true}]}}