{"id":23100,"date":"2026-01-16T12:39:13","date_gmt":"2026-01-16T17:39:13","guid":{"rendered":"https:\/\/www.criteo.com\/?page_id=416620"},"modified":"2026-05-08T17:43:24","modified_gmt":"2026-05-08T17:43:24","slug":"business-integrity","status":"publish","type":"page","link":"https:\/\/www.criteo.com\/de\/trust-center\/business-integrity\/","title":{"rendered":"Business Integrity"},"content":{"rendered":"","protected":false},"excerpt":{"rendered":"","protected":false},"author":167,"featured_media":0,"parent":23033,"menu_order":0,"comment_status":"closed","ping_status":"closed","template":"page-templates\/pageModular2020.php","meta":{"_acf_changed":false,"footnotes":""},"coauthors":[622],"class_list":["post-23100","page","type-page","status-publish"],"acf":{"track_page_in_segment":false,"segment_page_name":"","remove_header":false,"add_password_protected_layout":false,"layouts":[{"acf_fc_layout":"customer_segments_hero_2025","customer_segments_hero_2025":{"caption":"GESCH\u00c4FTLICHE INTEGRIT\u00c4T","title_subtitle":"<h1>Unser Bekenntnis f\u00fcr gesch\u00e4ftliche Integrit\u00e4t<\/h1>\n<p>Wir haben uns das Vertrauen von Kunden, Partnern und Nutzern auf der ganzen Welt erarbeitet. Dieses beruht nicht nur auf unseren technischen Spitzenleistungen, sondern auch auf der Art und Weise, wie wir unser Gesch\u00e4ft f\u00fchren: mit Integrit\u00e4t, Transparenz und Verantwortung.<\/p>\n","logos_title":"","logos":false,"hero_right_image":{"ID":23101,"id":23101,"title":"business-integrity-hero","filename":"business-integrity-hero.png","filesize":201347,"url":"https:\/\/www.criteo.com\/de\/wp-content\/uploads\/sites\/3\/2026\/05\/business-integrity-hero.png","link":"https:\/\/www.criteo.com\/de\/trust-center\/business-integrity\/business-integrity-hero\/","alt":"","author":"198","description":"","caption":"","name":"business-integrity-hero","status":"inherit","uploaded_to":23100,"date":"2026-05-08 17:27:44","modified":"2026-05-08 17:39:43","menu_order":0,"mime_type":"image\/png","type":"image","subtype":"png","icon":"https:\/\/www.criteo.com\/de\/wp-includes\/images\/media\/default.png","width":1378,"height":937,"sizes":{"thumbnail":"https:\/\/www.criteo.com\/de\/wp-content\/uploads\/sites\/3\/2026\/05\/business-integrity-hero-150x150.png","thumbnail-width":150,"thumbnail-height":150,"medium":"https:\/\/www.criteo.com\/de\/wp-content\/uploads\/sites\/3\/2026\/05\/business-integrity-hero-300x204.png","medium-width":300,"medium-height":204,"medium_large":"https:\/\/www.criteo.com\/de\/wp-content\/uploads\/sites\/3\/2026\/05\/business-integrity-hero-768x522.png","medium_large-width":640,"medium_large-height":435,"large":"https:\/\/www.criteo.com\/de\/wp-content\/uploads\/sites\/3\/2026\/05\/business-integrity-hero-1024x696.png","large-width":640,"large-height":435,"1536x1536":"https:\/\/www.criteo.com\/de\/wp-content\/uploads\/sites\/3\/2026\/05\/business-integrity-hero.png","1536x1536-width":1378,"1536x1536-height":937,"2048x2048":"https:\/\/www.criteo.com\/de\/wp-content\/uploads\/sites\/3\/2026\/05\/business-integrity-hero.png","2048x2048-width":1378,"2048x2048-height":937,"success-story":"https:\/\/www.criteo.com\/de\/wp-content\/uploads\/sites\/3\/2026\/05\/business-integrity-hero-630x428.png","success-story-width":630,"success-story-height":428,"profile_24":"https:\/\/www.criteo.com\/de\/wp-content\/uploads\/sites\/3\/2026\/05\/business-integrity-hero-24x24.png","profile_24-width":24,"profile_24-height":24,"profile_48":"https:\/\/www.criteo.com\/de\/wp-content\/uploads\/sites\/3\/2026\/05\/business-integrity-hero-48x48.png","profile_48-width":48,"profile_48-height":48,"profile_96":"https:\/\/www.criteo.com\/de\/wp-content\/uploads\/sites\/3\/2026\/05\/business-integrity-hero-96x96.png","profile_96-width":96,"profile_96-height":96,"profile_150":"https:\/\/www.criteo.com\/de\/wp-content\/uploads\/sites\/3\/2026\/05\/business-integrity-hero-150x150.png","profile_150-width":150,"profile_150-height":150,"profile_300":"https:\/\/www.criteo.com\/de\/wp-content\/uploads\/sites\/3\/2026\/05\/business-integrity-hero-300x300.png","profile_300-width":300,"profile_300-height":300}},"background_gradient":"C-growth","cta_button":{"type":"external","text":"","link_internal":null,"link_media":false,"link_external":"","link_embed":"","link_email":"","email_subject":"","page_element_id":"","variant":"light","ai_variant":"gradient-border","icon":"thin-arrow-right","ai_icon":"none","new_window":[],"track_button":false,"button_location":false,"event_type":false,"button_classes":"","button_message":""},"additional_buttons":false}},{"acf_fc_layout":"info_boxes_2025","info_boxes_2025":{"title":"Die Werte, die uns leiten","subtitle":"Bei Criteo ist gesch\u00e4ftliche Integrit\u00e4t eine gemeinsame Verantwortung, die in unseren Werten verankert ist, vom F\u00fchrungsteam unterst\u00fctzt wird und in unser t\u00e4gliches Handeln einflie\u00dft.","add_labels":false,"info_boxes":[{"label":"","title":"Ethische Standards und Verhalten","description":"Von der Bek\u00e4mpfung von Bestechung bis zum verantwortungsvollen Umgang mit Daten gibt unser <a href=\"https:\/\/www.criteo.com\/wp-content\/uploads\/2025\/12\/Criteo-Code-of-Business-Conduct-and-Ethics_Branding-version-29-July-2022-3.pdf\" target=\"_blank\" rel=\"noopener noreferrer\">Code of Business Conduct and Ethics<\/a> klare Leitlinien f\u00fcr ethische Entscheidungsfindung vor.","optional_link":""},{"label":"","title":"Integrit\u00e4t im t\u00e4glichen Handeln","description":"Wir f\u00f6rdern ethisches Verhalten durch Richtlinien, Kontrollen und Schulungen. Mithilfe dieser Ma\u00dfnahmen sind unsere Mitarbeiter in der Lage, integrit\u00e4tsbezogene Risiken bei ihrer t\u00e4glichen Arbeit zu erkennen und zu bew\u00e4ltigen.","optional_link":""},{"label":"","title":"Geteilte Verantwortung","description":"Unser Ma\u00dfstab f\u00fcr Integrit\u00e4t geht \u00fcber unser eigenes Unternehmen hinaus. Wir erwarten von unseren Lieferanten, Partnern und anderen Dritten, dass sie sich an ethische Verhaltensregeln halten, die mit <a href=\"https:\/\/criteo.investorroom.com\/download\/CRITEO_Third+Party+Code+of+Conduct_FINAL_23+FEB+2022.pdf\" target=\"_blank\" rel=\"noopener noreferrer\"> unseren Werten und Anforderungen<\/a> \u00fcbereinstimmen.","optional_link":""},{"label":"","title":"Sicher auf Missst\u00e4nde aufmerksam machen","description":"Wir ermutigen und sch\u00fctzen Besch\u00e4ftigte sowie externe Interessengruppen, auf Misst\u00e4nde auf aufmerksam zu machen. Daf\u00fcr stehen sichere und <a href=\"https:\/\/www.whistleblowerservices.com\/crto\" target=\"_blank\" rel=\"noopener noreferrer\">vertrauliche Kan\u00e4le zur Verf\u00fcgung<\/a>, die durch eine Zusicherung gest\u00fctzt werden, dass niemand pers\u00f6nliche Folgen zu bef\u00fcrchten hat, wenn ein Anliegen in gutem Glauben vorgebracht wird.","optional_link":""}]}},{"acf_fc_layout":"text_only_2025","text_only_2025":{"caption":"","title":"","description":"","text":"<h3 style=\"text-align: center;\"><em>\u201eVertrauen und Integrit\u00e4t bestimmen unser gesamtes Handeln.\u201c<\/em><\/h3>\n<p style=\"text-align: center;\">\u2013Michael Komasinski, Chief Executive Officer<\/p>\n<h3 style=\"text-align: center;\">\u00a0<img loading=\"lazy\" decoding=\"async\" class=\"alignnone wp-image-413951\" src=\"https:\/\/www.criteo.com\/wp-content\/uploads\/2025\/06\/michael-komasinski-square-1.png\" alt=\"\" width=\"106\" height=\"106\" \/><\/h3>\n"}},{"acf_fc_layout":"cta_block_2025","cta_block_2025":{"style":"v1","color_scheme":"dark_blue","color_scheme_2":"dark_blue","subtitle":"<h3>Erfahrt mehr \u00fcber unser Commitment f\u00fcr verantwortungsvolles unternehmerisches Handeln<\/h3>\n<p>Entdeckt unsere Governance, unsere Grunds\u00e4tze und unser gesellschaftliches Commitment.<\/p>\n","link":{"title":"Besucht unseren Investor Room","url":"https:\/\/criteo.investorroom.com\/","target":"_blank"}}},{"acf_fc_layout":"text_only_2025","text_only_2025":{"caption":"","title":"","description":"","text":"<p><img loading=\"lazy\" decoding=\"async\" class=\"wp-image-417828 aligncenter\" src=\"https:\/\/www.criteo.com\/wp-content\/uploads\/2026\/03\/UNGC_Logo-removebg-preview.png\" alt=\"\" width=\"177\" height=\"176\" \/><\/p>\n<h3 style=\"text-align: center;\">F\u00f6rderung globaler Verantwortung<\/h3>\n<p style=\"text-align: center;\">Wir bekennen uns zur UN-Initiative Global Compact f\u00fcr unternehmerische Verantwortung und zu ihren Prinzipien in den Bereichen Menschenrechte, Arbeit, Umwelt und Korruptionsbek\u00e4mpfung.<\/p>\n"}}],"additional_code":"","use_transparent_header":true,"remove_footer":false,"use_transparent_header_dark_menus":false,"use_transparent_header_normal":false,"background_color_modular":"neutral gray","remove_from_internal_search":false,"strip_the_header":false,"header_buttons_override":[{"button":{"type":"internal","text":"","link_internal":"0","link_media":false,"link_external":"","link_embed":"","link_email":"","email_subject":"","page_element_id":"","variant":"default","ai_variant":"gradient-border","icon":"none","ai_icon":"none","new_window":[],"track_button":false,"button_location":false,"event_type":false,"button_classes":"","button_message":""}},{"button":{"type":"internal","text":"","link_internal":"0","link_media":false,"link_external":"","link_embed":"","link_email":"","email_subject":"","page_element_id":"","variant":"default","ai_variant":"gradient-border","icon":"none","ai_icon":"none","new_window":[],"track_button":false,"button_location":false,"event_type":false,"button_classes":"","button_message":""}},{"button":{"type":"internal","text":"","link_internal":"0","link_media":false,"link_external":"","link_embed":"","link_email":"","email_subject":"","page_element_id":"","variant":"default","ai_variant":"gradient-border","icon":"none","ai_icon":"none","new_window":[],"track_button":false,"button_location":false,"event_type":false,"button_classes":"","button_message":""}}],"override_buttons":false,"enable_slide-in":false},"yoast_head":"<!-- This site is optimized with the Yoast SEO plugin v26.4 - https:\/\/yoast.com\/wordpress\/plugins\/seo\/ -->\n<title>Business Integrity | DE - Criteo.com<\/title>\n<meta name=\"description\" content=\"Entdeckt unser Bekenntnis f\u00fcr gesch\u00e4ftliche Integrit\u00e4t, verantwortungsvolles Handeln und ethische Governance.\" \/>\n<meta name=\"robots\" content=\"index, follow, max-snippet:-1, max-image-preview:large, max-video-preview:-1\" \/>\n<link rel=\"canonical\" href=\"https:\/\/www.criteo.com\/de\/trust-center\/business-integrity\/\" \/>\n<meta property=\"og:locale\" content=\"de_DE\" \/>\n<meta property=\"og:type\" content=\"article\" \/>\n<meta property=\"og:title\" content=\"Business Integrity | DE - Criteo.com\" \/>\n<meta property=\"og:description\" content=\"Entdeckt unser Bekenntnis f\u00fcr gesch\u00e4ftliche Integrit\u00e4t, verantwortungsvolles Handeln und ethische Governance.\" \/>\n<meta property=\"og:url\" content=\"https:\/\/www.criteo.com\/de\/trust-center\/business-integrity\/\" \/>\n<meta property=\"og:site_name\" content=\"DE - Criteo.com\" \/>\n<meta property=\"article:modified_time\" content=\"2026-05-08T17:43:24+00:00\" \/>\n<meta name=\"twitter:card\" content=\"summary_large_image\" \/>\n<script type=\"application\/ld+json\" class=\"yoast-schema-graph\">{\n\t    \"@context\": \"https:\/\/schema.org\",\n\t    \"@graph\": [\n\t        {\n\t            \"@type\": \"WebPage\",\n\t            \"@id\": \"https:\/\/www.criteo.com\/de\/trust-center\/business-integrity\/\",\n\t            \"url\": \"https:\/\/www.criteo.com\/de\/trust-center\/business-integrity\/\",\n\t            \"name\": \"Business Integrity | DE - Criteo.com\",\n\t            \"isPartOf\": {\n\t                \"@id\": \"https:\/\/www.criteo.com\/de\/#website\"\n\t            },\n\t            \"datePublished\": \"2026-01-16T17:39:13+00:00\",\n\t            \"dateModified\": \"2026-05-08T17:43:24+00:00\",\n\t            \"description\": \"Entdeckt unser Bekenntnis f\u00fcr gesch\u00e4ftliche Integrit\u00e4t, verantwortungsvolles Handeln und ethische Governance.\",\n\t            \"breadcrumb\": {\n\t                \"@id\": \"https:\/\/www.criteo.com\/de\/trust-center\/business-integrity\/#breadcrumb\"\n\t            },\n\t            \"inLanguage\": \"de-DE\",\n\t            \"potentialAction\": [\n\t                {\n\t                    \"@type\": \"ReadAction\",\n\t                    \"target\": [\n\t                        \"https:\/\/www.criteo.com\/de\/trust-center\/business-integrity\/\"\n\t                    ]\n\t                }\n\t            ]\n\t        },\n\t        {\n\t            \"@type\": \"BreadcrumbList\",\n\t            \"@id\": \"https:\/\/www.criteo.com\/de\/trust-center\/business-integrity\/#breadcrumb\",\n\t            \"itemListElement\": [\n\t                {\n\t                    \"@type\": \"ListItem\",\n\t                    \"position\": 1,\n\t                    \"name\": \"Home\",\n\t                    \"item\": \"https:\/\/www.criteo.com\/de\/\"\n\t                },\n\t                {\n\t                    \"@type\": \"ListItem\",\n\t                    \"position\": 2,\n\t                    \"name\": \"Trust Center\",\n\t                    \"item\": \"https:\/\/www.criteo.com\/de\/trust-center\/\"\n\t                },\n\t                {\n\t                    \"@type\": \"ListItem\",\n\t                    \"position\": 3,\n\t                    \"name\": \"Business Integrity\"\n\t                }\n\t            ]\n\t        },\n\t        {\n\t            \"@type\": \"WebSite\",\n\t            \"@id\": \"https:\/\/www.criteo.com\/de\/#website\",\n\t            \"url\": \"https:\/\/www.criteo.com\/de\/\",\n\t            \"name\": \"DE - Criteo.com\",\n\t            \"description\": \"\",\n\t            \"publisher\": {\n\t                \"@id\": \"https:\/\/www.criteo.com\/de\/#organization\"\n\t            },\n\t            \"potentialAction\": [\n\t                {\n\t                    \"@type\": \"SearchAction\",\n\t                    \"target\": {\n\t                        \"@type\": \"EntryPoint\",\n\t                        \"urlTemplate\": \"https:\/\/www.criteo.com\/de\/?s={search_term_string}\"\n\t                    },\n\t                    \"query-input\": {\n\t                        \"@type\": \"PropertyValueSpecification\",\n\t                        \"valueRequired\": true,\n\t                        \"valueName\": \"search_term_string\"\n\t                    }\n\t                }\n\t            ],\n\t            \"inLanguage\": \"de-DE\"\n\t        },\n\t        {\n\t            \"@type\": \"Organization\",\n\t            \"@id\": \"https:\/\/www.criteo.com\/de\/#organization\",\n\t            \"name\": \"Criteo\",\n\t            \"alternateName\": \"Criteo corp\",\n\t            \"url\": \"https:\/\/www.criteo.com\/de\/\",\n\t            \"logo\": {\n\t                \"@type\": \"ImageObject\",\n\t                \"inLanguage\": \"de-DE\",\n\t                \"@id\": \"https:\/\/www.criteo.com\/de\/#\/schema\/logo\/image\/\",\n\t                \"url\": \"https:\/\/www.criteo.com\/de\/wp-content\/uploads\/sites\/3\/2024\/02\/Criteo-Logo.svg\",\n\t                \"contentUrl\": \"https:\/\/www.criteo.com\/de\/wp-content\/uploads\/sites\/3\/2024\/02\/Criteo-Logo.svg\",\n\t                \"width\": 118,\n\t                \"height\": 24,\n\t                \"caption\": \"Criteo\"\n\t            },\n\t            \"image\": {\n\t                \"@id\": \"https:\/\/www.criteo.com\/de\/#\/schema\/logo\/image\/\"\n\t            }\n\t        }\n\t    ]\n\t}<\/script>\n<!-- \/ Yoast SEO plugin. -->","yoast_head_json":{"title":"Business Integrity | DE - Criteo.com","description":"Entdeckt unser Bekenntnis f\u00fcr gesch\u00e4ftliche Integrit\u00e4t, verantwortungsvolles Handeln und ethische Governance.","robots":{"index":"index","follow":"follow","max-snippet":"max-snippet:-1","max-image-preview":"max-image-preview:large","max-video-preview":"max-video-preview:-1"},"canonical":"https:\/\/www.criteo.com\/de\/trust-center\/business-integrity\/","og_locale":"de_DE","og_type":"article","og_title":"Business Integrity | DE - Criteo.com","og_description":"Entdeckt unser Bekenntnis f\u00fcr gesch\u00e4ftliche Integrit\u00e4t, verantwortungsvolles Handeln und ethische Governance.","og_url":"https:\/\/www.criteo.com\/de\/trust-center\/business-integrity\/","og_site_name":"DE - Criteo.com","article_modified_time":"2026-05-08T17:43:24+00:00","twitter_card":"summary_large_image","schema":{"@context":"https:\/\/schema.org","@graph":[{"@type":"WebPage","@id":"https:\/\/www.criteo.com\/de\/trust-center\/business-integrity\/","url":"https:\/\/www.criteo.com\/de\/trust-center\/business-integrity\/","name":"Business Integrity | DE - Criteo.com","isPartOf":{"@id":"https:\/\/www.criteo.com\/de\/#website"},"datePublished":"2026-01-16T17:39:13+00:00","dateModified":"2026-05-08T17:43:24+00:00","description":"Entdeckt unser Bekenntnis f\u00fcr gesch\u00e4ftliche Integrit\u00e4t, verantwortungsvolles Handeln und ethische Governance.","breadcrumb":{"@id":"https:\/\/www.criteo.com\/de\/trust-center\/business-integrity\/#breadcrumb"},"inLanguage":"de-DE","potentialAction":[{"@type":"ReadAction","target":["https:\/\/www.criteo.com\/de\/trust-center\/business-integrity\/"]}]},{"@type":"BreadcrumbList","@id":"https:\/\/www.criteo.com\/de\/trust-center\/business-integrity\/#breadcrumb","itemListElement":[{"@type":"ListItem","position":1,"name":"Home","item":"https:\/\/www.criteo.com\/de\/"},{"@type":"ListItem","position":2,"name":"Trust Center","item":"https:\/\/www.criteo.com\/de\/trust-center\/"},{"@type":"ListItem","position":3,"name":"Business Integrity"}]},{"@type":"WebSite","@id":"https:\/\/www.criteo.com\/de\/#website","url":"https:\/\/www.criteo.com\/de\/","name":"DE - Criteo.com","description":"","publisher":{"@id":"https:\/\/www.criteo.com\/de\/#organization"},"potentialAction":[{"@type":"SearchAction","target":{"@type":"EntryPoint","urlTemplate":"https:\/\/www.criteo.com\/de\/?s={search_term_string}"},"query-input":{"@type":"PropertyValueSpecification","valueRequired":true,"valueName":"search_term_string"}}],"inLanguage":"de-DE"},{"@type":"Organization","@id":"https:\/\/www.criteo.com\/de\/#organization","name":"Criteo","alternateName":"Criteo corp","url":"https:\/\/www.criteo.com\/de\/","logo":{"@type":"ImageObject","inLanguage":"de-DE","@id":"https:\/\/www.criteo.com\/de\/#\/schema\/logo\/image\/","url":"https:\/\/www.criteo.com\/de\/wp-content\/uploads\/sites\/3\/2024\/02\/Criteo-Logo.svg","contentUrl":"https:\/\/www.criteo.com\/de\/wp-content\/uploads\/sites\/3\/2024\/02\/Criteo-Logo.svg","width":118,"height":24,"caption":"Criteo"},"image":{"@id":"https:\/\/www.criteo.com\/de\/#\/schema\/logo\/image\/"}}]}},"_links":{"self":[{"href":"https:\/\/www.criteo.com\/de\/wp-json\/wp\/v2\/pages\/23100","targetHints":{"allow":["GET"]}}],"collection":[{"href":"https:\/\/www.criteo.com\/de\/wp-json\/wp\/v2\/pages"}],"about":[{"href":"https:\/\/www.criteo.com\/de\/wp-json\/wp\/v2\/types\/page"}],"author":[{"embeddable":true,"href":"https:\/\/www.criteo.com\/de\/wp-json\/wp\/v2\/users\/167"}],"replies":[{"embeddable":true,"href":"https:\/\/www.criteo.com\/de\/wp-json\/wp\/v2\/comments?post=23100"}],"version-history":[{"count":2,"href":"https:\/\/www.criteo.com\/de\/wp-json\/wp\/v2\/pages\/23100\/revisions"}],"predecessor-version":[{"id":23103,"href":"https:\/\/www.criteo.com\/de\/wp-json\/wp\/v2\/pages\/23100\/revisions\/23103"}],"up":[{"embeddable":true,"href":"https:\/\/www.criteo.com\/de\/wp-json\/wp\/v2\/pages\/23033"}],"wp:attachment":[{"href":"https:\/\/www.criteo.com\/de\/wp-json\/wp\/v2\/media?parent=23100"}],"wp:term":[{"taxonomy":"author","embeddable":true,"href":"https:\/\/www.criteo.com\/de\/wp-json\/wp\/v2\/coauthors?post=23100"}],"curies":[{"name":"wp","href":"https:\/\/api.w.org\/{rel}","templated":true}]}}