{"id":579,"date":"2017-07-10T16:50:31","date_gmt":"2017-07-10T16:50:31","guid":{"rendered":"http:\/\/www.criteo.com\/?page_id=579"},"modified":"2024-12-13T15:26:33","modified_gmt":"2024-12-13T15:26:33","slug":"contact-us","status":"publish","type":"page","link":"https:\/\/www.criteo.com\/de\/contact-us\/","title":{"rendered":"Kontakt"},"content":{"rendered":"","protected":false},"excerpt":{"rendered":"","protected":false},"author":1,"featured_media":0,"parent":0,"menu_order":6,"comment_status":"closed","ping_status":"closed","template":"page-templates\/pageModular2020.php","meta":{"_acf_changed":false,"footnotes":""},"coauthors":[621],"class_list":["post-579","page","type-page","status-publish"],"acf":{"bevel":"peach-grapes","bevel_reversed":false,"title_top_left":"Erz\u00e4hl uns etwas \u00fcber dich. Wir melden uns so schnell wie m\u00f6glich bei dir.","opt-out_button_text":"Opt-out of Criteo Ads","cta_bottom":{"questions_text_left":"Sucht ihr nach einem Criteo-Standort in eurer N\u00e4he?","questions_text_right":""},"form_url":"https:\/\/www2.criteo.com\/l\/126241\/2019-06-10\/6rm376","side_text":"","cta_bottom_link":"http:\/\/www.criteo.com\/de\/contact-us\/find-us\/","opt_out_link":"http:\/\/www.criteo.com\/de\/privacy\/","follow_criteo_text":"Follow Criteo on these Social Networks","gtm_conversion_name":"Contact Us","additional_code":"<script src=\"https:\/\/criteo.chilipiper.com\/concierge-js\/cjs\/concierge.js\" type=\"text\/javascript\"><\/script>\r\n    <script>\r\n\r\n        window.addEventListener(\"message\", receiveMessage, false);\r\n        function receiveMessage(event) {\r\n            \/\/ Form data ready, update leadObj\r\n            if (event.data && event.data.message === \"PARDOT_DATA_READY\" && event.data.data) {\r\n                leadObj = event.data.data; \/\/ Update leadObj\r\n            }\r\n            \/\/ Form was submitted and validated, call ChiliPiper\r\n            if (event.data && event.data.message === \"PARDOT_FORM_SUCCESS\") {\r\n\r\n                let queryString1 = event.data.data;\r\n\r\n                \/\/ Step 1: Parse the query string into a JSON object\r\n                const leadData = {};\r\n                const params = queryString1.substring(1).split(\"&\");\r\n                params.forEach(param => {\r\n                    const [key, value] = param.split(\"=\");\r\n                    leadData[key] = decodeURIComponent(value.replaceAll(\"+\", \" \") || \"\");\r\n                });\r\n\r\n                const company_type = (leadData[\"126241_204651pi_126241_204651\"] === 'Retailer') ? 'Retail' : leadData[\"126241_204651pi_126241_204651\"];\r\n\r\n                let country_t = leadData[\"126241_204648pi_126241_204648\"];\r\n                if (leadData[\"126241_204648pi_126241_204648\"] === '\u00d6sterreich') { country_t = 'Austria' }\r\n                else if (leadData[\"126241_204648pi_126241_204648\"] === 'Deutschland') {\r\n                    country_t = 'Germany'\r\n                }\r\n                else if (leadData[\"126241_204648pi_126241_204648\"] === 'Schweiz') {\r\n                    country_t = 'Switzerland'\r\n                }\r\n\r\n                \/\/budget\r\n                let budget_t = leadData[\"126241_205581pi_126241_205581\"];\r\n                if (leadData[\"126241_205581pi_126241_205581\"] === '10.000 bis 50.000 USD') {\r\n                    budget_t = '$10k - $50k'\r\n                }\r\n                else if (leadData[\"126241_205581pi_126241_205581\"] === '50.000 bis 100.000 USD') {\r\n                    budget_t = '$50k to $100k'\r\n                }\r\n                else if (leadData[\"126241_205581pi_126241_205581\"] === '100.000 bis 250.000 USD') {\r\n                    budget_t = '$100k to $250k'\r\n                }\r\n                else if (leadData[\"126241_205581pi_126241_205581\"] === '250.000 bis 500.000 USD') {\r\n                    budget_t = '$250k - $500k'\r\n                }\r\n                else if (leadData[\"126241_205581pi_126241_205581\"] === '>500.000 USD') {\r\n                    budget_t = '$500k+'\r\n                }\r\n\r\n                \/\/visitors\r\n                let visitors_t = leadData[\"126241_204657pi_126241_204657\"];\r\n                if (leadData[\"126241_204657pi_126241_204657\"] === '50.000 - 100.0000') {\r\n                    visitors_t = '50,000 - 100,000'\r\n                }\r\n                else if (leadData[\"126241_204657pi_126241_204657\"] === '100.000 - 500.000') {\r\n                    visitors_t = '100,000 - 500,000'\r\n                }\r\n                else if (leadData[\"126241_204657pi_126241_204657\"] === 'Mehr als 500.000') {\r\n                    visitors_t = 'More than 500,000'\r\n                }\r\n                else if (leadData[\"126241_204657pi_126241_204657\"] === 'Nicht sicher') {\r\n                    visitors_t = 'Not sure'\r\n                }\r\n\r\n                \/\/ Step 2: Trigger the ChiliPiper.submit function\r\n                ChiliPiper.submit(\"criteo\", \"vero-test\", {\r\n                    trigger: \"InAppButton\",\r\n                    lead: {\r\n                        PersonEmail: leadData[\"126241_204639pi_126241_204639\"],\r\n                        PersonFirstName: leadData[\"126241_204633pi_126241_204633\"],\r\n                        PersonLastName: leadData[\"126241_204636pi_126241_204636\"],\r\n                        CompanyName: leadData[\"126241_204642pi_126241_204642\"], \/\/ replace the value with the value for Company Name\r\n                        \"97d0652a-1786-40c2-ac1f-177761c6c314\": budget_t, \/\/ replace the value with the value for Advertising Budget\r\n                        \"48a142eb-1fc2-4551-8f9b-ac6cb8ec5fcc\": visitors_t, \/\/ replace the value with the value for Unique monthly visitors\r\n                        \"5bc9d042-6cdf-4b81-8467-04e8d10607be\": country_t, \/\/ replace the value with the value for Country\r\n                        \"57356c44-1d5a-4d0f-a0b1-7fc3060da088\": company_type, \/\/company type\r\n                        \"150623cc-30ba-4d58-88e5-19618765d468\": '0125J000000D8dEQAS'\r\n                    },\r\n                });\r\n\r\n            }\r\n        }\r\n\r\n    <\/script>","stae_popup_enable":false,"track_page_in_segment":false,"segment_page_name":"","remove_header":false,"add_password_protected_layout":false,"layouts":[{"acf_fc_layout":"form","form":{"section_customization":{"anchor_id":"","background_type":"image","background_color":{"color":"Sunrise"},"background_gradient":"","background_image":"https:\/\/www.criteo.com\/de\/wp-content\/uploads\/sites\/3\/2021\/06\/Dynamic-Retargeting-Header-BG.svg","background_image_position":"center-top","background_overlay":"none","use_custom_paddings":false,"custom_padding":{"desktop_top":"","desktop_bottom":"","mobile_top":"","mobile_bottom":""},"use_custom_margins":false,"custom_margins":{"desktop_top_margin":"","desktop_bottom_margin":"","mobile_top_margin":"","mobile_bottom_margin":""}},"intro":{"intro":{"show_intro_block":true,"image_as_caption":false,"image":false,"caption":"","caption_is_page_title":false,"title":"Kontakt","title_size":"h1","description":"<p>Erz\u00e4hl uns etwas \u00fcber Dich. Wir melden uns so schnell wie m\u00f6glich bei Dir.<\/p>\n","description_font_size":"larger"}},"image":false,"pardot_form_URL":"https:\/\/www2.criteo.com\/l\/126241\/2024-01-17\/85hysf","display_content_in_one_column":true}}],"use_transparent_header":false,"remove_footer":false,"use_transparent_header_dark_menus":false,"use_transparent_header_normal":false},"yoast_head":"<!-- This site is optimized with the Yoast SEO plugin v26.4 - https:\/\/yoast.com\/wordpress\/plugins\/seo\/ -->\n<title>Criteo: Kontakt<\/title>\n<meta name=\"description\" content=\"Ihr interessiert euch f\u00fcr Criteo? Ihr habt Fragen, Anliegen oder W\u00fcnsche? Ihr wollt die Services von Criteo f\u00fcr euren Erfolg nutzen? Hier k\u00f6nnt ihr mit uns Kontakt aufnehmen.\" \/>\n<meta name=\"robots\" content=\"index, follow, max-snippet:-1, max-image-preview:large, max-video-preview:-1\" \/>\n<link rel=\"canonical\" href=\"https:\/\/www.criteo.com\/de\/contact-us\/\" \/>\n<meta property=\"og:locale\" content=\"de_DE\" \/>\n<meta property=\"og:type\" content=\"article\" \/>\n<meta property=\"og:title\" content=\"Criteo: Kontakt\" \/>\n<meta property=\"og:description\" content=\"Ihr interessiert euch f\u00fcr Criteo? Ihr habt Fragen, Anliegen oder W\u00fcnsche? Ihr wollt die Services von Criteo f\u00fcr euren Erfolg nutzen? Hier k\u00f6nnt ihr mit uns Kontakt aufnehmen.\" \/>\n<meta property=\"og:url\" content=\"https:\/\/www.criteo.com\/de\/contact-us\/\" \/>\n<meta property=\"og:site_name\" content=\"DE - Criteo.com\" \/>\n<meta property=\"article:modified_time\" content=\"2024-12-13T15:26:33+00:00\" \/>\n<meta name=\"twitter:card\" content=\"summary_large_image\" \/>\n<script type=\"application\/ld+json\" class=\"yoast-schema-graph\">{\n\t    \"@context\": \"https:\/\/schema.org\",\n\t    \"@graph\": [\n\t        {\n\t            \"@type\": \"WebPage\",\n\t            \"@id\": \"https:\/\/www.criteo.com\/de\/contact-us\/\",\n\t            \"url\": \"https:\/\/www.criteo.com\/de\/contact-us\/\",\n\t            \"name\": \"Criteo: Kontakt\",\n\t            \"isPartOf\": {\n\t                \"@id\": \"https:\/\/www.criteo.com\/de\/#website\"\n\t            },\n\t            \"datePublished\": \"2017-07-10T16:50:31+00:00\",\n\t            \"dateModified\": \"2024-12-13T15:26:33+00:00\",\n\t            \"description\": \"Ihr interessiert euch f\u00fcr Criteo? Ihr habt Fragen, Anliegen oder W\u00fcnsche? Ihr wollt die Services von Criteo f\u00fcr euren Erfolg nutzen? Hier k\u00f6nnt ihr mit uns Kontakt aufnehmen.\",\n\t            \"breadcrumb\": {\n\t                \"@id\": \"https:\/\/www.criteo.com\/de\/contact-us\/#breadcrumb\"\n\t            },\n\t            \"inLanguage\": \"de-DE\",\n\t            \"potentialAction\": [\n\t                {\n\t                    \"@type\": \"ReadAction\",\n\t                    \"target\": [\n\t                        \"https:\/\/www.criteo.com\/de\/contact-us\/\"\n\t                    ]\n\t                }\n\t            ]\n\t        },\n\t        {\n\t            \"@type\": \"BreadcrumbList\",\n\t            \"@id\": \"https:\/\/www.criteo.com\/de\/contact-us\/#breadcrumb\",\n\t            \"itemListElement\": [\n\t                {\n\t                    \"@type\": \"ListItem\",\n\t                    \"position\": 1,\n\t                    \"name\": \"Home\",\n\t                    \"item\": \"https:\/\/www.criteo.com\/de\/\"\n\t                },\n\t                {\n\t                    \"@type\": \"ListItem\",\n\t                    \"position\": 2,\n\t                    \"name\": \"Kontakt\"\n\t                }\n\t            ]\n\t        },\n\t        {\n\t            \"@type\": \"WebSite\",\n\t            \"@id\": \"https:\/\/www.criteo.com\/de\/#website\",\n\t            \"url\": \"https:\/\/www.criteo.com\/de\/\",\n\t            \"name\": \"DE - Criteo.com\",\n\t            \"description\": \"\",\n\t            \"publisher\": {\n\t                \"@id\": \"https:\/\/www.criteo.com\/de\/#organization\"\n\t            },\n\t            \"potentialAction\": [\n\t                {\n\t                    \"@type\": \"SearchAction\",\n\t                    \"target\": {\n\t                        \"@type\": \"EntryPoint\",\n\t                        \"urlTemplate\": \"https:\/\/www.criteo.com\/de\/?s={search_term_string}\"\n\t                    },\n\t                    \"query-input\": {\n\t                        \"@type\": \"PropertyValueSpecification\",\n\t                        \"valueRequired\": true,\n\t                        \"valueName\": \"search_term_string\"\n\t                    }\n\t                }\n\t            ],\n\t            \"inLanguage\": \"de-DE\"\n\t        },\n\t        {\n\t            \"@type\": \"Organization\",\n\t            \"@id\": \"https:\/\/www.criteo.com\/de\/#organization\",\n\t            \"name\": \"Criteo\",\n\t            \"alternateName\": \"Criteo corp\",\n\t            \"url\": \"https:\/\/www.criteo.com\/de\/\",\n\t            \"logo\": {\n\t                \"@type\": \"ImageObject\",\n\t                \"inLanguage\": \"de-DE\",\n\t                \"@id\": \"https:\/\/www.criteo.com\/de\/#\/schema\/logo\/image\/\",\n\t                \"url\": \"https:\/\/www.criteo.com\/de\/wp-content\/uploads\/sites\/3\/2024\/02\/Criteo-Logo.svg\",\n\t                \"contentUrl\": \"https:\/\/www.criteo.com\/de\/wp-content\/uploads\/sites\/3\/2024\/02\/Criteo-Logo.svg\",\n\t                \"width\": 118,\n\t                \"height\": 24,\n\t                \"caption\": \"Criteo\"\n\t            },\n\t            \"image\": {\n\t                \"@id\": \"https:\/\/www.criteo.com\/de\/#\/schema\/logo\/image\/\"\n\t            }\n\t        }\n\t    ]\n\t}<\/script>\n<!-- \/ Yoast SEO plugin. -->","yoast_head_json":{"title":"Criteo: Kontakt","description":"Ihr interessiert euch f\u00fcr Criteo? Ihr habt Fragen, Anliegen oder W\u00fcnsche? Ihr wollt die Services von Criteo f\u00fcr euren Erfolg nutzen? Hier k\u00f6nnt ihr mit uns Kontakt aufnehmen.","robots":{"index":"index","follow":"follow","max-snippet":"max-snippet:-1","max-image-preview":"max-image-preview:large","max-video-preview":"max-video-preview:-1"},"canonical":"https:\/\/www.criteo.com\/de\/contact-us\/","og_locale":"de_DE","og_type":"article","og_title":"Criteo: Kontakt","og_description":"Ihr interessiert euch f\u00fcr Criteo? Ihr habt Fragen, Anliegen oder W\u00fcnsche? Ihr wollt die Services von Criteo f\u00fcr euren Erfolg nutzen? Hier k\u00f6nnt ihr mit uns Kontakt aufnehmen.","og_url":"https:\/\/www.criteo.com\/de\/contact-us\/","og_site_name":"DE - Criteo.com","article_modified_time":"2024-12-13T15:26:33+00:00","twitter_card":"summary_large_image","schema":{"@context":"https:\/\/schema.org","@graph":[{"@type":"WebPage","@id":"https:\/\/www.criteo.com\/de\/contact-us\/","url":"https:\/\/www.criteo.com\/de\/contact-us\/","name":"Criteo: Kontakt","isPartOf":{"@id":"https:\/\/www.criteo.com\/de\/#website"},"datePublished":"2017-07-10T16:50:31+00:00","dateModified":"2024-12-13T15:26:33+00:00","description":"Ihr interessiert euch f\u00fcr Criteo? Ihr habt Fragen, Anliegen oder W\u00fcnsche? Ihr wollt die Services von Criteo f\u00fcr euren Erfolg nutzen? Hier k\u00f6nnt ihr mit uns Kontakt aufnehmen.","breadcrumb":{"@id":"https:\/\/www.criteo.com\/de\/contact-us\/#breadcrumb"},"inLanguage":"de-DE","potentialAction":[{"@type":"ReadAction","target":["https:\/\/www.criteo.com\/de\/contact-us\/"]}]},{"@type":"BreadcrumbList","@id":"https:\/\/www.criteo.com\/de\/contact-us\/#breadcrumb","itemListElement":[{"@type":"ListItem","position":1,"name":"Home","item":"https:\/\/www.criteo.com\/de\/"},{"@type":"ListItem","position":2,"name":"Kontakt"}]},{"@type":"WebSite","@id":"https:\/\/www.criteo.com\/de\/#website","url":"https:\/\/www.criteo.com\/de\/","name":"DE - Criteo.com","description":"","publisher":{"@id":"https:\/\/www.criteo.com\/de\/#organization"},"potentialAction":[{"@type":"SearchAction","target":{"@type":"EntryPoint","urlTemplate":"https:\/\/www.criteo.com\/de\/?s={search_term_string}"},"query-input":{"@type":"PropertyValueSpecification","valueRequired":true,"valueName":"search_term_string"}}],"inLanguage":"de-DE"},{"@type":"Organization","@id":"https:\/\/www.criteo.com\/de\/#organization","name":"Criteo","alternateName":"Criteo corp","url":"https:\/\/www.criteo.com\/de\/","logo":{"@type":"ImageObject","inLanguage":"de-DE","@id":"https:\/\/www.criteo.com\/de\/#\/schema\/logo\/image\/","url":"https:\/\/www.criteo.com\/de\/wp-content\/uploads\/sites\/3\/2024\/02\/Criteo-Logo.svg","contentUrl":"https:\/\/www.criteo.com\/de\/wp-content\/uploads\/sites\/3\/2024\/02\/Criteo-Logo.svg","width":118,"height":24,"caption":"Criteo"},"image":{"@id":"https:\/\/www.criteo.com\/de\/#\/schema\/logo\/image\/"}}]}},"_links":{"self":[{"href":"https:\/\/www.criteo.com\/de\/wp-json\/wp\/v2\/pages\/579","targetHints":{"allow":["GET"]}}],"collection":[{"href":"https:\/\/www.criteo.com\/de\/wp-json\/wp\/v2\/pages"}],"about":[{"href":"https:\/\/www.criteo.com\/de\/wp-json\/wp\/v2\/types\/page"}],"author":[{"embeddable":true,"href":"https:\/\/www.criteo.com\/de\/wp-json\/wp\/v2\/users\/1"}],"replies":[{"embeddable":true,"href":"https:\/\/www.criteo.com\/de\/wp-json\/wp\/v2\/comments?post=579"}],"version-history":[{"count":15,"href":"https:\/\/www.criteo.com\/de\/wp-json\/wp\/v2\/pages\/579\/revisions"}],"predecessor-version":[{"id":21738,"href":"https:\/\/www.criteo.com\/de\/wp-json\/wp\/v2\/pages\/579\/revisions\/21738"}],"wp:attachment":[{"href":"https:\/\/www.criteo.com\/de\/wp-json\/wp\/v2\/media?parent=579"}],"wp:term":[{"taxonomy":"author","embeddable":true,"href":"https:\/\/www.criteo.com\/de\/wp-json\/wp\/v2\/coauthors?post=579"}],"curies":[{"name":"wp","href":"https:\/\/api.w.org\/{rel}","templated":true}]}}