{"id":7203,"date":"2017-12-05T16:38:24","date_gmt":"2017-12-05T16:38:24","guid":{"rendered":"http:\/\/www.criteo.com\/de\/terms-and-conditions\/"},"modified":"2026-05-13T14:47:02","modified_gmt":"2026-05-13T14:47:02","slug":"terms-and-conditions","status":"publish","type":"page","link":"https:\/\/www.criteo.com\/de\/terms-and-conditions\/","title":{"rendered":"Terms and Conditions"},"content":{"rendered":"<p>Wir haben unsere Allgemeinen Gesch\u00e4ftsbedingungen im Mai 2026 aktualisiert. Die \u00c4nderungen dienen in erster Linie der Klarstellung unserer Nutzung von Drittanbieter- und generativen KI-Technologien, der Rechte zur Nutzung von KI-generierten Ergebnissen, der urheberrechtlichen Lizenz f\u00fcr von Criteo erstellte Creatives, bestimmter dienstleistungsspezifischer kommerzieller Rahmenbedingungen, einschlie\u00dflich Criteo GO, Commerce Max und Yield, sowie der Aktualisierung unseres Datenschutzrahmens. Wir empfehlen Ihnen, das vollst\u00e4ndige Dokument sorgf\u00e4ltig zu pr\u00fcfen.<\/p>\n","protected":false},"excerpt":{"rendered":"<p>Wir haben unsere Allgemeinen Gesch\u00e4ftsbedingungen im Mai 2026 aktualisiert. Die \u00c4nderungen dienen in erster Linie der Klarstellung unserer Nutzung von Drittanbieter- und generativen KI-Technologien, der Rechte zur Nutzung von KI-generierten Ergebnissen, der urheberrechtlichen Lizenz f\u00fcr von Criteo erstellte Creatives, bestimmter dienstleistungsspezifischer kommerzieller Rahmenbedingungen, einschlie\u00dflich Criteo GO, Commerce Max und Yield, sowie der Aktualisierung unseres Datenschutzrahmens. [&hellip;]<\/p>\n","protected":false},"author":1,"featured_media":0,"parent":0,"menu_order":0,"comment_status":"closed","ping_status":"closed","template":"page-templates\/basic.php","meta":{"_acf_changed":false,"footnotes":""},"coauthors":[621],"class_list":["post-7203","page","type-page","status-publish"],"acf":{"layout_mode":"bootstrap-columns","bootstrap_container":[{"bootstrap_row":[{"bootstrap_row_classes":false,"bootstrap_columns":[{"bootstrap_column_classes":false,"bootstrap_column_content":"<h3>Deutsch<\/h3>\n<p><i>Criteo Commerce Media Platform<\/i><\/p>\n<ul>\n<li><a href=\"https:\/\/www.criteo.com\/wp-content\/uploads\/2026\/05\/Criteo-Umbrella-Terms-of-Service-DE.pdf\" target=\"_blank\" rel=\"noopener\">Rahmennutzungsbedingungen<\/a><\/li>\n<li>Spezifischen Nutzungsbedingungen\n<ul>\n<li><a href=\"https:\/\/www.criteo.com\/wp-content\/uploads\/2026\/05\/Commerce-Growth-Commerce-Go-Specific-Terms-of-Service-DE.pdf\" target=\"_blank\" rel=\"noopener\">Commerce Growth\/GO<\/a><\/li>\n<li><a href=\"https:\/\/www.criteo.com\/wp-content\/uploads\/2026\/05\/Commerce-Grid-Specific-Terms-of-Service-DE.pdf\" target=\"_blank\" rel=\"noopener\">Commerce Grid<\/a><\/li>\n<li><a href=\"https:\/\/www.criteo.com\/wp-content\/uploads\/2026\/05\/Commerce-Max-Specific-Terms-of-Service-DE.pdf\" target=\"_blank\" rel=\"noopener\">Commerce Max<\/a><\/li>\n<li><a href=\"https:\/\/www.criteo.com\/wp-content\/uploads\/2026\/05\/Commerce-Yield-Specific-Terms-of-Service-DE.pdf\" target=\"_blank\" rel=\"noopener\">Commerce Yield<\/a><\/li>\n<li><a href=\"https:\/\/www.criteo.com\/wp-content\/uploads\/2024\/09\/Specific-Terms-of-Service-%E2%80%93-Curation-Data-Provision_DE.pdf\" target=\"_blank\" rel=\"noopener\">Curation-Dienst &amp; Datenbereitstellungsdienst<\/a><\/li>\n<\/ul>\n<\/li>\n<li><a href=\"https:\/\/www.criteo.com\/wp-content\/uploads\/2025\/05\/Criteo-contracting-entities-governing-law-and-jurisdiction-2025-May-DE.pdf\" target=\"_blank\" rel=\"noopener\">Vertragsparteien, Anwendbares Recht, Gerichtsstand<\/a><\/li>\n<li><a href=\"https:\/\/www.criteo.com\/wp-content\/uploads\/2026\/05\/Criteo-Data-Protection-Agreement-DE.pdf\" target=\"_blank\" rel=\"noopener\">Datenschutzvereinbarung<\/a><\/li>\n<\/ul>\n<p><a href=\"https:\/\/www.criteo.com\/terms-and-conditions\/german-previous-versions\/\" target=\"_blank\" rel=\"noopener\"><strong>Fr\u00fchere Versionen anzeigen<\/strong><\/a><\/p>\n"},{"bootstrap_column_classes":false,"bootstrap_column_content":"<h3>IPONWEB Terms &amp; Policies<\/h3>\n<ul>\n<li><a href=\"https:\/\/www.criteo.com\/wp-content\/uploads\/2024\/05\/The-MediaGrid-Standard-Terms-for-Publishers-20221027.pdf\" target=\"_blank\" rel=\"noopener\">The MediaGrid Standard Terms for Publishers<\/a><\/li>\n<li><a href=\"https:\/\/www.criteo.com\/wp-content\/uploads\/2024\/05\/The-MediaGrid-Standard-Terms-for-Demand-Partners-20221212.pdf\" target=\"_blank\" rel=\"noopener\">The MediaGrid Standard Terms for Demand Partners<\/a><\/li>\n<li><a href=\"https:\/\/www.criteo.com\/wp-content\/uploads\/2025\/03\/The-MediaGrid-Standard-Terms-for-Curators-21032025.pdf\" target=\"_blank\" rel=\"noopener\">The MediaGrid Standard Terms for Curators<\/a><\/li>\n<li><a href=\"https:\/\/www.criteo.com\/wp-content\/uploads\/2024\/05\/The-MediaGrid-Buyer-and-Seller-Policies.pdf\" target=\"_blank\" rel=\"noopener\">The MediaGrid Buyer and Seller Policies<\/a><\/li>\n<li><a href=\"https:\/\/www.criteo.com\/wp-content\/uploads\/2024\/05\/Media-Seller-Take-Down-Policy.pdf\" target=\"_blank\" rel=\"noopener\">Media Seller Take Down Policy<\/a><\/li>\n<li><a href=\"https:\/\/www.criteo.com\/wp-content\/uploads\/2024\/05\/Standard-Terms-for-BidCore-Customers-20221027.pdf\" target=\"_blank\" rel=\"noopener\">Standard Terms for BidCore Customers<\/a><\/li>\n<li><a href=\"https:\/\/www.criteo.com\/wp-content\/uploads\/2024\/05\/BidCore-Policies.pdf\" target=\"_blank\" rel=\"noopener\">BidCore Policies<\/a><\/li>\n<li><a href=\"https:\/\/www.criteo.com\/wp-content\/uploads\/2024\/05\/BidCore-Creative-Guidelines.pdf\" target=\"_blank\" rel=\"noopener\">BidCore Creative Guidelines<\/a><\/li>\n<li><a href=\"https:\/\/www.criteo.com\/wp-content\/uploads\/2024\/05\/IPONWEB-Standard-Terms-for-Outcomes-Based-Advertising-20221027.pdf\" target=\"_blank\" rel=\"noopener\">IPONWEB Standard Terms for Outcomes-Based Advertising<\/a><\/li>\n<li><a href=\"https:\/\/www.criteo.com\/wp-content\/uploads\/2024\/05\/Outcomes-Based-Advertising-Creative-Guidelines.pdf\" target=\"_blank\" rel=\"noopener\">Outcomes-Based Advertising Creative Guidelines<\/a><\/li>\n<li><a href=\"https:\/\/www.criteo.com\/wp-content\/uploads\/2024\/05\/The-Media-Grid-Sub-Processors.pdf\" target=\"_blank\" rel=\"noopener\">The Media Grid Sub-Processors<\/a><\/li>\n<li><a href=\"https:\/\/www.criteo.com\/wp-content\/uploads\/2024\/11\/IPONWEB-Data-Processing-Addendum.pdf\" target=\"_blank\" rel=\"noopener\">IPONWEB Data Processing Addendum<\/a><\/li>\n<li><a href=\"https:\/\/www.criteo.com\/wp-content\/uploads\/2024\/05\/IPONWEB-Sub-Processors.pdf\" target=\"_blank\" rel=\"noopener\">IPONWEB Sub-Processors<\/a><\/li>\n<\/ul>\n"}]}]}],"bevel":"peach-grapes","bevel_reversed":false,"has_more_content":false,"additional_code":"","stae_popup_enable":false,"storetail_optout":false,"track_page_in_segment":false,"segment_page_name":"","enable_slide-in":false},"yoast_head":"<!-- This site is optimized with the Yoast SEO plugin v26.4 - https:\/\/yoast.com\/wordpress\/plugins\/seo\/ -->\n<title>Terms and Conditions | DE - Criteo.com<\/title>\n<meta name=\"description\" content=\"Criteo Terms and Conditions for marketers\" \/>\n<meta name=\"robots\" content=\"index, follow, max-snippet:-1, max-image-preview:large, max-video-preview:-1\" \/>\n<link rel=\"canonical\" href=\"https:\/\/www.criteo.com\/de\/terms-and-conditions\/\" \/>\n<meta property=\"og:locale\" content=\"de_DE\" \/>\n<meta property=\"og:type\" content=\"article\" \/>\n<meta property=\"og:title\" content=\"Terms and Conditions | DE - Criteo.com\" \/>\n<meta property=\"og:description\" content=\"Criteo Terms and Conditions for marketers\" \/>\n<meta property=\"og:url\" content=\"https:\/\/www.criteo.com\/de\/terms-and-conditions\/\" \/>\n<meta property=\"og:site_name\" content=\"DE - Criteo.com\" \/>\n<meta property=\"article:modified_time\" content=\"2026-05-13T14:47:02+00:00\" \/>\n<meta name=\"twitter:card\" content=\"summary_large_image\" \/>\n<meta name=\"twitter:label1\" content=\"Est. reading time\" \/>\n\t<meta name=\"twitter:data1\" content=\"1 minute\" \/>\n<script type=\"application\/ld+json\" class=\"yoast-schema-graph\">{\n\t    \"@context\": \"https:\/\/schema.org\",\n\t    \"@graph\": [\n\t        {\n\t            \"@type\": \"WebPage\",\n\t            \"@id\": \"https:\/\/www.criteo.com\/de\/terms-and-conditions\/\",\n\t            \"url\": \"https:\/\/www.criteo.com\/de\/terms-and-conditions\/\",\n\t            \"name\": \"Terms and Conditions | DE - Criteo.com\",\n\t            \"isPartOf\": {\n\t                \"@id\": \"https:\/\/www.criteo.com\/de\/#website\"\n\t            },\n\t            \"datePublished\": \"2017-12-05T16:38:24+00:00\",\n\t            \"dateModified\": \"2026-05-13T14:47:02+00:00\",\n\t            \"description\": \"Criteo Terms and Conditions for marketers\",\n\t            \"breadcrumb\": {\n\t                \"@id\": \"https:\/\/www.criteo.com\/de\/terms-and-conditions\/#breadcrumb\"\n\t            },\n\t            \"inLanguage\": \"de-DE\",\n\t            \"potentialAction\": [\n\t                {\n\t                    \"@type\": \"ReadAction\",\n\t                    \"target\": [\n\t                        \"https:\/\/www.criteo.com\/de\/terms-and-conditions\/\"\n\t                    ]\n\t                }\n\t            ]\n\t        },\n\t        {\n\t            \"@type\": \"BreadcrumbList\",\n\t            \"@id\": \"https:\/\/www.criteo.com\/de\/terms-and-conditions\/#breadcrumb\",\n\t            \"itemListElement\": [\n\t                {\n\t                    \"@type\": \"ListItem\",\n\t                    \"position\": 1,\n\t                    \"name\": \"Home\",\n\t                    \"item\": \"https:\/\/www.criteo.com\/de\/\"\n\t                },\n\t                {\n\t                    \"@type\": \"ListItem\",\n\t                    \"position\": 2,\n\t                    \"name\": \"Terms and Conditions\"\n\t                }\n\t            ]\n\t        },\n\t        {\n\t            \"@type\": \"WebSite\",\n\t            \"@id\": \"https:\/\/www.criteo.com\/de\/#website\",\n\t            \"url\": \"https:\/\/www.criteo.com\/de\/\",\n\t            \"name\": \"DE - Criteo.com\",\n\t            \"description\": \"\",\n\t            \"publisher\": {\n\t                \"@id\": \"https:\/\/www.criteo.com\/de\/#organization\"\n\t            },\n\t            \"potentialAction\": [\n\t                {\n\t                    \"@type\": \"SearchAction\",\n\t                    \"target\": {\n\t                        \"@type\": \"EntryPoint\",\n\t                        \"urlTemplate\": \"https:\/\/www.criteo.com\/de\/?s={search_term_string}\"\n\t                    },\n\t                    \"query-input\": {\n\t                        \"@type\": \"PropertyValueSpecification\",\n\t                        \"valueRequired\": true,\n\t                        \"valueName\": \"search_term_string\"\n\t                    }\n\t                }\n\t            ],\n\t            \"inLanguage\": \"de-DE\"\n\t        },\n\t        {\n\t            \"@type\": \"Organization\",\n\t            \"@id\": \"https:\/\/www.criteo.com\/de\/#organization\",\n\t            \"name\": \"Criteo\",\n\t            \"alternateName\": \"Criteo corp\",\n\t            \"url\": \"https:\/\/www.criteo.com\/de\/\",\n\t            \"logo\": {\n\t                \"@type\": \"ImageObject\",\n\t                \"inLanguage\": \"de-DE\",\n\t                \"@id\": \"https:\/\/www.criteo.com\/de\/#\/schema\/logo\/image\/\",\n\t                \"url\": \"https:\/\/www.criteo.com\/de\/wp-content\/uploads\/sites\/3\/2024\/02\/Criteo-Logo.svg\",\n\t                \"contentUrl\": \"https:\/\/www.criteo.com\/de\/wp-content\/uploads\/sites\/3\/2024\/02\/Criteo-Logo.svg\",\n\t                \"width\": 118,\n\t                \"height\": 24,\n\t                \"caption\": \"Criteo\"\n\t            },\n\t            \"image\": {\n\t                \"@id\": \"https:\/\/www.criteo.com\/de\/#\/schema\/logo\/image\/\"\n\t            }\n\t        }\n\t    ]\n\t}<\/script>\n<!-- \/ Yoast SEO plugin. -->","yoast_head_json":{"title":"Terms and Conditions | DE - Criteo.com","description":"Criteo Terms and Conditions for marketers","robots":{"index":"index","follow":"follow","max-snippet":"max-snippet:-1","max-image-preview":"max-image-preview:large","max-video-preview":"max-video-preview:-1"},"canonical":"https:\/\/www.criteo.com\/de\/terms-and-conditions\/","og_locale":"de_DE","og_type":"article","og_title":"Terms and Conditions | DE - Criteo.com","og_description":"Criteo Terms and Conditions for marketers","og_url":"https:\/\/www.criteo.com\/de\/terms-and-conditions\/","og_site_name":"DE - Criteo.com","article_modified_time":"2026-05-13T14:47:02+00:00","twitter_card":"summary_large_image","twitter_misc":{"Est. reading time":"1 minute"},"schema":{"@context":"https:\/\/schema.org","@graph":[{"@type":"WebPage","@id":"https:\/\/www.criteo.com\/de\/terms-and-conditions\/","url":"https:\/\/www.criteo.com\/de\/terms-and-conditions\/","name":"Terms and Conditions | DE - Criteo.com","isPartOf":{"@id":"https:\/\/www.criteo.com\/de\/#website"},"datePublished":"2017-12-05T16:38:24+00:00","dateModified":"2026-05-13T14:47:02+00:00","description":"Criteo Terms and Conditions for marketers","breadcrumb":{"@id":"https:\/\/www.criteo.com\/de\/terms-and-conditions\/#breadcrumb"},"inLanguage":"de-DE","potentialAction":[{"@type":"ReadAction","target":["https:\/\/www.criteo.com\/de\/terms-and-conditions\/"]}]},{"@type":"BreadcrumbList","@id":"https:\/\/www.criteo.com\/de\/terms-and-conditions\/#breadcrumb","itemListElement":[{"@type":"ListItem","position":1,"name":"Home","item":"https:\/\/www.criteo.com\/de\/"},{"@type":"ListItem","position":2,"name":"Terms and Conditions"}]},{"@type":"WebSite","@id":"https:\/\/www.criteo.com\/de\/#website","url":"https:\/\/www.criteo.com\/de\/","name":"DE - Criteo.com","description":"","publisher":{"@id":"https:\/\/www.criteo.com\/de\/#organization"},"potentialAction":[{"@type":"SearchAction","target":{"@type":"EntryPoint","urlTemplate":"https:\/\/www.criteo.com\/de\/?s={search_term_string}"},"query-input":{"@type":"PropertyValueSpecification","valueRequired":true,"valueName":"search_term_string"}}],"inLanguage":"de-DE"},{"@type":"Organization","@id":"https:\/\/www.criteo.com\/de\/#organization","name":"Criteo","alternateName":"Criteo corp","url":"https:\/\/www.criteo.com\/de\/","logo":{"@type":"ImageObject","inLanguage":"de-DE","@id":"https:\/\/www.criteo.com\/de\/#\/schema\/logo\/image\/","url":"https:\/\/www.criteo.com\/de\/wp-content\/uploads\/sites\/3\/2024\/02\/Criteo-Logo.svg","contentUrl":"https:\/\/www.criteo.com\/de\/wp-content\/uploads\/sites\/3\/2024\/02\/Criteo-Logo.svg","width":118,"height":24,"caption":"Criteo"},"image":{"@id":"https:\/\/www.criteo.com\/de\/#\/schema\/logo\/image\/"}}]}},"_links":{"self":[{"href":"https:\/\/www.criteo.com\/de\/wp-json\/wp\/v2\/pages\/7203","targetHints":{"allow":["GET"]}}],"collection":[{"href":"https:\/\/www.criteo.com\/de\/wp-json\/wp\/v2\/pages"}],"about":[{"href":"https:\/\/www.criteo.com\/de\/wp-json\/wp\/v2\/types\/page"}],"author":[{"embeddable":true,"href":"https:\/\/www.criteo.com\/de\/wp-json\/wp\/v2\/users\/1"}],"replies":[{"embeddable":true,"href":"https:\/\/www.criteo.com\/de\/wp-json\/wp\/v2\/comments?post=7203"}],"version-history":[{"count":144,"href":"https:\/\/www.criteo.com\/de\/wp-json\/wp\/v2\/pages\/7203\/revisions"}],"predecessor-version":[{"id":23146,"href":"https:\/\/www.criteo.com\/de\/wp-json\/wp\/v2\/pages\/7203\/revisions\/23146"}],"wp:attachment":[{"href":"https:\/\/www.criteo.com\/de\/wp-json\/wp\/v2\/media?parent=7203"}],"wp:term":[{"taxonomy":"author","embeddable":true,"href":"https:\/\/www.criteo.com\/de\/wp-json\/wp\/v2\/coauthors?post=7203"}],"curies":[{"name":"wp","href":"https:\/\/api.w.org\/{rel}","templated":true}]}}