{"id":7207,"date":"2017-12-05T16:46:26","date_gmt":"2017-12-05T16:46:26","guid":{"rendered":"http:\/\/www.criteo.com\/de\/legal\/"},"modified":"2026-03-17T16:06:33","modified_gmt":"2026-03-17T16:06:33","slug":"legal","status":"publish","type":"page","link":"https:\/\/www.criteo.com\/de\/legal\/","title":{"rendered":"Impressum"},"content":{"rendered":"<div class=\"row first\">\n<div class=\"col-sm-12 col-lg-6 col-left\">\n<h2>Verantwortlich f\u00fcr den Inhalt der Site:<\/h2>\n<table class=\"legal-table\" border=\"0\">\n<tbody>\n<tr>\n<td>\n<table class=\"legal-table\" border=\"0\">\n<tbody>\n<tr>\n<td><strong>Unternehmen:<\/strong><\/td>\n<\/tr>\n<\/tbody>\n<\/table>\n<\/td>\n<td class=\"vertical-align-bottom\">Criteo SA<\/td>\n<\/tr>\n<tr>\n<td><strong>Stammkapital:<\/strong><\/td>\n<td class=\"vertical-align-bottom\">\u20ac1,443,620.975<\/td>\n<\/tr>\n<tr>\n<td><strong>Registriernummer:<\/strong><\/td>\n<td class=\"vertical-align-bottom\">484 786 249 RCS Paris<\/td>\n<\/tr>\n<tr>\n<td><strong>Adresse:<\/strong><\/td>\n<td class=\"vertical-align-bottom\">32 Rue Blanche, 75009 Paris, France<\/td>\n<\/tr>\n<tr>\n<td><strong>Telefon:<\/strong><\/td>\n<td class=\"vertical-align-bottom\">+33 (0) 1 75 85 09 39<\/td>\n<\/tr>\n<tr>\n<td><strong>E-Mail-Adresse:<\/strong><\/td>\n<td class=\"vertical-align-bottom\"><a href=\"mailto:contact@criteo.com\">contact@criteo.com<\/a><\/td>\n<\/tr>\n<tr>\n<td><strong>Herausgeber:<\/strong><\/td>\n<td class=\"vertical-align-bottom\">Michael Komasinski<\/td>\n<\/tr>\n<\/tbody>\n<\/table>\n<p>&nbsp;<\/p>\n<h2>Host-Site:<\/h2>\n<table class=\"legal-table\" border=\"0\">\n<tbody>\n<tr>\n<td><strong>Host-Server:<\/strong><\/td>\n<td class=\"vertical-align-bottom\">server: OVH<\/td>\n<\/tr>\n<tr>\n<td><strong>Adresse des Host-Servers:<\/strong><\/td>\n<td class=\"vertical-align-bottom\">2 rue Kellermann, 59100 Roubaix France<\/td>\n<\/tr>\n<tr>\n<td><strong>Telefon:<\/strong><\/td>\n<td class=\"vertical-align-bottom\">+33 (0) 8 203 203 63<\/td>\n<\/tr>\n<\/tbody>\n<\/table>\n<\/div>\n<div class=\"col-sm-12 col-lg-6 col-right\">\n<h2>Geistiges Eigentum<\/h2>\n<p>Das gesamte Erscheinungsbild sowie die einzelnen Elemente der Criteo-Website (u.a. Markenzeichen, Logos, Fotos, Domain-Namen und alle anderen grafischen Elemente) geh\u00f6ren ausschlie\u00dflich Criteo oder den entsprechenden Lizenzgebern. Sie sind urheber- bzw. markenrechtlich gesch\u00fctzt.<\/p>\n<\/div>\n<\/div>\n<div class=\"row last\">\n<div class=\"col-sm-12\">\n<h2><\/h2>\n<p>&nbsp;<\/p>\n<\/div>\n<\/div>\n","protected":false},"excerpt":{"rendered":"<p>Verantwortlich f\u00fcr den Inhalt der Site: Unternehmen: Criteo SA Stammkapital: \u20ac1,443,620.975 Registriernummer: 484 786 249 RCS Paris Adresse: 32 Rue Blanche, 75009 Paris, France Telefon: +33 (0) 1 75 85 09 39 E-Mail-Adresse: contact@criteo.com Herausgeber: Michael Komasinski &nbsp; Host-Site: Host-Server: server: OVH Adresse des Host-Servers: 2 rue Kellermann, 59100 Roubaix France Telefon: +33 (0) 8 [&hellip;]<\/p>\n","protected":false},"author":1,"featured_media":0,"parent":0,"menu_order":0,"comment_status":"closed","ping_status":"closed","template":"page-templates\/basic.php","meta":{"_acf_changed":false,"footnotes":""},"coauthors":[621],"class_list":["post-7207","page","type-page","status-publish"],"acf":{"bevel":"peach-grapes","bevel_reversed":false,"layout_mode":"right-indented","has_more_content":false,"side_text":"","additional_code":"","stae_popup_enable":false,"storetail_optout":false,"track_page_in_segment":false,"segment_page_name":""},"yoast_head":"<!-- This site is optimized with the Yoast SEO plugin v26.4 - https:\/\/yoast.com\/wordpress\/plugins\/seo\/ -->\n<title>Impressum<\/title>\n<meta name=\"description\" content=\"Im Impressum erfahrt ihr, wer f\u00fcr criteo.com verantwortlich ist.\" \/>\n<meta name=\"robots\" content=\"index, follow, max-snippet:-1, max-image-preview:large, max-video-preview:-1\" \/>\n<link rel=\"canonical\" href=\"https:\/\/www.criteo.com\/de\/legal\/\" \/>\n<meta property=\"og:locale\" content=\"de_DE\" \/>\n<meta property=\"og:type\" content=\"article\" \/>\n<meta property=\"og:title\" content=\"Impressum\" \/>\n<meta property=\"og:description\" content=\"Im Impressum erfahrt ihr, wer f\u00fcr criteo.com verantwortlich ist.\" \/>\n<meta property=\"og:url\" content=\"https:\/\/www.criteo.com\/de\/legal\/\" \/>\n<meta property=\"og:site_name\" content=\"DE - Criteo.com\" \/>\n<meta property=\"article:modified_time\" content=\"2026-03-17T16:06:33+00:00\" \/>\n<meta name=\"twitter:card\" content=\"summary_large_image\" \/>\n<meta name=\"twitter:label1\" content=\"Est. reading time\" \/>\n\t<meta name=\"twitter:data1\" content=\"1 minute\" \/>\n<script type=\"application\/ld+json\" class=\"yoast-schema-graph\">{\n\t    \"@context\": \"https:\/\/schema.org\",\n\t    \"@graph\": [\n\t        {\n\t            \"@type\": \"WebPage\",\n\t            \"@id\": \"https:\/\/www.criteo.com\/de\/legal\/\",\n\t            \"url\": \"https:\/\/www.criteo.com\/de\/legal\/\",\n\t            \"name\": \"Impressum\",\n\t            \"isPartOf\": {\n\t                \"@id\": \"https:\/\/www.criteo.com\/de\/#website\"\n\t            },\n\t            \"datePublished\": \"2017-12-05T16:46:26+00:00\",\n\t            \"dateModified\": \"2026-03-17T16:06:33+00:00\",\n\t            \"description\": \"Im Impressum erfahrt ihr, wer f\u00fcr criteo.com verantwortlich ist.\",\n\t            \"breadcrumb\": {\n\t                \"@id\": \"https:\/\/www.criteo.com\/de\/legal\/#breadcrumb\"\n\t            },\n\t            \"inLanguage\": \"de-DE\",\n\t            \"potentialAction\": [\n\t                {\n\t                    \"@type\": \"ReadAction\",\n\t                    \"target\": [\n\t                        \"https:\/\/www.criteo.com\/de\/legal\/\"\n\t                    ]\n\t                }\n\t            ]\n\t        },\n\t        {\n\t            \"@type\": \"BreadcrumbList\",\n\t            \"@id\": \"https:\/\/www.criteo.com\/de\/legal\/#breadcrumb\",\n\t            \"itemListElement\": [\n\t                {\n\t                    \"@type\": \"ListItem\",\n\t                    \"position\": 1,\n\t                    \"name\": \"Home\",\n\t                    \"item\": \"https:\/\/www.criteo.com\/de\/\"\n\t                },\n\t                {\n\t                    \"@type\": \"ListItem\",\n\t                    \"position\": 2,\n\t                    \"name\": \"Impressum\"\n\t                }\n\t            ]\n\t        },\n\t        {\n\t            \"@type\": \"WebSite\",\n\t            \"@id\": \"https:\/\/www.criteo.com\/de\/#website\",\n\t            \"url\": \"https:\/\/www.criteo.com\/de\/\",\n\t            \"name\": \"DE - Criteo.com\",\n\t            \"description\": \"\",\n\t            \"publisher\": {\n\t                \"@id\": \"https:\/\/www.criteo.com\/de\/#organization\"\n\t            },\n\t            \"potentialAction\": [\n\t                {\n\t                    \"@type\": \"SearchAction\",\n\t                    \"target\": {\n\t                        \"@type\": \"EntryPoint\",\n\t                        \"urlTemplate\": \"https:\/\/www.criteo.com\/de\/?s={search_term_string}\"\n\t                    },\n\t                    \"query-input\": {\n\t                        \"@type\": \"PropertyValueSpecification\",\n\t                        \"valueRequired\": true,\n\t                        \"valueName\": \"search_term_string\"\n\t                    }\n\t                }\n\t            ],\n\t            \"inLanguage\": \"de-DE\"\n\t        },\n\t        {\n\t            \"@type\": \"Organization\",\n\t            \"@id\": \"https:\/\/www.criteo.com\/de\/#organization\",\n\t            \"name\": \"Criteo\",\n\t            \"alternateName\": \"Criteo corp\",\n\t            \"url\": \"https:\/\/www.criteo.com\/de\/\",\n\t            \"logo\": {\n\t                \"@type\": \"ImageObject\",\n\t                \"inLanguage\": \"de-DE\",\n\t                \"@id\": \"https:\/\/www.criteo.com\/de\/#\/schema\/logo\/image\/\",\n\t                \"url\": \"https:\/\/www.criteo.com\/de\/wp-content\/uploads\/sites\/3\/2024\/02\/Criteo-Logo.svg\",\n\t                \"contentUrl\": \"https:\/\/www.criteo.com\/de\/wp-content\/uploads\/sites\/3\/2024\/02\/Criteo-Logo.svg\",\n\t                \"width\": 118,\n\t                \"height\": 24,\n\t                \"caption\": \"Criteo\"\n\t            },\n\t            \"image\": {\n\t                \"@id\": \"https:\/\/www.criteo.com\/de\/#\/schema\/logo\/image\/\"\n\t            }\n\t        }\n\t    ]\n\t}<\/script>\n<!-- \/ Yoast SEO plugin. -->","yoast_head_json":{"title":"Impressum","description":"Im Impressum erfahrt ihr, wer f\u00fcr criteo.com verantwortlich ist.","robots":{"index":"index","follow":"follow","max-snippet":"max-snippet:-1","max-image-preview":"max-image-preview:large","max-video-preview":"max-video-preview:-1"},"canonical":"https:\/\/www.criteo.com\/de\/legal\/","og_locale":"de_DE","og_type":"article","og_title":"Impressum","og_description":"Im Impressum erfahrt ihr, wer f\u00fcr criteo.com verantwortlich ist.","og_url":"https:\/\/www.criteo.com\/de\/legal\/","og_site_name":"DE - Criteo.com","article_modified_time":"2026-03-17T16:06:33+00:00","twitter_card":"summary_large_image","twitter_misc":{"Est. reading time":"1 minute"},"schema":{"@context":"https:\/\/schema.org","@graph":[{"@type":"WebPage","@id":"https:\/\/www.criteo.com\/de\/legal\/","url":"https:\/\/www.criteo.com\/de\/legal\/","name":"Impressum","isPartOf":{"@id":"https:\/\/www.criteo.com\/de\/#website"},"datePublished":"2017-12-05T16:46:26+00:00","dateModified":"2026-03-17T16:06:33+00:00","description":"Im Impressum erfahrt ihr, wer f\u00fcr criteo.com verantwortlich ist.","breadcrumb":{"@id":"https:\/\/www.criteo.com\/de\/legal\/#breadcrumb"},"inLanguage":"de-DE","potentialAction":[{"@type":"ReadAction","target":["https:\/\/www.criteo.com\/de\/legal\/"]}]},{"@type":"BreadcrumbList","@id":"https:\/\/www.criteo.com\/de\/legal\/#breadcrumb","itemListElement":[{"@type":"ListItem","position":1,"name":"Home","item":"https:\/\/www.criteo.com\/de\/"},{"@type":"ListItem","position":2,"name":"Impressum"}]},{"@type":"WebSite","@id":"https:\/\/www.criteo.com\/de\/#website","url":"https:\/\/www.criteo.com\/de\/","name":"DE - Criteo.com","description":"","publisher":{"@id":"https:\/\/www.criteo.com\/de\/#organization"},"potentialAction":[{"@type":"SearchAction","target":{"@type":"EntryPoint","urlTemplate":"https:\/\/www.criteo.com\/de\/?s={search_term_string}"},"query-input":{"@type":"PropertyValueSpecification","valueRequired":true,"valueName":"search_term_string"}}],"inLanguage":"de-DE"},{"@type":"Organization","@id":"https:\/\/www.criteo.com\/de\/#organization","name":"Criteo","alternateName":"Criteo corp","url":"https:\/\/www.criteo.com\/de\/","logo":{"@type":"ImageObject","inLanguage":"de-DE","@id":"https:\/\/www.criteo.com\/de\/#\/schema\/logo\/image\/","url":"https:\/\/www.criteo.com\/de\/wp-content\/uploads\/sites\/3\/2024\/02\/Criteo-Logo.svg","contentUrl":"https:\/\/www.criteo.com\/de\/wp-content\/uploads\/sites\/3\/2024\/02\/Criteo-Logo.svg","width":118,"height":24,"caption":"Criteo"},"image":{"@id":"https:\/\/www.criteo.com\/de\/#\/schema\/logo\/image\/"}}]}},"_links":{"self":[{"href":"https:\/\/www.criteo.com\/de\/wp-json\/wp\/v2\/pages\/7207","targetHints":{"allow":["GET"]}}],"collection":[{"href":"https:\/\/www.criteo.com\/de\/wp-json\/wp\/v2\/pages"}],"about":[{"href":"https:\/\/www.criteo.com\/de\/wp-json\/wp\/v2\/types\/page"}],"author":[{"embeddable":true,"href":"https:\/\/www.criteo.com\/de\/wp-json\/wp\/v2\/users\/1"}],"replies":[{"embeddable":true,"href":"https:\/\/www.criteo.com\/de\/wp-json\/wp\/v2\/comments?post=7207"}],"version-history":[{"count":20,"href":"https:\/\/www.criteo.com\/de\/wp-json\/wp\/v2\/pages\/7207\/revisions"}],"predecessor-version":[{"id":22862,"href":"https:\/\/www.criteo.com\/de\/wp-json\/wp\/v2\/pages\/7207\/revisions\/22862"}],"wp:attachment":[{"href":"https:\/\/www.criteo.com\/de\/wp-json\/wp\/v2\/media?parent=7207"}],"wp:term":[{"taxonomy":"author","embeddable":true,"href":"https:\/\/www.criteo.com\/de\/wp-json\/wp\/v2\/coauthors?post=7207"}],"curies":[{"name":"wp","href":"https:\/\/api.w.org\/{rel}","templated":true}]}}