{"id":7214,"date":"2017-12-05T16:51:10","date_gmt":"2017-12-05T16:51:10","guid":{"rendered":"http:\/\/www.criteo.com\/de\/advertising-guidelines\/"},"modified":"2024-09-05T14:44:59","modified_gmt":"2024-09-05T14:44:59","slug":"advertising-guidelines","status":"publish","type":"page","link":"https:\/\/www.criteo.com\/de\/advertising-guidelines\/","title":{"rendered":"Criteo Werberichtlinien"},"content":{"rendered":"<p><strong>Wenn Sie nach den Richtlinien f\u00fcr Criteo Supply-Partner suchen, klicken Sie bitte <\/strong><strong style=\"font-size: 1rem;\"><a href=\"https:\/\/www.criteo.com\/de\/supply-partner-guidelines\/\">hier<\/a>.<\/strong><\/p>\n<hr \/>\n<p>Criteo und die dem Unternehmen angeschlossenen Plattformen, darunter BidSwitch, arbeiten \u00fcber ein Netzwerk h\u00f6chster Qualit\u00e4t. Aus diesem Grund sind die Werbepartner von Criteo dazu verpflichtet, diese Richtlinien jederzeit einhalten.<\/p>\n<p>Um ein vertrauensw\u00fcrdiges Werbe-\u00d6kosystem zu gew\u00e4hrleisten, verlangt Criteo von allen seinen Werbepartnern die Einhaltung hoher ethischer Standards. Jeder Werbepartner von Criteo ist daf\u00fcr verantwortlich, dass seine Inhalte, Produkte oder Dienstleistungen den geltenden Gesetzen und Vorschriften entsprechen, einschlie\u00dflich der geltenden Gesetze und Vorschriften zum Datenschutz und zur Privatsph\u00e4re.<\/p>\n<p>Die Werbung darf nicht die Sicherheit der Criteo-Plattform oder der ihr angeschlossenen Plattformen oder deren Nutzer gef\u00e4hrden oder einen Dienst aufrufen, der die Sicherheit der Criteo-Plattform oder der ihr angeschlossenen Plattformen oder deren Nutzer gef\u00e4hrdet.<\/p>\n<p>Criteo beh\u00e4lt sich das Recht vor, nach eigenem Ermessen einen Partner abzulehnen bzw. aus seinem Netzwerk zu entfernen oder den Zugang zu den Criteo-Plattformen vor\u00fcbergehend oder dauerhaft auszusetzen.<\/p>\n<hr \/>\n<h2 id=\"Verbotene-Inhalte\">1. Verbotene Inhalte<\/h2>\n<p>Criteo zeigt keine Inhalte, Produkte oder Dienstleistungen an, die unter die folgenden verbotenen Kategorien fallen:<\/p>\n<p><strong>1.1. Diskriminierung oder Hassrede<\/strong><\/p>\n<p>Das umfasst Werbung oder Bilder, die eine Person oder eine Gruppe von Personen aufgrund von ethnischer Herkunft, nationaler Herkunft, Geschlecht, Religionszugeh\u00f6rigkeit, Behinderung, Alter oder sexueller Orientierung\/Geschlechtsidentit\u00e4t beleidigen, diffamieren oder bedrohen.<\/p>\n<p><strong>1.2. Nicht jugendfreie Inhalte<\/strong><\/p>\n<p>Sexuelle, h\u00f6chst suggestive oder pornografische Anzeigen oder Bilder, einschlie\u00dflich Nacktheit, Sexspielzeuge und Videos und\/oder Bilder von Personen in sexuell suggestiven oder aufreizenden Positionen.<\/p>\n<p><strong>1.3. T\u00e4uschende, falsche oder irref\u00fchrende Produkte\/Dienstleistungen<\/strong><\/p>\n<p>Das umfasst t\u00e4uschende, irref\u00fchrende, absichtlich mehrdeutige oder betr\u00fcgerische Behauptungen, Bilder, Angebote oder Gesch\u00e4ftspraktiken, einschlie\u00dflich, aber nicht beschr\u00e4nkt auf Ads oder Inhalte, die einen Nutzer in betr\u00fcgerischer oder irref\u00fchrender Weise dazu verleiten, auf eine Ad zu klicken.<\/p>\n<p><strong>1.4. Illegale oder rechtlich fragw\u00fcrdige Aktivit\u00e4ten und unehrliche oder r\u00e4uberische Inhalte oder Aktivit\u00e4ten<\/strong><\/p>\n<p>Das umfasst Werbung f\u00fcr Produkte, Dienstleistungen oder Aktivit\u00e4ten, die illegale Produkte, Dienstleistungen oder Aktivit\u00e4ten darstellen, erleichtern oder f\u00f6rdern (oder die auf andere Weise unehrliches Verhalten erm\u00f6glichen), einschlie\u00dflich, aber nicht beschr\u00e4nkt auf illegale Drogen, Drogenutensilien und gef\u00e4lschte Dokumente.<\/p>\n<p><strong>1.5. Verletzung geistiger Eigentumsrechte, Produktpiraterie oder gef\u00e4lschte Produkte<\/strong><\/p>\n<p>Die Verletzung der geistigen Eigentumsrechte Dritter ist verboten. Die Werbung darf keine Inhalte enthalten, die die geistigen Eigentumsrechte Dritter verletzen. Beispiele hierf\u00fcr sind u. a. die widerrechtliche Verwendung einer Marke\/eines Logos, die Verbreitung von urheberrechtlich gesch\u00fctztem Material ohne ausdr\u00fcckliche Genehmigung des Eigent\u00fcmers, gef\u00e4lschte Waren, raubkopierte Inhalte und Werbung, die das Bild oder Abbild einer Person ohne deren Erlaubnis enthalten.<\/p>\n<p><strong>1.6. Schockierende\/anst\u00f6\u00dfige Inhalte<\/strong><\/p>\n<p>Werbung, die grundlose Gewalt, sexuell eindeutige, pornografische oder obsz\u00f6ne Inhalte oder andere beleidigende, schockierende, blutr\u00fcnstige, gewaltt\u00e4tige, unsichere, blasphemisch, bedrohende, gef\u00e4hrliche, rei\u00dferische, respektlose oder verst\u00f6rende Inhalte enth\u00e4lt, ist verboten.<\/p>\n<p><strong>1.7. Schusswaffen und Waffen<\/strong><\/p>\n<p>Einschlie\u00dflich, aber nicht beschr\u00e4nkt auf Werbung f\u00fcr Munition, Feuerwaffen oder zugeh\u00f6rige Utensilien (einschlie\u00dflich Zubeh\u00f6r), Paintball-Pistolen, Gewehre, Luftgewehre, Elektroschocker, Sprengstoffe, Bomben, Messer oder Waffen jeglicher Art sowie Feuerwerksk\u00f6rper.<\/p>\n<p><strong>1.8. Drogen<\/strong><\/p>\n<p>Werbung f\u00fcr illegale Drogen oder entsprechende Utensilien ist verboten. Verboten sind sowohl illegale Drogen als auch Freizeitdrogen, d. h. Substanzen, die die Psyche ver\u00e4ndern oder einen \u201eRausch\u201c ausl\u00f6sen, sowie Werbung f\u00fcr Produkte oder Dienstleistungen, die den Drogenkonsum erleichtern sollen. Beispiele sind Kokain, Heroin, andere illegale Opioide und Substanzen, die zur Herstellung von \u201eLegal Highs\u201c verwendet werden k\u00f6nnten, wie z. B. medizinisches Marihuana.<\/p>\n<p><strong>1.9. Webseiten gerichtet an Minderj\u00e4hrige<\/strong><\/p>\n<p>Werbung auf Websites (oder Teilen von Websites) oder in mobilen Apps, die sich speziell an Personen unter 16 Jahren richten, ist verboten.<\/p>\n<p style=\"padding-left: 80px;\"><div class=\"lightbulb\">\n        <div class=\"content p-3 \"><strong>Hinweis: BidSwitch Demand Partner k\u00f6nnen am COPPA Traffic Trading teilnehmen.<\/strong><\/div>\n    <\/div><\/p>\n<p><strong>1.10. Partnersuche<\/strong><\/p>\n<p>Werbung f\u00fcr Dating-Sites, die f\u00fcr Aff\u00e4ren oder Seitenspr\u00fcnge, Escort- oder Prostitutionsdienste oder Katalog-Ehen wirbt, ist verboten.<\/p>\n<p><strong>1.11. Unsichere Inhalte<\/strong><\/p>\n<p>Werbung f\u00fcr Produkte, einschlie\u00dflich, aber nicht beschr\u00e4nkt auf Adware, Spyware, P2P-Anwendungen, Malware, Viren, W\u00fcrmer, Trojaner, ist verboten. Jegliche Werbung, die sch\u00e4dlichen Computercode enth\u00e4lt, der die Integrit\u00e4t oder Leistung des Criteo-Dienstes st\u00f6rt oder unterbricht, ist untersagt; dies beinhaltet, ist aber nicht beschr\u00e4nkt auf Code, der:<\/p>\n<ul>\n<li>Benutzereinstellungen oder Browsereinstellungen \u00e4ndert.<\/li>\n<li>Downloads ohne die ausdr\u00fcckliche Zustimmung des Nutzers initiiert.<\/li>\n<li>Adware, Spyware, Malware, Spionageprogramme, Viren, W\u00fcrmer, Trojanische Pferde verbreitet oder Nutzer auf unerw\u00fcnschte Websites umleitet. Dies umfasst auch Malware.<\/li>\n<li>Pop-ups oder Pop-unders initiiert, die die Navigation auf der Website behindern.<\/li>\n<li>Arbitrage-Werbeeinblendungen im \u00dcberma\u00df nutzt, einschlie\u00dflich Advertising Stacking oder des Aufrufs anderer Werbeeinheiten zur Laufzeit.<\/li>\n<\/ul>\n<hr \/>\n<h2 id=\"Eingeschr\u00e4nkte-Inhalte\">2. Eingeschr\u00e4nkte Inhalte<\/h2>\n<p>Die Werbung f\u00fcr <strong>eingeschr\u00e4nkte <\/strong>Produkt- und Dienstleistungskategorien (nachstehend aufgef\u00fchrt) kann nur in bestimmten L\u00e4ndern und unter bestimmten Bedingungen sowie mit ausdr\u00fccklicher Genehmigung von Criteo gestattet werden.<\/p>\n<p><strong>2.1. Online-Apotheken<\/strong><\/p>\n<p>Dies umfasst Werbung f\u00fcr Online-Apotheken, die verschreibungspflichtige Medikamente verkaufen, sowie informative Websites zum Thema Medikamente.<\/p>\n<p><strong>2.2. Medikamente und Gesundheitsprodukte<\/strong><\/p>\n<p>Dazu geh\u00f6rt Werbung f\u00fcr verschreibungspflichtige Medikamente, kontrollierte oder beschr\u00e4nkte Arzneimittel, Partydrogen, Potenz- und Sexualmittel, Vaterschaftstests und jegliche Produkte, die eine \u00e4hnliche Wirkung wie illegale Substanzen versprechen, sowie Mittel zur Gewichtsabnahme mit unrealistischen Erwartungen\/Zielen. Generell Produkte, die einen Gesundheitszustand behandeln.<\/p>\n<p><strong>2.3. Alkohol<\/strong><\/p>\n<p>Dies umfasst Werbung f\u00fcr harte Alkoholika, Spirituosen, Wein, Bier und andere alkoholische Getr\u00e4nke.<\/p>\n<p><strong>2.4. Gl\u00fccksspiel<\/strong><\/p>\n<p>Werbung f\u00fcr Online- oder Offline-Gl\u00fccksspiele. Dazu geh\u00f6ren ohne Einschr\u00e4nkung Online- und Offline-Poker, Bingo und andere Arten von Gl\u00fccksspielen, Lotterien, Renn- und Sportwetten, Informationen \u00fcber Online-Gl\u00fccksspiele und Online-Spiele au\u00dferhalb von Casinos, in denen um Geld oder Preise gespielt wird.<\/p>\n<ul>\n<li>\u201eOnline-Gl\u00fccksspiele\u201c sind definiert als die F\u00f6rderung von Online-Gl\u00fccksspielen mit echtem Geldeinsatz um Geld und\/oder Geldeswert sowie die F\u00f6rderung von Websites, die Inhalte in Bezug auf Online-Gl\u00fccksspiele enthalten oder zu diesen verlinken;<\/li>\n<li>\u201eOffline-Gl\u00fccksspiele\u201c sind definiert als die F\u00f6rderung von Gl\u00fccksspielen au\u00dferhalb des virtuellen oder digitalen Raumes mit echtem Geldeinsatz um Geld und\/oder Geldeswert, Aktivit\u00e4ten oder Einrichtungen;<\/li>\n<li>\u201eOnline-Spiele, die nicht in Casinos stattfinden,\u201c werden definiert als alle internetbasierten Spiele, bei denen Geld oder andere Wertgegenst\u00e4nde als Gegenleistung f\u00fcr die M\u00f6glichkeit, echtes Geld oder Preise zu gewinnen, die auf dem Ergebnis von Spielen basieren, bezahlt oder eingesetzt werden, wie z. B. Fantasy-Sport, Online-Turniere oder Videospiele, in denen um Geld oder Preise gespielt wird.<\/li>\n<\/ul>\n<p><strong>2.5. Tabak<\/strong><\/p>\n<p>Dies umfasst Werbung f\u00fcr Tabak oder tabakverwandte Produkte, Vaping-Produkte oder \u00e4hnliche Utensilien (einschlie\u00dflich, aber nicht beschr\u00e4nkt auf elektronische Zigaretten, Vapes, Vaping-Ger\u00e4te, Pfeifen, Bongs, Zigaretten, Zigarren, Bl\u00e4ttchen, rauchlosen Tabak oder andere verwandte Produkte).<\/p>\n<ul>\n<li>Werbung, die eindeutig auf die Raucherentw\u00f6hnung abzielt, ist in zugelassenen L\u00e4ndern und unter bestimmten Einschr\u00e4nkungen erlaubt.<\/li>\n<li>F\u00fcr elektronische Zigaretten und Kautabak darf jedoch nicht geworben werden, auch wenn diese als Mittel zur Raucherentw\u00f6hnung vermarktet werden.<\/li>\n<\/ul>\n<p><strong>2.6. Hellseher, Astrologen, Wahrsager, usw.<\/strong><\/p>\n<ul>\n<li>Dies umfasst Werbung f\u00fcr \u00fcbersinnliche Produkte oder Dienstleistungen, einschlie\u00dflich Wahrsager, Medien, Astrologen, Tarotkartenlesungen, Hexerei, Hypnose, kultische\/okkulte Aktivit\u00e4ten und \u00e4hnliche Produkte oder Dienstleistungen.<\/li>\n<li>Werbung, die die Genauigkeit von astrologischen, \u00fcbersinnlichen oder paranormalen Dienstleistungen oder Produkten anpreist oder Ergebnisse garantiert, ist jedoch in jedem Fall untersagt.<\/li>\n<\/ul>\n<p><strong>2.7. Finanzprodukte, finanzielle Dienstleistungen und Versicherungen<\/strong><\/p>\n<ul>\n<li>Werbung f\u00fcr Finanzprodukte\/-dienstleistungen umfasst Bank-\/Investitions-\/Geldverwaltungsprodukte und -dienstleistungen, Kredite, Gesch\u00e4ftsm\u00f6glichkeiten usw.<\/li>\n<li>Die Werbung f\u00fcr Versicherungsprodukte\/-dienstleistungen umfasst Hausversicherungen, Personenversicherungen, Lebensversicherungen, Kfz-Versicherungen, Krankenversicherungen usw.<\/li>\n<\/ul>\n<p style=\"padding-left: 80px;\"><div class=\"lightbulb\">\n        <div class=\"content p-3 \"><strong>Beschr\u00e4nkte Kategorien in den Bereichen Gl\u00fccksspiel, Alkohol und Tabak \u2013 Die Kunden von MediaGrid und BidSwitch:<\/strong><\/p>\n<p><span style=\"font-size: 1rem;\">F\u00fcr die eingeschr\u00e4nkten Kategorien Gl\u00fccksspiel, Alkohol und Tabak m\u00fcssen sich die Kunden der Criteo angegliederten Plattformen The MediaGrid und BidSwitch f\u00fcr den Handel in den eingeschr\u00e4nkten Kategorien anmelden. F\u00fcr das Opt-In f\u00fcr eingeschr\u00e4nkte Kategorien wenden Sie sich bitte an Ihren Account Manager. Der Kunde kann auch aufgefordert werden, bestimmten zus\u00e4tzlichen Bedingungen in Bezug auf eingeschr\u00e4nkte Kategorien zuzustimmen.<\/div>\n    <\/div><\/span><\/p>\n<hr \/>\n<h2 id=\"Werbeformate-und-technische-Richtlinien\">3. Werbeformate und technische Richtlinien<\/h2>\n<p><strong>3.1. Die Werbung darf keine der folgenden Inhalte enthalten:<\/strong><\/p>\n<ul>\n<li>Inhalte, die dazu dienen, die Website des Publishers bzw. den Rechner des Benutzers zu hacken oder Kopierschutz und andere elektronische Sicherheitsma\u00dfnahmen zu brechen oder zu umgehen.<\/li>\n<li>Inhalte im Zusammenhang mit dem Verkauf von verschreibungspflichtigen Medikamenten.<\/li>\n<li>Automatisch abgespielte Audioelemente.<\/li>\n<li>Pop-up- oder Pop-under-Inhalte.<\/li>\n<li>Verwackelte oder unscharfe Bilder.<\/li>\n<li>Werbung, die nicht innerhalb der angegebenen Parameter f\u00fcr die Gr\u00f6\u00dfe der Ad Unit liegt.<\/li>\n<li>Mehrere Ad Units pro Platzierung.<\/li>\n<li>Automatisch aktualisierte Ad Units.<\/li>\n<\/ul>\n<p><strong>3.2. Plichten des Werbetreibenden:<\/strong><\/p>\n<ul>\n<li>Kein Weiterverkauf von Anzeigenbl\u00f6cken, au\u00dfer mit ausdr\u00fccklicher Genehmigung des Herausgebers.<\/li>\n<li>Anzeigenbl\u00f6cke m\u00fcssen mit den korrekten technischen Richtlinien und Anforderungen f\u00fcr den besagten Publisher-Anzeigenblock an den Publisher ausgeliefert werden, es sei denn, der Publisher und der Werbetreibende haben dies ausdr\u00fccklich anders vereinbart.<\/li>\n<li>Die technischen Spezifikationen von Criteo in Bezug auf die Nutzung der Plattform von Criteo und der mit Criteo verbundenen Plattformen sind zu beachten. Die von BidSwitch ben\u00f6tigten technischen Spezifikationen finden Sie unter <a href=\"http:\/\/docs.bidswitch.com\/\" target=\"_blank\" rel=\"noopener\">http:\/\/docs.bidswitch.com<\/a>.<\/li>\n<\/ul>\n<p>Weitere Informationen zu den technischen Anforderungen und den Formatrichtlinien finden Sie auch <a href=\"https:\/\/www.criteo.com\/de\/supply-partner-guidelines\/\" target=\"_blank\" rel=\"noopener\">in unseren Supply Partner-Richtlinien<\/a>.<\/p>\n<hr \/>\n<h2 id=\"Datenschutz-und-gesch\u00fctzte-Merkmale-der-Nutzer\">4. Datenschutz und gesch\u00fctzte Merkmale der Nutzer<\/h2>\n<p>Die Werbung f\u00fcr Inhalte, Produkte oder Dienstleistungen, die auf eines oder mehrere der folgenden, nicht abschlie\u00dfenden Liste von gesch\u00fctzten Merkmalen der Nutzer abzielen, ist verboten, es sei denn, Criteo hat dies in L\u00e4ndern, in denen solche Werbung rechtlich zul\u00e4ssig ist, ausdr\u00fccklich genehmigt:<\/p>\n<ul>\n<li>Rasse<\/li>\n<li>Ethnie<\/li>\n<li>Religi\u00f6se Zugeh\u00f6rigkeit oder Glaube<\/li>\n<li>Sensible Erkrankung oder gesundheitliche Einschr\u00e4nkung<\/li>\n<li>Sexuelle Orientierung<\/li>\n<li>Sexuelle Interessen und Praktiken<\/li>\n<li>Informationen, die eine pers\u00f6nliche Identifizierung erlauben<\/li>\n<li>Politische Zugeh\u00f6rigkeit\/Meinung<\/li>\n<li>Mitgliedschaft in einer Gewerkschaft<\/li>\n<li>Biometrische Informationen oder genetische Daten<\/li>\n<li>Vorstrafen oder strafrechtlicher Status<\/li>\n<li>Religion oder pers\u00f6nliche \u00dcberzeugungen<\/li>\n<li>Geschlecht<\/li>\n<li>Finanzieller Status<\/li>\n<li>Alter (Altersspanne ist akzeptabel)<\/li>\n<\/ul>\n<p><a href=\"https:\/\/www.criteo.com\/de\/privacy\/\">Hier<\/a> findet ihr die aktuelle Version unserer Datenschutzrichtlinie.<\/p>\n<p>Weitere Informationen zu den Pflichten der Criteo Werbetreibenden in Bezug auf die Informationen der Nutzer und die Einholung der Einwilligung <a href=\"https:\/\/www.criteo.com\/de\/criteo-privacy-guidelines-for-clients-and-publisher-partners\/\">findet ihr hier<\/a>.<\/p>\n<hr \/>\n<h2 id=\"Zielgruppen\">5. Zielgruppen<\/h2>\n<p>Criteo untersagt die Erstellung oder Erweiterung von Zielgruppen oder die Nutzung der Funktionen seiner Plattform, wenn dies zu einem Targeting-Bias in Hinblick auf Gruppen oder Bev\u00f6lkerungsgruppen f\u00fchren w\u00fcrde, die durch eines oder mehrere der oben aufgef\u00fchrten gesch\u00fctzten Nutzer-Merkmale definiert sind, oder wenn dies unangemessene Vorurteile zugunsten oder gegen diese Gruppen\/Bev\u00f6lkerungsgruppen beg\u00fcnstigen bzw. hervorrufen w\u00fcrde.<\/p>\n<p>Criteo beh\u00e4lt sich das Recht vor, diese Richtlinie jederzeit zu detaillieren, zu \u00e4ndern oder zu aktualisieren. Criteo wird diese \u00c4nderungen direkt auf dieser Seite ver\u00f6ffentlichen und unsere Werbepartner \u00fcber solche \u00c4nderungen informieren.<\/p>\n<hr \/>\n<p>Aktualisiert im Januar 2023.<\/p>\n","protected":false},"excerpt":{"rendered":"<p>Wenn Sie nach den Richtlinien f\u00fcr Criteo Supply-Partner suchen, klicken Sie bitte hier. Criteo und die dem Unternehmen angeschlossenen Plattformen, darunter BidSwitch, arbeiten \u00fcber ein Netzwerk h\u00f6chster Qualit\u00e4t. Aus diesem Grund sind die Werbepartner von Criteo dazu verpflichtet, diese Richtlinien jederzeit einhalten. Um ein vertrauensw\u00fcrdiges Werbe-\u00d6kosystem zu gew\u00e4hrleisten, verlangt Criteo von allen seinen Werbepartnern die [&hellip;]<\/p>\n","protected":false},"author":1,"featured_media":0,"parent":0,"menu_order":0,"comment_status":"closed","ping_status":"closed","template":"page-templates\/basic.php","meta":{"_acf_changed":false,"footnotes":""},"coauthors":[621],"class_list":["post-7214","page","type-page","status-publish"],"acf":{"layout_mode":"with-toc","bevel":"peach-grapes","bevel_reversed":false,"has_more_content":false,"side_text":"","additional_code":"","storetail_optout":false,"stae_popup_enable":false,"track_page_in_segment":false,"segment_page_name":""},"yoast_head":"<!-- This site is optimized with the Yoast SEO plugin v26.4 - https:\/\/yoast.com\/wordpress\/plugins\/seo\/ -->\n<title>Criteo Werberichtlinien | DE - Criteo.com<\/title>\n<meta name=\"description\" content=\"Criteo arbeitet mit einem Netzwerk von h\u00f6chster Qualit\u00e4t. Daher sind Criteos Werberichtlinien zu unzul\u00e4ssigen Inhalten und zum Datenschutz f\u00fcr all unsere Partner verbindlich.\" \/>\n<meta name=\"robots\" content=\"index, follow, max-snippet:-1, max-image-preview:large, max-video-preview:-1\" \/>\n<link rel=\"canonical\" href=\"https:\/\/www.criteo.com\/de\/advertising-guidelines\/\" \/>\n<meta property=\"og:locale\" content=\"de_DE\" \/>\n<meta property=\"og:type\" content=\"article\" \/>\n<meta property=\"og:title\" content=\"Criteo Werberichtlinien | DE - Criteo.com\" \/>\n<meta property=\"og:description\" content=\"Criteo arbeitet mit einem Netzwerk von h\u00f6chster Qualit\u00e4t. Daher sind Criteos Werberichtlinien zu unzul\u00e4ssigen Inhalten und zum Datenschutz f\u00fcr all unsere Partner verbindlich.\" \/>\n<meta property=\"og:url\" content=\"https:\/\/www.criteo.com\/de\/advertising-guidelines\/\" \/>\n<meta property=\"og:site_name\" content=\"DE - Criteo.com\" \/>\n<meta property=\"article:modified_time\" content=\"2024-09-05T14:44:59+00:00\" \/>\n<meta name=\"twitter:card\" content=\"summary_large_image\" \/>\n<meta name=\"twitter:label1\" content=\"Est. reading time\" \/>\n\t<meta name=\"twitter:data1\" content=\"9 minutes\" \/>\n<script type=\"application\/ld+json\" class=\"yoast-schema-graph\">{\n\t    \"@context\": \"https:\/\/schema.org\",\n\t    \"@graph\": [\n\t        {\n\t            \"@type\": \"WebPage\",\n\t            \"@id\": \"https:\/\/www.criteo.com\/de\/advertising-guidelines\/\",\n\t            \"url\": \"https:\/\/www.criteo.com\/de\/advertising-guidelines\/\",\n\t            \"name\": \"Criteo Werberichtlinien | DE - Criteo.com\",\n\t            \"isPartOf\": {\n\t                \"@id\": \"https:\/\/www.criteo.com\/de\/#website\"\n\t            },\n\t            \"datePublished\": \"2017-12-05T16:51:10+00:00\",\n\t            \"dateModified\": \"2024-09-05T14:44:59+00:00\",\n\t            \"description\": \"Criteo arbeitet mit einem Netzwerk von h\u00f6chster Qualit\u00e4t. Daher sind Criteos Werberichtlinien zu unzul\u00e4ssigen Inhalten und zum Datenschutz f\u00fcr all unsere Partner verbindlich.\",\n\t            \"breadcrumb\": {\n\t                \"@id\": \"https:\/\/www.criteo.com\/de\/advertising-guidelines\/#breadcrumb\"\n\t            },\n\t            \"inLanguage\": \"de-DE\",\n\t            \"potentialAction\": [\n\t                {\n\t                    \"@type\": \"ReadAction\",\n\t                    \"target\": [\n\t                        \"https:\/\/www.criteo.com\/de\/advertising-guidelines\/\"\n\t                    ]\n\t                }\n\t            ]\n\t        },\n\t        {\n\t            \"@type\": \"BreadcrumbList\",\n\t            \"@id\": \"https:\/\/www.criteo.com\/de\/advertising-guidelines\/#breadcrumb\",\n\t            \"itemListElement\": [\n\t                {\n\t                    \"@type\": \"ListItem\",\n\t                    \"position\": 1,\n\t                    \"name\": \"Home\",\n\t                    \"item\": \"https:\/\/www.criteo.com\/de\/\"\n\t                },\n\t                {\n\t                    \"@type\": \"ListItem\",\n\t                    \"position\": 2,\n\t                    \"name\": \"Criteo Werberichtlinien\"\n\t                }\n\t            ]\n\t        },\n\t        {\n\t            \"@type\": \"WebSite\",\n\t            \"@id\": \"https:\/\/www.criteo.com\/de\/#website\",\n\t            \"url\": \"https:\/\/www.criteo.com\/de\/\",\n\t            \"name\": \"DE - Criteo.com\",\n\t            \"description\": \"\",\n\t            \"publisher\": {\n\t                \"@id\": \"https:\/\/www.criteo.com\/de\/#organization\"\n\t            },\n\t            \"potentialAction\": [\n\t                {\n\t                    \"@type\": \"SearchAction\",\n\t                    \"target\": {\n\t                        \"@type\": \"EntryPoint\",\n\t                        \"urlTemplate\": \"https:\/\/www.criteo.com\/de\/?s={search_term_string}\"\n\t                    },\n\t                    \"query-input\": {\n\t                        \"@type\": \"PropertyValueSpecification\",\n\t                        \"valueRequired\": true,\n\t                        \"valueName\": \"search_term_string\"\n\t                    }\n\t                }\n\t            ],\n\t            \"inLanguage\": \"de-DE\"\n\t        },\n\t        {\n\t            \"@type\": \"Organization\",\n\t            \"@id\": \"https:\/\/www.criteo.com\/de\/#organization\",\n\t            \"name\": \"Criteo\",\n\t            \"alternateName\": \"Criteo corp\",\n\t            \"url\": \"https:\/\/www.criteo.com\/de\/\",\n\t            \"logo\": {\n\t                \"@type\": \"ImageObject\",\n\t                \"inLanguage\": \"de-DE\",\n\t                \"@id\": \"https:\/\/www.criteo.com\/de\/#\/schema\/logo\/image\/\",\n\t                \"url\": \"https:\/\/www.criteo.com\/de\/wp-content\/uploads\/sites\/3\/2024\/02\/Criteo-Logo.svg\",\n\t                \"contentUrl\": \"https:\/\/www.criteo.com\/de\/wp-content\/uploads\/sites\/3\/2024\/02\/Criteo-Logo.svg\",\n\t                \"width\": 118,\n\t                \"height\": 24,\n\t                \"caption\": \"Criteo\"\n\t            },\n\t            \"image\": {\n\t                \"@id\": \"https:\/\/www.criteo.com\/de\/#\/schema\/logo\/image\/\"\n\t            }\n\t        }\n\t    ]\n\t}<\/script>\n<!-- \/ Yoast SEO plugin. -->","yoast_head_json":{"title":"Criteo Werberichtlinien | DE - Criteo.com","description":"Criteo arbeitet mit einem Netzwerk von h\u00f6chster Qualit\u00e4t. Daher sind Criteos Werberichtlinien zu unzul\u00e4ssigen Inhalten und zum Datenschutz f\u00fcr all unsere Partner verbindlich.","robots":{"index":"index","follow":"follow","max-snippet":"max-snippet:-1","max-image-preview":"max-image-preview:large","max-video-preview":"max-video-preview:-1"},"canonical":"https:\/\/www.criteo.com\/de\/advertising-guidelines\/","og_locale":"de_DE","og_type":"article","og_title":"Criteo Werberichtlinien | DE - Criteo.com","og_description":"Criteo arbeitet mit einem Netzwerk von h\u00f6chster Qualit\u00e4t. Daher sind Criteos Werberichtlinien zu unzul\u00e4ssigen Inhalten und zum Datenschutz f\u00fcr all unsere Partner verbindlich.","og_url":"https:\/\/www.criteo.com\/de\/advertising-guidelines\/","og_site_name":"DE - Criteo.com","article_modified_time":"2024-09-05T14:44:59+00:00","twitter_card":"summary_large_image","twitter_misc":{"Est. reading time":"9 minutes"},"schema":{"@context":"https:\/\/schema.org","@graph":[{"@type":"WebPage","@id":"https:\/\/www.criteo.com\/de\/advertising-guidelines\/","url":"https:\/\/www.criteo.com\/de\/advertising-guidelines\/","name":"Criteo Werberichtlinien | DE - Criteo.com","isPartOf":{"@id":"https:\/\/www.criteo.com\/de\/#website"},"datePublished":"2017-12-05T16:51:10+00:00","dateModified":"2024-09-05T14:44:59+00:00","description":"Criteo arbeitet mit einem Netzwerk von h\u00f6chster Qualit\u00e4t. Daher sind Criteos Werberichtlinien zu unzul\u00e4ssigen Inhalten und zum Datenschutz f\u00fcr all unsere Partner verbindlich.","breadcrumb":{"@id":"https:\/\/www.criteo.com\/de\/advertising-guidelines\/#breadcrumb"},"inLanguage":"de-DE","potentialAction":[{"@type":"ReadAction","target":["https:\/\/www.criteo.com\/de\/advertising-guidelines\/"]}]},{"@type":"BreadcrumbList","@id":"https:\/\/www.criteo.com\/de\/advertising-guidelines\/#breadcrumb","itemListElement":[{"@type":"ListItem","position":1,"name":"Home","item":"https:\/\/www.criteo.com\/de\/"},{"@type":"ListItem","position":2,"name":"Criteo Werberichtlinien"}]},{"@type":"WebSite","@id":"https:\/\/www.criteo.com\/de\/#website","url":"https:\/\/www.criteo.com\/de\/","name":"DE - Criteo.com","description":"","publisher":{"@id":"https:\/\/www.criteo.com\/de\/#organization"},"potentialAction":[{"@type":"SearchAction","target":{"@type":"EntryPoint","urlTemplate":"https:\/\/www.criteo.com\/de\/?s={search_term_string}"},"query-input":{"@type":"PropertyValueSpecification","valueRequired":true,"valueName":"search_term_string"}}],"inLanguage":"de-DE"},{"@type":"Organization","@id":"https:\/\/www.criteo.com\/de\/#organization","name":"Criteo","alternateName":"Criteo corp","url":"https:\/\/www.criteo.com\/de\/","logo":{"@type":"ImageObject","inLanguage":"de-DE","@id":"https:\/\/www.criteo.com\/de\/#\/schema\/logo\/image\/","url":"https:\/\/www.criteo.com\/de\/wp-content\/uploads\/sites\/3\/2024\/02\/Criteo-Logo.svg","contentUrl":"https:\/\/www.criteo.com\/de\/wp-content\/uploads\/sites\/3\/2024\/02\/Criteo-Logo.svg","width":118,"height":24,"caption":"Criteo"},"image":{"@id":"https:\/\/www.criteo.com\/de\/#\/schema\/logo\/image\/"}}]}},"_links":{"self":[{"href":"https:\/\/www.criteo.com\/de\/wp-json\/wp\/v2\/pages\/7214","targetHints":{"allow":["GET"]}}],"collection":[{"href":"https:\/\/www.criteo.com\/de\/wp-json\/wp\/v2\/pages"}],"about":[{"href":"https:\/\/www.criteo.com\/de\/wp-json\/wp\/v2\/types\/page"}],"author":[{"embeddable":true,"href":"https:\/\/www.criteo.com\/de\/wp-json\/wp\/v2\/users\/1"}],"replies":[{"embeddable":true,"href":"https:\/\/www.criteo.com\/de\/wp-json\/wp\/v2\/comments?post=7214"}],"version-history":[{"count":20,"href":"https:\/\/www.criteo.com\/de\/wp-json\/wp\/v2\/pages\/7214\/revisions"}],"predecessor-version":[{"id":21556,"href":"https:\/\/www.criteo.com\/de\/wp-json\/wp\/v2\/pages\/7214\/revisions\/21556"}],"wp:attachment":[{"href":"https:\/\/www.criteo.com\/de\/wp-json\/wp\/v2\/media?parent=7214"}],"wp:term":[{"taxonomy":"author","embeddable":true,"href":"https:\/\/www.criteo.com\/de\/wp-json\/wp\/v2\/coauthors?post=7214"}],"curies":[{"name":"wp","href":"https:\/\/api.w.org\/{rel}","templated":true}]}}