{"id":10210,"date":"2019-10-28T16:45:07","date_gmt":"2019-10-28T16:45:07","guid":{"rendered":"https:\/\/www.criteo.com\/es\/?page_id=10210"},"modified":"2020-04-28T17:06:04","modified_gmt":"2020-04-28T17:06:04","slug":"como-funcionan-los-servicios-de-criteo-de-un-entorno-a-otro","status":"publish","type":"page","link":"https:\/\/www.criteo.com\/es\/privacy\/como-funcionan-los-servicios-de-criteo-de-un-entorno-a-otro\/","title":{"rendered":"C\u00f3mo funcionan los servicios de Criteo de un entorno a otro"},"content":{"rendered":"<h3>\u00bfPor qu\u00e9 Criteo asocia los identificadores?<\/h3>\n<p>Cuando navegas por varios entornos (es decir, cuando navegas utilizando Safari, cuando navegas utilizando otros navegadores y cuando utilizas una app), los datos de navegaci\u00f3n que recopilemos en las propiedades de nuestros socios se vinculan con identificadores independientes.<\/p>\n<div class=\"accordion-wysiwyg \">\n    <div class=\"title p-3 pl-5\"><i class=\"arrow p-3 fas fa-chevron-right\"><\/i>Ejemplo pr\u00e1ctico<\/div>\n    <div class=\"inner p-3\">\n    <div class=\"content pl-3\"><\/p>\n<ul>\n<li><strong>Utilizando un navegador, un usuario visit\u00f3 el sitio web de un Anunciante que utiliza nuestras tecnolog\u00edas. Los datos relacionados con tus eventos de navegaci\u00f3n se han vinculado con el identificador de la cookie de Criteo que se ha asignado al navegador que utilizaste.<\/strong><\/li>\n<\/ul>\n<p style=\"padding-left: 40px;\"><em>Ejemplo de datos recopilados por Criteo: El usuario con el identificador de cookie 123f94d8-a745-4f8b-a1d0-bf6fbbd60058 (llam\u00e9mosle \u201cIdentificador de Criteo 123\u201d para ser pr\u00e1cticos) vio el producto A el 01\/01\/2018 a las 13:37 mientras navegaba por www.example-advertiser.com.<\/em><\/p>\n<ul>\n<li><strong>Utilizando un smartphone, el mismo usuario visit\u00f3 la app m\u00f3vil\u00a0(que tambi\u00e9n utiliza nuestras tecnolog\u00edas)\u00a0del mismo Anunciante. Los datos relacionados con tus eventos de navegaci\u00f3n se han vinculado con el Identificador de publicidad m\u00f3vil del tel\u00e9fono inteligente que utiliz\u00f3.<\/strong><\/li>\n<\/ul>\n<p style=\"padding-left: 40px;\"><em>Ejemplo de datos recopilados por Criteo:\u00a0Ejemplo de datos recopilados por Criteo: el usuario con el identificador de publicidad m\u00f3vil 456gf158-62jg-4bj9-5jv1-j25864789h0b (llam\u00e9mosle Identificador m\u00f3vil 456 para mayor comodidad) adquiri\u00f3 el producto A el 01\/02\/2018 a las 12:00 de la app denominada Example-Advertiser.<\/em><\/p>\n<ul>\n<li><strong>En este ejemplo, Criteo no sabe que los eventos de navegaci\u00f3n relacionados con el identificador de Criteo 123 y el Identificador m\u00f3vil 456 son sobre el mismo usuario porque los identificadores son diferentes.<\/strong><\/li>\n<li><strong>Como consecuencia, Criteo mostrar\u00e1 anuncios para el producto A al usuario con el Identificador de Criteo 123, aunque ya haya adquirido el producto A.<\/strong><\/li>\n<\/ul>\n<p><\/div>\n    <\/div>\n    <\/div>\n<p>Dado que Criteo y sus clientes se comprometen a proporcionarte una experiencia fluida de un entorno a otro, es posible que tengamos que asociar estos identificadores. De esta forma, somos capaces de:<\/p>\n<ul>\n<li>mejorar la personalizaci\u00f3n de los anuncios que le ofrecemos adapt\u00e1ndonos a la forma en que navegas;<\/li>\n<li>limitar el n\u00famero de veces que se te mostrar\u00e1 el mismo anuncio, independientemente de los entornos desde los que navegues; y<\/li>\n<li>permitirte que puedas desactivar f\u00e1cilmente nuestros servicios en todos los terminales que usas.<\/li>\n<\/ul>\n<h4>\u00bfCu\u00e1les son los m\u00e9todos utilizados por Criteo para asociar identificadores?<\/h4>\n<p>Podemos asociar identificadores de Criteo procedentes de:<\/p>\n<ul>\n<li>nuestros propios m\u00e9todos de asociaci\u00f3n basados en los datos que ya recopilamos a trav\u00e9s de nuestras tecnolog\u00edas;<\/li>\n<li>los datos que nos pueden ser transmitidos por un Anunciante o un Publisher de forma opcional y seudonimizada, como tus identificadores de CRM y\/o direcciones de email en formato de hash y\/o cifrado;<\/li>\n<li>las asociaciones que los socios pueden enviarnos, que han obtenido utilizando varios m\u00e9todos que ofrecen el mismo nivel de garant\u00eda que el nuestro en t\u00e9rminos de respeto de tu privacidad.<\/li>\n<\/ul>\n","protected":false},"excerpt":{"rendered":"<p>\u00bfPor qu\u00e9 Criteo asocia los identificadores? Cuando navegas por varios entornos (es decir, cuando navegas utilizando Safari, cuando navegas utilizando otros navegadores y cuando utilizas una app), los datos de navegaci\u00f3n que recopilemos en las propiedades de nuestros socios se vinculan con identificadores independientes. Dado que Criteo y sus clientes se comprometen a proporcionarte una [&hellip;]<\/p>\n","protected":false},"author":55,"featured_media":0,"parent":10291,"menu_order":0,"comment_status":"closed","ping_status":"closed","template":"page-templates\/basic.php","meta":{"_acf_changed":false,"footnotes":""},"coauthors":[],"class_list":["post-10210","page","type-page","status-publish"],"acf":{"layout_mode":"privacy-2019","has_more_content":false,"storetail_optout":false,"stae_popup_enable":false,"track_page_in_segment":false,"segment_page_name":"","additional_code":"","toc_order":"4","bevel":"peach-grapes","bevel_reversed":false,"side_text":""},"yoast_head":"<!-- This site is optimized with the Yoast SEO plugin v26.4 - https:\/\/yoast.com\/wordpress\/plugins\/seo\/ -->\n<title>C\u00f3mo funcionan los servicios de Criteo de un entorno a otro | ES - Criteo<\/title>\n<meta name=\"description\" content=\"Te contamos informaci\u00f3n sobre Criteo, las tecnolog\u00edas y los servicios que ofrecemos anuestros socios y nuestras pol\u00edticas de recopilaci\u00f3n de datos y privacidad.\" \/>\n<meta name=\"robots\" content=\"index, follow, max-snippet:-1, max-image-preview:large, max-video-preview:-1\" \/>\n<link rel=\"canonical\" href=\"https:\/\/www.criteo.com\/es\/privacy\/como-funcionan-los-servicios-de-criteo-de-un-entorno-a-otro\/\" \/>\n<meta property=\"og:locale\" content=\"es_ES\" \/>\n<meta property=\"og:type\" content=\"article\" \/>\n<meta property=\"og:title\" content=\"C\u00f3mo funcionan los servicios de Criteo de un entorno a otro | ES - Criteo\" \/>\n<meta property=\"og:description\" content=\"Te contamos informaci\u00f3n sobre Criteo, las tecnolog\u00edas y los servicios que ofrecemos anuestros socios y nuestras pol\u00edticas de recopilaci\u00f3n de datos y privacidad.\" \/>\n<meta property=\"og:url\" content=\"https:\/\/www.criteo.com\/es\/privacy\/como-funcionan-los-servicios-de-criteo-de-un-entorno-a-otro\/\" \/>\n<meta property=\"og:site_name\" content=\"ES - Criteo\" \/>\n<meta property=\"article:modified_time\" content=\"2020-04-28T17:06:04+00:00\" \/>\n<meta name=\"twitter:card\" content=\"summary_large_image\" \/>\n<meta name=\"twitter:label1\" content=\"Est. reading time\" \/>\n\t<meta name=\"twitter:data1\" content=\"2 minutes\" \/>\n<script type=\"application\/ld+json\" class=\"yoast-schema-graph\">{\n\t    \"@context\": \"https:\/\/schema.org\",\n\t    \"@graph\": [\n\t        {\n\t            \"@type\": \"WebPage\",\n\t            \"@id\": \"https:\/\/www.criteo.com\/es\/privacy\/como-funcionan-los-servicios-de-criteo-de-un-entorno-a-otro\/\",\n\t            \"url\": \"https:\/\/www.criteo.com\/es\/privacy\/como-funcionan-los-servicios-de-criteo-de-un-entorno-a-otro\/\",\n\t            \"name\": \"C\u00f3mo funcionan los servicios de Criteo de un entorno a otro | ES - Criteo\",\n\t            \"isPartOf\": {\n\t                \"@id\": \"https:\/\/www.criteo.com\/es\/#website\"\n\t            },\n\t            \"datePublished\": \"2019-10-28T16:45:07+00:00\",\n\t            \"dateModified\": \"2020-04-28T17:06:04+00:00\",\n\t            \"description\": \"Te contamos informaci\u00f3n sobre Criteo, las tecnolog\u00edas y los servicios que ofrecemos anuestros socios y nuestras pol\u00edticas de recopilaci\u00f3n de datos y privacidad.\",\n\t            \"breadcrumb\": {\n\t                \"@id\": \"https:\/\/www.criteo.com\/es\/privacy\/como-funcionan-los-servicios-de-criteo-de-un-entorno-a-otro\/#breadcrumb\"\n\t            },\n\t            \"inLanguage\": \"es-ES\",\n\t            \"potentialAction\": [\n\t                {\n\t                    \"@type\": \"ReadAction\",\n\t                    \"target\": [\n\t                        \"https:\/\/www.criteo.com\/es\/privacy\/como-funcionan-los-servicios-de-criteo-de-un-entorno-a-otro\/\"\n\t                    ]\n\t                }\n\t            ]\n\t        },\n\t        {\n\t            \"@type\": \"BreadcrumbList\",\n\t            \"@id\": \"https:\/\/www.criteo.com\/es\/privacy\/como-funcionan-los-servicios-de-criteo-de-un-entorno-a-otro\/#breadcrumb\",\n\t            \"itemListElement\": [\n\t                {\n\t                    \"@type\": \"ListItem\",\n\t                    \"position\": 1,\n\t                    \"name\": \"Home\",\n\t                    \"item\": \"https:\/\/www.criteo.com\/es\/\"\n\t                },\n\t                {\n\t                    \"@type\": \"ListItem\",\n\t                    \"position\": 2,\n\t                    \"name\": \"Pol\u00edtica de privacidad\",\n\t                    \"item\": \"https:\/\/www.criteo.com\/es\/privacy\/\"\n\t                },\n\t                {\n\t                    \"@type\": \"ListItem\",\n\t                    \"position\": 3,\n\t                    \"name\": \"C\u00f3mo funcionan los servicios de Criteo de un entorno a otro\"\n\t                }\n\t            ]\n\t        },\n\t        {\n\t            \"@type\": \"WebSite\",\n\t            \"@id\": \"https:\/\/www.criteo.com\/es\/#website\",\n\t            \"url\": \"https:\/\/www.criteo.com\/es\/\",\n\t            \"name\": \"ES - Criteo\",\n\t            \"description\": \"\",\n\t            \"publisher\": {\n\t                \"@id\": \"https:\/\/www.criteo.com\/es\/#organization\"\n\t            },\n\t            \"potentialAction\": [\n\t                {\n\t                    \"@type\": \"SearchAction\",\n\t                    \"target\": {\n\t                        \"@type\": \"EntryPoint\",\n\t                        \"urlTemplate\": \"https:\/\/www.criteo.com\/es\/?s={search_term_string}\"\n\t                    },\n\t                    \"query-input\": {\n\t                        \"@type\": \"PropertyValueSpecification\",\n\t                        \"valueRequired\": true,\n\t                        \"valueName\": \"search_term_string\"\n\t                    }\n\t                }\n\t            ],\n\t            \"inLanguage\": \"es-ES\"\n\t        },\n\t        {\n\t            \"@type\": \"Organization\",\n\t            \"@id\": \"https:\/\/www.criteo.com\/es\/#organization\",\n\t            \"name\": \"Criteo\",\n\t            \"alternateName\": \"Criteo corp\",\n\t            \"url\": \"https:\/\/www.criteo.com\/es\/\",\n\t            \"logo\": {\n\t                \"@type\": \"ImageObject\",\n\t                \"inLanguage\": \"es-ES\",\n\t                \"@id\": \"https:\/\/www.criteo.com\/es\/#\/schema\/logo\/image\/\",\n\t                \"url\": \"https:\/\/www.criteo.com\/es\/wp-content\/uploads\/sites\/8\/2024\/02\/Criteo-Logo.svg\",\n\t                \"contentUrl\": \"https:\/\/www.criteo.com\/es\/wp-content\/uploads\/sites\/8\/2024\/02\/Criteo-Logo.svg\",\n\t                \"width\": 118,\n\t                \"height\": 24,\n\t                \"caption\": \"Criteo\"\n\t            },\n\t            \"image\": {\n\t                \"@id\": \"https:\/\/www.criteo.com\/es\/#\/schema\/logo\/image\/\"\n\t            }\n\t        }\n\t    ]\n\t}<\/script>\n<!-- \/ Yoast SEO plugin. -->","yoast_head_json":{"title":"C\u00f3mo funcionan los servicios de Criteo de un entorno a otro | ES - Criteo","description":"Te contamos informaci\u00f3n sobre Criteo, las tecnolog\u00edas y los servicios que ofrecemos anuestros socios y nuestras pol\u00edticas de recopilaci\u00f3n de datos y privacidad.","robots":{"index":"index","follow":"follow","max-snippet":"max-snippet:-1","max-image-preview":"max-image-preview:large","max-video-preview":"max-video-preview:-1"},"canonical":"https:\/\/www.criteo.com\/es\/privacy\/como-funcionan-los-servicios-de-criteo-de-un-entorno-a-otro\/","og_locale":"es_ES","og_type":"article","og_title":"C\u00f3mo funcionan los servicios de Criteo de un entorno a otro | ES - Criteo","og_description":"Te contamos informaci\u00f3n sobre Criteo, las tecnolog\u00edas y los servicios que ofrecemos anuestros socios y nuestras pol\u00edticas de recopilaci\u00f3n de datos y privacidad.","og_url":"https:\/\/www.criteo.com\/es\/privacy\/como-funcionan-los-servicios-de-criteo-de-un-entorno-a-otro\/","og_site_name":"ES - Criteo","article_modified_time":"2020-04-28T17:06:04+00:00","twitter_card":"summary_large_image","twitter_misc":{"Est. reading time":"2 minutes"},"schema":{"@context":"https:\/\/schema.org","@graph":[{"@type":"WebPage","@id":"https:\/\/www.criteo.com\/es\/privacy\/como-funcionan-los-servicios-de-criteo-de-un-entorno-a-otro\/","url":"https:\/\/www.criteo.com\/es\/privacy\/como-funcionan-los-servicios-de-criteo-de-un-entorno-a-otro\/","name":"C\u00f3mo funcionan los servicios de Criteo de un entorno a otro | ES - Criteo","isPartOf":{"@id":"https:\/\/www.criteo.com\/es\/#website"},"datePublished":"2019-10-28T16:45:07+00:00","dateModified":"2020-04-28T17:06:04+00:00","description":"Te contamos informaci\u00f3n sobre Criteo, las tecnolog\u00edas y los servicios que ofrecemos anuestros socios y nuestras pol\u00edticas de recopilaci\u00f3n de datos y privacidad.","breadcrumb":{"@id":"https:\/\/www.criteo.com\/es\/privacy\/como-funcionan-los-servicios-de-criteo-de-un-entorno-a-otro\/#breadcrumb"},"inLanguage":"es-ES","potentialAction":[{"@type":"ReadAction","target":["https:\/\/www.criteo.com\/es\/privacy\/como-funcionan-los-servicios-de-criteo-de-un-entorno-a-otro\/"]}]},{"@type":"BreadcrumbList","@id":"https:\/\/www.criteo.com\/es\/privacy\/como-funcionan-los-servicios-de-criteo-de-un-entorno-a-otro\/#breadcrumb","itemListElement":[{"@type":"ListItem","position":1,"name":"Home","item":"https:\/\/www.criteo.com\/es\/"},{"@type":"ListItem","position":2,"name":"Pol\u00edtica de privacidad","item":"https:\/\/www.criteo.com\/es\/privacy\/"},{"@type":"ListItem","position":3,"name":"C\u00f3mo funcionan los servicios de Criteo de un entorno a otro"}]},{"@type":"WebSite","@id":"https:\/\/www.criteo.com\/es\/#website","url":"https:\/\/www.criteo.com\/es\/","name":"ES - Criteo","description":"","publisher":{"@id":"https:\/\/www.criteo.com\/es\/#organization"},"potentialAction":[{"@type":"SearchAction","target":{"@type":"EntryPoint","urlTemplate":"https:\/\/www.criteo.com\/es\/?s={search_term_string}"},"query-input":{"@type":"PropertyValueSpecification","valueRequired":true,"valueName":"search_term_string"}}],"inLanguage":"es-ES"},{"@type":"Organization","@id":"https:\/\/www.criteo.com\/es\/#organization","name":"Criteo","alternateName":"Criteo corp","url":"https:\/\/www.criteo.com\/es\/","logo":{"@type":"ImageObject","inLanguage":"es-ES","@id":"https:\/\/www.criteo.com\/es\/#\/schema\/logo\/image\/","url":"https:\/\/www.criteo.com\/es\/wp-content\/uploads\/sites\/8\/2024\/02\/Criteo-Logo.svg","contentUrl":"https:\/\/www.criteo.com\/es\/wp-content\/uploads\/sites\/8\/2024\/02\/Criteo-Logo.svg","width":118,"height":24,"caption":"Criteo"},"image":{"@id":"https:\/\/www.criteo.com\/es\/#\/schema\/logo\/image\/"}}]}},"_links":{"self":[{"href":"https:\/\/www.criteo.com\/es\/wp-json\/wp\/v2\/pages\/10210","targetHints":{"allow":["GET"]}}],"collection":[{"href":"https:\/\/www.criteo.com\/es\/wp-json\/wp\/v2\/pages"}],"about":[{"href":"https:\/\/www.criteo.com\/es\/wp-json\/wp\/v2\/types\/page"}],"author":[{"embeddable":true,"href":"https:\/\/www.criteo.com\/es\/wp-json\/wp\/v2\/users\/55"}],"replies":[{"embeddable":true,"href":"https:\/\/www.criteo.com\/es\/wp-json\/wp\/v2\/comments?post=10210"}],"version-history":[{"count":3,"href":"https:\/\/www.criteo.com\/es\/wp-json\/wp\/v2\/pages\/10210\/revisions"}],"predecessor-version":[{"id":11763,"href":"https:\/\/www.criteo.com\/es\/wp-json\/wp\/v2\/pages\/10210\/revisions\/11763"}],"up":[{"embeddable":true,"href":"https:\/\/www.criteo.com\/es\/wp-json\/wp\/v2\/pages\/10291"}],"wp:attachment":[{"href":"https:\/\/www.criteo.com\/es\/wp-json\/wp\/v2\/media?parent=10210"}],"wp:term":[{"taxonomy":"author","embeddable":true,"href":"https:\/\/www.criteo.com\/es\/wp-json\/wp\/v2\/coauthors?post=10210"}],"curies":[{"name":"wp","href":"https:\/\/api.w.org\/{rel}","templated":true}]}}