{"id":10216,"date":"2019-10-28T16:50:24","date_gmt":"2019-10-28T16:50:24","guid":{"rendered":"https:\/\/www.criteo.com\/es\/?page_id=10216"},"modified":"2022-11-10T12:49:33","modified_gmt":"2022-11-10T12:49:33","slug":"disable-criteo-services-on-mobile-applications","status":"publish","type":"page","link":"https:\/\/www.criteo.com\/es\/privacy\/disable-criteo-services-on-mobile-applications\/","title":{"rendered":"Desactivar los servicios de Criteo en apps m\u00f3viles"},"content":{"rendered":"<p>La siguiente informaci\u00f3n explica c\u00f3mo desactivar los servicios de Criteo en apps m\u00f3viles. Haz clic\u00a0<a href=\"https:\/\/www.criteo.com\/es\/privacy\/disable-criteo-services-on-internet-browsers\/\">aqu\u00ed<\/a>\u00a0si quieres saber c\u00f3mo desactivar los servicios de Criteo en navegadores de Internet.<\/p>\n<p>Para retirar tu consentimiento a los servicios de Criteo, solo tienes que configurar tu dispositivo de la siguiente manera:<\/p>\n<ul>\n<li>Para Android (versi\u00f3n 2.3 y superior)<\/li>\n<\/ul>\n<p style=\"padding-left: 40px;\">Restablece el Identificador de publicidad de tu dispositivo: para hacerlo, en la configuraci\u00f3n de tu dispositivo, vete a \u201cConfiguraci\u00f3n\u201d &gt; \u201cGoogle\u201d &gt; secci\u00f3n \u201cAnuncios\u201d, haz clic en \u201cRestablecer Identificador de publicidad\u201d y luego confirma tu elecci\u00f3n.<\/p>\n<p style=\"padding-left: 40px;\">Y activa la opci\u00f3n \u201cRechazar anuncios basados en intereses\u201d: para hacerlo, en la configuraci\u00f3n de tu dispositivo, vete a \u201cConfiguraci\u00f3n\u201d &gt; \u201cGoogle\u201d &gt; secci\u00f3n \u201cAnuncios\u201d y activa la opci\u00f3n \u201cRechazar anuncios basados en intereses\u201d.<\/p>\n<p style=\"padding-left: 80px;\"><div class=\"lightbulb\">\n        <div class=\"content p-3 \">Si fuera necesario, tambi\u00e9n puedes consultar las instrucciones proporcionadas por Google aqu\u00ed:\u00a0<a href=\"https:\/\/support.google.com\/googleplay\/answer\/3405269?hl=es\">Ayuda de Google Play.<\/a><\/div>\n    <\/div><\/p>\n<ul>\n<li>Para iOS (versi\u00f3n 6 y superiores)<\/li>\n<\/ul>\n<p style=\"padding-left: 40px;\">Activa la opci\u00f3n \u201cSeguimiento de anuncios limitado\u201d: para hacerlo, en la configuraci\u00f3n de tu dispositivo, vete a \u201cPrivacidad\u201d &gt; secci\u00f3n \u201cPublicidad\u201d y activa la opci\u00f3n \u201cSeguimiento de anuncios limitado\u201d.<\/p>\n<p style=\"padding-left: 80px;\"><div class=\"lightbulb\">\n        <div class=\"content p-3 \">Si fuera necesario, tambi\u00e9n puedes consultar las instrucciones proporcionadas por Apple aqu\u00ed:\u00a0<a href=\"https:\/\/support.apple.com\/es-es\/HT202074\">Soporte t\u00e9cnico de Apple<\/a>.<\/div>\n    <\/div><\/p>\n<p>&nbsp;<\/p>\n<h4>\u00bfQu\u00e9 cambiar\u00e1?<\/h4>\n<p>Dicha configuraci\u00f3n de tu dispositivo tendr\u00e1 como consecuencia:<\/p>\n<ul>\n<li>La eliminaci\u00f3n del identificador que nos permite:\n<ul>\n<li>reconocer tu navegador o dispositivo;<\/li>\n<li>y vincular contigo los datos que tenemos a nuestra disposici\u00f3n.<\/li>\n<\/ul>\n<\/li>\n<li>La finalizaci\u00f3n de la recopilaci\u00f3n de tus datos personales para el procesamiento de actividades basada en tu consentimiento.<\/li>\n<li>La finalizaci\u00f3n de la presentaci\u00f3n de anuncios por parte de Criteo, basada en tu consentimiento, cuando utilizas las apps instaladas en el dispositivo que est\u00e1s utilizando.<\/li>\n<\/ul>\n<div>\n<p style=\"padding-left: 40px;\"><div class=\"lightbulb\">\n        <div class=\"content p-3 \">Ten en cuenta que Criteo puede continuar procesando tus datos personales recopilados antes de que deshabilitaras los servicios de Criteo sobre la base del inter\u00e9s leg\u00edtimo de Criteo.<\/p>\n<p style=\"padding-left: 40px;\">Para obtener m\u00e1s informaci\u00f3n sobre los datos personales procesados por Criteo, consulta \u00abC\u00f3mo usamos tus datos\u00bb. Para ejercer tus otros derechos, consulta \u00abEntender mis derechos\u00bb.<br \/>\n<\/div>\n    <\/div><\/p>\n<\/div>\n<p>Si deseas ampliar tu elecci\u00f3n a los navegadores instalados en este dispositivo o a otros dispositivos, te invitamos a repetir la operaci\u00f3n en cada uno de ellos. Para facilitar esta operaci\u00f3n, puedes:<\/p>\n<ul>\n<li>Copiar la siguiente URL y pegarla en un navegador para ampliar tu elecci\u00f3n: <a href=\"https:\/\/www.criteo.com\/es\/privacy\/disable-criteo-services-on-internet-browsers\/\">https:\/\/www.criteo.com\/es\/privacy\/disable-criteo-services-on-internet-browsers\/<\/a><\/li>\n<li>O reproducir el siguiente c\u00f3digo QR con tu dispositivo y abrir el enlace al que se remite con otro navegador para ampliar tu elecci\u00f3n:<br \/>\n<img decoding=\"async\" style=\"max-width:90%;\" src=\"https:\/\/quickchart.io\/chart?cht=qr&chs=300x300&chl=https:\/\/www.criteo.com\/es\/privacy\/disable-criteo-services-on-internet-browsers\/\"><\/li>\n<\/ul>\n<p>&nbsp;<\/p>\n<h4>\u00bfCuando cambiar\u00e1?<\/h4>\n<p>Criteo dejar\u00e1 de mostrar anuncios en cuanto le sea posible y como m\u00e1ximo en un per\u00edodo de 24 horas.<\/p>\n<p>Ten en cuenta que se puede tardar hasta cinco semanas en procesar tu solicitud en Facebook, ya que es un entorno independiente sobre el que no tenemos control. Si deseas que se dejen de mostrar nuestros anuncios en tu cuenta de Facebook de forma inmediata, te invitamos a modificar la configuraci\u00f3n haciendo clic aqu\u00ed:\u00a0<a href=\"https:\/\/www.facebook.com\/settings\/?tab=ads\">Configuraci\u00f3n de Facebook<\/a>.<\/p>\n<p>&nbsp;<\/p>\n<h4>\u00bfEl cambio es permanente?<\/h4>\n<p>Si eliminas esta cookie o actualizas el sistema operativo de tu dispositivo, es posible que ya no podamos recordar tu elecci\u00f3n,\u00a0en cuyo caso, te invitamos simplemente a repetir la operaci\u00f3n.<\/p>\n<p>&nbsp;<\/p>\n<p>Tambi\u00e9n ten en cuenta que algunas apps m\u00f3viles pueden utilizar o confiar en una funci\u00f3n t\u00e9cnica denominada \u201cvista web\u201d que permite a los desarrolladores de apps mostrar apps web o p\u00e1ginas web directamente en tu app sin dejar que la app abra el navegador que utilizas habitualmente. La vista web puede ser independiente tanto de tu navegador habitual como del entorno de la app m\u00f3vil.\u00a0Por lo tanto, te recomendamos retirar tu consentimiento para este entorno espec\u00edfico si no deseas ver anuncios de Criteo.<\/p>\n","protected":false},"excerpt":{"rendered":"<p>La siguiente informaci\u00f3n explica c\u00f3mo desactivar los servicios de Criteo en apps m\u00f3viles. Haz clic\u00a0aqu\u00ed\u00a0si quieres saber c\u00f3mo desactivar los servicios de Criteo en navegadores de Internet. Para retirar tu consentimiento a los servicios de Criteo, solo tienes que configurar tu dispositivo de la siguiente manera: Para Android (versi\u00f3n 2.3 y superior) Restablece el Identificador [&hellip;]<\/p>\n","protected":false},"author":55,"featured_media":0,"parent":10291,"menu_order":0,"comment_status":"closed","ping_status":"closed","template":"page-templates\/basic.php","meta":{"_acf_changed":false,"footnotes":""},"coauthors":[],"class_list":["post-10216","page","type-page","status-publish"],"acf":{"layout_mode":"privacy-2019","has_more_content":false,"storetail_optout":false,"stae_popup_enable":false,"track_page_in_segment":false,"segment_page_name":"","additional_code":"","toc_order":"2","bevel":"peach-grapes","bevel_reversed":false,"side_text":""},"yoast_head":"<!-- This site is optimized with the Yoast SEO plugin v26.4 - https:\/\/yoast.com\/wordpress\/plugins\/seo\/ -->\n<title>Desactivar los servicios de Criteo en apps m\u00f3viles | ES - Criteo<\/title>\n<meta name=\"description\" content=\"Inf\u00f3rmate sobre c\u00f3mo desactivar los servicios de Criteo de los navegadores de Internet.\" \/>\n<meta name=\"robots\" content=\"index, follow, max-snippet:-1, max-image-preview:large, max-video-preview:-1\" \/>\n<link rel=\"canonical\" href=\"https:\/\/www.criteo.com\/es\/privacy\/disable-criteo-services-on-mobile-applications\/\" \/>\n<meta property=\"og:locale\" content=\"es_ES\" \/>\n<meta property=\"og:type\" content=\"article\" \/>\n<meta property=\"og:title\" content=\"Desactivar los servicios de Criteo en apps m\u00f3viles | ES - Criteo\" \/>\n<meta property=\"og:description\" content=\"Inf\u00f3rmate sobre c\u00f3mo desactivar los servicios de Criteo de los navegadores de Internet.\" \/>\n<meta property=\"og:url\" content=\"https:\/\/www.criteo.com\/es\/privacy\/disable-criteo-services-on-mobile-applications\/\" \/>\n<meta property=\"og:site_name\" content=\"ES - Criteo\" \/>\n<meta property=\"article:modified_time\" content=\"2022-11-10T12:49:33+00:00\" \/>\n<meta name=\"twitter:card\" content=\"summary_large_image\" \/>\n<meta name=\"twitter:label1\" content=\"Est. reading time\" \/>\n\t<meta name=\"twitter:data1\" content=\"3 minutes\" \/>\n<script type=\"application\/ld+json\" class=\"yoast-schema-graph\">{\n\t    \"@context\": \"https:\/\/schema.org\",\n\t    \"@graph\": [\n\t        {\n\t            \"@type\": \"WebPage\",\n\t            \"@id\": \"https:\/\/www.criteo.com\/es\/privacy\/disable-criteo-services-on-mobile-applications\/\",\n\t            \"url\": \"https:\/\/www.criteo.com\/es\/privacy\/disable-criteo-services-on-mobile-applications\/\",\n\t            \"name\": \"Desactivar los servicios de Criteo en apps m\u00f3viles | ES - Criteo\",\n\t            \"isPartOf\": {\n\t                \"@id\": \"https:\/\/www.criteo.com\/es\/#website\"\n\t            },\n\t            \"datePublished\": \"2019-10-28T16:50:24+00:00\",\n\t            \"dateModified\": \"2022-11-10T12:49:33+00:00\",\n\t            \"description\": \"Inf\u00f3rmate sobre c\u00f3mo desactivar los servicios de Criteo de los navegadores de Internet.\",\n\t            \"breadcrumb\": {\n\t                \"@id\": \"https:\/\/www.criteo.com\/es\/privacy\/disable-criteo-services-on-mobile-applications\/#breadcrumb\"\n\t            },\n\t            \"inLanguage\": \"es-ES\",\n\t            \"potentialAction\": [\n\t                {\n\t                    \"@type\": \"ReadAction\",\n\t                    \"target\": [\n\t                        \"https:\/\/www.criteo.com\/es\/privacy\/disable-criteo-services-on-mobile-applications\/\"\n\t                    ]\n\t                }\n\t            ]\n\t        },\n\t        {\n\t            \"@type\": \"BreadcrumbList\",\n\t            \"@id\": \"https:\/\/www.criteo.com\/es\/privacy\/disable-criteo-services-on-mobile-applications\/#breadcrumb\",\n\t            \"itemListElement\": [\n\t                {\n\t                    \"@type\": \"ListItem\",\n\t                    \"position\": 1,\n\t                    \"name\": \"Home\",\n\t                    \"item\": \"https:\/\/www.criteo.com\/es\/\"\n\t                },\n\t                {\n\t                    \"@type\": \"ListItem\",\n\t                    \"position\": 2,\n\t                    \"name\": \"Pol\u00edtica de privacidad\",\n\t                    \"item\": \"https:\/\/www.criteo.com\/es\/privacy\/\"\n\t                },\n\t                {\n\t                    \"@type\": \"ListItem\",\n\t                    \"position\": 3,\n\t                    \"name\": \"Desactivar los servicios de Criteo en apps m\u00f3viles\"\n\t                }\n\t            ]\n\t        },\n\t        {\n\t            \"@type\": \"WebSite\",\n\t            \"@id\": \"https:\/\/www.criteo.com\/es\/#website\",\n\t            \"url\": \"https:\/\/www.criteo.com\/es\/\",\n\t            \"name\": \"ES - Criteo\",\n\t            \"description\": \"\",\n\t            \"publisher\": {\n\t                \"@id\": \"https:\/\/www.criteo.com\/es\/#organization\"\n\t            },\n\t            \"potentialAction\": [\n\t                {\n\t                    \"@type\": \"SearchAction\",\n\t                    \"target\": {\n\t                        \"@type\": \"EntryPoint\",\n\t                        \"urlTemplate\": \"https:\/\/www.criteo.com\/es\/?s={search_term_string}\"\n\t                    },\n\t                    \"query-input\": {\n\t                        \"@type\": \"PropertyValueSpecification\",\n\t                        \"valueRequired\": true,\n\t                        \"valueName\": \"search_term_string\"\n\t                    }\n\t                }\n\t            ],\n\t            \"inLanguage\": \"es-ES\"\n\t        },\n\t        {\n\t            \"@type\": \"Organization\",\n\t            \"@id\": \"https:\/\/www.criteo.com\/es\/#organization\",\n\t            \"name\": \"Criteo\",\n\t            \"alternateName\": \"Criteo corp\",\n\t            \"url\": \"https:\/\/www.criteo.com\/es\/\",\n\t            \"logo\": {\n\t                \"@type\": \"ImageObject\",\n\t                \"inLanguage\": \"es-ES\",\n\t                \"@id\": \"https:\/\/www.criteo.com\/es\/#\/schema\/logo\/image\/\",\n\t                \"url\": \"https:\/\/www.criteo.com\/es\/wp-content\/uploads\/sites\/8\/2024\/02\/Criteo-Logo.svg\",\n\t                \"contentUrl\": \"https:\/\/www.criteo.com\/es\/wp-content\/uploads\/sites\/8\/2024\/02\/Criteo-Logo.svg\",\n\t                \"width\": 118,\n\t                \"height\": 24,\n\t                \"caption\": \"Criteo\"\n\t            },\n\t            \"image\": {\n\t                \"@id\": \"https:\/\/www.criteo.com\/es\/#\/schema\/logo\/image\/\"\n\t            }\n\t        }\n\t    ]\n\t}<\/script>\n<!-- \/ Yoast SEO plugin. -->","yoast_head_json":{"title":"Desactivar los servicios de Criteo en apps m\u00f3viles | ES - Criteo","description":"Inf\u00f3rmate sobre c\u00f3mo desactivar los servicios de Criteo de los navegadores de Internet.","robots":{"index":"index","follow":"follow","max-snippet":"max-snippet:-1","max-image-preview":"max-image-preview:large","max-video-preview":"max-video-preview:-1"},"canonical":"https:\/\/www.criteo.com\/es\/privacy\/disable-criteo-services-on-mobile-applications\/","og_locale":"es_ES","og_type":"article","og_title":"Desactivar los servicios de Criteo en apps m\u00f3viles | ES - Criteo","og_description":"Inf\u00f3rmate sobre c\u00f3mo desactivar los servicios de Criteo de los navegadores de Internet.","og_url":"https:\/\/www.criteo.com\/es\/privacy\/disable-criteo-services-on-mobile-applications\/","og_site_name":"ES - Criteo","article_modified_time":"2022-11-10T12:49:33+00:00","twitter_card":"summary_large_image","twitter_misc":{"Est. reading time":"3 minutes"},"schema":{"@context":"https:\/\/schema.org","@graph":[{"@type":"WebPage","@id":"https:\/\/www.criteo.com\/es\/privacy\/disable-criteo-services-on-mobile-applications\/","url":"https:\/\/www.criteo.com\/es\/privacy\/disable-criteo-services-on-mobile-applications\/","name":"Desactivar los servicios de Criteo en apps m\u00f3viles | ES - Criteo","isPartOf":{"@id":"https:\/\/www.criteo.com\/es\/#website"},"datePublished":"2019-10-28T16:50:24+00:00","dateModified":"2022-11-10T12:49:33+00:00","description":"Inf\u00f3rmate sobre c\u00f3mo desactivar los servicios de Criteo de los navegadores de Internet.","breadcrumb":{"@id":"https:\/\/www.criteo.com\/es\/privacy\/disable-criteo-services-on-mobile-applications\/#breadcrumb"},"inLanguage":"es-ES","potentialAction":[{"@type":"ReadAction","target":["https:\/\/www.criteo.com\/es\/privacy\/disable-criteo-services-on-mobile-applications\/"]}]},{"@type":"BreadcrumbList","@id":"https:\/\/www.criteo.com\/es\/privacy\/disable-criteo-services-on-mobile-applications\/#breadcrumb","itemListElement":[{"@type":"ListItem","position":1,"name":"Home","item":"https:\/\/www.criteo.com\/es\/"},{"@type":"ListItem","position":2,"name":"Pol\u00edtica de privacidad","item":"https:\/\/www.criteo.com\/es\/privacy\/"},{"@type":"ListItem","position":3,"name":"Desactivar los servicios de Criteo en apps m\u00f3viles"}]},{"@type":"WebSite","@id":"https:\/\/www.criteo.com\/es\/#website","url":"https:\/\/www.criteo.com\/es\/","name":"ES - Criteo","description":"","publisher":{"@id":"https:\/\/www.criteo.com\/es\/#organization"},"potentialAction":[{"@type":"SearchAction","target":{"@type":"EntryPoint","urlTemplate":"https:\/\/www.criteo.com\/es\/?s={search_term_string}"},"query-input":{"@type":"PropertyValueSpecification","valueRequired":true,"valueName":"search_term_string"}}],"inLanguage":"es-ES"},{"@type":"Organization","@id":"https:\/\/www.criteo.com\/es\/#organization","name":"Criteo","alternateName":"Criteo corp","url":"https:\/\/www.criteo.com\/es\/","logo":{"@type":"ImageObject","inLanguage":"es-ES","@id":"https:\/\/www.criteo.com\/es\/#\/schema\/logo\/image\/","url":"https:\/\/www.criteo.com\/es\/wp-content\/uploads\/sites\/8\/2024\/02\/Criteo-Logo.svg","contentUrl":"https:\/\/www.criteo.com\/es\/wp-content\/uploads\/sites\/8\/2024\/02\/Criteo-Logo.svg","width":118,"height":24,"caption":"Criteo"},"image":{"@id":"https:\/\/www.criteo.com\/es\/#\/schema\/logo\/image\/"}}]}},"_links":{"self":[{"href":"https:\/\/www.criteo.com\/es\/wp-json\/wp\/v2\/pages\/10216","targetHints":{"allow":["GET"]}}],"collection":[{"href":"https:\/\/www.criteo.com\/es\/wp-json\/wp\/v2\/pages"}],"about":[{"href":"https:\/\/www.criteo.com\/es\/wp-json\/wp\/v2\/types\/page"}],"author":[{"embeddable":true,"href":"https:\/\/www.criteo.com\/es\/wp-json\/wp\/v2\/users\/55"}],"replies":[{"embeddable":true,"href":"https:\/\/www.criteo.com\/es\/wp-json\/wp\/v2\/comments?post=10216"}],"version-history":[{"count":8,"href":"https:\/\/www.criteo.com\/es\/wp-json\/wp\/v2\/pages\/10216\/revisions"}],"predecessor-version":[{"id":18099,"href":"https:\/\/www.criteo.com\/es\/wp-json\/wp\/v2\/pages\/10216\/revisions\/18099"}],"up":[{"embeddable":true,"href":"https:\/\/www.criteo.com\/es\/wp-json\/wp\/v2\/pages\/10291"}],"wp:attachment":[{"href":"https:\/\/www.criteo.com\/es\/wp-json\/wp\/v2\/media?parent=10216"}],"wp:term":[{"taxonomy":"author","embeddable":true,"href":"https:\/\/www.criteo.com\/es\/wp-json\/wp\/v2\/coauthors?post=10216"}],"curies":[{"name":"wp","href":"https:\/\/api.w.org\/{rel}","templated":true}]}}