{"id":10230,"date":"2019-10-29T14:53:34","date_gmt":"2019-10-29T14:53:34","guid":{"rendered":"https:\/\/www.criteo.com\/es\/your-rights\/"},"modified":"2022-11-09T14:18:49","modified_gmt":"2022-11-09T14:18:49","slug":"your-rights","status":"publish","type":"page","link":"https:\/\/www.criteo.com\/es\/privacy\/your-rights\/","title":{"rendered":"Tus derechos"},"content":{"rendered":"<p>El RGPD te otorga diferentes derechos sobre tus datos personales, as\u00ed que no dudes en especificar en tu solicitud qu\u00e9 derechos deseas ejercer. Esto nos permitir\u00e1 responder de la manera m\u00e1s precisa a tu solicitud.<\/p>\n<h3>Retirar tu consentimiento a los servicios de Criteo<\/h3>\n<p>La retirada de tu consentimiento a los servicios de Criteo (art\u00edculo 7 del RGPD) tendr\u00e1 como consecuencia la desactivaci\u00f3n de nuestros servicios.<br \/>\n<a href=\"https:\/\/www.criteo.com\/es\/privacy\/disable-criteo-services-on-internet-browsers\/\">Ejercer este derecho.<\/a><\/p>\n<h3>Derecho al olvido<\/h3>\n<p>Puedes ejercer tu derecho al olvido (Art\u00edculo 17 del RGPD).<br \/>\nPara ejercer este derecho, env\u00edanos un email a <a href=\"mailto:dpo@criteo.com\">dpo@criteo.com<\/a>.<\/p>\n<h3>Derecho de oposici\u00f3n<\/h3>\n<p>Puedes ejercer tu derecho de oposici\u00f3n (Art\u00edculo 21 del RGPD) por motivos relacionados con tus circunstancias particulares para procesar actividades en base a nuestro inter\u00e9s leg\u00edtimo.<br \/>\nPara ejercer este derecho, env\u00edanos un email a <a href=\"mailto:dpo@criteo.com\">dpo@criteo.com<\/a>.<\/p>\n<h3>Derecho de acceso a tus datos personales<\/h3>\n<p>Tienes derecho a tener acceso a tus datos personales. Tras el ejercicio de tu derecho de acceso (Art\u00edculo 15 del RGPD), te proporcionaremos un fichero de Excel con todos tus datos personales.<br \/>\nPara ejercer este derecho, env\u00edanos un email a <a href=\"mailto:dpo@criteo.com\">dpo@criteo.com<\/a>.<\/p>\n<h3>Derecho de portabilidad de datos<\/h3>\n<p>Puedes ejercer el derecho de portabilidad (Art\u00edculo 20 del RGPD) para el procesamiento de actividades en base a tu consentimiento.<br \/>\nPara ejercer este derecho, env\u00edanos un email a\u00a0dpo@criteo.com.<\/p>\n<h3>Derecho de rectificaci\u00f3n<\/h3>\n<p>Puedes ejercer tu derecho de rectificaci\u00f3n (Art\u00edculo 16 del RGPD), para que Criteo pueda rectificar los datos imprecisos o pueda completar los que falten.<br \/>\nPara ejercer este derecho, env\u00edanos un email a <a href=\"mailto:dpo@criteo.com\">dpo@criteo.com<\/a>.<\/p>\n<h3>Derecho de restricci\u00f3n del procesamiento<\/h3>\n<p>En determinadas circunstancias, puedes ejercer tu derecho a la restricci\u00f3n del procesamiento (Art\u00edculo 18 del RGPD).<br \/>\nPara ejercer este derecho, env\u00edanos un email a <a href=\"mailto:dpo@criteo.com\">dpo@criteo.com<\/a>.<\/p>\n<h3>Derecho a presentar una reclamaci\u00f3n ante una autoridad de control<\/h3>\n<p>Debes ejercer este derecho directamente ante la autoridad de control que elijas. Por ejemplo, en Francia, es la Commission Nationale de l\u2019Informatique et des Libert\u00e9s (CNIL), cuyos datos de contacto pueden encontrarse\u00a0<a href=\"https:\/\/www.cnil.fr\/en\/home\">aqui<\/a>.<br \/>\nLas consecuencias de presentar una reclamaci\u00f3n ante una autoridad de control son a discreci\u00f3n de dicha autoridad.<\/p>\n","protected":false},"excerpt":{"rendered":"<p>El RGPD te otorga diferentes derechos sobre tus datos personales, as\u00ed que no dudes en especificar en tu solicitud qu\u00e9 derechos deseas ejercer. Esto nos permitir\u00e1 responder de la manera m\u00e1s precisa a tu solicitud. Retirar tu consentimiento a los servicios de Criteo La retirada de tu consentimiento a los servicios de Criteo (art\u00edculo 7 [&hellip;]<\/p>\n","protected":false},"author":55,"featured_media":0,"parent":10291,"menu_order":0,"comment_status":"closed","ping_status":"closed","template":"page-templates\/basic.php","meta":{"_acf_changed":false,"footnotes":""},"coauthors":[],"class_list":["post-10230","page","type-page","status-publish"],"acf":{"layout_mode":"privacy-2019","has_more_content":false,"storetail_optout":false,"stae_popup_enable":false,"track_page_in_segment":false,"segment_page_name":"","additional_code":"","toc_order":"5","bevel":"peach-grapes","bevel_reversed":false,"side_text":""},"yoast_head":"<!-- This site is optimized with the Yoast SEO plugin v26.4 - https:\/\/yoast.com\/wordpress\/plugins\/seo\/ -->\n<title>Tus derechos | ES - Criteo<\/title>\n<meta name=\"description\" content=\"Consulta y ejerce tus derechos si as\u00ed lo deseas. Aqu\u00ed podr\u00e1s retirar tu consentimiento a los servicios de Criteo, que traer\u00e1 consigo la desactivaci\u00f3n de dichos servicios.\" \/>\n<meta name=\"robots\" content=\"index, follow, max-snippet:-1, max-image-preview:large, max-video-preview:-1\" \/>\n<link rel=\"canonical\" href=\"https:\/\/www.criteo.com\/es\/privacy\/your-rights\/\" \/>\n<meta property=\"og:locale\" content=\"es_ES\" \/>\n<meta property=\"og:type\" content=\"article\" \/>\n<meta property=\"og:title\" content=\"Tus derechos | ES - Criteo\" \/>\n<meta property=\"og:description\" content=\"Consulta y ejerce tus derechos si as\u00ed lo deseas. Aqu\u00ed podr\u00e1s retirar tu consentimiento a los servicios de Criteo, que traer\u00e1 consigo la desactivaci\u00f3n de dichos servicios.\" \/>\n<meta property=\"og:url\" content=\"https:\/\/www.criteo.com\/es\/privacy\/your-rights\/\" \/>\n<meta property=\"og:site_name\" content=\"ES - Criteo\" \/>\n<meta property=\"article:modified_time\" content=\"2022-11-09T14:18:49+00:00\" \/>\n<meta name=\"twitter:card\" content=\"summary_large_image\" \/>\n<meta name=\"twitter:label1\" content=\"Est. reading time\" \/>\n\t<meta name=\"twitter:data1\" content=\"2 minutes\" \/>\n<script type=\"application\/ld+json\" class=\"yoast-schema-graph\">{\n\t    \"@context\": \"https:\/\/schema.org\",\n\t    \"@graph\": [\n\t        {\n\t            \"@type\": \"WebPage\",\n\t            \"@id\": \"https:\/\/www.criteo.com\/es\/privacy\/your-rights\/\",\n\t            \"url\": \"https:\/\/www.criteo.com\/es\/privacy\/your-rights\/\",\n\t            \"name\": \"Tus derechos | ES - Criteo\",\n\t            \"isPartOf\": {\n\t                \"@id\": \"https:\/\/www.criteo.com\/es\/#website\"\n\t            },\n\t            \"datePublished\": \"2019-10-29T14:53:34+00:00\",\n\t            \"dateModified\": \"2022-11-09T14:18:49+00:00\",\n\t            \"description\": \"Consulta y ejerce tus derechos si as\u00ed lo deseas. Aqu\u00ed podr\u00e1s retirar tu consentimiento a los servicios de Criteo, que traer\u00e1 consigo la desactivaci\u00f3n de dichos servicios.\",\n\t            \"breadcrumb\": {\n\t                \"@id\": \"https:\/\/www.criteo.com\/es\/privacy\/your-rights\/#breadcrumb\"\n\t            },\n\t            \"inLanguage\": \"es-ES\",\n\t            \"potentialAction\": [\n\t                {\n\t                    \"@type\": \"ReadAction\",\n\t                    \"target\": [\n\t                        \"https:\/\/www.criteo.com\/es\/privacy\/your-rights\/\"\n\t                    ]\n\t                }\n\t            ]\n\t        },\n\t        {\n\t            \"@type\": \"BreadcrumbList\",\n\t            \"@id\": \"https:\/\/www.criteo.com\/es\/privacy\/your-rights\/#breadcrumb\",\n\t            \"itemListElement\": [\n\t                {\n\t                    \"@type\": \"ListItem\",\n\t                    \"position\": 1,\n\t                    \"name\": \"Home\",\n\t                    \"item\": \"https:\/\/www.criteo.com\/es\/\"\n\t                },\n\t                {\n\t                    \"@type\": \"ListItem\",\n\t                    \"position\": 2,\n\t                    \"name\": \"Pol\u00edtica de privacidad\",\n\t                    \"item\": \"https:\/\/www.criteo.com\/es\/privacy\/\"\n\t                },\n\t                {\n\t                    \"@type\": \"ListItem\",\n\t                    \"position\": 3,\n\t                    \"name\": \"Tus derechos\"\n\t                }\n\t            ]\n\t        },\n\t        {\n\t            \"@type\": \"WebSite\",\n\t            \"@id\": \"https:\/\/www.criteo.com\/es\/#website\",\n\t            \"url\": \"https:\/\/www.criteo.com\/es\/\",\n\t            \"name\": \"ES - Criteo\",\n\t            \"description\": \"\",\n\t            \"publisher\": {\n\t                \"@id\": \"https:\/\/www.criteo.com\/es\/#organization\"\n\t            },\n\t            \"potentialAction\": [\n\t                {\n\t                    \"@type\": \"SearchAction\",\n\t                    \"target\": {\n\t                        \"@type\": \"EntryPoint\",\n\t                        \"urlTemplate\": \"https:\/\/www.criteo.com\/es\/?s={search_term_string}\"\n\t                    },\n\t                    \"query-input\": {\n\t                        \"@type\": \"PropertyValueSpecification\",\n\t                        \"valueRequired\": true,\n\t                        \"valueName\": \"search_term_string\"\n\t                    }\n\t                }\n\t            ],\n\t            \"inLanguage\": \"es-ES\"\n\t        },\n\t        {\n\t            \"@type\": \"Organization\",\n\t            \"@id\": \"https:\/\/www.criteo.com\/es\/#organization\",\n\t            \"name\": \"Criteo\",\n\t            \"alternateName\": \"Criteo corp\",\n\t            \"url\": \"https:\/\/www.criteo.com\/es\/\",\n\t            \"logo\": {\n\t                \"@type\": \"ImageObject\",\n\t                \"inLanguage\": \"es-ES\",\n\t                \"@id\": \"https:\/\/www.criteo.com\/es\/#\/schema\/logo\/image\/\",\n\t                \"url\": \"https:\/\/www.criteo.com\/es\/wp-content\/uploads\/sites\/8\/2024\/02\/Criteo-Logo.svg\",\n\t                \"contentUrl\": \"https:\/\/www.criteo.com\/es\/wp-content\/uploads\/sites\/8\/2024\/02\/Criteo-Logo.svg\",\n\t                \"width\": 118,\n\t                \"height\": 24,\n\t                \"caption\": \"Criteo\"\n\t            },\n\t            \"image\": {\n\t                \"@id\": \"https:\/\/www.criteo.com\/es\/#\/schema\/logo\/image\/\"\n\t            }\n\t        }\n\t    ]\n\t}<\/script>\n<!-- \/ Yoast SEO plugin. -->","yoast_head_json":{"title":"Tus derechos | ES - Criteo","description":"Consulta y ejerce tus derechos si as\u00ed lo deseas. Aqu\u00ed podr\u00e1s retirar tu consentimiento a los servicios de Criteo, que traer\u00e1 consigo la desactivaci\u00f3n de dichos servicios.","robots":{"index":"index","follow":"follow","max-snippet":"max-snippet:-1","max-image-preview":"max-image-preview:large","max-video-preview":"max-video-preview:-1"},"canonical":"https:\/\/www.criteo.com\/es\/privacy\/your-rights\/","og_locale":"es_ES","og_type":"article","og_title":"Tus derechos | ES - Criteo","og_description":"Consulta y ejerce tus derechos si as\u00ed lo deseas. Aqu\u00ed podr\u00e1s retirar tu consentimiento a los servicios de Criteo, que traer\u00e1 consigo la desactivaci\u00f3n de dichos servicios.","og_url":"https:\/\/www.criteo.com\/es\/privacy\/your-rights\/","og_site_name":"ES - Criteo","article_modified_time":"2022-11-09T14:18:49+00:00","twitter_card":"summary_large_image","twitter_misc":{"Est. reading time":"2 minutes"},"schema":{"@context":"https:\/\/schema.org","@graph":[{"@type":"WebPage","@id":"https:\/\/www.criteo.com\/es\/privacy\/your-rights\/","url":"https:\/\/www.criteo.com\/es\/privacy\/your-rights\/","name":"Tus derechos | ES - Criteo","isPartOf":{"@id":"https:\/\/www.criteo.com\/es\/#website"},"datePublished":"2019-10-29T14:53:34+00:00","dateModified":"2022-11-09T14:18:49+00:00","description":"Consulta y ejerce tus derechos si as\u00ed lo deseas. Aqu\u00ed podr\u00e1s retirar tu consentimiento a los servicios de Criteo, que traer\u00e1 consigo la desactivaci\u00f3n de dichos servicios.","breadcrumb":{"@id":"https:\/\/www.criteo.com\/es\/privacy\/your-rights\/#breadcrumb"},"inLanguage":"es-ES","potentialAction":[{"@type":"ReadAction","target":["https:\/\/www.criteo.com\/es\/privacy\/your-rights\/"]}]},{"@type":"BreadcrumbList","@id":"https:\/\/www.criteo.com\/es\/privacy\/your-rights\/#breadcrumb","itemListElement":[{"@type":"ListItem","position":1,"name":"Home","item":"https:\/\/www.criteo.com\/es\/"},{"@type":"ListItem","position":2,"name":"Pol\u00edtica de privacidad","item":"https:\/\/www.criteo.com\/es\/privacy\/"},{"@type":"ListItem","position":3,"name":"Tus derechos"}]},{"@type":"WebSite","@id":"https:\/\/www.criteo.com\/es\/#website","url":"https:\/\/www.criteo.com\/es\/","name":"ES - Criteo","description":"","publisher":{"@id":"https:\/\/www.criteo.com\/es\/#organization"},"potentialAction":[{"@type":"SearchAction","target":{"@type":"EntryPoint","urlTemplate":"https:\/\/www.criteo.com\/es\/?s={search_term_string}"},"query-input":{"@type":"PropertyValueSpecification","valueRequired":true,"valueName":"search_term_string"}}],"inLanguage":"es-ES"},{"@type":"Organization","@id":"https:\/\/www.criteo.com\/es\/#organization","name":"Criteo","alternateName":"Criteo corp","url":"https:\/\/www.criteo.com\/es\/","logo":{"@type":"ImageObject","inLanguage":"es-ES","@id":"https:\/\/www.criteo.com\/es\/#\/schema\/logo\/image\/","url":"https:\/\/www.criteo.com\/es\/wp-content\/uploads\/sites\/8\/2024\/02\/Criteo-Logo.svg","contentUrl":"https:\/\/www.criteo.com\/es\/wp-content\/uploads\/sites\/8\/2024\/02\/Criteo-Logo.svg","width":118,"height":24,"caption":"Criteo"},"image":{"@id":"https:\/\/www.criteo.com\/es\/#\/schema\/logo\/image\/"}}]}},"_links":{"self":[{"href":"https:\/\/www.criteo.com\/es\/wp-json\/wp\/v2\/pages\/10230","targetHints":{"allow":["GET"]}}],"collection":[{"href":"https:\/\/www.criteo.com\/es\/wp-json\/wp\/v2\/pages"}],"about":[{"href":"https:\/\/www.criteo.com\/es\/wp-json\/wp\/v2\/types\/page"}],"author":[{"embeddable":true,"href":"https:\/\/www.criteo.com\/es\/wp-json\/wp\/v2\/users\/55"}],"replies":[{"embeddable":true,"href":"https:\/\/www.criteo.com\/es\/wp-json\/wp\/v2\/comments?post=10230"}],"version-history":[{"count":4,"href":"https:\/\/www.criteo.com\/es\/wp-json\/wp\/v2\/pages\/10230\/revisions"}],"predecessor-version":[{"id":18092,"href":"https:\/\/www.criteo.com\/es\/wp-json\/wp\/v2\/pages\/10230\/revisions\/18092"}],"up":[{"embeddable":true,"href":"https:\/\/www.criteo.com\/es\/wp-json\/wp\/v2\/pages\/10291"}],"wp:attachment":[{"href":"https:\/\/www.criteo.com\/es\/wp-json\/wp\/v2\/media?parent=10230"}],"wp:term":[{"taxonomy":"author","embeddable":true,"href":"https:\/\/www.criteo.com\/es\/wp-json\/wp\/v2\/coauthors?post=10230"}],"curies":[{"name":"wp","href":"https:\/\/api.w.org\/{rel}","templated":true}]}}