{"id":11767,"date":"2020-04-28T17:09:35","date_gmt":"2020-04-28T17:09:35","guid":{"rendered":"https:\/\/www.criteo.com\/es\/ccpa-privacy-policy\/"},"modified":"2025-03-20T14:46:45","modified_gmt":"2025-03-20T14:46:45","slug":"ccpa-privacy-policy","status":"publish","type":"page","link":"https:\/\/www.criteo.com\/es\/privacy\/ccpa-privacy-policy\/","title":{"rendered":"Pol\u00edtica de privacidad de la CCPA"},"content":{"rendered":"<p>Tenga en cuenta que el contenido de esta Pol\u00edtica de privacidad, cuyo \u00fanico objetivo es proporcionar a los residentes de California, EEUU, informaci\u00f3n relevante de acuerdo con la Ley de Protecci\u00f3n del Consumidor de California (CCPA), debe ser interpretado como informaci\u00f3n adicional y no sustitutoria de la Pol\u00edtica de Privacidad completa de Criteo, disponible <a href=\"https:\/\/www.criteo.com\/es\/privacy\/\">aqu\u00ed<\/a>.<\/p>\n<p>Si es residente de California, la CCPA le otorga varios derechos; para ejercer estos derechos, necesitar\u00e1 un poder notarial.<\/p>\n<p>&nbsp;<\/p>\n<h4>Derecho a informaci\u00f3n<\/h4>\n<p>Tiene derecho a solicitar que le desvelemos qu\u00e9 informaci\u00f3n personal recopilamos, usamos, revelamos, compartimos o \u201cvendemos\u201d.<\/p>\n<p>Para obtener una copia de la informaci\u00f3n personal que actualmente tenemos sobre Ud., env\u00edenos un email a <a href=\"mailto:dpo@criteo.com\">dpo@criteo.com<\/a>.<\/p>\n<p>&nbsp;<\/p>\n<h4>Derecho de supresi\u00f3n<\/h4>\n<p>Tiene derecho de solicitar que Criteo borre la informaci\u00f3n personal que actualmente tenemos sobre Ud.<\/p>\n<p>Para ejercer este derecho, solo tiene que seguir las instrucciones disponibles al clic en el bot\u00f3n \u201cDesactivar los servicios de Criteo\u201d m\u00e1s abajo.<\/p>\n<p>&nbsp;<\/p>\n<h4>Derecho de rectificaci\u00f3n<\/h4>\n<p>Tiene derecho a solicitar que Criteo corrija la informaci\u00f3n personal inexacta. Para ejercer este derecho, env\u00edenos un email<\/p>\n<p>a <a href=\"mailto:dpo@criteo.com\">dpo@criteo.com<\/a>.<\/p>\n<p>&nbsp;<\/p>\n<h4>El derecho a la exclusi\u00f3n de las \u201cventas\u201d o el \u201cintercambio\u201d de informaci\u00f3n personal<\/h4>\n<p>Si es residente en California, la CCPA le permite solicitar que Criteo deje de \u201cvender\u201d o \u201ccompartir\u201d su informaci\u00f3n personal.<\/p>\n<p>Para optar por no participar en estas \u201cventas\u201d o \u201cintercambios\u201d y, en general, desactivar todos los servicios de Criteo, simplemente siga las instrucciones disponibles al hacer clic en el siguiente bot\u00f3n:<\/p>\n<p><span style=\"font-size: 1rem;\"><div class=\"\"><a id=\"\" href=\"https:\/\/www.criteo.com\/es\/privacy\/disable-criteo-services-on-internet-browsers\/\">\n<button class=\"button button__orange-bg shortcode-btn\">\n<span>Desactivar los servicios de Criteo<\/span>\n<\/button>\n<\/a><\/div><\/span><\/p>\n<p>&nbsp;<\/p>\n<h4>Derecho a la no discriminaci\u00f3n para el ejercicio de los derechos de privacidad del consumidor<\/h4>\n<p>Tiene derecho a no recibir un trato discriminatorio por el ejercicio de los derechos de privacidad conferidos por la CCPA.<\/p>\n<p><strong>Informaci\u00f3n personal que recopilamos sobre Ud. y fines para los que la recopilamos<\/strong><\/p>\n<p>Criteo recopila las siguientes categor\u00edas de informaci\u00f3n personal con el fin de mostrar anuncios personalizados:<\/p>\n<p>Categor\u00edas de informaci\u00f3n personal que podemos recopilar:<\/p>\n<ul>\n<li>Identificadores (por ejemplo, identificaciones de cookies, identificaciones de publicidad m\u00f3vil, direcciones de email encriptadas, direcciones IP, agente de usuario, etc.)<\/li>\n<li>Internet u otra informaci\u00f3n sobre la actividad de la red electr\u00f3nica:\n<ul>\n<li>Historial de navegaci\u00f3n (por ejemplo, URL de los sitios web navegados, nombre de las aplicaciones abiertas)<\/li>\n<li>Interacciones con un sitio web de Internet, una app m\u00f3vil o un anuncio (por ejemplo, anuncios vistos, en los que ha hecho clic, etc.)<\/li>\n<\/ul>\n<\/li>\n<li>Informaci\u00f3n comercial, incluidos los registros de productos o servicios adquiridos, obtenidos o considerados (por ejemplo, productos vistos, puestos en la cesta, comprados)<\/li>\n<\/ul>\n<p>En los doce (12) meses anteriores, hemos compartido y\/o vendido las categor\u00edas de informaci\u00f3n personal mencionadas anteriormente con el fin comercial de proporcionar publicidad conductual de contexto cruzado con terceros cuyas categor\u00edas est\u00e1n descritas en \u2018Las categor\u00edas de destinatarios de tus datos\u2019 en la secci\u00f3n <a href=\"https:\/\/www.criteo.com\/es\/privacy\/how-we-use-your-data\/\">C\u00f3mo usamos tus datos<\/a>.<\/p>\n<p>Recopilamos datos principalmente para marketing, publicidad (por ejemplo, publicidad conductual de contexto cruzado) y servicios anal\u00edticos. Adem\u00e1s, utilizamos los datos recopilados para:<\/p>\n<ul>\n<li>Auditor\u00eda: recuento de impresiones de anuncios y verificaci\u00f3n de la calidad con ID \u00fanicos.<\/li>\n<li>Depuraci\u00f3n: Correcci\u00f3n de errores para mantener los servicios funcionales.<\/li>\n<li>Seguridad: Detecci\u00f3n y protecci\u00f3n contra amenazas.<\/li>\n<li>Investigaci\u00f3n y desarrollo: Investigaci\u00f3n para el desarrollo tecnol\u00f3gico y el rendimiento del servicio.<\/li>\n<li>Calidad y seguridad: Mejorar la calidad y seguridad de nuestros servicios.<\/li>\n<\/ul>\n<p>Divulgamos datos personales con fines comerciales como se describe anteriormente. Las categor\u00edas de informaci\u00f3n personal se divulgan o comparten con las categor\u00edas de terceros descritas en \u2018Las categor\u00edas de destinatarios de tus datos\u2019 en la secci\u00f3n <a href=\"https:\/\/www.criteo.com\/es\/privacy\/how-we-use-your-data\/\">C\u00f3mo usamos tus datos<\/a>.<\/p>\n<p>Para obtener m\u00e1s informaci\u00f3n sobre las categor\u00edas de informaci\u00f3n personal que recopilamos, las categor\u00edas de fuentes de las que se obtiene la informaci\u00f3n personal y las categor\u00edas de terceros con los que podemos compartir informaci\u00f3n personal, consulte la secci\u00f3n <a href=\"https:\/\/www.criteo.com\/es\/privacy\/how-we-use-your-data\/\">C\u00f3mo usamos tus datos<\/a>. La tabla explica nuestras pr\u00e1cticas hoy y durante los 12 meses anteriores.<\/p>\n<p>De acuerdo con nuestras <a href=\"https:\/\/www.criteo.com\/es\/advertising-guidelines\/\">Directrices de publicidad<\/a> y las <a href=\"https:\/\/www.criteo.com\/es\/supply-partner-guidelines\/\">Directrices para socios proveedores<\/a>, no recopilamos de manera consciente informaci\u00f3n personal de menores de 16 a\u00f1os.<\/p>\n<p><strong>Informaci\u00f3n de contacto<\/strong><\/p>\n<p>Puedes ponerte en contacto con nuestro Delegado de Protecci\u00f3n de Datos:<\/p>\n<ul>\n<li>Por email <a href=\"mailto:dpo@criteo.com\">dpo@criteo.com<\/a>\u00a0o<\/li>\n<li>Por correo postal: DPO-CRITEO \u2013 32 Rue Blanche -75009 Par\u00eds \u2013 Francia<\/li>\n<\/ul>\n<p>&nbsp;<\/p>\n<p>\u00daltima actualizaci\u00f3n: 18\/03\/2025<\/p>\n","protected":false},"excerpt":{"rendered":"<p>Tenga en cuenta que el contenido de esta Pol\u00edtica de privacidad, cuyo \u00fanico objetivo es proporcionar a los residentes de California, EEUU, informaci\u00f3n relevante de acuerdo con la Ley de Protecci\u00f3n del Consumidor de California (CCPA), debe ser interpretado como informaci\u00f3n adicional y no sustitutoria de la Pol\u00edtica de Privacidad completa de Criteo, disponible aqu\u00ed. [&hellip;]<\/p>\n","protected":false},"author":55,"featured_media":0,"parent":10291,"menu_order":0,"comment_status":"closed","ping_status":"closed","template":"page-templates\/basic.php","meta":{"_acf_changed":false,"footnotes":""},"coauthors":[541],"class_list":["post-11767","page","type-page","status-publish"],"acf":{"layout_mode":"privacy-2019","has_more_content":false,"storetail_optout":false,"stae_popup_enable":false,"track_page_in_segment":false,"segment_page_name":"","additional_code":"","toc_order":"8","bevel":"peach-grapes","bevel_reversed":false,"side_text":""},"yoast_head":"<!-- This site is optimized with the Yoast SEO plugin v26.4 - https:\/\/yoast.com\/wordpress\/plugins\/seo\/ -->\n<title>Pol\u00edtica de privacidad de la CCPA | ES - Criteo<\/title>\n<meta name=\"robots\" content=\"index, follow, max-snippet:-1, max-image-preview:large, max-video-preview:-1\" \/>\n<link rel=\"canonical\" href=\"https:\/\/www.criteo.com\/es\/privacy\/ccpa-privacy-policy\/\" \/>\n<meta property=\"og:locale\" content=\"es_ES\" \/>\n<meta property=\"og:type\" content=\"article\" \/>\n<meta property=\"og:title\" content=\"Pol\u00edtica de privacidad de la CCPA | ES - Criteo\" \/>\n<meta property=\"og:description\" content=\"Tenga en cuenta que el contenido de esta Pol\u00edtica de privacidad, cuyo \u00fanico objetivo es proporcionar a los residentes de California, EEUU, informaci\u00f3n relevante de acuerdo con la Ley de Protecci\u00f3n del Consumidor de California (CCPA), debe ser interpretado como informaci\u00f3n adicional y no sustitutoria de la Pol\u00edtica de Privacidad completa de Criteo, disponible aqu\u00ed. [&hellip;]\" \/>\n<meta property=\"og:url\" content=\"https:\/\/www.criteo.com\/es\/privacy\/ccpa-privacy-policy\/\" \/>\n<meta property=\"og:site_name\" content=\"ES - Criteo\" \/>\n<meta property=\"article:modified_time\" content=\"2025-03-20T14:46:45+00:00\" \/>\n<meta name=\"twitter:card\" content=\"summary_large_image\" \/>\n<meta name=\"twitter:label1\" content=\"Est. reading time\" \/>\n\t<meta name=\"twitter:data1\" content=\"4 minutes\" \/>\n<script type=\"application\/ld+json\" class=\"yoast-schema-graph\">{\n\t    \"@context\": \"https:\/\/schema.org\",\n\t    \"@graph\": [\n\t        {\n\t            \"@type\": \"WebPage\",\n\t            \"@id\": \"https:\/\/www.criteo.com\/es\/privacy\/ccpa-privacy-policy\/\",\n\t            \"url\": \"https:\/\/www.criteo.com\/es\/privacy\/ccpa-privacy-policy\/\",\n\t            \"name\": \"Pol\u00edtica de privacidad de la CCPA | ES - Criteo\",\n\t            \"isPartOf\": {\n\t                \"@id\": \"https:\/\/www.criteo.com\/es\/#website\"\n\t            },\n\t            \"datePublished\": \"2020-04-28T17:09:35+00:00\",\n\t            \"dateModified\": \"2025-03-20T14:46:45+00:00\",\n\t            \"breadcrumb\": {\n\t                \"@id\": \"https:\/\/www.criteo.com\/es\/privacy\/ccpa-privacy-policy\/#breadcrumb\"\n\t            },\n\t            \"inLanguage\": \"es-ES\",\n\t            \"potentialAction\": [\n\t                {\n\t                    \"@type\": \"ReadAction\",\n\t                    \"target\": [\n\t                        \"https:\/\/www.criteo.com\/es\/privacy\/ccpa-privacy-policy\/\"\n\t                    ]\n\t                }\n\t            ]\n\t        },\n\t        {\n\t            \"@type\": \"BreadcrumbList\",\n\t            \"@id\": \"https:\/\/www.criteo.com\/es\/privacy\/ccpa-privacy-policy\/#breadcrumb\",\n\t            \"itemListElement\": [\n\t                {\n\t                    \"@type\": \"ListItem\",\n\t                    \"position\": 1,\n\t                    \"name\": \"Home\",\n\t                    \"item\": \"https:\/\/www.criteo.com\/es\/\"\n\t                },\n\t                {\n\t                    \"@type\": \"ListItem\",\n\t                    \"position\": 2,\n\t                    \"name\": \"Pol\u00edtica de privacidad\",\n\t                    \"item\": \"https:\/\/www.criteo.com\/es\/privacy\/\"\n\t                },\n\t                {\n\t                    \"@type\": \"ListItem\",\n\t                    \"position\": 3,\n\t                    \"name\": \"Pol\u00edtica de privacidad de la CCPA\"\n\t                }\n\t            ]\n\t        },\n\t        {\n\t            \"@type\": \"WebSite\",\n\t            \"@id\": \"https:\/\/www.criteo.com\/es\/#website\",\n\t            \"url\": \"https:\/\/www.criteo.com\/es\/\",\n\t            \"name\": \"ES - Criteo\",\n\t            \"description\": \"\",\n\t            \"publisher\": {\n\t                \"@id\": \"https:\/\/www.criteo.com\/es\/#organization\"\n\t            },\n\t            \"potentialAction\": [\n\t                {\n\t                    \"@type\": \"SearchAction\",\n\t                    \"target\": {\n\t                        \"@type\": \"EntryPoint\",\n\t                        \"urlTemplate\": \"https:\/\/www.criteo.com\/es\/?s={search_term_string}\"\n\t                    },\n\t                    \"query-input\": {\n\t                        \"@type\": \"PropertyValueSpecification\",\n\t                        \"valueRequired\": true,\n\t                        \"valueName\": \"search_term_string\"\n\t                    }\n\t                }\n\t            ],\n\t            \"inLanguage\": \"es-ES\"\n\t        },\n\t        {\n\t            \"@type\": \"Organization\",\n\t            \"@id\": \"https:\/\/www.criteo.com\/es\/#organization\",\n\t            \"name\": \"Criteo\",\n\t            \"alternateName\": \"Criteo corp\",\n\t            \"url\": \"https:\/\/www.criteo.com\/es\/\",\n\t            \"logo\": {\n\t                \"@type\": \"ImageObject\",\n\t                \"inLanguage\": \"es-ES\",\n\t                \"@id\": \"https:\/\/www.criteo.com\/es\/#\/schema\/logo\/image\/\",\n\t                \"url\": \"https:\/\/www.criteo.com\/es\/wp-content\/uploads\/sites\/8\/2024\/02\/Criteo-Logo.svg\",\n\t                \"contentUrl\": \"https:\/\/www.criteo.com\/es\/wp-content\/uploads\/sites\/8\/2024\/02\/Criteo-Logo.svg\",\n\t                \"width\": 118,\n\t                \"height\": 24,\n\t                \"caption\": \"Criteo\"\n\t            },\n\t            \"image\": {\n\t                \"@id\": \"https:\/\/www.criteo.com\/es\/#\/schema\/logo\/image\/\"\n\t            }\n\t        }\n\t    ]\n\t}<\/script>\n<!-- \/ Yoast SEO plugin. -->","yoast_head_json":{"title":"Pol\u00edtica de privacidad de la CCPA | ES - Criteo","robots":{"index":"index","follow":"follow","max-snippet":"max-snippet:-1","max-image-preview":"max-image-preview:large","max-video-preview":"max-video-preview:-1"},"canonical":"https:\/\/www.criteo.com\/es\/privacy\/ccpa-privacy-policy\/","og_locale":"es_ES","og_type":"article","og_title":"Pol\u00edtica de privacidad de la CCPA | ES - Criteo","og_description":"Tenga en cuenta que el contenido de esta Pol\u00edtica de privacidad, cuyo \u00fanico objetivo es proporcionar a los residentes de California, EEUU, informaci\u00f3n relevante de acuerdo con la Ley de Protecci\u00f3n del Consumidor de California (CCPA), debe ser interpretado como informaci\u00f3n adicional y no sustitutoria de la Pol\u00edtica de Privacidad completa de Criteo, disponible aqu\u00ed. [&hellip;]","og_url":"https:\/\/www.criteo.com\/es\/privacy\/ccpa-privacy-policy\/","og_site_name":"ES - Criteo","article_modified_time":"2025-03-20T14:46:45+00:00","twitter_card":"summary_large_image","twitter_misc":{"Est. reading time":"4 minutes"},"schema":{"@context":"https:\/\/schema.org","@graph":[{"@type":"WebPage","@id":"https:\/\/www.criteo.com\/es\/privacy\/ccpa-privacy-policy\/","url":"https:\/\/www.criteo.com\/es\/privacy\/ccpa-privacy-policy\/","name":"Pol\u00edtica de privacidad de la CCPA | ES - Criteo","isPartOf":{"@id":"https:\/\/www.criteo.com\/es\/#website"},"datePublished":"2020-04-28T17:09:35+00:00","dateModified":"2025-03-20T14:46:45+00:00","breadcrumb":{"@id":"https:\/\/www.criteo.com\/es\/privacy\/ccpa-privacy-policy\/#breadcrumb"},"inLanguage":"es-ES","potentialAction":[{"@type":"ReadAction","target":["https:\/\/www.criteo.com\/es\/privacy\/ccpa-privacy-policy\/"]}]},{"@type":"BreadcrumbList","@id":"https:\/\/www.criteo.com\/es\/privacy\/ccpa-privacy-policy\/#breadcrumb","itemListElement":[{"@type":"ListItem","position":1,"name":"Home","item":"https:\/\/www.criteo.com\/es\/"},{"@type":"ListItem","position":2,"name":"Pol\u00edtica de privacidad","item":"https:\/\/www.criteo.com\/es\/privacy\/"},{"@type":"ListItem","position":3,"name":"Pol\u00edtica de privacidad de la CCPA"}]},{"@type":"WebSite","@id":"https:\/\/www.criteo.com\/es\/#website","url":"https:\/\/www.criteo.com\/es\/","name":"ES - Criteo","description":"","publisher":{"@id":"https:\/\/www.criteo.com\/es\/#organization"},"potentialAction":[{"@type":"SearchAction","target":{"@type":"EntryPoint","urlTemplate":"https:\/\/www.criteo.com\/es\/?s={search_term_string}"},"query-input":{"@type":"PropertyValueSpecification","valueRequired":true,"valueName":"search_term_string"}}],"inLanguage":"es-ES"},{"@type":"Organization","@id":"https:\/\/www.criteo.com\/es\/#organization","name":"Criteo","alternateName":"Criteo corp","url":"https:\/\/www.criteo.com\/es\/","logo":{"@type":"ImageObject","inLanguage":"es-ES","@id":"https:\/\/www.criteo.com\/es\/#\/schema\/logo\/image\/","url":"https:\/\/www.criteo.com\/es\/wp-content\/uploads\/sites\/8\/2024\/02\/Criteo-Logo.svg","contentUrl":"https:\/\/www.criteo.com\/es\/wp-content\/uploads\/sites\/8\/2024\/02\/Criteo-Logo.svg","width":118,"height":24,"caption":"Criteo"},"image":{"@id":"https:\/\/www.criteo.com\/es\/#\/schema\/logo\/image\/"}}]}},"_links":{"self":[{"href":"https:\/\/www.criteo.com\/es\/wp-json\/wp\/v2\/pages\/11767","targetHints":{"allow":["GET"]}}],"collection":[{"href":"https:\/\/www.criteo.com\/es\/wp-json\/wp\/v2\/pages"}],"about":[{"href":"https:\/\/www.criteo.com\/es\/wp-json\/wp\/v2\/types\/page"}],"author":[{"embeddable":true,"href":"https:\/\/www.criteo.com\/es\/wp-json\/wp\/v2\/users\/55"}],"replies":[{"embeddable":true,"href":"https:\/\/www.criteo.com\/es\/wp-json\/wp\/v2\/comments?post=11767"}],"version-history":[{"count":9,"href":"https:\/\/www.criteo.com\/es\/wp-json\/wp\/v2\/pages\/11767\/revisions"}],"predecessor-version":[{"id":19644,"href":"https:\/\/www.criteo.com\/es\/wp-json\/wp\/v2\/pages\/11767\/revisions\/19644"}],"up":[{"embeddable":true,"href":"https:\/\/www.criteo.com\/es\/wp-json\/wp\/v2\/pages\/10291"}],"wp:attachment":[{"href":"https:\/\/www.criteo.com\/es\/wp-json\/wp\/v2\/media?parent=11767"}],"wp:term":[{"taxonomy":"author","embeddable":true,"href":"https:\/\/www.criteo.com\/es\/wp-json\/wp\/v2\/coauthors?post=11767"}],"curies":[{"name":"wp","href":"https:\/\/api.w.org\/{rel}","templated":true}]}}