{"id":18014,"date":"2022-10-16T02:20:09","date_gmt":"2022-10-16T02:20:09","guid":{"rendered":"https:\/\/www.criteo.com\/es\/?page_id=18014"},"modified":"2022-10-25T13:46:25","modified_gmt":"2022-10-25T13:46:25","slug":"product-ethics","status":"publish","type":"page","link":"https:\/\/www.criteo.com\/es\/product-ethics\/","title":{"rendered":"\u00c9TICA DE PRODUCTOS"},"content":{"rendered":"","protected":false},"excerpt":{"rendered":"","protected":false},"author":55,"featured_media":0,"parent":0,"menu_order":0,"comment_status":"closed","ping_status":"closed","template":"page-templates\/pageModular2020.php","meta":{"_acf_changed":false,"footnotes":""},"coauthors":[],"class_list":["post-18014","page","type-page","status-publish"],"acf":{"track_page_in_segment":false,"segment_page_name":"","remove_header":false,"add_password_protected_layout":false,"layouts":[{"acf_fc_layout":"anchor_menu","anchor_menu":{"section_customization":{"anchor_id":"","background_type":"image","background_color":{"color":"Sunrise"},"background_gradient":"","background_image":"https:\/\/www.criteo.com\/es\/wp-content\/uploads\/sites\/8\/2022\/06\/Connected-TV-Header-BG.svg","background_image_position":"center-bottom","background_overlay":"none","use_custom_paddings":false,"custom_padding":{"desktop_top":"","desktop_bottom":"","mobile_top":"","mobile_bottom":""},"use_custom_margins":false,"custom_margins":{"desktop_top_margin":"","desktop_bottom_margin":"","mobile_top_margin":"","mobile_bottom_margin":""}},"intro":{"intro":{"show_intro_block":true,"image_as_caption":false,"image":false,"caption":"\u00c9tica de productos","caption_is_page_title":true,"title":"Gu\u00eda de nuestras pr\u00e1cticas de publicidad","title_size":"h2","description":"<p>El Comit\u00e9 de \u00e9tica de productos act\u00faa como un organismo central y multidisciplinar que promueve una cultura de publicidad \u00e9tica, responsable y confiable basada en la IA (Inteligencia Artificial) en todas las actividades de Criteo.<\/p>\n","description_font_size":"larger"}},"wider_intro":true,"mobile_left_align":false,"menu":false}},{"acf_fc_layout":"product_details","product_details":{"section_customization":{"anchor_id":"","background_type":"none","background_color":{"color":"Sunrise"},"background_gradient":"","background_image":false,"background_image_position":"center-center","background_overlay":"none","use_custom_paddings":true,"custom_padding":{"desktop_top":"80","desktop_bottom":"80","mobile_top":"","mobile_bottom":""},"use_custom_margins":false,"custom_margins":{"desktop_top_margin":"","desktop_bottom_margin":"","mobile_top_margin":"","mobile_bottom_margin":""}},"intro":{"intro":{"show_intro_block":false,"image_as_caption":false,"image":false,"caption":"","caption_is_page_title":false,"title":"Our approach to Product Ethics","title_size":"h4","description":"<p>As a global commerce media company that enables marketers and media owners to drive better commerce outcomes, Criteo aims to embed an ethical approach at each stage of its product development and supply chain.<\/p>\n","description_font_size":"default"}},"row_nums":"multiple","intro_inside_a_column":false,"switch_columns":false,"use_wider_layout":false,"use_wider_intro":false,"add_additional_boxes_below":false,"add_three_stats_above":false,"top_align_columns":true,"uo_list_style_discs":false,"":null,"stats":false,"media_type":"image","image":false,"background_wave":false,"video_iframe_url":"","icon":false,"subtitle":"","description":"","link_list":false,"stack_links":false,"block_links":false,"cta_button":{"type":"internal","text":"","link_internal":null,"link_media":false,"link_external":"","link_embed":"","link_email":"","email_subject":"","page_element_id":"","variant":"default","ai_variant":"gradient-border","icon":"none","ai_icon":"none","new_window":[],"track_button":false,"button_location":false,"event_type":false,"button_classes":"","button_message":""},"product_detail_rows":[{"media_type":"image","image":{"ID":18015,"id":18015,"title":"Ethics-Webpage-Image-01","filename":"Ethics-Webpage-Image-01.svg","filesize":554675,"url":"https:\/\/www.criteo.com\/es\/wp-content\/uploads\/sites\/8\/2022\/10\/Ethics-Webpage-Image-01.svg","link":"https:\/\/www.criteo.com\/es\/product-ethics\/ethics-webpage-image-01\/","alt":"","author":"55","description":"","caption":"","name":"ethics-webpage-image-01","status":"inherit","uploaded_to":18014,"date":"2022-10-14 14:55:01","modified":"2022-10-14 14:55:01","menu_order":0,"mime_type":"image\/svg+xml","type":"image","subtype":"svg+xml","icon":"https:\/\/www.criteo.com\/es\/wp-includes\/images\/media\/default.png","width":432,"height":397,"sizes":{"thumbnail":"https:\/\/www.criteo.com\/es\/wp-content\/uploads\/sites\/8\/2022\/10\/Ethics-Webpage-Image-01.svg","thumbnail-width":432,"thumbnail-height":397,"medium":"https:\/\/www.criteo.com\/es\/wp-content\/uploads\/sites\/8\/2022\/10\/Ethics-Webpage-Image-01.svg","medium-width":432,"medium-height":397,"medium_large":"https:\/\/www.criteo.com\/es\/wp-content\/uploads\/sites\/8\/2022\/10\/Ethics-Webpage-Image-01.svg","medium_large-width":432,"medium_large-height":397,"large":"https:\/\/www.criteo.com\/es\/wp-content\/uploads\/sites\/8\/2022\/10\/Ethics-Webpage-Image-01.svg","large-width":432,"large-height":397,"1536x1536":"https:\/\/www.criteo.com\/es\/wp-content\/uploads\/sites\/8\/2022\/10\/Ethics-Webpage-Image-01.svg","1536x1536-width":432,"1536x1536-height":397,"2048x2048":"https:\/\/www.criteo.com\/es\/wp-content\/uploads\/sites\/8\/2022\/10\/Ethics-Webpage-Image-01.svg","2048x2048-width":432,"2048x2048-height":397,"success-story":"https:\/\/www.criteo.com\/es\/wp-content\/uploads\/sites\/8\/2022\/10\/Ethics-Webpage-Image-01.svg","success-story-width":432,"success-story-height":397,"profile_24":"https:\/\/www.criteo.com\/es\/wp-content\/uploads\/sites\/8\/2022\/10\/Ethics-Webpage-Image-01.svg","profile_24-width":432,"profile_24-height":397,"profile_48":"https:\/\/www.criteo.com\/es\/wp-content\/uploads\/sites\/8\/2022\/10\/Ethics-Webpage-Image-01.svg","profile_48-width":432,"profile_48-height":397,"profile_96":"https:\/\/www.criteo.com\/es\/wp-content\/uploads\/sites\/8\/2022\/10\/Ethics-Webpage-Image-01.svg","profile_96-width":432,"profile_96-height":397,"profile_150":"https:\/\/www.criteo.com\/es\/wp-content\/uploads\/sites\/8\/2022\/10\/Ethics-Webpage-Image-01.svg","profile_150-width":432,"profile_150-height":397,"profile_300":"https:\/\/www.criteo.com\/es\/wp-content\/uploads\/sites\/8\/2022\/10\/Ethics-Webpage-Image-01.svg","profile_300-width":432,"profile_300-height":397}},"background_wave":false,"video_iframe_url":"","icon":false,"subtitle":"","description":"<h4>Nuestro enfoque de \u00e9tica de los productos<\/h4>\n<p>Como empresa global de Commerce Media que permite a los Profesionales del Marketing y a los propietarios de medios lograr mejores resultados comerciales, Criteo tiene como objetivo integrar un enfoque \u00e9tico en cada etapa del desarrollo de sus productos y de la cadena de suministro.<\/p>\n<h4>Nuestro comit\u00e9 de \u00e9tica de productos<\/h4>\n<p>El Comit\u00e9 de \u00e9tica de productos act\u00faa como un organismo central y multidisciplinar que promueve una cultura de publicidad \u00e9tica, responsable y confiable basada en la IA (Inteligencia Artificial) en todas las actividades de Criteo. Gracias al trabajo del Comit\u00e9 de \u00e9tica de productos, nuestro objetivo es luchar contra la desinformaci\u00f3n, a la vez que entender bien los posibles impactos de los sesgos de nuestros algoritmos, e integrar nuestros valores en todas nuestras campa\u00f1as publicitarias. Mediante la implantaci\u00f3n de nuestras normas \u00e9ticas, el Comit\u00e9 de \u00e9tica de productos tambi\u00e9n nos permite garantizar una publicidad de confianza para nuestros clientes y partners. Los miembros del Comit\u00e9 incluyen representantes senior de todos los departamentos de Criteo y se re\u00fanen trimestralmente.<\/p>\n","link_list":false,"stack_links":false,"block_links":false,"cta_button":{"type":"internal","text":"","link_internal":"","link_media":false,"link_external":"","link_embed":"","link_email":"","email_subject":"","page_element_id":"","variant":"default","ai_variant":"gradient-border","icon":"none","ai_icon":"none","new_window":[],"track_button":false,"button_location":false,"event_type":false,"button_classes":"","button_message":""}}],"additional_boxes_subtitle":"","left_align_subtitle":false,"use_learn_more_button":false,"boxes":false}},{"acf_fc_layout":"product_details_2","product_details_2":{"section_customization":{"anchor_id":"","background_type":"solid-color","background_color":{"color":"Light_Smoke"},"background_gradient":"","background_image":false,"background_image_position":"center-center","background_overlay":"none","use_custom_paddings":true,"custom_padding":{"desktop_top":"80","desktop_bottom":"120","mobile_top":"","mobile_bottom":"300"},"use_custom_margins":false,"custom_margins":{"desktop_top_margin":"","desktop_bottom_margin":"","mobile_top_margin":"","mobile_bottom_margin":""}},"intro":{"intro":{"show_intro_block":true,"image_as_caption":false,"image":false,"caption":"","caption_is_page_title":false,"title":"Nuestros 4 principios gu\u00eda","title_size":"h3","description":"<p>El Comit\u00e9 de \u00e9tica de productos de Criteo sigue 4 principios clave que respaldan nuestro enfoque de la \u00e9tica publicitaria, en l\u00ednea con las recomendaciones establecidas por la <a href=\"https:\/\/wfanet.org\/leadership\/data-ethics#:~:text=Data%20Ethics%20%2D%20The%20Rise%20of%20Morality%20in%20Tech&amp;text=This%20comes%20at%20a%20time,in%20light%20of%20COVID%2D19.\">World Federation of Advertisers<\/a>.<\/p>\n","description_font_size":"default"}},"description_boxes_layout":"sidebar-two-columns","":null,"boxes":[{"icon":"https:\/\/www.criteo.com\/es\/wp-content\/uploads\/sites\/8\/2022\/10\/Transparency-Icon.svg","title":"Transparencia","description":"<p>Garantizar que nuestro uso de los datos sea transparente, f\u00e1cil de entender y accesible para todos. Esto abarca los posibles impactos sociales y \u00e9ticos de dicho uso.<\/p>\n"},{"icon":"https:\/\/www.criteo.com\/es\/wp-content\/uploads\/sites\/8\/2022\/10\/Respect-Icon.svg","title":"Respeto","description":"<p>Comprender y respetar los intereses de todas las partes y proteger los derechos humanos mundialmente aceptados (privacidad, dignidad, diversidad, equidad, igualdad, autonom\u00eda y libertad).<\/p>\n"},{"icon":"https:\/\/www.criteo.com\/es\/wp-content\/uploads\/sites\/8\/2022\/10\/Fairness-Icon.svg","title":"Justicia","description":"<p>Supervisar continuamente la equidad en las pr\u00e1cticas publicitarias para evitar que se reproduzcan prejuicios, discriminaci\u00f3n o exclusi\u00f3n.<\/p>\n"},{"icon":"https:\/\/www.criteo.com\/es\/wp-content\/uploads\/sites\/8\/2022\/10\/Accountability-Icon.svg","title":"Responsabilidad ","description":"<p>Hacer a Criteo, as\u00ed como a nuestros partners y clientes, responsables por su uso de los datos.<\/p>\n"}]}},{"acf_fc_layout":"cta_block","cta_block":{"section_customization":{"anchor_id":"","background_type":"solid-color","background_color":{"color":"Sunrise"},"background_gradient":"","background_image":false,"background_image_position":"center-center","background_overlay":"none","use_custom_paddings":true,"custom_padding":{"desktop_top":"54","desktop_bottom":"54","mobile_top":"54","mobile_bottom":"54"},"use_custom_margins":true,"custom_margins":{"desktop_top_margin":"-120","desktop_bottom_margin":"120","mobile_top_margin":"-200","mobile_bottom_margin":""}},"full_wide_block":false,"title":"<h4>Nuestro compromiso con un impacto positivo m\u00e1s all\u00e1 de nuestro sector.<\/h4>\n<p>Nuestra agenda de Responsabilidad social corporativa no queda en papel mojado. Se traduce en acciones reales que garantizan la protecci\u00f3n de nuestros empleados, contribuyen al avance de la sociedad y a las iniciativas medioambientales y que encarnan los valores de nuestra empresa.<\/p>\n","content_on_the_right":"button","cta_button":{"type":"external","text":"Sigue leyendo aqu\u00ed","link_internal":null,"link_media":false,"link_external":"https:\/\/criteo.investorroom.com\/Corporate-Social-Responsibility?item=287","link_embed":"","link_email":"","email_subject":"","page_element_id":"","variant":"default","ai_variant":"gradient-border","icon":"thin-arrow-right","ai_icon":"none","new_window":[],"track_button":false,"button_location":false,"event_type":false,"button_classes":"","button_message":""},"form":""}}],"additional_code":"","bevel":"peach-grapes","bevel_reversed":false,"side_text":""},"yoast_head":"<!-- This site is optimized with the Yoast SEO plugin v26.4 - https:\/\/yoast.com\/wordpress\/plugins\/seo\/ -->\n<title>\u00c9tica de productos | ES - Criteo<\/title>\n<meta name=\"description\" content=\"La \u00c9tica de productos de Criteo act\u00faa como un organismo central interfuncional para promover una cultura de publicidad basada en IA \u00e9tica, responsable y confiable en todas las actividades de Criteo.\" \/>\n<meta name=\"robots\" content=\"index, follow, max-snippet:-1, max-image-preview:large, max-video-preview:-1\" \/>\n<link rel=\"canonical\" href=\"https:\/\/www.criteo.com\/es\/product-ethics\/\" \/>\n<meta property=\"og:locale\" content=\"es_ES\" \/>\n<meta property=\"og:type\" content=\"article\" \/>\n<meta property=\"og:title\" content=\"\u00c9tica de productos | ES - Criteo\" \/>\n<meta property=\"og:description\" content=\"La \u00c9tica de productos de Criteo act\u00faa como un organismo central interfuncional para promover una cultura de publicidad basada en IA \u00e9tica, responsable y confiable en todas las actividades de Criteo.\" \/>\n<meta property=\"og:url\" content=\"https:\/\/www.criteo.com\/es\/product-ethics\/\" \/>\n<meta property=\"og:site_name\" content=\"ES - Criteo\" \/>\n<meta property=\"article:modified_time\" content=\"2022-10-25T13:46:25+00:00\" \/>\n<meta name=\"twitter:card\" content=\"summary_large_image\" \/>\n<script type=\"application\/ld+json\" class=\"yoast-schema-graph\">{\n\t    \"@context\": \"https:\/\/schema.org\",\n\t    \"@graph\": [\n\t        {\n\t            \"@type\": \"WebPage\",\n\t            \"@id\": \"https:\/\/www.criteo.com\/es\/product-ethics\/\",\n\t            \"url\": \"https:\/\/www.criteo.com\/es\/product-ethics\/\",\n\t            \"name\": \"\u00c9tica de productos | ES - Criteo\",\n\t            \"isPartOf\": {\n\t                \"@id\": \"https:\/\/www.criteo.com\/es\/#website\"\n\t            },\n\t            \"datePublished\": \"2022-10-16T02:20:09+00:00\",\n\t            \"dateModified\": \"2022-10-25T13:46:25+00:00\",\n\t            \"description\": \"La \u00c9tica de productos de Criteo act\u00faa como un organismo central interfuncional para promover una cultura de publicidad basada en IA \u00e9tica, responsable y confiable en todas las actividades de Criteo.\",\n\t            \"breadcrumb\": {\n\t                \"@id\": \"https:\/\/www.criteo.com\/es\/product-ethics\/#breadcrumb\"\n\t            },\n\t            \"inLanguage\": \"es-ES\",\n\t            \"potentialAction\": [\n\t                {\n\t                    \"@type\": \"ReadAction\",\n\t                    \"target\": [\n\t                        \"https:\/\/www.criteo.com\/es\/product-ethics\/\"\n\t                    ]\n\t                }\n\t            ]\n\t        },\n\t        {\n\t            \"@type\": \"BreadcrumbList\",\n\t            \"@id\": \"https:\/\/www.criteo.com\/es\/product-ethics\/#breadcrumb\",\n\t            \"itemListElement\": [\n\t                {\n\t                    \"@type\": \"ListItem\",\n\t                    \"position\": 1,\n\t                    \"name\": \"Home\",\n\t                    \"item\": \"https:\/\/www.criteo.com\/es\/\"\n\t                },\n\t                {\n\t                    \"@type\": \"ListItem\",\n\t                    \"position\": 2,\n\t                    \"name\": \"\u00c9TICA DE PRODUCTOS\"\n\t                }\n\t            ]\n\t        },\n\t        {\n\t            \"@type\": \"WebSite\",\n\t            \"@id\": \"https:\/\/www.criteo.com\/es\/#website\",\n\t            \"url\": \"https:\/\/www.criteo.com\/es\/\",\n\t            \"name\": \"ES - Criteo\",\n\t            \"description\": \"\",\n\t            \"publisher\": {\n\t                \"@id\": \"https:\/\/www.criteo.com\/es\/#organization\"\n\t            },\n\t            \"potentialAction\": [\n\t                {\n\t                    \"@type\": \"SearchAction\",\n\t                    \"target\": {\n\t                        \"@type\": \"EntryPoint\",\n\t                        \"urlTemplate\": \"https:\/\/www.criteo.com\/es\/?s={search_term_string}\"\n\t                    },\n\t                    \"query-input\": {\n\t                        \"@type\": \"PropertyValueSpecification\",\n\t                        \"valueRequired\": true,\n\t                        \"valueName\": \"search_term_string\"\n\t                    }\n\t                }\n\t            ],\n\t            \"inLanguage\": \"es-ES\"\n\t        },\n\t        {\n\t            \"@type\": \"Organization\",\n\t            \"@id\": \"https:\/\/www.criteo.com\/es\/#organization\",\n\t            \"name\": \"Criteo\",\n\t            \"alternateName\": \"Criteo corp\",\n\t            \"url\": \"https:\/\/www.criteo.com\/es\/\",\n\t            \"logo\": {\n\t                \"@type\": \"ImageObject\",\n\t                \"inLanguage\": \"es-ES\",\n\t                \"@id\": \"https:\/\/www.criteo.com\/es\/#\/schema\/logo\/image\/\",\n\t                \"url\": \"https:\/\/www.criteo.com\/es\/wp-content\/uploads\/sites\/8\/2024\/02\/Criteo-Logo.svg\",\n\t                \"contentUrl\": \"https:\/\/www.criteo.com\/es\/wp-content\/uploads\/sites\/8\/2024\/02\/Criteo-Logo.svg\",\n\t                \"width\": 118,\n\t                \"height\": 24,\n\t                \"caption\": \"Criteo\"\n\t            },\n\t            \"image\": {\n\t                \"@id\": \"https:\/\/www.criteo.com\/es\/#\/schema\/logo\/image\/\"\n\t            }\n\t        }\n\t    ]\n\t}<\/script>\n<!-- \/ Yoast SEO plugin. -->","yoast_head_json":{"title":"\u00c9tica de productos | ES - Criteo","description":"La \u00c9tica de productos de Criteo act\u00faa como un organismo central interfuncional para promover una cultura de publicidad basada en IA \u00e9tica, responsable y confiable en todas las actividades de Criteo.","robots":{"index":"index","follow":"follow","max-snippet":"max-snippet:-1","max-image-preview":"max-image-preview:large","max-video-preview":"max-video-preview:-1"},"canonical":"https:\/\/www.criteo.com\/es\/product-ethics\/","og_locale":"es_ES","og_type":"article","og_title":"\u00c9tica de productos | ES - Criteo","og_description":"La \u00c9tica de productos de Criteo act\u00faa como un organismo central interfuncional para promover una cultura de publicidad basada en IA \u00e9tica, responsable y confiable en todas las actividades de Criteo.","og_url":"https:\/\/www.criteo.com\/es\/product-ethics\/","og_site_name":"ES - Criteo","article_modified_time":"2022-10-25T13:46:25+00:00","twitter_card":"summary_large_image","schema":{"@context":"https:\/\/schema.org","@graph":[{"@type":"WebPage","@id":"https:\/\/www.criteo.com\/es\/product-ethics\/","url":"https:\/\/www.criteo.com\/es\/product-ethics\/","name":"\u00c9tica de productos | ES - Criteo","isPartOf":{"@id":"https:\/\/www.criteo.com\/es\/#website"},"datePublished":"2022-10-16T02:20:09+00:00","dateModified":"2022-10-25T13:46:25+00:00","description":"La \u00c9tica de productos de Criteo act\u00faa como un organismo central interfuncional para promover una cultura de publicidad basada en IA \u00e9tica, responsable y confiable en todas las actividades de Criteo.","breadcrumb":{"@id":"https:\/\/www.criteo.com\/es\/product-ethics\/#breadcrumb"},"inLanguage":"es-ES","potentialAction":[{"@type":"ReadAction","target":["https:\/\/www.criteo.com\/es\/product-ethics\/"]}]},{"@type":"BreadcrumbList","@id":"https:\/\/www.criteo.com\/es\/product-ethics\/#breadcrumb","itemListElement":[{"@type":"ListItem","position":1,"name":"Home","item":"https:\/\/www.criteo.com\/es\/"},{"@type":"ListItem","position":2,"name":"\u00c9TICA DE PRODUCTOS"}]},{"@type":"WebSite","@id":"https:\/\/www.criteo.com\/es\/#website","url":"https:\/\/www.criteo.com\/es\/","name":"ES - Criteo","description":"","publisher":{"@id":"https:\/\/www.criteo.com\/es\/#organization"},"potentialAction":[{"@type":"SearchAction","target":{"@type":"EntryPoint","urlTemplate":"https:\/\/www.criteo.com\/es\/?s={search_term_string}"},"query-input":{"@type":"PropertyValueSpecification","valueRequired":true,"valueName":"search_term_string"}}],"inLanguage":"es-ES"},{"@type":"Organization","@id":"https:\/\/www.criteo.com\/es\/#organization","name":"Criteo","alternateName":"Criteo corp","url":"https:\/\/www.criteo.com\/es\/","logo":{"@type":"ImageObject","inLanguage":"es-ES","@id":"https:\/\/www.criteo.com\/es\/#\/schema\/logo\/image\/","url":"https:\/\/www.criteo.com\/es\/wp-content\/uploads\/sites\/8\/2024\/02\/Criteo-Logo.svg","contentUrl":"https:\/\/www.criteo.com\/es\/wp-content\/uploads\/sites\/8\/2024\/02\/Criteo-Logo.svg","width":118,"height":24,"caption":"Criteo"},"image":{"@id":"https:\/\/www.criteo.com\/es\/#\/schema\/logo\/image\/"}}]}},"_links":{"self":[{"href":"https:\/\/www.criteo.com\/es\/wp-json\/wp\/v2\/pages\/18014","targetHints":{"allow":["GET"]}}],"collection":[{"href":"https:\/\/www.criteo.com\/es\/wp-json\/wp\/v2\/pages"}],"about":[{"href":"https:\/\/www.criteo.com\/es\/wp-json\/wp\/v2\/types\/page"}],"author":[{"embeddable":true,"href":"https:\/\/www.criteo.com\/es\/wp-json\/wp\/v2\/users\/55"}],"replies":[{"embeddable":true,"href":"https:\/\/www.criteo.com\/es\/wp-json\/wp\/v2\/comments?post=18014"}],"version-history":[{"count":5,"href":"https:\/\/www.criteo.com\/es\/wp-json\/wp\/v2\/pages\/18014\/revisions"}],"predecessor-version":[{"id":18048,"href":"https:\/\/www.criteo.com\/es\/wp-json\/wp\/v2\/pages\/18014\/revisions\/18048"}],"wp:attachment":[{"href":"https:\/\/www.criteo.com\/es\/wp-json\/wp\/v2\/media?parent=18014"}],"wp:term":[{"taxonomy":"author","embeddable":true,"href":"https:\/\/www.criteo.com\/es\/wp-json\/wp\/v2\/coauthors?post=18014"}],"curies":[{"name":"wp","href":"https:\/\/api.w.org\/{rel}","templated":true}]}}