{"id":20010,"date":"2025-07-07T19:58:11","date_gmt":"2025-07-07T19:58:11","guid":{"rendered":"https:\/\/www.criteo.com\/es\/?page_id=20010"},"modified":"2025-07-09T03:07:29","modified_gmt":"2025-07-09T03:07:29","slug":"sarah-glickman","status":"publish","type":"page","link":"https:\/\/www.criteo.com\/es\/company\/sarah-glickman\/","title":{"rendered":"Nuestro equipo: Sarah Glickman"},"content":{"rendered":"","protected":false},"excerpt":{"rendered":"","protected":false},"author":1,"featured_media":0,"parent":540,"menu_order":0,"comment_status":"closed","ping_status":"closed","template":"page-templates\/ourTeam.php","meta":{"_acf_changed":false,"footnotes":""},"coauthors":[542],"class_list":["post-20010","page","type-page","status-publish"],"acf":{"management":[{"image":{"ID":19917,"id":19917,"title":"SarahGlickman_134-2-1x1-2","filename":"SarahGlickman_134-2-1x1-2.png","filesize":1259568,"url":"https:\/\/www.criteo.com\/es\/wp-content\/uploads\/sites\/8\/2025\/06\/SarahGlickman_134-2-1x1-2.png","link":"https:\/\/www.criteo.com\/es\/company\/sarahglickman_134-2-1x1-2\/","alt":"","author":"55","description":"","caption":"","name":"sarahglickman_134-2-1x1-2","status":"inherit","uploaded_to":540,"date":"2025-07-03 15:05:35","modified":"2025-07-03 15:05:35","menu_order":0,"mime_type":"image\/png","type":"image","subtype":"png","icon":"https:\/\/www.criteo.com\/es\/wp-includes\/images\/media\/default.png","width":1000,"height":995,"sizes":{"thumbnail":"https:\/\/www.criteo.com\/es\/wp-content\/uploads\/sites\/8\/2025\/06\/SarahGlickman_134-2-1x1-2-150x150.png","thumbnail-width":150,"thumbnail-height":150,"medium":"https:\/\/www.criteo.com\/es\/wp-content\/uploads\/sites\/8\/2025\/06\/SarahGlickman_134-2-1x1-2-300x300.png","medium-width":300,"medium-height":300,"medium_large":"https:\/\/www.criteo.com\/es\/wp-content\/uploads\/sites\/8\/2025\/06\/SarahGlickman_134-2-1x1-2-768x764.png","medium_large-width":640,"medium_large-height":637,"large":"https:\/\/www.criteo.com\/es\/wp-content\/uploads\/sites\/8\/2025\/06\/SarahGlickman_134-2-1x1-2.png","large-width":640,"large-height":637,"1536x1536":"https:\/\/www.criteo.com\/es\/wp-content\/uploads\/sites\/8\/2025\/06\/SarahGlickman_134-2-1x1-2.png","1536x1536-width":1000,"1536x1536-height":995,"2048x2048":"https:\/\/www.criteo.com\/es\/wp-content\/uploads\/sites\/8\/2025\/06\/SarahGlickman_134-2-1x1-2.png","2048x2048-width":1000,"2048x2048-height":995,"success-story":"https:\/\/www.criteo.com\/es\/wp-content\/uploads\/sites\/8\/2025\/06\/SarahGlickman_134-2-1x1-2-630x627.png","success-story-width":630,"success-story-height":627,"profile_24":"https:\/\/www.criteo.com\/es\/wp-content\/uploads\/sites\/8\/2025\/06\/SarahGlickman_134-2-1x1-2-24x24.png","profile_24-width":24,"profile_24-height":24,"profile_48":"https:\/\/www.criteo.com\/es\/wp-content\/uploads\/sites\/8\/2025\/06\/SarahGlickman_134-2-1x1-2-48x48.png","profile_48-width":48,"profile_48-height":48,"profile_96":"https:\/\/www.criteo.com\/es\/wp-content\/uploads\/sites\/8\/2025\/06\/SarahGlickman_134-2-1x1-2-96x96.png","profile_96-width":96,"profile_96-height":96,"profile_150":"https:\/\/www.criteo.com\/es\/wp-content\/uploads\/sites\/8\/2025\/06\/SarahGlickman_134-2-1x1-2-150x150.png","profile_150-width":150,"profile_150-height":150,"profile_300":"https:\/\/www.criteo.com\/es\/wp-content\/uploads\/sites\/8\/2025\/06\/SarahGlickman_134-2-1x1-2-300x300.png","profile_300-width":300,"profile_300-height":300}},"name":"Sarah Glickman","linkedin_profile_url":"https:\/\/www.linkedin.com\/in\/sarahjsglickman","title":"CHIEF FINANCIAL OFFICER","bio":"<p>Sarah Glickman es la Directora Financiera de Criteo. Cuenta con m\u00e1s de 30 a\u00f1os de experiencia en transformaci\u00f3n y finanzas a escala internacional. Recientemente, Sarah ocup\u00f3 en XPO Logistics el cargo de Directora financiera durante 20 meses y tambi\u00e9n el de Vicepresidenta senior, Finanzas Corporativas y Transformaci\u00f3n. Antes de XPO Logistics, Sarah estuvo en puestos operativos como Directora financiera en Novartis y Honeywell International as\u00ed como en puestos ejecutivos en servicios compartidos y operaciones, auditor\u00eda interna, transformaci\u00f3n e invertentor\u00eda corporativa en Honeywell International y Bristol-Myers Squibb. Sarah inici\u00f3 su carrera profesional en PricewaterhouseCoopers. <\/br><\/br><\/p>\n<p>Es Contable p\u00fablico colegiada en el Reino Unido y CPA en EE. UU., con una licenciatura en Econ\u00f3micas por la Universidad de York (Inglaterra). Sarah cuenta con una amplia experiencia en tomar decisiones estrat\u00e9gicas, impulsar la excelencia operativa, potenciar los resultados financieros y liderar el cambio y la transformaci\u00f3n, tambi\u00e9n en el \u00e1mbito de las fusiones y las adquisiciones. Apuesta por fomentar una cultura colaborativa, inclusiva e igualitaria.<\/p>\n"}],"bevel":"orange-cherry","bevel_reversed":true,"side_text":"","additional_code":"","stae_popup_enable":false,"track_page_in_segment":false,"segment_page_name":""},"yoast_head":"<!-- This site is optimized with the Yoast SEO plugin v26.4 - https:\/\/yoast.com\/wordpress\/plugins\/seo\/ -->\n<title>Nuestro equipo | Criteo<\/title>\n<meta name=\"description\" content=\"Conoce a nuestro equipo, formado por algunos de los mejores trabajadores en el sector del commerce marketing.\" \/>\n<meta name=\"robots\" content=\"index, follow, max-snippet:-1, max-image-preview:large, max-video-preview:-1\" \/>\n<link rel=\"canonical\" href=\"https:\/\/www.criteo.com\/es\/company\/sarah-glickman\/\" \/>\n<meta property=\"og:locale\" content=\"es_ES\" \/>\n<meta property=\"og:type\" content=\"article\" \/>\n<meta property=\"og:title\" content=\"Nuestro equipo | Criteo\" \/>\n<meta property=\"og:description\" content=\"Conoce a nuestro equipo, formado por algunos de los mejores trabajadores en el sector del commerce marketing.\" \/>\n<meta property=\"og:url\" content=\"https:\/\/www.criteo.com\/es\/company\/sarah-glickman\/\" \/>\n<meta property=\"og:site_name\" content=\"ES - Criteo\" \/>\n<meta property=\"article:modified_time\" content=\"2025-07-09T03:07:29+00:00\" \/>\n<meta name=\"twitter:card\" content=\"summary_large_image\" \/>\n<script type=\"application\/ld+json\" class=\"yoast-schema-graph\">{\n\t    \"@context\": \"https:\/\/schema.org\",\n\t    \"@graph\": [\n\t        {\n\t            \"@type\": \"Corporation\",\n\t            \"name\": \"Criteo\",\n\t            \"legalName\": \"Criteo S.A.\",\n\t            \"url\": \"https:\/\/www.criteo.com\",\n\t            \"logo\": {\n\t                \"@type\": \"ImageObject\",\n\t                \"inLanguage\": \"es-ES\",\n\t                \"@id\": \"https:\/\/www.criteo.com\/es\/#\/schema\/logo\/image\/\",\n\t                \"url\": \"https:\/\/www.criteo.com\/es\/wp-content\/uploads\/sites\/8\/2024\/02\/Criteo-Logo.svg\",\n\t                \"contentUrl\": \"https:\/\/www.criteo.com\/es\/wp-content\/uploads\/sites\/8\/2024\/02\/Criteo-Logo.svg\",\n\t                \"width\": 118,\n\t                \"height\": 24,\n\t                \"caption\": \"Criteo\"\n\t            },\n\t            \"foundingDate\": \"2005\",\n\t            \"sameAs\": [\n\t                \"https:\/\/www.linkedin.com\/company\/criteo\",\n\t                \"https:\/\/www.youtube.com\/user\/CriteoOfficial\",\n\t                \"https:\/\/x.com\/criteo\",\n\t                \"https:\/\/www.facebook.com\/GoCriteo\",\n\t                \"https:\/\/www.instagram.com\/gocriteo\/\",\n\t                \"https:\/\/en.wikipedia.org\/wiki\/Criteo\"\n\t            ],\n\t            \"address\": {\n\t                \"@type\": \"PostalAddress\",\n\t                \"streetAddress\": \"32 Rue Blanche\",\n\t                \"addressLocality\": \"Paris\",\n\t                \"addressRegion\": \"\u00cele-de-France\",\n\t                \"postalCode\": \"75009\",\n\t                \"addressCountry\": {\n\t                    \"@type\": \"Country\",\n\t                    \"name\": \"France\"\n\t                }\n\t            },\n\t            \"description\": \"Criteo offers the world's leading Commerce Media Platform, enabling marketers and media owners to connect, scale, and maximize digital and physical asset monetization through a unified platform.\",\n\t            \"mainEntityOfPage\": {\n\t                \"@type\": \"WebPage\",\n\t                \"@id\": \"https:\/\/www.criteo.com\/#website\",\n\t                \"url\": \"\",\n\t                \"name\": \"Criteo\",\n\t                \"description\": \"The official website of Criteo, providing information about the world's leading Commerce Media Platform.\",\n\t                \"publisher\": {\n\t                    \"@type\": \"Organization\",\n\t                    \"@id\": \"https:\/\/www.criteo.com\/#organization\"\n\t                },\n\t                \"copyrightHolder\": {\n\t                    \"@type\": \"Organization\",\n\t                    \"@id\": \"https:\/\/www.criteo.com\/#organization\"\n\t                }\n\t            },\n\t            \"member\": [\n\t                {\n\t                    \"@type\": \"Person\",\n\t                    \"name\": \"Sarah Glickman\",\n\t                    \"jobTitle\": \"CHIEF FINANCIAL OFFICER\",\n\t                    \"description\": \"Sarah Glickman es la Directora Financiera de Criteo. Cuenta con m\u00e1s de 30 a\u00f1os de experiencia en transformaci\u00f3n y finanzas a escala internacional. Recientemente, Sarah ocup\u00f3 en XPO Logistics el cargo de Directora financiera durante 20 meses y tambi\u00e9n el de Vicepresidenta senior, Finanzas Corporativas y Transformaci\u00f3n. Antes de XPO Logistics, Sarah estuvo en puestos operativos como Directora financiera en Novartis y Honeywell International as\u00ed como en puestos ejecutivos en servicios compartidos y operaciones, auditor\u00eda interna, transformaci\u00f3n e invertentor\u00eda corporativa en Honeywell International y Bristol-Myers Squibb. Sarah inici\u00f3 su carrera profesional en PricewaterhouseCoopers. Es Contable p\u00fablico colegiada en el Reino Unido y CPA en EE. UU., con una licenciatura en Econ\u00f3micas por la Universidad de York (Inglaterra). Sarah cuenta con una amplia experiencia en tomar decisiones estrat\u00e9gicas, impulsar la excelencia operativa, potenciar los resultados financieros y liderar el cambio y la transformaci\u00f3n, tambi\u00e9n en el \u00e1mbito de las fusiones y las adquisiciones. Apuesta por fomentar una cultura colaborativa, inclusiva e igualitaria.\",\n\t                    \"image\": \"https:\/\/www.criteo.com\/es\/wp-content\/uploads\/sites\/8\/2025\/06\/SarahGlickman_134-2-1x1-2.png\",\n\t                    \"sameAs\": \"https:\/\/www.linkedin.com\/in\/sarahjsglickman\"\n\t                }\n\t            ]\n\t        }\n\t    ]\n\t}<\/script>\n<!-- \/ Yoast SEO plugin. -->","yoast_head_json":{"title":"Nuestro equipo | Criteo","description":"Conoce a nuestro equipo, formado por algunos de los mejores trabajadores en el sector del commerce marketing.","robots":{"index":"index","follow":"follow","max-snippet":"max-snippet:-1","max-image-preview":"max-image-preview:large","max-video-preview":"max-video-preview:-1"},"canonical":"https:\/\/www.criteo.com\/es\/company\/sarah-glickman\/","og_locale":"es_ES","og_type":"article","og_title":"Nuestro equipo | Criteo","og_description":"Conoce a nuestro equipo, formado por algunos de los mejores trabajadores en el sector del commerce marketing.","og_url":"https:\/\/www.criteo.com\/es\/company\/sarah-glickman\/","og_site_name":"ES - Criteo","article_modified_time":"2025-07-09T03:07:29+00:00","twitter_card":"summary_large_image","schema":{"@context":"https:\/\/schema.org","@graph":[{"@type":"Corporation","name":"Criteo","legalName":"Criteo S.A.","url":"https:\/\/www.criteo.com","logo":{"@type":"ImageObject","inLanguage":"es-ES","@id":"https:\/\/www.criteo.com\/es\/#\/schema\/logo\/image\/","url":"https:\/\/www.criteo.com\/es\/wp-content\/uploads\/sites\/8\/2024\/02\/Criteo-Logo.svg","contentUrl":"https:\/\/www.criteo.com\/es\/wp-content\/uploads\/sites\/8\/2024\/02\/Criteo-Logo.svg","width":118,"height":24,"caption":"Criteo"},"foundingDate":"2005","sameAs":["https:\/\/www.linkedin.com\/company\/criteo","https:\/\/www.youtube.com\/user\/CriteoOfficial","https:\/\/x.com\/criteo","https:\/\/www.facebook.com\/GoCriteo","https:\/\/www.instagram.com\/gocriteo\/","https:\/\/en.wikipedia.org\/wiki\/Criteo"],"address":{"@type":"PostalAddress","streetAddress":"32 Rue Blanche","addressLocality":"Paris","addressRegion":"\u00cele-de-France","postalCode":"75009","addressCountry":{"@type":"Country","name":"France"}},"description":"Criteo offers the world's leading Commerce Media Platform, enabling marketers and media owners to connect, scale, and maximize digital and physical asset monetization through a unified platform.","mainEntityOfPage":{"@type":"WebPage","@id":"https:\/\/www.criteo.com\/#website","url":"","name":"Criteo","description":"The official website of Criteo, providing information about the world's leading Commerce Media Platform.","publisher":{"@type":"Organization","@id":"https:\/\/www.criteo.com\/#organization"},"copyrightHolder":{"@type":"Organization","@id":"https:\/\/www.criteo.com\/#organization"}},"member":[{"@type":"Person","name":"Sarah Glickman","jobTitle":"CHIEF FINANCIAL OFFICER","description":"Sarah Glickman es la Directora Financiera de Criteo. Cuenta con m\u00e1s de 30 a\u00f1os de experiencia en transformaci\u00f3n y finanzas a escala internacional. Recientemente, Sarah ocup\u00f3 en XPO Logistics el cargo de Directora financiera durante 20 meses y tambi\u00e9n el de Vicepresidenta senior, Finanzas Corporativas y Transformaci\u00f3n. Antes de XPO Logistics, Sarah estuvo en puestos operativos como Directora financiera en Novartis y Honeywell International as\u00ed como en puestos ejecutivos en servicios compartidos y operaciones, auditor\u00eda interna, transformaci\u00f3n e invertentor\u00eda corporativa en Honeywell International y Bristol-Myers Squibb. Sarah inici\u00f3 su carrera profesional en PricewaterhouseCoopers. Es Contable p\u00fablico colegiada en el Reino Unido y CPA en EE. UU., con una licenciatura en Econ\u00f3micas por la Universidad de York (Inglaterra). Sarah cuenta con una amplia experiencia en tomar decisiones estrat\u00e9gicas, impulsar la excelencia operativa, potenciar los resultados financieros y liderar el cambio y la transformaci\u00f3n, tambi\u00e9n en el \u00e1mbito de las fusiones y las adquisiciones. Apuesta por fomentar una cultura colaborativa, inclusiva e igualitaria.","image":"https:\/\/www.criteo.com\/es\/wp-content\/uploads\/sites\/8\/2025\/06\/SarahGlickman_134-2-1x1-2.png","sameAs":"https:\/\/www.linkedin.com\/in\/sarahjsglickman"}]}]}},"_links":{"self":[{"href":"https:\/\/www.criteo.com\/es\/wp-json\/wp\/v2\/pages\/20010","targetHints":{"allow":["GET"]}}],"collection":[{"href":"https:\/\/www.criteo.com\/es\/wp-json\/wp\/v2\/pages"}],"about":[{"href":"https:\/\/www.criteo.com\/es\/wp-json\/wp\/v2\/types\/page"}],"author":[{"embeddable":true,"href":"https:\/\/www.criteo.com\/es\/wp-json\/wp\/v2\/users\/1"}],"replies":[{"embeddable":true,"href":"https:\/\/www.criteo.com\/es\/wp-json\/wp\/v2\/comments?post=20010"}],"version-history":[{"count":1,"href":"https:\/\/www.criteo.com\/es\/wp-json\/wp\/v2\/pages\/20010\/revisions"}],"predecessor-version":[{"id":20015,"href":"https:\/\/www.criteo.com\/es\/wp-json\/wp\/v2\/pages\/20010\/revisions\/20015"}],"up":[{"embeddable":true,"href":"https:\/\/www.criteo.com\/es\/wp-json\/wp\/v2\/pages\/540"}],"wp:attachment":[{"href":"https:\/\/www.criteo.com\/es\/wp-json\/wp\/v2\/media?parent=20010"}],"wp:term":[{"taxonomy":"author","embeddable":true,"href":"https:\/\/www.criteo.com\/es\/wp-json\/wp\/v2\/coauthors?post=20010"}],"curies":[{"name":"wp","href":"https:\/\/api.w.org\/{rel}","templated":true}]}}