{"id":20011,"date":"2025-07-07T19:58:11","date_gmt":"2025-07-07T19:58:11","guid":{"rendered":"https:\/\/www.criteo.com\/es\/?page_id=20011"},"modified":"2025-07-09T03:08:24","modified_gmt":"2025-07-09T03:08:24","slug":"ryan-damon","status":"publish","type":"page","link":"https:\/\/www.criteo.com\/es\/company\/ryan-damon\/","title":{"rendered":"Nuestro equipo: Ryan Damon"},"content":{"rendered":"","protected":false},"excerpt":{"rendered":"","protected":false},"author":1,"featured_media":0,"parent":540,"menu_order":0,"comment_status":"closed","ping_status":"closed","template":"page-templates\/ourTeam.php","meta":{"_acf_changed":false,"footnotes":""},"coauthors":[542],"class_list":["post-20011","page","type-page","status-publish"],"acf":{"management":[{"image":{"ID":19916,"id":19916,"title":"20250506_Criteo_Ryan-Daymon_227__high-1x1-1","filename":"20250506_Criteo_Ryan-Daymon_227__high-1x1-1-scaled.jpg","filesize":570946,"url":"https:\/\/www.criteo.com\/es\/wp-content\/uploads\/sites\/8\/2025\/06\/20250506_Criteo_Ryan-Daymon_227__high-1x1-1-scaled.jpg","link":"https:\/\/www.criteo.com\/es\/company\/20250506_criteo_ryan-daymon_227__high-1x1-1\/","alt":"","author":"55","description":"","caption":"","name":"20250506_criteo_ryan-daymon_227__high-1x1-1","status":"inherit","uploaded_to":540,"date":"2025-07-03 14:58:46","modified":"2025-07-03 14:59:23","menu_order":0,"mime_type":"image\/jpeg","type":"image","subtype":"jpeg","icon":"https:\/\/www.criteo.com\/es\/wp-includes\/images\/media\/default.png","width":2048,"height":2048,"sizes":{"thumbnail":"https:\/\/www.criteo.com\/es\/wp-content\/uploads\/sites\/8\/2025\/06\/20250506_Criteo_Ryan-Daymon_227__high-1x1-1-150x150.jpg","thumbnail-width":150,"thumbnail-height":150,"medium":"https:\/\/www.criteo.com\/es\/wp-content\/uploads\/sites\/8\/2025\/06\/20250506_Criteo_Ryan-Daymon_227__high-1x1-1-300x300.jpg","medium-width":300,"medium-height":300,"medium_large":"https:\/\/www.criteo.com\/es\/wp-content\/uploads\/sites\/8\/2025\/06\/20250506_Criteo_Ryan-Daymon_227__high-1x1-1-768x768.jpg","medium_large-width":640,"medium_large-height":640,"large":"https:\/\/www.criteo.com\/es\/wp-content\/uploads\/sites\/8\/2025\/06\/20250506_Criteo_Ryan-Daymon_227__high-1x1-1-1024x1024.jpg","large-width":640,"large-height":640,"1536x1536":"https:\/\/www.criteo.com\/es\/wp-content\/uploads\/sites\/8\/2025\/06\/20250506_Criteo_Ryan-Daymon_227__high-1x1-1-1536x1536.jpg","1536x1536-width":1536,"1536x1536-height":1536,"2048x2048":"https:\/\/www.criteo.com\/es\/wp-content\/uploads\/sites\/8\/2025\/06\/20250506_Criteo_Ryan-Daymon_227__high-1x1-1-2048x2048.jpg","2048x2048-width":2048,"2048x2048-height":2048,"success-story":"https:\/\/www.criteo.com\/es\/wp-content\/uploads\/sites\/8\/2025\/06\/20250506_Criteo_Ryan-Daymon_227__high-1x1-1-630x630.jpg","success-story-width":630,"success-story-height":630,"profile_24":"https:\/\/www.criteo.com\/es\/wp-content\/uploads\/sites\/8\/2025\/06\/20250506_Criteo_Ryan-Daymon_227__high-1x1-1-24x24.jpg","profile_24-width":24,"profile_24-height":24,"profile_48":"https:\/\/www.criteo.com\/es\/wp-content\/uploads\/sites\/8\/2025\/06\/20250506_Criteo_Ryan-Daymon_227__high-1x1-1-48x48.jpg","profile_48-width":48,"profile_48-height":48,"profile_96":"https:\/\/www.criteo.com\/es\/wp-content\/uploads\/sites\/8\/2025\/06\/20250506_Criteo_Ryan-Daymon_227__high-1x1-1-96x96.jpg","profile_96-width":96,"profile_96-height":96,"profile_150":"https:\/\/www.criteo.com\/es\/wp-content\/uploads\/sites\/8\/2025\/06\/20250506_Criteo_Ryan-Daymon_227__high-1x1-1-150x150.jpg","profile_150-width":150,"profile_150-height":150,"profile_300":"https:\/\/www.criteo.com\/es\/wp-content\/uploads\/sites\/8\/2025\/06\/20250506_Criteo_Ryan-Daymon_227__high-1x1-1-300x300.jpg","profile_300-width":300,"profile_300-height":300}},"name":"Ryan Damon","linkedin_profile_url":"https:\/\/www.linkedin.com\/in\/ryan-damon","title":"Chief Legal and Transformation Officer","bio":"<p>Ryan Damon es el Director Legal y de Transformaci\u00f3n de Criteo. Adem\u00e1s de supervisar la organizaci\u00f3n legal, de cumplimiento y de asuntos p\u00fablicos de la empresa, es responsable de impulsar iniciativas de transformaci\u00f3n que respalden la visi\u00f3n y la hoja de ruta de ejecuci\u00f3n de la Criteo Commerce Media Platform, incluida la infraestructura de trading y las capacidades personalizadas de Criteo. <\/br><\/br><\/p>\n<p>Antes de unirse a Criteo, Ryan trabaj\u00f3 en Riverbed Technology durante 11 a\u00f1os, donde pas\u00f3 sus \u00faltimos tres a\u00f1os como Vicepresidente S\u00e9nior, Consejero General y Secretario y lider\u00f3 el desarrollo legal y corporativo y la toma privada de Riverbed con Thoma Bravo. Ha ocupado puestos legales de alto nivel en Charles Schwab y fue abogado en el bufete de abogados Gunderson Dettmer en Silicon Valley, representando a empresas tecnol\u00f3gicas emergentes e inversores de capital de riesgo. Comenz\u00f3 su carrera como programador de software en Edison International. <\/br><\/br><\/p>\n<p>Ryan se licenci\u00f3 en Geograf\u00eda con especializaci\u00f3n en Inform\u00e1tica en la Universidad de California de Los \u00c1ngeles y se doctor\u00f3 en Derecho en la Universidad de California, Hastings.<\/p>\n"}],"bevel":"orange-cherry","bevel_reversed":true,"side_text":"","additional_code":"","stae_popup_enable":false,"track_page_in_segment":false,"segment_page_name":""},"yoast_head":"<!-- This site is optimized with the Yoast SEO plugin v26.4 - https:\/\/yoast.com\/wordpress\/plugins\/seo\/ -->\n<title>Nuestro equipo | Criteo<\/title>\n<meta name=\"description\" content=\"Conoce a nuestro equipo, formado por algunos de los mejores trabajadores en el sector del commerce marketing.\" \/>\n<meta name=\"robots\" content=\"index, follow, max-snippet:-1, max-image-preview:large, max-video-preview:-1\" \/>\n<link rel=\"canonical\" href=\"https:\/\/www.criteo.com\/es\/company\/ryan-damon\/\" \/>\n<meta property=\"og:locale\" content=\"es_ES\" \/>\n<meta property=\"og:type\" content=\"article\" \/>\n<meta property=\"og:title\" content=\"Nuestro equipo | Criteo\" \/>\n<meta property=\"og:description\" content=\"Conoce a nuestro equipo, formado por algunos de los mejores trabajadores en el sector del commerce marketing.\" \/>\n<meta property=\"og:url\" content=\"https:\/\/www.criteo.com\/es\/company\/ryan-damon\/\" \/>\n<meta property=\"og:site_name\" content=\"ES - Criteo\" \/>\n<meta property=\"article:modified_time\" content=\"2025-07-09T03:08:24+00:00\" \/>\n<meta name=\"twitter:card\" content=\"summary_large_image\" \/>\n<script type=\"application\/ld+json\" class=\"yoast-schema-graph\">{\n\t    \"@context\": \"https:\/\/schema.org\",\n\t    \"@graph\": [\n\t        {\n\t            \"@type\": \"Corporation\",\n\t            \"name\": \"Criteo\",\n\t            \"legalName\": \"Criteo S.A.\",\n\t            \"url\": \"https:\/\/www.criteo.com\",\n\t            \"logo\": {\n\t                \"@type\": \"ImageObject\",\n\t                \"inLanguage\": \"es-ES\",\n\t                \"@id\": \"https:\/\/www.criteo.com\/es\/#\/schema\/logo\/image\/\",\n\t                \"url\": \"https:\/\/www.criteo.com\/es\/wp-content\/uploads\/sites\/8\/2024\/02\/Criteo-Logo.svg\",\n\t                \"contentUrl\": \"https:\/\/www.criteo.com\/es\/wp-content\/uploads\/sites\/8\/2024\/02\/Criteo-Logo.svg\",\n\t                \"width\": 118,\n\t                \"height\": 24,\n\t                \"caption\": \"Criteo\"\n\t            },\n\t            \"foundingDate\": \"2005\",\n\t            \"sameAs\": [\n\t                \"https:\/\/www.linkedin.com\/company\/criteo\",\n\t                \"https:\/\/www.youtube.com\/user\/CriteoOfficial\",\n\t                \"https:\/\/x.com\/criteo\",\n\t                \"https:\/\/www.facebook.com\/GoCriteo\",\n\t                \"https:\/\/www.instagram.com\/gocriteo\/\",\n\t                \"https:\/\/en.wikipedia.org\/wiki\/Criteo\"\n\t            ],\n\t            \"address\": {\n\t                \"@type\": \"PostalAddress\",\n\t                \"streetAddress\": \"32 Rue Blanche\",\n\t                \"addressLocality\": \"Paris\",\n\t                \"addressRegion\": \"\u00cele-de-France\",\n\t                \"postalCode\": \"75009\",\n\t                \"addressCountry\": {\n\t                    \"@type\": \"Country\",\n\t                    \"name\": \"France\"\n\t                }\n\t            },\n\t            \"description\": \"Criteo offers the world's leading Commerce Media Platform, enabling marketers and media owners to connect, scale, and maximize digital and physical asset monetization through a unified platform.\",\n\t            \"mainEntityOfPage\": {\n\t                \"@type\": \"WebPage\",\n\t                \"@id\": \"https:\/\/www.criteo.com\/#website\",\n\t                \"url\": \"\",\n\t                \"name\": \"Criteo\",\n\t                \"description\": \"The official website of Criteo, providing information about the world's leading Commerce Media Platform.\",\n\t                \"publisher\": {\n\t                    \"@type\": \"Organization\",\n\t                    \"@id\": \"https:\/\/www.criteo.com\/#organization\"\n\t                },\n\t                \"copyrightHolder\": {\n\t                    \"@type\": \"Organization\",\n\t                    \"@id\": \"https:\/\/www.criteo.com\/#organization\"\n\t                }\n\t            },\n\t            \"member\": [\n\t                {\n\t                    \"@type\": \"Person\",\n\t                    \"name\": \"Ryan Damon\",\n\t                    \"jobTitle\": \"Chief Legal and Transformation Officer\",\n\t                    \"description\": \"Ryan Damon es el Director Legal y de Transformaci\u00f3n de Criteo. Adem\u00e1s de supervisar la organizaci\u00f3n legal, de cumplimiento y de asuntos p\u00fablicos de la empresa, es responsable de impulsar iniciativas de transformaci\u00f3n que respalden la visi\u00f3n y la hoja de ruta de ejecuci\u00f3n de la Criteo Commerce Media Platform, incluida la infraestructura de trading y las capacidades personalizadas de Criteo. Antes de unirse a Criteo, Ryan trabaj\u00f3 en Riverbed Technology durante 11 a\u00f1os, donde pas\u00f3 sus \u00faltimos tres a\u00f1os como Vicepresidente S\u00e9nior, Consejero General y Secretario y lider\u00f3 el desarrollo legal y corporativo y la toma privada de Riverbed con Thoma Bravo. Ha ocupado puestos legales de alto nivel en Charles Schwab y fue abogado en el bufete de abogados Gunderson Dettmer en Silicon Valley, representando a empresas tecnol\u00f3gicas emergentes e inversores de capital de riesgo. Comenz\u00f3 su carrera como programador de software en Edison International. Ryan se licenci\u00f3 en Geograf\u00eda con especializaci\u00f3n en Inform\u00e1tica en la Universidad de California de Los \u00c1ngeles y se doctor\u00f3 en Derecho en la Universidad de California, Hastings.\",\n\t                    \"image\": \"https:\/\/www.criteo.com\/es\/wp-content\/uploads\/sites\/8\/2025\/06\/20250506_Criteo_Ryan-Daymon_227__high-1x1-1-scaled.jpg\",\n\t                    \"sameAs\": \"https:\/\/www.linkedin.com\/in\/ryan-damon\"\n\t                }\n\t            ]\n\t        }\n\t    ]\n\t}<\/script>\n<!-- \/ Yoast SEO plugin. -->","yoast_head_json":{"title":"Nuestro equipo | Criteo","description":"Conoce a nuestro equipo, formado por algunos de los mejores trabajadores en el sector del commerce marketing.","robots":{"index":"index","follow":"follow","max-snippet":"max-snippet:-1","max-image-preview":"max-image-preview:large","max-video-preview":"max-video-preview:-1"},"canonical":"https:\/\/www.criteo.com\/es\/company\/ryan-damon\/","og_locale":"es_ES","og_type":"article","og_title":"Nuestro equipo | Criteo","og_description":"Conoce a nuestro equipo, formado por algunos de los mejores trabajadores en el sector del commerce marketing.","og_url":"https:\/\/www.criteo.com\/es\/company\/ryan-damon\/","og_site_name":"ES - Criteo","article_modified_time":"2025-07-09T03:08:24+00:00","twitter_card":"summary_large_image","schema":{"@context":"https:\/\/schema.org","@graph":[{"@type":"Corporation","name":"Criteo","legalName":"Criteo S.A.","url":"https:\/\/www.criteo.com","logo":{"@type":"ImageObject","inLanguage":"es-ES","@id":"https:\/\/www.criteo.com\/es\/#\/schema\/logo\/image\/","url":"https:\/\/www.criteo.com\/es\/wp-content\/uploads\/sites\/8\/2024\/02\/Criteo-Logo.svg","contentUrl":"https:\/\/www.criteo.com\/es\/wp-content\/uploads\/sites\/8\/2024\/02\/Criteo-Logo.svg","width":118,"height":24,"caption":"Criteo"},"foundingDate":"2005","sameAs":["https:\/\/www.linkedin.com\/company\/criteo","https:\/\/www.youtube.com\/user\/CriteoOfficial","https:\/\/x.com\/criteo","https:\/\/www.facebook.com\/GoCriteo","https:\/\/www.instagram.com\/gocriteo\/","https:\/\/en.wikipedia.org\/wiki\/Criteo"],"address":{"@type":"PostalAddress","streetAddress":"32 Rue Blanche","addressLocality":"Paris","addressRegion":"\u00cele-de-France","postalCode":"75009","addressCountry":{"@type":"Country","name":"France"}},"description":"Criteo offers the world's leading Commerce Media Platform, enabling marketers and media owners to connect, scale, and maximize digital and physical asset monetization through a unified platform.","mainEntityOfPage":{"@type":"WebPage","@id":"https:\/\/www.criteo.com\/#website","url":"","name":"Criteo","description":"The official website of Criteo, providing information about the world's leading Commerce Media Platform.","publisher":{"@type":"Organization","@id":"https:\/\/www.criteo.com\/#organization"},"copyrightHolder":{"@type":"Organization","@id":"https:\/\/www.criteo.com\/#organization"}},"member":[{"@type":"Person","name":"Ryan Damon","jobTitle":"Chief Legal and Transformation Officer","description":"Ryan Damon es el Director Legal y de Transformaci\u00f3n de Criteo. Adem\u00e1s de supervisar la organizaci\u00f3n legal, de cumplimiento y de asuntos p\u00fablicos de la empresa, es responsable de impulsar iniciativas de transformaci\u00f3n que respalden la visi\u00f3n y la hoja de ruta de ejecuci\u00f3n de la Criteo Commerce Media Platform, incluida la infraestructura de trading y las capacidades personalizadas de Criteo. Antes de unirse a Criteo, Ryan trabaj\u00f3 en Riverbed Technology durante 11 a\u00f1os, donde pas\u00f3 sus \u00faltimos tres a\u00f1os como Vicepresidente S\u00e9nior, Consejero General y Secretario y lider\u00f3 el desarrollo legal y corporativo y la toma privada de Riverbed con Thoma Bravo. Ha ocupado puestos legales de alto nivel en Charles Schwab y fue abogado en el bufete de abogados Gunderson Dettmer en Silicon Valley, representando a empresas tecnol\u00f3gicas emergentes e inversores de capital de riesgo. Comenz\u00f3 su carrera como programador de software en Edison International. Ryan se licenci\u00f3 en Geograf\u00eda con especializaci\u00f3n en Inform\u00e1tica en la Universidad de California de Los \u00c1ngeles y se doctor\u00f3 en Derecho en la Universidad de California, Hastings.","image":"https:\/\/www.criteo.com\/es\/wp-content\/uploads\/sites\/8\/2025\/06\/20250506_Criteo_Ryan-Daymon_227__high-1x1-1-scaled.jpg","sameAs":"https:\/\/www.linkedin.com\/in\/ryan-damon"}]}]}},"_links":{"self":[{"href":"https:\/\/www.criteo.com\/es\/wp-json\/wp\/v2\/pages\/20011","targetHints":{"allow":["GET"]}}],"collection":[{"href":"https:\/\/www.criteo.com\/es\/wp-json\/wp\/v2\/pages"}],"about":[{"href":"https:\/\/www.criteo.com\/es\/wp-json\/wp\/v2\/types\/page"}],"author":[{"embeddable":true,"href":"https:\/\/www.criteo.com\/es\/wp-json\/wp\/v2\/users\/1"}],"replies":[{"embeddable":true,"href":"https:\/\/www.criteo.com\/es\/wp-json\/wp\/v2\/comments?post=20011"}],"version-history":[{"count":1,"href":"https:\/\/www.criteo.com\/es\/wp-json\/wp\/v2\/pages\/20011\/revisions"}],"predecessor-version":[{"id":20016,"href":"https:\/\/www.criteo.com\/es\/wp-json\/wp\/v2\/pages\/20011\/revisions\/20016"}],"up":[{"embeddable":true,"href":"https:\/\/www.criteo.com\/es\/wp-json\/wp\/v2\/pages\/540"}],"wp:attachment":[{"href":"https:\/\/www.criteo.com\/es\/wp-json\/wp\/v2\/media?parent=20011"}],"wp:term":[{"taxonomy":"author","embeddable":true,"href":"https:\/\/www.criteo.com\/es\/wp-json\/wp\/v2\/coauthors?post=20011"}],"curies":[{"name":"wp","href":"https:\/\/api.w.org\/{rel}","templated":true}]}}