{"id":20021,"date":"2025-07-07T19:58:11","date_gmt":"2025-07-07T19:58:11","guid":{"rendered":"https:\/\/www.criteo.com\/es\/?page_id=20021"},"modified":"2025-07-09T03:19:03","modified_gmt":"2025-07-09T03:19:03","slug":"todd-parsons","status":"publish","type":"page","link":"https:\/\/www.criteo.com\/es\/company\/todd-parsons\/","title":{"rendered":"Nuestro equipo: Todd Parsons"},"content":{"rendered":"","protected":false},"excerpt":{"rendered":"","protected":false},"author":1,"featured_media":0,"parent":540,"menu_order":0,"comment_status":"closed","ping_status":"closed","template":"page-templates\/ourTeam.php","meta":{"_acf_changed":false,"footnotes":""},"coauthors":[542],"class_list":["post-20021","page","type-page","status-publish"],"acf":{"management":[{"image":{"ID":19919,"id":19919,"title":"20250506_Criteo_Todd-Parsons_313__high-2-1x1-1","filename":"20250506_Criteo_Todd-Parsons_313__high-2-1x1-1-scaled.jpg","filesize":317331,"url":"https:\/\/www.criteo.com\/es\/wp-content\/uploads\/sites\/8\/2025\/06\/20250506_Criteo_Todd-Parsons_313__high-2-1x1-1-scaled.jpg","link":"https:\/\/www.criteo.com\/es\/company\/20250506_criteo_todd-parsons_313__high-2-1x1-1\/","alt":"","author":"55","description":"","caption":"","name":"20250506_criteo_todd-parsons_313__high-2-1x1-1","status":"inherit","uploaded_to":540,"date":"2025-07-03 15:07:00","modified":"2025-07-03 15:07:00","menu_order":0,"mime_type":"image\/jpeg","type":"image","subtype":"jpeg","icon":"https:\/\/www.criteo.com\/es\/wp-includes\/images\/media\/default.png","width":2048,"height":2048,"sizes":{"thumbnail":"https:\/\/www.criteo.com\/es\/wp-content\/uploads\/sites\/8\/2025\/06\/20250506_Criteo_Todd-Parsons_313__high-2-1x1-1-150x150.jpg","thumbnail-width":150,"thumbnail-height":150,"medium":"https:\/\/www.criteo.com\/es\/wp-content\/uploads\/sites\/8\/2025\/06\/20250506_Criteo_Todd-Parsons_313__high-2-1x1-1-300x300.jpg","medium-width":300,"medium-height":300,"medium_large":"https:\/\/www.criteo.com\/es\/wp-content\/uploads\/sites\/8\/2025\/06\/20250506_Criteo_Todd-Parsons_313__high-2-1x1-1-768x768.jpg","medium_large-width":640,"medium_large-height":640,"large":"https:\/\/www.criteo.com\/es\/wp-content\/uploads\/sites\/8\/2025\/06\/20250506_Criteo_Todd-Parsons_313__high-2-1x1-1-1024x1024.jpg","large-width":640,"large-height":640,"1536x1536":"https:\/\/www.criteo.com\/es\/wp-content\/uploads\/sites\/8\/2025\/06\/20250506_Criteo_Todd-Parsons_313__high-2-1x1-1-1536x1536.jpg","1536x1536-width":1536,"1536x1536-height":1536,"2048x2048":"https:\/\/www.criteo.com\/es\/wp-content\/uploads\/sites\/8\/2025\/06\/20250506_Criteo_Todd-Parsons_313__high-2-1x1-1-2048x2048.jpg","2048x2048-width":2048,"2048x2048-height":2048,"success-story":"https:\/\/www.criteo.com\/es\/wp-content\/uploads\/sites\/8\/2025\/06\/20250506_Criteo_Todd-Parsons_313__high-2-1x1-1-630x630.jpg","success-story-width":630,"success-story-height":630,"profile_24":"https:\/\/www.criteo.com\/es\/wp-content\/uploads\/sites\/8\/2025\/06\/20250506_Criteo_Todd-Parsons_313__high-2-1x1-1-24x24.jpg","profile_24-width":24,"profile_24-height":24,"profile_48":"https:\/\/www.criteo.com\/es\/wp-content\/uploads\/sites\/8\/2025\/06\/20250506_Criteo_Todd-Parsons_313__high-2-1x1-1-48x48.jpg","profile_48-width":48,"profile_48-height":48,"profile_96":"https:\/\/www.criteo.com\/es\/wp-content\/uploads\/sites\/8\/2025\/06\/20250506_Criteo_Todd-Parsons_313__high-2-1x1-1-96x96.jpg","profile_96-width":96,"profile_96-height":96,"profile_150":"https:\/\/www.criteo.com\/es\/wp-content\/uploads\/sites\/8\/2025\/06\/20250506_Criteo_Todd-Parsons_313__high-2-1x1-1-150x150.jpg","profile_150-width":150,"profile_150-height":150,"profile_300":"https:\/\/www.criteo.com\/es\/wp-content\/uploads\/sites\/8\/2025\/06\/20250506_Criteo_Todd-Parsons_313__high-2-1x1-1-300x300.jpg","profile_300-width":300,"profile_300-height":300}},"name":"Todd Parsons","linkedin_profile_url":"https:\/\/www.linkedin.com\/in\/toddaparsons","title":"CHIEF PRODUCT OFFICER","bio":"<p>Todd Parsons se incorpor\u00f3 a Criteo como Director de Producto en agosto de 2020. Se encarga de la estrategia de productos y de la innovaci\u00f3n de nuevos productos para diversificar y transformar la oferta de la plataforma de Criteo. <\/br><\/br><br \/>\nDurante m\u00e1s de una d\u00e9cada Todd ha dise\u00f1ado soluciones de marketing que integraban datos e identidad de consumidores. Antes de llegar a Criteo, su equipo estableci\u00f3 OpenX como el primer marketplace program\u00e1tico basado en personas. Como CPO de SocialCode, Todd desarroll\u00f3 productos para activar y medir las audiencias first-party de Facebook, Amazon, YouTube y otras plataformas. Anteriormente, Todd dirigi\u00f3 los Servicios de Marketing de Acxiom y fund\u00f3 dos startups con capital privado: Aditive, adquirida por Acxiom en 2014 y BuzzLogic, la primera SaaS para la supervisi\u00f3n de anal\u00edticas y mediciones de las redes sociales.<\/p>\n"}],"bevel":"orange-cherry","bevel_reversed":true,"side_text":"","additional_code":"","stae_popup_enable":false,"track_page_in_segment":false,"segment_page_name":""},"yoast_head":"<!-- This site is optimized with the Yoast SEO plugin v26.4 - https:\/\/yoast.com\/wordpress\/plugins\/seo\/ -->\n<title>Nuestro equipo | Criteo<\/title>\n<meta name=\"description\" content=\"Conoce a nuestro equipo, formado por algunos de los mejores trabajadores en el sector del commerce marketing.\" \/>\n<meta name=\"robots\" content=\"index, follow, max-snippet:-1, max-image-preview:large, max-video-preview:-1\" \/>\n<link rel=\"canonical\" href=\"https:\/\/www.criteo.com\/es\/company\/todd-parsons\/\" \/>\n<meta property=\"og:locale\" content=\"es_ES\" \/>\n<meta property=\"og:type\" content=\"article\" \/>\n<meta property=\"og:title\" content=\"Nuestro equipo | Criteo\" \/>\n<meta property=\"og:description\" content=\"Conoce a nuestro equipo, formado por algunos de los mejores trabajadores en el sector del commerce marketing.\" \/>\n<meta property=\"og:url\" content=\"https:\/\/www.criteo.com\/es\/company\/todd-parsons\/\" \/>\n<meta property=\"og:site_name\" content=\"ES - Criteo\" \/>\n<meta property=\"article:modified_time\" content=\"2025-07-09T03:19:03+00:00\" \/>\n<meta name=\"twitter:card\" content=\"summary_large_image\" \/>\n<script type=\"application\/ld+json\" class=\"yoast-schema-graph\">{\n\t    \"@context\": \"https:\/\/schema.org\",\n\t    \"@graph\": [\n\t        {\n\t            \"@type\": \"Corporation\",\n\t            \"name\": \"Criteo\",\n\t            \"legalName\": \"Criteo S.A.\",\n\t            \"url\": \"https:\/\/www.criteo.com\",\n\t            \"logo\": {\n\t                \"@type\": \"ImageObject\",\n\t                \"inLanguage\": \"es-ES\",\n\t                \"@id\": \"https:\/\/www.criteo.com\/es\/#\/schema\/logo\/image\/\",\n\t                \"url\": \"https:\/\/www.criteo.com\/es\/wp-content\/uploads\/sites\/8\/2024\/02\/Criteo-Logo.svg\",\n\t                \"contentUrl\": \"https:\/\/www.criteo.com\/es\/wp-content\/uploads\/sites\/8\/2024\/02\/Criteo-Logo.svg\",\n\t                \"width\": 118,\n\t                \"height\": 24,\n\t                \"caption\": \"Criteo\"\n\t            },\n\t            \"foundingDate\": \"2005\",\n\t            \"sameAs\": [\n\t                \"https:\/\/www.linkedin.com\/company\/criteo\",\n\t                \"https:\/\/www.youtube.com\/user\/CriteoOfficial\",\n\t                \"https:\/\/x.com\/criteo\",\n\t                \"https:\/\/www.facebook.com\/GoCriteo\",\n\t                \"https:\/\/www.instagram.com\/gocriteo\/\",\n\t                \"https:\/\/en.wikipedia.org\/wiki\/Criteo\"\n\t            ],\n\t            \"address\": {\n\t                \"@type\": \"PostalAddress\",\n\t                \"streetAddress\": \"32 Rue Blanche\",\n\t                \"addressLocality\": \"Paris\",\n\t                \"addressRegion\": \"\u00cele-de-France\",\n\t                \"postalCode\": \"75009\",\n\t                \"addressCountry\": {\n\t                    \"@type\": \"Country\",\n\t                    \"name\": \"France\"\n\t                }\n\t            },\n\t            \"description\": \"Criteo offers the world's leading Commerce Media Platform, enabling marketers and media owners to connect, scale, and maximize digital and physical asset monetization through a unified platform.\",\n\t            \"mainEntityOfPage\": {\n\t                \"@type\": \"WebPage\",\n\t                \"@id\": \"https:\/\/www.criteo.com\/#website\",\n\t                \"url\": \"\",\n\t                \"name\": \"Criteo\",\n\t                \"description\": \"The official website of Criteo, providing information about the world's leading Commerce Media Platform.\",\n\t                \"publisher\": {\n\t                    \"@type\": \"Organization\",\n\t                    \"@id\": \"https:\/\/www.criteo.com\/#organization\"\n\t                },\n\t                \"copyrightHolder\": {\n\t                    \"@type\": \"Organization\",\n\t                    \"@id\": \"https:\/\/www.criteo.com\/#organization\"\n\t                }\n\t            },\n\t            \"member\": [\n\t                {\n\t                    \"@type\": \"Person\",\n\t                    \"name\": \"Todd Parsons\",\n\t                    \"jobTitle\": \"CHIEF PRODUCT OFFICER\",\n\t                    \"description\": \"Todd Parsons se incorpor\u00f3 a Criteo como Director de Producto en agosto de 2020. Se encarga de la estrategia de productos y de la innovaci\u00f3n de nuevos productos para diversificar y transformar la oferta de la plataforma de Criteo. Durante m\u00e1s de una d\u00e9cada Todd ha dise\u00f1ado soluciones de marketing que integraban datos e identidad de consumidores. Antes de llegar a Criteo, su equipo estableci\u00f3 OpenX como el primer marketplace program\u00e1tico basado en personas. Como CPO de SocialCode, Todd desarroll\u00f3 productos para activar y medir las audiencias first-party de Facebook, Amazon, YouTube y otras plataformas. Anteriormente, Todd dirigi\u00f3 los Servicios de Marketing de Acxiom y fund\u00f3 dos startups con capital privado: Aditive, adquirida por Acxiom en 2014 y BuzzLogic, la primera SaaS para la supervisi\u00f3n de anal\u00edticas y mediciones de las redes sociales.\",\n\t                    \"image\": \"https:\/\/www.criteo.com\/es\/wp-content\/uploads\/sites\/8\/2025\/06\/20250506_Criteo_Todd-Parsons_313__high-2-1x1-1-scaled.jpg\",\n\t                    \"sameAs\": \"https:\/\/www.linkedin.com\/in\/toddaparsons\"\n\t                }\n\t            ]\n\t        }\n\t    ]\n\t}<\/script>\n<!-- \/ Yoast SEO plugin. -->","yoast_head_json":{"title":"Nuestro equipo | Criteo","description":"Conoce a nuestro equipo, formado por algunos de los mejores trabajadores en el sector del commerce marketing.","robots":{"index":"index","follow":"follow","max-snippet":"max-snippet:-1","max-image-preview":"max-image-preview:large","max-video-preview":"max-video-preview:-1"},"canonical":"https:\/\/www.criteo.com\/es\/company\/todd-parsons\/","og_locale":"es_ES","og_type":"article","og_title":"Nuestro equipo | Criteo","og_description":"Conoce a nuestro equipo, formado por algunos de los mejores trabajadores en el sector del commerce marketing.","og_url":"https:\/\/www.criteo.com\/es\/company\/todd-parsons\/","og_site_name":"ES - Criteo","article_modified_time":"2025-07-09T03:19:03+00:00","twitter_card":"summary_large_image","schema":{"@context":"https:\/\/schema.org","@graph":[{"@type":"Corporation","name":"Criteo","legalName":"Criteo S.A.","url":"https:\/\/www.criteo.com","logo":{"@type":"ImageObject","inLanguage":"es-ES","@id":"https:\/\/www.criteo.com\/es\/#\/schema\/logo\/image\/","url":"https:\/\/www.criteo.com\/es\/wp-content\/uploads\/sites\/8\/2024\/02\/Criteo-Logo.svg","contentUrl":"https:\/\/www.criteo.com\/es\/wp-content\/uploads\/sites\/8\/2024\/02\/Criteo-Logo.svg","width":118,"height":24,"caption":"Criteo"},"foundingDate":"2005","sameAs":["https:\/\/www.linkedin.com\/company\/criteo","https:\/\/www.youtube.com\/user\/CriteoOfficial","https:\/\/x.com\/criteo","https:\/\/www.facebook.com\/GoCriteo","https:\/\/www.instagram.com\/gocriteo\/","https:\/\/en.wikipedia.org\/wiki\/Criteo"],"address":{"@type":"PostalAddress","streetAddress":"32 Rue Blanche","addressLocality":"Paris","addressRegion":"\u00cele-de-France","postalCode":"75009","addressCountry":{"@type":"Country","name":"France"}},"description":"Criteo offers the world's leading Commerce Media Platform, enabling marketers and media owners to connect, scale, and maximize digital and physical asset monetization through a unified platform.","mainEntityOfPage":{"@type":"WebPage","@id":"https:\/\/www.criteo.com\/#website","url":"","name":"Criteo","description":"The official website of Criteo, providing information about the world's leading Commerce Media Platform.","publisher":{"@type":"Organization","@id":"https:\/\/www.criteo.com\/#organization"},"copyrightHolder":{"@type":"Organization","@id":"https:\/\/www.criteo.com\/#organization"}},"member":[{"@type":"Person","name":"Todd Parsons","jobTitle":"CHIEF PRODUCT OFFICER","description":"Todd Parsons se incorpor\u00f3 a Criteo como Director de Producto en agosto de 2020. Se encarga de la estrategia de productos y de la innovaci\u00f3n de nuevos productos para diversificar y transformar la oferta de la plataforma de Criteo. Durante m\u00e1s de una d\u00e9cada Todd ha dise\u00f1ado soluciones de marketing que integraban datos e identidad de consumidores. Antes de llegar a Criteo, su equipo estableci\u00f3 OpenX como el primer marketplace program\u00e1tico basado en personas. Como CPO de SocialCode, Todd desarroll\u00f3 productos para activar y medir las audiencias first-party de Facebook, Amazon, YouTube y otras plataformas. Anteriormente, Todd dirigi\u00f3 los Servicios de Marketing de Acxiom y fund\u00f3 dos startups con capital privado: Aditive, adquirida por Acxiom en 2014 y BuzzLogic, la primera SaaS para la supervisi\u00f3n de anal\u00edticas y mediciones de las redes sociales.","image":"https:\/\/www.criteo.com\/es\/wp-content\/uploads\/sites\/8\/2025\/06\/20250506_Criteo_Todd-Parsons_313__high-2-1x1-1-scaled.jpg","sameAs":"https:\/\/www.linkedin.com\/in\/toddaparsons"}]}]}},"_links":{"self":[{"href":"https:\/\/www.criteo.com\/es\/wp-json\/wp\/v2\/pages\/20021","targetHints":{"allow":["GET"]}}],"collection":[{"href":"https:\/\/www.criteo.com\/es\/wp-json\/wp\/v2\/pages"}],"about":[{"href":"https:\/\/www.criteo.com\/es\/wp-json\/wp\/v2\/types\/page"}],"author":[{"embeddable":true,"href":"https:\/\/www.criteo.com\/es\/wp-json\/wp\/v2\/users\/1"}],"replies":[{"embeddable":true,"href":"https:\/\/www.criteo.com\/es\/wp-json\/wp\/v2\/comments?post=20021"}],"version-history":[{"count":1,"href":"https:\/\/www.criteo.com\/es\/wp-json\/wp\/v2\/pages\/20021\/revisions"}],"predecessor-version":[{"id":20022,"href":"https:\/\/www.criteo.com\/es\/wp-json\/wp\/v2\/pages\/20021\/revisions\/20022"}],"up":[{"embeddable":true,"href":"https:\/\/www.criteo.com\/es\/wp-json\/wp\/v2\/pages\/540"}],"wp:attachment":[{"href":"https:\/\/www.criteo.com\/es\/wp-json\/wp\/v2\/media?parent=20021"}],"wp:term":[{"taxonomy":"author","embeddable":true,"href":"https:\/\/www.criteo.com\/es\/wp-json\/wp\/v2\/coauthors?post=20021"}],"curies":[{"name":"wp","href":"https:\/\/api.w.org\/{rel}","templated":true}]}}