{"id":20025,"date":"2025-07-07T19:58:11","date_gmt":"2025-07-07T19:58:11","guid":{"rendered":"https:\/\/www.criteo.com\/es\/?page_id=20025"},"modified":"2025-07-09T03:21:22","modified_gmt":"2025-07-09T03:21:22","slug":"manuela-montagnana","status":"publish","type":"page","link":"https:\/\/www.criteo.com\/es\/company\/manuela-montagnana\/","title":{"rendered":"Nuestro equipo: Manuela Montagnana"},"content":{"rendered":"","protected":false},"excerpt":{"rendered":"","protected":false},"author":1,"featured_media":0,"parent":540,"menu_order":0,"comment_status":"closed","ping_status":"closed","template":"page-templates\/ourTeam.php","meta":{"_acf_changed":false,"footnotes":""},"coauthors":[542],"class_list":["post-20025","page","type-page","status-publish"],"acf":{"management":[{"image":{"ID":19914,"id":19914,"title":"20250506_Criteo_Manuela-Montagnana_109__high-1x1-1","filename":"20250506_Criteo_Manuela-Montagnana_109__high-1x1-1.jpg","filesize":19891,"url":"https:\/\/www.criteo.com\/es\/wp-content\/uploads\/sites\/8\/2025\/06\/20250506_Criteo_Manuela-Montagnana_109__high-1x1-1.jpg","link":"https:\/\/www.criteo.com\/es\/company\/20250506_criteo_manuela-montagnana_109__high-1x1-1\/","alt":"","author":"55","description":"","caption":"","name":"20250506_criteo_manuela-montagnana_109__high-1x1-1","status":"inherit","uploaded_to":540,"date":"2025-07-03 14:54:32","modified":"2025-07-03 14:55:41","menu_order":0,"mime_type":"image\/jpeg","type":"image","subtype":"jpeg","icon":"https:\/\/www.criteo.com\/es\/wp-includes\/images\/media\/default.png","width":500,"height":500,"sizes":{"thumbnail":"https:\/\/www.criteo.com\/es\/wp-content\/uploads\/sites\/8\/2025\/06\/20250506_Criteo_Manuela-Montagnana_109__high-1x1-1-150x150.jpg","thumbnail-width":150,"thumbnail-height":150,"medium":"https:\/\/www.criteo.com\/es\/wp-content\/uploads\/sites\/8\/2025\/06\/20250506_Criteo_Manuela-Montagnana_109__high-1x1-1-300x300.jpg","medium-width":300,"medium-height":300,"medium_large":"https:\/\/www.criteo.com\/es\/wp-content\/uploads\/sites\/8\/2025\/06\/20250506_Criteo_Manuela-Montagnana_109__high-1x1-1.jpg","medium_large-width":500,"medium_large-height":500,"large":"https:\/\/www.criteo.com\/es\/wp-content\/uploads\/sites\/8\/2025\/06\/20250506_Criteo_Manuela-Montagnana_109__high-1x1-1.jpg","large-width":500,"large-height":500,"1536x1536":"https:\/\/www.criteo.com\/es\/wp-content\/uploads\/sites\/8\/2025\/06\/20250506_Criteo_Manuela-Montagnana_109__high-1x1-1.jpg","1536x1536-width":500,"1536x1536-height":500,"2048x2048":"https:\/\/www.criteo.com\/es\/wp-content\/uploads\/sites\/8\/2025\/06\/20250506_Criteo_Manuela-Montagnana_109__high-1x1-1.jpg","2048x2048-width":500,"2048x2048-height":500,"success-story":"https:\/\/www.criteo.com\/es\/wp-content\/uploads\/sites\/8\/2025\/06\/20250506_Criteo_Manuela-Montagnana_109__high-1x1-1.jpg","success-story-width":500,"success-story-height":500,"profile_24":"https:\/\/www.criteo.com\/es\/wp-content\/uploads\/sites\/8\/2025\/06\/20250506_Criteo_Manuela-Montagnana_109__high-1x1-1-24x24.jpg","profile_24-width":24,"profile_24-height":24,"profile_48":"https:\/\/www.criteo.com\/es\/wp-content\/uploads\/sites\/8\/2025\/06\/20250506_Criteo_Manuela-Montagnana_109__high-1x1-1-48x48.jpg","profile_48-width":48,"profile_48-height":48,"profile_96":"https:\/\/www.criteo.com\/es\/wp-content\/uploads\/sites\/8\/2025\/06\/20250506_Criteo_Manuela-Montagnana_109__high-1x1-1-96x96.jpg","profile_96-width":96,"profile_96-height":96,"profile_150":"https:\/\/www.criteo.com\/es\/wp-content\/uploads\/sites\/8\/2025\/06\/20250506_Criteo_Manuela-Montagnana_109__high-1x1-1-150x150.jpg","profile_150-width":150,"profile_150-height":150,"profile_300":"https:\/\/www.criteo.com\/es\/wp-content\/uploads\/sites\/8\/2025\/06\/20250506_Criteo_Manuela-Montagnana_109__high-1x1-1-300x300.jpg","profile_300-width":300,"profile_300-height":300}},"name":"Manuela Montagnana","linkedin_profile_url":"https:\/\/www.linkedin.com\/in\/manuela-montagnana","title":"Chief People Officer","bio":"<p>Manuela Montagnana es Directora de Personal de Criteo. Aporta m\u00e1s de 20 a\u00f1os de experiencia como directora de personal, durante los cuales ha dirigido equipos globales en los sectores de fabricaci\u00f3n, servicios y tecnolog\u00eda. Manuela cuenta con un historial probado de aceleraci\u00f3n del rendimiento a trav\u00e9s de la gesti\u00f3n del capital humano en un contexto de transformaci\u00f3n, tanto en organizaciones altamente matriciales como en aquellas que experimentan un hipercrecimiento.<br \/>\n<\/br><\/br><br \/>\nRecientemente, fue vicepresidenta y directora de recursos humanos de productos e ingenier\u00eda en Compass, donde cre\u00f3 y dirigi\u00f3 su propio equipo de recursos humanos en Estados Unidos e India, al tiempo que actuaba como partner comercial de los directores de tecnolog\u00eda y de productos. En su paso por Compass, Manuela dirigi\u00f3 importantes proyectos de transformaci\u00f3n, como la apertura de un nuevo centro de desarrollo en la India y la integraci\u00f3n del talento de dos empresas tecnol\u00f3gicas tras su adquisici\u00f3n.\u202f<\/br><\/br><br \/>\nManuela creci\u00f3 en Alemania y asisti\u00f3 a la Universidad de Par\u00eds X y Estrasburgo, donde estudi\u00f3 Derecho, para despu\u00e9s completar su Master en Administraci\u00f3n de Empresas en IAE \u2013 \u00c9coles Universitaires de Management en Estrasburgo (Francia).<\/p>\n"}],"bevel":"orange-cherry","bevel_reversed":true,"side_text":"","additional_code":"","stae_popup_enable":false,"track_page_in_segment":false,"segment_page_name":""},"yoast_head":"<!-- This site is optimized with the Yoast SEO plugin v26.4 - https:\/\/yoast.com\/wordpress\/plugins\/seo\/ -->\n<title>Nuestro equipo | Criteo<\/title>\n<meta name=\"description\" content=\"Conoce a nuestro equipo, formado por algunos de los mejores trabajadores en el sector del commerce marketing.\" \/>\n<meta name=\"robots\" content=\"index, follow, max-snippet:-1, max-image-preview:large, max-video-preview:-1\" \/>\n<link rel=\"canonical\" href=\"https:\/\/www.criteo.com\/es\/company\/manuela-montagnana\/\" \/>\n<meta property=\"og:locale\" content=\"es_ES\" \/>\n<meta property=\"og:type\" content=\"article\" \/>\n<meta property=\"og:title\" content=\"Nuestro equipo | Criteo\" \/>\n<meta property=\"og:description\" content=\"Conoce a nuestro equipo, formado por algunos de los mejores trabajadores en el sector del commerce marketing.\" \/>\n<meta property=\"og:url\" content=\"https:\/\/www.criteo.com\/es\/company\/manuela-montagnana\/\" \/>\n<meta property=\"og:site_name\" content=\"ES - Criteo\" \/>\n<meta property=\"article:modified_time\" content=\"2025-07-09T03:21:22+00:00\" \/>\n<meta name=\"twitter:card\" content=\"summary_large_image\" \/>\n<script type=\"application\/ld+json\" class=\"yoast-schema-graph\">{\n\t    \"@context\": \"https:\/\/schema.org\",\n\t    \"@graph\": [\n\t        {\n\t            \"@type\": \"Corporation\",\n\t            \"name\": \"Criteo\",\n\t            \"legalName\": \"Criteo S.A.\",\n\t            \"url\": \"https:\/\/www.criteo.com\",\n\t            \"logo\": {\n\t                \"@type\": \"ImageObject\",\n\t                \"inLanguage\": \"es-ES\",\n\t                \"@id\": \"https:\/\/www.criteo.com\/es\/#\/schema\/logo\/image\/\",\n\t                \"url\": \"https:\/\/www.criteo.com\/es\/wp-content\/uploads\/sites\/8\/2024\/02\/Criteo-Logo.svg\",\n\t                \"contentUrl\": \"https:\/\/www.criteo.com\/es\/wp-content\/uploads\/sites\/8\/2024\/02\/Criteo-Logo.svg\",\n\t                \"width\": 118,\n\t                \"height\": 24,\n\t                \"caption\": \"Criteo\"\n\t            },\n\t            \"foundingDate\": \"2005\",\n\t            \"sameAs\": [\n\t                \"https:\/\/www.linkedin.com\/company\/criteo\",\n\t                \"https:\/\/www.youtube.com\/user\/CriteoOfficial\",\n\t                \"https:\/\/x.com\/criteo\",\n\t                \"https:\/\/www.facebook.com\/GoCriteo\",\n\t                \"https:\/\/www.instagram.com\/gocriteo\/\",\n\t                \"https:\/\/en.wikipedia.org\/wiki\/Criteo\"\n\t            ],\n\t            \"address\": {\n\t                \"@type\": \"PostalAddress\",\n\t                \"streetAddress\": \"32 Rue Blanche\",\n\t                \"addressLocality\": \"Paris\",\n\t                \"addressRegion\": \"\u00cele-de-France\",\n\t                \"postalCode\": \"75009\",\n\t                \"addressCountry\": {\n\t                    \"@type\": \"Country\",\n\t                    \"name\": \"France\"\n\t                }\n\t            },\n\t            \"description\": \"Criteo offers the world's leading Commerce Media Platform, enabling marketers and media owners to connect, scale, and maximize digital and physical asset monetization through a unified platform.\",\n\t            \"mainEntityOfPage\": {\n\t                \"@type\": \"WebPage\",\n\t                \"@id\": \"https:\/\/www.criteo.com\/#website\",\n\t                \"url\": \"\",\n\t                \"name\": \"Criteo\",\n\t                \"description\": \"The official website of Criteo, providing information about the world's leading Commerce Media Platform.\",\n\t                \"publisher\": {\n\t                    \"@type\": \"Organization\",\n\t                    \"@id\": \"https:\/\/www.criteo.com\/#organization\"\n\t                },\n\t                \"copyrightHolder\": {\n\t                    \"@type\": \"Organization\",\n\t                    \"@id\": \"https:\/\/www.criteo.com\/#organization\"\n\t                }\n\t            },\n\t            \"member\": [\n\t                {\n\t                    \"@type\": \"Person\",\n\t                    \"name\": \"Manuela Montagnana\",\n\t                    \"jobTitle\": \"Chief People Officer\",\n\t                    \"description\": \"Manuela Montagnana es Directora de Personal de Criteo. Aporta m\u00e1s de 20 a\u00f1os de experiencia como directora de personal, durante los cuales ha dirigido equipos globales en los sectores de fabricaci\u00f3n, servicios y tecnolog\u00eda. Manuela cuenta con un historial probado de aceleraci\u00f3n del rendimiento a trav\u00e9s de la gesti\u00f3n del capital humano en un contexto de transformaci\u00f3n, tanto en organizaciones altamente matriciales como en aquellas que experimentan un hipercrecimiento.Recientemente, fue vicepresidenta y directora de recursos humanos de productos e ingenier\u00eda en Compass, donde cre\u00f3 y dirigi\u00f3 su propio equipo de recursos humanos en Estados Unidos e India, al tiempo que actuaba como partner comercial de los directores de tecnolog\u00eda y de productos. En su paso por Compass, Manuela dirigi\u00f3 importantes proyectos de transformaci\u00f3n, como la apertura de un nuevo centro de desarrollo en la India y la integraci\u00f3n del talento de dos empresas tecnol\u00f3gicas tras su adquisici\u00f3n.\u202fManuela creci\u00f3 en Alemania y asisti\u00f3 a la Universidad de Par\u00eds X y Estrasburgo, donde estudi\u00f3 Derecho, para despu\u00e9s completar su Master en Administraci\u00f3n de Empresas en IAE \u2013 \u00c9coles Universitaires de Management en Estrasburgo (Francia).\",\n\t                    \"image\": \"https:\/\/www.criteo.com\/es\/wp-content\/uploads\/sites\/8\/2025\/06\/20250506_Criteo_Manuela-Montagnana_109__high-1x1-1.jpg\",\n\t                    \"sameAs\": \"https:\/\/www.linkedin.com\/in\/manuela-montagnana\"\n\t                }\n\t            ]\n\t        }\n\t    ]\n\t}<\/script>\n<!-- \/ Yoast SEO plugin. -->","yoast_head_json":{"title":"Nuestro equipo | Criteo","description":"Conoce a nuestro equipo, formado por algunos de los mejores trabajadores en el sector del commerce marketing.","robots":{"index":"index","follow":"follow","max-snippet":"max-snippet:-1","max-image-preview":"max-image-preview:large","max-video-preview":"max-video-preview:-1"},"canonical":"https:\/\/www.criteo.com\/es\/company\/manuela-montagnana\/","og_locale":"es_ES","og_type":"article","og_title":"Nuestro equipo | Criteo","og_description":"Conoce a nuestro equipo, formado por algunos de los mejores trabajadores en el sector del commerce marketing.","og_url":"https:\/\/www.criteo.com\/es\/company\/manuela-montagnana\/","og_site_name":"ES - Criteo","article_modified_time":"2025-07-09T03:21:22+00:00","twitter_card":"summary_large_image","schema":{"@context":"https:\/\/schema.org","@graph":[{"@type":"Corporation","name":"Criteo","legalName":"Criteo S.A.","url":"https:\/\/www.criteo.com","logo":{"@type":"ImageObject","inLanguage":"es-ES","@id":"https:\/\/www.criteo.com\/es\/#\/schema\/logo\/image\/","url":"https:\/\/www.criteo.com\/es\/wp-content\/uploads\/sites\/8\/2024\/02\/Criteo-Logo.svg","contentUrl":"https:\/\/www.criteo.com\/es\/wp-content\/uploads\/sites\/8\/2024\/02\/Criteo-Logo.svg","width":118,"height":24,"caption":"Criteo"},"foundingDate":"2005","sameAs":["https:\/\/www.linkedin.com\/company\/criteo","https:\/\/www.youtube.com\/user\/CriteoOfficial","https:\/\/x.com\/criteo","https:\/\/www.facebook.com\/GoCriteo","https:\/\/www.instagram.com\/gocriteo\/","https:\/\/en.wikipedia.org\/wiki\/Criteo"],"address":{"@type":"PostalAddress","streetAddress":"32 Rue Blanche","addressLocality":"Paris","addressRegion":"\u00cele-de-France","postalCode":"75009","addressCountry":{"@type":"Country","name":"France"}},"description":"Criteo offers the world's leading Commerce Media Platform, enabling marketers and media owners to connect, scale, and maximize digital and physical asset monetization through a unified platform.","mainEntityOfPage":{"@type":"WebPage","@id":"https:\/\/www.criteo.com\/#website","url":"","name":"Criteo","description":"The official website of Criteo, providing information about the world's leading Commerce Media Platform.","publisher":{"@type":"Organization","@id":"https:\/\/www.criteo.com\/#organization"},"copyrightHolder":{"@type":"Organization","@id":"https:\/\/www.criteo.com\/#organization"}},"member":[{"@type":"Person","name":"Manuela Montagnana","jobTitle":"Chief People Officer","description":"Manuela Montagnana es Directora de Personal de Criteo. Aporta m\u00e1s de 20 a\u00f1os de experiencia como directora de personal, durante los cuales ha dirigido equipos globales en los sectores de fabricaci\u00f3n, servicios y tecnolog\u00eda. Manuela cuenta con un historial probado de aceleraci\u00f3n del rendimiento a trav\u00e9s de la gesti\u00f3n del capital humano en un contexto de transformaci\u00f3n, tanto en organizaciones altamente matriciales como en aquellas que experimentan un hipercrecimiento.Recientemente, fue vicepresidenta y directora de recursos humanos de productos e ingenier\u00eda en Compass, donde cre\u00f3 y dirigi\u00f3 su propio equipo de recursos humanos en Estados Unidos e India, al tiempo que actuaba como partner comercial de los directores de tecnolog\u00eda y de productos. En su paso por Compass, Manuela dirigi\u00f3 importantes proyectos de transformaci\u00f3n, como la apertura de un nuevo centro de desarrollo en la India y la integraci\u00f3n del talento de dos empresas tecnol\u00f3gicas tras su adquisici\u00f3n.\u202fManuela creci\u00f3 en Alemania y asisti\u00f3 a la Universidad de Par\u00eds X y Estrasburgo, donde estudi\u00f3 Derecho, para despu\u00e9s completar su Master en Administraci\u00f3n de Empresas en IAE \u2013 \u00c9coles Universitaires de Management en Estrasburgo (Francia).","image":"https:\/\/www.criteo.com\/es\/wp-content\/uploads\/sites\/8\/2025\/06\/20250506_Criteo_Manuela-Montagnana_109__high-1x1-1.jpg","sameAs":"https:\/\/www.linkedin.com\/in\/manuela-montagnana"}]}]}},"_links":{"self":[{"href":"https:\/\/www.criteo.com\/es\/wp-json\/wp\/v2\/pages\/20025","targetHints":{"allow":["GET"]}}],"collection":[{"href":"https:\/\/www.criteo.com\/es\/wp-json\/wp\/v2\/pages"}],"about":[{"href":"https:\/\/www.criteo.com\/es\/wp-json\/wp\/v2\/types\/page"}],"author":[{"embeddable":true,"href":"https:\/\/www.criteo.com\/es\/wp-json\/wp\/v2\/users\/1"}],"replies":[{"embeddable":true,"href":"https:\/\/www.criteo.com\/es\/wp-json\/wp\/v2\/comments?post=20025"}],"version-history":[{"count":1,"href":"https:\/\/www.criteo.com\/es\/wp-json\/wp\/v2\/pages\/20025\/revisions"}],"predecessor-version":[{"id":20026,"href":"https:\/\/www.criteo.com\/es\/wp-json\/wp\/v2\/pages\/20025\/revisions\/20026"}],"up":[{"embeddable":true,"href":"https:\/\/www.criteo.com\/es\/wp-json\/wp\/v2\/pages\/540"}],"wp:attachment":[{"href":"https:\/\/www.criteo.com\/es\/wp-json\/wp\/v2\/media?parent=20025"}],"wp:term":[{"taxonomy":"author","embeddable":true,"href":"https:\/\/www.criteo.com\/es\/wp-json\/wp\/v2\/coauthors?post=20025"}],"curies":[{"name":"wp","href":"https:\/\/api.w.org\/{rel}","templated":true}]}}