{"id":20550,"date":"2025-12-12T11:23:20","date_gmt":"2025-12-12T16:23:20","guid":{"rendered":"https:\/\/www.criteo.com\/?page_id=415892"},"modified":"2026-05-07T10:41:43","modified_gmt":"2026-05-07T08:41:43","slug":"trust-center","status":"publish","type":"page","link":"https:\/\/www.criteo.com\/es\/trust-center\/","title":{"rendered":"Trust Center"},"content":{"rendered":"","protected":false},"excerpt":{"rendered":"","protected":false},"author":167,"featured_media":0,"parent":0,"menu_order":0,"comment_status":"closed","ping_status":"closed","template":"page-templates\/pageModular2020.php","meta":{"_acf_changed":false,"footnotes":""},"coauthors":[593],"class_list":["post-20550","page","type-page","status-publish"],"acf":{"track_page_in_segment":false,"segment_page_name":"","additional_code":"","use_transparent_header":true,"use_transparent_header_dark_menus":false,"use_transparent_header_normal":false,"background_color_modular":"neutral gray","layouts":[{"acf_fc_layout":"customer_segments_hero_2025","customer_segments_hero_2025":{"caption":"CENTRO DE CONFIANZA","title_subtitle":"<h1>Conf\u00eda en cada conexi\u00f3n<\/h1>\n<p>Descubre c\u00f3mo generamos confianza a trav\u00e9s de la integridad y los m\u00e1s altos est\u00e1ndares en \u00e9tica, privacidad, seguridad y protecci\u00f3n.<\/p>\n<p>&nbsp;<\/p>\n","logos_title":"","logos":false,"hero_right_image":{"ID":20551,"id":20551,"title":"Trust-Center_Hero_v4","filename":"Trust-Center_Hero_v4.png","filesize":214263,"url":"https:\/\/www.criteo.com\/es\/wp-content\/uploads\/sites\/8\/2026\/03\/Trust-Center_Hero_v4.png","link":"https:\/\/www.criteo.com\/es\/trust-center\/trust-center_hero_v4\/","alt":"","author":"195","description":"","caption":"","name":"trust-center_hero_v4","status":"inherit","uploaded_to":20550,"date":"2026-03-18 15:50:53","modified":"2026-03-18 16:01:33","menu_order":0,"mime_type":"image\/png","type":"image","subtype":"png","icon":"https:\/\/www.criteo.com\/es\/wp-includes\/images\/media\/default.png","width":1087,"height":759,"sizes":{"thumbnail":"https:\/\/www.criteo.com\/es\/wp-content\/uploads\/sites\/8\/2026\/03\/Trust-Center_Hero_v4-150x150.png","thumbnail-width":150,"thumbnail-height":150,"medium":"https:\/\/www.criteo.com\/es\/wp-content\/uploads\/sites\/8\/2026\/03\/Trust-Center_Hero_v4-300x209.png","medium-width":300,"medium-height":209,"medium_large":"https:\/\/www.criteo.com\/es\/wp-content\/uploads\/sites\/8\/2026\/03\/Trust-Center_Hero_v4-768x536.png","medium_large-width":640,"medium_large-height":447,"large":"https:\/\/www.criteo.com\/es\/wp-content\/uploads\/sites\/8\/2026\/03\/Trust-Center_Hero_v4-1024x715.png","large-width":640,"large-height":447,"1536x1536":"https:\/\/www.criteo.com\/es\/wp-content\/uploads\/sites\/8\/2026\/03\/Trust-Center_Hero_v4.png","1536x1536-width":1087,"1536x1536-height":759,"2048x2048":"https:\/\/www.criteo.com\/es\/wp-content\/uploads\/sites\/8\/2026\/03\/Trust-Center_Hero_v4.png","2048x2048-width":1087,"2048x2048-height":759,"success-story":"https:\/\/www.criteo.com\/es\/wp-content\/uploads\/sites\/8\/2026\/03\/Trust-Center_Hero_v4-630x440.png","success-story-width":630,"success-story-height":440,"profile_24":"https:\/\/www.criteo.com\/es\/wp-content\/uploads\/sites\/8\/2026\/03\/Trust-Center_Hero_v4-24x24.png","profile_24-width":24,"profile_24-height":24,"profile_48":"https:\/\/www.criteo.com\/es\/wp-content\/uploads\/sites\/8\/2026\/03\/Trust-Center_Hero_v4-48x48.png","profile_48-width":48,"profile_48-height":48,"profile_96":"https:\/\/www.criteo.com\/es\/wp-content\/uploads\/sites\/8\/2026\/03\/Trust-Center_Hero_v4-96x96.png","profile_96-width":96,"profile_96-height":96,"profile_150":"https:\/\/www.criteo.com\/es\/wp-content\/uploads\/sites\/8\/2026\/03\/Trust-Center_Hero_v4-150x150.png","profile_150-width":150,"profile_150-height":150,"profile_300":"https:\/\/www.criteo.com\/es\/wp-content\/uploads\/sites\/8\/2026\/03\/Trust-Center_Hero_v4-300x300.png","profile_300-width":300,"profile_300-height":300}},"background_gradient":"C-growth","cta_button":{"type":"internal","text":"","link_internal":"","link_media":false,"link_external":"","link_embed":"","link_email":"","email_subject":"","page_element_id":"","variant":"default","ai_variant":"gradient-border","icon":"none","ai_icon":"none","new_window":[],"track_button":false,"button_location":false,"event_type":false,"button_classes":"","button_message":""},"additional_buttons":false}},{"acf_fc_layout":"awards_2025","awards_2025":{"title":"Un ecosistema publicitario basado en la confianza","subtitle":"Nos dedicamos a proteger a los usuarios, socios y datos y a hacer que la publicidad digital sea transparente y fiable para todos.","awards":false,"text_blocks":[{"text_block":"<h5 class=\"info-boxes-2025-card-title\">Confianza y seguridad de la publicidad<\/h5>\n<p>Garantizamos un ecosistema publicitario seguro y de confianza a trav\u00e9s de nuestras rigurosas medidas de protecci\u00f3n para marcas, consumidores y propietarios de medios, IA avanzada y s\u00f3lidas asociaciones a nivel mundial. Invertimos continuamente para proteger los intereses de nuestros clientes y fomentar una interacci\u00f3n segura y significativa a escala.<\/p>\n","bulletts":false,"stats":false,"cta_button":{"type":"external","text":"M\u00e1s informaci\u00f3n","link_internal":"","link_media":false,"link_external":"https:\/\/www.criteo.com\/es\/trust-center\/ad-trust-and-safety\/","link_embed":"","link_email":"","email_subject":"","page_element_id":"","variant":"light_purple_stroke","ai_variant":"gradient-border","icon":"arrow-right","ai_icon":"none","new_window":[],"track_button":false,"button_location":false,"event_type":false,"button_classes":"","button_message":""}},{"text_block":"<h5>Privacidad<\/h5>\n<p>Creemos que dar prioridad a la privacidad beneficia a nuestros clientes, socios y a los usuarios a los que sirven. Adem\u00e1s de cumplir con las leyes y regulaciones aplicables en los pa\u00edses donde operamos, incluido el Reglamento General de Protecci\u00f3n de Datos (RGPD) y la Ley de Privacidad del Consumidor de California (CCPA), adoptamos los est\u00e1ndares y las mejores pr\u00e1cticas del sector para proteger la privacidad del usuario.<\/p>\n","bulletts":false,"stats":false,"cta_button":{"type":"external","text":"M\u00e1s informaci\u00f3n","link_internal":"","link_media":false,"link_external":"https:\/\/www.criteo.com\/es\/trust-center\/privacy-commitment\/","link_embed":"","link_email":"","email_subject":"","page_element_id":"","variant":"light_purple_stroke","ai_variant":"gradient-border","icon":"thin-arrow-right","ai_icon":"none","new_window":[],"track_button":false,"button_location":false,"event_type":false,"button_classes":"","button_message":""}},{"text_block":"<h5>Seguridad<\/h5>\n<p>Utilizamos tecnolog\u00edas y procesos l\u00edderes en el sector para proteger los datos de los usuarios frente a accesos no autorizados, p\u00e9rdidas o usos indebidos. Nuestro equipo de seguridad supervisa y mejora constantemente nuestras medidas de seguridad para adelantarnos a las posibles amenazas, garantizando que los datos de clientes, socios y usuarios permanezcan seguros, y que nuestros sistemas sigan siendo resilientes.<\/p>\n","bulletts":false,"stats":false,"cta_button":{"type":"external","text":"M\u00e1s informaci\u00f3n","link_internal":"","link_media":false,"link_external":"https:\/\/www.criteo.com\/es\/trust-center\/security\/","link_embed":"","link_email":"","email_subject":"","page_element_id":"","variant":"light_purple_stroke","ai_variant":"gradient-border","icon":"none","ai_icon":"none","new_window":[],"track_button":false,"button_location":false,"event_type":false,"button_classes":"","button_message":""}},{"text_block":"<h5>Integridad empresarial<\/h5>\n<p>La integridad gu\u00eda nuestra forma de hacer negocios cada d\u00eda. Nos comprometemos a llevar a cabo nuestras operaciones de forma \u00e9tica, transparente y de conformidad con todas las leyes y reglamentos aplicables. Actuando con honestidad y responsabilidad, pretendemos reforzar la confianza que nuestros clientes, socios y empleados tienen depositada en nosotros.<\/p>\n","bulletts":false,"stats":false,"cta_button":{"type":"external","text":"M\u00e1s informaci\u00f3n","link_internal":"https:\/\/www.criteo.com\/es\/platform\/commerce-yield\/","link_media":false,"link_external":"https:\/\/www.criteo.com\/es\/trust-center\/business-integrity\/","link_embed":"","link_email":"","email_subject":"","page_element_id":"","variant":"light_purple_stroke","ai_variant":"gradient-border","icon":"none","ai_icon":"none","new_window":["Open in a new tab"],"track_button":false,"button_location":false,"event_type":false,"button_classes":"","button_message":""}}]}},{"acf_fc_layout":"cta_block_2025","cta_block_2025":{"style":"v5","color_scheme":"dark_blue","color_scheme_2":"light_blue","subtitle":"<h4 style=\"text-align: center;\">Comit\u00e9 de \u00e9tica de productos<\/h4>\n<p style=\"text-align: center;\">Nuestro Comit\u00e9 de \u00e9tica de productos (PEC) garantiza que nuestros productos publicitarios basados en IA se desarrollen y operen con imparcialidad, transparencia y responsabilidad. Compuesto por expertos de los equipos de Producto, I+D, Legal y Comercial, el PEC ayuda a mantener los est\u00e1ndares \u00e9ticos de Criteo mediante el dise\u00f1o y la innovaci\u00f3n de los productos.<\/p>\n","link":{"title":"M\u00e1s informaci\u00f3n","url":"https:\/\/www.criteo.com\/trust-center\/product-ethics\/","target":""}}},{"acf_fc_layout":"three_boxes_2025","three_boxes_2025":{"intro":{"intro":{"show_intro_block":true,"image_as_caption":false,"image":false,"caption":"RECURSOS ADICIONALES","caption_is_page_title":false,"title":"M\u00e1s informaci\u00f3n","title_size":"h4","description":"<p>Accede a nuestros documentos de gobernanza, conoce nuestras certificaciones y mucho m\u00e1s.<\/p>\n","description_font_size":"default"}},"button_on_hover":false,"boxes":[{"type":"ACTUALIZACIONES","title":"Certificaciones TAG","description":"Criteo ampl\u00eda sus certificaciones TAG, garantizando una publicidad digital m\u00e1s segura","link":{"title":"Leer m\u00e1s","url":"https:\/\/www.criteo.com\/blog\/criteo-expands-its-tag-certifications\/","target":""}},{"type":"RECURSO","title":"Directrices publicitarias de Criteo","description":"Para garantizar un ecosistema publicitario digno de confianza, Criteo exige a todos sus socios publicitarios que mantengan altos est\u00e1ndares \u00e9ticos.","link":{"title":"M\u00e1s informaci\u00f3n","url":"https:\/\/www.criteo.com\/es\/advertising-guidelines\/","target":""}},{"type":"GOBERNANZA","title":"Gobernanza y c\u00f3digo de conducta","description":"Las pol\u00edticas y directrices que siguen nuestro consejo y nuestra empresa.","link":{"title":"Descargar","url":"https:\/\/criteo.investorroom.com\/download\/Criteo+Code+of+Business+Conduct+and+Ethics_Branding+version+29+July+2022.pdf","target":"_blank"}}],"additional_note":"","additional_link":""}},{"acf_fc_layout":"faq_2025","faq_2025":{"caption":"Preguntas frecuentes","title":"\u00bfTienes preguntas? Nosotros tenemos las respuestas.","faqs":[{"faq_title":"\u00bfC\u00f3mo garantiza Criteo la privacidad de los datos?","faq_content":"<p>Criteo utiliza principios de &#8220;Privacy by Design&#8221;, seudonimizaci\u00f3n de datos y proporciona a los consumidores el control sobre sus datos mediante opciones de opt-out y medidas de transparencia.<\/p>\n"},{"faq_title":"\u00bfCu\u00e1les son las principales pr\u00e1cticas de Criteo en materia de privacidad?","faq_content":"<p>Criteo no recopila informaci\u00f3n de identificaci\u00f3n personal (PII), utiliza identificadores hash, respeta los opt-outs voluntarios de los usuarios y cumple con las normativas de protecci\u00f3n de datos como el RGPD y la CCPA.<\/p>\n"},{"faq_title":"\u00bfCumple Criteo la legislaci\u00f3n mundial sobre protecci\u00f3n de datos?","faq_content":"<p>S\u00ed, Criteo cumple con normativas como el RGPD (UE), la CCPA (California) y otras leyes regionales de privacidad de datos, y colabora estrechamente con organismos reguladores y equipos legales para mantenerse al d\u00eda.<\/p>\n"},{"faq_title":"\u00bfQu\u00e9 opciones tienen los usuarios para controlar sus datos con Criteo?","faq_content":"<p>Los usuarios pueden darse de baja de la publicidad de Criteo, acceder a la configuraci\u00f3n de privacidad y saber c\u00f3mo se utilizan sus datos a trav\u00e9s de portales transparentes de derechos del consumidor.<\/p>\n"},{"faq_title":"\u00bfC\u00f3mo apoya Criteo la transparencia?","faq_content":"<p>Criteo ofrece documentaci\u00f3n clara, recursos para el consumidor y puntos de contacto directos para garantizar que los usuarios y los socios comprenden sus pr\u00e1cticas en materia de datos.<\/p>\n"}]}}],"remove_header":false,"remove_footer":false,"add_password_protected_layout":false,"remove_from_internal_search":false,"strip_the_header":false,"override_buttons":false,"enable_slide-in":false},"yoast_head":"<!-- This site is optimized with the Yoast SEO plugin v26.4 - https:\/\/yoast.com\/wordpress\/plugins\/seo\/ -->\n<title>Trust Center | ES - Criteo<\/title>\n<meta name=\"description\" content=\"Nuestras pr\u00e1cticas en materia de \u00e9tica, privacidad, seguridad e integridad empresarial\" \/>\n<meta name=\"robots\" content=\"index, follow, max-snippet:-1, max-image-preview:large, max-video-preview:-1\" \/>\n<link rel=\"canonical\" href=\"https:\/\/www.criteo.com\/es\/trust-center\/\" \/>\n<meta property=\"og:locale\" content=\"es_ES\" \/>\n<meta property=\"og:type\" content=\"article\" \/>\n<meta property=\"og:title\" content=\"Trust Center | ES - Criteo\" \/>\n<meta property=\"og:description\" content=\"Nuestras pr\u00e1cticas en materia de \u00e9tica, privacidad, seguridad e integridad empresarial\" \/>\n<meta property=\"og:url\" content=\"https:\/\/www.criteo.com\/es\/trust-center\/\" \/>\n<meta property=\"og:site_name\" content=\"ES - Criteo\" \/>\n<meta property=\"article:modified_time\" content=\"2026-05-07T08:41:43+00:00\" \/>\n<meta name=\"twitter:card\" content=\"summary_large_image\" \/>\n<script type=\"application\/ld+json\" class=\"yoast-schema-graph\">{\n\t    \"@context\": \"https:\/\/schema.org\",\n\t    \"@graph\": [\n\t        {\n\t            \"@type\": \"WebPage\",\n\t            \"@id\": \"https:\/\/www.criteo.com\/es\/trust-center\/\",\n\t            \"url\": \"https:\/\/www.criteo.com\/es\/trust-center\/\",\n\t            \"name\": \"Trust Center | ES - Criteo\",\n\t            \"isPartOf\": {\n\t                \"@id\": \"https:\/\/www.criteo.com\/es\/#website\"\n\t            },\n\t            \"datePublished\": \"2025-12-12T16:23:20+00:00\",\n\t            \"dateModified\": \"2026-05-07T08:41:43+00:00\",\n\t            \"description\": \"Nuestras pr\u00e1cticas en materia de \u00e9tica, privacidad, seguridad e integridad empresarial\",\n\t            \"breadcrumb\": {\n\t                \"@id\": \"https:\/\/www.criteo.com\/es\/trust-center\/#breadcrumb\"\n\t            },\n\t            \"inLanguage\": \"es-ES\",\n\t            \"potentialAction\": [\n\t                {\n\t                    \"@type\": \"ReadAction\",\n\t                    \"target\": [\n\t                        \"https:\/\/www.criteo.com\/es\/trust-center\/\"\n\t                    ]\n\t                }\n\t            ]\n\t        },\n\t        {\n\t            \"@type\": \"BreadcrumbList\",\n\t            \"@id\": \"https:\/\/www.criteo.com\/es\/trust-center\/#breadcrumb\",\n\t            \"itemListElement\": [\n\t                {\n\t                    \"@type\": \"ListItem\",\n\t                    \"position\": 1,\n\t                    \"name\": \"Home\",\n\t                    \"item\": \"https:\/\/www.criteo.com\/es\/\"\n\t                },\n\t                {\n\t                    \"@type\": \"ListItem\",\n\t                    \"position\": 2,\n\t                    \"name\": \"Trust Center\"\n\t                }\n\t            ]\n\t        },\n\t        {\n\t            \"@type\": \"WebSite\",\n\t            \"@id\": \"https:\/\/www.criteo.com\/es\/#website\",\n\t            \"url\": \"https:\/\/www.criteo.com\/es\/\",\n\t            \"name\": \"ES - Criteo\",\n\t            \"description\": \"\",\n\t            \"publisher\": {\n\t                \"@id\": \"https:\/\/www.criteo.com\/es\/#organization\"\n\t            },\n\t            \"potentialAction\": [\n\t                {\n\t                    \"@type\": \"SearchAction\",\n\t                    \"target\": {\n\t                        \"@type\": \"EntryPoint\",\n\t                        \"urlTemplate\": \"https:\/\/www.criteo.com\/es\/?s={search_term_string}\"\n\t                    },\n\t                    \"query-input\": {\n\t                        \"@type\": \"PropertyValueSpecification\",\n\t                        \"valueRequired\": true,\n\t                        \"valueName\": \"search_term_string\"\n\t                    }\n\t                }\n\t            ],\n\t            \"inLanguage\": \"es-ES\"\n\t        },\n\t        {\n\t            \"@type\": \"Organization\",\n\t            \"@id\": \"https:\/\/www.criteo.com\/es\/#organization\",\n\t            \"name\": \"Criteo\",\n\t            \"alternateName\": \"Criteo corp\",\n\t            \"url\": \"https:\/\/www.criteo.com\/es\/\",\n\t            \"logo\": {\n\t                \"@type\": \"ImageObject\",\n\t                \"inLanguage\": \"es-ES\",\n\t                \"@id\": \"https:\/\/www.criteo.com\/es\/#\/schema\/logo\/image\/\",\n\t                \"url\": \"https:\/\/www.criteo.com\/es\/wp-content\/uploads\/sites\/8\/2024\/02\/Criteo-Logo.svg\",\n\t                \"contentUrl\": \"https:\/\/www.criteo.com\/es\/wp-content\/uploads\/sites\/8\/2024\/02\/Criteo-Logo.svg\",\n\t                \"width\": 118,\n\t                \"height\": 24,\n\t                \"caption\": \"Criteo\"\n\t            },\n\t            \"image\": {\n\t                \"@id\": \"https:\/\/www.criteo.com\/es\/#\/schema\/logo\/image\/\"\n\t            }\n\t        }\n\t    ]\n\t}<\/script>\n<!-- \/ Yoast SEO plugin. -->","yoast_head_json":{"title":"Trust Center | ES - Criteo","description":"Nuestras pr\u00e1cticas en materia de \u00e9tica, privacidad, seguridad e integridad empresarial","robots":{"index":"index","follow":"follow","max-snippet":"max-snippet:-1","max-image-preview":"max-image-preview:large","max-video-preview":"max-video-preview:-1"},"canonical":"https:\/\/www.criteo.com\/es\/trust-center\/","og_locale":"es_ES","og_type":"article","og_title":"Trust Center | ES - Criteo","og_description":"Nuestras pr\u00e1cticas en materia de \u00e9tica, privacidad, seguridad e integridad empresarial","og_url":"https:\/\/www.criteo.com\/es\/trust-center\/","og_site_name":"ES - Criteo","article_modified_time":"2026-05-07T08:41:43+00:00","twitter_card":"summary_large_image","schema":{"@context":"https:\/\/schema.org","@graph":[{"@type":"WebPage","@id":"https:\/\/www.criteo.com\/es\/trust-center\/","url":"https:\/\/www.criteo.com\/es\/trust-center\/","name":"Trust Center | ES - Criteo","isPartOf":{"@id":"https:\/\/www.criteo.com\/es\/#website"},"datePublished":"2025-12-12T16:23:20+00:00","dateModified":"2026-05-07T08:41:43+00:00","description":"Nuestras pr\u00e1cticas en materia de \u00e9tica, privacidad, seguridad e integridad empresarial","breadcrumb":{"@id":"https:\/\/www.criteo.com\/es\/trust-center\/#breadcrumb"},"inLanguage":"es-ES","potentialAction":[{"@type":"ReadAction","target":["https:\/\/www.criteo.com\/es\/trust-center\/"]}]},{"@type":"BreadcrumbList","@id":"https:\/\/www.criteo.com\/es\/trust-center\/#breadcrumb","itemListElement":[{"@type":"ListItem","position":1,"name":"Home","item":"https:\/\/www.criteo.com\/es\/"},{"@type":"ListItem","position":2,"name":"Trust Center"}]},{"@type":"WebSite","@id":"https:\/\/www.criteo.com\/es\/#website","url":"https:\/\/www.criteo.com\/es\/","name":"ES - Criteo","description":"","publisher":{"@id":"https:\/\/www.criteo.com\/es\/#organization"},"potentialAction":[{"@type":"SearchAction","target":{"@type":"EntryPoint","urlTemplate":"https:\/\/www.criteo.com\/es\/?s={search_term_string}"},"query-input":{"@type":"PropertyValueSpecification","valueRequired":true,"valueName":"search_term_string"}}],"inLanguage":"es-ES"},{"@type":"Organization","@id":"https:\/\/www.criteo.com\/es\/#organization","name":"Criteo","alternateName":"Criteo corp","url":"https:\/\/www.criteo.com\/es\/","logo":{"@type":"ImageObject","inLanguage":"es-ES","@id":"https:\/\/www.criteo.com\/es\/#\/schema\/logo\/image\/","url":"https:\/\/www.criteo.com\/es\/wp-content\/uploads\/sites\/8\/2024\/02\/Criteo-Logo.svg","contentUrl":"https:\/\/www.criteo.com\/es\/wp-content\/uploads\/sites\/8\/2024\/02\/Criteo-Logo.svg","width":118,"height":24,"caption":"Criteo"},"image":{"@id":"https:\/\/www.criteo.com\/es\/#\/schema\/logo\/image\/"}}]}},"_links":{"self":[{"href":"https:\/\/www.criteo.com\/es\/wp-json\/wp\/v2\/pages\/20550","targetHints":{"allow":["GET"]}}],"collection":[{"href":"https:\/\/www.criteo.com\/es\/wp-json\/wp\/v2\/pages"}],"about":[{"href":"https:\/\/www.criteo.com\/es\/wp-json\/wp\/v2\/types\/page"}],"author":[{"embeddable":true,"href":"https:\/\/www.criteo.com\/es\/wp-json\/wp\/v2\/users\/167"}],"replies":[{"embeddable":true,"href":"https:\/\/www.criteo.com\/es\/wp-json\/wp\/v2\/comments?post=20550"}],"version-history":[{"count":10,"href":"https:\/\/www.criteo.com\/es\/wp-json\/wp\/v2\/pages\/20550\/revisions"}],"predecessor-version":[{"id":20691,"href":"https:\/\/www.criteo.com\/es\/wp-json\/wp\/v2\/pages\/20550\/revisions\/20691"}],"wp:attachment":[{"href":"https:\/\/www.criteo.com\/es\/wp-json\/wp\/v2\/media?parent=20550"}],"wp:term":[{"taxonomy":"author","embeddable":true,"href":"https:\/\/www.criteo.com\/es\/wp-json\/wp\/v2\/coauthors?post=20550"}],"curies":[{"name":"wp","href":"https:\/\/api.w.org\/{rel}","templated":true}]}}