{"id":20577,"date":"2025-07-14T10:19:13","date_gmt":"2025-07-14T14:19:13","guid":{"rendered":"https:\/\/www.criteo.com\/?page_id=416620"},"modified":"2026-05-04T14:16:49","modified_gmt":"2026-05-04T12:16:49","slug":"business-integrity","status":"publish","type":"page","link":"https:\/\/www.criteo.com\/es\/trust-center\/business-integrity\/","title":{"rendered":"Business Integrity"},"content":{"rendered":"","protected":false},"excerpt":{"rendered":"","protected":false},"author":167,"featured_media":0,"parent":20550,"menu_order":0,"comment_status":"closed","ping_status":"closed","template":"page-templates\/pageModular2020.php","meta":{"_acf_changed":false,"footnotes":""},"coauthors":[593],"class_list":["post-20577","page","type-page","status-publish"],"acf":{"track_page_in_segment":false,"segment_page_name":"","remove_header":false,"add_password_protected_layout":false,"layouts":[{"acf_fc_layout":"customer_segments_hero_2025","customer_segments_hero_2025":{"caption":"INTEGRIDAD EMPRESARIAL","title_subtitle":"<h1>Nuestro compromiso con la integridad empresarial<\/h1>\n<p>Nos hemos ganado la confianza de clientes, socios y usuarios de todo el mundo. Esa confianza se basa no solo en la excelencia t\u00e9cnica, sino tambi\u00e9n en nuestra forma de hacer negocios: con integridad, transparencia y responsabilidad.<\/p>\n","logos_title":"","logos":false,"hero_right_image":{"ID":20489,"id":20489,"title":"business-integrity-hero","filename":"business-integrity-hero.png","filesize":201347,"url":"https:\/\/www.criteo.com\/es\/wp-content\/uploads\/sites\/8\/2026\/02\/business-integrity-hero.png","link":"https:\/\/www.criteo.com\/es\/platform\/commerce-yield\/business-integrity-hero\/","alt":"","author":"167","description":"","caption":"","name":"business-integrity-hero","status":"inherit","uploaded_to":20172,"date":"2026-02-12 15:27:27","modified":"2026-02-12 15:29:37","menu_order":0,"mime_type":"image\/png","type":"image","subtype":"png","icon":"https:\/\/www.criteo.com\/es\/wp-includes\/images\/media\/default.png","width":1378,"height":937,"sizes":{"thumbnail":"https:\/\/www.criteo.com\/es\/wp-content\/uploads\/sites\/8\/2026\/02\/business-integrity-hero-150x150.png","thumbnail-width":150,"thumbnail-height":150,"medium":"https:\/\/www.criteo.com\/es\/wp-content\/uploads\/sites\/8\/2026\/02\/business-integrity-hero-300x204.png","medium-width":300,"medium-height":204,"medium_large":"https:\/\/www.criteo.com\/es\/wp-content\/uploads\/sites\/8\/2026\/02\/business-integrity-hero-768x522.png","medium_large-width":640,"medium_large-height":435,"large":"https:\/\/www.criteo.com\/es\/wp-content\/uploads\/sites\/8\/2026\/02\/business-integrity-hero-1024x696.png","large-width":640,"large-height":435,"1536x1536":"https:\/\/www.criteo.com\/es\/wp-content\/uploads\/sites\/8\/2026\/02\/business-integrity-hero.png","1536x1536-width":1378,"1536x1536-height":937,"2048x2048":"https:\/\/www.criteo.com\/es\/wp-content\/uploads\/sites\/8\/2026\/02\/business-integrity-hero.png","2048x2048-width":1378,"2048x2048-height":937,"success-story":"https:\/\/www.criteo.com\/es\/wp-content\/uploads\/sites\/8\/2026\/02\/business-integrity-hero-630x428.png","success-story-width":630,"success-story-height":428,"profile_24":"https:\/\/www.criteo.com\/es\/wp-content\/uploads\/sites\/8\/2026\/02\/business-integrity-hero-24x24.png","profile_24-width":24,"profile_24-height":24,"profile_48":"https:\/\/www.criteo.com\/es\/wp-content\/uploads\/sites\/8\/2026\/02\/business-integrity-hero-48x48.png","profile_48-width":48,"profile_48-height":48,"profile_96":"https:\/\/www.criteo.com\/es\/wp-content\/uploads\/sites\/8\/2026\/02\/business-integrity-hero-96x96.png","profile_96-width":96,"profile_96-height":96,"profile_150":"https:\/\/www.criteo.com\/es\/wp-content\/uploads\/sites\/8\/2026\/02\/business-integrity-hero-150x150.png","profile_150-width":150,"profile_150-height":150,"profile_300":"https:\/\/www.criteo.com\/es\/wp-content\/uploads\/sites\/8\/2026\/02\/business-integrity-hero-300x300.png","profile_300-width":300,"profile_300-height":300}},"background_gradient":"C-growth","cta_button":{"type":"external","text":"","link_internal":null,"link_media":false,"link_external":"","link_embed":"","link_email":"","email_subject":"","page_element_id":"","variant":"light","ai_variant":"gradient-border","icon":"thin-arrow-right","ai_icon":"none","new_window":[],"track_button":false,"button_location":false,"event_type":false,"button_classes":"","button_message":""},"additional_buttons":false}},{"acf_fc_layout":"info_boxes_2025","info_boxes_2025":{"title":"Los valores que nos gu\u00edan","subtitle":"La integridad empresarial en Criteo es una responsabilidad compartida, anclada en nuestros valores, respaldada por nuestro liderazgo e integrada en nuestras acciones cotidianas.","add_labels":false,"info_boxes":[{"label":"","title":"Normas \u00e9ticas y de conducta","description":"Desde la lucha contra el soborno hasta el tratamiento responsable de los datos, nuestro C\u00f3digo de Conducta Empresarial y \u00c9tica ofrece una orientaci\u00f3n clara para la toma de decisiones \u00e9ticas.","optional_link":""},{"label":"","title":"Integridad en las acciones cotidianas","description":"Respaldamos el comportamiento \u00e9tico mediante pol\u00edticas, controles y formaci\u00f3n dise\u00f1ados para ayudar a los empleados a identificar y gestionar los riesgos relacionados con la integridad en su trabajo diario.","optional_link":""},{"label":"","title":"Responsabilidad compartida","description":"La integridad va m\u00e1s all\u00e1 de nuestras  propias operaciones. Esperamos que  nuestros proveedores, socios y terceros se  adhieran a una conducta \u00e9tica coherente  con nuestros valores y exigencias.","optional_link":""},{"label":"","title":"Hablar sin miedo","description":"Animamos y protegemos a los empleados y a las partes interesadas externas para que hablen claro. Existen canales seguros y confidenciales para hacerlo, respaldados por el compromiso de que nadie sufrir\u00e1 represalias por plantear una inquietud de buena fe.","optional_link":""}]}},{"acf_fc_layout":"text_only_2025","text_only_2025":{"caption":"","title":"","description":"","text":"<h3 style=\"text-align: center;\"><em>&#8220;La confianza y la integridad gu\u00edan todo lo que hacemos&#8221;.<\/em><\/h3>\n<p style=\"text-align: center;\">&#8211; Michael Komasinski, Chief Executive Officer<\/p>\n<h3 style=\"text-align: center;\">\u00a0<img loading=\"lazy\" decoding=\"async\" class=\"alignnone wp-image-413951\" src=\"https:\/\/www.criteo.com\/wp-content\/uploads\/2025\/06\/michael-komasinski-square-1.png\" alt=\"\" width=\"106\" height=\"106\" \/><\/h3>\n"}},{"acf_fc_layout":"cta_block_2025","cta_block_2025":{"style":"v1","color_scheme":"dark_blue","color_scheme_2":"dark_blue","subtitle":"<h3>M\u00e1s informaci\u00f3n sobre nuestro compromiso con la responsabilidad empresarial<\/h3>\n<p>Descubre nuestra gobernanza, pol\u00edticas y compromisos p\u00fablicos.<\/p>\n","link":{"title":"Visita la informaci\u00f3n para inversores","url":"https:\/\/criteo.investorroom.com\/","target":"_blank"}}},{"acf_fc_layout":"text_only_2025","text_only_2025":{"caption":"","title":"","description":"","text":"<p><img loading=\"lazy\" decoding=\"async\" class=\"wp-image-417828 aligncenter\" src=\"https:\/\/www.criteo.com\/wp-content\/uploads\/2026\/03\/UNGC_Logo-removebg-preview.png\" alt=\"\" width=\"177\" height=\"176\" \/><\/p>\n<h3 style=\"text-align: center;\">Fomento de la responsabilidad global<\/h3>\n<p style=\"text-align: center;\">Estamos comprometidos con la iniciativa de responsabilidad corporativa del Pacto Mundial de las Naciones Unidas y sus principios en materia de derechos humanos, trabajo, medio ambiente y lucha contra la corrupci\u00f3n.<\/p>\n"}}],"additional_code":"","use_transparent_header":true,"remove_footer":false,"use_transparent_header_dark_menus":false,"use_transparent_header_normal":false,"background_color_modular":"neutral gray","remove_from_internal_search":false,"strip_the_header":false,"header_buttons_override":[{"button":{"type":"internal","text":"","link_internal":"0","link_media":false,"link_external":"","link_embed":"","link_email":"","email_subject":"","page_element_id":"","variant":"default","ai_variant":"gradient-border","icon":"none","ai_icon":"none","new_window":[],"track_button":false,"button_location":false,"event_type":false,"button_classes":"","button_message":""}},{"button":{"type":"internal","text":"","link_internal":"0","link_media":false,"link_external":"","link_embed":"","link_email":"","email_subject":"","page_element_id":"","variant":"default","ai_variant":"gradient-border","icon":"none","ai_icon":"none","new_window":[],"track_button":false,"button_location":false,"event_type":false,"button_classes":"","button_message":""}},{"button":{"type":"internal","text":"","link_internal":"0","link_media":false,"link_external":"","link_embed":"","link_email":"","email_subject":"","page_element_id":"","variant":"default","ai_variant":"gradient-border","icon":"none","ai_icon":"none","new_window":[],"track_button":false,"button_location":false,"event_type":false,"button_classes":"","button_message":""}}],"override_buttons":false,"enable_slide-in":false},"yoast_head":"<!-- This site is optimized with the Yoast SEO plugin v26.4 - https:\/\/yoast.com\/wordpress\/plugins\/seo\/ -->\n<title>Business Integrity | ES - Criteo<\/title>\n<meta name=\"description\" content=\"Descubre nuestro compromiso con la integridad empresarial, las pr\u00e1cticas responsables y la gobernanza \u00e9tica.\" \/>\n<meta name=\"robots\" content=\"index, follow, max-snippet:-1, max-image-preview:large, max-video-preview:-1\" \/>\n<link rel=\"canonical\" href=\"https:\/\/www.criteo.com\/es\/trust-center\/business-integrity\/\" \/>\n<meta property=\"og:locale\" content=\"es_ES\" \/>\n<meta property=\"og:type\" content=\"article\" \/>\n<meta property=\"og:title\" content=\"Business Integrity | ES - Criteo\" \/>\n<meta property=\"og:description\" content=\"Descubre nuestro compromiso con la integridad empresarial, las pr\u00e1cticas responsables y la gobernanza \u00e9tica.\" \/>\n<meta property=\"og:url\" content=\"https:\/\/www.criteo.com\/es\/trust-center\/business-integrity\/\" \/>\n<meta property=\"og:site_name\" content=\"ES - Criteo\" \/>\n<meta property=\"article:modified_time\" content=\"2026-05-04T12:16:49+00:00\" \/>\n<meta name=\"twitter:card\" content=\"summary_large_image\" \/>\n<script type=\"application\/ld+json\" class=\"yoast-schema-graph\">{\n\t    \"@context\": \"https:\/\/schema.org\",\n\t    \"@graph\": [\n\t        {\n\t            \"@type\": \"WebPage\",\n\t            \"@id\": \"https:\/\/www.criteo.com\/es\/trust-center\/business-integrity\/\",\n\t            \"url\": \"https:\/\/www.criteo.com\/es\/trust-center\/business-integrity\/\",\n\t            \"name\": \"Business Integrity | ES - Criteo\",\n\t            \"isPartOf\": {\n\t                \"@id\": \"https:\/\/www.criteo.com\/es\/#website\"\n\t            },\n\t            \"datePublished\": \"2025-07-14T14:19:13+00:00\",\n\t            \"dateModified\": \"2026-05-04T12:16:49+00:00\",\n\t            \"description\": \"Descubre nuestro compromiso con la integridad empresarial, las pr\u00e1cticas responsables y la gobernanza \u00e9tica.\",\n\t            \"breadcrumb\": {\n\t                \"@id\": \"https:\/\/www.criteo.com\/es\/trust-center\/business-integrity\/#breadcrumb\"\n\t            },\n\t            \"inLanguage\": \"es-ES\",\n\t            \"potentialAction\": [\n\t                {\n\t                    \"@type\": \"ReadAction\",\n\t                    \"target\": [\n\t                        \"https:\/\/www.criteo.com\/es\/trust-center\/business-integrity\/\"\n\t                    ]\n\t                }\n\t            ]\n\t        },\n\t        {\n\t            \"@type\": \"BreadcrumbList\",\n\t            \"@id\": \"https:\/\/www.criteo.com\/es\/trust-center\/business-integrity\/#breadcrumb\",\n\t            \"itemListElement\": [\n\t                {\n\t                    \"@type\": \"ListItem\",\n\t                    \"position\": 1,\n\t                    \"name\": \"Home\",\n\t                    \"item\": \"https:\/\/www.criteo.com\/es\/\"\n\t                },\n\t                {\n\t                    \"@type\": \"ListItem\",\n\t                    \"position\": 2,\n\t                    \"name\": \"Trust Center\",\n\t                    \"item\": \"https:\/\/www.criteo.com\/es\/trust-center\/\"\n\t                },\n\t                {\n\t                    \"@type\": \"ListItem\",\n\t                    \"position\": 3,\n\t                    \"name\": \"Business Integrity\"\n\t                }\n\t            ]\n\t        },\n\t        {\n\t            \"@type\": \"WebSite\",\n\t            \"@id\": \"https:\/\/www.criteo.com\/es\/#website\",\n\t            \"url\": \"https:\/\/www.criteo.com\/es\/\",\n\t            \"name\": \"ES - Criteo\",\n\t            \"description\": \"\",\n\t            \"publisher\": {\n\t                \"@id\": \"https:\/\/www.criteo.com\/es\/#organization\"\n\t            },\n\t            \"potentialAction\": [\n\t                {\n\t                    \"@type\": \"SearchAction\",\n\t                    \"target\": {\n\t                        \"@type\": \"EntryPoint\",\n\t                        \"urlTemplate\": \"https:\/\/www.criteo.com\/es\/?s={search_term_string}\"\n\t                    },\n\t                    \"query-input\": {\n\t                        \"@type\": \"PropertyValueSpecification\",\n\t                        \"valueRequired\": true,\n\t                        \"valueName\": \"search_term_string\"\n\t                    }\n\t                }\n\t            ],\n\t            \"inLanguage\": \"es-ES\"\n\t        },\n\t        {\n\t            \"@type\": \"Organization\",\n\t            \"@id\": \"https:\/\/www.criteo.com\/es\/#organization\",\n\t            \"name\": \"Criteo\",\n\t            \"alternateName\": \"Criteo corp\",\n\t            \"url\": \"https:\/\/www.criteo.com\/es\/\",\n\t            \"logo\": {\n\t                \"@type\": \"ImageObject\",\n\t                \"inLanguage\": \"es-ES\",\n\t                \"@id\": \"https:\/\/www.criteo.com\/es\/#\/schema\/logo\/image\/\",\n\t                \"url\": \"https:\/\/www.criteo.com\/es\/wp-content\/uploads\/sites\/8\/2024\/02\/Criteo-Logo.svg\",\n\t                \"contentUrl\": \"https:\/\/www.criteo.com\/es\/wp-content\/uploads\/sites\/8\/2024\/02\/Criteo-Logo.svg\",\n\t                \"width\": 118,\n\t                \"height\": 24,\n\t                \"caption\": \"Criteo\"\n\t            },\n\t            \"image\": {\n\t                \"@id\": \"https:\/\/www.criteo.com\/es\/#\/schema\/logo\/image\/\"\n\t            }\n\t        }\n\t    ]\n\t}<\/script>\n<!-- \/ Yoast SEO plugin. -->","yoast_head_json":{"title":"Business Integrity | ES - Criteo","description":"Descubre nuestro compromiso con la integridad empresarial, las pr\u00e1cticas responsables y la gobernanza \u00e9tica.","robots":{"index":"index","follow":"follow","max-snippet":"max-snippet:-1","max-image-preview":"max-image-preview:large","max-video-preview":"max-video-preview:-1"},"canonical":"https:\/\/www.criteo.com\/es\/trust-center\/business-integrity\/","og_locale":"es_ES","og_type":"article","og_title":"Business Integrity | ES - Criteo","og_description":"Descubre nuestro compromiso con la integridad empresarial, las pr\u00e1cticas responsables y la gobernanza \u00e9tica.","og_url":"https:\/\/www.criteo.com\/es\/trust-center\/business-integrity\/","og_site_name":"ES - Criteo","article_modified_time":"2026-05-04T12:16:49+00:00","twitter_card":"summary_large_image","schema":{"@context":"https:\/\/schema.org","@graph":[{"@type":"WebPage","@id":"https:\/\/www.criteo.com\/es\/trust-center\/business-integrity\/","url":"https:\/\/www.criteo.com\/es\/trust-center\/business-integrity\/","name":"Business Integrity | ES - Criteo","isPartOf":{"@id":"https:\/\/www.criteo.com\/es\/#website"},"datePublished":"2025-07-14T14:19:13+00:00","dateModified":"2026-05-04T12:16:49+00:00","description":"Descubre nuestro compromiso con la integridad empresarial, las pr\u00e1cticas responsables y la gobernanza \u00e9tica.","breadcrumb":{"@id":"https:\/\/www.criteo.com\/es\/trust-center\/business-integrity\/#breadcrumb"},"inLanguage":"es-ES","potentialAction":[{"@type":"ReadAction","target":["https:\/\/www.criteo.com\/es\/trust-center\/business-integrity\/"]}]},{"@type":"BreadcrumbList","@id":"https:\/\/www.criteo.com\/es\/trust-center\/business-integrity\/#breadcrumb","itemListElement":[{"@type":"ListItem","position":1,"name":"Home","item":"https:\/\/www.criteo.com\/es\/"},{"@type":"ListItem","position":2,"name":"Trust Center","item":"https:\/\/www.criteo.com\/es\/trust-center\/"},{"@type":"ListItem","position":3,"name":"Business Integrity"}]},{"@type":"WebSite","@id":"https:\/\/www.criteo.com\/es\/#website","url":"https:\/\/www.criteo.com\/es\/","name":"ES - Criteo","description":"","publisher":{"@id":"https:\/\/www.criteo.com\/es\/#organization"},"potentialAction":[{"@type":"SearchAction","target":{"@type":"EntryPoint","urlTemplate":"https:\/\/www.criteo.com\/es\/?s={search_term_string}"},"query-input":{"@type":"PropertyValueSpecification","valueRequired":true,"valueName":"search_term_string"}}],"inLanguage":"es-ES"},{"@type":"Organization","@id":"https:\/\/www.criteo.com\/es\/#organization","name":"Criteo","alternateName":"Criteo corp","url":"https:\/\/www.criteo.com\/es\/","logo":{"@type":"ImageObject","inLanguage":"es-ES","@id":"https:\/\/www.criteo.com\/es\/#\/schema\/logo\/image\/","url":"https:\/\/www.criteo.com\/es\/wp-content\/uploads\/sites\/8\/2024\/02\/Criteo-Logo.svg","contentUrl":"https:\/\/www.criteo.com\/es\/wp-content\/uploads\/sites\/8\/2024\/02\/Criteo-Logo.svg","width":118,"height":24,"caption":"Criteo"},"image":{"@id":"https:\/\/www.criteo.com\/es\/#\/schema\/logo\/image\/"}}]}},"_links":{"self":[{"href":"https:\/\/www.criteo.com\/es\/wp-json\/wp\/v2\/pages\/20577","targetHints":{"allow":["GET"]}}],"collection":[{"href":"https:\/\/www.criteo.com\/es\/wp-json\/wp\/v2\/pages"}],"about":[{"href":"https:\/\/www.criteo.com\/es\/wp-json\/wp\/v2\/types\/page"}],"author":[{"embeddable":true,"href":"https:\/\/www.criteo.com\/es\/wp-json\/wp\/v2\/users\/167"}],"replies":[{"embeddable":true,"href":"https:\/\/www.criteo.com\/es\/wp-json\/wp\/v2\/comments?post=20577"}],"version-history":[{"count":3,"href":"https:\/\/www.criteo.com\/es\/wp-json\/wp\/v2\/pages\/20577\/revisions"}],"predecessor-version":[{"id":20582,"href":"https:\/\/www.criteo.com\/es\/wp-json\/wp\/v2\/pages\/20577\/revisions\/20582"}],"up":[{"embeddable":true,"href":"https:\/\/www.criteo.com\/es\/wp-json\/wp\/v2\/pages\/20550"}],"wp:attachment":[{"href":"https:\/\/www.criteo.com\/es\/wp-json\/wp\/v2\/media?parent=20577"}],"wp:term":[{"taxonomy":"author","embeddable":true,"href":"https:\/\/www.criteo.com\/es\/wp-json\/wp\/v2\/coauthors?post=20577"}],"curies":[{"name":"wp","href":"https:\/\/api.w.org\/{rel}","templated":true}]}}