{"id":20626,"date":"2024-12-23T16:40:56","date_gmt":"2024-12-23T21:40:56","guid":{"rendered":"https:\/\/www.criteo.com\/?page_id=410772"},"modified":"2026-05-07T11:17:55","modified_gmt":"2026-05-07T09:17:55","slug":"privacy-commitment","status":"publish","type":"page","link":"https:\/\/www.criteo.com\/es\/trust-center\/privacy-commitment\/","title":{"rendered":"Privacy Commitment"},"content":{"rendered":"","protected":false},"excerpt":{"rendered":"","protected":false},"author":55,"featured_media":0,"parent":20550,"menu_order":0,"comment_status":"closed","ping_status":"closed","template":"page-templates\/pageModular2020.php","meta":{"_acf_changed":false,"footnotes":""},"coauthors":[541],"class_list":["post-20626","page","type-page","status-publish"],"acf":{"stae_popup_enable":false,"track_page_in_segment":false,"segment_page_name":"","layouts":[{"acf_fc_layout":"hero_2023","hero_2023":{"section_customization":{"anchor_id":"","background_type":"solid-color","background_color":{"color":"snowy-mint"},"background_gradient":"","background_image":false,"background_image_position":"center-center","background_overlay":"none","use_custom_paddings":false,"custom_padding":{"desktop_top":"","desktop_bottom":"","mobile_top":"","mobile_bottom":""},"use_custom_margins":false,"custom_margins":{"desktop_top_margin":"","desktop_bottom_margin":"","mobile_top_margin":"","mobile_bottom_margin":""}},"intro":{"intro":{"show_intro_block":true,"image_as_caption":false,"image":false,"caption":"PRIVACIDAD","caption_is_page_title":false,"title":"Servicios de publicidad que priorizan la privacidad","title_size":"h4","description":"<p>Todo lo que dise\u00f1amos y desarrollamos sigue nuestra \u00e9tica Privacy by Design (o privacidad desde el dise\u00f1o), que garantiza los m\u00e1s altos est\u00e1ndares de confidencialidad, disponibilidad y seguridad para los usuarios.<\/p>\n","description_font_size":"default"}},"button":{"type":"internal","text":"","link_internal":"","link_media":false,"link_external":"https:\/\/www.criteo.com\/talk-to-an-expert\/","link_embed":"","link_email":"","email_subject":"","page_element_id":"","variant":"default","ai_variant":"gradient-border","icon":"none","ai_icon":"none","new_window":[],"track_button":false,"button_location":false,"event_type":false,"button_classes":"","button_message":""},"add_image":false,"image":false}},{"acf_fc_layout":"product_details","product_details":{"section_customization":{"anchor_id":"","background_type":"solid-color","background_color":{"color":"natural-smoke"},"background_gradient":"","background_image":false,"background_image_position":"center-center","background_overlay":"none","use_custom_paddings":false,"custom_padding":{"desktop_top":"100","desktop_bottom":"75","mobile_top":"25","mobile_bottom":"25"},"use_custom_margins":false,"custom_margins":{"desktop_top_margin":"","desktop_bottom_margin":"","mobile_top_margin":"","mobile_bottom_margin":""}},"intro":{"intro":{"show_intro_block":true,"image_as_caption":false,"image":false,"caption":"","caption_is_page_title":false,"title":"Nuestro compromiso con la privacidad","title_size":"h4","description":"<p>Con sede en Par\u00eds, Francia, Criteo es una empresa global con una s\u00f3lida base en normativas de privacidad, est\u00e1ndares del sector y buenas pr\u00e1cticas.<\/p>\n<p>Nuestros servicios se construyen con el m\u00e1ximo respeto por la privacidad de los usuarios, incluido el uso de tecnolog\u00edas como la seudonimizaci\u00f3n y pr\u00e1cticas como la minimizaci\u00f3n de datos.<\/p>\n<p>Para poder mantener nuestro compromiso con relaci\u00f3n a la privacidad, creamos una oficina de privacidad y designamos a un delegado de protecci\u00f3n de datos (DPO) que colabora estrechamente con nuestros equipos de I+D y de Producto.<\/p>\n","description_font_size":"default"}},"row_nums":"single","intro_inside_a_column":true,"switch_columns":false,"use_wider_layout":true,"use_wider_intro":true,"add_additional_boxes_below":false,"add_three_stats_above":false,"top_align_columns":false,"uo_list_style_discs":false,"":null,"stats":false,"media_type":"image","image":{"ID":20632,"id":20632,"title":"Cyber security, personal data protection, and business privacy concept. Shield and lock icon in the air while woman scanned by her finger for access identification while using laptop computer.","filename":"Privacy-scaled-1.jpeg","filesize":84656,"url":"https:\/\/www.criteo.com\/es\/wp-content\/uploads\/sites\/8\/2026\/04\/Privacy-scaled-1.jpeg","link":"https:\/\/www.criteo.com\/es\/?attachment_id=20632","alt":"","author":"195","description":"","caption":"Cyber security, personal data protection, and business privacy concept. Shield and lock icon in the air while woman scanned by her finger for access identification while using laptop computer.","name":"cyber-security-personal-data-protection-and-business-privacy-concept-shield-and-lock-icon-in-the-air-while-woman-scanned-by-her-finger-for-access-identification-while-using-laptop-computer","status":"inherit","uploaded_to":20633,"date":"2026-04-30 12:48:19","modified":"2026-04-30 12:50:17","menu_order":0,"mime_type":"image\/jpeg","type":"image","subtype":"jpeg","icon":"https:\/\/www.criteo.com\/es\/wp-includes\/images\/media\/default.png","width":2048,"height":1536,"sizes":{"thumbnail":"https:\/\/www.criteo.com\/es\/wp-content\/uploads\/sites\/8\/2026\/04\/Privacy-scaled-1-150x150.jpeg","thumbnail-width":150,"thumbnail-height":150,"medium":"https:\/\/www.criteo.com\/es\/wp-content\/uploads\/sites\/8\/2026\/04\/Privacy-scaled-1-300x225.jpeg","medium-width":300,"medium-height":225,"medium_large":"https:\/\/www.criteo.com\/es\/wp-content\/uploads\/sites\/8\/2026\/04\/Privacy-scaled-1-768x576.jpeg","medium_large-width":640,"medium_large-height":480,"large":"https:\/\/www.criteo.com\/es\/wp-content\/uploads\/sites\/8\/2026\/04\/Privacy-scaled-1-1024x768.jpeg","large-width":640,"large-height":480,"1536x1536":"https:\/\/www.criteo.com\/es\/wp-content\/uploads\/sites\/8\/2026\/04\/Privacy-scaled-1-1536x1152.jpeg","1536x1536-width":1536,"1536x1536-height":1152,"2048x2048":"https:\/\/www.criteo.com\/es\/wp-content\/uploads\/sites\/8\/2026\/04\/Privacy-scaled-1.jpeg","2048x2048-width":2048,"2048x2048-height":1536,"success-story":"https:\/\/www.criteo.com\/es\/wp-content\/uploads\/sites\/8\/2026\/04\/Privacy-scaled-1-630x473.jpeg","success-story-width":630,"success-story-height":473,"profile_24":"https:\/\/www.criteo.com\/es\/wp-content\/uploads\/sites\/8\/2026\/04\/Privacy-scaled-1-24x24.jpeg","profile_24-width":24,"profile_24-height":24,"profile_48":"https:\/\/www.criteo.com\/es\/wp-content\/uploads\/sites\/8\/2026\/04\/Privacy-scaled-1-48x48.jpeg","profile_48-width":48,"profile_48-height":48,"profile_96":"https:\/\/www.criteo.com\/es\/wp-content\/uploads\/sites\/8\/2026\/04\/Privacy-scaled-1-96x96.jpeg","profile_96-width":96,"profile_96-height":96,"profile_150":"https:\/\/www.criteo.com\/es\/wp-content\/uploads\/sites\/8\/2026\/04\/Privacy-scaled-1-150x150.jpeg","profile_150-width":150,"profile_150-height":150,"profile_300":"https:\/\/www.criteo.com\/es\/wp-content\/uploads\/sites\/8\/2026\/04\/Privacy-scaled-1-300x300.jpeg","profile_300-width":300,"profile_300-height":300}},"background_wave":false,"video_iframe_url":"","icon":false,"subtitle":"","description":"","link_list":false,"stack_links":false,"block_links":false,"cta_button":{"type":"internal","text":"","link_internal":"","link_media":false,"link_external":"","link_embed":"","link_email":"","email_subject":"","page_element_id":"","variant":"default","ai_variant":"gradient-border","icon":"none","ai_icon":"none","new_window":[],"track_button":false,"button_location":false,"event_type":false,"button_classes":"","button_message":""},"product_detail_rows":false,"additional_boxes_subtitle":"","left_align_subtitle":false,"use_learn_more_button":false,"boxes":false}},{"acf_fc_layout":"text_only","text_only":{"section_customization":{"anchor_id":"","background_type":"none","background_color":{"color":"Sunrise"},"background_gradient":"","background_image":false,"background_image_position":"center-center","background_overlay":"none","use_custom_paddings":false,"custom_padding":{"desktop_top":"180","desktop_bottom":"170","mobile_top":"25","mobile_bottom":"25"},"use_custom_margins":false,"custom_margins":{"desktop_top_margin":"","desktop_bottom_margin":"","mobile_top_margin":"","mobile_bottom_margin":""}},"intro":{"intro":{"show_intro_block":true,"image_as_caption":false,"image":false,"caption":"","caption_is_page_title":false,"title":"Nuestros pilares de privacidad","title_size":"h4","description":"<p>Estas son las reglas que seguimos para proteger a los usuarios, clientes y socios.<\/p>\n<p>&nbsp;<\/p>\n","description_font_size":"default"}},"text_in_two_columns":false,"text":"\n<table id=\"tablepress-5\" class=\"tablepress tablepress-id-5 tablepress-responsive\">\n<tbody class=\"row-striping row-hover\">\n<tr class=\"row-1\">\n\t<td class=\"column-1\"><h5>1. Garantizar la privacidad mediante la seudonimizaci\u00f3n y la minimizaci\u00f3n de datos<\/h5><br \/>\nNo usamos ninguna informaci\u00f3n de identificaci\u00f3n personal, como nombres, emails o n\u00fameros de tel\u00e9fono, para proporcionar nuestros servicios. Nuestras tecnolog\u00edas se basan en identificadores seudonimizados que no permiten identificar directamente a los usuarios (p. ej., un UID de Criteo, un identificador de publicidad de un dispositivo o un email con hashing) y datos limitados, como las especificaciones t\u00e9cnicas del dispositivo de un usuario y eventos de navegaci\u00f3n como productos vistos y comprados. Nunca recopilamos ni usamos informaci\u00f3n sensible como raza u origen \u00e9tnico, opiniones pol\u00edticas, creencias religiosas, datos gen\u00e9ticos o biom\u00e9tricos, datos de salud y cualquier dato relativo a la vida sexual o la orientaci\u00f3n sexual de una persona. Para m\u00e1s informaci\u00f3n, consulta nuestra <a href=\"https:\/\/www.criteo.com\/es\/privacy\/how-we-use-your-data\/\" target=\"_blank\">Pol\u00edtica de privacidad<\/a>.<\/td>\n<\/tr>\n<tr class=\"row-2\">\n\t<td class=\"column-1\"><h5>2. Limitar la conservaci\u00f3n de datos a lo estrictamente necesario<\/h5><br \/>\nMantenemos los datos de los usuarios durante un m\u00e1ximo de 13 meses desde la fecha de recopilaci\u00f3n. Mientras cumplimos las normativas de privacidad, este periodo tambi\u00e9n aumenta el valor para nuestros clientes y socios al habilitar varias capacidades esenciales, incluida la limitaci\u00f3n de frecuencia, la medici\u00f3n y la comprensi\u00f3n de las intenciones de compra. Solo se conservan datos agregados (p. ej., el n\u00famero total de ventas que realiza un socio) despu\u00e9s de este periodo de 13 meses.<\/td>\n<\/tr>\n<tr class=\"row-3\">\n\t<td class=\"column-1\"><h5>3. Garantizar la residencia de los datos personales lo m\u00e1s cerca posible de nuestros clientes y socios<\/h5><br \/>\nTrabajamos para procesar los datos confiados por nuestros clientes y socios en el centro de datos m\u00e1s cercano, seg\u00fan las ubicaciones respectivas del usuario y de nuestro cliente o socio. Los datos de los usuarios recopilados por nuestros clientes y socios europeos se procesan y almacenan en los centros de datos de Criteo en Francia y los Pa\u00edses Bajos. Para clientes y socios ubicados en Am\u00e9rica o la regi\u00f3n APAC, los datos de usuarios se recopilan y procesan en sus respectivas regiones geogr\u00e1ficas; solo se procesan anal\u00edticas de datos a trav\u00e9s de nuestras plataformas basadas en Europa dentro de nuestras aplicaciones SaaS de nube privada.<\/td>\n<\/tr>\n<tr class=\"row-4\">\n\t<td class=\"column-1\"><h5>4. Pon\u00e9rselo f\u00e1cil a los usuarios para que ejerzan sus derechos<\/h5><br \/>\nPriorizamos la transparencia y ponemos en manos de los usuarios todas las herramientas necesarias para que puedan ejercer sus derechos conforme a las leyes y normativas aplicables, particularmente el Reglamento General de Protecci\u00f3n de Datos (GDPR) o la Ley de Privacidad del Consumidor de California (CCPA). Hemos implementado procesos claros y f\u00e1ciles para garantizar que los usuarios puedan ejercer f\u00e1cilmente sus derechos, como acceso, eliminaci\u00f3n y exclusi\u00f3n. Nuestro equipo de privacidad especializado est\u00e1 siempre disponible para ayudar con cualquier consulta relacionada con datos, y nos comprometemos a responder de forma r\u00e1pida y eficaz a todas las solicitudes. Para m\u00e1s informaci\u00f3n, lee nuestra  <a href=\"https:\/\/www.criteo.com\/es\/privacy\/your-rights\/\" target=\"_blank\">Pol\u00edtica de privacidad<\/a>.<\/td>\n<\/tr>\n<tr class=\"row-5\">\n\t<td class=\"column-1\"><h5>5. Exigir muchos requisitos a nuestros clientes y socios<\/h5><br \/>\nPara mantener un ecosistema publicitario de confianza, esperamos que nuestros clientes y socios se adhieran a estrictos est\u00e1ndares \u00e9ticos y cumplan de forma rigurosa las leyes y normativas de privacidad aplicables. Les exigimos contractualmente mostrar avisos e informaci\u00f3n de privacidad oportunos en sus sitios web y apps m\u00f3viles, obtener el consentimiento del usuario antes de colocar en su dispositivo o navegador las cookies y etiquetas de Criteo, y ofrecer a los usuarios una forma f\u00e1cil de desactivar los servicios de Criteo. Para m\u00e1s informaci\u00f3n, lee las  <a href=\"https:\/\/www.criteo.com\/es\/criteo-privacy-guidelines-for-clients-and-publisher-partners\/\" target=\"_blank\">Directrices de privacidad de Criteo para clientes y partners publishers<\/a>.<\/td>\n<\/tr>\n<\/tbody>\n<\/table>\n<!-- #tablepress-5 from cache -->\n","text_second_column":""}},{"acf_fc_layout":"info_boxes_2025","info_boxes_2025":{"title":"Creemos en una mayor transparencia en la publicidad personalizada","subtitle":"Participamos en las principales iniciativas del sector para promover una mayor transparencia y control del usuario sobre la publicidad personalizada.","add_labels":false,"info_boxes":[{"label":"","title":"Digital Advertising Alliance","description":"Criteo cumple con los principios autorreguladores de la  <a href=\"https:\/\/digitaladvertisingalliance.org\/principles\" target=\"_blank\" rel=\"noopener noreferrer\">Digital Advertising Alliance (DAA) para la publicidad basada en el comportamiento online<\/a> y se ha adherido a la plataforma de cancelaci\u00f3n de suscripciones <a href=\"http:\/\/optout.aboutads.info\/?c=2&amp;lang=EN\" target=\"_blank\" rel=\"noopener noreferrer\">\u201cYourAdChoices\u201d de DAA<\/a>, que brinda la oportunidad de expresar las elecciones publicitarias online a todos sus participantes, incluido el deseo de desactivar sus servicios.<br> <br> <div><a href=\"https:\/\/digitaladvertisingalliance.org\/principles\" target=\"_blank\"><img style=\"border: none\" src=\"https:\/\/www.criteo.com\/wp-content\/uploads\/2025\/01\/daa.png\" alt=\"Digital Advertising Alliance\"\/><\/a><\/div>","optional_link":""},{"label":"","title":"European Digital Advertising Alliance","description":"Criteo cumple con los  <a href=\"https:\/\/www.edaa.eu\/european-principles\/\" target=\"_blank\" rel=\"noopener noreferrer\">principios autorreguladores de la European Digital Advertising Alliance (EDAA)<\/a>. El servicio Dynamic Retargeting de Criteo ha sido certificado de forma independiente por la EDAA para la protecci\u00f3n de datos. <br> <br>   <div><a href=\"\/\/privacy.trustarc.com\/privacy-seal\/validation?rid=3056b801-7e42-43ba-b4db-565816acda64\" target=\"_blank\"><img style=\"border: none\" src=\"\/\/hostedseal.trustarc.com\/privacy-seal\/seal?rid=3056b801-7e42-43ba-b4db-565816acda64\" alt=\"TRUSTe\"\/><\/a><\/div>","optional_link":""},{"label":"","title":"IAB Europe","description":"Criteo participates in the <a href=\"https:\/\/iabeurope.eu\/transparency-consent-framework\/\" target=\"_blank\" rel=\"noopener noreferrer\">IAB Europe Transparency & Consent Framework<\/a> and complies with its Specifications and Policies. Criteo\u2019s identification number within the framework is 91.<br> <br> <div><a href=\"https:\/\/iabeurope.eu\/\" target=\"_blank\"><img style=\"border: none\" src=\"https:\/\/www.criteo.com\/wp-content\/uploads\/2026\/02\/IAB-logo-1.png\" alt=\"IAB Europe\"\/><\/a><\/div>","optional_link":""},{"label":"","title":"Network Advertising Initiative","description":"Criteo se adhiere al <a href=\"https:\/\/thenai.org\/self-regulatory-framework\/\" target=\"_blank\" rel=\"noopener noreferrer\">marco autorregulador de la NAI<\/a>, que ofrece la oportunidad de expresar elecciones en relaci\u00f3n con la publicidad online a todos los agentes implicados y, en particular, el deseo de desactivar servicios.<br> <br>  <a href=\"https:\/\/thenai.org\/verify\/nai_q5zni5u7oe5u\" target=\"_blank\" rel=\"noopener\">  <img src=\"https:\/\/thenai.org\/wp-json\/nai-badge\/v1\/badge\/nai_q5zni5u7oe5u\/png?theme=d ark\"  alt=\"NAI Member Badge - Criteo\"  width=\"200\"  style=\"border: 0; height: auto;\"> <\/a>","optional_link":""}]}}],"additional_code":"","remove_header":false,"add_password_protected_layout":false,"use_transparent_header":false,"remove_footer":false,"use_transparent_header_dark_menus":true,"use_transparent_header_normal":false,"remove_from_internal_search":false,"background_color_modular":"white","strip_the_header":false,"override_buttons":false,"enable_slide-in":false},"yoast_head":"<!-- This site is optimized with the Yoast SEO plugin v26.4 - https:\/\/yoast.com\/wordpress\/plugins\/seo\/ -->\n<title>Privacy Commitment | ES - Criteo<\/title>\n<meta name=\"description\" content=\"Criteo\u2019s services are designed and developed with utmost respect for user privacy.\" \/>\n<meta name=\"robots\" content=\"index, follow, max-snippet:-1, max-image-preview:large, max-video-preview:-1\" \/>\n<link rel=\"canonical\" href=\"https:\/\/www.criteo.com\/es\/trust-center\/privacy-commitment\/\" \/>\n<meta property=\"og:locale\" content=\"es_ES\" \/>\n<meta property=\"og:type\" content=\"article\" \/>\n<meta property=\"og:title\" content=\"Privacy Commitment | ES - Criteo\" \/>\n<meta property=\"og:description\" content=\"Criteo\u2019s services are designed and developed with utmost respect for user privacy.\" \/>\n<meta property=\"og:url\" content=\"https:\/\/www.criteo.com\/es\/trust-center\/privacy-commitment\/\" \/>\n<meta property=\"og:site_name\" content=\"ES - Criteo\" \/>\n<meta property=\"article:modified_time\" content=\"2026-05-07T09:17:55+00:00\" \/>\n<meta name=\"twitter:card\" content=\"summary_large_image\" \/>\n<script type=\"application\/ld+json\" class=\"yoast-schema-graph\">{\n\t    \"@context\": \"https:\/\/schema.org\",\n\t    \"@graph\": [\n\t        {\n\t            \"@type\": \"WebPage\",\n\t            \"@id\": \"https:\/\/www.criteo.com\/es\/trust-center\/privacy-commitment\/\",\n\t            \"url\": \"https:\/\/www.criteo.com\/es\/trust-center\/privacy-commitment\/\",\n\t            \"name\": \"Privacy Commitment | ES - Criteo\",\n\t            \"isPartOf\": {\n\t                \"@id\": \"https:\/\/www.criteo.com\/es\/#website\"\n\t            },\n\t            \"datePublished\": \"2024-12-23T21:40:56+00:00\",\n\t            \"dateModified\": \"2026-05-07T09:17:55+00:00\",\n\t            \"description\": \"Criteo\u2019s services are designed and developed with utmost respect for user privacy.\",\n\t            \"breadcrumb\": {\n\t                \"@id\": \"https:\/\/www.criteo.com\/es\/trust-center\/privacy-commitment\/#breadcrumb\"\n\t            },\n\t            \"inLanguage\": \"es-ES\",\n\t            \"potentialAction\": [\n\t                {\n\t                    \"@type\": \"ReadAction\",\n\t                    \"target\": [\n\t                        \"https:\/\/www.criteo.com\/es\/trust-center\/privacy-commitment\/\"\n\t                    ]\n\t                }\n\t            ]\n\t        },\n\t        {\n\t            \"@type\": \"BreadcrumbList\",\n\t            \"@id\": \"https:\/\/www.criteo.com\/es\/trust-center\/privacy-commitment\/#breadcrumb\",\n\t            \"itemListElement\": [\n\t                {\n\t                    \"@type\": \"ListItem\",\n\t                    \"position\": 1,\n\t                    \"name\": \"Home\",\n\t                    \"item\": \"https:\/\/www.criteo.com\/es\/\"\n\t                },\n\t                {\n\t                    \"@type\": \"ListItem\",\n\t                    \"position\": 2,\n\t                    \"name\": \"Trust Center\",\n\t                    \"item\": \"https:\/\/www.criteo.com\/es\/trust-center\/\"\n\t                },\n\t                {\n\t                    \"@type\": \"ListItem\",\n\t                    \"position\": 3,\n\t                    \"name\": \"Privacy Commitment\"\n\t                }\n\t            ]\n\t        },\n\t        {\n\t            \"@type\": \"WebSite\",\n\t            \"@id\": \"https:\/\/www.criteo.com\/es\/#website\",\n\t            \"url\": \"https:\/\/www.criteo.com\/es\/\",\n\t            \"name\": \"ES - Criteo\",\n\t            \"description\": \"\",\n\t            \"publisher\": {\n\t                \"@id\": \"https:\/\/www.criteo.com\/es\/#organization\"\n\t            },\n\t            \"potentialAction\": [\n\t                {\n\t                    \"@type\": \"SearchAction\",\n\t                    \"target\": {\n\t                        \"@type\": \"EntryPoint\",\n\t                        \"urlTemplate\": \"https:\/\/www.criteo.com\/es\/?s={search_term_string}\"\n\t                    },\n\t                    \"query-input\": {\n\t                        \"@type\": \"PropertyValueSpecification\",\n\t                        \"valueRequired\": true,\n\t                        \"valueName\": \"search_term_string\"\n\t                    }\n\t                }\n\t            ],\n\t            \"inLanguage\": \"es-ES\"\n\t        },\n\t        {\n\t            \"@type\": \"Organization\",\n\t            \"@id\": \"https:\/\/www.criteo.com\/es\/#organization\",\n\t            \"name\": \"Criteo\",\n\t            \"alternateName\": \"Criteo corp\",\n\t            \"url\": \"https:\/\/www.criteo.com\/es\/\",\n\t            \"logo\": {\n\t                \"@type\": \"ImageObject\",\n\t                \"inLanguage\": \"es-ES\",\n\t                \"@id\": \"https:\/\/www.criteo.com\/es\/#\/schema\/logo\/image\/\",\n\t                \"url\": \"https:\/\/www.criteo.com\/es\/wp-content\/uploads\/sites\/8\/2024\/02\/Criteo-Logo.svg\",\n\t                \"contentUrl\": \"https:\/\/www.criteo.com\/es\/wp-content\/uploads\/sites\/8\/2024\/02\/Criteo-Logo.svg\",\n\t                \"width\": 118,\n\t                \"height\": 24,\n\t                \"caption\": \"Criteo\"\n\t            },\n\t            \"image\": {\n\t                \"@id\": \"https:\/\/www.criteo.com\/es\/#\/schema\/logo\/image\/\"\n\t            }\n\t        }\n\t    ]\n\t}<\/script>\n<!-- \/ Yoast SEO plugin. -->","yoast_head_json":{"title":"Privacy Commitment | ES - Criteo","description":"Criteo\u2019s services are designed and developed with utmost respect for user privacy.","robots":{"index":"index","follow":"follow","max-snippet":"max-snippet:-1","max-image-preview":"max-image-preview:large","max-video-preview":"max-video-preview:-1"},"canonical":"https:\/\/www.criteo.com\/es\/trust-center\/privacy-commitment\/","og_locale":"es_ES","og_type":"article","og_title":"Privacy Commitment | ES - Criteo","og_description":"Criteo\u2019s services are designed and developed with utmost respect for user privacy.","og_url":"https:\/\/www.criteo.com\/es\/trust-center\/privacy-commitment\/","og_site_name":"ES - Criteo","article_modified_time":"2026-05-07T09:17:55+00:00","twitter_card":"summary_large_image","schema":{"@context":"https:\/\/schema.org","@graph":[{"@type":"WebPage","@id":"https:\/\/www.criteo.com\/es\/trust-center\/privacy-commitment\/","url":"https:\/\/www.criteo.com\/es\/trust-center\/privacy-commitment\/","name":"Privacy Commitment | ES - Criteo","isPartOf":{"@id":"https:\/\/www.criteo.com\/es\/#website"},"datePublished":"2024-12-23T21:40:56+00:00","dateModified":"2026-05-07T09:17:55+00:00","description":"Criteo\u2019s services are designed and developed with utmost respect for user privacy.","breadcrumb":{"@id":"https:\/\/www.criteo.com\/es\/trust-center\/privacy-commitment\/#breadcrumb"},"inLanguage":"es-ES","potentialAction":[{"@type":"ReadAction","target":["https:\/\/www.criteo.com\/es\/trust-center\/privacy-commitment\/"]}]},{"@type":"BreadcrumbList","@id":"https:\/\/www.criteo.com\/es\/trust-center\/privacy-commitment\/#breadcrumb","itemListElement":[{"@type":"ListItem","position":1,"name":"Home","item":"https:\/\/www.criteo.com\/es\/"},{"@type":"ListItem","position":2,"name":"Trust Center","item":"https:\/\/www.criteo.com\/es\/trust-center\/"},{"@type":"ListItem","position":3,"name":"Privacy Commitment"}]},{"@type":"WebSite","@id":"https:\/\/www.criteo.com\/es\/#website","url":"https:\/\/www.criteo.com\/es\/","name":"ES - Criteo","description":"","publisher":{"@id":"https:\/\/www.criteo.com\/es\/#organization"},"potentialAction":[{"@type":"SearchAction","target":{"@type":"EntryPoint","urlTemplate":"https:\/\/www.criteo.com\/es\/?s={search_term_string}"},"query-input":{"@type":"PropertyValueSpecification","valueRequired":true,"valueName":"search_term_string"}}],"inLanguage":"es-ES"},{"@type":"Organization","@id":"https:\/\/www.criteo.com\/es\/#organization","name":"Criteo","alternateName":"Criteo corp","url":"https:\/\/www.criteo.com\/es\/","logo":{"@type":"ImageObject","inLanguage":"es-ES","@id":"https:\/\/www.criteo.com\/es\/#\/schema\/logo\/image\/","url":"https:\/\/www.criteo.com\/es\/wp-content\/uploads\/sites\/8\/2024\/02\/Criteo-Logo.svg","contentUrl":"https:\/\/www.criteo.com\/es\/wp-content\/uploads\/sites\/8\/2024\/02\/Criteo-Logo.svg","width":118,"height":24,"caption":"Criteo"},"image":{"@id":"https:\/\/www.criteo.com\/es\/#\/schema\/logo\/image\/"}}]}},"_links":{"self":[{"href":"https:\/\/www.criteo.com\/es\/wp-json\/wp\/v2\/pages\/20626","targetHints":{"allow":["GET"]}}],"collection":[{"href":"https:\/\/www.criteo.com\/es\/wp-json\/wp\/v2\/pages"}],"about":[{"href":"https:\/\/www.criteo.com\/es\/wp-json\/wp\/v2\/types\/page"}],"author":[{"embeddable":true,"href":"https:\/\/www.criteo.com\/es\/wp-json\/wp\/v2\/users\/55"}],"replies":[{"embeddable":true,"href":"https:\/\/www.criteo.com\/es\/wp-json\/wp\/v2\/comments?post=20626"}],"version-history":[{"count":3,"href":"https:\/\/www.criteo.com\/es\/wp-json\/wp\/v2\/pages\/20626\/revisions"}],"predecessor-version":[{"id":20696,"href":"https:\/\/www.criteo.com\/es\/wp-json\/wp\/v2\/pages\/20626\/revisions\/20696"}],"up":[{"embeddable":true,"href":"https:\/\/www.criteo.com\/es\/wp-json\/wp\/v2\/pages\/20550"}],"wp:attachment":[{"href":"https:\/\/www.criteo.com\/es\/wp-json\/wp\/v2\/media?parent=20626"}],"wp:term":[{"taxonomy":"author","embeddable":true,"href":"https:\/\/www.criteo.com\/es\/wp-json\/wp\/v2\/coauthors?post=20626"}],"curies":[{"name":"wp","href":"https:\/\/api.w.org\/{rel}","templated":true}]}}