{"id":20667,"date":"2022-02-14T12:05:54","date_gmt":"2022-02-14T17:05:54","guid":{"rendered":"https:\/\/www.criteo.com\/?page_id=332276"},"modified":"2026-05-07T11:37:30","modified_gmt":"2026-05-07T09:37:30","slug":"security","status":"publish","type":"page","link":"https:\/\/www.criteo.com\/es\/trust-center\/security\/","title":{"rendered":"Seguridad"},"content":{"rendered":"<p>En Criteo, estamos comprometidos con proporcionar los mejores est\u00e1ndares de seguridad en cada aspecto de nuestro negocio y productos. Protegemos nuestros sistemas frente a amenazas y potenciamos una s\u00f3lida cultura de gesti\u00f3n de vulnerabilidades e incidentes.<\/p>\n<p>Contamos con un programa privado de recompensas por detecci\u00f3n de vulnerabilidades que mejora nuestras capacidades de detecci\u00f3n y mantiene un alto nivel de seguridad. Pagamos recompensas por vulnerabilidades confirmadas que est\u00e9n dentro del alcance del programa. Cont\u00e1ctanos a\u00a0<a href=\"mailto:security@criteo.com\">security@criteo.com<\/a>\u00a0si deseas unirte al programa.<\/p>\n<p>Asimismo, realizamos peri\u00f3dicamente pruebas de penetraci\u00f3n con el fin de identificar y subsanar cualquier posible vulnerabilidad en nuestros sistemas.<\/p>\n<p>M\u00e1s all\u00e1 de la tecnolog\u00eda, fomentamos una cultura corporativa orientada a la seguridad en toda la organizaci\u00f3n, en la que cada profesional es consciente de que la seguridad es una responsabilidad compartida. En Criteo, todas las personas reciben formaci\u00f3n en seguridad de la informaci\u00f3n y llevamos a cabo campa\u00f1as de concienciaci\u00f3n sobre las amenazas m\u00e1s recientes y las mejores pr\u00e1cticas en la materia.<\/p>\n<p>Consulta las diferentes secciones para obtener m\u00e1s informaci\u00f3n sobre Ciberseguridad en Criteo y c\u00f3mo proteger tus datos.<\/p>\n","protected":false},"excerpt":{"rendered":"<p>En Criteo, estamos comprometidos con proporcionar los mejores est\u00e1ndares de seguridad en cada aspecto de nuestro negocio y productos. Protegemos nuestros sistemas frente a amenazas y potenciamos una s\u00f3lida cultura de gesti\u00f3n de vulnerabilidades e incidentes. Contamos con un programa privado de recompensas por detecci\u00f3n de vulnerabilidades que mejora nuestras capacidades de detecci\u00f3n y mantiene [&hellip;]<\/p>\n","protected":false},"author":18,"featured_media":0,"parent":20550,"menu_order":0,"comment_status":"closed","ping_status":"closed","template":"page-templates\/basic.php","meta":{"_acf_changed":false,"footnotes":""},"coauthors":[544],"class_list":["post-20667","page","type-page","status-publish"],"acf":{"layout_mode":"security-2023","has_more_content":false,"storetail_optout":false,"stae_popup_enable":false,"track_page_in_segment":false,"segment_page_name":"","additional_code":"","toc_order":"0","enable_slide-in":false},"yoast_head":"<!-- This site is optimized with the Yoast SEO plugin v26.4 - https:\/\/yoast.com\/wordpress\/plugins\/seo\/ -->\n<title>How to spot fake, fraudulent, spoof, or phishing emails and messages<\/title>\n<meta name=\"description\" content=\"Hackers use emails and messages to deceive people into handing over sensitive personal information. Get advice on how to stay safe.\" \/>\n<meta name=\"robots\" content=\"index, follow, max-snippet:-1, max-image-preview:large, max-video-preview:-1\" \/>\n<link rel=\"canonical\" href=\"https:\/\/www.criteo.com\/es\/trust-center\/security\/\" \/>\n<meta property=\"og:locale\" content=\"es_ES\" \/>\n<meta property=\"og:type\" content=\"article\" \/>\n<meta property=\"og:title\" content=\"How to spot fake, fraudulent, spoof, or phishing emails and messages\" \/>\n<meta property=\"og:description\" content=\"Hackers use emails and messages to deceive people into handing over sensitive personal information. Get advice on how to stay safe.\" \/>\n<meta property=\"og:url\" content=\"https:\/\/www.criteo.com\/es\/trust-center\/security\/\" \/>\n<meta property=\"og:site_name\" content=\"ES - Criteo\" \/>\n<meta property=\"article:modified_time\" content=\"2026-05-07T09:37:30+00:00\" \/>\n<meta name=\"twitter:card\" content=\"summary_large_image\" \/>\n<meta name=\"twitter:label1\" content=\"Est. reading time\" \/>\n\t<meta name=\"twitter:data1\" content=\"1 minute\" \/>\n<script type=\"application\/ld+json\" class=\"yoast-schema-graph\">{\n\t    \"@context\": \"https:\/\/schema.org\",\n\t    \"@graph\": [\n\t        {\n\t            \"@type\": \"WebPage\",\n\t            \"@id\": \"https:\/\/www.criteo.com\/es\/trust-center\/security\/\",\n\t            \"url\": \"https:\/\/www.criteo.com\/es\/trust-center\/security\/\",\n\t            \"name\": \"How to spot fake, fraudulent, spoof, or phishing emails and messages\",\n\t            \"isPartOf\": {\n\t                \"@id\": \"https:\/\/www.criteo.com\/es\/#website\"\n\t            },\n\t            \"datePublished\": \"2022-02-14T17:05:54+00:00\",\n\t            \"dateModified\": \"2026-05-07T09:37:30+00:00\",\n\t            \"description\": \"Hackers use emails and messages to deceive people into handing over sensitive personal information. Get advice on how to stay safe.\",\n\t            \"breadcrumb\": {\n\t                \"@id\": \"https:\/\/www.criteo.com\/es\/trust-center\/security\/#breadcrumb\"\n\t            },\n\t            \"inLanguage\": \"es-ES\",\n\t            \"potentialAction\": [\n\t                {\n\t                    \"@type\": \"ReadAction\",\n\t                    \"target\": [\n\t                        \"https:\/\/www.criteo.com\/es\/trust-center\/security\/\"\n\t                    ]\n\t                }\n\t            ]\n\t        },\n\t        {\n\t            \"@type\": \"BreadcrumbList\",\n\t            \"@id\": \"https:\/\/www.criteo.com\/es\/trust-center\/security\/#breadcrumb\",\n\t            \"itemListElement\": [\n\t                {\n\t                    \"@type\": \"ListItem\",\n\t                    \"position\": 1,\n\t                    \"name\": \"Home\",\n\t                    \"item\": \"https:\/\/www.criteo.com\/es\/\"\n\t                },\n\t                {\n\t                    \"@type\": \"ListItem\",\n\t                    \"position\": 2,\n\t                    \"name\": \"Trust Center\",\n\t                    \"item\": \"https:\/\/www.criteo.com\/es\/trust-center\/\"\n\t                },\n\t                {\n\t                    \"@type\": \"ListItem\",\n\t                    \"position\": 3,\n\t                    \"name\": \"Seguridad\"\n\t                }\n\t            ]\n\t        },\n\t        {\n\t            \"@type\": \"WebSite\",\n\t            \"@id\": \"https:\/\/www.criteo.com\/es\/#website\",\n\t            \"url\": \"https:\/\/www.criteo.com\/es\/\",\n\t            \"name\": \"ES - Criteo\",\n\t            \"description\": \"\",\n\t            \"publisher\": {\n\t                \"@id\": \"https:\/\/www.criteo.com\/es\/#organization\"\n\t            },\n\t            \"potentialAction\": [\n\t                {\n\t                    \"@type\": \"SearchAction\",\n\t                    \"target\": {\n\t                        \"@type\": \"EntryPoint\",\n\t                        \"urlTemplate\": \"https:\/\/www.criteo.com\/es\/?s={search_term_string}\"\n\t                    },\n\t                    \"query-input\": {\n\t                        \"@type\": \"PropertyValueSpecification\",\n\t                        \"valueRequired\": true,\n\t                        \"valueName\": \"search_term_string\"\n\t                    }\n\t                }\n\t            ],\n\t            \"inLanguage\": \"es-ES\"\n\t        },\n\t        {\n\t            \"@type\": \"Organization\",\n\t            \"@id\": \"https:\/\/www.criteo.com\/es\/#organization\",\n\t            \"name\": \"Criteo\",\n\t            \"alternateName\": \"Criteo corp\",\n\t            \"url\": \"https:\/\/www.criteo.com\/es\/\",\n\t            \"logo\": {\n\t                \"@type\": \"ImageObject\",\n\t                \"inLanguage\": \"es-ES\",\n\t                \"@id\": \"https:\/\/www.criteo.com\/es\/#\/schema\/logo\/image\/\",\n\t                \"url\": \"https:\/\/www.criteo.com\/es\/wp-content\/uploads\/sites\/8\/2024\/02\/Criteo-Logo.svg\",\n\t                \"contentUrl\": \"https:\/\/www.criteo.com\/es\/wp-content\/uploads\/sites\/8\/2024\/02\/Criteo-Logo.svg\",\n\t                \"width\": 118,\n\t                \"height\": 24,\n\t                \"caption\": \"Criteo\"\n\t            },\n\t            \"image\": {\n\t                \"@id\": \"https:\/\/www.criteo.com\/es\/#\/schema\/logo\/image\/\"\n\t            }\n\t        }\n\t    ]\n\t}<\/script>\n<!-- \/ Yoast SEO plugin. -->","yoast_head_json":{"title":"How to spot fake, fraudulent, spoof, or phishing emails and messages","description":"Hackers use emails and messages to deceive people into handing over sensitive personal information. Get advice on how to stay safe.","robots":{"index":"index","follow":"follow","max-snippet":"max-snippet:-1","max-image-preview":"max-image-preview:large","max-video-preview":"max-video-preview:-1"},"canonical":"https:\/\/www.criteo.com\/es\/trust-center\/security\/","og_locale":"es_ES","og_type":"article","og_title":"How to spot fake, fraudulent, spoof, or phishing emails and messages","og_description":"Hackers use emails and messages to deceive people into handing over sensitive personal information. Get advice on how to stay safe.","og_url":"https:\/\/www.criteo.com\/es\/trust-center\/security\/","og_site_name":"ES - Criteo","article_modified_time":"2026-05-07T09:37:30+00:00","twitter_card":"summary_large_image","twitter_misc":{"Est. reading time":"1 minute"},"schema":{"@context":"https:\/\/schema.org","@graph":[{"@type":"WebPage","@id":"https:\/\/www.criteo.com\/es\/trust-center\/security\/","url":"https:\/\/www.criteo.com\/es\/trust-center\/security\/","name":"How to spot fake, fraudulent, spoof, or phishing emails and messages","isPartOf":{"@id":"https:\/\/www.criteo.com\/es\/#website"},"datePublished":"2022-02-14T17:05:54+00:00","dateModified":"2026-05-07T09:37:30+00:00","description":"Hackers use emails and messages to deceive people into handing over sensitive personal information. Get advice on how to stay safe.","breadcrumb":{"@id":"https:\/\/www.criteo.com\/es\/trust-center\/security\/#breadcrumb"},"inLanguage":"es-ES","potentialAction":[{"@type":"ReadAction","target":["https:\/\/www.criteo.com\/es\/trust-center\/security\/"]}]},{"@type":"BreadcrumbList","@id":"https:\/\/www.criteo.com\/es\/trust-center\/security\/#breadcrumb","itemListElement":[{"@type":"ListItem","position":1,"name":"Home","item":"https:\/\/www.criteo.com\/es\/"},{"@type":"ListItem","position":2,"name":"Trust Center","item":"https:\/\/www.criteo.com\/es\/trust-center\/"},{"@type":"ListItem","position":3,"name":"Seguridad"}]},{"@type":"WebSite","@id":"https:\/\/www.criteo.com\/es\/#website","url":"https:\/\/www.criteo.com\/es\/","name":"ES - Criteo","description":"","publisher":{"@id":"https:\/\/www.criteo.com\/es\/#organization"},"potentialAction":[{"@type":"SearchAction","target":{"@type":"EntryPoint","urlTemplate":"https:\/\/www.criteo.com\/es\/?s={search_term_string}"},"query-input":{"@type":"PropertyValueSpecification","valueRequired":true,"valueName":"search_term_string"}}],"inLanguage":"es-ES"},{"@type":"Organization","@id":"https:\/\/www.criteo.com\/es\/#organization","name":"Criteo","alternateName":"Criteo corp","url":"https:\/\/www.criteo.com\/es\/","logo":{"@type":"ImageObject","inLanguage":"es-ES","@id":"https:\/\/www.criteo.com\/es\/#\/schema\/logo\/image\/","url":"https:\/\/www.criteo.com\/es\/wp-content\/uploads\/sites\/8\/2024\/02\/Criteo-Logo.svg","contentUrl":"https:\/\/www.criteo.com\/es\/wp-content\/uploads\/sites\/8\/2024\/02\/Criteo-Logo.svg","width":118,"height":24,"caption":"Criteo"},"image":{"@id":"https:\/\/www.criteo.com\/es\/#\/schema\/logo\/image\/"}}]}},"_links":{"self":[{"href":"https:\/\/www.criteo.com\/es\/wp-json\/wp\/v2\/pages\/20667","targetHints":{"allow":["GET"]}}],"collection":[{"href":"https:\/\/www.criteo.com\/es\/wp-json\/wp\/v2\/pages"}],"about":[{"href":"https:\/\/www.criteo.com\/es\/wp-json\/wp\/v2\/types\/page"}],"author":[{"embeddable":true,"href":"https:\/\/www.criteo.com\/es\/wp-json\/wp\/v2\/users\/18"}],"replies":[{"embeddable":true,"href":"https:\/\/www.criteo.com\/es\/wp-json\/wp\/v2\/comments?post=20667"}],"version-history":[{"count":5,"href":"https:\/\/www.criteo.com\/es\/wp-json\/wp\/v2\/pages\/20667\/revisions"}],"predecessor-version":[{"id":20699,"href":"https:\/\/www.criteo.com\/es\/wp-json\/wp\/v2\/pages\/20667\/revisions\/20699"}],"up":[{"embeddable":true,"href":"https:\/\/www.criteo.com\/es\/wp-json\/wp\/v2\/pages\/20550"}],"wp:attachment":[{"href":"https:\/\/www.criteo.com\/es\/wp-json\/wp\/v2\/media?parent=20667"}],"wp:term":[{"taxonomy":"author","embeddable":true,"href":"https:\/\/www.criteo.com\/es\/wp-json\/wp\/v2\/coauthors?post=20667"}],"curies":[{"name":"wp","href":"https:\/\/api.w.org\/{rel}","templated":true}]}}