{"id":20720,"date":"2022-09-28T14:49:34","date_gmt":"2022-09-28T18:49:34","guid":{"rendered":"https:\/\/www.criteo.com\/?page_id=417019"},"modified":"2026-05-12T13:21:11","modified_gmt":"2026-05-12T11:21:11","slug":"product-ethics","status":"publish","type":"page","link":"https:\/\/www.criteo.com\/es\/trust-center\/product-ethics\/","title":{"rendered":"Product Ethics"},"content":{"rendered":"","protected":false},"excerpt":{"rendered":"","protected":false},"author":9,"featured_media":0,"parent":20550,"menu_order":0,"comment_status":"closed","ping_status":"closed","template":"page-templates\/pageModular2020.php","meta":{"_acf_changed":false,"footnotes":""},"coauthors":[546],"class_list":["post-20720","page","type-page","status-publish"],"acf":{"track_page_in_segment":false,"segment_page_name":"","remove_header":false,"add_password_protected_layout":false,"layouts":[{"acf_fc_layout":"customer_segments_hero_2025","customer_segments_hero_2025":{"caption":"\u00c9tica de productos","title_subtitle":"<h1 class=\"title\">Gu\u00eda de nuestras pr\u00e1cticas de publicidad<\/h1>\n<div class=\"description larger-regular\">El Comit\u00e9 de \u00e9tica de productos act\u00faa como un organismo central y multidisciplinar que promueve una cultura de publicidad \u00e9tica, responsable y confiable basada en la IA (Inteligencia Artificial) en todas las actividades de Criteo.<\/div>\n","logos_title":"","logos":false,"hero_right_image":{"ID":20722,"id":20722,"title":"Ethics - Hero","filename":"Ethics-Hero.png","filesize":209351,"url":"https:\/\/www.criteo.com\/es\/wp-content\/uploads\/sites\/8\/2026\/05\/Ethics-Hero.png","link":"https:\/\/www.criteo.com\/es\/trust-center\/product-ethics\/ethics-hero\/","alt":"","author":"195","description":"","caption":"","name":"ethics-hero","status":"inherit","uploaded_to":20720,"date":"2026-05-08 07:59:23","modified":"2026-05-08 08:12:56","menu_order":0,"mime_type":"image\/png","type":"image","subtype":"png","icon":"https:\/\/www.criteo.com\/es\/wp-includes\/images\/media\/default.png","width":1378,"height":1080,"sizes":{"thumbnail":"https:\/\/www.criteo.com\/es\/wp-content\/uploads\/sites\/8\/2026\/05\/Ethics-Hero-150x150.png","thumbnail-width":150,"thumbnail-height":150,"medium":"https:\/\/www.criteo.com\/es\/wp-content\/uploads\/sites\/8\/2026\/05\/Ethics-Hero-300x235.png","medium-width":300,"medium-height":235,"medium_large":"https:\/\/www.criteo.com\/es\/wp-content\/uploads\/sites\/8\/2026\/05\/Ethics-Hero-768x602.png","medium_large-width":640,"medium_large-height":502,"large":"https:\/\/www.criteo.com\/es\/wp-content\/uploads\/sites\/8\/2026\/05\/Ethics-Hero-1024x803.png","large-width":640,"large-height":502,"1536x1536":"https:\/\/www.criteo.com\/es\/wp-content\/uploads\/sites\/8\/2026\/05\/Ethics-Hero.png","1536x1536-width":1378,"1536x1536-height":1080,"2048x2048":"https:\/\/www.criteo.com\/es\/wp-content\/uploads\/sites\/8\/2026\/05\/Ethics-Hero.png","2048x2048-width":1378,"2048x2048-height":1080,"success-story":"https:\/\/www.criteo.com\/es\/wp-content\/uploads\/sites\/8\/2026\/05\/Ethics-Hero-630x494.png","success-story-width":630,"success-story-height":494,"profile_24":"https:\/\/www.criteo.com\/es\/wp-content\/uploads\/sites\/8\/2026\/05\/Ethics-Hero-24x24.png","profile_24-width":24,"profile_24-height":24,"profile_48":"https:\/\/www.criteo.com\/es\/wp-content\/uploads\/sites\/8\/2026\/05\/Ethics-Hero-48x48.png","profile_48-width":48,"profile_48-height":48,"profile_96":"https:\/\/www.criteo.com\/es\/wp-content\/uploads\/sites\/8\/2026\/05\/Ethics-Hero-96x96.png","profile_96-width":96,"profile_96-height":96,"profile_150":"https:\/\/www.criteo.com\/es\/wp-content\/uploads\/sites\/8\/2026\/05\/Ethics-Hero-150x150.png","profile_150-width":150,"profile_150-height":150,"profile_300":"https:\/\/www.criteo.com\/es\/wp-content\/uploads\/sites\/8\/2026\/05\/Ethics-Hero-300x300.png","profile_300-width":300,"profile_300-height":300}},"background_gradient":"Publishers","cta_button":{"type":"internal","text":"Cont\u00e1ctanos","link_internal":"https:\/\/www.criteo.com\/es\/talk-to-an-expert\/","link_media":false,"link_external":"","link_embed":"","link_email":"","email_subject":"","page_element_id":"","variant":"light","ai_variant":"gradient-border","icon":"thin-arrow-right","ai_icon":"none","new_window":[],"track_button":false,"button_location":false,"event_type":false,"button_classes":"","button_message":""},"additional_buttons":false}},{"acf_fc_layout":"text_and_image_block_2025","text_and_image_block_2025":{"title":"<h2>Nuestros 4 principios gu\u00eda<\/h2>\n<p>El Comit\u00e9 de \u00e9tica de productos de Criteo sigue 4 principios clave que respaldan nuestro enfoque de la \u00e9tica publicitaria, en l\u00ednea con las recomendaciones establecidas por la\u00a0<a href=\"https:\/\/wfanet.org\/leadership\/data-ethics#:~:text=Data%20Ethics%20%2D%20The%20Rise%20of%20Morality%20in%20Tech&amp;text=This%20comes%20at%20a%20time,in%20light%20of%20COVID%2D19.\" target=\"_blank\" rel=\"noopener\">World Federation of Advertisers<\/a>.<\/p>\n","image":false,"image_mobile":false,"bottom_logos":false,"remove_background_and_borders":true,"attach_to_previous_section":false}},{"acf_fc_layout":"top_tips_2025","top_tips_2025":{"title":"","image":{"ID":20723,"id":20723,"title":"Ethics-Webpage-Image-01 (1)","filename":"Ethics-Webpage-Image-01-1-1.svg","filesize":2186435,"url":"https:\/\/www.criteo.com\/es\/wp-content\/uploads\/sites\/8\/2026\/05\/Ethics-Webpage-Image-01-1-1.svg","link":"https:\/\/www.criteo.com\/es\/trust-center\/product-ethics\/ethics-webpage-image-01-1\/","alt":"","author":"195","description":"","caption":"","name":"ethics-webpage-image-01-1","status":"inherit","uploaded_to":20720,"date":"2026-05-08 07:59:27","modified":"2026-05-08 08:12:56","menu_order":0,"mime_type":"image\/svg+xml","type":"image","subtype":"svg+xml","icon":"https:\/\/www.criteo.com\/es\/wp-includes\/images\/media\/default.png","width":297,"height":204,"sizes":{"thumbnail":"https:\/\/www.criteo.com\/es\/wp-content\/uploads\/sites\/8\/2026\/05\/Ethics-Webpage-Image-01-1-1.svg","thumbnail-width":297,"thumbnail-height":204,"medium":"https:\/\/www.criteo.com\/es\/wp-content\/uploads\/sites\/8\/2026\/05\/Ethics-Webpage-Image-01-1-1.svg","medium-width":297,"medium-height":204,"medium_large":"https:\/\/www.criteo.com\/es\/wp-content\/uploads\/sites\/8\/2026\/05\/Ethics-Webpage-Image-01-1-1.svg","medium_large-width":297,"medium_large-height":204,"large":"https:\/\/www.criteo.com\/es\/wp-content\/uploads\/sites\/8\/2026\/05\/Ethics-Webpage-Image-01-1-1.svg","large-width":297,"large-height":204,"1536x1536":"https:\/\/www.criteo.com\/es\/wp-content\/uploads\/sites\/8\/2026\/05\/Ethics-Webpage-Image-01-1-1.svg","1536x1536-width":297,"1536x1536-height":204,"2048x2048":"https:\/\/www.criteo.com\/es\/wp-content\/uploads\/sites\/8\/2026\/05\/Ethics-Webpage-Image-01-1-1.svg","2048x2048-width":297,"2048x2048-height":204,"success-story":"https:\/\/www.criteo.com\/es\/wp-content\/uploads\/sites\/8\/2026\/05\/Ethics-Webpage-Image-01-1-1.svg","success-story-width":297,"success-story-height":204,"profile_24":"https:\/\/www.criteo.com\/es\/wp-content\/uploads\/sites\/8\/2026\/05\/Ethics-Webpage-Image-01-1-1.svg","profile_24-width":297,"profile_24-height":204,"profile_48":"https:\/\/www.criteo.com\/es\/wp-content\/uploads\/sites\/8\/2026\/05\/Ethics-Webpage-Image-01-1-1.svg","profile_48-width":297,"profile_48-height":204,"profile_96":"https:\/\/www.criteo.com\/es\/wp-content\/uploads\/sites\/8\/2026\/05\/Ethics-Webpage-Image-01-1-1.svg","profile_96-width":297,"profile_96-height":204,"profile_150":"https:\/\/www.criteo.com\/es\/wp-content\/uploads\/sites\/8\/2026\/05\/Ethics-Webpage-Image-01-1-1.svg","profile_150-width":297,"profile_150-height":204,"profile_300":"https:\/\/www.criteo.com\/es\/wp-content\/uploads\/sites\/8\/2026\/05\/Ethics-Webpage-Image-01-1-1.svg","profile_300-width":297,"profile_300-height":204}},"tips":[{"title":"Transparencia","description":"Garantizar que nuestro uso de los datos sea transparente, f\u00e1cil de entender y accesible para todos. Esto abarca los posibles impactos sociales y \u00e9ticos de dicho uso."},{"title":"Respeto","description":"Comprender y respetar los intereses de todas las partes y proteger los derechos humanos mundialmente aceptados (privacidad, dignidad, diversidad, equidad, igualdad, autonom\u00eda y libertad)."},{"title":"Justicia","description":"Supervisar continuamente la equidad en las pr\u00e1cticas publicitarias para evitar que se reproduzcan prejuicios, discriminaci\u00f3n o exclusi\u00f3n."},{"title":"Responsabilidad","description":"Hacer a Criteo, as\u00ed como a nuestros partners y clientes, responsables por su uso de los datos."}]}},{"acf_fc_layout":"cta_block_2025","cta_block_2025":{"style":"v5","color_scheme":"dark_blue","color_scheme_2":"light_blue","subtitle":"<h4 style=\"text-align: center;\">CENTRO DE CONFIANZA<\/h4>\n<p style=\"text-align: center;\">Descubre c\u00f3mo generamos confianza a trav\u00e9s de la integridad y los m\u00e1s altos est\u00e1ndares en \u00e9tica, privacidad, seguridad y protecci\u00f3n<\/p>\n","link":{"title":"M\u00e1s informaci\u00f3n","url":"https:\/\/www.criteo.com\/es\/solutions\/ad-trust-and-safety\/","target":""}}},{"acf_fc_layout":"top_tips_2025","top_tips_2025":{"title":"","image":{"ID":20724,"id":20724,"title":"direct bidder - image 01","filename":"direct-bidder-image-01.svg","filesize":173496,"url":"https:\/\/www.criteo.com\/es\/wp-content\/uploads\/sites\/8\/2026\/05\/direct-bidder-image-01.svg","link":"https:\/\/www.criteo.com\/es\/trust-center\/product-ethics\/direct-bidder-image-01-2\/","alt":"","author":"195","description":"","caption":"","name":"direct-bidder-image-01-2","status":"inherit","uploaded_to":20720,"date":"2026-05-08 07:59:28","modified":"2026-05-08 08:12:56","menu_order":0,"mime_type":"image\/svg+xml","type":"image","subtype":"svg+xml","icon":"https:\/\/www.criteo.com\/es\/wp-includes\/images\/media\/default.png","width":806,"height":658,"sizes":{"thumbnail":"https:\/\/www.criteo.com\/es\/wp-content\/uploads\/sites\/8\/2026\/05\/direct-bidder-image-01.svg","thumbnail-width":806,"thumbnail-height":658,"medium":"https:\/\/www.criteo.com\/es\/wp-content\/uploads\/sites\/8\/2026\/05\/direct-bidder-image-01.svg","medium-width":806,"medium-height":658,"medium_large":"https:\/\/www.criteo.com\/es\/wp-content\/uploads\/sites\/8\/2026\/05\/direct-bidder-image-01.svg","medium_large-width":806,"medium_large-height":658,"large":"https:\/\/www.criteo.com\/es\/wp-content\/uploads\/sites\/8\/2026\/05\/direct-bidder-image-01.svg","large-width":806,"large-height":658,"1536x1536":"https:\/\/www.criteo.com\/es\/wp-content\/uploads\/sites\/8\/2026\/05\/direct-bidder-image-01.svg","1536x1536-width":806,"1536x1536-height":658,"2048x2048":"https:\/\/www.criteo.com\/es\/wp-content\/uploads\/sites\/8\/2026\/05\/direct-bidder-image-01.svg","2048x2048-width":806,"2048x2048-height":658,"success-story":"https:\/\/www.criteo.com\/es\/wp-content\/uploads\/sites\/8\/2026\/05\/direct-bidder-image-01.svg","success-story-width":806,"success-story-height":658,"profile_24":"https:\/\/www.criteo.com\/es\/wp-content\/uploads\/sites\/8\/2026\/05\/direct-bidder-image-01.svg","profile_24-width":806,"profile_24-height":658,"profile_48":"https:\/\/www.criteo.com\/es\/wp-content\/uploads\/sites\/8\/2026\/05\/direct-bidder-image-01.svg","profile_48-width":806,"profile_48-height":658,"profile_96":"https:\/\/www.criteo.com\/es\/wp-content\/uploads\/sites\/8\/2026\/05\/direct-bidder-image-01.svg","profile_96-width":806,"profile_96-height":658,"profile_150":"https:\/\/www.criteo.com\/es\/wp-content\/uploads\/sites\/8\/2026\/05\/direct-bidder-image-01.svg","profile_150-width":806,"profile_150-height":658,"profile_300":"https:\/\/www.criteo.com\/es\/wp-content\/uploads\/sites\/8\/2026\/05\/direct-bidder-image-01.svg","profile_300-width":806,"profile_300-height":658}},"tips":[{"title":"Nuestro enfoque de \u00e9tica de los productos","description":"Como empresa global de Commerce Media que permite a los Profesionales del Marketing y a los propietarios de medios lograr mejores resultados comerciales, Criteo tiene como objetivo integrar un enfoque \u00e9tico en cada etapa del desarrollo de sus productos y de la cadena de suministro.\r\n"},{"title":"Nuestro comit\u00e9 de \u00e9tica de productos","description":"El Comit\u00e9 de \u00e9tica de productos act\u00faa como un organismo central y multidisciplinar que promueve una cultura de publicidad \u00e9tica, responsable y confiable basada en la IA (Inteligencia Artificial) en todas las actividades de Criteo. Gracias al trabajo del Comit\u00e9 de \u00e9tica de productos, nuestro objetivo es luchar contra la desinformaci\u00f3n, a la vez que entender bien los posibles impactos de los sesgos de nuestros algoritmos, e integrar nuestros valores en todas nuestras campa\u00f1as publicitarias. Mediante la implantaci\u00f3n de nuestras normas \u00e9ticas, el Comit\u00e9 de \u00e9tica de productos tambi\u00e9n nos permite garantizar una publicidad de confianza para nuestros clientes y partners. Los miembros del Comit\u00e9 incluyen representantes senior de todos los departamentos de Criteo y se re\u00fanen trimestralmente."}]}},{"acf_fc_layout":"cta_block_2025","cta_block_2025":{"style":"v1","color_scheme":"dark_blue","color_scheme_2":"dark_blue","subtitle":"<h2>Nuestro compromiso con un impacto positivo m\u00e1s all\u00e1 de nuestro sector.<\/h2>\n<div class=\"cta-content\">\n<p>Nuestra agenda de Responsabilidad social corporativa no queda en papel mojado. Se traduce en acciones reales que garantizan la protecci\u00f3n de nuestros empleados, contribuyen al avance de la sociedad y a las iniciativas medioambientales y que encarnan los valores de nuestra empresa.<\/p>\n<\/div>\n<div class=\"button-content\"><\/div>\n","link":{"title":"Leer m\u00e1s","url":"https:\/\/criteo.investorroom.com\/csr-reports","target":"_blank"}}}],"additional_code":"","remove_footer":false,"use_transparent_header":true,"use_transparent_header_dark_menus":false,"use_transparent_header_normal":false,"background_color_modular":"neutral gray","remove_from_internal_search":false,"strip_the_header":false,"override_buttons":false,"enable_slide-in":false},"yoast_head":"<!-- This site is optimized with the Yoast SEO plugin v26.4 - https:\/\/yoast.com\/wordpress\/plugins\/seo\/ -->\n<title>Product Ethics<\/title>\n<meta name=\"description\" content=\"The Criteo Product Ethics Committee acts as a central, cross-functional body to advance a culture of ethical, responsible, and trustworthy AI-driven advertising throughout Criteo activities.\" \/>\n<meta name=\"robots\" content=\"index, follow, max-snippet:-1, max-image-preview:large, max-video-preview:-1\" \/>\n<link rel=\"canonical\" href=\"https:\/\/www.criteo.com\/es\/trust-center\/product-ethics\/\" \/>\n<meta property=\"og:locale\" content=\"es_ES\" \/>\n<meta property=\"og:type\" content=\"article\" \/>\n<meta property=\"og:title\" content=\"Product Ethics\" \/>\n<meta property=\"og:description\" content=\"The Criteo Product Ethics Committee acts as a central, cross-functional body to advance a culture of ethical, responsible, and trustworthy AI-driven advertising throughout Criteo activities.\" \/>\n<meta property=\"og:url\" content=\"https:\/\/www.criteo.com\/es\/trust-center\/product-ethics\/\" \/>\n<meta property=\"og:site_name\" content=\"ES - Criteo\" \/>\n<meta property=\"article:modified_time\" content=\"2026-05-12T11:21:11+00:00\" \/>\n<meta name=\"twitter:card\" content=\"summary_large_image\" \/>\n<script type=\"application\/ld+json\" class=\"yoast-schema-graph\">{\n\t    \"@context\": \"https:\/\/schema.org\",\n\t    \"@graph\": [\n\t        {\n\t            \"@type\": \"WebPage\",\n\t            \"@id\": \"https:\/\/www.criteo.com\/es\/trust-center\/product-ethics\/\",\n\t            \"url\": \"https:\/\/www.criteo.com\/es\/trust-center\/product-ethics\/\",\n\t            \"name\": \"Product Ethics\",\n\t            \"isPartOf\": {\n\t                \"@id\": \"https:\/\/www.criteo.com\/es\/#website\"\n\t            },\n\t            \"datePublished\": \"2022-09-28T18:49:34+00:00\",\n\t            \"dateModified\": \"2026-05-12T11:21:11+00:00\",\n\t            \"description\": \"The Criteo Product Ethics Committee acts as a central, cross-functional body to advance a culture of ethical, responsible, and trustworthy AI-driven advertising throughout Criteo activities.\",\n\t            \"breadcrumb\": {\n\t                \"@id\": \"https:\/\/www.criteo.com\/es\/trust-center\/product-ethics\/#breadcrumb\"\n\t            },\n\t            \"inLanguage\": \"es-ES\",\n\t            \"potentialAction\": [\n\t                {\n\t                    \"@type\": \"ReadAction\",\n\t                    \"target\": [\n\t                        \"https:\/\/www.criteo.com\/es\/trust-center\/product-ethics\/\"\n\t                    ]\n\t                }\n\t            ]\n\t        },\n\t        {\n\t            \"@type\": \"BreadcrumbList\",\n\t            \"@id\": \"https:\/\/www.criteo.com\/es\/trust-center\/product-ethics\/#breadcrumb\",\n\t            \"itemListElement\": [\n\t                {\n\t                    \"@type\": \"ListItem\",\n\t                    \"position\": 1,\n\t                    \"name\": \"Home\",\n\t                    \"item\": \"https:\/\/www.criteo.com\/es\/\"\n\t                },\n\t                {\n\t                    \"@type\": \"ListItem\",\n\t                    \"position\": 2,\n\t                    \"name\": \"Trust Center\",\n\t                    \"item\": \"https:\/\/www.criteo.com\/es\/trust-center\/\"\n\t                },\n\t                {\n\t                    \"@type\": \"ListItem\",\n\t                    \"position\": 3,\n\t                    \"name\": \"Product Ethics\"\n\t                }\n\t            ]\n\t        },\n\t        {\n\t            \"@type\": \"WebSite\",\n\t            \"@id\": \"https:\/\/www.criteo.com\/es\/#website\",\n\t            \"url\": \"https:\/\/www.criteo.com\/es\/\",\n\t            \"name\": \"ES - Criteo\",\n\t            \"description\": \"\",\n\t            \"publisher\": {\n\t                \"@id\": \"https:\/\/www.criteo.com\/es\/#organization\"\n\t            },\n\t            \"potentialAction\": [\n\t                {\n\t                    \"@type\": \"SearchAction\",\n\t                    \"target\": {\n\t                        \"@type\": \"EntryPoint\",\n\t                        \"urlTemplate\": \"https:\/\/www.criteo.com\/es\/?s={search_term_string}\"\n\t                    },\n\t                    \"query-input\": {\n\t                        \"@type\": \"PropertyValueSpecification\",\n\t                        \"valueRequired\": true,\n\t                        \"valueName\": \"search_term_string\"\n\t                    }\n\t                }\n\t            ],\n\t            \"inLanguage\": \"es-ES\"\n\t        },\n\t        {\n\t            \"@type\": \"Organization\",\n\t            \"@id\": \"https:\/\/www.criteo.com\/es\/#organization\",\n\t            \"name\": \"Criteo\",\n\t            \"alternateName\": \"Criteo corp\",\n\t            \"url\": \"https:\/\/www.criteo.com\/es\/\",\n\t            \"logo\": {\n\t                \"@type\": \"ImageObject\",\n\t                \"inLanguage\": \"es-ES\",\n\t                \"@id\": \"https:\/\/www.criteo.com\/es\/#\/schema\/logo\/image\/\",\n\t                \"url\": \"https:\/\/www.criteo.com\/es\/wp-content\/uploads\/sites\/8\/2024\/02\/Criteo-Logo.svg\",\n\t                \"contentUrl\": \"https:\/\/www.criteo.com\/es\/wp-content\/uploads\/sites\/8\/2024\/02\/Criteo-Logo.svg\",\n\t                \"width\": 118,\n\t                \"height\": 24,\n\t                \"caption\": \"Criteo\"\n\t            },\n\t            \"image\": {\n\t                \"@id\": \"https:\/\/www.criteo.com\/es\/#\/schema\/logo\/image\/\"\n\t            }\n\t        }\n\t    ]\n\t}<\/script>\n<!-- \/ Yoast SEO plugin. -->","yoast_head_json":{"title":"Product Ethics","description":"The Criteo Product Ethics Committee acts as a central, cross-functional body to advance a culture of ethical, responsible, and trustworthy AI-driven advertising throughout Criteo activities.","robots":{"index":"index","follow":"follow","max-snippet":"max-snippet:-1","max-image-preview":"max-image-preview:large","max-video-preview":"max-video-preview:-1"},"canonical":"https:\/\/www.criteo.com\/es\/trust-center\/product-ethics\/","og_locale":"es_ES","og_type":"article","og_title":"Product Ethics","og_description":"The Criteo Product Ethics Committee acts as a central, cross-functional body to advance a culture of ethical, responsible, and trustworthy AI-driven advertising throughout Criteo activities.","og_url":"https:\/\/www.criteo.com\/es\/trust-center\/product-ethics\/","og_site_name":"ES - Criteo","article_modified_time":"2026-05-12T11:21:11+00:00","twitter_card":"summary_large_image","schema":{"@context":"https:\/\/schema.org","@graph":[{"@type":"WebPage","@id":"https:\/\/www.criteo.com\/es\/trust-center\/product-ethics\/","url":"https:\/\/www.criteo.com\/es\/trust-center\/product-ethics\/","name":"Product Ethics","isPartOf":{"@id":"https:\/\/www.criteo.com\/es\/#website"},"datePublished":"2022-09-28T18:49:34+00:00","dateModified":"2026-05-12T11:21:11+00:00","description":"The Criteo Product Ethics Committee acts as a central, cross-functional body to advance a culture of ethical, responsible, and trustworthy AI-driven advertising throughout Criteo activities.","breadcrumb":{"@id":"https:\/\/www.criteo.com\/es\/trust-center\/product-ethics\/#breadcrumb"},"inLanguage":"es-ES","potentialAction":[{"@type":"ReadAction","target":["https:\/\/www.criteo.com\/es\/trust-center\/product-ethics\/"]}]},{"@type":"BreadcrumbList","@id":"https:\/\/www.criteo.com\/es\/trust-center\/product-ethics\/#breadcrumb","itemListElement":[{"@type":"ListItem","position":1,"name":"Home","item":"https:\/\/www.criteo.com\/es\/"},{"@type":"ListItem","position":2,"name":"Trust Center","item":"https:\/\/www.criteo.com\/es\/trust-center\/"},{"@type":"ListItem","position":3,"name":"Product Ethics"}]},{"@type":"WebSite","@id":"https:\/\/www.criteo.com\/es\/#website","url":"https:\/\/www.criteo.com\/es\/","name":"ES - Criteo","description":"","publisher":{"@id":"https:\/\/www.criteo.com\/es\/#organization"},"potentialAction":[{"@type":"SearchAction","target":{"@type":"EntryPoint","urlTemplate":"https:\/\/www.criteo.com\/es\/?s={search_term_string}"},"query-input":{"@type":"PropertyValueSpecification","valueRequired":true,"valueName":"search_term_string"}}],"inLanguage":"es-ES"},{"@type":"Organization","@id":"https:\/\/www.criteo.com\/es\/#organization","name":"Criteo","alternateName":"Criteo corp","url":"https:\/\/www.criteo.com\/es\/","logo":{"@type":"ImageObject","inLanguage":"es-ES","@id":"https:\/\/www.criteo.com\/es\/#\/schema\/logo\/image\/","url":"https:\/\/www.criteo.com\/es\/wp-content\/uploads\/sites\/8\/2024\/02\/Criteo-Logo.svg","contentUrl":"https:\/\/www.criteo.com\/es\/wp-content\/uploads\/sites\/8\/2024\/02\/Criteo-Logo.svg","width":118,"height":24,"caption":"Criteo"},"image":{"@id":"https:\/\/www.criteo.com\/es\/#\/schema\/logo\/image\/"}}]}},"_links":{"self":[{"href":"https:\/\/www.criteo.com\/es\/wp-json\/wp\/v2\/pages\/20720","targetHints":{"allow":["GET"]}}],"collection":[{"href":"https:\/\/www.criteo.com\/es\/wp-json\/wp\/v2\/pages"}],"about":[{"href":"https:\/\/www.criteo.com\/es\/wp-json\/wp\/v2\/types\/page"}],"author":[{"embeddable":true,"href":"https:\/\/www.criteo.com\/es\/wp-json\/wp\/v2\/users\/9"}],"replies":[{"embeddable":true,"href":"https:\/\/www.criteo.com\/es\/wp-json\/wp\/v2\/comments?post=20720"}],"version-history":[{"count":7,"href":"https:\/\/www.criteo.com\/es\/wp-json\/wp\/v2\/pages\/20720\/revisions"}],"predecessor-version":[{"id":20767,"href":"https:\/\/www.criteo.com\/es\/wp-json\/wp\/v2\/pages\/20720\/revisions\/20767"}],"up":[{"embeddable":true,"href":"https:\/\/www.criteo.com\/es\/wp-json\/wp\/v2\/pages\/20550"}],"wp:attachment":[{"href":"https:\/\/www.criteo.com\/es\/wp-json\/wp\/v2\/media?parent=20720"}],"wp:term":[{"taxonomy":"author","embeddable":true,"href":"https:\/\/www.criteo.com\/es\/wp-json\/wp\/v2\/coauthors?post=20720"}],"curies":[{"name":"wp","href":"https:\/\/api.w.org\/{rel}","templated":true}]}}