{"id":10528,"date":"2019-08-26T16:43:30","date_gmt":"2019-08-26T16:43:30","guid":{"rendered":"http:\/\/www.criteo.com\/fr\/how-criteo-services-work-from-one-environment-to-another\/"},"modified":"2020-04-24T19:28:22","modified_gmt":"2020-04-24T19:28:22","slug":"how-criteo-services-work-across-environments","status":"publish","type":"page","link":"https:\/\/www.criteo.com\/fr\/privacy\/how-criteo-services-work-across-environments\/","title":{"rendered":"Fonctionnement des services Criteo d\u2019un environnement \u00e0 l\u2019autre"},"content":{"rendered":"<h3><strong>Pourquoi associer diff\u00e9rents identifiants ?<\/strong><\/h3>\n<p>Lorsque vous naviguez sur plusieurs environnements (sur Internet avec Safari, puis d\u2019autres navigateurs ou applications, par exemple), les donn\u00e9es de navigation recueillies sur les sites et sur les applications des partenaires Criteo sont li\u00e9es \u00e0 des identifiants distincts.<\/p>\n<div class=\"accordion-wysiwyg \">\n    <div class=\"title p-3 pl-5\"><i class=\"arrow p-3 fas fa-chevron-right\"><\/i>Exemple<\/div>\n    <div class=\"inner p-3\">\n    <div class=\"content pl-3\"><\/p>\n<ul>\n<li><strong>Un utilisateur se connecte sur un navigateur pour visiter le site web d&rsquo;un Annonceur partenaire. Les donn\u00e9es relatives \u00e0 ses \u00e9v\u00e9nements de navigation sont alors reli\u00e9es \u00e0 l&rsquo;identifiant du cookie Criteo attribu\u00e9 au navigateur utilis\u00e9.<\/strong><\/li>\n<\/ul>\n<p style=\"padding-left: 40px;\"><em>Exemple de donn\u00e9es collect\u00e9es par Criteo : l\u2019utilisateur ayant l\u2019identifiant de cookie 123f94d8-a745-4f8b-a1d0-bf6fbbd60058 (ici, \u00ab identifiant Criteo 123 \u00bb) consulte le produit A le 01\/01\/2018 \u00e0 13h37 sur le site www.exemple-annonceur.com.<\/em><\/p>\n<ul>\n<li><strong>Cet utilisateur se connecte cette fois sur son smartphone pour consulter l\u2019application mobile du m\u00eame Annonceur partenaire. Les donn\u00e9es relatives \u00e0 ses \u00e9v\u00e9nements de navigation sont alors \u00e9galement reli\u00e9es \u00e0 l&rsquo;identifiant publicitaire mobile du smartphone utilis\u00e9.<\/strong><\/li>\n<\/ul>\n<p style=\"padding-left: 40px;\"><em>Exemple de donn\u00e9es collect\u00e9es par Criteo :l\u2019utilisateur avec l\u2019identifiant publicitaire mobile 456gf158-62jg-4bj9-5jv1-j25864789h0b (ici, \u00ab identifiant mobile 456 \u00bb) a achet\u00e9 le produit A le 02\/01\/2018 \u00e0 12h00 sur l\u2019application X de l\u2019Annonceur.<\/em><\/p>\n<ul>\n<li><strong>Dans cet exemple, Criteo ignore que les \u00e9v\u00e9nements de navigation li\u00e9s \u00e0 l\u2019ID Criteo 123 et \u00e0 l\u2019ID mobile 456 proviennent du m\u00eame utilisateur, car les identifiants sont diff\u00e9rents.<\/strong><\/li>\n<li><strong>Criteo affiche donc des annonces pour le produit A \u00e0 l&rsquo;utilisateur avec l&rsquo;identifiant Criteo 123, bien qu&rsquo;il ait d\u00e9j\u00e0 achet\u00e9 le produit en question.<\/strong><\/li>\n<\/ul>\n<p><\/div>\n    <\/div>\n    <\/div>\n<p>Criteo et ses clients s\u2019engagent \u00e0 vous fournir une exp\u00e9rience coh\u00e9rente, d\u2019un environnement \u00e0 l\u2019autre. Dans ce contexte, ils peuvent \u00eatre amen\u00e9s \u00e0\u00a0associer\u00a0plusieurs identifiants. Cette association vise plusieurs objectifs :<\/p>\n<ul>\n<li>am\u00e9liorer la personnalisation des annonces qui vous sont propos\u00e9es en les adaptant \u00e0 votre mode de navigation ;<\/li>\n<li>limiter le nombre de fois o\u00f9 la m\u00eame annonce vous est pr\u00e9sent\u00e9e, quels que soient les environnements utilis\u00e9s ;<\/li>\n<li>de d\u00e9sactiver facilement les services Criteo sur tous les appareils que vous utilisez.<\/li>\n<\/ul>\n<h3><strong>Comment les identifiants sont-ils associ\u00e9s par Criteo\u00a0?<\/strong><\/h3>\n<p>Criteo associe ses diff\u00e9rents identifiants sur la base\u00a0:<\/p>\n<ul>\n<li>de ses propres m\u00e9thodes d\u2019association reposant sur les donn\u00e9es d\u00e9j\u00e0 recueillies par ses technologies ;<\/li>\n<li>des donn\u00e9es pouvant \u00eatre transmises par un Annonceur ou un \u00c9diteur de mani\u00e8re facultative et pseudonymis\u00e9e, telles que vos identifiants CRM et\/ou adresses e-mail sous forme hach\u00e9e et\/ou encrypt\u00e9e ;<\/li>\n<li>des associations d&rsquo;identifiants partag\u00e9es par les partenaires et obtenues par des m\u00e9thodes fournissant les m\u00eames garanties de\u00a0protection de la vie priv\u00e9e que la pr\u00e9sente politique de confidentialit\u00e9.<\/li>\n<\/ul>\n","protected":false},"excerpt":{"rendered":"<p>Pourquoi associer diff\u00e9rents identifiants ? Lorsque vous naviguez sur plusieurs environnements (sur Internet avec Safari, puis d\u2019autres navigateurs ou applications, par exemple), les donn\u00e9es de navigation recueillies sur les sites et sur les applications des partenaires Criteo sont li\u00e9es \u00e0 des identifiants distincts. Criteo et ses clients s\u2019engagent \u00e0 vous fournir une exp\u00e9rience coh\u00e9rente, d\u2019un [&hellip;]<\/p>\n","protected":false},"author":55,"featured_media":0,"parent":10531,"menu_order":0,"comment_status":"closed","ping_status":"closed","template":"page-templates\/basic.php","meta":{"_acf_changed":false,"footnotes":""},"coauthors":[],"class_list":["post-10528","page","type-page","status-publish"],"acf":{"layout_mode":"privacy-2019","has_more_content":false,"storetail_optout":false,"stae_popup_enable":false,"track_page_in_segment":false,"segment_page_name":"","additional_code":"","toc_order":"4","bevel":"peach-grapes","bevel_reversed":false,"side_text":""},"yoast_head":"<!-- This site is optimized with the Yoast SEO plugin v26.4 - https:\/\/yoast.com\/wordpress\/plugins\/seo\/ -->\n<title>Fonctionnement des services Criteo d\u2019un environnement \u00e0 l\u2019autre | FR - Criteo.com<\/title>\n<meta name=\"description\" content=\"Lorsque vous naviguez depuis plusieurs environnements, les donn\u00e9es de navigation que nous pouvons recueillir sur les sites web et applications mobiles de nos partenaires sont li\u00e9es \u00e0 des identifiants distincts.\" \/>\n<meta name=\"robots\" content=\"index, follow, max-snippet:-1, max-image-preview:large, max-video-preview:-1\" \/>\n<link rel=\"canonical\" href=\"https:\/\/www.criteo.com\/fr\/privacy\/how-criteo-services-work-across-environments\/\" \/>\n<meta property=\"og:locale\" content=\"fr_FR\" \/>\n<meta property=\"og:type\" content=\"article\" \/>\n<meta property=\"og:title\" content=\"Fonctionnement des services Criteo d\u2019un environnement \u00e0 l\u2019autre | FR - Criteo.com\" \/>\n<meta property=\"og:description\" content=\"Lorsque vous naviguez depuis plusieurs environnements, les donn\u00e9es de navigation que nous pouvons recueillir sur les sites web et applications mobiles de nos partenaires sont li\u00e9es \u00e0 des identifiants distincts.\" \/>\n<meta property=\"og:url\" content=\"https:\/\/www.criteo.com\/fr\/privacy\/how-criteo-services-work-across-environments\/\" \/>\n<meta property=\"og:site_name\" content=\"FR - Criteo.com\" \/>\n<meta property=\"article:modified_time\" content=\"2020-04-24T19:28:22+00:00\" \/>\n<meta name=\"twitter:card\" content=\"summary_large_image\" \/>\n<meta name=\"twitter:label1\" content=\"Est. reading time\" \/>\n\t<meta name=\"twitter:data1\" content=\"2 minutes\" \/>\n<script type=\"application\/ld+json\" class=\"yoast-schema-graph\">{\n\t    \"@context\": \"https:\/\/schema.org\",\n\t    \"@graph\": [\n\t        {\n\t            \"@type\": \"WebPage\",\n\t            \"@id\": \"https:\/\/www.criteo.com\/fr\/privacy\/how-criteo-services-work-across-environments\/\",\n\t            \"url\": \"https:\/\/www.criteo.com\/fr\/privacy\/how-criteo-services-work-across-environments\/\",\n\t            \"name\": \"Fonctionnement des services Criteo d\u2019un environnement \u00e0 l\u2019autre | FR - Criteo.com\",\n\t            \"isPartOf\": {\n\t                \"@id\": \"https:\/\/www.criteo.com\/fr\/#website\"\n\t            },\n\t            \"datePublished\": \"2019-08-26T16:43:30+00:00\",\n\t            \"dateModified\": \"2020-04-24T19:28:22+00:00\",\n\t            \"description\": \"Lorsque vous naviguez depuis plusieurs environnements, les donn\u00e9es de navigation que nous pouvons recueillir sur les sites web et applications mobiles de nos partenaires sont li\u00e9es \u00e0 des identifiants distincts.\",\n\t            \"breadcrumb\": {\n\t                \"@id\": \"https:\/\/www.criteo.com\/fr\/privacy\/how-criteo-services-work-across-environments\/#breadcrumb\"\n\t            },\n\t            \"inLanguage\": \"fr-FR\",\n\t            \"potentialAction\": [\n\t                {\n\t                    \"@type\": \"ReadAction\",\n\t                    \"target\": [\n\t                        \"https:\/\/www.criteo.com\/fr\/privacy\/how-criteo-services-work-across-environments\/\"\n\t                    ]\n\t                }\n\t            ]\n\t        },\n\t        {\n\t            \"@type\": \"BreadcrumbList\",\n\t            \"@id\": \"https:\/\/www.criteo.com\/fr\/privacy\/how-criteo-services-work-across-environments\/#breadcrumb\",\n\t            \"itemListElement\": [\n\t                {\n\t                    \"@type\": \"ListItem\",\n\t                    \"position\": 1,\n\t                    \"name\": \"Home\",\n\t                    \"item\": \"https:\/\/www.criteo.com\/fr\/\"\n\t                },\n\t                {\n\t                    \"@type\": \"ListItem\",\n\t                    \"position\": 2,\n\t                    \"name\": \"Politique de confidentialit\u00e9\",\n\t                    \"item\": \"https:\/\/www.criteo.com\/fr\/privacy\/\"\n\t                },\n\t                {\n\t                    \"@type\": \"ListItem\",\n\t                    \"position\": 3,\n\t                    \"name\": \"Fonctionnement des services Criteo d\u2019un environnement \u00e0 l\u2019autre\"\n\t                }\n\t            ]\n\t        },\n\t        {\n\t            \"@type\": \"WebSite\",\n\t            \"@id\": \"https:\/\/www.criteo.com\/fr\/#website\",\n\t            \"url\": \"https:\/\/www.criteo.com\/fr\/\",\n\t            \"name\": \"FR - Criteo.com\",\n\t            \"description\": \"\",\n\t            \"publisher\": {\n\t                \"@id\": \"https:\/\/www.criteo.com\/fr\/#organization\"\n\t            },\n\t            \"potentialAction\": [\n\t                {\n\t                    \"@type\": \"SearchAction\",\n\t                    \"target\": {\n\t                        \"@type\": \"EntryPoint\",\n\t                        \"urlTemplate\": \"https:\/\/www.criteo.com\/fr\/?s={search_term_string}\"\n\t                    },\n\t                    \"query-input\": {\n\t                        \"@type\": \"PropertyValueSpecification\",\n\t                        \"valueRequired\": true,\n\t                        \"valueName\": \"search_term_string\"\n\t                    }\n\t                }\n\t            ],\n\t            \"inLanguage\": \"fr-FR\"\n\t        },\n\t        {\n\t            \"@type\": \"Organization\",\n\t            \"@id\": \"https:\/\/www.criteo.com\/fr\/#organization\",\n\t            \"name\": \"Criteo\",\n\t            \"alternateName\": \"Criteo corp\",\n\t            \"url\": \"https:\/\/www.criteo.com\/fr\/\",\n\t            \"logo\": {\n\t                \"@type\": \"ImageObject\",\n\t                \"inLanguage\": \"fr-FR\",\n\t                \"@id\": \"https:\/\/www.criteo.com\/fr\/#\/schema\/logo\/image\/\",\n\t                \"url\": \"https:\/\/www.criteo.com\/fr\/wp-content\/uploads\/sites\/4\/2024\/02\/Criteo-Logo.svg\",\n\t                \"contentUrl\": \"https:\/\/www.criteo.com\/fr\/wp-content\/uploads\/sites\/4\/2024\/02\/Criteo-Logo.svg\",\n\t                \"width\": 118,\n\t                \"height\": 24,\n\t                \"caption\": \"Criteo\"\n\t            },\n\t            \"image\": {\n\t                \"@id\": \"https:\/\/www.criteo.com\/fr\/#\/schema\/logo\/image\/\"\n\t            }\n\t        }\n\t    ]\n\t}<\/script>\n<!-- \/ Yoast SEO plugin. -->","yoast_head_json":{"title":"Fonctionnement des services Criteo d\u2019un environnement \u00e0 l\u2019autre | FR - Criteo.com","description":"Lorsque vous naviguez depuis plusieurs environnements, les donn\u00e9es de navigation que nous pouvons recueillir sur les sites web et applications mobiles de nos partenaires sont li\u00e9es \u00e0 des identifiants distincts.","robots":{"index":"index","follow":"follow","max-snippet":"max-snippet:-1","max-image-preview":"max-image-preview:large","max-video-preview":"max-video-preview:-1"},"canonical":"https:\/\/www.criteo.com\/fr\/privacy\/how-criteo-services-work-across-environments\/","og_locale":"fr_FR","og_type":"article","og_title":"Fonctionnement des services Criteo d\u2019un environnement \u00e0 l\u2019autre | FR - Criteo.com","og_description":"Lorsque vous naviguez depuis plusieurs environnements, les donn\u00e9es de navigation que nous pouvons recueillir sur les sites web et applications mobiles de nos partenaires sont li\u00e9es \u00e0 des identifiants distincts.","og_url":"https:\/\/www.criteo.com\/fr\/privacy\/how-criteo-services-work-across-environments\/","og_site_name":"FR - Criteo.com","article_modified_time":"2020-04-24T19:28:22+00:00","twitter_card":"summary_large_image","twitter_misc":{"Est. reading time":"2 minutes"},"schema":{"@context":"https:\/\/schema.org","@graph":[{"@type":"WebPage","@id":"https:\/\/www.criteo.com\/fr\/privacy\/how-criteo-services-work-across-environments\/","url":"https:\/\/www.criteo.com\/fr\/privacy\/how-criteo-services-work-across-environments\/","name":"Fonctionnement des services Criteo d\u2019un environnement \u00e0 l\u2019autre | FR - Criteo.com","isPartOf":{"@id":"https:\/\/www.criteo.com\/fr\/#website"},"datePublished":"2019-08-26T16:43:30+00:00","dateModified":"2020-04-24T19:28:22+00:00","description":"Lorsque vous naviguez depuis plusieurs environnements, les donn\u00e9es de navigation que nous pouvons recueillir sur les sites web et applications mobiles de nos partenaires sont li\u00e9es \u00e0 des identifiants distincts.","breadcrumb":{"@id":"https:\/\/www.criteo.com\/fr\/privacy\/how-criteo-services-work-across-environments\/#breadcrumb"},"inLanguage":"fr-FR","potentialAction":[{"@type":"ReadAction","target":["https:\/\/www.criteo.com\/fr\/privacy\/how-criteo-services-work-across-environments\/"]}]},{"@type":"BreadcrumbList","@id":"https:\/\/www.criteo.com\/fr\/privacy\/how-criteo-services-work-across-environments\/#breadcrumb","itemListElement":[{"@type":"ListItem","position":1,"name":"Home","item":"https:\/\/www.criteo.com\/fr\/"},{"@type":"ListItem","position":2,"name":"Politique de confidentialit\u00e9","item":"https:\/\/www.criteo.com\/fr\/privacy\/"},{"@type":"ListItem","position":3,"name":"Fonctionnement des services Criteo d\u2019un environnement \u00e0 l\u2019autre"}]},{"@type":"WebSite","@id":"https:\/\/www.criteo.com\/fr\/#website","url":"https:\/\/www.criteo.com\/fr\/","name":"FR - Criteo.com","description":"","publisher":{"@id":"https:\/\/www.criteo.com\/fr\/#organization"},"potentialAction":[{"@type":"SearchAction","target":{"@type":"EntryPoint","urlTemplate":"https:\/\/www.criteo.com\/fr\/?s={search_term_string}"},"query-input":{"@type":"PropertyValueSpecification","valueRequired":true,"valueName":"search_term_string"}}],"inLanguage":"fr-FR"},{"@type":"Organization","@id":"https:\/\/www.criteo.com\/fr\/#organization","name":"Criteo","alternateName":"Criteo corp","url":"https:\/\/www.criteo.com\/fr\/","logo":{"@type":"ImageObject","inLanguage":"fr-FR","@id":"https:\/\/www.criteo.com\/fr\/#\/schema\/logo\/image\/","url":"https:\/\/www.criteo.com\/fr\/wp-content\/uploads\/sites\/4\/2024\/02\/Criteo-Logo.svg","contentUrl":"https:\/\/www.criteo.com\/fr\/wp-content\/uploads\/sites\/4\/2024\/02\/Criteo-Logo.svg","width":118,"height":24,"caption":"Criteo"},"image":{"@id":"https:\/\/www.criteo.com\/fr\/#\/schema\/logo\/image\/"}}]}},"_links":{"self":[{"href":"https:\/\/www.criteo.com\/fr\/wp-json\/wp\/v2\/pages\/10528","targetHints":{"allow":["GET"]}}],"collection":[{"href":"https:\/\/www.criteo.com\/fr\/wp-json\/wp\/v2\/pages"}],"about":[{"href":"https:\/\/www.criteo.com\/fr\/wp-json\/wp\/v2\/types\/page"}],"author":[{"embeddable":true,"href":"https:\/\/www.criteo.com\/fr\/wp-json\/wp\/v2\/users\/55"}],"replies":[{"embeddable":true,"href":"https:\/\/www.criteo.com\/fr\/wp-json\/wp\/v2\/comments?post=10528"}],"version-history":[{"count":5,"href":"https:\/\/www.criteo.com\/fr\/wp-json\/wp\/v2\/pages\/10528\/revisions"}],"predecessor-version":[{"id":12412,"href":"https:\/\/www.criteo.com\/fr\/wp-json\/wp\/v2\/pages\/10528\/revisions\/12412"}],"up":[{"embeddable":true,"href":"https:\/\/www.criteo.com\/fr\/wp-json\/wp\/v2\/pages\/10531"}],"wp:attachment":[{"href":"https:\/\/www.criteo.com\/fr\/wp-json\/wp\/v2\/media?parent=10528"}],"wp:term":[{"taxonomy":"author","embeddable":true,"href":"https:\/\/www.criteo.com\/fr\/wp-json\/wp\/v2\/coauthors?post=10528"}],"curies":[{"name":"wp","href":"https:\/\/api.w.org\/{rel}","templated":true}]}}