{"id":10579,"date":"2019-08-27T14:14:44","date_gmt":"2019-08-27T14:14:44","guid":{"rendered":"http:\/\/www.criteo.com\/fr\/your-rights-2\/"},"modified":"2022-11-15T16:06:04","modified_gmt":"2022-11-15T16:06:04","slug":"your-rights","status":"publish","type":"page","link":"https:\/\/www.criteo.com\/fr\/privacy\/your-rights\/","title":{"rendered":"Vos droits"},"content":{"rendered":"<p>Le RGPD vous donne diff\u00e9rents droits sur vos donn\u00e9es \u00e0 caract\u00e8re personnel. N\u2019h\u00e9sitez pas \u00e0 pr\u00e9ciser dans votre demande les droits que vous souhaitez exercer, pour que Criteo puisse y r\u00e9pondre le plus pr\u00e9cis\u00e9ment possible.<\/p>\n<h3><strong>Retrait du consentement aux services Criteo<\/strong><\/h3>\n<p>Le retrait de votre consentement (article 7 du RGPD) entra\u00eenera la d\u00e9sactivation des services Criteo.<br \/>\n<a href=\"https:\/\/www.criteo.com\/fr\/privacy\/disable-criteo-services-on-internet-browsers\/\">Exercez votre droit.<\/a><\/p>\n<h3><strong>Droit \u00e0 l&rsquo;oubli<\/strong><\/h3>\n<p>Vous pouvez exercer votre droit \u00e0 l\u2019oubli (article 17 du RGPD).<br \/>\nPour exercer ce droit, envoyez votre demande \u00e0 l&rsquo;adresse :\u00a0<a href=\"mailto:dpo@criteo.com\">dpo@criteo.com<\/a>.<\/p>\n<h3><strong>Droit d&rsquo;opposition<\/strong><\/h3>\n<p>Vous pouvez exercer votre droit d\u2019opposition (article 21 du RGPD) pour des motifs li\u00e9s \u00e0 votre situation particuli\u00e8re pour les activit\u00e9s de traitement bas\u00e9es sur notre int\u00e9r\u00eat l\u00e9gitime.<br \/>\nPour exercer ce droit, envoyez votre demande \u00e0 l&rsquo;adresse : <a href=\"mailto:dpo@criteo.com\">dpo@criteo.com<\/a>.<\/p>\n<h3><strong>Droit d&rsquo;acc\u00e8s aux donn\u00e9es<\/strong><\/h3>\n<p>Vous avez le droit d&rsquo;acc\u00e9der \u00e0 vos donn\u00e9es \u00e0 caract\u00e8re personnel. Suite \u00e0 l\u2019exercice de votre droit d&rsquo;acc\u00e8s (article 15 du RGPD), une feuille de calcul Excel contenant toutes vos donn\u00e9es \u00e0 caract\u00e8re personnel vous sera envoy\u00e9e.<br \/>\nPour exercer ce droit, envoyez votre demande \u00e0 l&rsquo;adresse\u00a0: <a href=\"mailto:dpo@criteo.com\">dpo@criteo.com<\/a>.<\/p>\n<h3><strong>Droit \u00e0 la portabilit\u00e9 des donn\u00e9es<\/strong><\/h3>\n<p>Vous pouvez exercer votre droit \u00e0 la portabilit\u00e9 (article 20 du RGPD) pour les activit\u00e9s de traitement bas\u00e9es sur votre consentement.<br \/>\nPour exercer ce droit, envoyez votre demande \u00e0 l&rsquo;adresse\u00a0<a href=\"mailto:dpo@criteo.com\">dpo@criteo.com<\/a>.<\/p>\n<h3><strong>Droit \u00e0 la rectification des donn\u00e9es<\/strong><\/h3>\n<p>Vous pouvez exercer votre droit \u00e0 la rectification des donn\u00e9es (article 16 du RGPD) afin que Criteo rectifie les donn\u00e9es inexactes ou fasse compl\u00e9ter les donn\u00e9es incompl\u00e8tes.<br \/>\nPour exercer ce droit, envoyez votre demande \u00e0 l&rsquo;adresse\u00a0: <a href=\"mailto:dpo@criteo.com\">dpo@criteo.com<\/a>.<\/p>\n<h3><strong>Droit \u00e0 la limitation du traitement<\/strong><\/h3>\n<p>Dans certaines circonstances, vous pouvez exercer votre droit \u00e0 la restriction du traitement de vos donn\u00e9es (article 18 du GDPR).<br \/>\nPour exercer ce droit, envoyez votre demande \u00e0 l&rsquo;adresse\u00a0: <a href=\"mailto:dpo@criteo.com\">dpo@criteo.com<\/a>.<\/p>\n<h3><strong>Droit d&rsquo;introduire une r\u00e9clamation aupr\u00e8s d&rsquo;une autorit\u00e9 de contr\u00f4le<\/strong><\/h3>\n<p>Ce droit doit \u00eatre exerc\u00e9 directement aupr\u00e8s de l&rsquo;autorit\u00e9 de contr\u00f4le de votre choix. En France, toute r\u00e9clamation doit \u00eatre adress\u00e9e \u00e0 la Commission Nationale de l&rsquo;Informatique et des Libert\u00e9s (CNIL), dont les coordonn\u00e9es se trouvent\u00a0<a href=\"https:\/\/www.cnil.fr\/\">ici<\/a>.<br \/>\nLes cons\u00e9quences d&rsquo;une r\u00e9clamation aupr\u00e8s d&rsquo;une autorit\u00e9 de contr\u00f4le sont \u00e0 la discr\u00e9tion de cette autorit\u00e9.<\/p>\n","protected":false},"excerpt":{"rendered":"<p>Le RGPD vous donne diff\u00e9rents droits sur vos donn\u00e9es \u00e0 caract\u00e8re personnel. N\u2019h\u00e9sitez pas \u00e0 pr\u00e9ciser dans votre demande les droits que vous souhaitez exercer, pour que Criteo puisse y r\u00e9pondre le plus pr\u00e9cis\u00e9ment possible. Retrait du consentement aux services Criteo Le retrait de votre consentement (article 7 du RGPD) entra\u00eenera la d\u00e9sactivation des services [&hellip;]<\/p>\n","protected":false},"author":55,"featured_media":0,"parent":10531,"menu_order":0,"comment_status":"closed","ping_status":"closed","template":"page-templates\/basic.php","meta":{"_acf_changed":false,"footnotes":""},"coauthors":[],"class_list":["post-10579","page","type-page","status-publish"],"acf":{"layout_mode":"privacy-2019","has_more_content":false,"storetail_optout":false,"stae_popup_enable":false,"track_page_in_segment":false,"segment_page_name":"","additional_code":"","toc_order":"5","bevel":"peach-grapes","bevel_reversed":false,"side_text":""},"yoast_head":"<!-- This site is optimized with the Yoast SEO plugin v26.4 - https:\/\/yoast.com\/wordpress\/plugins\/seo\/ -->\n<title>Vos droits | FR - Criteo.com<\/title>\n<meta name=\"description\" content=\"Toutes les informations sur le retrait de votre consentement aux services de Criteo, le droit \u00e0 l&#039;oubli, le droit d\u2019opposition au traitement, le droit d\u2019acc\u00e8s \u00e0 vos donn\u00e9es \u00e0 caract\u00e8re personnel, le droit \u00e0 la portabilit\u00e9 de vos donn\u00e9es \u00e0 caract\u00e8re personnel et bien d&#039;autres.\" \/>\n<meta name=\"robots\" content=\"index, follow, max-snippet:-1, max-image-preview:large, max-video-preview:-1\" \/>\n<link rel=\"canonical\" href=\"https:\/\/www.criteo.com\/fr\/privacy\/your-rights\/\" \/>\n<meta property=\"og:locale\" content=\"fr_FR\" \/>\n<meta property=\"og:type\" content=\"article\" \/>\n<meta property=\"og:title\" content=\"Vos droits | FR - Criteo.com\" \/>\n<meta property=\"og:description\" content=\"Toutes les informations sur le retrait de votre consentement aux services de Criteo, le droit \u00e0 l&#039;oubli, le droit d\u2019opposition au traitement, le droit d\u2019acc\u00e8s \u00e0 vos donn\u00e9es \u00e0 caract\u00e8re personnel, le droit \u00e0 la portabilit\u00e9 de vos donn\u00e9es \u00e0 caract\u00e8re personnel et bien d&#039;autres.\" \/>\n<meta property=\"og:url\" content=\"https:\/\/www.criteo.com\/fr\/privacy\/your-rights\/\" \/>\n<meta property=\"og:site_name\" content=\"FR - Criteo.com\" \/>\n<meta property=\"article:modified_time\" content=\"2022-11-15T16:06:04+00:00\" \/>\n<meta name=\"twitter:card\" content=\"summary_large_image\" \/>\n<meta name=\"twitter:label1\" content=\"Est. reading time\" \/>\n\t<meta name=\"twitter:data1\" content=\"2 minutes\" \/>\n<script type=\"application\/ld+json\" class=\"yoast-schema-graph\">{\n\t    \"@context\": \"https:\/\/schema.org\",\n\t    \"@graph\": [\n\t        {\n\t            \"@type\": \"WebPage\",\n\t            \"@id\": \"https:\/\/www.criteo.com\/fr\/privacy\/your-rights\/\",\n\t            \"url\": \"https:\/\/www.criteo.com\/fr\/privacy\/your-rights\/\",\n\t            \"name\": \"Vos droits | FR - Criteo.com\",\n\t            \"isPartOf\": {\n\t                \"@id\": \"https:\/\/www.criteo.com\/fr\/#website\"\n\t            },\n\t            \"datePublished\": \"2019-08-27T14:14:44+00:00\",\n\t            \"dateModified\": \"2022-11-15T16:06:04+00:00\",\n\t            \"description\": \"Toutes les informations sur le retrait de votre consentement aux services de Criteo, le droit \u00e0 l'oubli, le droit d\u2019opposition au traitement, le droit d\u2019acc\u00e8s \u00e0 vos donn\u00e9es \u00e0 caract\u00e8re personnel, le droit \u00e0 la portabilit\u00e9 de vos donn\u00e9es \u00e0 caract\u00e8re personnel et bien d'autres.\",\n\t            \"breadcrumb\": {\n\t                \"@id\": \"https:\/\/www.criteo.com\/fr\/privacy\/your-rights\/#breadcrumb\"\n\t            },\n\t            \"inLanguage\": \"fr-FR\",\n\t            \"potentialAction\": [\n\t                {\n\t                    \"@type\": \"ReadAction\",\n\t                    \"target\": [\n\t                        \"https:\/\/www.criteo.com\/fr\/privacy\/your-rights\/\"\n\t                    ]\n\t                }\n\t            ]\n\t        },\n\t        {\n\t            \"@type\": \"BreadcrumbList\",\n\t            \"@id\": \"https:\/\/www.criteo.com\/fr\/privacy\/your-rights\/#breadcrumb\",\n\t            \"itemListElement\": [\n\t                {\n\t                    \"@type\": \"ListItem\",\n\t                    \"position\": 1,\n\t                    \"name\": \"Home\",\n\t                    \"item\": \"https:\/\/www.criteo.com\/fr\/\"\n\t                },\n\t                {\n\t                    \"@type\": \"ListItem\",\n\t                    \"position\": 2,\n\t                    \"name\": \"Politique de confidentialit\u00e9\",\n\t                    \"item\": \"https:\/\/www.criteo.com\/fr\/privacy\/\"\n\t                },\n\t                {\n\t                    \"@type\": \"ListItem\",\n\t                    \"position\": 3,\n\t                    \"name\": \"Vos droits\"\n\t                }\n\t            ]\n\t        },\n\t        {\n\t            \"@type\": \"WebSite\",\n\t            \"@id\": \"https:\/\/www.criteo.com\/fr\/#website\",\n\t            \"url\": \"https:\/\/www.criteo.com\/fr\/\",\n\t            \"name\": \"FR - Criteo.com\",\n\t            \"description\": \"\",\n\t            \"publisher\": {\n\t                \"@id\": \"https:\/\/www.criteo.com\/fr\/#organization\"\n\t            },\n\t            \"potentialAction\": [\n\t                {\n\t                    \"@type\": \"SearchAction\",\n\t                    \"target\": {\n\t                        \"@type\": \"EntryPoint\",\n\t                        \"urlTemplate\": \"https:\/\/www.criteo.com\/fr\/?s={search_term_string}\"\n\t                    },\n\t                    \"query-input\": {\n\t                        \"@type\": \"PropertyValueSpecification\",\n\t                        \"valueRequired\": true,\n\t                        \"valueName\": \"search_term_string\"\n\t                    }\n\t                }\n\t            ],\n\t            \"inLanguage\": \"fr-FR\"\n\t        },\n\t        {\n\t            \"@type\": \"Organization\",\n\t            \"@id\": \"https:\/\/www.criteo.com\/fr\/#organization\",\n\t            \"name\": \"Criteo\",\n\t            \"alternateName\": \"Criteo corp\",\n\t            \"url\": \"https:\/\/www.criteo.com\/fr\/\",\n\t            \"logo\": {\n\t                \"@type\": \"ImageObject\",\n\t                \"inLanguage\": \"fr-FR\",\n\t                \"@id\": \"https:\/\/www.criteo.com\/fr\/#\/schema\/logo\/image\/\",\n\t                \"url\": \"https:\/\/www.criteo.com\/fr\/wp-content\/uploads\/sites\/4\/2024\/02\/Criteo-Logo.svg\",\n\t                \"contentUrl\": \"https:\/\/www.criteo.com\/fr\/wp-content\/uploads\/sites\/4\/2024\/02\/Criteo-Logo.svg\",\n\t                \"width\": 118,\n\t                \"height\": 24,\n\t                \"caption\": \"Criteo\"\n\t            },\n\t            \"image\": {\n\t                \"@id\": \"https:\/\/www.criteo.com\/fr\/#\/schema\/logo\/image\/\"\n\t            }\n\t        }\n\t    ]\n\t}<\/script>\n<!-- \/ Yoast SEO plugin. -->","yoast_head_json":{"title":"Vos droits | FR - Criteo.com","description":"Toutes les informations sur le retrait de votre consentement aux services de Criteo, le droit \u00e0 l'oubli, le droit d\u2019opposition au traitement, le droit d\u2019acc\u00e8s \u00e0 vos donn\u00e9es \u00e0 caract\u00e8re personnel, le droit \u00e0 la portabilit\u00e9 de vos donn\u00e9es \u00e0 caract\u00e8re personnel et bien d'autres.","robots":{"index":"index","follow":"follow","max-snippet":"max-snippet:-1","max-image-preview":"max-image-preview:large","max-video-preview":"max-video-preview:-1"},"canonical":"https:\/\/www.criteo.com\/fr\/privacy\/your-rights\/","og_locale":"fr_FR","og_type":"article","og_title":"Vos droits | FR - Criteo.com","og_description":"Toutes les informations sur le retrait de votre consentement aux services de Criteo, le droit \u00e0 l'oubli, le droit d\u2019opposition au traitement, le droit d\u2019acc\u00e8s \u00e0 vos donn\u00e9es \u00e0 caract\u00e8re personnel, le droit \u00e0 la portabilit\u00e9 de vos donn\u00e9es \u00e0 caract\u00e8re personnel et bien d'autres.","og_url":"https:\/\/www.criteo.com\/fr\/privacy\/your-rights\/","og_site_name":"FR - Criteo.com","article_modified_time":"2022-11-15T16:06:04+00:00","twitter_card":"summary_large_image","twitter_misc":{"Est. reading time":"2 minutes"},"schema":{"@context":"https:\/\/schema.org","@graph":[{"@type":"WebPage","@id":"https:\/\/www.criteo.com\/fr\/privacy\/your-rights\/","url":"https:\/\/www.criteo.com\/fr\/privacy\/your-rights\/","name":"Vos droits | FR - Criteo.com","isPartOf":{"@id":"https:\/\/www.criteo.com\/fr\/#website"},"datePublished":"2019-08-27T14:14:44+00:00","dateModified":"2022-11-15T16:06:04+00:00","description":"Toutes les informations sur le retrait de votre consentement aux services de Criteo, le droit \u00e0 l'oubli, le droit d\u2019opposition au traitement, le droit d\u2019acc\u00e8s \u00e0 vos donn\u00e9es \u00e0 caract\u00e8re personnel, le droit \u00e0 la portabilit\u00e9 de vos donn\u00e9es \u00e0 caract\u00e8re personnel et bien d'autres.","breadcrumb":{"@id":"https:\/\/www.criteo.com\/fr\/privacy\/your-rights\/#breadcrumb"},"inLanguage":"fr-FR","potentialAction":[{"@type":"ReadAction","target":["https:\/\/www.criteo.com\/fr\/privacy\/your-rights\/"]}]},{"@type":"BreadcrumbList","@id":"https:\/\/www.criteo.com\/fr\/privacy\/your-rights\/#breadcrumb","itemListElement":[{"@type":"ListItem","position":1,"name":"Home","item":"https:\/\/www.criteo.com\/fr\/"},{"@type":"ListItem","position":2,"name":"Politique de confidentialit\u00e9","item":"https:\/\/www.criteo.com\/fr\/privacy\/"},{"@type":"ListItem","position":3,"name":"Vos droits"}]},{"@type":"WebSite","@id":"https:\/\/www.criteo.com\/fr\/#website","url":"https:\/\/www.criteo.com\/fr\/","name":"FR - Criteo.com","description":"","publisher":{"@id":"https:\/\/www.criteo.com\/fr\/#organization"},"potentialAction":[{"@type":"SearchAction","target":{"@type":"EntryPoint","urlTemplate":"https:\/\/www.criteo.com\/fr\/?s={search_term_string}"},"query-input":{"@type":"PropertyValueSpecification","valueRequired":true,"valueName":"search_term_string"}}],"inLanguage":"fr-FR"},{"@type":"Organization","@id":"https:\/\/www.criteo.com\/fr\/#organization","name":"Criteo","alternateName":"Criteo corp","url":"https:\/\/www.criteo.com\/fr\/","logo":{"@type":"ImageObject","inLanguage":"fr-FR","@id":"https:\/\/www.criteo.com\/fr\/#\/schema\/logo\/image\/","url":"https:\/\/www.criteo.com\/fr\/wp-content\/uploads\/sites\/4\/2024\/02\/Criteo-Logo.svg","contentUrl":"https:\/\/www.criteo.com\/fr\/wp-content\/uploads\/sites\/4\/2024\/02\/Criteo-Logo.svg","width":118,"height":24,"caption":"Criteo"},"image":{"@id":"https:\/\/www.criteo.com\/fr\/#\/schema\/logo\/image\/"}}]}},"_links":{"self":[{"href":"https:\/\/www.criteo.com\/fr\/wp-json\/wp\/v2\/pages\/10579","targetHints":{"allow":["GET"]}}],"collection":[{"href":"https:\/\/www.criteo.com\/fr\/wp-json\/wp\/v2\/pages"}],"about":[{"href":"https:\/\/www.criteo.com\/fr\/wp-json\/wp\/v2\/types\/page"}],"author":[{"embeddable":true,"href":"https:\/\/www.criteo.com\/fr\/wp-json\/wp\/v2\/users\/55"}],"replies":[{"embeddable":true,"href":"https:\/\/www.criteo.com\/fr\/wp-json\/wp\/v2\/comments?post=10579"}],"version-history":[{"count":10,"href":"https:\/\/www.criteo.com\/fr\/wp-json\/wp\/v2\/pages\/10579\/revisions"}],"predecessor-version":[{"id":18086,"href":"https:\/\/www.criteo.com\/fr\/wp-json\/wp\/v2\/pages\/10579\/revisions\/18086"}],"up":[{"embeddable":true,"href":"https:\/\/www.criteo.com\/fr\/wp-json\/wp\/v2\/pages\/10531"}],"wp:attachment":[{"href":"https:\/\/www.criteo.com\/fr\/wp-json\/wp\/v2\/media?parent=10579"}],"wp:term":[{"taxonomy":"author","embeddable":true,"href":"https:\/\/www.criteo.com\/fr\/wp-json\/wp\/v2\/coauthors?post=10579"}],"curies":[{"name":"wp","href":"https:\/\/api.w.org\/{rel}","templated":true}]}}