{"id":10596,"date":"2019-08-27T15:12:58","date_gmt":"2019-08-27T15:12:58","guid":{"rendered":"http:\/\/www.criteo.com\/fr\/disable-criteo-services-on-mobile-applications\/"},"modified":"2022-11-15T17:44:26","modified_gmt":"2022-11-15T17:44:26","slug":"disable-criteo-services-on-mobile-applications","status":"publish","type":"page","link":"https:\/\/www.criteo.com\/fr\/privacy\/disable-criteo-services-on-mobile-applications\/","title":{"rendered":"D\u00e9sactiver les services Criteo sur les applications mobiles"},"content":{"rendered":"<p>Vous trouverez sur cette page la proc\u00e9dure \u00e0 suivre pour d\u00e9sactiver les services Criteo sur les applications mobiles. Pour les d\u00e9sactiver sur les navigateurs Internet, cliquez <a href=\"https:\/\/www.criteo.com\/fr\/privacy\/disable-criteo-services-on-internet-browsers\/\">ici<\/a>.<\/p>\n<p>Par cons\u00e9quent, Criteo vous conseille donc de retirer votre consentement pour cet environnement sp\u00e9cifique pour ne plus visualiser les annonces.<\/p>\n<ul>\n<li>Pour les appareils Android (version 2.3 et sup\u00e9rieure)<\/li>\n<\/ul>\n<p style=\"padding-left: 40px;\">R\u00e9initialisez l&rsquo;identifiant publicitaire de votre appareil : acc\u00e9dez aux param\u00e8tres de votre appareil, puis \u00e0 la section Param\u00e8tres &gt; Google &gt; Annonces &gt; R\u00e9initialiser l&rsquo;identifiant publicitaire. Confirmez votre choix. Activez \u00e9galement l\u2019option \u00ab D\u00e9sactiver les annonces par centre d\u2019int\u00e9r\u00eat \u00bb : dans les param\u00e8tres de votre appareil, acc\u00e9dez \u00e0 Param\u00e8tres &gt; Google &gt; Annonces &gt; D\u00e9sactiver les annonces par centre d\u2019int\u00e9r\u00eat.<\/p>\n<p style=\"padding-left: 80px;\"><div class=\"lightbulb\">\n        <div class=\"content p-3 \">Si besoin, consultez l&rsquo;aide Google disponible ici\u00a0:\u00a0<a href=\"https:\/\/support.google.com\/googleplay\/answer\/3405269?hl=fr\" target=\"_blank\" rel=\"noopener noreferrer\">Aide Google Play.<\/a><\/div>\n    <\/div><\/p>\n<ul>\n<li>Pour les appareils iOS (version 6 et sup\u00e9rieure)<\/li>\n<\/ul>\n<p style=\"padding-left: 40px;\">Activez l\u2019option de \u00ab Suivi publicitaire limit\u00e9 \u00bb : acc\u00e9dez aux r\u00e9glages de votre appareil, puis \u00e0 la section Confidentialit\u00e9 &gt; Publicit\u00e9 et activez l\u2019option \u00ab Suivi publicitaire limit\u00e9 \u00bb.<\/p>\n<p style=\"padding-left: 80px;\"><div class=\"lightbulb\">\n        <div class=\"content p-3 \">Si besoin, consultez l&rsquo;aide Apple disponible ici\u00a0:\u00a0<a href=\"http:\/\/support.apple.com\/kb\/HT4228\" target=\"_blank\" rel=\"noopener noreferrer\">Aide Apple<\/a>.<\/div>\n    <\/div><\/p>\n<p>&nbsp;<\/p>\n<h4>Et apr\u00e8s\u00a0?<\/h4>\n<p>Ces configurations entra\u00eeneront les cons\u00e9quences suivantes :<\/p>\n<ul>\n<li>Suppression des identifiants permettant \u00e0 Criteo :\n<ul>\n<li>de reconna\u00eetre votre navigateur ou appareil ;<\/li>\n<li>de vous associer aux donn\u00e9es dont nous disposons.<\/li>\n<\/ul>\n<\/li>\n<li>L\u2019arr\u00eat de la collecte de vos donn\u00e9es \u00e0 caract\u00e8re personnel pour des activit\u00e9s de traitement bas\u00e9es sur votre consentement.<\/li>\n<li>L\u2019arr\u00eat de l\u2019affichage des annonces Criteo, bas\u00e9 sur votre consentement, dans les applications install\u00e9es sur l\u2019appareil utilis\u00e9.<\/li>\n<\/ul>\n<div>\n<p style=\"padding-left: 40px;\"><div class=\"lightbulb\">\n        <div class=\"content p-3 \"><\/p>\n<p>Veuillez prendre note que Criteo peut continuer \u00e0 traiter vos donn\u00e9es \u00e0 caract\u00e8re personnel collect\u00e9es avant que vous ne d\u00e9sactiviez les services Criteo en vertu de l&rsquo;int\u00e9r\u00eat l\u00e9gitime de Criteo.<\/p>\n<p>Pour en savoir plus sur le traitement des donn\u00e9es \u00e0 caract\u00e8re personnel par Criteo, consultez la rubrique \u00ab <a href=\"https:\/\/www.criteo.com\/fr\/privacy\/how-we-use-your-data\/\">Utilisation de vos donn\u00e9es<\/a> \u00bb. Pour exercer vos autres droits, consultez la rubrique \u00ab <a href=\"https:\/\/www.criteo.com\/fr\/privacy\/your-rights\/\">Comprendre mes droits<\/a> \u00bb.<\/p>\n<p style=\"padding-left: 40px;\"><\/div>\n    <\/div><\/p>\n<\/div>\n<p>Criteo vous invite \u00e0 r\u00e9p\u00e9ter l&rsquo;op\u00e9ration sur chacun des navigateurs enregistr\u00e9s sur les appareils que vous utilisez. Pour vous simplifier la t\u00e2che, proc\u00e9dez comme suit :<\/p>\n<ul>\n<li>Copiez et collez l&rsquo;adresse URL suivante dans le navigateur sur lequel vous souhaitez appliquer vos choix :\u00a0 <a href=\"https:\/\/www.criteo.com\/fr\/privacy\/disable-criteo-services-on-internet-browsers\/\">https:\/\/www.criteo.com\/fr\/privacy\/disable-criteo-services-on-internet-browsers\/<\/a><\/li>\n<li>Ou scannez le code QR suivant et ouvrez le lien sur le navigateur souhait\u00e9 :<br \/>\n<img decoding=\"async\" style=\"max-width:90%;\" src=\"https:\/\/quickchart.io\/chart?cht=qr&chs=300x300&chl=https:\/\/www.criteo.com\/fr\/privacy\/disable-criteo-services-on-internet-browsers\/\"><\/li>\n<\/ul>\n<p>&nbsp;<\/p>\n<h4>Quand vos pr\u00e9f\u00e9rences seront-elles appliqu\u00e9es\u00a0?<\/h4>\n<p>Criteo cessera d\u2019afficher les publicit\u00e9s d\u00e8s que possible, au plus tard sous 24 heures.<\/p>\n<p>Veuillez noter que le traitement de votre demande sur Facebook peut prendre jusqu\u2019\u00e0 cinq semaines, la plateforme \u00e9tant un environnement distinct sur lequel Criteo n\u2019a aucune prise. Pour mettre fin \u00e0 l\u2019affichage de publicit\u00e9s Criteo sur votre compte Facebook, modifiez vos param\u00e8tres publicitaires en cliquant ici :\u00a0<a href=\"https:\/\/www.facebook.com\/settings\/?tab=ads\" target=\"_blank\" rel=\"noopener noreferrer\">Param\u00e8tres Facebook<\/a>.<\/p>\n<p>&nbsp;<\/p>\n<h4>L&rsquo;enregistrement de mes pr\u00e9f\u00e9rences est-il permanent\u00a0?<\/h4>\n<p>Si vous supprimez ce cookie ou que vous mettez \u00e0 jour le syst\u00e8me d\u2019exploitation de votre appareil, vos pr\u00e9f\u00e9rences peuvent dispara\u00eetre.Dans ce cas, nous vous invitons \u00e0 r\u00e9p\u00e9ter l\u2019op\u00e9ration de d\u00e9sactivation.<\/p>\n<p>Notez \u00e9galement que certaines applications mobiles peuvent utiliser ou faire appel \u00e0 un composant technique appel\u00e9 \u00ab webview \u00bb, qui permet aux d\u00e9veloppeurs d\u2019afficher directement des applications Web ou des pages Web dans leur application sans avoir \u00e0 la quitter pour ouvrir votre navigateur habituel. Une webview peut \u00eatre ind\u00e9pendante de votre navigateur habituel et de l\u2019environnement de l\u2019application mobile. Par cons\u00e9quent, Criteo vous conseille donc de retirer votre consentement pour cet environnement sp\u00e9cifique pour ne plus visualiser les annonces.<\/p>\n","protected":false},"excerpt":{"rendered":"<p>Vous trouverez sur cette page la proc\u00e9dure \u00e0 suivre pour d\u00e9sactiver les services Criteo sur les applications mobiles. Pour les d\u00e9sactiver sur les navigateurs Internet, cliquez ici. Par cons\u00e9quent, Criteo vous conseille donc de retirer votre consentement pour cet environnement sp\u00e9cifique pour ne plus visualiser les annonces. Pour les appareils Android (version 2.3 et sup\u00e9rieure) [&hellip;]<\/p>\n","protected":false},"author":55,"featured_media":0,"parent":10531,"menu_order":0,"comment_status":"closed","ping_status":"closed","template":"page-templates\/basic.php","meta":{"_acf_changed":false,"footnotes":""},"coauthors":[],"class_list":["post-10596","page","type-page","status-publish"],"acf":{"layout_mode":"privacy-2019","has_more_content":false,"storetail_optout":false,"stae_popup_enable":false,"track_page_in_segment":false,"segment_page_name":"","additional_code":"","toc_order":"2","bevel":"peach-grapes","bevel_reversed":false,"side_text":""},"yoast_head":"<!-- This site is optimized with the Yoast SEO plugin v26.4 - https:\/\/yoast.com\/wordpress\/plugins\/seo\/ -->\n<title>D\u00e9sactiver les services Criteo sur les applications mobiles | FR - Criteo.com<\/title>\n<meta name=\"description\" content=\"Toutes les informations pour d\u00e9sactiver les services Criteo sur les applications mobiles. Retirez votre consentement aux services Criteo ou exercez votre droit \u00e0 l\u2019oubli ou votre droit de vous opposer au traitement que Criteo peut faire de vos donn\u00e9es \u00e0 caract\u00e8re personnel.\" \/>\n<meta name=\"robots\" content=\"index, follow, max-snippet:-1, max-image-preview:large, max-video-preview:-1\" \/>\n<link rel=\"canonical\" href=\"https:\/\/www.criteo.com\/fr\/privacy\/disable-criteo-services-on-mobile-applications\/\" \/>\n<meta property=\"og:locale\" content=\"fr_FR\" \/>\n<meta property=\"og:type\" content=\"article\" \/>\n<meta property=\"og:title\" content=\"D\u00e9sactiver les services Criteo sur les applications mobiles | FR - Criteo.com\" \/>\n<meta property=\"og:description\" content=\"Toutes les informations pour d\u00e9sactiver les services Criteo sur les applications mobiles. Retirez votre consentement aux services Criteo ou exercez votre droit \u00e0 l\u2019oubli ou votre droit de vous opposer au traitement que Criteo peut faire de vos donn\u00e9es \u00e0 caract\u00e8re personnel.\" \/>\n<meta property=\"og:url\" content=\"https:\/\/www.criteo.com\/fr\/privacy\/disable-criteo-services-on-mobile-applications\/\" \/>\n<meta property=\"og:site_name\" content=\"FR - Criteo.com\" \/>\n<meta property=\"article:modified_time\" content=\"2022-11-15T17:44:26+00:00\" \/>\n<meta name=\"twitter:card\" content=\"summary_large_image\" \/>\n<meta name=\"twitter:label1\" content=\"Est. reading time\" \/>\n\t<meta name=\"twitter:data1\" content=\"3 minutes\" \/>\n<script type=\"application\/ld+json\" class=\"yoast-schema-graph\">{\n\t    \"@context\": \"https:\/\/schema.org\",\n\t    \"@graph\": [\n\t        {\n\t            \"@type\": \"WebPage\",\n\t            \"@id\": \"https:\/\/www.criteo.com\/fr\/privacy\/disable-criteo-services-on-mobile-applications\/\",\n\t            \"url\": \"https:\/\/www.criteo.com\/fr\/privacy\/disable-criteo-services-on-mobile-applications\/\",\n\t            \"name\": \"D\u00e9sactiver les services Criteo sur les applications mobiles | FR - Criteo.com\",\n\t            \"isPartOf\": {\n\t                \"@id\": \"https:\/\/www.criteo.com\/fr\/#website\"\n\t            },\n\t            \"datePublished\": \"2019-08-27T15:12:58+00:00\",\n\t            \"dateModified\": \"2022-11-15T17:44:26+00:00\",\n\t            \"description\": \"Toutes les informations pour d\u00e9sactiver les services Criteo sur les applications mobiles. Retirez votre consentement aux services Criteo ou exercez votre droit \u00e0 l\u2019oubli ou votre droit de vous opposer au traitement que Criteo peut faire de vos donn\u00e9es \u00e0 caract\u00e8re personnel.\",\n\t            \"breadcrumb\": {\n\t                \"@id\": \"https:\/\/www.criteo.com\/fr\/privacy\/disable-criteo-services-on-mobile-applications\/#breadcrumb\"\n\t            },\n\t            \"inLanguage\": \"fr-FR\",\n\t            \"potentialAction\": [\n\t                {\n\t                    \"@type\": \"ReadAction\",\n\t                    \"target\": [\n\t                        \"https:\/\/www.criteo.com\/fr\/privacy\/disable-criteo-services-on-mobile-applications\/\"\n\t                    ]\n\t                }\n\t            ]\n\t        },\n\t        {\n\t            \"@type\": \"BreadcrumbList\",\n\t            \"@id\": \"https:\/\/www.criteo.com\/fr\/privacy\/disable-criteo-services-on-mobile-applications\/#breadcrumb\",\n\t            \"itemListElement\": [\n\t                {\n\t                    \"@type\": \"ListItem\",\n\t                    \"position\": 1,\n\t                    \"name\": \"Home\",\n\t                    \"item\": \"https:\/\/www.criteo.com\/fr\/\"\n\t                },\n\t                {\n\t                    \"@type\": \"ListItem\",\n\t                    \"position\": 2,\n\t                    \"name\": \"Politique de confidentialit\u00e9\",\n\t                    \"item\": \"https:\/\/www.criteo.com\/fr\/privacy\/\"\n\t                },\n\t                {\n\t                    \"@type\": \"ListItem\",\n\t                    \"position\": 3,\n\t                    \"name\": \"D\u00e9sactiver les services Criteo sur les applications mobiles\"\n\t                }\n\t            ]\n\t        },\n\t        {\n\t            \"@type\": \"WebSite\",\n\t            \"@id\": \"https:\/\/www.criteo.com\/fr\/#website\",\n\t            \"url\": \"https:\/\/www.criteo.com\/fr\/\",\n\t            \"name\": \"FR - Criteo.com\",\n\t            \"description\": \"\",\n\t            \"publisher\": {\n\t                \"@id\": \"https:\/\/www.criteo.com\/fr\/#organization\"\n\t            },\n\t            \"potentialAction\": [\n\t                {\n\t                    \"@type\": \"SearchAction\",\n\t                    \"target\": {\n\t                        \"@type\": \"EntryPoint\",\n\t                        \"urlTemplate\": \"https:\/\/www.criteo.com\/fr\/?s={search_term_string}\"\n\t                    },\n\t                    \"query-input\": {\n\t                        \"@type\": \"PropertyValueSpecification\",\n\t                        \"valueRequired\": true,\n\t                        \"valueName\": \"search_term_string\"\n\t                    }\n\t                }\n\t            ],\n\t            \"inLanguage\": \"fr-FR\"\n\t        },\n\t        {\n\t            \"@type\": \"Organization\",\n\t            \"@id\": \"https:\/\/www.criteo.com\/fr\/#organization\",\n\t            \"name\": \"Criteo\",\n\t            \"alternateName\": \"Criteo corp\",\n\t            \"url\": \"https:\/\/www.criteo.com\/fr\/\",\n\t            \"logo\": {\n\t                \"@type\": \"ImageObject\",\n\t                \"inLanguage\": \"fr-FR\",\n\t                \"@id\": \"https:\/\/www.criteo.com\/fr\/#\/schema\/logo\/image\/\",\n\t                \"url\": \"https:\/\/www.criteo.com\/fr\/wp-content\/uploads\/sites\/4\/2024\/02\/Criteo-Logo.svg\",\n\t                \"contentUrl\": \"https:\/\/www.criteo.com\/fr\/wp-content\/uploads\/sites\/4\/2024\/02\/Criteo-Logo.svg\",\n\t                \"width\": 118,\n\t                \"height\": 24,\n\t                \"caption\": \"Criteo\"\n\t            },\n\t            \"image\": {\n\t                \"@id\": \"https:\/\/www.criteo.com\/fr\/#\/schema\/logo\/image\/\"\n\t            }\n\t        }\n\t    ]\n\t}<\/script>\n<!-- \/ Yoast SEO plugin. -->","yoast_head_json":{"title":"D\u00e9sactiver les services Criteo sur les applications mobiles | FR - Criteo.com","description":"Toutes les informations pour d\u00e9sactiver les services Criteo sur les applications mobiles. Retirez votre consentement aux services Criteo ou exercez votre droit \u00e0 l\u2019oubli ou votre droit de vous opposer au traitement que Criteo peut faire de vos donn\u00e9es \u00e0 caract\u00e8re personnel.","robots":{"index":"index","follow":"follow","max-snippet":"max-snippet:-1","max-image-preview":"max-image-preview:large","max-video-preview":"max-video-preview:-1"},"canonical":"https:\/\/www.criteo.com\/fr\/privacy\/disable-criteo-services-on-mobile-applications\/","og_locale":"fr_FR","og_type":"article","og_title":"D\u00e9sactiver les services Criteo sur les applications mobiles | FR - Criteo.com","og_description":"Toutes les informations pour d\u00e9sactiver les services Criteo sur les applications mobiles. Retirez votre consentement aux services Criteo ou exercez votre droit \u00e0 l\u2019oubli ou votre droit de vous opposer au traitement que Criteo peut faire de vos donn\u00e9es \u00e0 caract\u00e8re personnel.","og_url":"https:\/\/www.criteo.com\/fr\/privacy\/disable-criteo-services-on-mobile-applications\/","og_site_name":"FR - Criteo.com","article_modified_time":"2022-11-15T17:44:26+00:00","twitter_card":"summary_large_image","twitter_misc":{"Est. reading time":"3 minutes"},"schema":{"@context":"https:\/\/schema.org","@graph":[{"@type":"WebPage","@id":"https:\/\/www.criteo.com\/fr\/privacy\/disable-criteo-services-on-mobile-applications\/","url":"https:\/\/www.criteo.com\/fr\/privacy\/disable-criteo-services-on-mobile-applications\/","name":"D\u00e9sactiver les services Criteo sur les applications mobiles | FR - Criteo.com","isPartOf":{"@id":"https:\/\/www.criteo.com\/fr\/#website"},"datePublished":"2019-08-27T15:12:58+00:00","dateModified":"2022-11-15T17:44:26+00:00","description":"Toutes les informations pour d\u00e9sactiver les services Criteo sur les applications mobiles. Retirez votre consentement aux services Criteo ou exercez votre droit \u00e0 l\u2019oubli ou votre droit de vous opposer au traitement que Criteo peut faire de vos donn\u00e9es \u00e0 caract\u00e8re personnel.","breadcrumb":{"@id":"https:\/\/www.criteo.com\/fr\/privacy\/disable-criteo-services-on-mobile-applications\/#breadcrumb"},"inLanguage":"fr-FR","potentialAction":[{"@type":"ReadAction","target":["https:\/\/www.criteo.com\/fr\/privacy\/disable-criteo-services-on-mobile-applications\/"]}]},{"@type":"BreadcrumbList","@id":"https:\/\/www.criteo.com\/fr\/privacy\/disable-criteo-services-on-mobile-applications\/#breadcrumb","itemListElement":[{"@type":"ListItem","position":1,"name":"Home","item":"https:\/\/www.criteo.com\/fr\/"},{"@type":"ListItem","position":2,"name":"Politique de confidentialit\u00e9","item":"https:\/\/www.criteo.com\/fr\/privacy\/"},{"@type":"ListItem","position":3,"name":"D\u00e9sactiver les services Criteo sur les applications mobiles"}]},{"@type":"WebSite","@id":"https:\/\/www.criteo.com\/fr\/#website","url":"https:\/\/www.criteo.com\/fr\/","name":"FR - Criteo.com","description":"","publisher":{"@id":"https:\/\/www.criteo.com\/fr\/#organization"},"potentialAction":[{"@type":"SearchAction","target":{"@type":"EntryPoint","urlTemplate":"https:\/\/www.criteo.com\/fr\/?s={search_term_string}"},"query-input":{"@type":"PropertyValueSpecification","valueRequired":true,"valueName":"search_term_string"}}],"inLanguage":"fr-FR"},{"@type":"Organization","@id":"https:\/\/www.criteo.com\/fr\/#organization","name":"Criteo","alternateName":"Criteo corp","url":"https:\/\/www.criteo.com\/fr\/","logo":{"@type":"ImageObject","inLanguage":"fr-FR","@id":"https:\/\/www.criteo.com\/fr\/#\/schema\/logo\/image\/","url":"https:\/\/www.criteo.com\/fr\/wp-content\/uploads\/sites\/4\/2024\/02\/Criteo-Logo.svg","contentUrl":"https:\/\/www.criteo.com\/fr\/wp-content\/uploads\/sites\/4\/2024\/02\/Criteo-Logo.svg","width":118,"height":24,"caption":"Criteo"},"image":{"@id":"https:\/\/www.criteo.com\/fr\/#\/schema\/logo\/image\/"}}]}},"_links":{"self":[{"href":"https:\/\/www.criteo.com\/fr\/wp-json\/wp\/v2\/pages\/10596","targetHints":{"allow":["GET"]}}],"collection":[{"href":"https:\/\/www.criteo.com\/fr\/wp-json\/wp\/v2\/pages"}],"about":[{"href":"https:\/\/www.criteo.com\/fr\/wp-json\/wp\/v2\/types\/page"}],"author":[{"embeddable":true,"href":"https:\/\/www.criteo.com\/fr\/wp-json\/wp\/v2\/users\/55"}],"replies":[{"embeddable":true,"href":"https:\/\/www.criteo.com\/fr\/wp-json\/wp\/v2\/comments?post=10596"}],"version-history":[{"count":10,"href":"https:\/\/www.criteo.com\/fr\/wp-json\/wp\/v2\/pages\/10596\/revisions"}],"predecessor-version":[{"id":18089,"href":"https:\/\/www.criteo.com\/fr\/wp-json\/wp\/v2\/pages\/10596\/revisions\/18089"}],"up":[{"embeddable":true,"href":"https:\/\/www.criteo.com\/fr\/wp-json\/wp\/v2\/pages\/10531"}],"wp:attachment":[{"href":"https:\/\/www.criteo.com\/fr\/wp-json\/wp\/v2\/media?parent=10596"}],"wp:term":[{"taxonomy":"author","embeddable":true,"href":"https:\/\/www.criteo.com\/fr\/wp-json\/wp\/v2\/coauthors?post=10596"}],"curies":[{"name":"wp","href":"https:\/\/api.w.org\/{rel}","templated":true}]}}