{"id":12296,"date":"2020-04-09T15:25:59","date_gmt":"2020-04-09T15:25:59","guid":{"rendered":"http:\/\/www.criteo.com\/fr\/?page_id=12296"},"modified":"2025-03-20T14:23:07","modified_gmt":"2025-03-20T14:23:07","slug":"ccpa-privacy-policy","status":"publish","type":"page","link":"https:\/\/www.criteo.com\/fr\/privacy\/ccpa-privacy-policy\/","title":{"rendered":"Politique de confidentialit\u00e9 &#8211; California Consumer Privacy Act"},"content":{"rendered":"<p>Notez que le contenu de cette politique de confidentialit\u00e9, visant uniquement \u00e0 informer les r\u00e9sidents de l\u2019\u00c9tat de Californie des normes appliqu\u00e9es par le California Consumer Protection Act (CCPA), doit \u00eatre interpr\u00e9t\u00e9 en compl\u00e9ment et non en remplacement de la politique de confidentialit\u00e9 compl\u00e8te de Criteo, disponible <a href=\"https:\/\/www.criteo.com\/fr\/privacy\/\">ici<\/a>.<\/p>\n<p>Si vous r\u00e9sidez en Californie, le CCPA vous accorde plusieurs droits ; ces droits peuvent \u00eatre exerc\u00e9s au moyen d\u2019une procuration.<\/p>\n<p>&nbsp;<\/p>\n<h4>Droit de savoir<\/h4>\n<p>Criteo peut partager avec vous les informations \u00e0 caract\u00e8re personnel recueillies, utilis\u00e9es, divulgu\u00e9es ou \u00ab vendues \u00bb \u00e0 votre sujet.<\/p>\n<p>Pour obtenir une copie des informations personnelles dont dispose Criteo \u00e0 votre sujet, veuillez envoyer votre demande par e-mail \u00e0 l\u2019adresse <a href=\"mailto:dpo@criteo.com\">dpo@criteo.com<\/a>.<\/p>\n<p>&nbsp;<\/p>\n<h4>Droit de suppression<\/h4>\n<p>Criteo peut, sur demande, supprimer les informations \u00e0 caract\u00e8re personnel recueillies \u00e0 votre sujet.<\/p>\n<p>Pour exercer ce droit, il suffit de suivre les instructions de d\u00e9sactivation indiqu\u00e9es ci-apr\u00e8s.<\/p>\n<p><span style=\"font-size: 1rem;\"><div class=\"\"><a id=\"\" href=\"https:\/\/www.criteo.com\/fr\/privacy\/disable-criteo-services-on-internet-browsers\/\">\n<button class=\"button button__orange-bg shortcode-btn\">\n<span>D\u00e9sactiver les services Criteo<\/span>\n<\/button>\n<\/a><\/div><\/span><\/p>\n<p>&nbsp;<\/p>\n<h4>Droit \u00e0 la rectification des donn\u00e9es<\/h4>\n<p>Vous avez le droit de demander \u00e0 Criteo de corriger des informations \u00e0 caract\u00e8re personnelles inexactes vous concernant.<\/p>\n<p>Pour exercer ce droit, envoyer votre demande \u00e0 l\u2019adresse <a href=\"mailto:dpo@criteo.com\">dpo@criteo.com<\/a>.<\/p>\n<p>&nbsp;<\/p>\n<h4>Droit de refuser la \u00ab vente \u00bb ou le \u201cpartage\u201d d\u2019informations personnelles<\/h4>\n<p>Si vous r\u00e9sidez en Californie, le CCPA vous accorde le droit de refuser la \u00ab vente \u00bb ou le \u201cpartage\u201d d\u2019informations \u00e0 caract\u00e8re personnel par Criteo.<\/p>\n<p>Pour mettre fin \u00e0 la \u00ab vente \u00bb ou au \u201cpartage\u201d de vos informations et plus g\u00e9n\u00e9ralement aux services Criteo, il suffit de suivre les instructions de d\u00e9sactivation ci-apr\u00e8s :<\/p>\n<p><span style=\"font-size: 1rem;\"><div class=\"\"><a id=\"\" href=\"https:\/\/www.criteo.com\/fr\/privacy\/disable-criteo-services-on-internet-browsers\/\">\n<button class=\"button button__orange-bg shortcode-btn\">\n<span>D\u00e9sactiver les services Criteo<\/span>\n<\/button>\n<\/a><\/div><\/span><\/p>\n<p>&nbsp;<\/p>\n<h4>Droit \u00e0 la non-discrimination pour l\u2019exercice du droit \u00e0 la vie priv\u00e9e du consommateur<\/h4>\n<p>La CCPA garantit le traitement non discriminatoire des consommateurs souhaitant exercer leurs droits \u00e0 la confidentialit\u00e9.<\/p>\n<p><strong>Informations personnelles que nous collectons et finalit\u00e9s de cette collecte<\/strong><\/p>\n<p>Criteo recueille les cat\u00e9gories d\u2019informations personnelles suivantes dans le but d\u2019afficher des annonces personnalis\u00e9es :<\/p>\n<p>Cat\u00e9gories d\u2019informations personnelles susceptibles d\u2019\u00eatre recueillies :<\/p>\n<ul>\n<li>Identifiants (de cookies ou de publicit\u00e9 mobile, adresses \u00e9lectroniques hach\u00e9es, adresses IP, User Agent, etc.)<\/li>\n<li>Informations de navigation sur Internet ou d\u2019autres r\u00e9seaux \u00e9lectroniques :\n<ul>\n<li>Historique de navigation (URL des sites web visit\u00e9s, nom des applications ouvertes)<\/li>\n<li>Interactions avec un site Internet, une application mobile ou une publicit\u00e9 (publicit\u00e9s vues, cliqu\u00e9es, etc.)<\/li>\n<\/ul>\n<\/li>\n<li>Informations commerciales, y compris les registres des produits ou services achet\u00e9s, obtenus ou envisag\u00e9s (produits vus, plac\u00e9s dans le panier, achet\u00e9s)<\/li>\n<\/ul>\n<p>Au cours des douze (12) derniers mois, nous avons partag\u00e9 et\/ou vendu les cat\u00e9gories d\u2019informations personnelles mentionn\u00e9es ci-dessus \u00e0 des fins commerciales pour permettre l\u2019affichage de publicit\u00e9 personnalis\u00e9e, avec les cat\u00e9gories de tiers d\u00e9crites dans la section \u00ab Les cat\u00e9gories de destinataires de vos donn\u00e9es \u00bb dans la section \u00ab <a href=\"https:\/\/www.criteo.com\/fr\/privacy\/how-we-use-your-data\/\">Utilisation de vos donn\u00e9es<\/a> \u00bb.<\/p>\n<p>Nous collectons ces donn\u00e9es principalement pour des services de marketing, de publicit\u00e9 (ex. : publicit\u00e9 personnalis\u00e9e intercontextuelle) et d\u2019analyse. De plus, nous utilisons ces donn\u00e9es pour :<\/p>\n<ul>\n<li>Audit : comptabilisation des impressions publicitaires et v\u00e9rification de leur qualit\u00e9 via des identifiants uniques.<\/li>\n<li>Correction de bugs : identification et correction des erreurs afin d\u2019assurer le bon fonctionnement des services Criteo.<\/li>\n<li>S\u00e9curit\u00e9 : d\u00e9tection et protection contre les menaces.<\/li>\n<li>Recherche et D\u00e9veloppement : d\u00e9veloppement technologique et am\u00e9lioration des performances de nos services.<\/li>\n<li>Qualit\u00e9 &amp; S\u00e9curit\u00e9 : am\u00e9lioration de la qualit\u00e9 et de la s\u00e9curit\u00e9 de nos services.<\/li>\n<\/ul>\n<p>Nous divulguons les informations personnelles \u00e0 des fins commerciales, comme d\u00e9crit ci-dessus. Les cat\u00e9gories d\u2019informations personnelles sont partag\u00e9es avec les cat\u00e9gories de tiers mentionn\u00e9es dans la section \u00ab Les cat\u00e9gories de destinataires de vos donn\u00e9es \u00bb sous \u00ab <a href=\"https:\/\/www.criteo.com\/fr\/privacy\/how-we-use-your-data\/\">Utilisation de vos donn\u00e9es<\/a> \u00bb.<\/p>\n<p>Pour en savoir plus sur les cat\u00e9gories d\u2019informations personnelles que nous collectons, les sources de collecte et les tiers avec lesquels nous pouvons partager ces informations, veuillez consulter la section \u00ab <a href=\"https:\/\/www.criteo.com\/fr\/privacy\/how-we-use-your-data\/\">utilisation de vos donn\u00e9es<\/a> \u00bb. Le tableau pr\u00e9sente nos pratiques actuelles ainsi que celles des douze derniers mois.<\/p>\n<p>Conform\u00e9ment \u00e0 <a href=\"https:\/\/www.criteo.com\/fr\/advertising-guidelines\/\">la Charte \u00e9ditoriale g\u00e9n\u00e9rale de Criteo<\/a> et <a href=\"https:\/\/www.criteo.com\/fr\/supply-partner-guidelines\/\">celle d\u00e9di\u00e9e aux partenaires<\/a>, aucune donn\u00e9e personnelle de mineur de moins de 16 ans n\u2019est collect\u00e9e \u00e0 notre connaissance.<\/p>\n<p><strong>Coordonn\u00e9es de contact<\/strong><\/p>\n<p>Pour toute question, n\u2019h\u00e9sitez pas \u00e0 contacter le d\u00e9l\u00e9gu\u00e9 \u00e0 la protection des donn\u00e9es de Criteo :<\/p>\n<ul>\n<li>Par e-mail : <a class=\"external-link\" href=\"mailto:dpo@criteo.com\" rel=\"nofollow\">dpo@criteo.com<\/a>,<\/li>\n<li>Par courrier \u00e0 l&rsquo;adresse : DPO-CRITEO, 32, rue Blanche, 75009 Paris, France<\/li>\n<\/ul>\n<p>&nbsp;<\/p>\n<p>Derni\u00e8re mise \u00e0 jour : 19\/03\/2025<\/p>\n<p>&nbsp;<\/p>\n","protected":false},"excerpt":{"rendered":"<p>Notez que le contenu de cette politique de confidentialit\u00e9, visant uniquement \u00e0 informer les r\u00e9sidents de l\u2019\u00c9tat de Californie des normes appliqu\u00e9es par le California Consumer Protection Act (CCPA), doit \u00eatre interpr\u00e9t\u00e9 en compl\u00e9ment et non en remplacement de la politique de confidentialit\u00e9 compl\u00e8te de Criteo, disponible ici. Si vous r\u00e9sidez en Californie, le CCPA [&hellip;]<\/p>\n","protected":false},"author":9,"featured_media":0,"parent":10531,"menu_order":0,"comment_status":"closed","ping_status":"closed","template":"page-templates\/basic.php","meta":{"_acf_changed":false,"footnotes":""},"coauthors":[556],"class_list":["post-12296","page","type-page","status-publish"],"acf":{"layout_mode":"privacy-2019","has_more_content":false,"storetail_optout":false,"stae_popup_enable":false,"track_page_in_segment":false,"segment_page_name":"","additional_code":"","toc_order":"8","bevel":"peach-grapes","bevel_reversed":false,"side_text":""},"yoast_head":"<!-- This site is optimized with the Yoast SEO plugin v26.4 - https:\/\/yoast.com\/wordpress\/plugins\/seo\/ -->\n<title>Politique de confidentialit\u00e9 - California Consumer Privacy Act | FR - Criteo.com<\/title>\n<meta name=\"robots\" content=\"index, follow, max-snippet:-1, max-image-preview:large, max-video-preview:-1\" \/>\n<link rel=\"canonical\" href=\"https:\/\/www.criteo.com\/fr\/privacy\/ccpa-privacy-policy\/\" \/>\n<meta property=\"og:locale\" content=\"fr_FR\" \/>\n<meta property=\"og:type\" content=\"article\" \/>\n<meta property=\"og:title\" content=\"Politique de confidentialit\u00e9 - California Consumer Privacy Act | FR - Criteo.com\" \/>\n<meta property=\"og:description\" content=\"Notez que le contenu de cette politique de confidentialit\u00e9, visant uniquement \u00e0 informer les r\u00e9sidents de l\u2019\u00c9tat de Californie des normes appliqu\u00e9es par le California Consumer Protection Act (CCPA), doit \u00eatre interpr\u00e9t\u00e9 en compl\u00e9ment et non en remplacement de la politique de confidentialit\u00e9 compl\u00e8te de Criteo, disponible ici. Si vous r\u00e9sidez en Californie, le CCPA [&hellip;]\" \/>\n<meta property=\"og:url\" content=\"https:\/\/www.criteo.com\/fr\/privacy\/ccpa-privacy-policy\/\" \/>\n<meta property=\"og:site_name\" content=\"FR - Criteo.com\" \/>\n<meta property=\"article:modified_time\" content=\"2025-03-20T14:23:07+00:00\" \/>\n<meta name=\"twitter:card\" content=\"summary_large_image\" \/>\n<meta name=\"twitter:label1\" content=\"Est. reading time\" \/>\n\t<meta name=\"twitter:data1\" content=\"4 minutes\" \/>\n<script type=\"application\/ld+json\" class=\"yoast-schema-graph\">{\n\t    \"@context\": \"https:\/\/schema.org\",\n\t    \"@graph\": [\n\t        {\n\t            \"@type\": \"WebPage\",\n\t            \"@id\": \"https:\/\/www.criteo.com\/fr\/privacy\/ccpa-privacy-policy\/\",\n\t            \"url\": \"https:\/\/www.criteo.com\/fr\/privacy\/ccpa-privacy-policy\/\",\n\t            \"name\": \"Politique de confidentialit\u00e9 - California Consumer Privacy Act | FR - Criteo.com\",\n\t            \"isPartOf\": {\n\t                \"@id\": \"https:\/\/www.criteo.com\/fr\/#website\"\n\t            },\n\t            \"datePublished\": \"2020-04-09T15:25:59+00:00\",\n\t            \"dateModified\": \"2025-03-20T14:23:07+00:00\",\n\t            \"breadcrumb\": {\n\t                \"@id\": \"https:\/\/www.criteo.com\/fr\/privacy\/ccpa-privacy-policy\/#breadcrumb\"\n\t            },\n\t            \"inLanguage\": \"fr-FR\",\n\t            \"potentialAction\": [\n\t                {\n\t                    \"@type\": \"ReadAction\",\n\t                    \"target\": [\n\t                        \"https:\/\/www.criteo.com\/fr\/privacy\/ccpa-privacy-policy\/\"\n\t                    ]\n\t                }\n\t            ]\n\t        },\n\t        {\n\t            \"@type\": \"BreadcrumbList\",\n\t            \"@id\": \"https:\/\/www.criteo.com\/fr\/privacy\/ccpa-privacy-policy\/#breadcrumb\",\n\t            \"itemListElement\": [\n\t                {\n\t                    \"@type\": \"ListItem\",\n\t                    \"position\": 1,\n\t                    \"name\": \"Home\",\n\t                    \"item\": \"https:\/\/www.criteo.com\/fr\/\"\n\t                },\n\t                {\n\t                    \"@type\": \"ListItem\",\n\t                    \"position\": 2,\n\t                    \"name\": \"Politique de confidentialit\u00e9\",\n\t                    \"item\": \"https:\/\/www.criteo.com\/fr\/privacy\/\"\n\t                },\n\t                {\n\t                    \"@type\": \"ListItem\",\n\t                    \"position\": 3,\n\t                    \"name\": \"Politique de confidentialit\u00e9 &#8211; California Consumer Privacy Act\"\n\t                }\n\t            ]\n\t        },\n\t        {\n\t            \"@type\": \"WebSite\",\n\t            \"@id\": \"https:\/\/www.criteo.com\/fr\/#website\",\n\t            \"url\": \"https:\/\/www.criteo.com\/fr\/\",\n\t            \"name\": \"FR - Criteo.com\",\n\t            \"description\": \"\",\n\t            \"publisher\": {\n\t                \"@id\": \"https:\/\/www.criteo.com\/fr\/#organization\"\n\t            },\n\t            \"potentialAction\": [\n\t                {\n\t                    \"@type\": \"SearchAction\",\n\t                    \"target\": {\n\t                        \"@type\": \"EntryPoint\",\n\t                        \"urlTemplate\": \"https:\/\/www.criteo.com\/fr\/?s={search_term_string}\"\n\t                    },\n\t                    \"query-input\": {\n\t                        \"@type\": \"PropertyValueSpecification\",\n\t                        \"valueRequired\": true,\n\t                        \"valueName\": \"search_term_string\"\n\t                    }\n\t                }\n\t            ],\n\t            \"inLanguage\": \"fr-FR\"\n\t        },\n\t        {\n\t            \"@type\": \"Organization\",\n\t            \"@id\": \"https:\/\/www.criteo.com\/fr\/#organization\",\n\t            \"name\": \"Criteo\",\n\t            \"alternateName\": \"Criteo corp\",\n\t            \"url\": \"https:\/\/www.criteo.com\/fr\/\",\n\t            \"logo\": {\n\t                \"@type\": \"ImageObject\",\n\t                \"inLanguage\": \"fr-FR\",\n\t                \"@id\": \"https:\/\/www.criteo.com\/fr\/#\/schema\/logo\/image\/\",\n\t                \"url\": \"https:\/\/www.criteo.com\/fr\/wp-content\/uploads\/sites\/4\/2024\/02\/Criteo-Logo.svg\",\n\t                \"contentUrl\": \"https:\/\/www.criteo.com\/fr\/wp-content\/uploads\/sites\/4\/2024\/02\/Criteo-Logo.svg\",\n\t                \"width\": 118,\n\t                \"height\": 24,\n\t                \"caption\": \"Criteo\"\n\t            },\n\t            \"image\": {\n\t                \"@id\": \"https:\/\/www.criteo.com\/fr\/#\/schema\/logo\/image\/\"\n\t            }\n\t        }\n\t    ]\n\t}<\/script>\n<!-- \/ Yoast SEO plugin. -->","yoast_head_json":{"title":"Politique de confidentialit\u00e9 - California Consumer Privacy Act | FR - Criteo.com","robots":{"index":"index","follow":"follow","max-snippet":"max-snippet:-1","max-image-preview":"max-image-preview:large","max-video-preview":"max-video-preview:-1"},"canonical":"https:\/\/www.criteo.com\/fr\/privacy\/ccpa-privacy-policy\/","og_locale":"fr_FR","og_type":"article","og_title":"Politique de confidentialit\u00e9 - California Consumer Privacy Act | FR - Criteo.com","og_description":"Notez que le contenu de cette politique de confidentialit\u00e9, visant uniquement \u00e0 informer les r\u00e9sidents de l\u2019\u00c9tat de Californie des normes appliqu\u00e9es par le California Consumer Protection Act (CCPA), doit \u00eatre interpr\u00e9t\u00e9 en compl\u00e9ment et non en remplacement de la politique de confidentialit\u00e9 compl\u00e8te de Criteo, disponible ici. Si vous r\u00e9sidez en Californie, le CCPA [&hellip;]","og_url":"https:\/\/www.criteo.com\/fr\/privacy\/ccpa-privacy-policy\/","og_site_name":"FR - Criteo.com","article_modified_time":"2025-03-20T14:23:07+00:00","twitter_card":"summary_large_image","twitter_misc":{"Est. reading time":"4 minutes"},"schema":{"@context":"https:\/\/schema.org","@graph":[{"@type":"WebPage","@id":"https:\/\/www.criteo.com\/fr\/privacy\/ccpa-privacy-policy\/","url":"https:\/\/www.criteo.com\/fr\/privacy\/ccpa-privacy-policy\/","name":"Politique de confidentialit\u00e9 - California Consumer Privacy Act | FR - Criteo.com","isPartOf":{"@id":"https:\/\/www.criteo.com\/fr\/#website"},"datePublished":"2020-04-09T15:25:59+00:00","dateModified":"2025-03-20T14:23:07+00:00","breadcrumb":{"@id":"https:\/\/www.criteo.com\/fr\/privacy\/ccpa-privacy-policy\/#breadcrumb"},"inLanguage":"fr-FR","potentialAction":[{"@type":"ReadAction","target":["https:\/\/www.criteo.com\/fr\/privacy\/ccpa-privacy-policy\/"]}]},{"@type":"BreadcrumbList","@id":"https:\/\/www.criteo.com\/fr\/privacy\/ccpa-privacy-policy\/#breadcrumb","itemListElement":[{"@type":"ListItem","position":1,"name":"Home","item":"https:\/\/www.criteo.com\/fr\/"},{"@type":"ListItem","position":2,"name":"Politique de confidentialit\u00e9","item":"https:\/\/www.criteo.com\/fr\/privacy\/"},{"@type":"ListItem","position":3,"name":"Politique de confidentialit\u00e9 &#8211; California Consumer Privacy Act"}]},{"@type":"WebSite","@id":"https:\/\/www.criteo.com\/fr\/#website","url":"https:\/\/www.criteo.com\/fr\/","name":"FR - Criteo.com","description":"","publisher":{"@id":"https:\/\/www.criteo.com\/fr\/#organization"},"potentialAction":[{"@type":"SearchAction","target":{"@type":"EntryPoint","urlTemplate":"https:\/\/www.criteo.com\/fr\/?s={search_term_string}"},"query-input":{"@type":"PropertyValueSpecification","valueRequired":true,"valueName":"search_term_string"}}],"inLanguage":"fr-FR"},{"@type":"Organization","@id":"https:\/\/www.criteo.com\/fr\/#organization","name":"Criteo","alternateName":"Criteo corp","url":"https:\/\/www.criteo.com\/fr\/","logo":{"@type":"ImageObject","inLanguage":"fr-FR","@id":"https:\/\/www.criteo.com\/fr\/#\/schema\/logo\/image\/","url":"https:\/\/www.criteo.com\/fr\/wp-content\/uploads\/sites\/4\/2024\/02\/Criteo-Logo.svg","contentUrl":"https:\/\/www.criteo.com\/fr\/wp-content\/uploads\/sites\/4\/2024\/02\/Criteo-Logo.svg","width":118,"height":24,"caption":"Criteo"},"image":{"@id":"https:\/\/www.criteo.com\/fr\/#\/schema\/logo\/image\/"}}]}},"_links":{"self":[{"href":"https:\/\/www.criteo.com\/fr\/wp-json\/wp\/v2\/pages\/12296","targetHints":{"allow":["GET"]}}],"collection":[{"href":"https:\/\/www.criteo.com\/fr\/wp-json\/wp\/v2\/pages"}],"about":[{"href":"https:\/\/www.criteo.com\/fr\/wp-json\/wp\/v2\/types\/page"}],"author":[{"embeddable":true,"href":"https:\/\/www.criteo.com\/fr\/wp-json\/wp\/v2\/users\/9"}],"replies":[{"embeddable":true,"href":"https:\/\/www.criteo.com\/fr\/wp-json\/wp\/v2\/comments?post=12296"}],"version-history":[{"count":8,"href":"https:\/\/www.criteo.com\/fr\/wp-json\/wp\/v2\/pages\/12296\/revisions"}],"predecessor-version":[{"id":20163,"href":"https:\/\/www.criteo.com\/fr\/wp-json\/wp\/v2\/pages\/12296\/revisions\/20163"}],"up":[{"embeddable":true,"href":"https:\/\/www.criteo.com\/fr\/wp-json\/wp\/v2\/pages\/10531"}],"wp:attachment":[{"href":"https:\/\/www.criteo.com\/fr\/wp-json\/wp\/v2\/media?parent=12296"}],"wp:term":[{"taxonomy":"author","embeddable":true,"href":"https:\/\/www.criteo.com\/fr\/wp-json\/wp\/v2\/coauthors?post=12296"}],"curies":[{"name":"wp","href":"https:\/\/api.w.org\/{rel}","templated":true}]}}