{"id":17963,"date":"2022-10-06T15:40:48","date_gmt":"2022-10-06T15:40:48","guid":{"rendered":"https:\/\/www.criteo.com\/fr\/?page_id=17963"},"modified":"2022-10-25T13:58:22","modified_gmt":"2022-10-25T13:58:22","slug":"product-ethics","status":"publish","type":"page","link":"https:\/\/www.criteo.com\/fr\/product-ethics\/","title":{"rendered":"Product Ethics"},"content":{"rendered":"","protected":false},"excerpt":{"rendered":"","protected":false},"author":9,"featured_media":0,"parent":0,"menu_order":0,"comment_status":"closed","ping_status":"closed","template":"page-templates\/pageModular2020.php","meta":{"_acf_changed":false,"footnotes":""},"coauthors":[],"class_list":["post-17963","page","type-page","status-publish"],"acf":{"track_page_in_segment":false,"segment_page_name":"","remove_header":false,"add_password_protected_layout":false,"layouts":[{"acf_fc_layout":"anchor_menu","anchor_menu":{"section_customization":{"anchor_id":"","background_type":"image","background_color":{"color":"Sunrise"},"background_gradient":"","background_image":"https:\/\/www.criteo.com\/fr\/wp-content\/uploads\/sites\/4\/2022\/06\/Connected-TV-Header-BG.svg","background_image_position":"center-bottom","background_overlay":"none","use_custom_paddings":false,"custom_padding":{"desktop_top":"","desktop_bottom":"","mobile_top":"","mobile_bottom":""},"use_custom_margins":false,"custom_margins":{"desktop_top_margin":"","desktop_bottom_margin":"","mobile_top_margin":"","mobile_bottom_margin":""}},"intro":{"intro":{"show_intro_block":true,"image_as_caption":false,"image":false,"caption":"\u00c9thique des produits","caption_is_page_title":true,"title":"Orienter nos pratiques publicitaires","title_size":"h2","description":"<p>Le comit\u00e9 d\u2019\u00e9thique des produits de Criteo est un organe central et transversal qui d\u00e9fend une culture publicitaire \u00e9thique, responsable et digne de confiance, aliment\u00e9e par l\u2019IA dans l\u2019ensemble des activit\u00e9s de Criteo.<\/p>\n","description_font_size":"larger"}},"wider_intro":true,"mobile_left_align":false,"menu":false}},{"acf_fc_layout":"product_details","product_details":{"section_customization":{"anchor_id":"","background_type":"none","background_color":{"color":"Sunrise"},"background_gradient":"","background_image":false,"background_image_position":"center-center","background_overlay":"none","use_custom_paddings":false,"custom_padding":{"desktop_top":"","desktop_bottom":"","mobile_top":"","mobile_bottom":""},"use_custom_margins":false,"custom_margins":{"desktop_top_margin":"","desktop_bottom_margin":"","mobile_top_margin":"","mobile_bottom_margin":""}},"intro":{"intro":{"show_intro_block":false,"image_as_caption":false,"image":false,"caption":"","caption_is_page_title":false,"title":"Our approach to Product Ethics","title_size":"h4","description":"<p>As a global commerce media company that enables marketers and media owners to drive better commerce outcomes, Criteo aims to embed an ethical approach at each stage of its product development and supply chain.<\/p>\n","description_font_size":"default"}},"row_nums":"multiple","intro_inside_a_column":false,"switch_columns":false,"use_wider_layout":false,"use_wider_intro":false,"add_additional_boxes_below":false,"add_three_stats_above":false,"top_align_columns":true,"uo_list_style_discs":false,"":null,"stats":false,"media_type":"image","image":false,"background_wave":false,"video_iframe_url":"","icon":false,"subtitle":"","description":"","link_list":false,"stack_links":false,"block_links":false,"cta_button":{"type":"internal","text":"","link_internal":null,"link_media":false,"link_external":"","link_embed":"","link_email":"","email_subject":"","page_element_id":"","variant":"default","ai_variant":"gradient-border","icon":"none","ai_icon":"none","new_window":[],"track_button":false,"button_location":false,"event_type":false,"button_classes":"","button_message":""},"product_detail_rows":[{"media_type":"image","image":{"ID":17964,"id":17964,"title":"Ethics-Webpage-Image-01","filename":"Ethics-Webpage-Image-01.svg","filesize":554675,"url":"https:\/\/www.criteo.com\/fr\/wp-content\/uploads\/sites\/4\/2022\/10\/Ethics-Webpage-Image-01.svg","link":"https:\/\/www.criteo.com\/fr\/product-ethics\/ethics-webpage-image-01\/","alt":"","author":"9","description":"","caption":"","name":"ethics-webpage-image-01","status":"inherit","uploaded_to":17963,"date":"2022-10-06 14:58:01","modified":"2022-10-06 14:58:01","menu_order":0,"mime_type":"image\/svg+xml","type":"image","subtype":"svg+xml","icon":"https:\/\/www.criteo.com\/fr\/wp-includes\/images\/media\/default.png","width":432,"height":397,"sizes":{"thumbnail":"https:\/\/www.criteo.com\/fr\/wp-content\/uploads\/sites\/4\/2022\/10\/Ethics-Webpage-Image-01.svg","thumbnail-width":432,"thumbnail-height":397,"medium":"https:\/\/www.criteo.com\/fr\/wp-content\/uploads\/sites\/4\/2022\/10\/Ethics-Webpage-Image-01.svg","medium-width":432,"medium-height":397,"medium_large":"https:\/\/www.criteo.com\/fr\/wp-content\/uploads\/sites\/4\/2022\/10\/Ethics-Webpage-Image-01.svg","medium_large-width":432,"medium_large-height":397,"large":"https:\/\/www.criteo.com\/fr\/wp-content\/uploads\/sites\/4\/2022\/10\/Ethics-Webpage-Image-01.svg","large-width":432,"large-height":397,"1536x1536":"https:\/\/www.criteo.com\/fr\/wp-content\/uploads\/sites\/4\/2022\/10\/Ethics-Webpage-Image-01.svg","1536x1536-width":432,"1536x1536-height":397,"2048x2048":"https:\/\/www.criteo.com\/fr\/wp-content\/uploads\/sites\/4\/2022\/10\/Ethics-Webpage-Image-01.svg","2048x2048-width":432,"2048x2048-height":397,"success-story":"https:\/\/www.criteo.com\/fr\/wp-content\/uploads\/sites\/4\/2022\/10\/Ethics-Webpage-Image-01.svg","success-story-width":432,"success-story-height":397,"profile_24":"https:\/\/www.criteo.com\/fr\/wp-content\/uploads\/sites\/4\/2022\/10\/Ethics-Webpage-Image-01.svg","profile_24-width":432,"profile_24-height":397,"profile_48":"https:\/\/www.criteo.com\/fr\/wp-content\/uploads\/sites\/4\/2022\/10\/Ethics-Webpage-Image-01.svg","profile_48-width":432,"profile_48-height":397,"profile_96":"https:\/\/www.criteo.com\/fr\/wp-content\/uploads\/sites\/4\/2022\/10\/Ethics-Webpage-Image-01.svg","profile_96-width":432,"profile_96-height":397,"profile_150":"https:\/\/www.criteo.com\/fr\/wp-content\/uploads\/sites\/4\/2022\/10\/Ethics-Webpage-Image-01.svg","profile_150-width":432,"profile_150-height":397,"profile_300":"https:\/\/www.criteo.com\/fr\/wp-content\/uploads\/sites\/4\/2022\/10\/Ethics-Webpage-Image-01.svg","profile_300-width":432,"profile_300-height":397}},"background_wave":false,"video_iframe_url":"","icon":false,"subtitle":"","description":"<h4>\u00c9thique des produits : notre approche<\/h4>\n<p>Soci\u00e9t\u00e9 internationale de Commerce Media visant \u00e0 am\u00e9liorer les r\u00e9sultats commerciaux des marketers comme des \u00e9diteurs, Criteo entend adopter une approche \u00e9thique \u00e0 chaque \u00e9tape du d\u00e9veloppement de ses produits et de sa cha\u00eene d\u2019approvisionnement.<\/p>\n<p>&nbsp;<\/p>\n<h4>Notre comit\u00e9 d\u2019\u00e9thique des produits<\/h4>\n<p>Le comit\u00e9 d\u2019\u00e9thique des produits de Criteo est un organe central et transversal qui d\u00e9fend une culture publicitaire \u00e9thique, responsable et digne de confiance, aliment\u00e9e par l\u2019IA dans l\u2019ensemble des activit\u00e9s de Criteo. Le travail de ce comit\u00e9 vise \u00e0 lutter contre la d\u00e9sinformation, \u00e0 saisir pleinement l\u2019impact potentiel des biais dans nos algorithmes et, enfin, \u00e0 int\u00e9grer nos valeurs dans nos campagnes publicitaires. En veillant au respect de nos normes \u00e9thiques, le comit\u00e9 veille \u00e9galement \u00e0 ce que nous fournissions \u00e0 nos clients et partenaires des annonces fiables. Le comit\u00e9 est compos\u00e9 de responsables repr\u00e9sentatifs de tous les services de Criteo. Il se r\u00e9unit tous les deux mois.<\/p>\n","link_list":false,"stack_links":false,"block_links":false,"cta_button":{"type":"internal","text":"","link_internal":"","link_media":false,"link_external":"","link_embed":"","link_email":"","email_subject":"","page_element_id":"","variant":"default","ai_variant":"gradient-border","icon":"none","ai_icon":"none","new_window":[],"track_button":false,"button_location":false,"event_type":false,"button_classes":"","button_message":""}}],"additional_boxes_subtitle":"","left_align_subtitle":false,"use_learn_more_button":false,"boxes":false}},{"acf_fc_layout":"product_details_2","product_details_2":{"section_customization":{"anchor_id":"","background_type":"solid-color","background_color":{"color":"Light_Smoke"},"background_gradient":"","background_image":false,"background_image_position":"center-center","background_overlay":"none","use_custom_paddings":true,"custom_padding":{"desktop_top":"68","desktop_bottom":"120","mobile_top":"","mobile_bottom":"300"},"use_custom_margins":false,"custom_margins":{"desktop_top_margin":"","desktop_bottom_margin":"","mobile_top_margin":"","mobile_bottom_margin":""}},"intro":{"intro":{"show_intro_block":true,"image_as_caption":false,"image":false,"caption":"","caption_is_page_title":false,"title":"Nos quatre principes cl\u00e9s","title_size":"h3","description":"<p>Le comit\u00e9 d\u2019\u00e9thique des produits de Criteo s\u2019appuie sur quatre principes cl\u00e9s qui sous-tendent notre \u00e9thique publicitaire, conform\u00e9ment aux recommandations de la <a href=\"https:\/\/wfanet.org\/leadership\/data-ethics#:~:text=Data%20Ethics%20%2D%20The%20Rise%20of%20Morality%20in%20Tech&amp;text=This%20comes%20at%20a%20time,in%20light%20of%20COVID%2D19.\" target=\"_blank\" rel=\"noopener\">World Federation of Advertisers<\/a>\u00a0:<\/p>\n","description_font_size":"default"}},"description_boxes_layout":"sidebar-two-columns","":null,"boxes":[{"icon":"https:\/\/www.criteo.com\/fr\/wp-content\/uploads\/sites\/4\/2022\/10\/Transparency-Icon.svg","title":"Transparence","description":"<p>Garantir une utilisation des donn\u00e9es personnelles transparente, facile \u00e0 comprendre et accessible \u00e0 tous. Cette d\u00e9marche couvre les risques et les cons\u00e9quences sociales, \u00e9thiques et soci\u00e9tales potentielles de cette utilisation.<\/p>\n"},{"icon":"https:\/\/www.criteo.com\/fr\/wp-content\/uploads\/sites\/4\/2022\/10\/Respect-Icon.svg","title":"Respect","description":"<p>Comprendre et respecter les int\u00e9r\u00eats de toutes les parties prenantes, prot\u00e9ger les droits de l\u2019homme commun\u00e9ment admis (vie priv\u00e9e, dignit\u00e9, diversit\u00e9, \u00e9quit\u00e9, \u00e9galit\u00e9, autonomie et libert\u00e9).<\/p>\n"},{"icon":"https:\/\/www.criteo.com\/fr\/wp-content\/uploads\/sites\/4\/2022\/10\/Fairness-Icon.svg","title":"\u00c9quit\u00e9 ","description":"<p>Contr\u00f4ler en permanence l\u2019\u00e9quit\u00e9 des pratiques publicitaires pour \u00e9viter de perp\u00e9tuer les pr\u00e9jug\u00e9s, la discrimination ou l\u2019exclusion.<\/p>\n"},{"icon":"https:\/\/www.criteo.com\/fr\/wp-content\/uploads\/sites\/4\/2022\/10\/Accountability-Icon.svg","title":"Responsabilit\u00e9 ","description":"<p>Tenir Criteo, ainsi que nos partenaires et clients, responsables de l\u2019utilisation des donn\u00e9es.<\/p>\n"}]}},{"acf_fc_layout":"cta_block","cta_block":{"section_customization":{"anchor_id":"","background_type":"solid-color","background_color":{"color":"Sunrise"},"background_gradient":"","background_image":false,"background_image_position":"center-center","background_overlay":"none","use_custom_paddings":true,"custom_padding":{"desktop_top":"54","desktop_bottom":"54","mobile_top":"54","mobile_bottom":"54"},"use_custom_margins":true,"custom_margins":{"desktop_top_margin":"-120","desktop_bottom_margin":"120","mobile_top_margin":"-200","mobile_bottom_margin":""}},"full_wide_block":false,"title":"<h4>Notre engagement au-del\u00e0 de notre secteur d\u2019activit\u00e9.<\/h4>\n<p>Notre programme de RSE (responsabilit\u00e9 sociale d\u2019entreprise) n\u2019a rien de th\u00e9orique. Ce sont des actions concr\u00e8tes mises en place pour prot\u00e9ger nos collaborateurs, faire avancer notre soci\u00e9t\u00e9, d\u00e9velopper l\u2019action environnementale et incarner pleinement nos valeurs.<\/p>\n","content_on_the_right":"button","cta_button":{"type":"external","text":"En savoir plus","link_internal":null,"link_media":false,"link_external":"https:\/\/criteo.investorroom.com\/Corporate-Social-Responsibility?item=287","link_embed":"","link_email":"","email_subject":"","page_element_id":"","variant":"default","ai_variant":"gradient-border","icon":"thin-arrow-right","ai_icon":"none","new_window":[],"track_button":false,"button_location":false,"event_type":false,"button_classes":"","button_message":""},"form":""}}],"additional_code":"","bevel":"peach-grapes","bevel_reversed":false,"side_text":""},"yoast_head":"<!-- This site is optimized with the Yoast SEO plugin v26.4 - https:\/\/yoast.com\/wordpress\/plugins\/seo\/ -->\n<title>\u00c9thique des produits | FR - Criteo.com<\/title>\n<meta name=\"description\" content=\"Le comit\u00e9 d\u2019\u00e9thique des produits de Criteo est un organe central et transversal qui promeut une culture publicitaire \u00e9thique, responsable et digne de confiance, aliment\u00e9e par l\u2019IA dans l\u2019ensemble des activit\u00e9s de Criteo.\" \/>\n<meta name=\"robots\" content=\"index, follow, max-snippet:-1, max-image-preview:large, max-video-preview:-1\" \/>\n<link rel=\"canonical\" href=\"https:\/\/www.criteo.com\/fr\/product-ethics\/\" \/>\n<meta property=\"og:locale\" content=\"fr_FR\" \/>\n<meta property=\"og:type\" content=\"article\" \/>\n<meta property=\"og:title\" content=\"\u00c9thique des produits | FR - Criteo.com\" \/>\n<meta property=\"og:description\" content=\"Le comit\u00e9 d\u2019\u00e9thique des produits de Criteo est un organe central et transversal qui promeut une culture publicitaire \u00e9thique, responsable et digne de confiance, aliment\u00e9e par l\u2019IA dans l\u2019ensemble des activit\u00e9s de Criteo.\" \/>\n<meta property=\"og:url\" content=\"https:\/\/www.criteo.com\/fr\/product-ethics\/\" \/>\n<meta property=\"og:site_name\" content=\"FR - Criteo.com\" \/>\n<meta property=\"article:modified_time\" content=\"2022-10-25T13:58:22+00:00\" \/>\n<meta name=\"twitter:card\" content=\"summary_large_image\" \/>\n<script type=\"application\/ld+json\" class=\"yoast-schema-graph\">{\n\t    \"@context\": \"https:\/\/schema.org\",\n\t    \"@graph\": [\n\t        {\n\t            \"@type\": \"WebPage\",\n\t            \"@id\": \"https:\/\/www.criteo.com\/fr\/product-ethics\/\",\n\t            \"url\": \"https:\/\/www.criteo.com\/fr\/product-ethics\/\",\n\t            \"name\": \"\u00c9thique des produits | FR - Criteo.com\",\n\t            \"isPartOf\": {\n\t                \"@id\": \"https:\/\/www.criteo.com\/fr\/#website\"\n\t            },\n\t            \"datePublished\": \"2022-10-06T15:40:48+00:00\",\n\t            \"dateModified\": \"2022-10-25T13:58:22+00:00\",\n\t            \"description\": \"Le comit\u00e9 d\u2019\u00e9thique des produits de Criteo est un organe central et transversal qui promeut une culture publicitaire \u00e9thique, responsable et digne de confiance, aliment\u00e9e par l\u2019IA dans l\u2019ensemble des activit\u00e9s de Criteo.\",\n\t            \"breadcrumb\": {\n\t                \"@id\": \"https:\/\/www.criteo.com\/fr\/product-ethics\/#breadcrumb\"\n\t            },\n\t            \"inLanguage\": \"fr-FR\",\n\t            \"potentialAction\": [\n\t                {\n\t                    \"@type\": \"ReadAction\",\n\t                    \"target\": [\n\t                        \"https:\/\/www.criteo.com\/fr\/product-ethics\/\"\n\t                    ]\n\t                }\n\t            ]\n\t        },\n\t        {\n\t            \"@type\": \"BreadcrumbList\",\n\t            \"@id\": \"https:\/\/www.criteo.com\/fr\/product-ethics\/#breadcrumb\",\n\t            \"itemListElement\": [\n\t                {\n\t                    \"@type\": \"ListItem\",\n\t                    \"position\": 1,\n\t                    \"name\": \"Home\",\n\t                    \"item\": \"https:\/\/www.criteo.com\/fr\/\"\n\t                },\n\t                {\n\t                    \"@type\": \"ListItem\",\n\t                    \"position\": 2,\n\t                    \"name\": \"Product Ethics\"\n\t                }\n\t            ]\n\t        },\n\t        {\n\t            \"@type\": \"WebSite\",\n\t            \"@id\": \"https:\/\/www.criteo.com\/fr\/#website\",\n\t            \"url\": \"https:\/\/www.criteo.com\/fr\/\",\n\t            \"name\": \"FR - Criteo.com\",\n\t            \"description\": \"\",\n\t            \"publisher\": {\n\t                \"@id\": \"https:\/\/www.criteo.com\/fr\/#organization\"\n\t            },\n\t            \"potentialAction\": [\n\t                {\n\t                    \"@type\": \"SearchAction\",\n\t                    \"target\": {\n\t                        \"@type\": \"EntryPoint\",\n\t                        \"urlTemplate\": \"https:\/\/www.criteo.com\/fr\/?s={search_term_string}\"\n\t                    },\n\t                    \"query-input\": {\n\t                        \"@type\": \"PropertyValueSpecification\",\n\t                        \"valueRequired\": true,\n\t                        \"valueName\": \"search_term_string\"\n\t                    }\n\t                }\n\t            ],\n\t            \"inLanguage\": \"fr-FR\"\n\t        },\n\t        {\n\t            \"@type\": \"Organization\",\n\t            \"@id\": \"https:\/\/www.criteo.com\/fr\/#organization\",\n\t            \"name\": \"Criteo\",\n\t            \"alternateName\": \"Criteo corp\",\n\t            \"url\": \"https:\/\/www.criteo.com\/fr\/\",\n\t            \"logo\": {\n\t                \"@type\": \"ImageObject\",\n\t                \"inLanguage\": \"fr-FR\",\n\t                \"@id\": \"https:\/\/www.criteo.com\/fr\/#\/schema\/logo\/image\/\",\n\t                \"url\": \"https:\/\/www.criteo.com\/fr\/wp-content\/uploads\/sites\/4\/2024\/02\/Criteo-Logo.svg\",\n\t                \"contentUrl\": \"https:\/\/www.criteo.com\/fr\/wp-content\/uploads\/sites\/4\/2024\/02\/Criteo-Logo.svg\",\n\t                \"width\": 118,\n\t                \"height\": 24,\n\t                \"caption\": \"Criteo\"\n\t            },\n\t            \"image\": {\n\t                \"@id\": \"https:\/\/www.criteo.com\/fr\/#\/schema\/logo\/image\/\"\n\t            }\n\t        }\n\t    ]\n\t}<\/script>\n<!-- \/ Yoast SEO plugin. -->","yoast_head_json":{"title":"\u00c9thique des produits | FR - Criteo.com","description":"Le comit\u00e9 d\u2019\u00e9thique des produits de Criteo est un organe central et transversal qui promeut une culture publicitaire \u00e9thique, responsable et digne de confiance, aliment\u00e9e par l\u2019IA dans l\u2019ensemble des activit\u00e9s de Criteo.","robots":{"index":"index","follow":"follow","max-snippet":"max-snippet:-1","max-image-preview":"max-image-preview:large","max-video-preview":"max-video-preview:-1"},"canonical":"https:\/\/www.criteo.com\/fr\/product-ethics\/","og_locale":"fr_FR","og_type":"article","og_title":"\u00c9thique des produits | FR - Criteo.com","og_description":"Le comit\u00e9 d\u2019\u00e9thique des produits de Criteo est un organe central et transversal qui promeut une culture publicitaire \u00e9thique, responsable et digne de confiance, aliment\u00e9e par l\u2019IA dans l\u2019ensemble des activit\u00e9s de Criteo.","og_url":"https:\/\/www.criteo.com\/fr\/product-ethics\/","og_site_name":"FR - Criteo.com","article_modified_time":"2022-10-25T13:58:22+00:00","twitter_card":"summary_large_image","schema":{"@context":"https:\/\/schema.org","@graph":[{"@type":"WebPage","@id":"https:\/\/www.criteo.com\/fr\/product-ethics\/","url":"https:\/\/www.criteo.com\/fr\/product-ethics\/","name":"\u00c9thique des produits | FR - Criteo.com","isPartOf":{"@id":"https:\/\/www.criteo.com\/fr\/#website"},"datePublished":"2022-10-06T15:40:48+00:00","dateModified":"2022-10-25T13:58:22+00:00","description":"Le comit\u00e9 d\u2019\u00e9thique des produits de Criteo est un organe central et transversal qui promeut une culture publicitaire \u00e9thique, responsable et digne de confiance, aliment\u00e9e par l\u2019IA dans l\u2019ensemble des activit\u00e9s de Criteo.","breadcrumb":{"@id":"https:\/\/www.criteo.com\/fr\/product-ethics\/#breadcrumb"},"inLanguage":"fr-FR","potentialAction":[{"@type":"ReadAction","target":["https:\/\/www.criteo.com\/fr\/product-ethics\/"]}]},{"@type":"BreadcrumbList","@id":"https:\/\/www.criteo.com\/fr\/product-ethics\/#breadcrumb","itemListElement":[{"@type":"ListItem","position":1,"name":"Home","item":"https:\/\/www.criteo.com\/fr\/"},{"@type":"ListItem","position":2,"name":"Product Ethics"}]},{"@type":"WebSite","@id":"https:\/\/www.criteo.com\/fr\/#website","url":"https:\/\/www.criteo.com\/fr\/","name":"FR - Criteo.com","description":"","publisher":{"@id":"https:\/\/www.criteo.com\/fr\/#organization"},"potentialAction":[{"@type":"SearchAction","target":{"@type":"EntryPoint","urlTemplate":"https:\/\/www.criteo.com\/fr\/?s={search_term_string}"},"query-input":{"@type":"PropertyValueSpecification","valueRequired":true,"valueName":"search_term_string"}}],"inLanguage":"fr-FR"},{"@type":"Organization","@id":"https:\/\/www.criteo.com\/fr\/#organization","name":"Criteo","alternateName":"Criteo corp","url":"https:\/\/www.criteo.com\/fr\/","logo":{"@type":"ImageObject","inLanguage":"fr-FR","@id":"https:\/\/www.criteo.com\/fr\/#\/schema\/logo\/image\/","url":"https:\/\/www.criteo.com\/fr\/wp-content\/uploads\/sites\/4\/2024\/02\/Criteo-Logo.svg","contentUrl":"https:\/\/www.criteo.com\/fr\/wp-content\/uploads\/sites\/4\/2024\/02\/Criteo-Logo.svg","width":118,"height":24,"caption":"Criteo"},"image":{"@id":"https:\/\/www.criteo.com\/fr\/#\/schema\/logo\/image\/"}}]}},"_links":{"self":[{"href":"https:\/\/www.criteo.com\/fr\/wp-json\/wp\/v2\/pages\/17963","targetHints":{"allow":["GET"]}}],"collection":[{"href":"https:\/\/www.criteo.com\/fr\/wp-json\/wp\/v2\/pages"}],"about":[{"href":"https:\/\/www.criteo.com\/fr\/wp-json\/wp\/v2\/types\/page"}],"author":[{"embeddable":true,"href":"https:\/\/www.criteo.com\/fr\/wp-json\/wp\/v2\/users\/9"}],"replies":[{"embeddable":true,"href":"https:\/\/www.criteo.com\/fr\/wp-json\/wp\/v2\/comments?post=17963"}],"version-history":[{"count":8,"href":"https:\/\/www.criteo.com\/fr\/wp-json\/wp\/v2\/pages\/17963\/revisions"}],"predecessor-version":[{"id":17995,"href":"https:\/\/www.criteo.com\/fr\/wp-json\/wp\/v2\/pages\/17963\/revisions\/17995"}],"wp:attachment":[{"href":"https:\/\/www.criteo.com\/fr\/wp-json\/wp\/v2\/media?parent=17963"}],"wp:term":[{"taxonomy":"author","embeddable":true,"href":"https:\/\/www.criteo.com\/fr\/wp-json\/wp\/v2\/coauthors?post=17963"}],"curies":[{"name":"wp","href":"https:\/\/api.w.org\/{rel}","templated":true}]}}