{"id":18819,"date":"2023-07-11T12:35:48","date_gmt":"2023-07-11T12:35:48","guid":{"rendered":"https:\/\/www.criteo.com\/fr\/security\/"},"modified":"2026-03-25T14:37:43","modified_gmt":"2026-03-25T14:37:43","slug":"security","status":"publish","type":"page","link":"https:\/\/www.criteo.com\/fr\/trust-center\/security\/","title":{"rendered":"S\u00e9curit\u00e9"},"content":{"rendered":"<p>Chez Criteo, nous nous engageons \u00e0 respecter les normes de s\u00e9curit\u00e9 les plus strictes dans tous les aspects de notre activit\u00e9 et pour tous nos produits. Nous prot\u00e9geons nos syst\u00e8mes des menaces et encourageons une culture ax\u00e9e sur la gestion des vuln\u00e9rabilit\u00e9s et des incidents.<\/p>\n<p>Nous g\u00e9rons un programme priv\u00e9 de bug bounty qui am\u00e9liore nos capacit\u00e9s de d\u00e9tection et garantit un niveau de s\u00e9curit\u00e9 \u00e9lev\u00e9. Nous versions des primes pour les vuln\u00e9rabilit\u00e9s confirm\u00e9es qui entrent dans le champ d&rsquo;application du programme. Veuillez nous contacter\u00a0\u00e0\u00a0<a href=\"mailto:security@criteo.com\">security@criteo.com<\/a>\u00a0si vous souhaitez y participer.<\/p>\n<p>De plus, nous r\u00e9alisons r\u00e9guli\u00e8rement des tests d\u2019intrusion afin d\u2019identifier et de corriger d&rsquo;\u00e9ventuelles failles dans nos syst\u00e8mes.<\/p>\n<p>Au-del\u00e0 de la technologie, nous cultivons une v\u00e9ritable culture de la s\u00e9curit\u00e9 au sein de notre organisation, o\u00f9 chaque collaborateur sait que la s\u00e9curit\u00e9 est l\u2019affaire de tous. Tous les collaborateurs de Criteo sont form\u00e9s \u00e0 la s\u00e9curit\u00e9 informatique et nous menons des campagnes de sensibilisation sur les menaces les plus r\u00e9centes et les meilleures pratiques.<\/p>\n<p>Pour en savoir plus sur la cybers\u00e9curit\u00e9 chez Criteo et sur les mesures \u00e0 prendre pour prot\u00e9ger vos donn\u00e9es, consulter nos sections sur ce th\u00e8me.<\/p>\n","protected":false},"excerpt":{"rendered":"<p>Chez Criteo, nous nous engageons \u00e0 respecter les normes de s\u00e9curit\u00e9 les plus strictes dans tous les aspects de notre activit\u00e9 et pour tous nos produits. Nous prot\u00e9geons nos syst\u00e8mes des menaces et encourageons une culture ax\u00e9e sur la gestion des vuln\u00e9rabilit\u00e9s et des incidents. Nous g\u00e9rons un programme priv\u00e9 de bug bounty qui am\u00e9liore [&hellip;]<\/p>\n","protected":false},"author":18,"featured_media":0,"parent":21150,"menu_order":0,"comment_status":"closed","ping_status":"closed","template":"page-templates\/basic.php","meta":{"_acf_changed":false,"footnotes":""},"coauthors":[564],"class_list":["post-18819","page","type-page","status-publish"],"acf":{"layout_mode":"security-2023","has_more_content":false,"storetail_optout":false,"stae_popup_enable":false,"track_page_in_segment":false,"segment_page_name":"","additional_code":"","toc_order":"0"},"yoast_head":"<!-- This site is optimized with the Yoast SEO plugin v26.4 - https:\/\/yoast.com\/wordpress\/plugins\/seo\/ -->\n<title>S\u00e9curit\u00e9 | FR - Criteo.com<\/title>\n<meta name=\"description\" content=\"Chez Criteo, nous nous engageons \u00e0 respecter les normes de s\u00e9curit\u00e9 les plus strictes dans tous les aspects de notre activit\u00e9 et pour tous nos produits.\" \/>\n<meta name=\"robots\" content=\"index, follow, max-snippet:-1, max-image-preview:large, max-video-preview:-1\" \/>\n<link rel=\"canonical\" href=\"https:\/\/www.criteo.com\/fr\/trust-center\/security\/\" \/>\n<meta property=\"og:locale\" content=\"fr_FR\" \/>\n<meta property=\"og:type\" content=\"article\" \/>\n<meta property=\"og:title\" content=\"S\u00e9curit\u00e9 | FR - Criteo.com\" \/>\n<meta property=\"og:description\" content=\"Chez Criteo, nous nous engageons \u00e0 respecter les normes de s\u00e9curit\u00e9 les plus strictes dans tous les aspects de notre activit\u00e9 et pour tous nos produits.\" \/>\n<meta property=\"og:url\" content=\"https:\/\/www.criteo.com\/fr\/trust-center\/security\/\" \/>\n<meta property=\"og:site_name\" content=\"FR - Criteo.com\" \/>\n<meta property=\"article:modified_time\" content=\"2026-03-25T14:37:43+00:00\" \/>\n<meta name=\"twitter:card\" content=\"summary_large_image\" \/>\n<meta name=\"twitter:label1\" content=\"Est. reading time\" \/>\n\t<meta name=\"twitter:data1\" content=\"1 minute\" \/>\n<script type=\"application\/ld+json\" class=\"yoast-schema-graph\">{\n\t    \"@context\": \"https:\/\/schema.org\",\n\t    \"@graph\": [\n\t        {\n\t            \"@type\": \"WebPage\",\n\t            \"@id\": \"https:\/\/www.criteo.com\/fr\/trust-center\/security\/\",\n\t            \"url\": \"https:\/\/www.criteo.com\/fr\/trust-center\/security\/\",\n\t            \"name\": \"S\u00e9curit\u00e9 | FR - Criteo.com\",\n\t            \"isPartOf\": {\n\t                \"@id\": \"https:\/\/www.criteo.com\/fr\/#website\"\n\t            },\n\t            \"datePublished\": \"2023-07-11T12:35:48+00:00\",\n\t            \"dateModified\": \"2026-03-25T14:37:43+00:00\",\n\t            \"description\": \"Chez Criteo, nous nous engageons \u00e0 respecter les normes de s\u00e9curit\u00e9 les plus strictes dans tous les aspects de notre activit\u00e9 et pour tous nos produits.\",\n\t            \"breadcrumb\": {\n\t                \"@id\": \"https:\/\/www.criteo.com\/fr\/trust-center\/security\/#breadcrumb\"\n\t            },\n\t            \"inLanguage\": \"fr-FR\",\n\t            \"potentialAction\": [\n\t                {\n\t                    \"@type\": \"ReadAction\",\n\t                    \"target\": [\n\t                        \"https:\/\/www.criteo.com\/fr\/trust-center\/security\/\"\n\t                    ]\n\t                }\n\t            ]\n\t        },\n\t        {\n\t            \"@type\": \"BreadcrumbList\",\n\t            \"@id\": \"https:\/\/www.criteo.com\/fr\/trust-center\/security\/#breadcrumb\",\n\t            \"itemListElement\": [\n\t                {\n\t                    \"@type\": \"ListItem\",\n\t                    \"position\": 1,\n\t                    \"name\": \"Home\",\n\t                    \"item\": \"https:\/\/www.criteo.com\/fr\/\"\n\t                },\n\t                {\n\t                    \"@type\": \"ListItem\",\n\t                    \"position\": 2,\n\t                    \"name\": \"Trust Center\",\n\t                    \"item\": \"https:\/\/www.criteo.com\/fr\/trust-center\/\"\n\t                },\n\t                {\n\t                    \"@type\": \"ListItem\",\n\t                    \"position\": 3,\n\t                    \"name\": \"S\u00e9curit\u00e9\"\n\t                }\n\t            ]\n\t        },\n\t        {\n\t            \"@type\": \"WebSite\",\n\t            \"@id\": \"https:\/\/www.criteo.com\/fr\/#website\",\n\t            \"url\": \"https:\/\/www.criteo.com\/fr\/\",\n\t            \"name\": \"FR - Criteo.com\",\n\t            \"description\": \"\",\n\t            \"publisher\": {\n\t                \"@id\": \"https:\/\/www.criteo.com\/fr\/#organization\"\n\t            },\n\t            \"potentialAction\": [\n\t                {\n\t                    \"@type\": \"SearchAction\",\n\t                    \"target\": {\n\t                        \"@type\": \"EntryPoint\",\n\t                        \"urlTemplate\": \"https:\/\/www.criteo.com\/fr\/?s={search_term_string}\"\n\t                    },\n\t                    \"query-input\": {\n\t                        \"@type\": \"PropertyValueSpecification\",\n\t                        \"valueRequired\": true,\n\t                        \"valueName\": \"search_term_string\"\n\t                    }\n\t                }\n\t            ],\n\t            \"inLanguage\": \"fr-FR\"\n\t        },\n\t        {\n\t            \"@type\": \"Organization\",\n\t            \"@id\": \"https:\/\/www.criteo.com\/fr\/#organization\",\n\t            \"name\": \"Criteo\",\n\t            \"alternateName\": \"Criteo corp\",\n\t            \"url\": \"https:\/\/www.criteo.com\/fr\/\",\n\t            \"logo\": {\n\t                \"@type\": \"ImageObject\",\n\t                \"inLanguage\": \"fr-FR\",\n\t                \"@id\": \"https:\/\/www.criteo.com\/fr\/#\/schema\/logo\/image\/\",\n\t                \"url\": \"https:\/\/www.criteo.com\/fr\/wp-content\/uploads\/sites\/4\/2024\/02\/Criteo-Logo.svg\",\n\t                \"contentUrl\": \"https:\/\/www.criteo.com\/fr\/wp-content\/uploads\/sites\/4\/2024\/02\/Criteo-Logo.svg\",\n\t                \"width\": 118,\n\t                \"height\": 24,\n\t                \"caption\": \"Criteo\"\n\t            },\n\t            \"image\": {\n\t                \"@id\": \"https:\/\/www.criteo.com\/fr\/#\/schema\/logo\/image\/\"\n\t            }\n\t        }\n\t    ]\n\t}<\/script>\n<!-- \/ Yoast SEO plugin. -->","yoast_head_json":{"title":"S\u00e9curit\u00e9 | FR - Criteo.com","description":"Chez Criteo, nous nous engageons \u00e0 respecter les normes de s\u00e9curit\u00e9 les plus strictes dans tous les aspects de notre activit\u00e9 et pour tous nos produits.","robots":{"index":"index","follow":"follow","max-snippet":"max-snippet:-1","max-image-preview":"max-image-preview:large","max-video-preview":"max-video-preview:-1"},"canonical":"https:\/\/www.criteo.com\/fr\/trust-center\/security\/","og_locale":"fr_FR","og_type":"article","og_title":"S\u00e9curit\u00e9 | FR - Criteo.com","og_description":"Chez Criteo, nous nous engageons \u00e0 respecter les normes de s\u00e9curit\u00e9 les plus strictes dans tous les aspects de notre activit\u00e9 et pour tous nos produits.","og_url":"https:\/\/www.criteo.com\/fr\/trust-center\/security\/","og_site_name":"FR - Criteo.com","article_modified_time":"2026-03-25T14:37:43+00:00","twitter_card":"summary_large_image","twitter_misc":{"Est. reading time":"1 minute"},"schema":{"@context":"https:\/\/schema.org","@graph":[{"@type":"WebPage","@id":"https:\/\/www.criteo.com\/fr\/trust-center\/security\/","url":"https:\/\/www.criteo.com\/fr\/trust-center\/security\/","name":"S\u00e9curit\u00e9 | FR - Criteo.com","isPartOf":{"@id":"https:\/\/www.criteo.com\/fr\/#website"},"datePublished":"2023-07-11T12:35:48+00:00","dateModified":"2026-03-25T14:37:43+00:00","description":"Chez Criteo, nous nous engageons \u00e0 respecter les normes de s\u00e9curit\u00e9 les plus strictes dans tous les aspects de notre activit\u00e9 et pour tous nos produits.","breadcrumb":{"@id":"https:\/\/www.criteo.com\/fr\/trust-center\/security\/#breadcrumb"},"inLanguage":"fr-FR","potentialAction":[{"@type":"ReadAction","target":["https:\/\/www.criteo.com\/fr\/trust-center\/security\/"]}]},{"@type":"BreadcrumbList","@id":"https:\/\/www.criteo.com\/fr\/trust-center\/security\/#breadcrumb","itemListElement":[{"@type":"ListItem","position":1,"name":"Home","item":"https:\/\/www.criteo.com\/fr\/"},{"@type":"ListItem","position":2,"name":"Trust Center","item":"https:\/\/www.criteo.com\/fr\/trust-center\/"},{"@type":"ListItem","position":3,"name":"S\u00e9curit\u00e9"}]},{"@type":"WebSite","@id":"https:\/\/www.criteo.com\/fr\/#website","url":"https:\/\/www.criteo.com\/fr\/","name":"FR - Criteo.com","description":"","publisher":{"@id":"https:\/\/www.criteo.com\/fr\/#organization"},"potentialAction":[{"@type":"SearchAction","target":{"@type":"EntryPoint","urlTemplate":"https:\/\/www.criteo.com\/fr\/?s={search_term_string}"},"query-input":{"@type":"PropertyValueSpecification","valueRequired":true,"valueName":"search_term_string"}}],"inLanguage":"fr-FR"},{"@type":"Organization","@id":"https:\/\/www.criteo.com\/fr\/#organization","name":"Criteo","alternateName":"Criteo corp","url":"https:\/\/www.criteo.com\/fr\/","logo":{"@type":"ImageObject","inLanguage":"fr-FR","@id":"https:\/\/www.criteo.com\/fr\/#\/schema\/logo\/image\/","url":"https:\/\/www.criteo.com\/fr\/wp-content\/uploads\/sites\/4\/2024\/02\/Criteo-Logo.svg","contentUrl":"https:\/\/www.criteo.com\/fr\/wp-content\/uploads\/sites\/4\/2024\/02\/Criteo-Logo.svg","width":118,"height":24,"caption":"Criteo"},"image":{"@id":"https:\/\/www.criteo.com\/fr\/#\/schema\/logo\/image\/"}}]}},"_links":{"self":[{"href":"https:\/\/www.criteo.com\/fr\/wp-json\/wp\/v2\/pages\/18819","targetHints":{"allow":["GET"]}}],"collection":[{"href":"https:\/\/www.criteo.com\/fr\/wp-json\/wp\/v2\/pages"}],"about":[{"href":"https:\/\/www.criteo.com\/fr\/wp-json\/wp\/v2\/types\/page"}],"author":[{"embeddable":true,"href":"https:\/\/www.criteo.com\/fr\/wp-json\/wp\/v2\/users\/18"}],"replies":[{"embeddable":true,"href":"https:\/\/www.criteo.com\/fr\/wp-json\/wp\/v2\/comments?post=18819"}],"version-history":[{"count":4,"href":"https:\/\/www.criteo.com\/fr\/wp-json\/wp\/v2\/pages\/18819\/revisions"}],"predecessor-version":[{"id":21176,"href":"https:\/\/www.criteo.com\/fr\/wp-json\/wp\/v2\/pages\/18819\/revisions\/21176"}],"up":[{"embeddable":true,"href":"https:\/\/www.criteo.com\/fr\/wp-json\/wp\/v2\/pages\/21150"}],"wp:attachment":[{"href":"https:\/\/www.criteo.com\/fr\/wp-json\/wp\/v2\/media?parent=18819"}],"wp:term":[{"taxonomy":"author","embeddable":true,"href":"https:\/\/www.criteo.com\/fr\/wp-json\/wp\/v2\/coauthors?post=18819"}],"curies":[{"name":"wp","href":"https:\/\/api.w.org\/{rel}","templated":true}]}}