{"id":18822,"date":"2023-07-11T12:35:49","date_gmt":"2023-07-11T12:35:49","guid":{"rendered":"https:\/\/www.criteo.com\/fr\/vulnerability-disclosure-policy\/"},"modified":"2026-03-25T14:37:10","modified_gmt":"2026-03-25T14:37:10","slug":"vulnerability-disclosure-policy","status":"publish","type":"page","link":"https:\/\/www.criteo.com\/fr\/trust-center\/security\/vulnerability-disclosure-policy\/","title":{"rendered":"Politique de divulgation des vuln\u00e9rabilit\u00e9s"},"content":{"rendered":"<h2>Introduction<\/h2>\n<p>Chez Criteo, la s\u00e9curit\u00e9 de nos produits et services rev\u00eat une importance capitale. Notre objectif est d\u2019offrir \u00e0 nos clients et utilisateurs la meilleure exp\u00e9rience possible, tout en garantissant la protection et la s\u00e9curit\u00e9 des informations et donn\u00e9es qui nous sont confi\u00e9es. Dans cette optique, nous encourageons la divulgation responsable et \u00e9thique des vuln\u00e9rabilit\u00e9s potentielles par les chercheurs en s\u00e9curit\u00e9 et le grand public. Cette politique d\u00e9finit nos attentes en mati\u00e8re de divulgation responsable des vuln\u00e9rabilit\u00e9s et d\u00e9crit le processus mis en \u0153uvre pour y r\u00e9pondre.<\/p>\n<h2>Autorisation<\/h2>\n<p>Si vous respectez cette politique dans le cadre de vos recherches, Criteo consid\u00e9rera que vos actions sont autoris\u00e9es et n\u2019engagera aucune proc\u00e9dure judiciaire contre vous.<\/p>\n<h2>Nos engagements<\/h2>\n<p>Lorsque vous nous signalez un incident conform\u00e9ment \u00e0 cette politique, vous pouvez attendre \u00e0 ce que nous :<\/p>\n<ul>\n<li>r\u00e9pondions \u00e0 votre rapport dans un d\u00e9lai de 3 jours ouvrables et collaborions avec vous pour le comprendre et y rem\u00e9dier<\/li>\n<li>prenions les mesures n\u00e9cessaires pour corriger les vuln\u00e9rabilit\u00e9s mentionn\u00e9es dans le rapport d\u00e8s que possible, sauf si celles-ci correspondent \u00e0 un risque accept\u00e9 de notre part<\/li>\n<li>vous tenions inform\u00e9 de l\u2019avancement de la r\u00e9solution de l&rsquo;incident<\/li>\n<li>gardions confidentielles les informations vous concernant ainsi que la vuln\u00e9rabilit\u00e9 que vous signalez, sauf s&rsquo;il en a \u00e9t\u00e9 convenu autrement<\/li>\n<li>vous r\u00e9compensions conform\u00e9ment \u00e0 ce qui est d\u00e9crit dans la section d\u00e9di\u00e9e aux r\u00e9compenses<\/li>\n<\/ul>\n<h2>Directives<\/h2>\n<p>Pour que vos recherches soient consid\u00e9r\u00e9es comme une activit\u00e9 autoris\u00e9e au regard de cette politique, vous devez :<\/p>\n<ul>\n<li>Agir de bonne foi et \u00e9viter d\u2019utiliser les syst\u00e8mes et applications de mani\u00e8re abusive, ce qui pourrait nuire \u00e0 Criteo ou \u00e0 nos clients<\/li>\n<li>Veuillez nous pr\u00e9venir d\u00e8s que vous d\u00e9tectez une vuln\u00e9rabilit\u00e9 r\u00e9elle ou potentielle<\/li>\n<li>ne divulguions l&rsquo;incident publiquement qu\u2019apr\u00e8s le d\u00e9ploiement d\u2019un correctif, et uniquement sur la base d\u2019un accord mutuel. Cet accord pr\u00e9cisera le moment de la divulgation ainsi que le niveau de d\u00e9tail requis<\/li>\n<\/ul>\n<p>et vous ne devez pas :<\/p>\n<ul>\n<li>Acc\u00e9der \u00e0, modifier ou supprimer des donn\u00e9es appartenant \u00e0 des comptes utilisateurs que vous n\u2019avez pas cr\u00e9\u00e9s vous-m\u00eame<\/li>\n<li>Utiliser des outils hautement invasifs ou destructeurs<\/li>\n<li>soumettre un grand nombre de rapports de faible qualit\u00e9 (par exemple, en copiant simplement les r\u00e9sultats d&rsquo;outils de scan)<\/li>\n<li>employer l&rsquo;une des m\u00e9thodes de test suivantes :\n<ul>\n<li>Tests de d\u00e9ni de service r\u00e9seau (DoS ou DDoS) ou autres tests susceptibles de perturber l\u2019acc\u00e8s \u00e0 un syst\u00e8me ou d&rsquo;endommager des donn\u00e9es<\/li>\n<li>Tests physiques (p. ex. : acc\u00e8s aux bureaux, ouverture de portes, tailgating)<\/li>\n<li>Ing\u00e9nierie sociale (p. ex. : phishing, vishing) ou tout autre test de vuln\u00e9rabilit\u00e9 non technique<\/li>\n<\/ul>\n<\/li>\n<li>Communiquer vos d\u00e9couvertes \u00e0 tout tiers sans autorisation \u00e9crite pr\u00e9alable de Criteo<\/li>\n<li>Utiliser un exploit pour compromettre ou exfiltrer des donn\u00e9es, \u00e9tablir un acc\u00e8s en ligne de commande persistant ou basculer vers d&rsquo;autres syst\u00e8mes. Les exploits ne doivent \u00eatre utilis\u00e9s que dans la mesure n\u00e9cessaire pour confirmer la pr\u00e9sence d&rsquo;une vuln\u00e9rabilit\u00e9. En cas de doute, veuillez nous signaler le probl\u00e8me afin que nous puissions le confirmer.<\/li>\n<\/ul>\n<p>D\u00e8s que vous constatez qu&rsquo;une vuln\u00e9rabilit\u00e9 existe ou d\u00e8s que vous tombez sur des donn\u00e9es sensibles (y compris des PII, des informations financi\u00e8res ou des informations propri\u00e9taires et secrets commerciaux de toute partie), vous devez interrompre votre test, nous en avertir imm\u00e9diatement et ne divulguer ces donn\u00e9es \u00e0 personne.<\/p>\n<h2>Champ d\u2019application<\/h2>\n<p>Cette politique s&rsquo;applique \u00e0 toutes les ressources num\u00e9riques que Criteo poss\u00e8de, exploite ou maintient. Elle exclut les services tiers accessibles via l&rsquo;un de nos sous-domaines ou int\u00e9gr\u00e9s \u00e0 l&rsquo;un de nos produits.<\/p>\n<p>Un champ d\u2019application d\u00e9taill\u00e9 et actualis\u00e9 est disponible dans notre politique sur <a href=\"https:\/\/www.bugcrowd.com\/\" target=\"_blank\" rel=\"noopener\">BugCrowd<\/a>.<\/p>\n<h2>R\u00e9compenses<\/h2>\n<p>Criteo peut accorder une reconnaissance et des r\u00e9compenses \u00e0 toute personne qui nous signale de mani\u00e8re responsable et \u00e9thique des probl\u00e8mes de s\u00e9curit\u00e9, \u00e0 condition qu\u2019elle respecte cette politique. Le montant de la r\u00e9compense, le cas \u00e9ch\u00e9ant, sera d\u00e9termin\u00e9 \u00e0 notre discr\u00e9tion en fonction de plusieurs param\u00e8tres, notamment la gravit\u00e9 de la vuln\u00e9rabilit\u00e9, son impact et la qualit\u00e9 du signalement.<\/p>\n<p>En g\u00e9n\u00e9ral, le montant de la r\u00e9compense variera de 175 USD pour les vuln\u00e9rabilit\u00e9s \u00e0 faible impact \u00e0 4500 USD pour les plus critiques.<\/p>\n<p>Veuillez noter que toutes les r\u00e9compenses sont g\u00e9r\u00e9es via notre programme priv\u00e9 sur <a href=\"https:\/\/www.bugcrowd.com\/\" target=\"_blank\" rel=\"noopener\">BugCrowd<\/a>, et qu&rsquo;un compte BugCrowd est requis pour les percevoir.<\/p>\n<h2>Signaler une vuln\u00e9rabilit\u00e9<\/h2>\n<p>Nos r\u00e9compenses sont vers\u00e9es exclusivement via <a href=\"https:\/\/www.bugcrowd.com\/\" target=\"_blank\" rel=\"noopener\">BugCrowd<\/a>. Pour signaler une vuln\u00e9rabilit\u00e9 de s\u00e9curit\u00e9 potentielle, veuillez cr\u00e9er un rapport sur cette plateforme en y incluant une description d\u00e9taill\u00e9e et les \u00e9tapes permettant de reproduire votre d\u00e9couverte.<\/p>\n<p>Si vous ne faites pas actuellement partie de notre programme priv\u00e9 de bug bounty, vous pouvez nous envoyer un e-mail contenant votre identifiant BugCrowd \u00e0 <a href=\"mailto:security@criteo.com\">security@criteo.com<\/a>, et nous vous adresserons une invitation si vous remplissez nos crit\u00e8res d&rsquo;\u00e9ligibilit\u00e9.<\/p>\n<p>Pour signaler une vuln\u00e9rabilit\u00e9 de s\u00e9curit\u00e9 potentielle, vous pouvez \u00e9galement nous envoyer votre rapport par un e-mail avec une description d\u00e9taill\u00e9e et les \u00e9tapes permettant de reproduire votre d\u00e9couverte.<\/p>\n<h2>Clients<\/h2>\n<p>Si vous \u00eates client, veuillez noter qu&rsquo;en plus de notre programme de bug bounty, nous r\u00e9alisons \u00e9galement des tests de p\u00e9n\u00e9tration r\u00e9guliers dont vous pouvez demander les r\u00e9sultats \u00e0 votre interlocuteur Criteo.<\/p>\n<h2>Questions<\/h2>\n<p>Si vous avez des questions concernant cette politique ou la s\u00e9curit\u00e9 des informations chez Criteo, contactez-nous \u00e0 <a href=\"mailto:security@criteo.com\">security@criteo.com<\/a>.<\/p>\n<p>Merci pour vos efforts afin de contribuer \u00e0 la s\u00e9curit\u00e9 de Criteo. Nous appr\u00e9cions votre aide pour rendre nos produits et services plus s\u00fbrs.<\/p>\n","protected":false},"excerpt":{"rendered":"<p>Introduction Chez Criteo, la s\u00e9curit\u00e9 de nos produits et services rev\u00eat une importance capitale. Notre objectif est d\u2019offrir \u00e0 nos clients et utilisateurs la meilleure exp\u00e9rience possible, tout en garantissant la protection et la s\u00e9curit\u00e9 des informations et donn\u00e9es qui nous sont confi\u00e9es. Dans cette optique, nous encourageons la divulgation responsable et \u00e9thique des vuln\u00e9rabilit\u00e9s [&hellip;]<\/p>\n","protected":false},"author":159,"featured_media":0,"parent":18819,"menu_order":0,"comment_status":"closed","ping_status":"closed","template":"page-templates\/basic.php","meta":{"_acf_changed":false,"footnotes":""},"coauthors":[565],"class_list":["post-18822","page","type-page","status-publish"],"acf":{"layout_mode":"security-2023","toc_order":"1","has_more_content":false,"storetail_optout":false,"track_page_in_segment":false,"segment_page_name":"","additional_code":""},"yoast_head":"<!-- This site is optimized with the Yoast SEO plugin v26.4 - https:\/\/yoast.com\/wordpress\/plugins\/seo\/ -->\n<title>Politique de divulgation des vuln\u00e9rabilit\u00e9s | FR - Criteo.com<\/title>\n<meta name=\"description\" content=\"Cette politique d\u00e9finit nos attentes en mati\u00e8re de divulgation responsable des vuln\u00e9rabilit\u00e9s et d\u00e9crit le processus mis en \u0153uvre pour y r\u00e9pondre.\" \/>\n<meta name=\"robots\" content=\"index, follow, max-snippet:-1, max-image-preview:large, max-video-preview:-1\" \/>\n<link rel=\"canonical\" href=\"https:\/\/www.criteo.com\/fr\/trust-center\/security\/vulnerability-disclosure-policy\/\" \/>\n<meta property=\"og:locale\" content=\"fr_FR\" \/>\n<meta property=\"og:type\" content=\"article\" \/>\n<meta property=\"og:title\" content=\"Politique de divulgation des vuln\u00e9rabilit\u00e9s | FR - Criteo.com\" \/>\n<meta property=\"og:description\" content=\"Cette politique d\u00e9finit nos attentes en mati\u00e8re de divulgation responsable des vuln\u00e9rabilit\u00e9s et d\u00e9crit le processus mis en \u0153uvre pour y r\u00e9pondre.\" \/>\n<meta property=\"og:url\" content=\"https:\/\/www.criteo.com\/fr\/trust-center\/security\/vulnerability-disclosure-policy\/\" \/>\n<meta property=\"og:site_name\" content=\"FR - Criteo.com\" \/>\n<meta property=\"article:modified_time\" content=\"2026-03-25T14:37:10+00:00\" \/>\n<meta name=\"twitter:card\" content=\"summary_large_image\" \/>\n<meta name=\"twitter:label1\" content=\"Est. reading time\" \/>\n\t<meta name=\"twitter:data1\" content=\"5 minutes\" \/>\n<script type=\"application\/ld+json\" class=\"yoast-schema-graph\">{\n\t    \"@context\": \"https:\/\/schema.org\",\n\t    \"@graph\": [\n\t        {\n\t            \"@type\": \"WebPage\",\n\t            \"@id\": \"https:\/\/www.criteo.com\/fr\/trust-center\/security\/vulnerability-disclosure-policy\/\",\n\t            \"url\": \"https:\/\/www.criteo.com\/fr\/trust-center\/security\/vulnerability-disclosure-policy\/\",\n\t            \"name\": \"Politique de divulgation des vuln\u00e9rabilit\u00e9s | FR - Criteo.com\",\n\t            \"isPartOf\": {\n\t                \"@id\": \"https:\/\/www.criteo.com\/fr\/#website\"\n\t            },\n\t            \"datePublished\": \"2023-07-11T12:35:49+00:00\",\n\t            \"dateModified\": \"2026-03-25T14:37:10+00:00\",\n\t            \"description\": \"Cette politique d\u00e9finit nos attentes en mati\u00e8re de divulgation responsable des vuln\u00e9rabilit\u00e9s et d\u00e9crit le processus mis en \u0153uvre pour y r\u00e9pondre.\",\n\t            \"breadcrumb\": {\n\t                \"@id\": \"https:\/\/www.criteo.com\/fr\/trust-center\/security\/vulnerability-disclosure-policy\/#breadcrumb\"\n\t            },\n\t            \"inLanguage\": \"fr-FR\",\n\t            \"potentialAction\": [\n\t                {\n\t                    \"@type\": \"ReadAction\",\n\t                    \"target\": [\n\t                        \"https:\/\/www.criteo.com\/fr\/trust-center\/security\/vulnerability-disclosure-policy\/\"\n\t                    ]\n\t                }\n\t            ]\n\t        },\n\t        {\n\t            \"@type\": \"BreadcrumbList\",\n\t            \"@id\": \"https:\/\/www.criteo.com\/fr\/trust-center\/security\/vulnerability-disclosure-policy\/#breadcrumb\",\n\t            \"itemListElement\": [\n\t                {\n\t                    \"@type\": \"ListItem\",\n\t                    \"position\": 1,\n\t                    \"name\": \"Home\",\n\t                    \"item\": \"https:\/\/www.criteo.com\/fr\/\"\n\t                },\n\t                {\n\t                    \"@type\": \"ListItem\",\n\t                    \"position\": 2,\n\t                    \"name\": \"Trust Center\",\n\t                    \"item\": \"https:\/\/www.criteo.com\/fr\/trust-center\/\"\n\t                },\n\t                {\n\t                    \"@type\": \"ListItem\",\n\t                    \"position\": 3,\n\t                    \"name\": \"S\u00e9curit\u00e9\",\n\t                    \"item\": \"https:\/\/www.criteo.com\/fr\/trust-center\/security\/\"\n\t                },\n\t                {\n\t                    \"@type\": \"ListItem\",\n\t                    \"position\": 4,\n\t                    \"name\": \"Politique de divulgation des vuln\u00e9rabilit\u00e9s\"\n\t                }\n\t            ]\n\t        },\n\t        {\n\t            \"@type\": \"WebSite\",\n\t            \"@id\": \"https:\/\/www.criteo.com\/fr\/#website\",\n\t            \"url\": \"https:\/\/www.criteo.com\/fr\/\",\n\t            \"name\": \"FR - Criteo.com\",\n\t            \"description\": \"\",\n\t            \"publisher\": {\n\t                \"@id\": \"https:\/\/www.criteo.com\/fr\/#organization\"\n\t            },\n\t            \"potentialAction\": [\n\t                {\n\t                    \"@type\": \"SearchAction\",\n\t                    \"target\": {\n\t                        \"@type\": \"EntryPoint\",\n\t                        \"urlTemplate\": \"https:\/\/www.criteo.com\/fr\/?s={search_term_string}\"\n\t                    },\n\t                    \"query-input\": {\n\t                        \"@type\": \"PropertyValueSpecification\",\n\t                        \"valueRequired\": true,\n\t                        \"valueName\": \"search_term_string\"\n\t                    }\n\t                }\n\t            ],\n\t            \"inLanguage\": \"fr-FR\"\n\t        },\n\t        {\n\t            \"@type\": \"Organization\",\n\t            \"@id\": \"https:\/\/www.criteo.com\/fr\/#organization\",\n\t            \"name\": \"Criteo\",\n\t            \"alternateName\": \"Criteo corp\",\n\t            \"url\": \"https:\/\/www.criteo.com\/fr\/\",\n\t            \"logo\": {\n\t                \"@type\": \"ImageObject\",\n\t                \"inLanguage\": \"fr-FR\",\n\t                \"@id\": \"https:\/\/www.criteo.com\/fr\/#\/schema\/logo\/image\/\",\n\t                \"url\": \"https:\/\/www.criteo.com\/fr\/wp-content\/uploads\/sites\/4\/2024\/02\/Criteo-Logo.svg\",\n\t                \"contentUrl\": \"https:\/\/www.criteo.com\/fr\/wp-content\/uploads\/sites\/4\/2024\/02\/Criteo-Logo.svg\",\n\t                \"width\": 118,\n\t                \"height\": 24,\n\t                \"caption\": \"Criteo\"\n\t            },\n\t            \"image\": {\n\t                \"@id\": \"https:\/\/www.criteo.com\/fr\/#\/schema\/logo\/image\/\"\n\t            }\n\t        }\n\t    ]\n\t}<\/script>\n<!-- \/ Yoast SEO plugin. -->","yoast_head_json":{"title":"Politique de divulgation des vuln\u00e9rabilit\u00e9s | FR - Criteo.com","description":"Cette politique d\u00e9finit nos attentes en mati\u00e8re de divulgation responsable des vuln\u00e9rabilit\u00e9s et d\u00e9crit le processus mis en \u0153uvre pour y r\u00e9pondre.","robots":{"index":"index","follow":"follow","max-snippet":"max-snippet:-1","max-image-preview":"max-image-preview:large","max-video-preview":"max-video-preview:-1"},"canonical":"https:\/\/www.criteo.com\/fr\/trust-center\/security\/vulnerability-disclosure-policy\/","og_locale":"fr_FR","og_type":"article","og_title":"Politique de divulgation des vuln\u00e9rabilit\u00e9s | FR - Criteo.com","og_description":"Cette politique d\u00e9finit nos attentes en mati\u00e8re de divulgation responsable des vuln\u00e9rabilit\u00e9s et d\u00e9crit le processus mis en \u0153uvre pour y r\u00e9pondre.","og_url":"https:\/\/www.criteo.com\/fr\/trust-center\/security\/vulnerability-disclosure-policy\/","og_site_name":"FR - Criteo.com","article_modified_time":"2026-03-25T14:37:10+00:00","twitter_card":"summary_large_image","twitter_misc":{"Est. reading time":"5 minutes"},"schema":{"@context":"https:\/\/schema.org","@graph":[{"@type":"WebPage","@id":"https:\/\/www.criteo.com\/fr\/trust-center\/security\/vulnerability-disclosure-policy\/","url":"https:\/\/www.criteo.com\/fr\/trust-center\/security\/vulnerability-disclosure-policy\/","name":"Politique de divulgation des vuln\u00e9rabilit\u00e9s | FR - Criteo.com","isPartOf":{"@id":"https:\/\/www.criteo.com\/fr\/#website"},"datePublished":"2023-07-11T12:35:49+00:00","dateModified":"2026-03-25T14:37:10+00:00","description":"Cette politique d\u00e9finit nos attentes en mati\u00e8re de divulgation responsable des vuln\u00e9rabilit\u00e9s et d\u00e9crit le processus mis en \u0153uvre pour y r\u00e9pondre.","breadcrumb":{"@id":"https:\/\/www.criteo.com\/fr\/trust-center\/security\/vulnerability-disclosure-policy\/#breadcrumb"},"inLanguage":"fr-FR","potentialAction":[{"@type":"ReadAction","target":["https:\/\/www.criteo.com\/fr\/trust-center\/security\/vulnerability-disclosure-policy\/"]}]},{"@type":"BreadcrumbList","@id":"https:\/\/www.criteo.com\/fr\/trust-center\/security\/vulnerability-disclosure-policy\/#breadcrumb","itemListElement":[{"@type":"ListItem","position":1,"name":"Home","item":"https:\/\/www.criteo.com\/fr\/"},{"@type":"ListItem","position":2,"name":"Trust Center","item":"https:\/\/www.criteo.com\/fr\/trust-center\/"},{"@type":"ListItem","position":3,"name":"S\u00e9curit\u00e9","item":"https:\/\/www.criteo.com\/fr\/trust-center\/security\/"},{"@type":"ListItem","position":4,"name":"Politique de divulgation des vuln\u00e9rabilit\u00e9s"}]},{"@type":"WebSite","@id":"https:\/\/www.criteo.com\/fr\/#website","url":"https:\/\/www.criteo.com\/fr\/","name":"FR - Criteo.com","description":"","publisher":{"@id":"https:\/\/www.criteo.com\/fr\/#organization"},"potentialAction":[{"@type":"SearchAction","target":{"@type":"EntryPoint","urlTemplate":"https:\/\/www.criteo.com\/fr\/?s={search_term_string}"},"query-input":{"@type":"PropertyValueSpecification","valueRequired":true,"valueName":"search_term_string"}}],"inLanguage":"fr-FR"},{"@type":"Organization","@id":"https:\/\/www.criteo.com\/fr\/#organization","name":"Criteo","alternateName":"Criteo corp","url":"https:\/\/www.criteo.com\/fr\/","logo":{"@type":"ImageObject","inLanguage":"fr-FR","@id":"https:\/\/www.criteo.com\/fr\/#\/schema\/logo\/image\/","url":"https:\/\/www.criteo.com\/fr\/wp-content\/uploads\/sites\/4\/2024\/02\/Criteo-Logo.svg","contentUrl":"https:\/\/www.criteo.com\/fr\/wp-content\/uploads\/sites\/4\/2024\/02\/Criteo-Logo.svg","width":118,"height":24,"caption":"Criteo"},"image":{"@id":"https:\/\/www.criteo.com\/fr\/#\/schema\/logo\/image\/"}}]}},"_links":{"self":[{"href":"https:\/\/www.criteo.com\/fr\/wp-json\/wp\/v2\/pages\/18822","targetHints":{"allow":["GET"]}}],"collection":[{"href":"https:\/\/www.criteo.com\/fr\/wp-json\/wp\/v2\/pages"}],"about":[{"href":"https:\/\/www.criteo.com\/fr\/wp-json\/wp\/v2\/types\/page"}],"author":[{"embeddable":true,"href":"https:\/\/www.criteo.com\/fr\/wp-json\/wp\/v2\/users\/159"}],"replies":[{"embeddable":true,"href":"https:\/\/www.criteo.com\/fr\/wp-json\/wp\/v2\/comments?post=18822"}],"version-history":[{"count":4,"href":"https:\/\/www.criteo.com\/fr\/wp-json\/wp\/v2\/pages\/18822\/revisions"}],"predecessor-version":[{"id":21175,"href":"https:\/\/www.criteo.com\/fr\/wp-json\/wp\/v2\/pages\/18822\/revisions\/21175"}],"up":[{"embeddable":true,"href":"https:\/\/www.criteo.com\/fr\/wp-json\/wp\/v2\/pages\/18819"}],"wp:attachment":[{"href":"https:\/\/www.criteo.com\/fr\/wp-json\/wp\/v2\/media?parent=18822"}],"wp:term":[{"taxonomy":"author","embeddable":true,"href":"https:\/\/www.criteo.com\/fr\/wp-json\/wp\/v2\/coauthors?post=18822"}],"curies":[{"name":"wp","href":"https:\/\/api.w.org\/{rel}","templated":true}]}}