{"id":19789,"date":"2024-07-30T15:19:00","date_gmt":"2024-07-30T15:19:00","guid":{"rendered":"https:\/\/www.criteo.com\/fr\/?page_id=19789"},"modified":"2025-11-05T09:13:03","modified_gmt":"2025-11-05T09:13:03","slug":"help-center","status":"publish","type":"page","link":"https:\/\/www.criteo.com\/fr\/help-center\/","title":{"rendered":"Help Center"},"content":{"rendered":"","protected":false},"excerpt":{"rendered":"","protected":false},"author":159,"featured_media":0,"parent":0,"menu_order":0,"comment_status":"closed","ping_status":"closed","template":"page-templates\/pageModular2020.php","meta":{"_acf_changed":false,"footnotes":""},"coauthors":[565],"class_list":["post-19789","page","type-page","status-publish"],"acf":{"track_page_in_segment":false,"segment_page_name":"","remove_header":false,"remove_footer":false,"add_password_protected_layout":false,"use_transparent_header":false,"use_transparent_header_dark_menus":false,"use_transparent_header_normal":true,"layouts":[{"acf_fc_layout":"hero_2023","hero_2023":{"section_customization":{"anchor_id":"","background_type":"none","background_color":{"color":"Sunrise"},"background_gradient":"","background_image":false,"background_image_position":"center-center","background_overlay":"none","use_custom_paddings":true,"custom_padding":{"desktop_top":"-74","desktop_bottom":"74","mobile_top":"-74","mobile_bottom":"74"},"use_custom_margins":true,"custom_margins":{"desktop_top_margin":"-74","desktop_bottom_margin":"","mobile_top_margin":"-74","mobile_bottom_margin":""}},"intro":{"intro":{"show_intro_block":true,"image_as_caption":false,"image":false,"caption":"Centre d'aide","caption_is_page_title":false,"title":"D\u00e9voilez votre potentiel <br \/>\r\net lib\u00e9rez l'expert en vous","title_size":"h4","description":"<p>Bienvenue sur la page d&rsquo;aide de Criteo. D\u00e9couvrez les derni\u00e8res informations sur nos solutions, explorez nos guides et trouvez toutes les astuces pour maximiser votre succ\u00e8s \u00e0 nos c\u00f4t\u00e9s.<\/p>\n","description_font_size":"default"}},"button":{"type":"internal","text":"","link_internal":"","link_media":false,"link_external":"","link_embed":"","link_email":"","email_subject":"","page_element_id":"","variant":"default","ai_variant":"gradient-border","icon":"none","ai_icon":"none","new_window":[],"track_button":false,"button_location":false,"event_type":false,"button_classes":"","button_message":""},"add_image":false,"image":false}},{"acf_fc_layout":"product_details","product_details":{"section_customization":{"anchor_id":"","background_type":"solid-color","background_color":{"color":"Charcoal"},"background_gradient":"","background_image":false,"background_image_position":"center-center","background_overlay":"none","use_custom_paddings":true,"custom_padding":{"desktop_top":"0","desktop_bottom":"0","mobile_top":"0","mobile_bottom":"0"},"use_custom_margins":true,"custom_margins":{"desktop_top_margin":"-40","desktop_bottom_margin":"","mobile_top_margin":"-40","mobile_bottom_margin":"40"}},"intro":{"intro":{"show_intro_block":false,"image_as_caption":false,"image":false,"caption":"","caption_is_page_title":false,"title":"","title_size":"h4","description":"","description_font_size":"default"}},"row_nums":"single","intro_inside_a_column":false,"switch_columns":true,"use_wider_layout":false,"use_wider_intro":false,"add_additional_boxes_below":true,"add_three_stats_above":false,"top_align_columns":false,"uo_list_style_discs":false,"":null,"stats":false,"media_type":"none","image":false,"background_wave":false,"video_iframe_url":"","icon":false,"subtitle":"","description":"","link_list":false,"stack_links":false,"block_links":false,"cta_button":{"type":"internal","text":"","link_internal":"","link_media":false,"link_external":"","link_embed":"","link_email":"","email_subject":"","page_element_id":"","variant":"default","ai_variant":"gradient-border","icon":"none","ai_icon":"none","new_window":[],"track_button":false,"button_location":false,"event_type":false,"button_classes":"","button_message":""},"product_detail_rows":false,"additional_boxes_subtitle":"Consultez nos centres d'aide","left_align_subtitle":true,"use_learn_more_button":true,"boxes":[{"icon":false,"title":"Commerce Growth","description":"Atteignez vos objectifs d'acquisition et de fid\u00e9lisation des clients gr\u00e2ce \u00e0 l'efficacit\u00e9 de la publicit\u00e9 automatis\u00e9e.","url":"https:\/\/help.criteo.com\/kb\/fr\/","custom_link_text":"Consultez le centre d'aide","open_in_new_tab":true},{"icon":false,"title":"Commerce Max","description":"D\u00e9couvrez l'efficacit\u00e9 du retail media gr\u00e2ce \u00e0 une plate-forme intuitive qui relie les marques, les agences et les retailers.","url":"https:\/\/help.retailmedia.criteo.com\/kb\/en","custom_link_text":"Consultez le centre d'aide [anglais]","open_in_new_tab":true},{"icon":false,"title":"Commerce Grid","description":"Tirer profit du Commerce Media pour maximiser le chiffre d'affaires des \u00e9diteurs, augmenter les r\u00e9sultats des annonceurs et aider les retailers \u00e0 trouver la valeur r\u00e9elle de leurs donn\u00e9es client.","url":"https:\/\/docs.commercegrid.criteo.com\/kb\/en","custom_link_text":"Consultez le centre d'aide [anglais]","open_in_new_tab":true},{"icon":false,"title":"Commerce Yield","description":"Lib\u00e9rez le v\u00e9ritable potentiel des annonces payantes gr\u00e2ce \u00e0 une solution de gestion des m\u00e9dias compl\u00e8te.","url":"https:\/\/help.cyield.criteo.com\/kb\/en\/","custom_link_text":"Consultez le centre d'aide [anglais]","open_in_new_tab":true}]}},{"acf_fc_layout":"solutions_slider_2023","solutions_slider_2023":{"intro":{"intro":{"show_intro_block":true,"image_as_caption":false,"image":false,"caption":"Nos guides","caption_is_page_title":false,"title":"Autres ressources utiles","title_size":"h4","description":"<p>Informations g\u00e9n\u00e9rales importantes \u00e0 conna\u00eetre, quelle que soit la solution Criteo que vous utilisez.<\/p>\n","description_font_size":"default"}},"white_intro_text":true,"solutions":[{"icon":false,"label":"Guide","title":"Criteo en quelques mots","description":"Votre guide ultime Criteo : devenez un expert capable de comprendre le comportement des consommateurs et de r\u00e9volutionner la publicit\u00e9 digitale gr\u00e2ce \u00e0 une technologie d'IA de pointe.","link":{"title":"D\u00e9couvrir","url":"https:\/\/help.criteo.com\/kb\/fr\/criteo-en-bref-327088","target":"_blank"}},{"icon":false,"label":"Guide","title":"Glossaire sur la publicit\u00e9","description":"D\u00e9couvrez le langage utilis\u00e9 dans la publicit\u00e9 gr\u00e2ce \u00e0 notre glossaire complet, cr\u00e9\u00e9 dans l'unique but de d\u00e9mystifier les termes de notre domaine et vous permettre d'acqu\u00e9rir les connaissances n\u00e9cessaires.","link":{"title":"En savoir plus","url":"https:\/\/help.criteo.com\/kb\/guide\/fr\/glossaire-de-la-publicite-yuS31DBK7l\/Steps\/2331986","target":"_blank"}},{"icon":false,"label":"Guide","title":"Adressabilit\u00e9","description":"Le monde de la publicit\u00e9 en ligne est en pleine transformation. Criteo est \u00e0 la pointe de ce changement. Apprenez-en davantage sur le test de la Privacy Sandbox de Google.","link":{"title":"En savoir plus","url":"https:\/\/help.criteo.com\/kb\/guide\/fr\/tests-de-la-privacy-sandbox-de-google-BLy9M6OqK8\/Steps\/2934160","target":"_blank"}},{"icon":false,"label":"Guide","title":"KPI : c'est quoi ?","description":"Naviguer dans le monde du marketing peut s'av\u00e9rer p\u00e9rilleux, surtout lorsqu'il s'agit de mesurer le succ\u00e8s de vos campagnes. D\u00e9couvrez comment prendre des d\u00e9cisions bas\u00e9es sur les donn\u00e9es pour am\u00e9liorer vos strat\u00e9gies de campagne.","link":{"title":"En savoir plus","url":"https:\/\/help.criteo.com\/kb\/guide\/fr\/quest-ce-quun-kpi-comment-determiner-le-bon-objectif-pour-votre-entreprise-QTwbp9DhX0\/Steps\/775720","target":"_blank"}},{"icon":false,"label":"Guide","title":"O\u00f9 mes annonces apparaitront-elles ?","description":"Gr\u00e2ce \u00e0 Criteo, ayez acc\u00e8s \u00e0 2 milliards de consommateurs et explorez notre vaste r\u00e9seau compos\u00e9 de plus de 19 000 \u00e9diteurs. Apprenez-en davantage sur la mani\u00e8re dont vous pouvez vous rapprocher de vos clients.","link":{"title":"En savoir plus","url":"https:\/\/help.criteo.com\/kb\/fr\/confidentialite-et-securite-105042","target":"_blank"}}],"customer_story":{"logo":false,"stat_number":"","stat_description":"","button":{"type":"internal","text":"","link_internal":"","link_media":false,"link_external":"","link_embed":"","link_email":"","email_subject":"","page_element_id":"","variant":"default","ai_variant":"gradient-border","icon":"none","ai_icon":"none","new_window":[],"track_button":false,"button_location":false,"event_type":false,"button_classes":"","button_message":""},"quote":"","quote_author":"","quote_author_title":""}}}],"additional_code":"","bevel":"peach-grapes","bevel_reversed":false,"side_text":"","remove_from_internal_search":false,"strip_the_header":false,"override_buttons":false,"background_color_modular":"white"},"yoast_head":"<!-- This site is optimized with the Yoast SEO plugin v26.4 - https:\/\/yoast.com\/wordpress\/plugins\/seo\/ -->\n<title>Centre d&#039;aide | FR - Criteo.com<\/title>\n<meta name=\"description\" content=\"Bienvenue sur la page d&#039;aide de Criteo. D\u00e9couvrez les derni\u00e8res informations sur nos solutions, explorez nos guides et trouvez toutes les astuces pour maximiser votre succ\u00e8s \u00e0 nos c\u00f4t\u00e9s.\" \/>\n<meta name=\"robots\" content=\"index, follow, max-snippet:-1, max-image-preview:large, max-video-preview:-1\" \/>\n<link rel=\"canonical\" href=\"https:\/\/www.criteo.com\/fr\/help-center\/\" \/>\n<meta property=\"og:locale\" content=\"fr_FR\" \/>\n<meta property=\"og:type\" content=\"article\" \/>\n<meta property=\"og:title\" content=\"Centre d&#039;aide | FR - Criteo.com\" \/>\n<meta property=\"og:description\" content=\"Bienvenue sur la page d&#039;aide de Criteo. D\u00e9couvrez les derni\u00e8res informations sur nos solutions, explorez nos guides et trouvez toutes les astuces pour maximiser votre succ\u00e8s \u00e0 nos c\u00f4t\u00e9s.\" \/>\n<meta property=\"og:url\" content=\"https:\/\/www.criteo.com\/fr\/help-center\/\" \/>\n<meta property=\"og:site_name\" content=\"FR - Criteo.com\" \/>\n<meta property=\"article:modified_time\" content=\"2025-11-05T09:13:03+00:00\" \/>\n<meta name=\"twitter:card\" content=\"summary_large_image\" \/>\n<script type=\"application\/ld+json\" class=\"yoast-schema-graph\">{\n\t    \"@context\": \"https:\/\/schema.org\",\n\t    \"@graph\": [\n\t        {\n\t            \"@type\": \"WebPage\",\n\t            \"@id\": \"https:\/\/www.criteo.com\/fr\/help-center\/\",\n\t            \"url\": \"https:\/\/www.criteo.com\/fr\/help-center\/\",\n\t            \"name\": \"Centre d'aide | FR - Criteo.com\",\n\t            \"isPartOf\": {\n\t                \"@id\": \"https:\/\/www.criteo.com\/fr\/#website\"\n\t            },\n\t            \"datePublished\": \"2024-07-30T15:19:00+00:00\",\n\t            \"dateModified\": \"2025-11-05T09:13:03+00:00\",\n\t            \"description\": \"Bienvenue sur la page d'aide de Criteo. D\u00e9couvrez les derni\u00e8res informations sur nos solutions, explorez nos guides et trouvez toutes les astuces pour maximiser votre succ\u00e8s \u00e0 nos c\u00f4t\u00e9s.\",\n\t            \"breadcrumb\": {\n\t                \"@id\": \"https:\/\/www.criteo.com\/fr\/help-center\/#breadcrumb\"\n\t            },\n\t            \"inLanguage\": \"fr-FR\",\n\t            \"potentialAction\": [\n\t                {\n\t                    \"@type\": \"ReadAction\",\n\t                    \"target\": [\n\t                        \"https:\/\/www.criteo.com\/fr\/help-center\/\"\n\t                    ]\n\t                }\n\t            ]\n\t        },\n\t        {\n\t            \"@type\": \"BreadcrumbList\",\n\t            \"@id\": \"https:\/\/www.criteo.com\/fr\/help-center\/#breadcrumb\",\n\t            \"itemListElement\": [\n\t                {\n\t                    \"@type\": \"ListItem\",\n\t                    \"position\": 1,\n\t                    \"name\": \"Home\",\n\t                    \"item\": \"https:\/\/www.criteo.com\/fr\/\"\n\t                },\n\t                {\n\t                    \"@type\": \"ListItem\",\n\t                    \"position\": 2,\n\t                    \"name\": \"Help Center\"\n\t                }\n\t            ]\n\t        },\n\t        {\n\t            \"@type\": \"WebSite\",\n\t            \"@id\": \"https:\/\/www.criteo.com\/fr\/#website\",\n\t            \"url\": \"https:\/\/www.criteo.com\/fr\/\",\n\t            \"name\": \"FR - Criteo.com\",\n\t            \"description\": \"\",\n\t            \"publisher\": {\n\t                \"@id\": \"https:\/\/www.criteo.com\/fr\/#organization\"\n\t            },\n\t            \"potentialAction\": [\n\t                {\n\t                    \"@type\": \"SearchAction\",\n\t                    \"target\": {\n\t                        \"@type\": \"EntryPoint\",\n\t                        \"urlTemplate\": \"https:\/\/www.criteo.com\/fr\/?s={search_term_string}\"\n\t                    },\n\t                    \"query-input\": {\n\t                        \"@type\": \"PropertyValueSpecification\",\n\t                        \"valueRequired\": true,\n\t                        \"valueName\": \"search_term_string\"\n\t                    }\n\t                }\n\t            ],\n\t            \"inLanguage\": \"fr-FR\"\n\t        },\n\t        {\n\t            \"@type\": \"Organization\",\n\t            \"@id\": \"https:\/\/www.criteo.com\/fr\/#organization\",\n\t            \"name\": \"Criteo\",\n\t            \"alternateName\": \"Criteo corp\",\n\t            \"url\": \"https:\/\/www.criteo.com\/fr\/\",\n\t            \"logo\": {\n\t                \"@type\": \"ImageObject\",\n\t                \"inLanguage\": \"fr-FR\",\n\t                \"@id\": \"https:\/\/www.criteo.com\/fr\/#\/schema\/logo\/image\/\",\n\t                \"url\": \"https:\/\/www.criteo.com\/fr\/wp-content\/uploads\/sites\/4\/2024\/02\/Criteo-Logo.svg\",\n\t                \"contentUrl\": \"https:\/\/www.criteo.com\/fr\/wp-content\/uploads\/sites\/4\/2024\/02\/Criteo-Logo.svg\",\n\t                \"width\": 118,\n\t                \"height\": 24,\n\t                \"caption\": \"Criteo\"\n\t            },\n\t            \"image\": {\n\t                \"@id\": \"https:\/\/www.criteo.com\/fr\/#\/schema\/logo\/image\/\"\n\t            }\n\t        }\n\t    ]\n\t}<\/script>\n<!-- \/ Yoast SEO plugin. -->","yoast_head_json":{"title":"Centre d'aide | FR - Criteo.com","description":"Bienvenue sur la page d'aide de Criteo. D\u00e9couvrez les derni\u00e8res informations sur nos solutions, explorez nos guides et trouvez toutes les astuces pour maximiser votre succ\u00e8s \u00e0 nos c\u00f4t\u00e9s.","robots":{"index":"index","follow":"follow","max-snippet":"max-snippet:-1","max-image-preview":"max-image-preview:large","max-video-preview":"max-video-preview:-1"},"canonical":"https:\/\/www.criteo.com\/fr\/help-center\/","og_locale":"fr_FR","og_type":"article","og_title":"Centre d'aide | FR - Criteo.com","og_description":"Bienvenue sur la page d'aide de Criteo. D\u00e9couvrez les derni\u00e8res informations sur nos solutions, explorez nos guides et trouvez toutes les astuces pour maximiser votre succ\u00e8s \u00e0 nos c\u00f4t\u00e9s.","og_url":"https:\/\/www.criteo.com\/fr\/help-center\/","og_site_name":"FR - Criteo.com","article_modified_time":"2025-11-05T09:13:03+00:00","twitter_card":"summary_large_image","schema":{"@context":"https:\/\/schema.org","@graph":[{"@type":"WebPage","@id":"https:\/\/www.criteo.com\/fr\/help-center\/","url":"https:\/\/www.criteo.com\/fr\/help-center\/","name":"Centre d'aide | FR - Criteo.com","isPartOf":{"@id":"https:\/\/www.criteo.com\/fr\/#website"},"datePublished":"2024-07-30T15:19:00+00:00","dateModified":"2025-11-05T09:13:03+00:00","description":"Bienvenue sur la page d'aide de Criteo. D\u00e9couvrez les derni\u00e8res informations sur nos solutions, explorez nos guides et trouvez toutes les astuces pour maximiser votre succ\u00e8s \u00e0 nos c\u00f4t\u00e9s.","breadcrumb":{"@id":"https:\/\/www.criteo.com\/fr\/help-center\/#breadcrumb"},"inLanguage":"fr-FR","potentialAction":[{"@type":"ReadAction","target":["https:\/\/www.criteo.com\/fr\/help-center\/"]}]},{"@type":"BreadcrumbList","@id":"https:\/\/www.criteo.com\/fr\/help-center\/#breadcrumb","itemListElement":[{"@type":"ListItem","position":1,"name":"Home","item":"https:\/\/www.criteo.com\/fr\/"},{"@type":"ListItem","position":2,"name":"Help Center"}]},{"@type":"WebSite","@id":"https:\/\/www.criteo.com\/fr\/#website","url":"https:\/\/www.criteo.com\/fr\/","name":"FR - Criteo.com","description":"","publisher":{"@id":"https:\/\/www.criteo.com\/fr\/#organization"},"potentialAction":[{"@type":"SearchAction","target":{"@type":"EntryPoint","urlTemplate":"https:\/\/www.criteo.com\/fr\/?s={search_term_string}"},"query-input":{"@type":"PropertyValueSpecification","valueRequired":true,"valueName":"search_term_string"}}],"inLanguage":"fr-FR"},{"@type":"Organization","@id":"https:\/\/www.criteo.com\/fr\/#organization","name":"Criteo","alternateName":"Criteo corp","url":"https:\/\/www.criteo.com\/fr\/","logo":{"@type":"ImageObject","inLanguage":"fr-FR","@id":"https:\/\/www.criteo.com\/fr\/#\/schema\/logo\/image\/","url":"https:\/\/www.criteo.com\/fr\/wp-content\/uploads\/sites\/4\/2024\/02\/Criteo-Logo.svg","contentUrl":"https:\/\/www.criteo.com\/fr\/wp-content\/uploads\/sites\/4\/2024\/02\/Criteo-Logo.svg","width":118,"height":24,"caption":"Criteo"},"image":{"@id":"https:\/\/www.criteo.com\/fr\/#\/schema\/logo\/image\/"}}]}},"_links":{"self":[{"href":"https:\/\/www.criteo.com\/fr\/wp-json\/wp\/v2\/pages\/19789","targetHints":{"allow":["GET"]}}],"collection":[{"href":"https:\/\/www.criteo.com\/fr\/wp-json\/wp\/v2\/pages"}],"about":[{"href":"https:\/\/www.criteo.com\/fr\/wp-json\/wp\/v2\/types\/page"}],"author":[{"embeddable":true,"href":"https:\/\/www.criteo.com\/fr\/wp-json\/wp\/v2\/users\/159"}],"replies":[{"embeddable":true,"href":"https:\/\/www.criteo.com\/fr\/wp-json\/wp\/v2\/comments?post=19789"}],"version-history":[{"count":10,"href":"https:\/\/www.criteo.com\/fr\/wp-json\/wp\/v2\/pages\/19789\/revisions"}],"predecessor-version":[{"id":20770,"href":"https:\/\/www.criteo.com\/fr\/wp-json\/wp\/v2\/pages\/19789\/revisions\/20770"}],"wp:attachment":[{"href":"https:\/\/www.criteo.com\/fr\/wp-json\/wp\/v2\/media?parent=19789"}],"wp:term":[{"taxonomy":"author","embeddable":true,"href":"https:\/\/www.criteo.com\/fr\/wp-json\/wp\/v2\/coauthors?post=19789"}],"curies":[{"name":"wp","href":"https:\/\/api.w.org\/{rel}","templated":true}]}}