{"id":21150,"date":"2026-03-25T10:01:20","date_gmt":"2026-03-25T10:01:20","guid":{"rendered":"https:\/\/www.criteo.com\/?page_id=415892"},"modified":"2026-03-25T17:00:54","modified_gmt":"2026-03-25T17:00:54","slug":"trust-center","status":"publish","type":"page","link":"https:\/\/www.criteo.com\/fr\/trust-center\/","title":{"rendered":"Trust Center"},"content":{"rendered":"","protected":false},"excerpt":{"rendered":"","protected":false},"author":9,"featured_media":0,"parent":0,"menu_order":0,"comment_status":"closed","ping_status":"closed","template":"page-templates\/pageModular2020.php","meta":{"_acf_changed":false,"footnotes":""},"coauthors":[556],"class_list":["post-21150","page","type-page","status-publish"],"acf":{"track_page_in_segment":false,"segment_page_name":"","additional_code":"","use_transparent_header":true,"use_transparent_header_dark_menus":false,"use_transparent_header_normal":false,"background_color_modular":"neutral gray","layouts":[{"acf_fc_layout":"customer_segments_hero_2025","customer_segments_hero_2025":{"caption":"TRUST CENTER","title_subtitle":"<h1>Ayez confiance en chaque connexion<\/h1>\n<p>D\u00e9couvrez comment nous instaurons la confiance gr\u00e2ce \u00e0 notre int\u00e9grit\u00e9 et \u00e0 nos normes rigoureuses en mati\u00e8re d&rsquo;\u00e9thique, de confidentialit\u00e9, de s\u00e9curit\u00e9 et de s\u00fbret\u00e9.<\/p>\n","logos_title":"","logos":false,"hero_right_image":{"ID":21151,"id":21151,"title":"Trust-Center_Hero_v4","filename":"Trust-Center_Hero_v4.png","filesize":214263,"url":"https:\/\/www.criteo.com\/fr\/wp-content\/uploads\/sites\/4\/2026\/03\/Trust-Center_Hero_v4.png","link":"https:\/\/www.criteo.com\/fr\/trust-center\/trust-center_hero_v4\/","alt":"","author":"9","description":"","caption":"","name":"trust-center_hero_v4","status":"inherit","uploaded_to":21150,"date":"2026-03-25 13:45:23","modified":"2026-03-25 13:58:39","menu_order":0,"mime_type":"image\/png","type":"image","subtype":"png","icon":"https:\/\/www.criteo.com\/fr\/wp-includes\/images\/media\/default.png","width":1087,"height":759,"sizes":{"thumbnail":"https:\/\/www.criteo.com\/fr\/wp-content\/uploads\/sites\/4\/2026\/03\/Trust-Center_Hero_v4-150x150.png","thumbnail-width":150,"thumbnail-height":150,"medium":"https:\/\/www.criteo.com\/fr\/wp-content\/uploads\/sites\/4\/2026\/03\/Trust-Center_Hero_v4-300x209.png","medium-width":300,"medium-height":209,"medium_large":"https:\/\/www.criteo.com\/fr\/wp-content\/uploads\/sites\/4\/2026\/03\/Trust-Center_Hero_v4-768x536.png","medium_large-width":640,"medium_large-height":447,"large":"https:\/\/www.criteo.com\/fr\/wp-content\/uploads\/sites\/4\/2026\/03\/Trust-Center_Hero_v4-1024x715.png","large-width":640,"large-height":447,"1536x1536":"https:\/\/www.criteo.com\/fr\/wp-content\/uploads\/sites\/4\/2026\/03\/Trust-Center_Hero_v4.png","1536x1536-width":1087,"1536x1536-height":759,"2048x2048":"https:\/\/www.criteo.com\/fr\/wp-content\/uploads\/sites\/4\/2026\/03\/Trust-Center_Hero_v4.png","2048x2048-width":1087,"2048x2048-height":759,"success-story":"https:\/\/www.criteo.com\/fr\/wp-content\/uploads\/sites\/4\/2026\/03\/Trust-Center_Hero_v4-630x440.png","success-story-width":630,"success-story-height":440,"profile_24":"https:\/\/www.criteo.com\/fr\/wp-content\/uploads\/sites\/4\/2026\/03\/Trust-Center_Hero_v4-24x24.png","profile_24-width":24,"profile_24-height":24,"profile_48":"https:\/\/www.criteo.com\/fr\/wp-content\/uploads\/sites\/4\/2026\/03\/Trust-Center_Hero_v4-48x48.png","profile_48-width":48,"profile_48-height":48,"profile_96":"https:\/\/www.criteo.com\/fr\/wp-content\/uploads\/sites\/4\/2026\/03\/Trust-Center_Hero_v4-96x96.png","profile_96-width":96,"profile_96-height":96,"profile_150":"https:\/\/www.criteo.com\/fr\/wp-content\/uploads\/sites\/4\/2026\/03\/Trust-Center_Hero_v4-150x150.png","profile_150-width":150,"profile_150-height":150,"profile_300":"https:\/\/www.criteo.com\/fr\/wp-content\/uploads\/sites\/4\/2026\/03\/Trust-Center_Hero_v4-300x300.png","profile_300-width":300,"profile_300-height":300}},"background_gradient":"C-growth","cta_button":{"type":"internal","text":"","link_internal":"","link_media":false,"link_external":"","link_embed":"","link_email":"","email_subject":"","page_element_id":"","variant":"default","ai_variant":"gradient-border","icon":"none","ai_icon":"none","new_window":[],"track_button":false,"button_location":false,"event_type":false,"button_classes":"","button_message":""},"additional_buttons":false}},{"acf_fc_layout":"awards_2025","awards_2025":{"title":"Un \u00e9cosyst\u00e8me publicitaire fond\u00e9 sur la confiance","subtitle":"Nous nous engageons \u00e0 prot\u00e9ger les utilisateurs, les partenaires et les donn\u00e9es, et \u00e0 rendre la publicit\u00e9 digitale transparente et responsable pour tous.","awards":false,"text_blocks":[{"text_block":"<h5 class=\"info-boxes-2025-card-title\">Confiance et s\u00e9curit\u00e9 publicitaire<\/h5>\n<p>Nous garantissons un \u00e9cosyst\u00e8me publicitaire fiable et s\u00fbr gr\u00e2ce \u00e0 nos mesures de protection rigoureuses pour les marques, les consommateurs et les propri\u00e9taires de m\u00e9dias, \u00e0 notre intelligence artificielle avanc\u00e9e et \u00e0 nos partenariats internationaux solides. Nous investissons en permanence pour prot\u00e9ger les int\u00e9r\u00eats de nos clients et favoriser un engagement s\u00fbr et significatif \u00e0 grande \u00e9chelle.<\/p>\n","bulletts":false,"stats":false,"cta_button":{"type":"internal","text":"En savoir plus","link_internal":"https:\/\/www.criteo.com\/fr\/trust-center\/ad-trust-and-safety\/","link_media":false,"link_external":"","link_embed":"","link_email":"","email_subject":"","page_element_id":"","variant":"light_purple_stroke","ai_variant":"gradient-border","icon":"arrow-right","ai_icon":"none","new_window":[],"track_button":false,"button_location":false,"event_type":false,"button_classes":"","button_message":""}},{"text_block":"<h5>Confidentialit\u00e9<\/h5>\n<p>Nous sommes convaincus que faire de la protection de la vie priv\u00e9e une priorit\u00e9 b\u00e9n\u00e9ficie \u00e0 nos clients, \u00e0 nos partenaires ainsi qu\u2019aux utilisateurs qu\u2019ils accompagnent. Au-del\u00e0 du respect des lois et r\u00e9glementations en vigueur dans les pays o\u00f9 nous op\u00e9rons, notamment le R\u00e8glement g\u00e9n\u00e9ral sur la protection des donn\u00e9es (RGPD) et le California Consumer Privacy Act (CCPA), nous appliquons \u00e9galement les standards et les meilleures pratiques du secteur afin de garantir la confidentialit\u00e9 des utilisateurs.<\/p>\n","bulletts":false,"stats":false,"cta_button":{"type":"internal","text":"En savoir plus","link_internal":"https:\/\/www.criteo.com\/fr\/trust-center\/","link_media":false,"link_external":"","link_embed":"","link_email":"","email_subject":"","page_element_id":"","variant":"light_purple_stroke","ai_variant":"gradient-border","icon":"thin-arrow-right","ai_icon":"none","new_window":[],"track_button":false,"button_location":false,"event_type":false,"button_classes":"","button_message":""}},{"text_block":"<h5>S\u00e9curit\u00e9<\/h5>\n<p>Nous utilisons des technologies et des processus \u00e9prouv\u00e9s pour prot\u00e9ger les donn\u00e9es des utilisateurs contre tout acc\u00e8s non autoris\u00e9, toute perte ou utilisation abusive. Notre \u00e9quipe de s\u00e9curit\u00e9 surveille en permanence nos dispositifs et les am\u00e9liore continuellement afin d\u2019anticiper les menaces \u00e9mergentes, garantissant ainsi la s\u00e9curit\u00e9 des donn\u00e9es de nos clients, partenaires et utilisateurs, ainsi que la r\u00e9silience de nos syst\u00e8mes.&amp;nbsp<br \/>\n<img loading=\"lazy\" decoding=\"async\" class=\"alignnone wp-image-417526\" src=\"https:\/\/www.criteo.com\/wp-content\/uploads\/2026\/02\/soc-2-certification.png\" alt=\"\" width=\"150\" height=\"150\" \/><\/p>\n","bulletts":false,"stats":false,"cta_button":{"type":"internal","text":"En savoir plus","link_internal":"https:\/\/www.criteo.com\/fr\/trust-center\/security\/","link_media":false,"link_external":"","link_embed":"","link_email":"","email_subject":"","page_element_id":"","variant":"light_purple_stroke","ai_variant":"gradient-border","icon":"none","ai_icon":"none","new_window":[],"track_button":false,"button_location":false,"event_type":false,"button_classes":"","button_message":""}},{"text_block":"<h5>Int\u00e9grit\u00e9 commerciale<\/h5>\n<p>L&rsquo;int\u00e9grit\u00e9 guide notre fa\u00e7on de mener nos activit\u00e9s au quotidien. Nous nous engageons \u00e0 mener nos op\u00e9rations de mani\u00e8re \u00e9thique, transparente et conforme \u00e0 toutes les lois et r\u00e9glementations applicables. En agissant avec honn\u00eatet\u00e9 et responsabilit\u00e9, nous visons \u00e0 renforcer la confiance que nos clients, nos partenaires et nos collaborateurs nous accordent.<\/p>\n","bulletts":false,"stats":false,"cta_button":{"type":"internal","text":"En savoir plus","link_internal":"https:\/\/www.criteo.com\/fr\/trust-center\/business-integrity\/","link_media":false,"link_external":"https:\/\/www.criteo.com\/business-integrity\/","link_embed":"","link_email":"","email_subject":"","page_element_id":"","variant":"light_purple_stroke","ai_variant":"gradient-border","icon":"none","ai_icon":"none","new_window":[],"track_button":false,"button_location":false,"event_type":false,"button_classes":"","button_message":""}}]}},{"acf_fc_layout":"cta_block_2025","cta_block_2025":{"style":"v5","color_scheme":"dark_blue","color_scheme_2":"light_blue","subtitle":"<h4 style=\"text-align: center;\">Comit\u00e9 d\u2019\u00e9thique des produits<\/h4>\n<p style=\"text-align: center;\">Notre comit\u00e9 d&rsquo;\u00e9thique des produits (PEC) veille \u00e0 ce que nos produits publicitaires bas\u00e9s sur l&rsquo;IA soient d\u00e9velopp\u00e9s et exploit\u00e9s dans le respect des principes d&rsquo;\u00e9quit\u00e9, de transparence et de responsabilit\u00e9. Compos\u00e9 d&rsquo;experts issus des \u00e9quipes Produit, R&amp;D, Juridique et Commercial, le PEC contribue \u00e0 faire respecter les normes \u00e9thiques de Criteo tout au long du processus de conception et d&rsquo;innovation des produits.<\/p>\n","link":{"title":"En savoir plus","url":"https:\/\/www.criteo.com\/fr\/trust-center\/product-ethics\/","target":""}}},{"acf_fc_layout":"three_boxes_2025","three_boxes_2025":{"intro":{"intro":{"show_intro_block":true,"image_as_caption":false,"image":false,"caption":"RESSOURCES SUPPL\u00c9MENTAIRES","caption_is_page_title":false,"title":"Parcourir","title_size":"h4","description":"<p>Acc\u00e9dez \u00e0 nos documents de gouvernance, d\u00e9couvrez nos certifications et bien plus ci-dessous.<\/p>\n","description_font_size":"default"}},"button_on_hover":false,"boxes":[{"type":"MISE \u00c0 JOUR","title":"Certifications TAG","description":"Criteo \u00e9tend ses certifications TAG pour garantir une publicit\u00e9 digitale plus s\u00fbre","link":{"title":"En savoir plus [en anglais]","url":"https:\/\/www.criteo.com\/blog\/criteo-expands-its-tag-certifications\/","target":""}},{"type":"RESSOURCES","title":"Charte publicitaire de Criteo","description":"En vue de garantir la fiabilit\u00e9 de l\u2019\u00e9cosyst\u00e8me publicitaire, Criteo exige le plus haut niveau de d\u00e9ontologie de ses partenaires publicitaires.","link":{"title":"En savoir plus","url":"https:\/\/www.criteo.com\/advertising-guidelines\/","target":""}},{"type":"GOUVERNANCE","title":"Gouvernance et code de conduite","description":"Les politiques et directives suivies par notre conseil d'administration et notre entreprise.","link":{"title":"T\u00e9l\u00e9charger [en anglais]","url":"https:\/\/criteo.investorroom.com\/download\/Criteo+Code+of+Business+Conduct+and+Ethics_Branding+version+29+July+2022.pdf","target":"_blank"}}],"additional_note":"","additional_link":""}},{"acf_fc_layout":"faq_2025","faq_2025":{"caption":"FAQ","title":"Vous avez des questions ? Nous sommes l\u00e0 pour y r\u00e9pondre.","faqs":[{"faq_title":"Comment Criteo garantit-il la confidentialit\u00e9 des donn\u00e9es ?","faq_content":"<p>Criteo utilise des principes de privacy-by-design, la pseudonymisation des donn\u00e9es et offre aux consommateurs le contr\u00f4le de leurs donn\u00e9es gr\u00e2ce aux options de d\u00e9sabonnement et aux mesures de transparence.<\/p>\n"},{"faq_title":"Quelles sont les principales pratiques de Criteo en mati\u00e8re de confidentialit\u00e9 ?","faq_content":"<p>Criteo ne collecte pas d&rsquo;informations personnelles identifiables (PII), utilise des identifiants hach\u00e9s, respecte les choix des utilisateurs et se conforme aux r\u00e9glementations en mati\u00e8re de protection des donn\u00e9es telles que le RGPD et le CCPA.<\/p>\n"},{"faq_title":"Criteo respecte-t-il les lois internationales en mati\u00e8re de protection des donn\u00e9es ?","faq_content":"<p>Oui, Criteo se conforme aux r\u00e9glementations telles que le RGPD (UE), le CCPA (Californie) et d&rsquo;autres lois r\u00e9gionales sur la confidentialit\u00e9 des donn\u00e9es, et travaille en \u00e9troite collaboration avec les r\u00e9gulateurs et les \u00e9quipes juridiques afin de rester \u00e0 jour.<\/p>\n"},{"faq_title":"Quelles options les utilisateurs ont-ils pour contr\u00f4ler leurs donn\u00e9es avec Criteo ?","faq_content":"<p>Les utilisateurs peuvent d\u00e9sactiver la publicit\u00e9 Criteo, acc\u00e9der aux param\u00e8tres de confidentialit\u00e9 et d\u00e9couvrir comment leurs donn\u00e9es sont utilis\u00e9es via des portails clairs consacr\u00e9s aux droits des consommateurs.<\/p>\n"},{"faq_title":"Comment Criteo favorise-t-il la transparence ?","faq_content":"<p>Criteo fournit une documentation claire, des ressources destin\u00e9es aux consommateurs et des points de contact directs afin de garantir que les utilisateurs et les partenaires comprennent ses pratiques en mati\u00e8re de donn\u00e9es.<\/p>\n"}]}}],"remove_header":false,"remove_footer":false,"add_password_protected_layout":false,"remove_from_internal_search":false,"strip_the_header":false,"override_buttons":false,"enable_slide-in":false},"yoast_head":"<!-- This site is optimized with the Yoast SEO plugin v26.4 - https:\/\/yoast.com\/wordpress\/plugins\/seo\/ -->\n<title>Trust Center | FR - Criteo.com<\/title>\n<meta name=\"description\" content=\"Nos pratiques en mati\u00e8re d&#039;\u00e9thique publicitaire, de confidentialit\u00e9, de s\u00e9curit\u00e9 et d&#039;int\u00e9grit\u00e9 commerciale.\" \/>\n<meta name=\"robots\" content=\"index, follow, max-snippet:-1, max-image-preview:large, max-video-preview:-1\" \/>\n<link rel=\"canonical\" href=\"https:\/\/www.criteo.com\/fr\/trust-center\/\" \/>\n<meta property=\"og:locale\" content=\"fr_FR\" \/>\n<meta property=\"og:type\" content=\"article\" \/>\n<meta property=\"og:title\" content=\"Trust Center | FR - Criteo.com\" \/>\n<meta property=\"og:description\" content=\"Nos pratiques en mati\u00e8re d&#039;\u00e9thique publicitaire, de confidentialit\u00e9, de s\u00e9curit\u00e9 et d&#039;int\u00e9grit\u00e9 commerciale.\" \/>\n<meta property=\"og:url\" content=\"https:\/\/www.criteo.com\/fr\/trust-center\/\" \/>\n<meta property=\"og:site_name\" content=\"FR - Criteo.com\" \/>\n<meta property=\"article:modified_time\" content=\"2026-03-25T17:00:54+00:00\" \/>\n<meta name=\"twitter:card\" content=\"summary_large_image\" \/>\n<script type=\"application\/ld+json\" class=\"yoast-schema-graph\">{\n\t    \"@context\": \"https:\/\/schema.org\",\n\t    \"@graph\": [\n\t        {\n\t            \"@type\": \"WebPage\",\n\t            \"@id\": \"https:\/\/www.criteo.com\/fr\/trust-center\/\",\n\t            \"url\": \"https:\/\/www.criteo.com\/fr\/trust-center\/\",\n\t            \"name\": \"Trust Center | FR - Criteo.com\",\n\t            \"isPartOf\": {\n\t                \"@id\": \"https:\/\/www.criteo.com\/fr\/#website\"\n\t            },\n\t            \"datePublished\": \"2026-03-25T10:01:20+00:00\",\n\t            \"dateModified\": \"2026-03-25T17:00:54+00:00\",\n\t            \"description\": \"Nos pratiques en mati\u00e8re d'\u00e9thique publicitaire, de confidentialit\u00e9, de s\u00e9curit\u00e9 et d'int\u00e9grit\u00e9 commerciale.\",\n\t            \"breadcrumb\": {\n\t                \"@id\": \"https:\/\/www.criteo.com\/fr\/trust-center\/#breadcrumb\"\n\t            },\n\t            \"inLanguage\": \"fr-FR\",\n\t            \"potentialAction\": [\n\t                {\n\t                    \"@type\": \"ReadAction\",\n\t                    \"target\": [\n\t                        \"https:\/\/www.criteo.com\/fr\/trust-center\/\"\n\t                    ]\n\t                }\n\t            ]\n\t        },\n\t        {\n\t            \"@type\": \"BreadcrumbList\",\n\t            \"@id\": \"https:\/\/www.criteo.com\/fr\/trust-center\/#breadcrumb\",\n\t            \"itemListElement\": [\n\t                {\n\t                    \"@type\": \"ListItem\",\n\t                    \"position\": 1,\n\t                    \"name\": \"Home\",\n\t                    \"item\": \"https:\/\/www.criteo.com\/fr\/\"\n\t                },\n\t                {\n\t                    \"@type\": \"ListItem\",\n\t                    \"position\": 2,\n\t                    \"name\": \"Trust Center\"\n\t                }\n\t            ]\n\t        },\n\t        {\n\t            \"@type\": \"WebSite\",\n\t            \"@id\": \"https:\/\/www.criteo.com\/fr\/#website\",\n\t            \"url\": \"https:\/\/www.criteo.com\/fr\/\",\n\t            \"name\": \"FR - Criteo.com\",\n\t            \"description\": \"\",\n\t            \"publisher\": {\n\t                \"@id\": \"https:\/\/www.criteo.com\/fr\/#organization\"\n\t            },\n\t            \"potentialAction\": [\n\t                {\n\t                    \"@type\": \"SearchAction\",\n\t                    \"target\": {\n\t                        \"@type\": \"EntryPoint\",\n\t                        \"urlTemplate\": \"https:\/\/www.criteo.com\/fr\/?s={search_term_string}\"\n\t                    },\n\t                    \"query-input\": {\n\t                        \"@type\": \"PropertyValueSpecification\",\n\t                        \"valueRequired\": true,\n\t                        \"valueName\": \"search_term_string\"\n\t                    }\n\t                }\n\t            ],\n\t            \"inLanguage\": \"fr-FR\"\n\t        },\n\t        {\n\t            \"@type\": \"Organization\",\n\t            \"@id\": \"https:\/\/www.criteo.com\/fr\/#organization\",\n\t            \"name\": \"Criteo\",\n\t            \"alternateName\": \"Criteo corp\",\n\t            \"url\": \"https:\/\/www.criteo.com\/fr\/\",\n\t            \"logo\": {\n\t                \"@type\": \"ImageObject\",\n\t                \"inLanguage\": \"fr-FR\",\n\t                \"@id\": \"https:\/\/www.criteo.com\/fr\/#\/schema\/logo\/image\/\",\n\t                \"url\": \"https:\/\/www.criteo.com\/fr\/wp-content\/uploads\/sites\/4\/2024\/02\/Criteo-Logo.svg\",\n\t                \"contentUrl\": \"https:\/\/www.criteo.com\/fr\/wp-content\/uploads\/sites\/4\/2024\/02\/Criteo-Logo.svg\",\n\t                \"width\": 118,\n\t                \"height\": 24,\n\t                \"caption\": \"Criteo\"\n\t            },\n\t            \"image\": {\n\t                \"@id\": \"https:\/\/www.criteo.com\/fr\/#\/schema\/logo\/image\/\"\n\t            }\n\t        }\n\t    ]\n\t}<\/script>\n<!-- \/ Yoast SEO plugin. -->","yoast_head_json":{"title":"Trust Center | FR - Criteo.com","description":"Nos pratiques en mati\u00e8re d'\u00e9thique publicitaire, de confidentialit\u00e9, de s\u00e9curit\u00e9 et d'int\u00e9grit\u00e9 commerciale.","robots":{"index":"index","follow":"follow","max-snippet":"max-snippet:-1","max-image-preview":"max-image-preview:large","max-video-preview":"max-video-preview:-1"},"canonical":"https:\/\/www.criteo.com\/fr\/trust-center\/","og_locale":"fr_FR","og_type":"article","og_title":"Trust Center | FR - Criteo.com","og_description":"Nos pratiques en mati\u00e8re d'\u00e9thique publicitaire, de confidentialit\u00e9, de s\u00e9curit\u00e9 et d'int\u00e9grit\u00e9 commerciale.","og_url":"https:\/\/www.criteo.com\/fr\/trust-center\/","og_site_name":"FR - Criteo.com","article_modified_time":"2026-03-25T17:00:54+00:00","twitter_card":"summary_large_image","schema":{"@context":"https:\/\/schema.org","@graph":[{"@type":"WebPage","@id":"https:\/\/www.criteo.com\/fr\/trust-center\/","url":"https:\/\/www.criteo.com\/fr\/trust-center\/","name":"Trust Center | FR - Criteo.com","isPartOf":{"@id":"https:\/\/www.criteo.com\/fr\/#website"},"datePublished":"2026-03-25T10:01:20+00:00","dateModified":"2026-03-25T17:00:54+00:00","description":"Nos pratiques en mati\u00e8re d'\u00e9thique publicitaire, de confidentialit\u00e9, de s\u00e9curit\u00e9 et d'int\u00e9grit\u00e9 commerciale.","breadcrumb":{"@id":"https:\/\/www.criteo.com\/fr\/trust-center\/#breadcrumb"},"inLanguage":"fr-FR","potentialAction":[{"@type":"ReadAction","target":["https:\/\/www.criteo.com\/fr\/trust-center\/"]}]},{"@type":"BreadcrumbList","@id":"https:\/\/www.criteo.com\/fr\/trust-center\/#breadcrumb","itemListElement":[{"@type":"ListItem","position":1,"name":"Home","item":"https:\/\/www.criteo.com\/fr\/"},{"@type":"ListItem","position":2,"name":"Trust Center"}]},{"@type":"WebSite","@id":"https:\/\/www.criteo.com\/fr\/#website","url":"https:\/\/www.criteo.com\/fr\/","name":"FR - Criteo.com","description":"","publisher":{"@id":"https:\/\/www.criteo.com\/fr\/#organization"},"potentialAction":[{"@type":"SearchAction","target":{"@type":"EntryPoint","urlTemplate":"https:\/\/www.criteo.com\/fr\/?s={search_term_string}"},"query-input":{"@type":"PropertyValueSpecification","valueRequired":true,"valueName":"search_term_string"}}],"inLanguage":"fr-FR"},{"@type":"Organization","@id":"https:\/\/www.criteo.com\/fr\/#organization","name":"Criteo","alternateName":"Criteo corp","url":"https:\/\/www.criteo.com\/fr\/","logo":{"@type":"ImageObject","inLanguage":"fr-FR","@id":"https:\/\/www.criteo.com\/fr\/#\/schema\/logo\/image\/","url":"https:\/\/www.criteo.com\/fr\/wp-content\/uploads\/sites\/4\/2024\/02\/Criteo-Logo.svg","contentUrl":"https:\/\/www.criteo.com\/fr\/wp-content\/uploads\/sites\/4\/2024\/02\/Criteo-Logo.svg","width":118,"height":24,"caption":"Criteo"},"image":{"@id":"https:\/\/www.criteo.com\/fr\/#\/schema\/logo\/image\/"}}]}},"_links":{"self":[{"href":"https:\/\/www.criteo.com\/fr\/wp-json\/wp\/v2\/pages\/21150","targetHints":{"allow":["GET"]}}],"collection":[{"href":"https:\/\/www.criteo.com\/fr\/wp-json\/wp\/v2\/pages"}],"about":[{"href":"https:\/\/www.criteo.com\/fr\/wp-json\/wp\/v2\/types\/page"}],"author":[{"embeddable":true,"href":"https:\/\/www.criteo.com\/fr\/wp-json\/wp\/v2\/users\/9"}],"replies":[{"embeddable":true,"href":"https:\/\/www.criteo.com\/fr\/wp-json\/wp\/v2\/comments?post=21150"}],"version-history":[{"count":3,"href":"https:\/\/www.criteo.com\/fr\/wp-json\/wp\/v2\/pages\/21150\/revisions"}],"predecessor-version":[{"id":21233,"href":"https:\/\/www.criteo.com\/fr\/wp-json\/wp\/v2\/pages\/21150\/revisions\/21233"}],"wp:attachment":[{"href":"https:\/\/www.criteo.com\/fr\/wp-json\/wp\/v2\/media?parent=21150"}],"wp:term":[{"taxonomy":"author","embeddable":true,"href":"https:\/\/www.criteo.com\/fr\/wp-json\/wp\/v2\/coauthors?post=21150"}],"curies":[{"name":"wp","href":"https:\/\/api.w.org\/{rel}","templated":true}]}}