{"id":21228,"date":"2026-03-25T12:49:13","date_gmt":"2026-03-25T12:49:13","guid":{"rendered":"https:\/\/www.criteo.com\/?page_id=416620"},"modified":"2026-03-25T16:59:29","modified_gmt":"2026-03-25T16:59:29","slug":"business-integrity","status":"publish","type":"page","link":"https:\/\/www.criteo.com\/fr\/trust-center\/business-integrity\/","title":{"rendered":"Business Integrity"},"content":{"rendered":"","protected":false},"excerpt":{"rendered":"","protected":false},"author":9,"featured_media":0,"parent":21150,"menu_order":0,"comment_status":"closed","ping_status":"closed","template":"page-templates\/pageModular2020.php","meta":{"_acf_changed":false,"footnotes":""},"coauthors":[556],"class_list":["post-21228","page","type-page","status-publish"],"acf":{"track_page_in_segment":false,"segment_page_name":"","remove_header":false,"add_password_protected_layout":false,"layouts":[{"acf_fc_layout":"customer_segments_hero_2025","customer_segments_hero_2025":{"caption":"Business Integrity","title_subtitle":"<h1>Notre engagement en faveur de l&rsquo;int\u00e9grit\u00e9 commerciale<\/h1>\n<p>Nous avons gagn\u00e9 la confiance de nos clients, partenaires et utilisateurs \u00e0 travers le monde. Cette confiance repose non seulement sur notre excellence technique, mais aussi sur notre fa\u00e7on de mener nos activit\u00e9s, avec int\u00e9grit\u00e9, transparence et responsabilit\u00e9.<\/p>\n","logos_title":"","logos":false,"hero_right_image":{"ID":21229,"id":21229,"title":"business-integrity-hero","filename":"business-integrity-hero.png","filesize":201347,"url":"https:\/\/www.criteo.com\/fr\/wp-content\/uploads\/sites\/4\/2026\/03\/business-integrity-hero.png","link":"https:\/\/www.criteo.com\/fr\/trust-center\/business-integrity\/business-integrity-hero\/","alt":"","author":"9","description":"","caption":"","name":"business-integrity-hero","status":"inherit","uploaded_to":21228,"date":"2026-03-25 16:43:59","modified":"2026-03-25 16:52:07","menu_order":0,"mime_type":"image\/png","type":"image","subtype":"png","icon":"https:\/\/www.criteo.com\/fr\/wp-includes\/images\/media\/default.png","width":1378,"height":937,"sizes":{"thumbnail":"https:\/\/www.criteo.com\/fr\/wp-content\/uploads\/sites\/4\/2026\/03\/business-integrity-hero-150x150.png","thumbnail-width":150,"thumbnail-height":150,"medium":"https:\/\/www.criteo.com\/fr\/wp-content\/uploads\/sites\/4\/2026\/03\/business-integrity-hero-300x204.png","medium-width":300,"medium-height":204,"medium_large":"https:\/\/www.criteo.com\/fr\/wp-content\/uploads\/sites\/4\/2026\/03\/business-integrity-hero-768x522.png","medium_large-width":640,"medium_large-height":435,"large":"https:\/\/www.criteo.com\/fr\/wp-content\/uploads\/sites\/4\/2026\/03\/business-integrity-hero-1024x696.png","large-width":640,"large-height":435,"1536x1536":"https:\/\/www.criteo.com\/fr\/wp-content\/uploads\/sites\/4\/2026\/03\/business-integrity-hero.png","1536x1536-width":1378,"1536x1536-height":937,"2048x2048":"https:\/\/www.criteo.com\/fr\/wp-content\/uploads\/sites\/4\/2026\/03\/business-integrity-hero.png","2048x2048-width":1378,"2048x2048-height":937,"success-story":"https:\/\/www.criteo.com\/fr\/wp-content\/uploads\/sites\/4\/2026\/03\/business-integrity-hero-630x428.png","success-story-width":630,"success-story-height":428,"profile_24":"https:\/\/www.criteo.com\/fr\/wp-content\/uploads\/sites\/4\/2026\/03\/business-integrity-hero-24x24.png","profile_24-width":24,"profile_24-height":24,"profile_48":"https:\/\/www.criteo.com\/fr\/wp-content\/uploads\/sites\/4\/2026\/03\/business-integrity-hero-48x48.png","profile_48-width":48,"profile_48-height":48,"profile_96":"https:\/\/www.criteo.com\/fr\/wp-content\/uploads\/sites\/4\/2026\/03\/business-integrity-hero-96x96.png","profile_96-width":96,"profile_96-height":96,"profile_150":"https:\/\/www.criteo.com\/fr\/wp-content\/uploads\/sites\/4\/2026\/03\/business-integrity-hero-150x150.png","profile_150-width":150,"profile_150-height":150,"profile_300":"https:\/\/www.criteo.com\/fr\/wp-content\/uploads\/sites\/4\/2026\/03\/business-integrity-hero-300x300.png","profile_300-width":300,"profile_300-height":300}},"background_gradient":"C-growth","cta_button":{"type":"external","text":"","link_internal":null,"link_media":false,"link_external":"","link_embed":"","link_email":"","email_subject":"","page_element_id":"","variant":"light","ai_variant":"gradient-border","icon":"thin-arrow-right","ai_icon":"none","new_window":[],"track_button":false,"button_location":false,"event_type":false,"button_classes":"","button_message":""},"additional_buttons":false}},{"acf_fc_layout":"info_boxes_2025","info_boxes_2025":{"title":"Les valeurs qui nous guident","subtitle":"Chez Criteo, l'int\u00e9grit\u00e9 commerciale est une responsabilit\u00e9 partag\u00e9e, ancr\u00e9e dans nos valeurs, soutenue par notre direction et int\u00e9gr\u00e9e dans nos actions quotidiennes.","add_labels":false,"info_boxes":[{"label":"","title":"Normes et conduite \u00e9thiques","description":"De la lutte contre la corruption au traitement responsable des donn\u00e9es, notre  <a href=\"https:\/\/www.criteo.com\/wp-content\/uploads\/2025\/12\/Criteo-Code-of-Business-Conduct-and-Ethics_Branding-version-29-July-2022-3.pdf\"    target=\"_blank\"     rel=\"noopener noreferrer\">    Code de conduite et d'\u00e9thique professionnelle<\/a> fournit des directives claires pour une prise de d\u00e9cision \u00e9thique.","optional_link":null},{"label":"","title":"L'int\u00e9grit\u00e9 dans les actions quotidiennes","description":"Nous encourageons les comportements \u00e9thiques gr\u00e2ce \u00e0 des politiques, des contr\u00f4les et des formations con\u00e7us pour aider les collaborateurs \u00e0 identifier et \u00e0 g\u00e9rer les risques li\u00e9s \u00e0 l'int\u00e9grit\u00e9 dans leur travail quotidien.","optional_link":null},{"label":"","title":"Responsabilit\u00e9 partag\u00e9e","description":"L'int\u00e9grit\u00e9 va au-del\u00e0 de nos propres activit\u00e9s. Nous attendons de nos fournisseurs, partenaires et autres tiers qu'ils adoptent un comportement \u00e9thique conforme \u00e0 <a href=\"https:\/\/criteo.investorroom.com\/download\/CRITEO_Third+Party+Code+of+Conduct_FINAL_23+FEB+2022.pdf\"    target=\"_blank\"     rel=\"noopener noreferrer\">    nos valeurs et exigences<\/a>.","optional_link":null},{"label":"","title":"S'exprimer sans crainte","description":"Nous encourageons et prot\u00e9geons les collaborateurs et les parties prenantes externes qui souhaitent s'exprimer.  <a href=\"https:\/\/www.whistleblowerservices.com\/crto\"    target=\"_blank\"     rel=\"noopener noreferrer\">Des canaux s\u00e9curis\u00e9s et confidentiels sont disponibles<\/a> \u00e0 cet effet, et nous nous engageons \u00e0 ce que personne ne subisse de repr\u00e9sailles pour avoir signal\u00e9 un probl\u00e8me de bonne foi.","optional_link":null}]}},{"acf_fc_layout":"text_only_2025","text_only_2025":{"caption":"","title":"","description":"","text":"<h3 style=\"text-align: center;\"><em>\u00ab La confiance et l&rsquo;int\u00e9grit\u00e9 guident toutes nos actions. \u00bb<\/em><\/h3>\n<p style=\"text-align: center;\">\u2013Michael Komasinski, Chief Executive Officer<\/p>\n<h3 style=\"text-align: center;\">\u00a0<img loading=\"lazy\" decoding=\"async\" class=\"alignnone wp-image-413951\" src=\"https:\/\/www.criteo.com\/wp-content\/uploads\/2025\/06\/michael-komasinski-square-1.png\" alt=\"\" width=\"106\" height=\"106\" \/><\/h3>\n"}},{"acf_fc_layout":"cta_block_2025","cta_block_2025":{"style":"v1","color_scheme":"dark_blue","color_scheme_2":"dark_blue","subtitle":"<h3>En savoir plus sur notre engagement en faveur d&rsquo;une activit\u00e9 responsable<\/h3>\n<p>D\u00e9couvrez notre gouvernance, nos politiques et nos engagements publics.<\/p>\n","link":{"title":"Visitez notre espace investisseurs","url":"https:\/\/criteo.investorroom.com\/","target":"_blank"}}},{"acf_fc_layout":"text_only_2025","text_only_2025":{"caption":"","title":"","description":"","text":"<p><img loading=\"lazy\" decoding=\"async\" class=\"wp-image-417828 aligncenter\" src=\"https:\/\/www.criteo.com\/wp-content\/uploads\/2026\/03\/UNGC_Logo-removebg-preview.png\" alt=\"\" width=\"177\" height=\"176\" \/><\/p>\n<h3 style=\"text-align: center;\">Promouvoir la responsabilit\u00e9 mondiale<\/h3>\n<p style=\"text-align: center;\">Nous adh\u00e9rons \u00e0 l&rsquo;initiative de responsabilit\u00e9 sociale des entreprises du Pacte mondial des Nations Unies et \u00e0 ses principes dans les domaines des droits humains, du travail, de l&rsquo;environnement et de la lutte contre la corruption.<\/p>\n"}}],"additional_code":"","use_transparent_header":true,"remove_footer":false,"use_transparent_header_dark_menus":false,"use_transparent_header_normal":false,"background_color_modular":"neutral gray","remove_from_internal_search":false,"strip_the_header":false,"header_buttons_override":[{"button":{"type":"internal","text":"","link_internal":"0","link_media":false,"link_external":"","link_embed":"","link_email":"","email_subject":"","page_element_id":"","variant":"default","ai_variant":"gradient-border","icon":"none","ai_icon":"none","new_window":[],"track_button":false,"button_location":false,"event_type":false,"button_classes":"","button_message":""}},{"button":{"type":"internal","text":"","link_internal":"0","link_media":false,"link_external":"","link_embed":"","link_email":"","email_subject":"","page_element_id":"","variant":"default","ai_variant":"gradient-border","icon":"none","ai_icon":"none","new_window":[],"track_button":false,"button_location":false,"event_type":false,"button_classes":"","button_message":""}},{"button":{"type":"internal","text":"","link_internal":"0","link_media":false,"link_external":"","link_embed":"","link_email":"","email_subject":"","page_element_id":"","variant":"default","ai_variant":"gradient-border","icon":"none","ai_icon":"none","new_window":[],"track_button":false,"button_location":false,"event_type":false,"button_classes":"","button_message":""}}],"override_buttons":false,"enable_slide-in":false},"yoast_head":"<!-- This site is optimized with the Yoast SEO plugin v26.4 - https:\/\/yoast.com\/wordpress\/plugins\/seo\/ -->\n<title>Int\u00e9grit\u00e9 commerciale | FR - Criteo.com<\/title>\n<meta name=\"description\" content=\"D\u00e9couvrez notre engagement en faveur de l&#039;int\u00e9grit\u00e9 commerciale, des pratiques responsables et de la gouvernance \u00e9thique.\" \/>\n<meta name=\"robots\" content=\"index, follow, max-snippet:-1, max-image-preview:large, max-video-preview:-1\" \/>\n<link rel=\"canonical\" href=\"https:\/\/www.criteo.com\/fr\/trust-center\/business-integrity\/\" \/>\n<meta property=\"og:locale\" content=\"fr_FR\" \/>\n<meta property=\"og:type\" content=\"article\" \/>\n<meta property=\"og:title\" content=\"Int\u00e9grit\u00e9 commerciale | FR - Criteo.com\" \/>\n<meta property=\"og:description\" content=\"D\u00e9couvrez notre engagement en faveur de l&#039;int\u00e9grit\u00e9 commerciale, des pratiques responsables et de la gouvernance \u00e9thique.\" \/>\n<meta property=\"og:url\" content=\"https:\/\/www.criteo.com\/fr\/trust-center\/business-integrity\/\" \/>\n<meta property=\"og:site_name\" content=\"FR - Criteo.com\" \/>\n<meta property=\"article:modified_time\" content=\"2026-03-25T16:59:29+00:00\" \/>\n<meta name=\"twitter:card\" content=\"summary_large_image\" \/>\n<script type=\"application\/ld+json\" class=\"yoast-schema-graph\">{\n\t    \"@context\": \"https:\/\/schema.org\",\n\t    \"@graph\": [\n\t        {\n\t            \"@type\": \"WebPage\",\n\t            \"@id\": \"https:\/\/www.criteo.com\/fr\/trust-center\/business-integrity\/\",\n\t            \"url\": \"https:\/\/www.criteo.com\/fr\/trust-center\/business-integrity\/\",\n\t            \"name\": \"Int\u00e9grit\u00e9 commerciale | FR - Criteo.com\",\n\t            \"isPartOf\": {\n\t                \"@id\": \"https:\/\/www.criteo.com\/fr\/#website\"\n\t            },\n\t            \"datePublished\": \"2026-03-25T12:49:13+00:00\",\n\t            \"dateModified\": \"2026-03-25T16:59:29+00:00\",\n\t            \"description\": \"D\u00e9couvrez notre engagement en faveur de l'int\u00e9grit\u00e9 commerciale, des pratiques responsables et de la gouvernance \u00e9thique.\",\n\t            \"breadcrumb\": {\n\t                \"@id\": \"https:\/\/www.criteo.com\/fr\/trust-center\/business-integrity\/#breadcrumb\"\n\t            },\n\t            \"inLanguage\": \"fr-FR\",\n\t            \"potentialAction\": [\n\t                {\n\t                    \"@type\": \"ReadAction\",\n\t                    \"target\": [\n\t                        \"https:\/\/www.criteo.com\/fr\/trust-center\/business-integrity\/\"\n\t                    ]\n\t                }\n\t            ]\n\t        },\n\t        {\n\t            \"@type\": \"BreadcrumbList\",\n\t            \"@id\": \"https:\/\/www.criteo.com\/fr\/trust-center\/business-integrity\/#breadcrumb\",\n\t            \"itemListElement\": [\n\t                {\n\t                    \"@type\": \"ListItem\",\n\t                    \"position\": 1,\n\t                    \"name\": \"Home\",\n\t                    \"item\": \"https:\/\/www.criteo.com\/fr\/\"\n\t                },\n\t                {\n\t                    \"@type\": \"ListItem\",\n\t                    \"position\": 2,\n\t                    \"name\": \"Trust Center\",\n\t                    \"item\": \"https:\/\/www.criteo.com\/fr\/trust-center\/\"\n\t                },\n\t                {\n\t                    \"@type\": \"ListItem\",\n\t                    \"position\": 3,\n\t                    \"name\": \"Business Integrity\"\n\t                }\n\t            ]\n\t        },\n\t        {\n\t            \"@type\": \"WebSite\",\n\t            \"@id\": \"https:\/\/www.criteo.com\/fr\/#website\",\n\t            \"url\": \"https:\/\/www.criteo.com\/fr\/\",\n\t            \"name\": \"FR - Criteo.com\",\n\t            \"description\": \"\",\n\t            \"publisher\": {\n\t                \"@id\": \"https:\/\/www.criteo.com\/fr\/#organization\"\n\t            },\n\t            \"potentialAction\": [\n\t                {\n\t                    \"@type\": \"SearchAction\",\n\t                    \"target\": {\n\t                        \"@type\": \"EntryPoint\",\n\t                        \"urlTemplate\": \"https:\/\/www.criteo.com\/fr\/?s={search_term_string}\"\n\t                    },\n\t                    \"query-input\": {\n\t                        \"@type\": \"PropertyValueSpecification\",\n\t                        \"valueRequired\": true,\n\t                        \"valueName\": \"search_term_string\"\n\t                    }\n\t                }\n\t            ],\n\t            \"inLanguage\": \"fr-FR\"\n\t        },\n\t        {\n\t            \"@type\": \"Organization\",\n\t            \"@id\": \"https:\/\/www.criteo.com\/fr\/#organization\",\n\t            \"name\": \"Criteo\",\n\t            \"alternateName\": \"Criteo corp\",\n\t            \"url\": \"https:\/\/www.criteo.com\/fr\/\",\n\t            \"logo\": {\n\t                \"@type\": \"ImageObject\",\n\t                \"inLanguage\": \"fr-FR\",\n\t                \"@id\": \"https:\/\/www.criteo.com\/fr\/#\/schema\/logo\/image\/\",\n\t                \"url\": \"https:\/\/www.criteo.com\/fr\/wp-content\/uploads\/sites\/4\/2024\/02\/Criteo-Logo.svg\",\n\t                \"contentUrl\": \"https:\/\/www.criteo.com\/fr\/wp-content\/uploads\/sites\/4\/2024\/02\/Criteo-Logo.svg\",\n\t                \"width\": 118,\n\t                \"height\": 24,\n\t                \"caption\": \"Criteo\"\n\t            },\n\t            \"image\": {\n\t                \"@id\": \"https:\/\/www.criteo.com\/fr\/#\/schema\/logo\/image\/\"\n\t            }\n\t        }\n\t    ]\n\t}<\/script>\n<!-- \/ Yoast SEO plugin. -->","yoast_head_json":{"title":"Int\u00e9grit\u00e9 commerciale | FR - Criteo.com","description":"D\u00e9couvrez notre engagement en faveur de l'int\u00e9grit\u00e9 commerciale, des pratiques responsables et de la gouvernance \u00e9thique.","robots":{"index":"index","follow":"follow","max-snippet":"max-snippet:-1","max-image-preview":"max-image-preview:large","max-video-preview":"max-video-preview:-1"},"canonical":"https:\/\/www.criteo.com\/fr\/trust-center\/business-integrity\/","og_locale":"fr_FR","og_type":"article","og_title":"Int\u00e9grit\u00e9 commerciale | FR - Criteo.com","og_description":"D\u00e9couvrez notre engagement en faveur de l'int\u00e9grit\u00e9 commerciale, des pratiques responsables et de la gouvernance \u00e9thique.","og_url":"https:\/\/www.criteo.com\/fr\/trust-center\/business-integrity\/","og_site_name":"FR - Criteo.com","article_modified_time":"2026-03-25T16:59:29+00:00","twitter_card":"summary_large_image","schema":{"@context":"https:\/\/schema.org","@graph":[{"@type":"WebPage","@id":"https:\/\/www.criteo.com\/fr\/trust-center\/business-integrity\/","url":"https:\/\/www.criteo.com\/fr\/trust-center\/business-integrity\/","name":"Int\u00e9grit\u00e9 commerciale | FR - Criteo.com","isPartOf":{"@id":"https:\/\/www.criteo.com\/fr\/#website"},"datePublished":"2026-03-25T12:49:13+00:00","dateModified":"2026-03-25T16:59:29+00:00","description":"D\u00e9couvrez notre engagement en faveur de l'int\u00e9grit\u00e9 commerciale, des pratiques responsables et de la gouvernance \u00e9thique.","breadcrumb":{"@id":"https:\/\/www.criteo.com\/fr\/trust-center\/business-integrity\/#breadcrumb"},"inLanguage":"fr-FR","potentialAction":[{"@type":"ReadAction","target":["https:\/\/www.criteo.com\/fr\/trust-center\/business-integrity\/"]}]},{"@type":"BreadcrumbList","@id":"https:\/\/www.criteo.com\/fr\/trust-center\/business-integrity\/#breadcrumb","itemListElement":[{"@type":"ListItem","position":1,"name":"Home","item":"https:\/\/www.criteo.com\/fr\/"},{"@type":"ListItem","position":2,"name":"Trust Center","item":"https:\/\/www.criteo.com\/fr\/trust-center\/"},{"@type":"ListItem","position":3,"name":"Business Integrity"}]},{"@type":"WebSite","@id":"https:\/\/www.criteo.com\/fr\/#website","url":"https:\/\/www.criteo.com\/fr\/","name":"FR - Criteo.com","description":"","publisher":{"@id":"https:\/\/www.criteo.com\/fr\/#organization"},"potentialAction":[{"@type":"SearchAction","target":{"@type":"EntryPoint","urlTemplate":"https:\/\/www.criteo.com\/fr\/?s={search_term_string}"},"query-input":{"@type":"PropertyValueSpecification","valueRequired":true,"valueName":"search_term_string"}}],"inLanguage":"fr-FR"},{"@type":"Organization","@id":"https:\/\/www.criteo.com\/fr\/#organization","name":"Criteo","alternateName":"Criteo corp","url":"https:\/\/www.criteo.com\/fr\/","logo":{"@type":"ImageObject","inLanguage":"fr-FR","@id":"https:\/\/www.criteo.com\/fr\/#\/schema\/logo\/image\/","url":"https:\/\/www.criteo.com\/fr\/wp-content\/uploads\/sites\/4\/2024\/02\/Criteo-Logo.svg","contentUrl":"https:\/\/www.criteo.com\/fr\/wp-content\/uploads\/sites\/4\/2024\/02\/Criteo-Logo.svg","width":118,"height":24,"caption":"Criteo"},"image":{"@id":"https:\/\/www.criteo.com\/fr\/#\/schema\/logo\/image\/"}}]}},"_links":{"self":[{"href":"https:\/\/www.criteo.com\/fr\/wp-json\/wp\/v2\/pages\/21228","targetHints":{"allow":["GET"]}}],"collection":[{"href":"https:\/\/www.criteo.com\/fr\/wp-json\/wp\/v2\/pages"}],"about":[{"href":"https:\/\/www.criteo.com\/fr\/wp-json\/wp\/v2\/types\/page"}],"author":[{"embeddable":true,"href":"https:\/\/www.criteo.com\/fr\/wp-json\/wp\/v2\/users\/9"}],"replies":[{"embeddable":true,"href":"https:\/\/www.criteo.com\/fr\/wp-json\/wp\/v2\/comments?post=21228"}],"version-history":[{"count":3,"href":"https:\/\/www.criteo.com\/fr\/wp-json\/wp\/v2\/pages\/21228\/revisions"}],"predecessor-version":[{"id":21232,"href":"https:\/\/www.criteo.com\/fr\/wp-json\/wp\/v2\/pages\/21228\/revisions\/21232"}],"up":[{"embeddable":true,"href":"https:\/\/www.criteo.com\/fr\/wp-json\/wp\/v2\/pages\/21150"}],"wp:attachment":[{"href":"https:\/\/www.criteo.com\/fr\/wp-json\/wp\/v2\/media?parent=21228"}],"wp:term":[{"taxonomy":"author","embeddable":true,"href":"https:\/\/www.criteo.com\/fr\/wp-json\/wp\/v2\/coauthors?post=21228"}],"curies":[{"name":"wp","href":"https:\/\/api.w.org\/{rel}","templated":true}]}}